{"id":48754,"date":"2024-04-03T17:13:33","date_gmt":"2024-04-03T15:13:33","guid":{"rendered":"https:\/\/www.bzsolutions.ch\/produkt\/machine-smith\/"},"modified":"2024-04-03T17:13:33","modified_gmt":"2024-04-03T15:13:33","slug":"machine-smith","status":"publish","type":"product","link":"https:\/\/www.bzsolutions.ch\/fr\/produkt\/machine-smith\/","title":{"rendered":"MACHINE SMITH"},"content":{"rendered":"<p>01. PR\u00c9CISION ET S\u00c9CURIT\u00c9 : La Smith Machine, avec ses positions de d\u00e9part r\u00e9glables et ses arr\u00eats de s\u00e9curit\u00e9 int\u00e9gr\u00e9s, offre une exp\u00e9rience d&#8217;entra\u00eenement sur mesure et s\u00fbre. Id\u00e9al pour une grande vari\u00e9t\u00e9 d&#8217;exercices, il permet aux utilisateurs de s&#8217;entra\u00eener en toute confiance tout en minimisant le risque de blessure.<\/p>\n<p>DESIGN ERGONOMIQUE : Une barre \u00e9quilibr\u00e9e et mont\u00e9e de mani\u00e8re lin\u00e9aire avec seulement 10 livres de r\u00e9sistance au d\u00e9marrage et un angle de 7 degr\u00e9s garantit un mouvement correct lors des pouss\u00e9es et des flexions. Cela favorise une ex\u00e9cution efficace et adapt\u00e9e au corps de chaque exercice.<\/p>\n<p>03. DURABILIT\u00c9 DURABLE : Gr\u00e2ce \u00e0 l&#8217;utilisation de tubes d&#8217;acier \u00e9pais d\u00e9coup\u00e9s au plasma et d&#8217;un rev\u00eatement brillant \u00e0 double couche, la Smith Machine se distingue par sa robustesse et sa long\u00e9vit\u00e9. Un si\u00e8ge facilement r\u00e9glable avec m\u00e9canisme de verrouillage et un rev\u00eatement en similicuir r\u00e9sistant contribuent \u00e0 en faire un outil d&#8217;entra\u00eenement confortable et durable.<\/p>\n","protected":false},"excerpt":{"rendered":"<p>Am\u00e9liorez votre entra\u00eenement de musculation avec la Smith Machine, id\u00e9ale pour des lev\u00e9es de poids pr\u00e9cises et s\u00fbres gr\u00e2ce aux positions de d\u00e9part r\u00e9glables et aux arr\u00eats de s\u00e9curit\u00e9. La barre \u00e9quilibr\u00e9e \u00e0 suspension lin\u00e9aire, avec seulement 10 livres de r\u00e9sistance au d\u00e9part et un angle de 7 degr\u00e9s, favorise un mouvement naturel pour les exercices de pouss\u00e9e et de flexion des genoux.<\/p>\n","protected":false},"featured_media":47953,"template":"","meta":{"inline_featured_image":false},"product_brand":[],"product_cat":[814,827,805,804],"product_tag":[828,808],"class_list":{"0":"post-48754","1":"product","2":"type-product","3":"status-publish","4":"has-post-thumbnail","6":"product_cat-appareils-de-musculation","7":"product_cat-banc-de-musculation","8":"product_cat-drax-fr","9":"product_cat-fournisseur","10":"product_tag-banc-de-musculation","11":"product_tag-drax-fr","12":"pa_breite-2215-mm-fr","13":"pa_gewicht-160-kg-fr","14":"pa_hoehe-2240-mm-fr","15":"pa_laenge-1267-mm-fr","16":"pa_max-belastung-240-kg-fr","18":"first","19":"instock","20":"product-type-simple"},"yoast_head":"<!-- This site is optimized with the Yoast SEO plugin v23.8 - https:\/\/yoast.com\/wordpress\/plugins\/seo\/ -->\n<title>MACHINE SMITH - BZ Solutions<\/title>\n<meta name=\"robots\" content=\"index, follow, max-snippet:-1, max-image-preview:large, max-video-preview:-1\" \/>\n<link rel=\"canonical\" href=\"https:\/\/www.bzsolutions.ch\/fr\/produkt\/machine-smith\/\" \/>\n<meta property=\"og:locale\" content=\"fr_FR\" \/>\n<meta property=\"og:type\" content=\"article\" \/>\n<meta property=\"og:title\" content=\"MACHINE SMITH - BZ Solutions\" \/>\n<meta property=\"og:description\" content=\"Am\u00e9liorez votre entra\u00eenement de musculation avec la Smith Machine, id\u00e9ale pour des lev\u00e9es de poids pr\u00e9cises et s\u00fbres gr\u00e2ce aux positions de d\u00e9part r\u00e9glables et aux arr\u00eats de s\u00e9curit\u00e9. La barre \u00e9quilibr\u00e9e \u00e0 suspension lin\u00e9aire, avec seulement 10 livres de r\u00e9sistance au d\u00e9part et un angle de 7 degr\u00e9s, favorise un mouvement naturel pour les exercices de pouss\u00e9e et de flexion des genoux.\" \/>\n<meta property=\"og:url\" content=\"https:\/\/www.bzsolutions.ch\/fr\/produkt\/machine-smith\/\" \/>\n<meta property=\"og:site_name\" content=\"BZ Solutions\" \/>\n<meta property=\"og:image\" content=\"https:\/\/www.bzsolutions.ch\/wp-content\/uploads\/2024\/04\/Drax_Smith_Machine.png\" \/>\n\t<meta property=\"og:image:width\" content=\"1000\" \/>\n\t<meta property=\"og:image:height\" content=\"1000\" \/>\n\t<meta property=\"og:image:type\" content=\"image\/png\" \/>\n<meta name=\"twitter:card\" content=\"summary_large_image\" \/>\n<meta name=\"twitter:label1\" content=\"Dur\u00e9e de lecture estim\u00e9e\" \/>\n\t<meta name=\"twitter:data1\" content=\"1 minute\" \/>\n<script type=\"application\/ld+json\" class=\"yoast-schema-graph\">{\"@context\":\"https:\/\/schema.org\",\"@graph\":[{\"@type\":\"WebPage\",\"@id\":\"https:\/\/www.bzsolutions.ch\/fr\/produkt\/machine-smith\/\",\"url\":\"https:\/\/www.bzsolutions.ch\/fr\/produkt\/machine-smith\/\",\"name\":\"MACHINE SMITH - BZ Solutions\",\"isPartOf\":{\"@id\":\"https:\/\/www.bzsolutions.ch\/fr\/#website\"},\"primaryImageOfPage\":{\"@id\":\"https:\/\/www.bzsolutions.ch\/fr\/produkt\/machine-smith\/#primaryimage\"},\"image\":{\"@id\":\"https:\/\/www.bzsolutions.ch\/fr\/produkt\/machine-smith\/#primaryimage\"},\"thumbnailUrl\":\"https:\/\/www.bzsolutions.ch\/wp-content\/uploads\/2024\/04\/Drax_Smith_Machine.png\",\"datePublished\":\"2024-04-03T15:13:33+00:00\",\"dateModified\":\"2024-04-03T15:13:33+00:00\",\"breadcrumb\":{\"@id\":\"https:\/\/www.bzsolutions.ch\/fr\/produkt\/machine-smith\/#breadcrumb\"},\"inLanguage\":\"fr-FR\",\"potentialAction\":[{\"@type\":\"ReadAction\",\"target\":[\"https:\/\/www.bzsolutions.ch\/fr\/produkt\/machine-smith\/\"]}]},{\"@type\":\"ImageObject\",\"inLanguage\":\"fr-FR\",\"@id\":\"https:\/\/www.bzsolutions.ch\/fr\/produkt\/machine-smith\/#primaryimage\",\"url\":\"https:\/\/www.bzsolutions.ch\/wp-content\/uploads\/2024\/04\/Drax_Smith_Machine.png\",\"contentUrl\":\"https:\/\/www.bzsolutions.ch\/wp-content\/uploads\/2024\/04\/Drax_Smith_Machine.png\",\"width\":1000,\"height\":1000},{\"@type\":\"BreadcrumbList\",\"@id\":\"https:\/\/www.bzsolutions.ch\/fr\/produkt\/machine-smith\/#breadcrumb\",\"itemListElement\":[{\"@type\":\"ListItem\",\"position\":1,\"name\":\"Startseite\",\"item\":\"https:\/\/www.bzsolutions.ch\/fr\/\"},{\"@type\":\"ListItem\",\"position\":2,\"name\":\"Shop\",\"item\":\"https:\/\/www.bzsolutions.ch\/shop\/\"},{\"@type\":\"ListItem\",\"position\":3,\"name\":\"MACHINE SMITH\"}]},{\"@type\":\"WebSite\",\"@id\":\"https:\/\/www.bzsolutions.ch\/fr\/#website\",\"url\":\"https:\/\/www.bzsolutions.ch\/fr\/\",\"name\":\"BZ Solutions\",\"description\":\"Total Fitness Solutions\",\"publisher\":{\"@id\":\"https:\/\/www.bzsolutions.ch\/fr\/#organization\"},\"potentialAction\":[{\"@type\":\"SearchAction\",\"target\":{\"@type\":\"EntryPoint\",\"urlTemplate\":\"https:\/\/www.bzsolutions.ch\/fr\/?s={search_term_string}\"},\"query-input\":{\"@type\":\"PropertyValueSpecification\",\"valueRequired\":true,\"valueName\":\"search_term_string\"}}],\"inLanguage\":\"fr-FR\"},{\"@type\":\"Organization\",\"@id\":\"https:\/\/www.bzsolutions.ch\/fr\/#organization\",\"name\":\"BZ Solutions\",\"url\":\"https:\/\/www.bzsolutions.ch\/fr\/\",\"logo\":{\"@type\":\"ImageObject\",\"inLanguage\":\"fr-FR\",\"@id\":\"https:\/\/www.bzsolutions.ch\/fr\/#\/schema\/logo\/image\/\",\"url\":\"https:\/\/www.bzsolutions.ch\/wp-content\/uploads\/2024\/03\/logo_bz-solutions.png\",\"contentUrl\":\"https:\/\/www.bzsolutions.ch\/wp-content\/uploads\/2024\/03\/logo_bz-solutions.png\",\"width\":600,\"height\":136,\"caption\":\"BZ Solutions\"},\"image\":{\"@id\":\"https:\/\/www.bzsolutions.ch\/fr\/#\/schema\/logo\/image\/\"}}]}<\/script>\n<!-- \/ Yoast SEO plugin. -->","yoast_head_json":{"title":"MACHINE SMITH - BZ Solutions","robots":{"index":"index","follow":"follow","max-snippet":"max-snippet:-1","max-image-preview":"max-image-preview:large","max-video-preview":"max-video-preview:-1"},"canonical":"https:\/\/www.bzsolutions.ch\/fr\/produkt\/machine-smith\/","og_locale":"fr_FR","og_type":"article","og_title":"MACHINE SMITH - BZ Solutions","og_description":"Am\u00e9liorez votre entra\u00eenement de musculation avec la Smith Machine, id\u00e9ale pour des lev\u00e9es de poids pr\u00e9cises et s\u00fbres gr\u00e2ce aux positions de d\u00e9part r\u00e9glables et aux arr\u00eats de s\u00e9curit\u00e9. La barre \u00e9quilibr\u00e9e \u00e0 suspension lin\u00e9aire, avec seulement 10 livres de r\u00e9sistance au d\u00e9part et un angle de 7 degr\u00e9s, favorise un mouvement naturel pour les exercices de pouss\u00e9e et de flexion des genoux.","og_url":"https:\/\/www.bzsolutions.ch\/fr\/produkt\/machine-smith\/","og_site_name":"BZ Solutions","og_image":[{"width":1000,"height":1000,"url":"https:\/\/www.bzsolutions.ch\/wp-content\/uploads\/2024\/04\/Drax_Smith_Machine.png","type":"image\/png"}],"twitter_card":"summary_large_image","twitter_misc":{"Dur\u00e9e de lecture estim\u00e9e":"1 minute"},"schema":{"@context":"https:\/\/schema.org","@graph":[{"@type":"WebPage","@id":"https:\/\/www.bzsolutions.ch\/fr\/produkt\/machine-smith\/","url":"https:\/\/www.bzsolutions.ch\/fr\/produkt\/machine-smith\/","name":"MACHINE SMITH - BZ Solutions","isPartOf":{"@id":"https:\/\/www.bzsolutions.ch\/fr\/#website"},"primaryImageOfPage":{"@id":"https:\/\/www.bzsolutions.ch\/fr\/produkt\/machine-smith\/#primaryimage"},"image":{"@id":"https:\/\/www.bzsolutions.ch\/fr\/produkt\/machine-smith\/#primaryimage"},"thumbnailUrl":"https:\/\/www.bzsolutions.ch\/wp-content\/uploads\/2024\/04\/Drax_Smith_Machine.png","datePublished":"2024-04-03T15:13:33+00:00","dateModified":"2024-04-03T15:13:33+00:00","breadcrumb":{"@id":"https:\/\/www.bzsolutions.ch\/fr\/produkt\/machine-smith\/#breadcrumb"},"inLanguage":"fr-FR","potentialAction":[{"@type":"ReadAction","target":["https:\/\/www.bzsolutions.ch\/fr\/produkt\/machine-smith\/"]}]},{"@type":"ImageObject","inLanguage":"fr-FR","@id":"https:\/\/www.bzsolutions.ch\/fr\/produkt\/machine-smith\/#primaryimage","url":"https:\/\/www.bzsolutions.ch\/wp-content\/uploads\/2024\/04\/Drax_Smith_Machine.png","contentUrl":"https:\/\/www.bzsolutions.ch\/wp-content\/uploads\/2024\/04\/Drax_Smith_Machine.png","width":1000,"height":1000},{"@type":"BreadcrumbList","@id":"https:\/\/www.bzsolutions.ch\/fr\/produkt\/machine-smith\/#breadcrumb","itemListElement":[{"@type":"ListItem","position":1,"name":"Startseite","item":"https:\/\/www.bzsolutions.ch\/fr\/"},{"@type":"ListItem","position":2,"name":"Shop","item":"https:\/\/www.bzsolutions.ch\/shop\/"},{"@type":"ListItem","position":3,"name":"MACHINE SMITH"}]},{"@type":"WebSite","@id":"https:\/\/www.bzsolutions.ch\/fr\/#website","url":"https:\/\/www.bzsolutions.ch\/fr\/","name":"BZ Solutions","description":"Total Fitness Solutions","publisher":{"@id":"https:\/\/www.bzsolutions.ch\/fr\/#organization"},"potentialAction":[{"@type":"SearchAction","target":{"@type":"EntryPoint","urlTemplate":"https:\/\/www.bzsolutions.ch\/fr\/?s={search_term_string}"},"query-input":{"@type":"PropertyValueSpecification","valueRequired":true,"valueName":"search_term_string"}}],"inLanguage":"fr-FR"},{"@type":"Organization","@id":"https:\/\/www.bzsolutions.ch\/fr\/#organization","name":"BZ Solutions","url":"https:\/\/www.bzsolutions.ch\/fr\/","logo":{"@type":"ImageObject","inLanguage":"fr-FR","@id":"https:\/\/www.bzsolutions.ch\/fr\/#\/schema\/logo\/image\/","url":"https:\/\/www.bzsolutions.ch\/wp-content\/uploads\/2024\/03\/logo_bz-solutions.png","contentUrl":"https:\/\/www.bzsolutions.ch\/wp-content\/uploads\/2024\/03\/logo_bz-solutions.png","width":600,"height":136,"caption":"BZ Solutions"},"image":{"@id":"https:\/\/www.bzsolutions.ch\/fr\/#\/schema\/logo\/image\/"}}]}},"_links":{"self":[{"href":"https:\/\/www.bzsolutions.ch\/fr\/wp-json\/wp\/v2\/product\/48754","targetHints":{"allow":["GET"]}}],"collection":[{"href":"https:\/\/www.bzsolutions.ch\/fr\/wp-json\/wp\/v2\/product"}],"about":[{"href":"https:\/\/www.bzsolutions.ch\/fr\/wp-json\/wp\/v2\/types\/product"}],"wp:featuredmedia":[{"embeddable":true,"href":"https:\/\/www.bzsolutions.ch\/fr\/wp-json\/wp\/v2\/media\/47953"}],"wp:attachment":[{"href":"https:\/\/www.bzsolutions.ch\/fr\/wp-json\/wp\/v2\/media?parent=48754"}],"wp:term":[{"taxonomy":"product_brand","embeddable":true,"href":"https:\/\/www.bzsolutions.ch\/fr\/wp-json\/wp\/v2\/product_brand?post=48754"},{"taxonomy":"product_cat","embeddable":true,"href":"https:\/\/www.bzsolutions.ch\/fr\/wp-json\/wp\/v2\/product_cat?post=48754"},{"taxonomy":"product_tag","embeddable":true,"href":"https:\/\/www.bzsolutions.ch\/fr\/wp-json\/wp\/v2\/product_tag?post=48754"}],"curies":[{"name":"wp","href":"https:\/\/api.w.org\/{rel}","templated":true}]}}