{"id":48757,"date":"2024-04-03T17:13:33","date_gmt":"2024-04-03T15:13:33","guid":{"rendered":"https:\/\/www.bzsolutions.ch\/produkt\/utility-bench\/"},"modified":"2024-04-03T17:13:33","modified_gmt":"2024-04-03T15:13:33","slug":"utility-bench","status":"publish","type":"product","link":"https:\/\/www.bzsolutions.ch\/fr\/produkt\/utility-bench\/","title":{"rendered":"UTILITY BENCH"},"content":{"rendered":"<p>01. POLYVALENCE ET DESIGN : L&#8217;UTILITY BENCH, avec son dossier inclin\u00e9 \u00e0 80 degr\u00e9s, offre une base solide pour une grande vari\u00e9t\u00e9 d&#8217;exercices. La peinture par poudrage assure non seulement une finition brillante et claire, mais aussi une durabilit\u00e9 et une r\u00e9sistance \u00e0 l&#8217;usure.<\/p>\n<p>02. ACCESSIBILIT\u00c9 ET CONFORT : Avec une base ouverte, ce banc est sp\u00e9cialement con\u00e7u pour un acc\u00e8s facile, ce qui en fait un \u00e9quipement indispensable pour toute salle de sport. La conception ergonomique favorise une ex\u00e9cution correcte des exercices tout en maximisant le confort de l&#8217;utilisateur.<\/p>\n<p>03. LONGUE DUREE ET QUALITE : UTILITY BENCH se caract\u00e9rise par une qualit\u00e9 de fabrication exceptionnelle, bas\u00e9e sur un tube d&#8217;acier \u00e9pais d\u00e9coup\u00e9 au plasma. Cela garantit une robustesse et une stabilit\u00e9 exceptionnelles, capables de r\u00e9sister aux conditions d&#8217;entra\u00eenement les plus exigeantes.<\/p>\n","protected":false},"excerpt":{"rendered":"<p>L&#8217;UTILITY BENCH est un banc de fitness polyvalent qui se distingue par sa robustesse et sa fonctionnalit\u00e9. Cet appareil d&#8217;entra\u00eenement de haute qualit\u00e9 est \u00e9quip\u00e9 d&#8217;un dossier inclin\u00e9 \u00e0 80 degr\u00e9s pour un soutien optimal et d&#8217;une base ouverte pour un acc\u00e8s facile.<\/p>\n","protected":false},"featured_media":47957,"template":"","meta":{"inline_featured_image":false},"product_brand":[],"product_cat":[814,827,805,804],"product_tag":[828,808],"class_list":{"0":"post-48757","1":"product","2":"type-product","3":"status-publish","4":"has-post-thumbnail","6":"product_cat-appareils-de-musculation","7":"product_cat-banc-de-musculation","8":"product_cat-drax-fr","9":"product_cat-fournisseur","10":"product_tag-banc-de-musculation","11":"product_tag-drax-fr","12":"pa_breite-660-mm-fr","13":"pa_gewicht-23-kg-fr","14":"pa_hoehe-898-mm-fr","15":"pa_laenge-890-mm-fr","17":"first","18":"instock","19":"product-type-simple"},"yoast_head":"<!-- This site is optimized with the Yoast SEO plugin v23.8 - https:\/\/yoast.com\/wordpress\/plugins\/seo\/ -->\n<title>UTILITY BENCH - BZ Solutions<\/title>\n<meta name=\"robots\" content=\"index, follow, max-snippet:-1, max-image-preview:large, max-video-preview:-1\" \/>\n<link rel=\"canonical\" href=\"https:\/\/www.bzsolutions.ch\/fr\/produkt\/utility-bench\/\" \/>\n<meta property=\"og:locale\" content=\"fr_FR\" \/>\n<meta property=\"og:type\" content=\"article\" \/>\n<meta property=\"og:title\" content=\"UTILITY BENCH - BZ Solutions\" \/>\n<meta property=\"og:description\" content=\"L&#039;UTILITY BENCH est un banc de fitness polyvalent qui se distingue par sa robustesse et sa fonctionnalit\u00e9. Cet appareil d&#039;entra\u00eenement de haute qualit\u00e9 est \u00e9quip\u00e9 d&#039;un dossier inclin\u00e9 \u00e0 80 degr\u00e9s pour un soutien optimal et d&#039;une base ouverte pour un acc\u00e8s facile.\" \/>\n<meta property=\"og:url\" content=\"https:\/\/www.bzsolutions.ch\/fr\/produkt\/utility-bench\/\" \/>\n<meta property=\"og:site_name\" content=\"BZ Solutions\" \/>\n<meta property=\"og:image\" content=\"https:\/\/www.bzsolutions.ch\/wp-content\/uploads\/2024\/04\/Drax_Utility_Bench.jpg\" \/>\n\t<meta property=\"og:image:width\" content=\"1500\" \/>\n\t<meta property=\"og:image:height\" content=\"1500\" \/>\n\t<meta property=\"og:image:type\" content=\"image\/webp\" \/>\n<meta name=\"twitter:card\" content=\"summary_large_image\" \/>\n<meta name=\"twitter:label1\" content=\"Dur\u00e9e de lecture estim\u00e9e\" \/>\n\t<meta name=\"twitter:data1\" content=\"1 minute\" \/>\n<script type=\"application\/ld+json\" class=\"yoast-schema-graph\">{\"@context\":\"https:\/\/schema.org\",\"@graph\":[{\"@type\":\"WebPage\",\"@id\":\"https:\/\/www.bzsolutions.ch\/fr\/produkt\/utility-bench\/\",\"url\":\"https:\/\/www.bzsolutions.ch\/fr\/produkt\/utility-bench\/\",\"name\":\"UTILITY BENCH - BZ Solutions\",\"isPartOf\":{\"@id\":\"https:\/\/www.bzsolutions.ch\/fr\/#website\"},\"primaryImageOfPage\":{\"@id\":\"https:\/\/www.bzsolutions.ch\/fr\/produkt\/utility-bench\/#primaryimage\"},\"image\":{\"@id\":\"https:\/\/www.bzsolutions.ch\/fr\/produkt\/utility-bench\/#primaryimage\"},\"thumbnailUrl\":\"https:\/\/www.bzsolutions.ch\/wp-content\/uploads\/2024\/04\/Drax_Utility_Bench.jpg\",\"datePublished\":\"2024-04-03T15:13:33+00:00\",\"dateModified\":\"2024-04-03T15:13:33+00:00\",\"breadcrumb\":{\"@id\":\"https:\/\/www.bzsolutions.ch\/fr\/produkt\/utility-bench\/#breadcrumb\"},\"inLanguage\":\"fr-FR\",\"potentialAction\":[{\"@type\":\"ReadAction\",\"target\":[\"https:\/\/www.bzsolutions.ch\/fr\/produkt\/utility-bench\/\"]}]},{\"@type\":\"ImageObject\",\"inLanguage\":\"fr-FR\",\"@id\":\"https:\/\/www.bzsolutions.ch\/fr\/produkt\/utility-bench\/#primaryimage\",\"url\":\"https:\/\/www.bzsolutions.ch\/wp-content\/uploads\/2024\/04\/Drax_Utility_Bench.jpg\",\"contentUrl\":\"https:\/\/www.bzsolutions.ch\/wp-content\/uploads\/2024\/04\/Drax_Utility_Bench.jpg\",\"width\":1500,\"height\":1500},{\"@type\":\"BreadcrumbList\",\"@id\":\"https:\/\/www.bzsolutions.ch\/fr\/produkt\/utility-bench\/#breadcrumb\",\"itemListElement\":[{\"@type\":\"ListItem\",\"position\":1,\"name\":\"Startseite\",\"item\":\"https:\/\/www.bzsolutions.ch\/fr\/\"},{\"@type\":\"ListItem\",\"position\":2,\"name\":\"Shop\",\"item\":\"https:\/\/www.bzsolutions.ch\/shop\/\"},{\"@type\":\"ListItem\",\"position\":3,\"name\":\"UTILITY BENCH\"}]},{\"@type\":\"WebSite\",\"@id\":\"https:\/\/www.bzsolutions.ch\/fr\/#website\",\"url\":\"https:\/\/www.bzsolutions.ch\/fr\/\",\"name\":\"BZ Solutions\",\"description\":\"Total Fitness Solutions\",\"publisher\":{\"@id\":\"https:\/\/www.bzsolutions.ch\/fr\/#organization\"},\"potentialAction\":[{\"@type\":\"SearchAction\",\"target\":{\"@type\":\"EntryPoint\",\"urlTemplate\":\"https:\/\/www.bzsolutions.ch\/fr\/?s={search_term_string}\"},\"query-input\":{\"@type\":\"PropertyValueSpecification\",\"valueRequired\":true,\"valueName\":\"search_term_string\"}}],\"inLanguage\":\"fr-FR\"},{\"@type\":\"Organization\",\"@id\":\"https:\/\/www.bzsolutions.ch\/fr\/#organization\",\"name\":\"BZ Solutions\",\"url\":\"https:\/\/www.bzsolutions.ch\/fr\/\",\"logo\":{\"@type\":\"ImageObject\",\"inLanguage\":\"fr-FR\",\"@id\":\"https:\/\/www.bzsolutions.ch\/fr\/#\/schema\/logo\/image\/\",\"url\":\"https:\/\/www.bzsolutions.ch\/wp-content\/uploads\/2024\/03\/logo_bz-solutions.png\",\"contentUrl\":\"https:\/\/www.bzsolutions.ch\/wp-content\/uploads\/2024\/03\/logo_bz-solutions.png\",\"width\":600,\"height\":136,\"caption\":\"BZ Solutions\"},\"image\":{\"@id\":\"https:\/\/www.bzsolutions.ch\/fr\/#\/schema\/logo\/image\/\"}}]}<\/script>\n<!-- \/ Yoast SEO plugin. -->","yoast_head_json":{"title":"UTILITY BENCH - BZ Solutions","robots":{"index":"index","follow":"follow","max-snippet":"max-snippet:-1","max-image-preview":"max-image-preview:large","max-video-preview":"max-video-preview:-1"},"canonical":"https:\/\/www.bzsolutions.ch\/fr\/produkt\/utility-bench\/","og_locale":"fr_FR","og_type":"article","og_title":"UTILITY BENCH - BZ Solutions","og_description":"L'UTILITY BENCH est un banc de fitness polyvalent qui se distingue par sa robustesse et sa fonctionnalit\u00e9. Cet appareil d'entra\u00eenement de haute qualit\u00e9 est \u00e9quip\u00e9 d'un dossier inclin\u00e9 \u00e0 80 degr\u00e9s pour un soutien optimal et d'une base ouverte pour un acc\u00e8s facile.","og_url":"https:\/\/www.bzsolutions.ch\/fr\/produkt\/utility-bench\/","og_site_name":"BZ Solutions","og_image":[{"width":1500,"height":1500,"url":"https:\/\/www.bzsolutions.ch\/wp-content\/uploads\/2024\/04\/Drax_Utility_Bench.jpg","type":"image\/webp"}],"twitter_card":"summary_large_image","twitter_misc":{"Dur\u00e9e de lecture estim\u00e9e":"1 minute"},"schema":{"@context":"https:\/\/schema.org","@graph":[{"@type":"WebPage","@id":"https:\/\/www.bzsolutions.ch\/fr\/produkt\/utility-bench\/","url":"https:\/\/www.bzsolutions.ch\/fr\/produkt\/utility-bench\/","name":"UTILITY BENCH - BZ Solutions","isPartOf":{"@id":"https:\/\/www.bzsolutions.ch\/fr\/#website"},"primaryImageOfPage":{"@id":"https:\/\/www.bzsolutions.ch\/fr\/produkt\/utility-bench\/#primaryimage"},"image":{"@id":"https:\/\/www.bzsolutions.ch\/fr\/produkt\/utility-bench\/#primaryimage"},"thumbnailUrl":"https:\/\/www.bzsolutions.ch\/wp-content\/uploads\/2024\/04\/Drax_Utility_Bench.jpg","datePublished":"2024-04-03T15:13:33+00:00","dateModified":"2024-04-03T15:13:33+00:00","breadcrumb":{"@id":"https:\/\/www.bzsolutions.ch\/fr\/produkt\/utility-bench\/#breadcrumb"},"inLanguage":"fr-FR","potentialAction":[{"@type":"ReadAction","target":["https:\/\/www.bzsolutions.ch\/fr\/produkt\/utility-bench\/"]}]},{"@type":"ImageObject","inLanguage":"fr-FR","@id":"https:\/\/www.bzsolutions.ch\/fr\/produkt\/utility-bench\/#primaryimage","url":"https:\/\/www.bzsolutions.ch\/wp-content\/uploads\/2024\/04\/Drax_Utility_Bench.jpg","contentUrl":"https:\/\/www.bzsolutions.ch\/wp-content\/uploads\/2024\/04\/Drax_Utility_Bench.jpg","width":1500,"height":1500},{"@type":"BreadcrumbList","@id":"https:\/\/www.bzsolutions.ch\/fr\/produkt\/utility-bench\/#breadcrumb","itemListElement":[{"@type":"ListItem","position":1,"name":"Startseite","item":"https:\/\/www.bzsolutions.ch\/fr\/"},{"@type":"ListItem","position":2,"name":"Shop","item":"https:\/\/www.bzsolutions.ch\/shop\/"},{"@type":"ListItem","position":3,"name":"UTILITY BENCH"}]},{"@type":"WebSite","@id":"https:\/\/www.bzsolutions.ch\/fr\/#website","url":"https:\/\/www.bzsolutions.ch\/fr\/","name":"BZ Solutions","description":"Total Fitness Solutions","publisher":{"@id":"https:\/\/www.bzsolutions.ch\/fr\/#organization"},"potentialAction":[{"@type":"SearchAction","target":{"@type":"EntryPoint","urlTemplate":"https:\/\/www.bzsolutions.ch\/fr\/?s={search_term_string}"},"query-input":{"@type":"PropertyValueSpecification","valueRequired":true,"valueName":"search_term_string"}}],"inLanguage":"fr-FR"},{"@type":"Organization","@id":"https:\/\/www.bzsolutions.ch\/fr\/#organization","name":"BZ Solutions","url":"https:\/\/www.bzsolutions.ch\/fr\/","logo":{"@type":"ImageObject","inLanguage":"fr-FR","@id":"https:\/\/www.bzsolutions.ch\/fr\/#\/schema\/logo\/image\/","url":"https:\/\/www.bzsolutions.ch\/wp-content\/uploads\/2024\/03\/logo_bz-solutions.png","contentUrl":"https:\/\/www.bzsolutions.ch\/wp-content\/uploads\/2024\/03\/logo_bz-solutions.png","width":600,"height":136,"caption":"BZ Solutions"},"image":{"@id":"https:\/\/www.bzsolutions.ch\/fr\/#\/schema\/logo\/image\/"}}]}},"_links":{"self":[{"href":"https:\/\/www.bzsolutions.ch\/fr\/wp-json\/wp\/v2\/product\/48757","targetHints":{"allow":["GET"]}}],"collection":[{"href":"https:\/\/www.bzsolutions.ch\/fr\/wp-json\/wp\/v2\/product"}],"about":[{"href":"https:\/\/www.bzsolutions.ch\/fr\/wp-json\/wp\/v2\/types\/product"}],"wp:featuredmedia":[{"embeddable":true,"href":"https:\/\/www.bzsolutions.ch\/fr\/wp-json\/wp\/v2\/media\/47957"}],"wp:attachment":[{"href":"https:\/\/www.bzsolutions.ch\/fr\/wp-json\/wp\/v2\/media?parent=48757"}],"wp:term":[{"taxonomy":"product_brand","embeddable":true,"href":"https:\/\/www.bzsolutions.ch\/fr\/wp-json\/wp\/v2\/product_brand?post=48757"},{"taxonomy":"product_cat","embeddable":true,"href":"https:\/\/www.bzsolutions.ch\/fr\/wp-json\/wp\/v2\/product_cat?post=48757"},{"taxonomy":"product_tag","embeddable":true,"href":"https:\/\/www.bzsolutions.ch\/fr\/wp-json\/wp\/v2\/product_tag?post=48757"}],"curies":[{"name":"wp","href":"https:\/\/api.w.org\/{rel}","templated":true}]}}