{"id":48761,"date":"2024-04-03T17:13:33","date_gmt":"2024-04-03T15:13:33","guid":{"rendered":"https:\/\/www.bzsolutions.ch\/produkt\/supine-olympic-bench\/"},"modified":"2024-04-03T17:13:33","modified_gmt":"2024-04-03T15:13:33","slug":"supine-olympic-bench","status":"publish","type":"product","link":"https:\/\/www.bzsolutions.ch\/fr\/produkt\/supine-olympic-bench\/","title":{"rendered":"SUPINE OLYMPIC BENCH"},"content":{"rendered":"<p>01. SP\u00c9CIAL POUR LES MUSCULES DU POSTE : Gr\u00e2ce \u00e0 la conception angulaire de la barre, le SUPINE OLYMPIC BENCH permet de soulever facilement la barre d&#8217;halt\u00e8res, ce qui rend l&#8217;entra\u00eenement \u00e0 la fois plus s\u00fbr et plus efficace. De plus, les deux positions de levage sur des barres chrom\u00e9es dures prot\u00e8gent la peinture et augmentent la long\u00e9vit\u00e9 de l&#8217;appareil.<\/p>\n<p>02. STABILIT\u00c9 ET S\u00c9CURIT\u00c9 : La construction soign\u00e9e offre aux spotters un acc\u00e8s facile pour garantir une s\u00e9curit\u00e9 maximale pendant l&#8217;entra\u00eenement. La construction robuste avec des mat\u00e9riaux de haute qualit\u00e9 garantit la stabilit\u00e9 sous charge et contribue \u00e0 \u00e9viter les accidents d&#8217;entra\u00eenement.<\/p>\n<p>03. LONGUE DURABILITE ET DESIGN : Fabriqu\u00e9 \u00e0 partir d&#8217;un tube d&#8217;acier \u00e9pais d\u00e9coup\u00e9 au plasma et compl\u00e9t\u00e9 par un rev\u00eatement brillant \u00e0 deux couches, le SUPINE OLYMPIC BENCH combine la durabilit\u00e9 avec un design attrayant. Le si\u00e8ge facilement r\u00e9glable, \u00e9quip\u00e9 d&#8217;un rev\u00eatement en similicuir r\u00e9sistant, souligne le haut niveau de qualit\u00e9 et la facilit\u00e9 d&#8217;utilisation de cet appareil.<\/p>\n","protected":false},"excerpt":{"rendered":"<p>Optimisez votre entra\u00eenement de la poitrine avec la SUPINE OLYMPIC BENCH, sp\u00e9cialement con\u00e7ue pour un d\u00e9velopp\u00e9 couch\u00e9 efficace. Cet appareil robuste am\u00e9liore les performances d&#8217;entra\u00eenement gr\u00e2ce \u00e0 sa conception de barre inclin\u00e9e et cr\u00e9e un d\u00e9collage facile ainsi qu&#8217;un acc\u00e8s ais\u00e9 pour les spotters.<\/p>\n","protected":false},"featured_media":47955,"template":"","meta":{"inline_featured_image":false},"product_brand":[],"product_cat":[814,827,805,804],"product_tag":[828,808],"class_list":{"0":"post-48761","1":"product","2":"type-product","3":"status-publish","4":"has-post-thumbnail","6":"product_cat-appareils-de-musculation","7":"product_cat-banc-de-musculation","8":"product_cat-drax-fr","9":"product_cat-fournisseur","10":"product_tag-banc-de-musculation","11":"product_tag-drax-fr","12":"pa_breite-1740-mm-fr","13":"pa_gewicht-72-kg-fr","14":"pa_hoehe-1258-mm-fr","15":"pa_laenge-1745-mm-fr","17":"first","18":"instock","19":"product-type-simple"},"yoast_head":"<!-- This site is optimized with the Yoast SEO plugin v23.8 - https:\/\/yoast.com\/wordpress\/plugins\/seo\/ -->\n<title>SUPINE OLYMPIC BENCH - BZ Solutions<\/title>\n<meta name=\"robots\" content=\"index, follow, max-snippet:-1, max-image-preview:large, max-video-preview:-1\" \/>\n<link rel=\"canonical\" href=\"https:\/\/www.bzsolutions.ch\/fr\/produkt\/supine-olympic-bench\/\" \/>\n<meta property=\"og:locale\" content=\"fr_FR\" \/>\n<meta property=\"og:type\" content=\"article\" \/>\n<meta property=\"og:title\" content=\"SUPINE OLYMPIC BENCH - BZ Solutions\" \/>\n<meta property=\"og:description\" content=\"Optimisez votre entra\u00eenement de la poitrine avec la SUPINE OLYMPIC BENCH, sp\u00e9cialement con\u00e7ue pour un d\u00e9velopp\u00e9 couch\u00e9 efficace. Cet appareil robuste am\u00e9liore les performances d&#039;entra\u00eenement gr\u00e2ce \u00e0 sa conception de barre inclin\u00e9e et cr\u00e9e un d\u00e9collage facile ainsi qu&#039;un acc\u00e8s ais\u00e9 pour les spotters.\" \/>\n<meta property=\"og:url\" content=\"https:\/\/www.bzsolutions.ch\/fr\/produkt\/supine-olympic-bench\/\" \/>\n<meta property=\"og:site_name\" content=\"BZ Solutions\" \/>\n<meta property=\"og:image\" content=\"https:\/\/www.bzsolutions.ch\/wp-content\/uploads\/2024\/04\/Drax_Supine_Olympic_Bench.png\" \/>\n\t<meta property=\"og:image:width\" content=\"1000\" \/>\n\t<meta property=\"og:image:height\" content=\"1000\" \/>\n\t<meta property=\"og:image:type\" content=\"image\/png\" \/>\n<meta name=\"twitter:card\" content=\"summary_large_image\" \/>\n<meta name=\"twitter:label1\" content=\"Dur\u00e9e de lecture estim\u00e9e\" \/>\n\t<meta name=\"twitter:data1\" content=\"1 minute\" \/>\n<script type=\"application\/ld+json\" class=\"yoast-schema-graph\">{\"@context\":\"https:\/\/schema.org\",\"@graph\":[{\"@type\":\"WebPage\",\"@id\":\"https:\/\/www.bzsolutions.ch\/fr\/produkt\/supine-olympic-bench\/\",\"url\":\"https:\/\/www.bzsolutions.ch\/fr\/produkt\/supine-olympic-bench\/\",\"name\":\"SUPINE OLYMPIC BENCH - BZ Solutions\",\"isPartOf\":{\"@id\":\"https:\/\/www.bzsolutions.ch\/fr\/#website\"},\"primaryImageOfPage\":{\"@id\":\"https:\/\/www.bzsolutions.ch\/fr\/produkt\/supine-olympic-bench\/#primaryimage\"},\"image\":{\"@id\":\"https:\/\/www.bzsolutions.ch\/fr\/produkt\/supine-olympic-bench\/#primaryimage\"},\"thumbnailUrl\":\"https:\/\/www.bzsolutions.ch\/wp-content\/uploads\/2024\/04\/Drax_Supine_Olympic_Bench.png\",\"datePublished\":\"2024-04-03T15:13:33+00:00\",\"dateModified\":\"2024-04-03T15:13:33+00:00\",\"breadcrumb\":{\"@id\":\"https:\/\/www.bzsolutions.ch\/fr\/produkt\/supine-olympic-bench\/#breadcrumb\"},\"inLanguage\":\"fr-FR\",\"potentialAction\":[{\"@type\":\"ReadAction\",\"target\":[\"https:\/\/www.bzsolutions.ch\/fr\/produkt\/supine-olympic-bench\/\"]}]},{\"@type\":\"ImageObject\",\"inLanguage\":\"fr-FR\",\"@id\":\"https:\/\/www.bzsolutions.ch\/fr\/produkt\/supine-olympic-bench\/#primaryimage\",\"url\":\"https:\/\/www.bzsolutions.ch\/wp-content\/uploads\/2024\/04\/Drax_Supine_Olympic_Bench.png\",\"contentUrl\":\"https:\/\/www.bzsolutions.ch\/wp-content\/uploads\/2024\/04\/Drax_Supine_Olympic_Bench.png\",\"width\":1000,\"height\":1000},{\"@type\":\"BreadcrumbList\",\"@id\":\"https:\/\/www.bzsolutions.ch\/fr\/produkt\/supine-olympic-bench\/#breadcrumb\",\"itemListElement\":[{\"@type\":\"ListItem\",\"position\":1,\"name\":\"Startseite\",\"item\":\"https:\/\/www.bzsolutions.ch\/fr\/\"},{\"@type\":\"ListItem\",\"position\":2,\"name\":\"Shop\",\"item\":\"https:\/\/www.bzsolutions.ch\/shop\/\"},{\"@type\":\"ListItem\",\"position\":3,\"name\":\"SUPINE OLYMPIC BENCH\"}]},{\"@type\":\"WebSite\",\"@id\":\"https:\/\/www.bzsolutions.ch\/fr\/#website\",\"url\":\"https:\/\/www.bzsolutions.ch\/fr\/\",\"name\":\"BZ Solutions\",\"description\":\"Total Fitness Solutions\",\"publisher\":{\"@id\":\"https:\/\/www.bzsolutions.ch\/fr\/#organization\"},\"potentialAction\":[{\"@type\":\"SearchAction\",\"target\":{\"@type\":\"EntryPoint\",\"urlTemplate\":\"https:\/\/www.bzsolutions.ch\/fr\/?s={search_term_string}\"},\"query-input\":{\"@type\":\"PropertyValueSpecification\",\"valueRequired\":true,\"valueName\":\"search_term_string\"}}],\"inLanguage\":\"fr-FR\"},{\"@type\":\"Organization\",\"@id\":\"https:\/\/www.bzsolutions.ch\/fr\/#organization\",\"name\":\"BZ Solutions\",\"url\":\"https:\/\/www.bzsolutions.ch\/fr\/\",\"logo\":{\"@type\":\"ImageObject\",\"inLanguage\":\"fr-FR\",\"@id\":\"https:\/\/www.bzsolutions.ch\/fr\/#\/schema\/logo\/image\/\",\"url\":\"https:\/\/www.bzsolutions.ch\/wp-content\/uploads\/2024\/03\/logo_bz-solutions.png\",\"contentUrl\":\"https:\/\/www.bzsolutions.ch\/wp-content\/uploads\/2024\/03\/logo_bz-solutions.png\",\"width\":600,\"height\":136,\"caption\":\"BZ Solutions\"},\"image\":{\"@id\":\"https:\/\/www.bzsolutions.ch\/fr\/#\/schema\/logo\/image\/\"}}]}<\/script>\n<!-- \/ Yoast SEO plugin. -->","yoast_head_json":{"title":"SUPINE OLYMPIC BENCH - BZ Solutions","robots":{"index":"index","follow":"follow","max-snippet":"max-snippet:-1","max-image-preview":"max-image-preview:large","max-video-preview":"max-video-preview:-1"},"canonical":"https:\/\/www.bzsolutions.ch\/fr\/produkt\/supine-olympic-bench\/","og_locale":"fr_FR","og_type":"article","og_title":"SUPINE OLYMPIC BENCH - BZ Solutions","og_description":"Optimisez votre entra\u00eenement de la poitrine avec la SUPINE OLYMPIC BENCH, sp\u00e9cialement con\u00e7ue pour un d\u00e9velopp\u00e9 couch\u00e9 efficace. Cet appareil robuste am\u00e9liore les performances d'entra\u00eenement gr\u00e2ce \u00e0 sa conception de barre inclin\u00e9e et cr\u00e9e un d\u00e9collage facile ainsi qu'un acc\u00e8s ais\u00e9 pour les spotters.","og_url":"https:\/\/www.bzsolutions.ch\/fr\/produkt\/supine-olympic-bench\/","og_site_name":"BZ Solutions","og_image":[{"width":1000,"height":1000,"url":"https:\/\/www.bzsolutions.ch\/wp-content\/uploads\/2024\/04\/Drax_Supine_Olympic_Bench.png","type":"image\/png"}],"twitter_card":"summary_large_image","twitter_misc":{"Dur\u00e9e de lecture estim\u00e9e":"1 minute"},"schema":{"@context":"https:\/\/schema.org","@graph":[{"@type":"WebPage","@id":"https:\/\/www.bzsolutions.ch\/fr\/produkt\/supine-olympic-bench\/","url":"https:\/\/www.bzsolutions.ch\/fr\/produkt\/supine-olympic-bench\/","name":"SUPINE OLYMPIC BENCH - BZ Solutions","isPartOf":{"@id":"https:\/\/www.bzsolutions.ch\/fr\/#website"},"primaryImageOfPage":{"@id":"https:\/\/www.bzsolutions.ch\/fr\/produkt\/supine-olympic-bench\/#primaryimage"},"image":{"@id":"https:\/\/www.bzsolutions.ch\/fr\/produkt\/supine-olympic-bench\/#primaryimage"},"thumbnailUrl":"https:\/\/www.bzsolutions.ch\/wp-content\/uploads\/2024\/04\/Drax_Supine_Olympic_Bench.png","datePublished":"2024-04-03T15:13:33+00:00","dateModified":"2024-04-03T15:13:33+00:00","breadcrumb":{"@id":"https:\/\/www.bzsolutions.ch\/fr\/produkt\/supine-olympic-bench\/#breadcrumb"},"inLanguage":"fr-FR","potentialAction":[{"@type":"ReadAction","target":["https:\/\/www.bzsolutions.ch\/fr\/produkt\/supine-olympic-bench\/"]}]},{"@type":"ImageObject","inLanguage":"fr-FR","@id":"https:\/\/www.bzsolutions.ch\/fr\/produkt\/supine-olympic-bench\/#primaryimage","url":"https:\/\/www.bzsolutions.ch\/wp-content\/uploads\/2024\/04\/Drax_Supine_Olympic_Bench.png","contentUrl":"https:\/\/www.bzsolutions.ch\/wp-content\/uploads\/2024\/04\/Drax_Supine_Olympic_Bench.png","width":1000,"height":1000},{"@type":"BreadcrumbList","@id":"https:\/\/www.bzsolutions.ch\/fr\/produkt\/supine-olympic-bench\/#breadcrumb","itemListElement":[{"@type":"ListItem","position":1,"name":"Startseite","item":"https:\/\/www.bzsolutions.ch\/fr\/"},{"@type":"ListItem","position":2,"name":"Shop","item":"https:\/\/www.bzsolutions.ch\/shop\/"},{"@type":"ListItem","position":3,"name":"SUPINE OLYMPIC BENCH"}]},{"@type":"WebSite","@id":"https:\/\/www.bzsolutions.ch\/fr\/#website","url":"https:\/\/www.bzsolutions.ch\/fr\/","name":"BZ Solutions","description":"Total Fitness Solutions","publisher":{"@id":"https:\/\/www.bzsolutions.ch\/fr\/#organization"},"potentialAction":[{"@type":"SearchAction","target":{"@type":"EntryPoint","urlTemplate":"https:\/\/www.bzsolutions.ch\/fr\/?s={search_term_string}"},"query-input":{"@type":"PropertyValueSpecification","valueRequired":true,"valueName":"search_term_string"}}],"inLanguage":"fr-FR"},{"@type":"Organization","@id":"https:\/\/www.bzsolutions.ch\/fr\/#organization","name":"BZ Solutions","url":"https:\/\/www.bzsolutions.ch\/fr\/","logo":{"@type":"ImageObject","inLanguage":"fr-FR","@id":"https:\/\/www.bzsolutions.ch\/fr\/#\/schema\/logo\/image\/","url":"https:\/\/www.bzsolutions.ch\/wp-content\/uploads\/2024\/03\/logo_bz-solutions.png","contentUrl":"https:\/\/www.bzsolutions.ch\/wp-content\/uploads\/2024\/03\/logo_bz-solutions.png","width":600,"height":136,"caption":"BZ Solutions"},"image":{"@id":"https:\/\/www.bzsolutions.ch\/fr\/#\/schema\/logo\/image\/"}}]}},"_links":{"self":[{"href":"https:\/\/www.bzsolutions.ch\/fr\/wp-json\/wp\/v2\/product\/48761","targetHints":{"allow":["GET"]}}],"collection":[{"href":"https:\/\/www.bzsolutions.ch\/fr\/wp-json\/wp\/v2\/product"}],"about":[{"href":"https:\/\/www.bzsolutions.ch\/fr\/wp-json\/wp\/v2\/types\/product"}],"wp:featuredmedia":[{"embeddable":true,"href":"https:\/\/www.bzsolutions.ch\/fr\/wp-json\/wp\/v2\/media\/47955"}],"wp:attachment":[{"href":"https:\/\/www.bzsolutions.ch\/fr\/wp-json\/wp\/v2\/media?parent=48761"}],"wp:term":[{"taxonomy":"product_brand","embeddable":true,"href":"https:\/\/www.bzsolutions.ch\/fr\/wp-json\/wp\/v2\/product_brand?post=48761"},{"taxonomy":"product_cat","embeddable":true,"href":"https:\/\/www.bzsolutions.ch\/fr\/wp-json\/wp\/v2\/product_cat?post=48761"},{"taxonomy":"product_tag","embeddable":true,"href":"https:\/\/www.bzsolutions.ch\/fr\/wp-json\/wp\/v2\/product_tag?post=48761"}],"curies":[{"name":"wp","href":"https:\/\/api.w.org\/{rel}","templated":true}]}}