{"id":48762,"date":"2024-04-03T17:11:47","date_gmt":"2024-04-03T15:11:47","guid":{"rendered":"https:\/\/www.bzsolutions.ch\/produkt\/pure-plate-rotary-pulldown\/"},"modified":"2024-04-03T17:11:47","modified_gmt":"2024-04-03T15:11:47","slug":"pure-plate-rotary-pulldown","status":"publish","type":"product","link":"https:\/\/www.bzsolutions.ch\/fr\/produkt\/pure-plate-rotary-pulldown\/","title":{"rendered":"Pure Plate Rotary Pulldown"},"content":{"rendered":"<p>01. VOIE DE MOUVEMENT INNOVANTE : Le PURE PLATE ROTARY PULLDOWN fait passer votre entra\u00eenement du haut du corps \u00e0 un niveau sup\u00e9rieur en utilisant une voie de mouvement naturelle de l&#8217;ext\u00e9rieur du haut vers l&#8217;int\u00e9rieur du bas. Cela favorise un mouvement optimal de l&#8217;omoplate et de l&#8217;hum\u00e9rus et permet un entra\u00eenement efficace de diff\u00e9rents groupes musculaires.<\/p>\n<p>02. PRISE EN MAIN FLEXIBLE ET R\u00c9SISTANCE ADAPTABLE : Avec des poign\u00e9es parall\u00e8les et larges, l&#8217;appareil offre de multiples possibilit\u00e9s d&#8217;entra\u00eenement. La combinaison de la charge du levier, qui int\u00e8gre \u00e0 la fois le chargement des broches et des disques, permet un r\u00e9glage individuel de la r\u00e9sistance pour une s\u00e9ance d&#8217;entra\u00eenement sur mesure.<\/p>\n<p>03. CONSTRUCTION COMPACTE ET ROBUSTE : Malgr\u00e9 ses fonctionnalit\u00e9s compl\u00e8tes, l&#8217;appareil convainc par sa taille peu encombrante. La construction de haute qualit\u00e9 promet long\u00e9vit\u00e9 et fiabilit\u00e9, ce qui fait du PURE PLATE ROTARY PULLDOWN un choix id\u00e9al pour les salles de sport qui privil\u00e9gient l&#8217;efficacit\u00e9 et l&#8217;efficience.<\/p>\n","protected":false},"excerpt":{"rendered":"<p>L&#8217;appareil PURE PLATE ROTARY PULLDOWN perfectionne l&#8217;entra\u00eenement du dos gr\u00e2ce \u00e0 une trajectoire de mouvement naturelle et \u00e0 de multiples possibilit\u00e9s de prise. Il combine une charge de levier pour un ajustement flexible de la r\u00e9sistance dans un design compact. Id\u00e9al pour un renforcement efficace et peu encombrant du haut du corps dans n&#8217;importe quelle salle de sport.<\/p>\n","protected":false},"featured_media":47946,"template":"","meta":{"inline_featured_image":false},"product_brand":[],"product_cat":[814,805,804,815],"product_tag":[808,816],"class_list":{"0":"post-48762","1":"product","2":"type-product","3":"status-publish","4":"has-post-thumbnail","6":"product_cat-appareils-de-musculation","7":"product_cat-drax-fr","8":"product_cat-fournisseur","9":"product_cat-station-de-musculation","10":"product_tag-drax-fr","11":"product_tag-station-de-musculation","12":"pa_breite-1086-9-mm-fr","13":"pa_gewicht-130-kg-fr","14":"pa_hoehe-2044-6-mm-fr","15":"pa_laenge-1250-9-mm-fr","17":"first","18":"instock","19":"product-type-simple"},"yoast_head":"<!-- This site is optimized with the Yoast SEO plugin v23.8 - https:\/\/yoast.com\/wordpress\/plugins\/seo\/ -->\n<title>Pure Plate Rotary Pulldown - BZ Solutions<\/title>\n<meta name=\"robots\" content=\"index, follow, max-snippet:-1, max-image-preview:large, max-video-preview:-1\" \/>\n<link rel=\"canonical\" href=\"https:\/\/www.bzsolutions.ch\/fr\/produkt\/pure-plate-rotary-pulldown\/\" \/>\n<meta property=\"og:locale\" content=\"fr_FR\" \/>\n<meta property=\"og:type\" content=\"article\" \/>\n<meta property=\"og:title\" content=\"Pure Plate Rotary Pulldown - BZ Solutions\" \/>\n<meta property=\"og:description\" content=\"L&#039;appareil PURE PLATE ROTARY PULLDOWN perfectionne l&#039;entra\u00eenement du dos gr\u00e2ce \u00e0 une trajectoire de mouvement naturelle et \u00e0 de multiples possibilit\u00e9s de prise. Il combine une charge de levier pour un ajustement flexible de la r\u00e9sistance dans un design compact. Id\u00e9al pour un renforcement efficace et peu encombrant du haut du corps dans n&#039;importe quelle salle de sport.\" \/>\n<meta property=\"og:url\" content=\"https:\/\/www.bzsolutions.ch\/fr\/produkt\/pure-plate-rotary-pulldown\/\" \/>\n<meta property=\"og:site_name\" content=\"BZ Solutions\" \/>\n<meta property=\"og:image\" content=\"https:\/\/www.bzsolutions.ch\/wp-content\/uploads\/2024\/04\/Drax_Pure-Plate-Rotary_Pulldown.png\" \/>\n\t<meta property=\"og:image:width\" content=\"1000\" \/>\n\t<meta property=\"og:image:height\" content=\"1000\" \/>\n\t<meta property=\"og:image:type\" content=\"image\/png\" \/>\n<meta name=\"twitter:card\" content=\"summary_large_image\" \/>\n<meta name=\"twitter:label1\" content=\"Dur\u00e9e de lecture estim\u00e9e\" \/>\n\t<meta name=\"twitter:data1\" content=\"1 minute\" \/>\n<script type=\"application\/ld+json\" class=\"yoast-schema-graph\">{\"@context\":\"https:\/\/schema.org\",\"@graph\":[{\"@type\":\"WebPage\",\"@id\":\"https:\/\/www.bzsolutions.ch\/fr\/produkt\/pure-plate-rotary-pulldown\/\",\"url\":\"https:\/\/www.bzsolutions.ch\/fr\/produkt\/pure-plate-rotary-pulldown\/\",\"name\":\"Pure Plate Rotary Pulldown - BZ Solutions\",\"isPartOf\":{\"@id\":\"https:\/\/www.bzsolutions.ch\/fr\/#website\"},\"primaryImageOfPage\":{\"@id\":\"https:\/\/www.bzsolutions.ch\/fr\/produkt\/pure-plate-rotary-pulldown\/#primaryimage\"},\"image\":{\"@id\":\"https:\/\/www.bzsolutions.ch\/fr\/produkt\/pure-plate-rotary-pulldown\/#primaryimage\"},\"thumbnailUrl\":\"https:\/\/www.bzsolutions.ch\/wp-content\/uploads\/2024\/04\/Drax_Pure-Plate-Rotary_Pulldown.png\",\"datePublished\":\"2024-04-03T15:11:47+00:00\",\"dateModified\":\"2024-04-03T15:11:47+00:00\",\"breadcrumb\":{\"@id\":\"https:\/\/www.bzsolutions.ch\/fr\/produkt\/pure-plate-rotary-pulldown\/#breadcrumb\"},\"inLanguage\":\"fr-FR\",\"potentialAction\":[{\"@type\":\"ReadAction\",\"target\":[\"https:\/\/www.bzsolutions.ch\/fr\/produkt\/pure-plate-rotary-pulldown\/\"]}]},{\"@type\":\"ImageObject\",\"inLanguage\":\"fr-FR\",\"@id\":\"https:\/\/www.bzsolutions.ch\/fr\/produkt\/pure-plate-rotary-pulldown\/#primaryimage\",\"url\":\"https:\/\/www.bzsolutions.ch\/wp-content\/uploads\/2024\/04\/Drax_Pure-Plate-Rotary_Pulldown.png\",\"contentUrl\":\"https:\/\/www.bzsolutions.ch\/wp-content\/uploads\/2024\/04\/Drax_Pure-Plate-Rotary_Pulldown.png\",\"width\":1000,\"height\":1000},{\"@type\":\"BreadcrumbList\",\"@id\":\"https:\/\/www.bzsolutions.ch\/fr\/produkt\/pure-plate-rotary-pulldown\/#breadcrumb\",\"itemListElement\":[{\"@type\":\"ListItem\",\"position\":1,\"name\":\"Startseite\",\"item\":\"https:\/\/www.bzsolutions.ch\/fr\/\"},{\"@type\":\"ListItem\",\"position\":2,\"name\":\"Shop\",\"item\":\"https:\/\/www.bzsolutions.ch\/shop\/\"},{\"@type\":\"ListItem\",\"position\":3,\"name\":\"Pure Plate Rotary Pulldown\"}]},{\"@type\":\"WebSite\",\"@id\":\"https:\/\/www.bzsolutions.ch\/fr\/#website\",\"url\":\"https:\/\/www.bzsolutions.ch\/fr\/\",\"name\":\"BZ Solutions\",\"description\":\"Total Fitness Solutions\",\"publisher\":{\"@id\":\"https:\/\/www.bzsolutions.ch\/fr\/#organization\"},\"potentialAction\":[{\"@type\":\"SearchAction\",\"target\":{\"@type\":\"EntryPoint\",\"urlTemplate\":\"https:\/\/www.bzsolutions.ch\/fr\/?s={search_term_string}\"},\"query-input\":{\"@type\":\"PropertyValueSpecification\",\"valueRequired\":true,\"valueName\":\"search_term_string\"}}],\"inLanguage\":\"fr-FR\"},{\"@type\":\"Organization\",\"@id\":\"https:\/\/www.bzsolutions.ch\/fr\/#organization\",\"name\":\"BZ Solutions\",\"url\":\"https:\/\/www.bzsolutions.ch\/fr\/\",\"logo\":{\"@type\":\"ImageObject\",\"inLanguage\":\"fr-FR\",\"@id\":\"https:\/\/www.bzsolutions.ch\/fr\/#\/schema\/logo\/image\/\",\"url\":\"https:\/\/www.bzsolutions.ch\/wp-content\/uploads\/2024\/03\/logo_bz-solutions.png\",\"contentUrl\":\"https:\/\/www.bzsolutions.ch\/wp-content\/uploads\/2024\/03\/logo_bz-solutions.png\",\"width\":600,\"height\":136,\"caption\":\"BZ Solutions\"},\"image\":{\"@id\":\"https:\/\/www.bzsolutions.ch\/fr\/#\/schema\/logo\/image\/\"}}]}<\/script>\n<!-- \/ Yoast SEO plugin. -->","yoast_head_json":{"title":"Pure Plate Rotary Pulldown - BZ Solutions","robots":{"index":"index","follow":"follow","max-snippet":"max-snippet:-1","max-image-preview":"max-image-preview:large","max-video-preview":"max-video-preview:-1"},"canonical":"https:\/\/www.bzsolutions.ch\/fr\/produkt\/pure-plate-rotary-pulldown\/","og_locale":"fr_FR","og_type":"article","og_title":"Pure Plate Rotary Pulldown - BZ Solutions","og_description":"L'appareil PURE PLATE ROTARY PULLDOWN perfectionne l'entra\u00eenement du dos gr\u00e2ce \u00e0 une trajectoire de mouvement naturelle et \u00e0 de multiples possibilit\u00e9s de prise. Il combine une charge de levier pour un ajustement flexible de la r\u00e9sistance dans un design compact. Id\u00e9al pour un renforcement efficace et peu encombrant du haut du corps dans n'importe quelle salle de sport.","og_url":"https:\/\/www.bzsolutions.ch\/fr\/produkt\/pure-plate-rotary-pulldown\/","og_site_name":"BZ Solutions","og_image":[{"width":1000,"height":1000,"url":"https:\/\/www.bzsolutions.ch\/wp-content\/uploads\/2024\/04\/Drax_Pure-Plate-Rotary_Pulldown.png","type":"image\/png"}],"twitter_card":"summary_large_image","twitter_misc":{"Dur\u00e9e de lecture estim\u00e9e":"1 minute"},"schema":{"@context":"https:\/\/schema.org","@graph":[{"@type":"WebPage","@id":"https:\/\/www.bzsolutions.ch\/fr\/produkt\/pure-plate-rotary-pulldown\/","url":"https:\/\/www.bzsolutions.ch\/fr\/produkt\/pure-plate-rotary-pulldown\/","name":"Pure Plate Rotary Pulldown - BZ Solutions","isPartOf":{"@id":"https:\/\/www.bzsolutions.ch\/fr\/#website"},"primaryImageOfPage":{"@id":"https:\/\/www.bzsolutions.ch\/fr\/produkt\/pure-plate-rotary-pulldown\/#primaryimage"},"image":{"@id":"https:\/\/www.bzsolutions.ch\/fr\/produkt\/pure-plate-rotary-pulldown\/#primaryimage"},"thumbnailUrl":"https:\/\/www.bzsolutions.ch\/wp-content\/uploads\/2024\/04\/Drax_Pure-Plate-Rotary_Pulldown.png","datePublished":"2024-04-03T15:11:47+00:00","dateModified":"2024-04-03T15:11:47+00:00","breadcrumb":{"@id":"https:\/\/www.bzsolutions.ch\/fr\/produkt\/pure-plate-rotary-pulldown\/#breadcrumb"},"inLanguage":"fr-FR","potentialAction":[{"@type":"ReadAction","target":["https:\/\/www.bzsolutions.ch\/fr\/produkt\/pure-plate-rotary-pulldown\/"]}]},{"@type":"ImageObject","inLanguage":"fr-FR","@id":"https:\/\/www.bzsolutions.ch\/fr\/produkt\/pure-plate-rotary-pulldown\/#primaryimage","url":"https:\/\/www.bzsolutions.ch\/wp-content\/uploads\/2024\/04\/Drax_Pure-Plate-Rotary_Pulldown.png","contentUrl":"https:\/\/www.bzsolutions.ch\/wp-content\/uploads\/2024\/04\/Drax_Pure-Plate-Rotary_Pulldown.png","width":1000,"height":1000},{"@type":"BreadcrumbList","@id":"https:\/\/www.bzsolutions.ch\/fr\/produkt\/pure-plate-rotary-pulldown\/#breadcrumb","itemListElement":[{"@type":"ListItem","position":1,"name":"Startseite","item":"https:\/\/www.bzsolutions.ch\/fr\/"},{"@type":"ListItem","position":2,"name":"Shop","item":"https:\/\/www.bzsolutions.ch\/shop\/"},{"@type":"ListItem","position":3,"name":"Pure Plate Rotary Pulldown"}]},{"@type":"WebSite","@id":"https:\/\/www.bzsolutions.ch\/fr\/#website","url":"https:\/\/www.bzsolutions.ch\/fr\/","name":"BZ Solutions","description":"Total Fitness Solutions","publisher":{"@id":"https:\/\/www.bzsolutions.ch\/fr\/#organization"},"potentialAction":[{"@type":"SearchAction","target":{"@type":"EntryPoint","urlTemplate":"https:\/\/www.bzsolutions.ch\/fr\/?s={search_term_string}"},"query-input":{"@type":"PropertyValueSpecification","valueRequired":true,"valueName":"search_term_string"}}],"inLanguage":"fr-FR"},{"@type":"Organization","@id":"https:\/\/www.bzsolutions.ch\/fr\/#organization","name":"BZ Solutions","url":"https:\/\/www.bzsolutions.ch\/fr\/","logo":{"@type":"ImageObject","inLanguage":"fr-FR","@id":"https:\/\/www.bzsolutions.ch\/fr\/#\/schema\/logo\/image\/","url":"https:\/\/www.bzsolutions.ch\/wp-content\/uploads\/2024\/03\/logo_bz-solutions.png","contentUrl":"https:\/\/www.bzsolutions.ch\/wp-content\/uploads\/2024\/03\/logo_bz-solutions.png","width":600,"height":136,"caption":"BZ Solutions"},"image":{"@id":"https:\/\/www.bzsolutions.ch\/fr\/#\/schema\/logo\/image\/"}}]}},"_links":{"self":[{"href":"https:\/\/www.bzsolutions.ch\/fr\/wp-json\/wp\/v2\/product\/48762","targetHints":{"allow":["GET"]}}],"collection":[{"href":"https:\/\/www.bzsolutions.ch\/fr\/wp-json\/wp\/v2\/product"}],"about":[{"href":"https:\/\/www.bzsolutions.ch\/fr\/wp-json\/wp\/v2\/types\/product"}],"wp:featuredmedia":[{"embeddable":true,"href":"https:\/\/www.bzsolutions.ch\/fr\/wp-json\/wp\/v2\/media\/47946"}],"wp:attachment":[{"href":"https:\/\/www.bzsolutions.ch\/fr\/wp-json\/wp\/v2\/media?parent=48762"}],"wp:term":[{"taxonomy":"product_brand","embeddable":true,"href":"https:\/\/www.bzsolutions.ch\/fr\/wp-json\/wp\/v2\/product_brand?post=48762"},{"taxonomy":"product_cat","embeddable":true,"href":"https:\/\/www.bzsolutions.ch\/fr\/wp-json\/wp\/v2\/product_cat?post=48762"},{"taxonomy":"product_tag","embeddable":true,"href":"https:\/\/www.bzsolutions.ch\/fr\/wp-json\/wp\/v2\/product_tag?post=48762"}],"curies":[{"name":"wp","href":"https:\/\/api.w.org\/{rel}","templated":true}]}}