{"id":48763,"date":"2024-04-03T17:11:47","date_gmt":"2024-04-03T15:11:47","guid":{"rendered":"https:\/\/www.bzsolutions.ch\/produkt\/curl-de-jambe-assis\/"},"modified":"2024-04-03T17:11:47","modified_gmt":"2024-04-03T15:11:47","slug":"curl-de-jambe-assis","status":"publish","type":"product","link":"https:\/\/www.bzsolutions.ch\/fr\/produkt\/curl-de-jambe-assis\/","title":{"rendered":"CURL DE JAMBE ASSIS"},"content":{"rendered":"<p>01. CONFORT ET AJUSTEMENT : Le SEATED LEG CURL offre un environnement d&#8217;entra\u00eenement personnalisable et respectueux du dos gr\u00e2ce \u00e0 son design d&#8217;assise ergonomique et ses coussins r\u00e9glables. Le m\u00e9canisme de verrouillage permet de r\u00e9gler facilement le si\u00e8ge afin de garantir une position optimale pendant l&#8217;entra\u00eenement.<\/p>\n<p>02. EFFICACIT\u00c9 DE L&#8217;ENTRA\u00ceNEMENT : Sp\u00e9cialement con\u00e7u pour renforcer efficacement les muscles des jambes, l&#8217;appareil permet une sollicitation cibl\u00e9e gr\u00e2ce \u00e0 son r\u00e9glage convivial. Les possibilit\u00e9s de r\u00e9glage favorisent un alignement pr\u00e9cis du corps, ce qui augmente l&#8217;efficacit\u00e9 de l&#8217;exercice et garantit une forme correcte.<\/p>\n<p>QUALIT\u00c9 ET DURABILIT\u00c9 : Fabriqu\u00e9 \u00e0 partir d&#8217;un tube d&#8217;acier \u00e9pais d\u00e9coup\u00e9 au plasma et recouvert d&#8217;un rev\u00eatement brillant \u00e0 double couche, le SEATED LEG CURL se distingue par sa durabilit\u00e9 exceptionnelle et son design attrayant. Le rev\u00eatement en similicuir r\u00e9sistant garantit non seulement un grand confort d&#8217;entra\u00eenement, mais aussi une utilisation \u00e0 long terme sans usure. Parfait pour les salles de sport qui recherchent la qualit\u00e9, le confort et des performances durables.<\/p>\n","protected":false},"excerpt":{"rendered":"<p>Optimisez votre entra\u00eenement des jambes avec le SEATED LEG CURL, sp\u00e9cialement con\u00e7u pour renforcer et assouplir les muscles de vos jambes. Gr\u00e2ce \u00e0 des si\u00e8ges ergonomiques qui minimisent la charge sur le dos et \u00e0 des coussins de cuisses r\u00e9glables, ainsi qu&#8217;\u00e0 une selle coulissante ajustable, cet appareil permet une ex\u00e9cution pr\u00e9cise et confortable des exercices.<\/p>\n","protected":false},"featured_media":48014,"template":"","meta":{"inline_featured_image":false},"product_brand":[],"product_cat":[814,805,804,815],"product_tag":[808,816],"class_list":{"0":"post-48763","1":"product","2":"type-product","3":"status-publish","4":"has-post-thumbnail","6":"product_cat-appareils-de-musculation","7":"product_cat-drax-fr","8":"product_cat-fournisseur","9":"product_cat-station-de-musculation","10":"product_tag-drax-fr","11":"product_tag-station-de-musculation","12":"pa_breite-1209-mm-fr","13":"pa_gewicht-200-kg-fr","14":"pa_hoehe-1552-mm-fr","15":"pa_laenge-1051-mm-fr","17":"first","18":"instock","19":"product-type-simple"},"yoast_head":"<!-- This site is optimized with the Yoast SEO plugin v23.8 - https:\/\/yoast.com\/wordpress\/plugins\/seo\/ -->\n<title>CURL DE JAMBE ASSIS - BZ Solutions<\/title>\n<meta name=\"robots\" content=\"index, follow, max-snippet:-1, max-image-preview:large, max-video-preview:-1\" \/>\n<link rel=\"canonical\" href=\"https:\/\/www.bzsolutions.ch\/fr\/produkt\/curl-de-jambe-assis\/\" \/>\n<meta property=\"og:locale\" content=\"fr_FR\" \/>\n<meta property=\"og:type\" content=\"article\" \/>\n<meta property=\"og:title\" content=\"CURL DE JAMBE ASSIS - BZ Solutions\" \/>\n<meta property=\"og:description\" content=\"Optimisez votre entra\u00eenement des jambes avec le SEATED LEG CURL, sp\u00e9cialement con\u00e7u pour renforcer et assouplir les muscles de vos jambes. Gr\u00e2ce \u00e0 des si\u00e8ges ergonomiques qui minimisent la charge sur le dos et \u00e0 des coussins de cuisses r\u00e9glables, ainsi qu&#039;\u00e0 une selle coulissante ajustable, cet appareil permet une ex\u00e9cution pr\u00e9cise et confortable des exercices.\" \/>\n<meta property=\"og:url\" content=\"https:\/\/www.bzsolutions.ch\/fr\/produkt\/curl-de-jambe-assis\/\" \/>\n<meta property=\"og:site_name\" content=\"BZ Solutions\" \/>\n<meta property=\"og:image\" content=\"https:\/\/www.bzsolutions.ch\/wp-content\/uploads\/2024\/04\/Drax_TWMA_131_Leg_Extension_Leg-Curl_1.png\" \/>\n\t<meta property=\"og:image:width\" content=\"1000\" \/>\n\t<meta property=\"og:image:height\" content=\"1000\" \/>\n\t<meta property=\"og:image:type\" content=\"image\/png\" \/>\n<meta name=\"twitter:card\" content=\"summary_large_image\" \/>\n<meta name=\"twitter:label1\" content=\"Dur\u00e9e de lecture estim\u00e9e\" \/>\n\t<meta name=\"twitter:data1\" content=\"1 minute\" \/>\n<script type=\"application\/ld+json\" class=\"yoast-schema-graph\">{\"@context\":\"https:\/\/schema.org\",\"@graph\":[{\"@type\":\"WebPage\",\"@id\":\"https:\/\/www.bzsolutions.ch\/fr\/produkt\/curl-de-jambe-assis\/\",\"url\":\"https:\/\/www.bzsolutions.ch\/fr\/produkt\/curl-de-jambe-assis\/\",\"name\":\"CURL DE JAMBE ASSIS - BZ Solutions\",\"isPartOf\":{\"@id\":\"https:\/\/www.bzsolutions.ch\/fr\/#website\"},\"primaryImageOfPage\":{\"@id\":\"https:\/\/www.bzsolutions.ch\/fr\/produkt\/curl-de-jambe-assis\/#primaryimage\"},\"image\":{\"@id\":\"https:\/\/www.bzsolutions.ch\/fr\/produkt\/curl-de-jambe-assis\/#primaryimage\"},\"thumbnailUrl\":\"https:\/\/www.bzsolutions.ch\/wp-content\/uploads\/2024\/04\/Drax_TWMA_131_Leg_Extension_Leg-Curl_1.png\",\"datePublished\":\"2024-04-03T15:11:47+00:00\",\"dateModified\":\"2024-04-03T15:11:47+00:00\",\"breadcrumb\":{\"@id\":\"https:\/\/www.bzsolutions.ch\/fr\/produkt\/curl-de-jambe-assis\/#breadcrumb\"},\"inLanguage\":\"fr-FR\",\"potentialAction\":[{\"@type\":\"ReadAction\",\"target\":[\"https:\/\/www.bzsolutions.ch\/fr\/produkt\/curl-de-jambe-assis\/\"]}]},{\"@type\":\"ImageObject\",\"inLanguage\":\"fr-FR\",\"@id\":\"https:\/\/www.bzsolutions.ch\/fr\/produkt\/curl-de-jambe-assis\/#primaryimage\",\"url\":\"https:\/\/www.bzsolutions.ch\/wp-content\/uploads\/2024\/04\/Drax_TWMA_131_Leg_Extension_Leg-Curl_1.png\",\"contentUrl\":\"https:\/\/www.bzsolutions.ch\/wp-content\/uploads\/2024\/04\/Drax_TWMA_131_Leg_Extension_Leg-Curl_1.png\",\"width\":1000,\"height\":1000},{\"@type\":\"BreadcrumbList\",\"@id\":\"https:\/\/www.bzsolutions.ch\/fr\/produkt\/curl-de-jambe-assis\/#breadcrumb\",\"itemListElement\":[{\"@type\":\"ListItem\",\"position\":1,\"name\":\"Startseite\",\"item\":\"https:\/\/www.bzsolutions.ch\/fr\/\"},{\"@type\":\"ListItem\",\"position\":2,\"name\":\"Shop\",\"item\":\"https:\/\/www.bzsolutions.ch\/shop\/\"},{\"@type\":\"ListItem\",\"position\":3,\"name\":\"CURL DE JAMBE ASSIS\"}]},{\"@type\":\"WebSite\",\"@id\":\"https:\/\/www.bzsolutions.ch\/fr\/#website\",\"url\":\"https:\/\/www.bzsolutions.ch\/fr\/\",\"name\":\"BZ Solutions\",\"description\":\"Total Fitness Solutions\",\"publisher\":{\"@id\":\"https:\/\/www.bzsolutions.ch\/fr\/#organization\"},\"potentialAction\":[{\"@type\":\"SearchAction\",\"target\":{\"@type\":\"EntryPoint\",\"urlTemplate\":\"https:\/\/www.bzsolutions.ch\/fr\/?s={search_term_string}\"},\"query-input\":{\"@type\":\"PropertyValueSpecification\",\"valueRequired\":true,\"valueName\":\"search_term_string\"}}],\"inLanguage\":\"fr-FR\"},{\"@type\":\"Organization\",\"@id\":\"https:\/\/www.bzsolutions.ch\/fr\/#organization\",\"name\":\"BZ Solutions\",\"url\":\"https:\/\/www.bzsolutions.ch\/fr\/\",\"logo\":{\"@type\":\"ImageObject\",\"inLanguage\":\"fr-FR\",\"@id\":\"https:\/\/www.bzsolutions.ch\/fr\/#\/schema\/logo\/image\/\",\"url\":\"https:\/\/www.bzsolutions.ch\/wp-content\/uploads\/2024\/03\/logo_bz-solutions.png\",\"contentUrl\":\"https:\/\/www.bzsolutions.ch\/wp-content\/uploads\/2024\/03\/logo_bz-solutions.png\",\"width\":600,\"height\":136,\"caption\":\"BZ Solutions\"},\"image\":{\"@id\":\"https:\/\/www.bzsolutions.ch\/fr\/#\/schema\/logo\/image\/\"}}]}<\/script>\n<!-- \/ Yoast SEO plugin. -->","yoast_head_json":{"title":"CURL DE JAMBE ASSIS - BZ Solutions","robots":{"index":"index","follow":"follow","max-snippet":"max-snippet:-1","max-image-preview":"max-image-preview:large","max-video-preview":"max-video-preview:-1"},"canonical":"https:\/\/www.bzsolutions.ch\/fr\/produkt\/curl-de-jambe-assis\/","og_locale":"fr_FR","og_type":"article","og_title":"CURL DE JAMBE ASSIS - BZ Solutions","og_description":"Optimisez votre entra\u00eenement des jambes avec le SEATED LEG CURL, sp\u00e9cialement con\u00e7u pour renforcer et assouplir les muscles de vos jambes. Gr\u00e2ce \u00e0 des si\u00e8ges ergonomiques qui minimisent la charge sur le dos et \u00e0 des coussins de cuisses r\u00e9glables, ainsi qu'\u00e0 une selle coulissante ajustable, cet appareil permet une ex\u00e9cution pr\u00e9cise et confortable des exercices.","og_url":"https:\/\/www.bzsolutions.ch\/fr\/produkt\/curl-de-jambe-assis\/","og_site_name":"BZ Solutions","og_image":[{"width":1000,"height":1000,"url":"https:\/\/www.bzsolutions.ch\/wp-content\/uploads\/2024\/04\/Drax_TWMA_131_Leg_Extension_Leg-Curl_1.png","type":"image\/png"}],"twitter_card":"summary_large_image","twitter_misc":{"Dur\u00e9e de lecture estim\u00e9e":"1 minute"},"schema":{"@context":"https:\/\/schema.org","@graph":[{"@type":"WebPage","@id":"https:\/\/www.bzsolutions.ch\/fr\/produkt\/curl-de-jambe-assis\/","url":"https:\/\/www.bzsolutions.ch\/fr\/produkt\/curl-de-jambe-assis\/","name":"CURL DE JAMBE ASSIS - BZ Solutions","isPartOf":{"@id":"https:\/\/www.bzsolutions.ch\/fr\/#website"},"primaryImageOfPage":{"@id":"https:\/\/www.bzsolutions.ch\/fr\/produkt\/curl-de-jambe-assis\/#primaryimage"},"image":{"@id":"https:\/\/www.bzsolutions.ch\/fr\/produkt\/curl-de-jambe-assis\/#primaryimage"},"thumbnailUrl":"https:\/\/www.bzsolutions.ch\/wp-content\/uploads\/2024\/04\/Drax_TWMA_131_Leg_Extension_Leg-Curl_1.png","datePublished":"2024-04-03T15:11:47+00:00","dateModified":"2024-04-03T15:11:47+00:00","breadcrumb":{"@id":"https:\/\/www.bzsolutions.ch\/fr\/produkt\/curl-de-jambe-assis\/#breadcrumb"},"inLanguage":"fr-FR","potentialAction":[{"@type":"ReadAction","target":["https:\/\/www.bzsolutions.ch\/fr\/produkt\/curl-de-jambe-assis\/"]}]},{"@type":"ImageObject","inLanguage":"fr-FR","@id":"https:\/\/www.bzsolutions.ch\/fr\/produkt\/curl-de-jambe-assis\/#primaryimage","url":"https:\/\/www.bzsolutions.ch\/wp-content\/uploads\/2024\/04\/Drax_TWMA_131_Leg_Extension_Leg-Curl_1.png","contentUrl":"https:\/\/www.bzsolutions.ch\/wp-content\/uploads\/2024\/04\/Drax_TWMA_131_Leg_Extension_Leg-Curl_1.png","width":1000,"height":1000},{"@type":"BreadcrumbList","@id":"https:\/\/www.bzsolutions.ch\/fr\/produkt\/curl-de-jambe-assis\/#breadcrumb","itemListElement":[{"@type":"ListItem","position":1,"name":"Startseite","item":"https:\/\/www.bzsolutions.ch\/fr\/"},{"@type":"ListItem","position":2,"name":"Shop","item":"https:\/\/www.bzsolutions.ch\/shop\/"},{"@type":"ListItem","position":3,"name":"CURL DE JAMBE ASSIS"}]},{"@type":"WebSite","@id":"https:\/\/www.bzsolutions.ch\/fr\/#website","url":"https:\/\/www.bzsolutions.ch\/fr\/","name":"BZ Solutions","description":"Total Fitness Solutions","publisher":{"@id":"https:\/\/www.bzsolutions.ch\/fr\/#organization"},"potentialAction":[{"@type":"SearchAction","target":{"@type":"EntryPoint","urlTemplate":"https:\/\/www.bzsolutions.ch\/fr\/?s={search_term_string}"},"query-input":{"@type":"PropertyValueSpecification","valueRequired":true,"valueName":"search_term_string"}}],"inLanguage":"fr-FR"},{"@type":"Organization","@id":"https:\/\/www.bzsolutions.ch\/fr\/#organization","name":"BZ Solutions","url":"https:\/\/www.bzsolutions.ch\/fr\/","logo":{"@type":"ImageObject","inLanguage":"fr-FR","@id":"https:\/\/www.bzsolutions.ch\/fr\/#\/schema\/logo\/image\/","url":"https:\/\/www.bzsolutions.ch\/wp-content\/uploads\/2024\/03\/logo_bz-solutions.png","contentUrl":"https:\/\/www.bzsolutions.ch\/wp-content\/uploads\/2024\/03\/logo_bz-solutions.png","width":600,"height":136,"caption":"BZ Solutions"},"image":{"@id":"https:\/\/www.bzsolutions.ch\/fr\/#\/schema\/logo\/image\/"}}]}},"_links":{"self":[{"href":"https:\/\/www.bzsolutions.ch\/fr\/wp-json\/wp\/v2\/product\/48763","targetHints":{"allow":["GET"]}}],"collection":[{"href":"https:\/\/www.bzsolutions.ch\/fr\/wp-json\/wp\/v2\/product"}],"about":[{"href":"https:\/\/www.bzsolutions.ch\/fr\/wp-json\/wp\/v2\/types\/product"}],"wp:featuredmedia":[{"embeddable":true,"href":"https:\/\/www.bzsolutions.ch\/fr\/wp-json\/wp\/v2\/media\/48014"}],"wp:attachment":[{"href":"https:\/\/www.bzsolutions.ch\/fr\/wp-json\/wp\/v2\/media?parent=48763"}],"wp:term":[{"taxonomy":"product_brand","embeddable":true,"href":"https:\/\/www.bzsolutions.ch\/fr\/wp-json\/wp\/v2\/product_brand?post=48763"},{"taxonomy":"product_cat","embeddable":true,"href":"https:\/\/www.bzsolutions.ch\/fr\/wp-json\/wp\/v2\/product_cat?post=48763"},{"taxonomy":"product_tag","embeddable":true,"href":"https:\/\/www.bzsolutions.ch\/fr\/wp-json\/wp\/v2\/product_tag?post=48763"}],"curies":[{"name":"wp","href":"https:\/\/api.w.org\/{rel}","templated":true}]}}