{"id":48766,"date":"2024-04-03T17:11:47","date_gmt":"2024-04-03T15:11:47","guid":{"rendered":"https:\/\/www.bzsolutions.ch\/produkt\/pure-plate-high-row\/"},"modified":"2024-04-03T17:11:47","modified_gmt":"2024-04-03T15:11:47","slug":"pure-plate-high-row","status":"publish","type":"product","link":"https:\/\/www.bzsolutions.ch\/fr\/produkt\/pure-plate-high-row\/","title":{"rendered":"Pure Plate High Row"},"content":{"rendered":"<p>01. ACTIVATION MUSCULAIRE CIBL\u00c9E : La trajectoire de mouvement unique de la PURE PLATE HIGH ROW, combin\u00e9e aux poign\u00e9es Free Motion, assure une activation optimale du latissimus dorsi. Il en r\u00e9sulte une contraction et une relaxation musculaires efficaces, ce qui favorise la croissance musculaire.<\/p>\n<p>02. OPTIONS D&#8217;ENTRA\u00ceNEMENT POLYVALENTES : Gr\u00e2ce \u00e0 son syst\u00e8me de charge par levier qui permet de charger \u00e0 la fois les broches et les disques, cet appareil offre une flexibilit\u00e9 d&#8217;ajustement de la r\u00e9sistance pour r\u00e9pondre aux diff\u00e9rents besoins d&#8217;entra\u00eenement. La hauteur d&#8217;assise r\u00e9glable et le coussin thoracique garantissent une position d&#8217;entra\u00eenement optimale.<\/p>\n<p>03. LONGUE DURABILITE ET ECONOMIE D&#8217;ESPACE : Con\u00e7u pour une durabilit\u00e9 et des performances constantes, le PURE PLATE HIGH ROW se caract\u00e9rise par une fabrication pr\u00e9cise et une structure en acier tr\u00e8s r\u00e9sistante. Son design compact en fait un choix id\u00e9al pour les salles de sport o\u00f9 l&#8217;espace est limit\u00e9, sans pour autant faire de compromis sur la qualit\u00e9 de l&#8217;entra\u00eenement.<\/p>\n","protected":false},"excerpt":{"rendered":"<p>Am\u00e9liorez la musculature de votre dos avec la PURE PLATE HIGH ROW, un appareil avanc\u00e9 pour un entra\u00eenement intensif du haut du corps. Cet appareil combine une trajectoire de mouvement unique d&#8217;avant en haut \u00e0 arri\u00e8re en bas avec des poign\u00e9es Free Motion pour activer au maximum les muscles latissimus dorsi. La charge sp\u00e9ciale du levier offre les avantages de la charge \u00e0 la fois des broches et des disques pour un entra\u00eenement polyvalent et efficace, id\u00e9al pour le d\u00e9veloppement de la force et de la d\u00e9finition musculaire du haut du corps.<\/p>\n","protected":false},"featured_media":47944,"template":"","meta":{"inline_featured_image":false},"product_brand":[],"product_cat":[814,805,804,815],"product_tag":[808,816],"class_list":{"0":"post-48766","1":"product","2":"type-product","3":"status-publish","4":"has-post-thumbnail","6":"product_cat-appareils-de-musculation","7":"product_cat-drax-fr","8":"product_cat-fournisseur","9":"product_cat-station-de-musculation","10":"product_tag-drax-fr","11":"product_tag-station-de-musculation","12":"pa_breite-1242-8-mm-fr","13":"pa_gewicht-148-kg-fr","14":"pa_hoehe-2040-4-mm-fr","15":"pa_laenge-1940-3-mm-fr","17":"first","18":"instock","19":"product-type-simple"},"yoast_head":"<!-- This site is optimized with the Yoast SEO plugin v23.8 - https:\/\/yoast.com\/wordpress\/plugins\/seo\/ -->\n<title>Pure Plate High Row - BZ Solutions<\/title>\n<meta name=\"robots\" content=\"index, follow, max-snippet:-1, max-image-preview:large, max-video-preview:-1\" \/>\n<link rel=\"canonical\" href=\"https:\/\/www.bzsolutions.ch\/fr\/produkt\/pure-plate-high-row\/\" \/>\n<meta property=\"og:locale\" content=\"fr_FR\" \/>\n<meta property=\"og:type\" content=\"article\" \/>\n<meta property=\"og:title\" content=\"Pure Plate High Row - BZ Solutions\" \/>\n<meta property=\"og:description\" content=\"Am\u00e9liorez la musculature de votre dos avec la PURE PLATE HIGH ROW, un appareil avanc\u00e9 pour un entra\u00eenement intensif du haut du corps. Cet appareil combine une trajectoire de mouvement unique d&#039;avant en haut \u00e0 arri\u00e8re en bas avec des poign\u00e9es Free Motion pour activer au maximum les muscles latissimus dorsi. La charge sp\u00e9ciale du levier offre les avantages de la charge \u00e0 la fois des broches et des disques pour un entra\u00eenement polyvalent et efficace, id\u00e9al pour le d\u00e9veloppement de la force et de la d\u00e9finition musculaire du haut du corps.\" \/>\n<meta property=\"og:url\" content=\"https:\/\/www.bzsolutions.ch\/fr\/produkt\/pure-plate-high-row\/\" \/>\n<meta property=\"og:site_name\" content=\"BZ Solutions\" \/>\n<meta property=\"og:image\" content=\"https:\/\/www.bzsolutions.ch\/wp-content\/uploads\/2024\/04\/Drax_Pure-Plate-High-Row.png\" \/>\n\t<meta property=\"og:image:width\" content=\"1000\" \/>\n\t<meta property=\"og:image:height\" content=\"1000\" \/>\n\t<meta property=\"og:image:type\" content=\"image\/png\" \/>\n<meta name=\"twitter:card\" content=\"summary_large_image\" \/>\n<meta name=\"twitter:label1\" content=\"Dur\u00e9e de lecture estim\u00e9e\" \/>\n\t<meta name=\"twitter:data1\" content=\"1 minute\" \/>\n<script type=\"application\/ld+json\" class=\"yoast-schema-graph\">{\"@context\":\"https:\/\/schema.org\",\"@graph\":[{\"@type\":\"WebPage\",\"@id\":\"https:\/\/www.bzsolutions.ch\/fr\/produkt\/pure-plate-high-row\/\",\"url\":\"https:\/\/www.bzsolutions.ch\/fr\/produkt\/pure-plate-high-row\/\",\"name\":\"Pure Plate High Row - BZ Solutions\",\"isPartOf\":{\"@id\":\"https:\/\/www.bzsolutions.ch\/fr\/#website\"},\"primaryImageOfPage\":{\"@id\":\"https:\/\/www.bzsolutions.ch\/fr\/produkt\/pure-plate-high-row\/#primaryimage\"},\"image\":{\"@id\":\"https:\/\/www.bzsolutions.ch\/fr\/produkt\/pure-plate-high-row\/#primaryimage\"},\"thumbnailUrl\":\"https:\/\/www.bzsolutions.ch\/wp-content\/uploads\/2024\/04\/Drax_Pure-Plate-High-Row.png\",\"datePublished\":\"2024-04-03T15:11:47+00:00\",\"dateModified\":\"2024-04-03T15:11:47+00:00\",\"breadcrumb\":{\"@id\":\"https:\/\/www.bzsolutions.ch\/fr\/produkt\/pure-plate-high-row\/#breadcrumb\"},\"inLanguage\":\"fr-FR\",\"potentialAction\":[{\"@type\":\"ReadAction\",\"target\":[\"https:\/\/www.bzsolutions.ch\/fr\/produkt\/pure-plate-high-row\/\"]}]},{\"@type\":\"ImageObject\",\"inLanguage\":\"fr-FR\",\"@id\":\"https:\/\/www.bzsolutions.ch\/fr\/produkt\/pure-plate-high-row\/#primaryimage\",\"url\":\"https:\/\/www.bzsolutions.ch\/wp-content\/uploads\/2024\/04\/Drax_Pure-Plate-High-Row.png\",\"contentUrl\":\"https:\/\/www.bzsolutions.ch\/wp-content\/uploads\/2024\/04\/Drax_Pure-Plate-High-Row.png\",\"width\":1000,\"height\":1000},{\"@type\":\"BreadcrumbList\",\"@id\":\"https:\/\/www.bzsolutions.ch\/fr\/produkt\/pure-plate-high-row\/#breadcrumb\",\"itemListElement\":[{\"@type\":\"ListItem\",\"position\":1,\"name\":\"Startseite\",\"item\":\"https:\/\/www.bzsolutions.ch\/fr\/\"},{\"@type\":\"ListItem\",\"position\":2,\"name\":\"Shop\",\"item\":\"https:\/\/www.bzsolutions.ch\/shop\/\"},{\"@type\":\"ListItem\",\"position\":3,\"name\":\"Pure Plate High Row\"}]},{\"@type\":\"WebSite\",\"@id\":\"https:\/\/www.bzsolutions.ch\/fr\/#website\",\"url\":\"https:\/\/www.bzsolutions.ch\/fr\/\",\"name\":\"BZ Solutions\",\"description\":\"Total Fitness Solutions\",\"publisher\":{\"@id\":\"https:\/\/www.bzsolutions.ch\/fr\/#organization\"},\"potentialAction\":[{\"@type\":\"SearchAction\",\"target\":{\"@type\":\"EntryPoint\",\"urlTemplate\":\"https:\/\/www.bzsolutions.ch\/fr\/?s={search_term_string}\"},\"query-input\":{\"@type\":\"PropertyValueSpecification\",\"valueRequired\":true,\"valueName\":\"search_term_string\"}}],\"inLanguage\":\"fr-FR\"},{\"@type\":\"Organization\",\"@id\":\"https:\/\/www.bzsolutions.ch\/fr\/#organization\",\"name\":\"BZ Solutions\",\"url\":\"https:\/\/www.bzsolutions.ch\/fr\/\",\"logo\":{\"@type\":\"ImageObject\",\"inLanguage\":\"fr-FR\",\"@id\":\"https:\/\/www.bzsolutions.ch\/fr\/#\/schema\/logo\/image\/\",\"url\":\"https:\/\/www.bzsolutions.ch\/wp-content\/uploads\/2024\/03\/logo_bz-solutions.png\",\"contentUrl\":\"https:\/\/www.bzsolutions.ch\/wp-content\/uploads\/2024\/03\/logo_bz-solutions.png\",\"width\":600,\"height\":136,\"caption\":\"BZ Solutions\"},\"image\":{\"@id\":\"https:\/\/www.bzsolutions.ch\/fr\/#\/schema\/logo\/image\/\"}}]}<\/script>\n<!-- \/ Yoast SEO plugin. -->","yoast_head_json":{"title":"Pure Plate High Row - BZ Solutions","robots":{"index":"index","follow":"follow","max-snippet":"max-snippet:-1","max-image-preview":"max-image-preview:large","max-video-preview":"max-video-preview:-1"},"canonical":"https:\/\/www.bzsolutions.ch\/fr\/produkt\/pure-plate-high-row\/","og_locale":"fr_FR","og_type":"article","og_title":"Pure Plate High Row - BZ Solutions","og_description":"Am\u00e9liorez la musculature de votre dos avec la PURE PLATE HIGH ROW, un appareil avanc\u00e9 pour un entra\u00eenement intensif du haut du corps. Cet appareil combine une trajectoire de mouvement unique d'avant en haut \u00e0 arri\u00e8re en bas avec des poign\u00e9es Free Motion pour activer au maximum les muscles latissimus dorsi. La charge sp\u00e9ciale du levier offre les avantages de la charge \u00e0 la fois des broches et des disques pour un entra\u00eenement polyvalent et efficace, id\u00e9al pour le d\u00e9veloppement de la force et de la d\u00e9finition musculaire du haut du corps.","og_url":"https:\/\/www.bzsolutions.ch\/fr\/produkt\/pure-plate-high-row\/","og_site_name":"BZ Solutions","og_image":[{"width":1000,"height":1000,"url":"https:\/\/www.bzsolutions.ch\/wp-content\/uploads\/2024\/04\/Drax_Pure-Plate-High-Row.png","type":"image\/png"}],"twitter_card":"summary_large_image","twitter_misc":{"Dur\u00e9e de lecture estim\u00e9e":"1 minute"},"schema":{"@context":"https:\/\/schema.org","@graph":[{"@type":"WebPage","@id":"https:\/\/www.bzsolutions.ch\/fr\/produkt\/pure-plate-high-row\/","url":"https:\/\/www.bzsolutions.ch\/fr\/produkt\/pure-plate-high-row\/","name":"Pure Plate High Row - BZ Solutions","isPartOf":{"@id":"https:\/\/www.bzsolutions.ch\/fr\/#website"},"primaryImageOfPage":{"@id":"https:\/\/www.bzsolutions.ch\/fr\/produkt\/pure-plate-high-row\/#primaryimage"},"image":{"@id":"https:\/\/www.bzsolutions.ch\/fr\/produkt\/pure-plate-high-row\/#primaryimage"},"thumbnailUrl":"https:\/\/www.bzsolutions.ch\/wp-content\/uploads\/2024\/04\/Drax_Pure-Plate-High-Row.png","datePublished":"2024-04-03T15:11:47+00:00","dateModified":"2024-04-03T15:11:47+00:00","breadcrumb":{"@id":"https:\/\/www.bzsolutions.ch\/fr\/produkt\/pure-plate-high-row\/#breadcrumb"},"inLanguage":"fr-FR","potentialAction":[{"@type":"ReadAction","target":["https:\/\/www.bzsolutions.ch\/fr\/produkt\/pure-plate-high-row\/"]}]},{"@type":"ImageObject","inLanguage":"fr-FR","@id":"https:\/\/www.bzsolutions.ch\/fr\/produkt\/pure-plate-high-row\/#primaryimage","url":"https:\/\/www.bzsolutions.ch\/wp-content\/uploads\/2024\/04\/Drax_Pure-Plate-High-Row.png","contentUrl":"https:\/\/www.bzsolutions.ch\/wp-content\/uploads\/2024\/04\/Drax_Pure-Plate-High-Row.png","width":1000,"height":1000},{"@type":"BreadcrumbList","@id":"https:\/\/www.bzsolutions.ch\/fr\/produkt\/pure-plate-high-row\/#breadcrumb","itemListElement":[{"@type":"ListItem","position":1,"name":"Startseite","item":"https:\/\/www.bzsolutions.ch\/fr\/"},{"@type":"ListItem","position":2,"name":"Shop","item":"https:\/\/www.bzsolutions.ch\/shop\/"},{"@type":"ListItem","position":3,"name":"Pure Plate High Row"}]},{"@type":"WebSite","@id":"https:\/\/www.bzsolutions.ch\/fr\/#website","url":"https:\/\/www.bzsolutions.ch\/fr\/","name":"BZ Solutions","description":"Total Fitness Solutions","publisher":{"@id":"https:\/\/www.bzsolutions.ch\/fr\/#organization"},"potentialAction":[{"@type":"SearchAction","target":{"@type":"EntryPoint","urlTemplate":"https:\/\/www.bzsolutions.ch\/fr\/?s={search_term_string}"},"query-input":{"@type":"PropertyValueSpecification","valueRequired":true,"valueName":"search_term_string"}}],"inLanguage":"fr-FR"},{"@type":"Organization","@id":"https:\/\/www.bzsolutions.ch\/fr\/#organization","name":"BZ Solutions","url":"https:\/\/www.bzsolutions.ch\/fr\/","logo":{"@type":"ImageObject","inLanguage":"fr-FR","@id":"https:\/\/www.bzsolutions.ch\/fr\/#\/schema\/logo\/image\/","url":"https:\/\/www.bzsolutions.ch\/wp-content\/uploads\/2024\/03\/logo_bz-solutions.png","contentUrl":"https:\/\/www.bzsolutions.ch\/wp-content\/uploads\/2024\/03\/logo_bz-solutions.png","width":600,"height":136,"caption":"BZ Solutions"},"image":{"@id":"https:\/\/www.bzsolutions.ch\/fr\/#\/schema\/logo\/image\/"}}]}},"_links":{"self":[{"href":"https:\/\/www.bzsolutions.ch\/fr\/wp-json\/wp\/v2\/product\/48766","targetHints":{"allow":["GET"]}}],"collection":[{"href":"https:\/\/www.bzsolutions.ch\/fr\/wp-json\/wp\/v2\/product"}],"about":[{"href":"https:\/\/www.bzsolutions.ch\/fr\/wp-json\/wp\/v2\/types\/product"}],"wp:featuredmedia":[{"embeddable":true,"href":"https:\/\/www.bzsolutions.ch\/fr\/wp-json\/wp\/v2\/media\/47944"}],"wp:attachment":[{"href":"https:\/\/www.bzsolutions.ch\/fr\/wp-json\/wp\/v2\/media?parent=48766"}],"wp:term":[{"taxonomy":"product_brand","embeddable":true,"href":"https:\/\/www.bzsolutions.ch\/fr\/wp-json\/wp\/v2\/product_brand?post=48766"},{"taxonomy":"product_cat","embeddable":true,"href":"https:\/\/www.bzsolutions.ch\/fr\/wp-json\/wp\/v2\/product_cat?post=48766"},{"taxonomy":"product_tag","embeddable":true,"href":"https:\/\/www.bzsolutions.ch\/fr\/wp-json\/wp\/v2\/product_tag?post=48766"}],"curies":[{"name":"wp","href":"https:\/\/api.w.org\/{rel}","templated":true}]}}