{"id":48767,"date":"2024-04-03T17:11:47","date_gmt":"2024-04-03T15:11:47","guid":{"rendered":"https:\/\/www.bzsolutions.ch\/produkt\/rotary-hip-glute\/"},"modified":"2024-04-03T17:11:47","modified_gmt":"2024-04-03T15:11:47","slug":"rotary-hip-glute","status":"publish","type":"product","link":"https:\/\/www.bzsolutions.ch\/fr\/produkt\/rotary-hip-glute\/","title":{"rendered":"ROTARY HIP &amp; GLUTE"},"content":{"rendered":"<p>01. SP\u00c9CIAL POUR LES HAUTES ET LES FESSES : La plate-forme r\u00e9glable et le coussin roulant du Rotary Hip &amp; Glute assurent un alignement pr\u00e9cis et un point de d\u00e9part optimal de tous les mouvements, ce qui permet un entra\u00eenement cibl\u00e9 des muscles des hanches et des fesses. Cela favorise un renforcement et une formation efficaces de ces domaines cl\u00e9s.<\/p>\n<p>02. POLYVALENCE ET ADAPTATION : Avec sa conception qui prend en charge quatre positions cl\u00e9s pour les exercices lat\u00e9raux, ant\u00e9rieurs et post\u00e9rieurs, cet appareil offre une diversit\u00e9 d&#8217;entra\u00eenement exceptionnelle. Les utilisateurs peuvent effectuer un large \u00e9ventail de mouvements pour cibler et renforcer diff\u00e9rents groupes musculaires.<\/p>\n<p>03. DURABILITE ET S\u00c9CURIT\u00c9 : La construction robuste du Rotary Hip &amp; Glute, compl\u00e9t\u00e9e par des protections compl\u00e8tes de la barre de poids, garantit non seulement une longue dur\u00e9e de vie, mais aussi une exp\u00e9rience d&#8217;entra\u00eenement en toute s\u00e9curit\u00e9. La finition de qualit\u00e9 et le design ergonomique garantissent confort et efficacit\u00e9 \u00e0 chaque exercice.2\u2033 x 4\u2033 Tubes carr\u00e9s Acier 9 Gauge<br \/>\nPeinture en poudre avec finition brillante claire<br \/>\nPlaques de poids en acier massif, tiges de guidage chrom\u00e9es dur, douilles \u00e0 faible frottement<br \/>\nPlate-forme r\u00e9glable et coussinets de rouleaux pour un alignement correct<br \/>\nPlage de mouvements initiale pour tous les mouvements<br \/>\nConception permettant quatre positions cl\u00e9s pour les exercices lat\u00e9raux, ant\u00e9rieurs et post\u00e9rieurs<br \/>\nCouverture compl\u00e8te de la pile de poids<\/p>\n","protected":false},"excerpt":{"rendered":"<p>Optimisez l&#8217;entra\u00eenement de vos hanches et de vos fessiers avec le Rotary Hip &amp; Glute, un appareil polyvalent qui assure un alignement pr\u00e9cis et un travail musculaire efficace gr\u00e2ce \u00e0 des plateformes r\u00e9glables et des coussins de roulement. Il offre quatre positions cl\u00e9s pour un entra\u00eenement complet des mouvements lat\u00e9raux, ant\u00e9rieurs et post\u00e9rieurs. De construction robuste avec des couvertures compl\u00e8tes de sacs de poids, il promet long\u00e9vit\u00e9 et s\u00e9curit\u00e9 \u00e0 chaque utilisation.<\/p>\n","protected":false},"featured_media":47948,"template":"","meta":{"inline_featured_image":false},"product_brand":[],"product_cat":[814,805,804,815],"product_tag":[808,816],"class_list":{"0":"post-48767","1":"product","2":"type-product","3":"status-publish","4":"has-post-thumbnail","6":"product_cat-appareils-de-musculation","7":"product_cat-drax-fr","8":"product_cat-fournisseur","9":"product_cat-station-de-musculation","10":"product_tag-drax-fr","11":"product_tag-station-de-musculation","12":"pa_breite-1610-mm-fr","13":"pa_gewicht-260-kg-573-lbs-fr","14":"pa_hoehe-1792-mm-fr","15":"pa_laenge-961-mm-fr","17":"first","18":"instock","19":"product-type-simple"},"yoast_head":"<!-- This site is optimized with the Yoast SEO plugin v23.8 - https:\/\/yoast.com\/wordpress\/plugins\/seo\/ -->\n<title>ROTARY HIP &amp; GLUTE - BZ Solutions<\/title>\n<meta name=\"robots\" content=\"index, follow, max-snippet:-1, max-image-preview:large, max-video-preview:-1\" \/>\n<link rel=\"canonical\" href=\"https:\/\/www.bzsolutions.ch\/fr\/produkt\/rotary-hip-glute\/\" \/>\n<meta property=\"og:locale\" content=\"fr_FR\" \/>\n<meta property=\"og:type\" content=\"article\" \/>\n<meta property=\"og:title\" content=\"ROTARY HIP &amp; GLUTE - BZ Solutions\" \/>\n<meta property=\"og:description\" content=\"Optimisez l&#039;entra\u00eenement de vos hanches et de vos fessiers avec le Rotary Hip &amp; Glute, un appareil polyvalent qui assure un alignement pr\u00e9cis et un travail musculaire efficace gr\u00e2ce \u00e0 des plateformes r\u00e9glables et des coussins de roulement. Il offre quatre positions cl\u00e9s pour un entra\u00eenement complet des mouvements lat\u00e9raux, ant\u00e9rieurs et post\u00e9rieurs. De construction robuste avec des couvertures compl\u00e8tes de sacs de poids, il promet long\u00e9vit\u00e9 et s\u00e9curit\u00e9 \u00e0 chaque utilisation.\" \/>\n<meta property=\"og:url\" content=\"https:\/\/www.bzsolutions.ch\/fr\/produkt\/rotary-hip-glute\/\" \/>\n<meta property=\"og:site_name\" content=\"BZ Solutions\" \/>\n<meta property=\"og:image\" content=\"https:\/\/www.bzsolutions.ch\/wp-content\/uploads\/2024\/04\/Drax_Rotary_Hip-Glute.png\" \/>\n\t<meta property=\"og:image:width\" content=\"1000\" \/>\n\t<meta property=\"og:image:height\" content=\"1000\" \/>\n\t<meta property=\"og:image:type\" content=\"image\/png\" \/>\n<meta name=\"twitter:card\" content=\"summary_large_image\" \/>\n<meta name=\"twitter:label1\" content=\"Dur\u00e9e de lecture estim\u00e9e\" \/>\n\t<meta name=\"twitter:data1\" content=\"1 minute\" \/>\n<script type=\"application\/ld+json\" class=\"yoast-schema-graph\">{\"@context\":\"https:\/\/schema.org\",\"@graph\":[{\"@type\":\"WebPage\",\"@id\":\"https:\/\/www.bzsolutions.ch\/fr\/produkt\/rotary-hip-glute\/\",\"url\":\"https:\/\/www.bzsolutions.ch\/fr\/produkt\/rotary-hip-glute\/\",\"name\":\"ROTARY HIP &amp; GLUTE - BZ Solutions\",\"isPartOf\":{\"@id\":\"https:\/\/www.bzsolutions.ch\/fr\/#website\"},\"primaryImageOfPage\":{\"@id\":\"https:\/\/www.bzsolutions.ch\/fr\/produkt\/rotary-hip-glute\/#primaryimage\"},\"image\":{\"@id\":\"https:\/\/www.bzsolutions.ch\/fr\/produkt\/rotary-hip-glute\/#primaryimage\"},\"thumbnailUrl\":\"https:\/\/www.bzsolutions.ch\/wp-content\/uploads\/2024\/04\/Drax_Rotary_Hip-Glute.png\",\"datePublished\":\"2024-04-03T15:11:47+00:00\",\"dateModified\":\"2024-04-03T15:11:47+00:00\",\"breadcrumb\":{\"@id\":\"https:\/\/www.bzsolutions.ch\/fr\/produkt\/rotary-hip-glute\/#breadcrumb\"},\"inLanguage\":\"fr-FR\",\"potentialAction\":[{\"@type\":\"ReadAction\",\"target\":[\"https:\/\/www.bzsolutions.ch\/fr\/produkt\/rotary-hip-glute\/\"]}]},{\"@type\":\"ImageObject\",\"inLanguage\":\"fr-FR\",\"@id\":\"https:\/\/www.bzsolutions.ch\/fr\/produkt\/rotary-hip-glute\/#primaryimage\",\"url\":\"https:\/\/www.bzsolutions.ch\/wp-content\/uploads\/2024\/04\/Drax_Rotary_Hip-Glute.png\",\"contentUrl\":\"https:\/\/www.bzsolutions.ch\/wp-content\/uploads\/2024\/04\/Drax_Rotary_Hip-Glute.png\",\"width\":1000,\"height\":1000},{\"@type\":\"BreadcrumbList\",\"@id\":\"https:\/\/www.bzsolutions.ch\/fr\/produkt\/rotary-hip-glute\/#breadcrumb\",\"itemListElement\":[{\"@type\":\"ListItem\",\"position\":1,\"name\":\"Startseite\",\"item\":\"https:\/\/www.bzsolutions.ch\/fr\/\"},{\"@type\":\"ListItem\",\"position\":2,\"name\":\"Shop\",\"item\":\"https:\/\/www.bzsolutions.ch\/shop\/\"},{\"@type\":\"ListItem\",\"position\":3,\"name\":\"ROTARY HIP &amp; GLUTE\"}]},{\"@type\":\"WebSite\",\"@id\":\"https:\/\/www.bzsolutions.ch\/fr\/#website\",\"url\":\"https:\/\/www.bzsolutions.ch\/fr\/\",\"name\":\"BZ Solutions\",\"description\":\"Total Fitness Solutions\",\"publisher\":{\"@id\":\"https:\/\/www.bzsolutions.ch\/fr\/#organization\"},\"potentialAction\":[{\"@type\":\"SearchAction\",\"target\":{\"@type\":\"EntryPoint\",\"urlTemplate\":\"https:\/\/www.bzsolutions.ch\/fr\/?s={search_term_string}\"},\"query-input\":{\"@type\":\"PropertyValueSpecification\",\"valueRequired\":true,\"valueName\":\"search_term_string\"}}],\"inLanguage\":\"fr-FR\"},{\"@type\":\"Organization\",\"@id\":\"https:\/\/www.bzsolutions.ch\/fr\/#organization\",\"name\":\"BZ Solutions\",\"url\":\"https:\/\/www.bzsolutions.ch\/fr\/\",\"logo\":{\"@type\":\"ImageObject\",\"inLanguage\":\"fr-FR\",\"@id\":\"https:\/\/www.bzsolutions.ch\/fr\/#\/schema\/logo\/image\/\",\"url\":\"https:\/\/www.bzsolutions.ch\/wp-content\/uploads\/2024\/03\/logo_bz-solutions.png\",\"contentUrl\":\"https:\/\/www.bzsolutions.ch\/wp-content\/uploads\/2024\/03\/logo_bz-solutions.png\",\"width\":600,\"height\":136,\"caption\":\"BZ Solutions\"},\"image\":{\"@id\":\"https:\/\/www.bzsolutions.ch\/fr\/#\/schema\/logo\/image\/\"}}]}<\/script>\n<!-- \/ Yoast SEO plugin. -->","yoast_head_json":{"title":"ROTARY HIP &amp; GLUTE - BZ Solutions","robots":{"index":"index","follow":"follow","max-snippet":"max-snippet:-1","max-image-preview":"max-image-preview:large","max-video-preview":"max-video-preview:-1"},"canonical":"https:\/\/www.bzsolutions.ch\/fr\/produkt\/rotary-hip-glute\/","og_locale":"fr_FR","og_type":"article","og_title":"ROTARY HIP &amp; GLUTE - BZ Solutions","og_description":"Optimisez l'entra\u00eenement de vos hanches et de vos fessiers avec le Rotary Hip &amp; Glute, un appareil polyvalent qui assure un alignement pr\u00e9cis et un travail musculaire efficace gr\u00e2ce \u00e0 des plateformes r\u00e9glables et des coussins de roulement. Il offre quatre positions cl\u00e9s pour un entra\u00eenement complet des mouvements lat\u00e9raux, ant\u00e9rieurs et post\u00e9rieurs. De construction robuste avec des couvertures compl\u00e8tes de sacs de poids, il promet long\u00e9vit\u00e9 et s\u00e9curit\u00e9 \u00e0 chaque utilisation.","og_url":"https:\/\/www.bzsolutions.ch\/fr\/produkt\/rotary-hip-glute\/","og_site_name":"BZ Solutions","og_image":[{"width":1000,"height":1000,"url":"https:\/\/www.bzsolutions.ch\/wp-content\/uploads\/2024\/04\/Drax_Rotary_Hip-Glute.png","type":"image\/png"}],"twitter_card":"summary_large_image","twitter_misc":{"Dur\u00e9e de lecture estim\u00e9e":"1 minute"},"schema":{"@context":"https:\/\/schema.org","@graph":[{"@type":"WebPage","@id":"https:\/\/www.bzsolutions.ch\/fr\/produkt\/rotary-hip-glute\/","url":"https:\/\/www.bzsolutions.ch\/fr\/produkt\/rotary-hip-glute\/","name":"ROTARY HIP &amp; GLUTE - BZ Solutions","isPartOf":{"@id":"https:\/\/www.bzsolutions.ch\/fr\/#website"},"primaryImageOfPage":{"@id":"https:\/\/www.bzsolutions.ch\/fr\/produkt\/rotary-hip-glute\/#primaryimage"},"image":{"@id":"https:\/\/www.bzsolutions.ch\/fr\/produkt\/rotary-hip-glute\/#primaryimage"},"thumbnailUrl":"https:\/\/www.bzsolutions.ch\/wp-content\/uploads\/2024\/04\/Drax_Rotary_Hip-Glute.png","datePublished":"2024-04-03T15:11:47+00:00","dateModified":"2024-04-03T15:11:47+00:00","breadcrumb":{"@id":"https:\/\/www.bzsolutions.ch\/fr\/produkt\/rotary-hip-glute\/#breadcrumb"},"inLanguage":"fr-FR","potentialAction":[{"@type":"ReadAction","target":["https:\/\/www.bzsolutions.ch\/fr\/produkt\/rotary-hip-glute\/"]}]},{"@type":"ImageObject","inLanguage":"fr-FR","@id":"https:\/\/www.bzsolutions.ch\/fr\/produkt\/rotary-hip-glute\/#primaryimage","url":"https:\/\/www.bzsolutions.ch\/wp-content\/uploads\/2024\/04\/Drax_Rotary_Hip-Glute.png","contentUrl":"https:\/\/www.bzsolutions.ch\/wp-content\/uploads\/2024\/04\/Drax_Rotary_Hip-Glute.png","width":1000,"height":1000},{"@type":"BreadcrumbList","@id":"https:\/\/www.bzsolutions.ch\/fr\/produkt\/rotary-hip-glute\/#breadcrumb","itemListElement":[{"@type":"ListItem","position":1,"name":"Startseite","item":"https:\/\/www.bzsolutions.ch\/fr\/"},{"@type":"ListItem","position":2,"name":"Shop","item":"https:\/\/www.bzsolutions.ch\/shop\/"},{"@type":"ListItem","position":3,"name":"ROTARY HIP &amp; GLUTE"}]},{"@type":"WebSite","@id":"https:\/\/www.bzsolutions.ch\/fr\/#website","url":"https:\/\/www.bzsolutions.ch\/fr\/","name":"BZ Solutions","description":"Total Fitness Solutions","publisher":{"@id":"https:\/\/www.bzsolutions.ch\/fr\/#organization"},"potentialAction":[{"@type":"SearchAction","target":{"@type":"EntryPoint","urlTemplate":"https:\/\/www.bzsolutions.ch\/fr\/?s={search_term_string}"},"query-input":{"@type":"PropertyValueSpecification","valueRequired":true,"valueName":"search_term_string"}}],"inLanguage":"fr-FR"},{"@type":"Organization","@id":"https:\/\/www.bzsolutions.ch\/fr\/#organization","name":"BZ Solutions","url":"https:\/\/www.bzsolutions.ch\/fr\/","logo":{"@type":"ImageObject","inLanguage":"fr-FR","@id":"https:\/\/www.bzsolutions.ch\/fr\/#\/schema\/logo\/image\/","url":"https:\/\/www.bzsolutions.ch\/wp-content\/uploads\/2024\/03\/logo_bz-solutions.png","contentUrl":"https:\/\/www.bzsolutions.ch\/wp-content\/uploads\/2024\/03\/logo_bz-solutions.png","width":600,"height":136,"caption":"BZ Solutions"},"image":{"@id":"https:\/\/www.bzsolutions.ch\/fr\/#\/schema\/logo\/image\/"}}]}},"_links":{"self":[{"href":"https:\/\/www.bzsolutions.ch\/fr\/wp-json\/wp\/v2\/product\/48767","targetHints":{"allow":["GET"]}}],"collection":[{"href":"https:\/\/www.bzsolutions.ch\/fr\/wp-json\/wp\/v2\/product"}],"about":[{"href":"https:\/\/www.bzsolutions.ch\/fr\/wp-json\/wp\/v2\/types\/product"}],"wp:featuredmedia":[{"embeddable":true,"href":"https:\/\/www.bzsolutions.ch\/fr\/wp-json\/wp\/v2\/media\/47948"}],"wp:attachment":[{"href":"https:\/\/www.bzsolutions.ch\/fr\/wp-json\/wp\/v2\/media?parent=48767"}],"wp:term":[{"taxonomy":"product_brand","embeddable":true,"href":"https:\/\/www.bzsolutions.ch\/fr\/wp-json\/wp\/v2\/product_brand?post=48767"},{"taxonomy":"product_cat","embeddable":true,"href":"https:\/\/www.bzsolutions.ch\/fr\/wp-json\/wp\/v2\/product_cat?post=48767"},{"taxonomy":"product_tag","embeddable":true,"href":"https:\/\/www.bzsolutions.ch\/fr\/wp-json\/wp\/v2\/product_tag?post=48767"}],"curies":[{"name":"wp","href":"https:\/\/api.w.org\/{rel}","templated":true}]}}