{"id":48774,"date":"2024-04-03T17:11:47","date_gmt":"2024-04-03T15:11:47","guid":{"rendered":"https:\/\/www.bzsolutions.ch\/produkt\/arbre-de-poids-olympique\/"},"modified":"2024-04-03T17:11:47","modified_gmt":"2024-04-03T15:11:47","slug":"arbre-de-poids-olympique","status":"publish","type":"product","link":"https:\/\/www.bzsolutions.ch\/fr\/produkt\/arbre-de-poids-olympique\/","title":{"rendered":"ARBRE DE POIDS OLYMPIQUE"},"content":{"rendered":"<p>01. ORDRE ET ACCESSIBILIT\u00c9 : L&#8217;Olympic Weight Tree a \u00e9t\u00e9 sp\u00e9cialement con\u00e7u pour permettre un rangement ordonn\u00e9 et efficace des disques de poids. Gr\u00e2ce \u00e0 sa conception ing\u00e9nieuse avec plusieurs cornes de poids, les utilisateurs peuvent organiser et acc\u00e9der aux poids rapidement et facilement. Cela permet d&#8217;assurer le bon d\u00e9roulement de l&#8217;entra\u00eenement et de garder la zone d&#8217;entra\u00eenement propre et ordonn\u00e9e.<\/p>\n<p>02. STABILIT\u00c9 ET S\u00c9CURIT\u00c9 : La construction robuste en acier de haute qualit\u00e9 garantit la stabilit\u00e9 et la durabilit\u00e9. L&#8217;Olympic Weight Tree repose solidement sur le sol, minimisant ainsi le risque de basculement et garantissant un environnement d&#8217;entra\u00eenement s\u00fbr.<\/p>\n<p>03. DESIGN \u00c9L\u00c9GANT ET PRATIQUE : En plus de sa fonctionnalit\u00e9, l&#8217;Olympic Weight Tree se distingue par son rev\u00eatement brillant \u00e0 deux couches, qui offre non seulement une protection contre l&#8217;usure, mais aussi une esth\u00e9tique agr\u00e9able. Son apparence \u00e9l\u00e9gante s&#8217;int\u00e8gre parfaitement dans n&#8217;importe quelle salle de sport et valorise visuellement l&#8217;espace d&#8217;entra\u00eenement.<\/p>\n","protected":false},"excerpt":{"rendered":"<p>L&#8217;Olympic Weight Tree permet de ranger les disques de poids de mani\u00e8re ordonn\u00e9e et facile d&#8217;acc\u00e8s. Sa construction robuste et son rev\u00eatement \u00e9l\u00e9gant et brillant garantissent non seulement la s\u00e9curit\u00e9 et la durabilit\u00e9, mais aussi une am\u00e9lioration visuelle de votre zone d&#8217;entra\u00eenement.<\/p>\n","protected":false},"featured_media":47937,"template":"","meta":{"inline_featured_image":false},"product_brand":[],"product_cat":[814,805,804,815],"product_tag":[808,816],"class_list":{"0":"post-48774","1":"product","2":"type-product","3":"status-publish","4":"has-post-thumbnail","6":"product_cat-appareils-de-musculation","7":"product_cat-drax-fr","8":"product_cat-fournisseur","9":"product_cat-station-de-musculation","10":"product_tag-drax-fr","11":"product_tag-station-de-musculation","12":"pa_breite-595-mm-fr","13":"pa_gewicht-22-kg-fr","14":"pa_hoehe-926-mm-fr","15":"pa_laenge-750-mm-fr","17":"first","18":"instock","19":"product-type-simple"},"yoast_head":"<!-- This site is optimized with the Yoast SEO plugin v23.8 - https:\/\/yoast.com\/wordpress\/plugins\/seo\/ -->\n<title>ARBRE DE POIDS OLYMPIQUE - BZ Solutions<\/title>\n<meta name=\"robots\" content=\"index, follow, max-snippet:-1, max-image-preview:large, max-video-preview:-1\" \/>\n<link rel=\"canonical\" href=\"https:\/\/www.bzsolutions.ch\/fr\/produkt\/arbre-de-poids-olympique\/\" \/>\n<meta property=\"og:locale\" content=\"fr_FR\" \/>\n<meta property=\"og:type\" content=\"article\" \/>\n<meta property=\"og:title\" content=\"ARBRE DE POIDS OLYMPIQUE - BZ Solutions\" \/>\n<meta property=\"og:description\" content=\"L&#039;Olympic Weight Tree permet de ranger les disques de poids de mani\u00e8re ordonn\u00e9e et facile d&#039;acc\u00e8s. Sa construction robuste et son rev\u00eatement \u00e9l\u00e9gant et brillant garantissent non seulement la s\u00e9curit\u00e9 et la durabilit\u00e9, mais aussi une am\u00e9lioration visuelle de votre zone d&#039;entra\u00eenement.\" \/>\n<meta property=\"og:url\" content=\"https:\/\/www.bzsolutions.ch\/fr\/produkt\/arbre-de-poids-olympique\/\" \/>\n<meta property=\"og:site_name\" content=\"BZ Solutions\" \/>\n<meta property=\"og:image\" content=\"https:\/\/www.bzsolutions.ch\/wp-content\/uploads\/2024\/04\/Drax_Weight_Tree.png\" \/>\n\t<meta property=\"og:image:width\" content=\"1000\" \/>\n\t<meta property=\"og:image:height\" content=\"1000\" \/>\n\t<meta property=\"og:image:type\" content=\"image\/png\" \/>\n<meta name=\"twitter:card\" content=\"summary_large_image\" \/>\n<meta name=\"twitter:label1\" content=\"Dur\u00e9e de lecture estim\u00e9e\" \/>\n\t<meta name=\"twitter:data1\" content=\"1 minute\" \/>\n<script type=\"application\/ld+json\" class=\"yoast-schema-graph\">{\"@context\":\"https:\/\/schema.org\",\"@graph\":[{\"@type\":\"WebPage\",\"@id\":\"https:\/\/www.bzsolutions.ch\/fr\/produkt\/arbre-de-poids-olympique\/\",\"url\":\"https:\/\/www.bzsolutions.ch\/fr\/produkt\/arbre-de-poids-olympique\/\",\"name\":\"ARBRE DE POIDS OLYMPIQUE - BZ Solutions\",\"isPartOf\":{\"@id\":\"https:\/\/www.bzsolutions.ch\/fr\/#website\"},\"primaryImageOfPage\":{\"@id\":\"https:\/\/www.bzsolutions.ch\/fr\/produkt\/arbre-de-poids-olympique\/#primaryimage\"},\"image\":{\"@id\":\"https:\/\/www.bzsolutions.ch\/fr\/produkt\/arbre-de-poids-olympique\/#primaryimage\"},\"thumbnailUrl\":\"https:\/\/www.bzsolutions.ch\/wp-content\/uploads\/2024\/04\/Drax_Weight_Tree.png\",\"datePublished\":\"2024-04-03T15:11:47+00:00\",\"dateModified\":\"2024-04-03T15:11:47+00:00\",\"breadcrumb\":{\"@id\":\"https:\/\/www.bzsolutions.ch\/fr\/produkt\/arbre-de-poids-olympique\/#breadcrumb\"},\"inLanguage\":\"fr-FR\",\"potentialAction\":[{\"@type\":\"ReadAction\",\"target\":[\"https:\/\/www.bzsolutions.ch\/fr\/produkt\/arbre-de-poids-olympique\/\"]}]},{\"@type\":\"ImageObject\",\"inLanguage\":\"fr-FR\",\"@id\":\"https:\/\/www.bzsolutions.ch\/fr\/produkt\/arbre-de-poids-olympique\/#primaryimage\",\"url\":\"https:\/\/www.bzsolutions.ch\/wp-content\/uploads\/2024\/04\/Drax_Weight_Tree.png\",\"contentUrl\":\"https:\/\/www.bzsolutions.ch\/wp-content\/uploads\/2024\/04\/Drax_Weight_Tree.png\",\"width\":1000,\"height\":1000},{\"@type\":\"BreadcrumbList\",\"@id\":\"https:\/\/www.bzsolutions.ch\/fr\/produkt\/arbre-de-poids-olympique\/#breadcrumb\",\"itemListElement\":[{\"@type\":\"ListItem\",\"position\":1,\"name\":\"Startseite\",\"item\":\"https:\/\/www.bzsolutions.ch\/fr\/\"},{\"@type\":\"ListItem\",\"position\":2,\"name\":\"Shop\",\"item\":\"https:\/\/www.bzsolutions.ch\/shop\/\"},{\"@type\":\"ListItem\",\"position\":3,\"name\":\"ARBRE DE POIDS OLYMPIQUE\"}]},{\"@type\":\"WebSite\",\"@id\":\"https:\/\/www.bzsolutions.ch\/fr\/#website\",\"url\":\"https:\/\/www.bzsolutions.ch\/fr\/\",\"name\":\"BZ Solutions\",\"description\":\"Total Fitness Solutions\",\"publisher\":{\"@id\":\"https:\/\/www.bzsolutions.ch\/fr\/#organization\"},\"potentialAction\":[{\"@type\":\"SearchAction\",\"target\":{\"@type\":\"EntryPoint\",\"urlTemplate\":\"https:\/\/www.bzsolutions.ch\/fr\/?s={search_term_string}\"},\"query-input\":{\"@type\":\"PropertyValueSpecification\",\"valueRequired\":true,\"valueName\":\"search_term_string\"}}],\"inLanguage\":\"fr-FR\"},{\"@type\":\"Organization\",\"@id\":\"https:\/\/www.bzsolutions.ch\/fr\/#organization\",\"name\":\"BZ Solutions\",\"url\":\"https:\/\/www.bzsolutions.ch\/fr\/\",\"logo\":{\"@type\":\"ImageObject\",\"inLanguage\":\"fr-FR\",\"@id\":\"https:\/\/www.bzsolutions.ch\/fr\/#\/schema\/logo\/image\/\",\"url\":\"https:\/\/www.bzsolutions.ch\/wp-content\/uploads\/2024\/03\/logo_bz-solutions.png\",\"contentUrl\":\"https:\/\/www.bzsolutions.ch\/wp-content\/uploads\/2024\/03\/logo_bz-solutions.png\",\"width\":600,\"height\":136,\"caption\":\"BZ Solutions\"},\"image\":{\"@id\":\"https:\/\/www.bzsolutions.ch\/fr\/#\/schema\/logo\/image\/\"}}]}<\/script>\n<!-- \/ Yoast SEO plugin. -->","yoast_head_json":{"title":"ARBRE DE POIDS OLYMPIQUE - BZ Solutions","robots":{"index":"index","follow":"follow","max-snippet":"max-snippet:-1","max-image-preview":"max-image-preview:large","max-video-preview":"max-video-preview:-1"},"canonical":"https:\/\/www.bzsolutions.ch\/fr\/produkt\/arbre-de-poids-olympique\/","og_locale":"fr_FR","og_type":"article","og_title":"ARBRE DE POIDS OLYMPIQUE - BZ Solutions","og_description":"L'Olympic Weight Tree permet de ranger les disques de poids de mani\u00e8re ordonn\u00e9e et facile d'acc\u00e8s. Sa construction robuste et son rev\u00eatement \u00e9l\u00e9gant et brillant garantissent non seulement la s\u00e9curit\u00e9 et la durabilit\u00e9, mais aussi une am\u00e9lioration visuelle de votre zone d'entra\u00eenement.","og_url":"https:\/\/www.bzsolutions.ch\/fr\/produkt\/arbre-de-poids-olympique\/","og_site_name":"BZ Solutions","og_image":[{"width":1000,"height":1000,"url":"https:\/\/www.bzsolutions.ch\/wp-content\/uploads\/2024\/04\/Drax_Weight_Tree.png","type":"image\/png"}],"twitter_card":"summary_large_image","twitter_misc":{"Dur\u00e9e de lecture estim\u00e9e":"1 minute"},"schema":{"@context":"https:\/\/schema.org","@graph":[{"@type":"WebPage","@id":"https:\/\/www.bzsolutions.ch\/fr\/produkt\/arbre-de-poids-olympique\/","url":"https:\/\/www.bzsolutions.ch\/fr\/produkt\/arbre-de-poids-olympique\/","name":"ARBRE DE POIDS OLYMPIQUE - BZ Solutions","isPartOf":{"@id":"https:\/\/www.bzsolutions.ch\/fr\/#website"},"primaryImageOfPage":{"@id":"https:\/\/www.bzsolutions.ch\/fr\/produkt\/arbre-de-poids-olympique\/#primaryimage"},"image":{"@id":"https:\/\/www.bzsolutions.ch\/fr\/produkt\/arbre-de-poids-olympique\/#primaryimage"},"thumbnailUrl":"https:\/\/www.bzsolutions.ch\/wp-content\/uploads\/2024\/04\/Drax_Weight_Tree.png","datePublished":"2024-04-03T15:11:47+00:00","dateModified":"2024-04-03T15:11:47+00:00","breadcrumb":{"@id":"https:\/\/www.bzsolutions.ch\/fr\/produkt\/arbre-de-poids-olympique\/#breadcrumb"},"inLanguage":"fr-FR","potentialAction":[{"@type":"ReadAction","target":["https:\/\/www.bzsolutions.ch\/fr\/produkt\/arbre-de-poids-olympique\/"]}]},{"@type":"ImageObject","inLanguage":"fr-FR","@id":"https:\/\/www.bzsolutions.ch\/fr\/produkt\/arbre-de-poids-olympique\/#primaryimage","url":"https:\/\/www.bzsolutions.ch\/wp-content\/uploads\/2024\/04\/Drax_Weight_Tree.png","contentUrl":"https:\/\/www.bzsolutions.ch\/wp-content\/uploads\/2024\/04\/Drax_Weight_Tree.png","width":1000,"height":1000},{"@type":"BreadcrumbList","@id":"https:\/\/www.bzsolutions.ch\/fr\/produkt\/arbre-de-poids-olympique\/#breadcrumb","itemListElement":[{"@type":"ListItem","position":1,"name":"Startseite","item":"https:\/\/www.bzsolutions.ch\/fr\/"},{"@type":"ListItem","position":2,"name":"Shop","item":"https:\/\/www.bzsolutions.ch\/shop\/"},{"@type":"ListItem","position":3,"name":"ARBRE DE POIDS OLYMPIQUE"}]},{"@type":"WebSite","@id":"https:\/\/www.bzsolutions.ch\/fr\/#website","url":"https:\/\/www.bzsolutions.ch\/fr\/","name":"BZ Solutions","description":"Total Fitness Solutions","publisher":{"@id":"https:\/\/www.bzsolutions.ch\/fr\/#organization"},"potentialAction":[{"@type":"SearchAction","target":{"@type":"EntryPoint","urlTemplate":"https:\/\/www.bzsolutions.ch\/fr\/?s={search_term_string}"},"query-input":{"@type":"PropertyValueSpecification","valueRequired":true,"valueName":"search_term_string"}}],"inLanguage":"fr-FR"},{"@type":"Organization","@id":"https:\/\/www.bzsolutions.ch\/fr\/#organization","name":"BZ Solutions","url":"https:\/\/www.bzsolutions.ch\/fr\/","logo":{"@type":"ImageObject","inLanguage":"fr-FR","@id":"https:\/\/www.bzsolutions.ch\/fr\/#\/schema\/logo\/image\/","url":"https:\/\/www.bzsolutions.ch\/wp-content\/uploads\/2024\/03\/logo_bz-solutions.png","contentUrl":"https:\/\/www.bzsolutions.ch\/wp-content\/uploads\/2024\/03\/logo_bz-solutions.png","width":600,"height":136,"caption":"BZ Solutions"},"image":{"@id":"https:\/\/www.bzsolutions.ch\/fr\/#\/schema\/logo\/image\/"}}]}},"_links":{"self":[{"href":"https:\/\/www.bzsolutions.ch\/fr\/wp-json\/wp\/v2\/product\/48774","targetHints":{"allow":["GET"]}}],"collection":[{"href":"https:\/\/www.bzsolutions.ch\/fr\/wp-json\/wp\/v2\/product"}],"about":[{"href":"https:\/\/www.bzsolutions.ch\/fr\/wp-json\/wp\/v2\/types\/product"}],"wp:featuredmedia":[{"embeddable":true,"href":"https:\/\/www.bzsolutions.ch\/fr\/wp-json\/wp\/v2\/media\/47937"}],"wp:attachment":[{"href":"https:\/\/www.bzsolutions.ch\/fr\/wp-json\/wp\/v2\/media?parent=48774"}],"wp:term":[{"taxonomy":"product_brand","embeddable":true,"href":"https:\/\/www.bzsolutions.ch\/fr\/wp-json\/wp\/v2\/product_brand?post=48774"},{"taxonomy":"product_cat","embeddable":true,"href":"https:\/\/www.bzsolutions.ch\/fr\/wp-json\/wp\/v2\/product_cat?post=48774"},{"taxonomy":"product_tag","embeddable":true,"href":"https:\/\/www.bzsolutions.ch\/fr\/wp-json\/wp\/v2\/product_tag?post=48774"}],"curies":[{"name":"wp","href":"https:\/\/api.w.org\/{rel}","templated":true}]}}