{"id":48775,"date":"2024-04-03T17:11:47","date_gmt":"2024-04-03T15:11:47","guid":{"rendered":"https:\/\/www.bzsolutions.ch\/produkt\/power-rack\/"},"modified":"2024-04-03T17:11:47","modified_gmt":"2024-04-03T15:11:47","slug":"power-rack","status":"publish","type":"product","link":"https:\/\/www.bzsolutions.ch\/fr\/produkt\/power-rack\/","title":{"rendered":"POWER RACK"},"content":{"rendered":"<p>01. TECHNOLOGIE INNOVANTE : Le syst\u00e8me pneumatique de Keiser s&#8217;int\u00e8gre parfaitement avec les halt\u00e8res olympiques pour offrir une vari\u00e9t\u00e9 d&#8217;entra\u00eenement in\u00e9gal\u00e9e. Que vous choisissiez d&#8217;utiliser de l&#8217;air comprim\u00e9, des poids ou une combinaison des deux, le Power Rack offre la plate-forme parfaite pour am\u00e9liorer la force, l&#8217;explosivit\u00e9 et le contr\u00f4le du corps.<\/p>\n<p>02. FLEXIBILIT\u00c9 ET S\u00c9CURIT\u00c9 : La flexibilit\u00e9 du syst\u00e8me permet un large \u00e9ventail d&#8217;exercices sp\u00e9cialement con\u00e7us pour augmenter votre force tout en garantissant la s\u00e9curit\u00e9. L&#8217;int\u00e9gration d&#8217;unit\u00e9s pneumatiques vous permet d&#8217;augmenter votre puissance et votre stabilit\u00e9 sans exercer de pression sur les tendons ou les tissus mous.<\/p>\n<p>03. R\u00c9SULTATS \u00c9PROUV\u00c9S : Les recherches confirment que les athl\u00e8tes qui s&#8217;entra\u00eenent avec le Power Rack obtiennent des am\u00e9liorations significatives de leur force g\u00e9n\u00e9rale, de leur contr\u00f4le et de leur explosivit\u00e9. Populaire aupr\u00e8s des \u00e9quipes sportives professionnelles, c&#8217;est l&#8217;outil d&#8217;entra\u00eenement ultime pour tous ceux qui souhaitent porter leurs performances \u00e0 un niveau sup\u00e9rieur.<\/p>\n","protected":false},"excerpt":{"rendered":"<p>Entra\u00eenez-vous sans forcer sur les tendons et les tissus mous :<br \/>\nL&#8217;innovation Keiser a encore cr\u00e9\u00e9 un nouveau standard. Le syst\u00e8me Rack int\u00e8gre l&#8217;efficacit\u00e9 des halt\u00e8res et les possibilit\u00e9s d&#8217;entra\u00eenement illimit\u00e9es des appareils d&#8217;entra\u00eenement pneumatiques Keiser. L&#8217;avantage est que vous pouvez augmenter votre puissance, am\u00e9liorer votre stabilit\u00e9 et travailler votre force sans affecter n\u00e9gativement les tendons et les tissus mous.<\/p>\n","protected":false},"featured_media":47940,"template":"","meta":{"inline_featured_image":false},"product_brand":[],"product_cat":[814,805,804,815],"product_tag":[808,816],"class_list":{"0":"post-48775","1":"product","2":"type-product","3":"status-publish","4":"has-post-thumbnail","6":"product_cat-appareils-de-musculation","7":"product_cat-drax-fr","8":"product_cat-fournisseur","9":"product_cat-station-de-musculation","10":"product_tag-drax-fr","11":"product_tag-station-de-musculation","12":"pa_breite-1854-mm-fr","13":"pa_gewicht-405-kg-fr","14":"pa_hoehe-2743-mm-fr","15":"pa_laenge-2616-mm-fr","16":"pa_widerstand-0-96-kg-fr","18":"first","19":"instock","20":"product-type-simple"},"yoast_head":"<!-- This site is optimized with the Yoast SEO plugin v23.8 - https:\/\/yoast.com\/wordpress\/plugins\/seo\/ -->\n<title>POWER RACK - BZ Solutions<\/title>\n<meta name=\"robots\" content=\"index, follow, max-snippet:-1, max-image-preview:large, max-video-preview:-1\" \/>\n<link rel=\"canonical\" href=\"https:\/\/www.bzsolutions.ch\/fr\/produkt\/power-rack\/\" \/>\n<meta property=\"og:locale\" content=\"fr_FR\" \/>\n<meta property=\"og:type\" content=\"article\" \/>\n<meta property=\"og:title\" content=\"POWER RACK - BZ Solutions\" \/>\n<meta property=\"og:description\" content=\"Entra\u00eenez-vous sans forcer sur les tendons et les tissus mous : L&#039;innovation Keiser a encore cr\u00e9\u00e9 un nouveau standard. Le syst\u00e8me Rack int\u00e8gre l&#039;efficacit\u00e9 des halt\u00e8res et les possibilit\u00e9s d&#039;entra\u00eenement illimit\u00e9es des appareils d&#039;entra\u00eenement pneumatiques Keiser. L&#039;avantage est que vous pouvez augmenter votre puissance, am\u00e9liorer votre stabilit\u00e9 et travailler votre force sans affecter n\u00e9gativement les tendons et les tissus mous.\" \/>\n<meta property=\"og:url\" content=\"https:\/\/www.bzsolutions.ch\/fr\/produkt\/power-rack\/\" \/>\n<meta property=\"og:site_name\" content=\"BZ Solutions\" \/>\n<meta property=\"og:image\" content=\"https:\/\/www.bzsolutions.ch\/wp-content\/uploads\/2024\/04\/Drax_Power_Rack.png\" \/>\n\t<meta property=\"og:image:width\" content=\"1000\" \/>\n\t<meta property=\"og:image:height\" content=\"1000\" \/>\n\t<meta property=\"og:image:type\" content=\"image\/png\" \/>\n<meta name=\"twitter:card\" content=\"summary_large_image\" \/>\n<meta name=\"twitter:label1\" content=\"Dur\u00e9e de lecture estim\u00e9e\" \/>\n\t<meta name=\"twitter:data1\" content=\"1 minute\" \/>\n<script type=\"application\/ld+json\" class=\"yoast-schema-graph\">{\"@context\":\"https:\/\/schema.org\",\"@graph\":[{\"@type\":\"WebPage\",\"@id\":\"https:\/\/www.bzsolutions.ch\/fr\/produkt\/power-rack\/\",\"url\":\"https:\/\/www.bzsolutions.ch\/fr\/produkt\/power-rack\/\",\"name\":\"POWER RACK - BZ Solutions\",\"isPartOf\":{\"@id\":\"https:\/\/www.bzsolutions.ch\/fr\/#website\"},\"primaryImageOfPage\":{\"@id\":\"https:\/\/www.bzsolutions.ch\/fr\/produkt\/power-rack\/#primaryimage\"},\"image\":{\"@id\":\"https:\/\/www.bzsolutions.ch\/fr\/produkt\/power-rack\/#primaryimage\"},\"thumbnailUrl\":\"https:\/\/www.bzsolutions.ch\/wp-content\/uploads\/2024\/04\/Drax_Power_Rack.png\",\"datePublished\":\"2024-04-03T15:11:47+00:00\",\"dateModified\":\"2024-04-03T15:11:47+00:00\",\"breadcrumb\":{\"@id\":\"https:\/\/www.bzsolutions.ch\/fr\/produkt\/power-rack\/#breadcrumb\"},\"inLanguage\":\"fr-FR\",\"potentialAction\":[{\"@type\":\"ReadAction\",\"target\":[\"https:\/\/www.bzsolutions.ch\/fr\/produkt\/power-rack\/\"]}]},{\"@type\":\"ImageObject\",\"inLanguage\":\"fr-FR\",\"@id\":\"https:\/\/www.bzsolutions.ch\/fr\/produkt\/power-rack\/#primaryimage\",\"url\":\"https:\/\/www.bzsolutions.ch\/wp-content\/uploads\/2024\/04\/Drax_Power_Rack.png\",\"contentUrl\":\"https:\/\/www.bzsolutions.ch\/wp-content\/uploads\/2024\/04\/Drax_Power_Rack.png\",\"width\":1000,\"height\":1000},{\"@type\":\"BreadcrumbList\",\"@id\":\"https:\/\/www.bzsolutions.ch\/fr\/produkt\/power-rack\/#breadcrumb\",\"itemListElement\":[{\"@type\":\"ListItem\",\"position\":1,\"name\":\"Startseite\",\"item\":\"https:\/\/www.bzsolutions.ch\/fr\/\"},{\"@type\":\"ListItem\",\"position\":2,\"name\":\"Shop\",\"item\":\"https:\/\/www.bzsolutions.ch\/shop\/\"},{\"@type\":\"ListItem\",\"position\":3,\"name\":\"POWER RACK\"}]},{\"@type\":\"WebSite\",\"@id\":\"https:\/\/www.bzsolutions.ch\/fr\/#website\",\"url\":\"https:\/\/www.bzsolutions.ch\/fr\/\",\"name\":\"BZ Solutions\",\"description\":\"Total Fitness Solutions\",\"publisher\":{\"@id\":\"https:\/\/www.bzsolutions.ch\/fr\/#organization\"},\"potentialAction\":[{\"@type\":\"SearchAction\",\"target\":{\"@type\":\"EntryPoint\",\"urlTemplate\":\"https:\/\/www.bzsolutions.ch\/fr\/?s={search_term_string}\"},\"query-input\":{\"@type\":\"PropertyValueSpecification\",\"valueRequired\":true,\"valueName\":\"search_term_string\"}}],\"inLanguage\":\"fr-FR\"},{\"@type\":\"Organization\",\"@id\":\"https:\/\/www.bzsolutions.ch\/fr\/#organization\",\"name\":\"BZ Solutions\",\"url\":\"https:\/\/www.bzsolutions.ch\/fr\/\",\"logo\":{\"@type\":\"ImageObject\",\"inLanguage\":\"fr-FR\",\"@id\":\"https:\/\/www.bzsolutions.ch\/fr\/#\/schema\/logo\/image\/\",\"url\":\"https:\/\/www.bzsolutions.ch\/wp-content\/uploads\/2024\/03\/logo_bz-solutions.png\",\"contentUrl\":\"https:\/\/www.bzsolutions.ch\/wp-content\/uploads\/2024\/03\/logo_bz-solutions.png\",\"width\":600,\"height\":136,\"caption\":\"BZ Solutions\"},\"image\":{\"@id\":\"https:\/\/www.bzsolutions.ch\/fr\/#\/schema\/logo\/image\/\"}}]}<\/script>\n<!-- \/ Yoast SEO plugin. -->","yoast_head_json":{"title":"POWER RACK - BZ Solutions","robots":{"index":"index","follow":"follow","max-snippet":"max-snippet:-1","max-image-preview":"max-image-preview:large","max-video-preview":"max-video-preview:-1"},"canonical":"https:\/\/www.bzsolutions.ch\/fr\/produkt\/power-rack\/","og_locale":"fr_FR","og_type":"article","og_title":"POWER RACK - BZ Solutions","og_description":"Entra\u00eenez-vous sans forcer sur les tendons et les tissus mous : L'innovation Keiser a encore cr\u00e9\u00e9 un nouveau standard. Le syst\u00e8me Rack int\u00e8gre l'efficacit\u00e9 des halt\u00e8res et les possibilit\u00e9s d'entra\u00eenement illimit\u00e9es des appareils d'entra\u00eenement pneumatiques Keiser. L'avantage est que vous pouvez augmenter votre puissance, am\u00e9liorer votre stabilit\u00e9 et travailler votre force sans affecter n\u00e9gativement les tendons et les tissus mous.","og_url":"https:\/\/www.bzsolutions.ch\/fr\/produkt\/power-rack\/","og_site_name":"BZ Solutions","og_image":[{"width":1000,"height":1000,"url":"https:\/\/www.bzsolutions.ch\/wp-content\/uploads\/2024\/04\/Drax_Power_Rack.png","type":"image\/png"}],"twitter_card":"summary_large_image","twitter_misc":{"Dur\u00e9e de lecture estim\u00e9e":"1 minute"},"schema":{"@context":"https:\/\/schema.org","@graph":[{"@type":"WebPage","@id":"https:\/\/www.bzsolutions.ch\/fr\/produkt\/power-rack\/","url":"https:\/\/www.bzsolutions.ch\/fr\/produkt\/power-rack\/","name":"POWER RACK - BZ Solutions","isPartOf":{"@id":"https:\/\/www.bzsolutions.ch\/fr\/#website"},"primaryImageOfPage":{"@id":"https:\/\/www.bzsolutions.ch\/fr\/produkt\/power-rack\/#primaryimage"},"image":{"@id":"https:\/\/www.bzsolutions.ch\/fr\/produkt\/power-rack\/#primaryimage"},"thumbnailUrl":"https:\/\/www.bzsolutions.ch\/wp-content\/uploads\/2024\/04\/Drax_Power_Rack.png","datePublished":"2024-04-03T15:11:47+00:00","dateModified":"2024-04-03T15:11:47+00:00","breadcrumb":{"@id":"https:\/\/www.bzsolutions.ch\/fr\/produkt\/power-rack\/#breadcrumb"},"inLanguage":"fr-FR","potentialAction":[{"@type":"ReadAction","target":["https:\/\/www.bzsolutions.ch\/fr\/produkt\/power-rack\/"]}]},{"@type":"ImageObject","inLanguage":"fr-FR","@id":"https:\/\/www.bzsolutions.ch\/fr\/produkt\/power-rack\/#primaryimage","url":"https:\/\/www.bzsolutions.ch\/wp-content\/uploads\/2024\/04\/Drax_Power_Rack.png","contentUrl":"https:\/\/www.bzsolutions.ch\/wp-content\/uploads\/2024\/04\/Drax_Power_Rack.png","width":1000,"height":1000},{"@type":"BreadcrumbList","@id":"https:\/\/www.bzsolutions.ch\/fr\/produkt\/power-rack\/#breadcrumb","itemListElement":[{"@type":"ListItem","position":1,"name":"Startseite","item":"https:\/\/www.bzsolutions.ch\/fr\/"},{"@type":"ListItem","position":2,"name":"Shop","item":"https:\/\/www.bzsolutions.ch\/shop\/"},{"@type":"ListItem","position":3,"name":"POWER RACK"}]},{"@type":"WebSite","@id":"https:\/\/www.bzsolutions.ch\/fr\/#website","url":"https:\/\/www.bzsolutions.ch\/fr\/","name":"BZ Solutions","description":"Total Fitness Solutions","publisher":{"@id":"https:\/\/www.bzsolutions.ch\/fr\/#organization"},"potentialAction":[{"@type":"SearchAction","target":{"@type":"EntryPoint","urlTemplate":"https:\/\/www.bzsolutions.ch\/fr\/?s={search_term_string}"},"query-input":{"@type":"PropertyValueSpecification","valueRequired":true,"valueName":"search_term_string"}}],"inLanguage":"fr-FR"},{"@type":"Organization","@id":"https:\/\/www.bzsolutions.ch\/fr\/#organization","name":"BZ Solutions","url":"https:\/\/www.bzsolutions.ch\/fr\/","logo":{"@type":"ImageObject","inLanguage":"fr-FR","@id":"https:\/\/www.bzsolutions.ch\/fr\/#\/schema\/logo\/image\/","url":"https:\/\/www.bzsolutions.ch\/wp-content\/uploads\/2024\/03\/logo_bz-solutions.png","contentUrl":"https:\/\/www.bzsolutions.ch\/wp-content\/uploads\/2024\/03\/logo_bz-solutions.png","width":600,"height":136,"caption":"BZ Solutions"},"image":{"@id":"https:\/\/www.bzsolutions.ch\/fr\/#\/schema\/logo\/image\/"}}]}},"_links":{"self":[{"href":"https:\/\/www.bzsolutions.ch\/fr\/wp-json\/wp\/v2\/product\/48775","targetHints":{"allow":["GET"]}}],"collection":[{"href":"https:\/\/www.bzsolutions.ch\/fr\/wp-json\/wp\/v2\/product"}],"about":[{"href":"https:\/\/www.bzsolutions.ch\/fr\/wp-json\/wp\/v2\/types\/product"}],"wp:featuredmedia":[{"embeddable":true,"href":"https:\/\/www.bzsolutions.ch\/fr\/wp-json\/wp\/v2\/media\/47940"}],"wp:attachment":[{"href":"https:\/\/www.bzsolutions.ch\/fr\/wp-json\/wp\/v2\/media?parent=48775"}],"wp:term":[{"taxonomy":"product_brand","embeddable":true,"href":"https:\/\/www.bzsolutions.ch\/fr\/wp-json\/wp\/v2\/product_brand?post=48775"},{"taxonomy":"product_cat","embeddable":true,"href":"https:\/\/www.bzsolutions.ch\/fr\/wp-json\/wp\/v2\/product_cat?post=48775"},{"taxonomy":"product_tag","embeddable":true,"href":"https:\/\/www.bzsolutions.ch\/fr\/wp-json\/wp\/v2\/product_tag?post=48775"}],"curies":[{"name":"wp","href":"https:\/\/api.w.org\/{rel}","templated":true}]}}