{"id":48776,"date":"2024-04-03T17:10:01","date_gmt":"2024-04-03T15:10:01","guid":{"rendered":"https:\/\/www.bzsolutions.ch\/produkt\/olympic-squat-rack\/"},"modified":"2024-04-03T17:10:01","modified_gmt":"2024-04-03T15:10:01","slug":"olympic-squat-rack","status":"publish","type":"product","link":"https:\/\/www.bzsolutions.ch\/fr\/produkt\/olympic-squat-rack\/","title":{"rendered":"OLYMPIC SQUAT RACK"},"content":{"rendered":"<p>01. POLYVALENT ET CIBL\u00c9 : Le support de squat olympique se caract\u00e9rise par 5 positions de levage fixes qui permettent une large gamme d&#8217;exercices et conviennent aux athl\u00e8tes de tous niveaux d&#8217;exp\u00e9rience. Cette fonctionnalit\u00e9 garantit une s\u00e9ance d&#8217;entra\u00eenement personnalisable et efficace, adapt\u00e9e aux besoins et objectifs sp\u00e9cifiques de l&#8217;utilisateur.<\/p>\n<p>02. POSSIBILIT\u00c9S DE RANGEMENT \u00c9LARGIES : Avec un total de 8 cornes de poids, le Squat Rack offre beaucoup d&#8217;espace pour les disques de poids, ce qui permet de passer rapidement d&#8217;un poids \u00e0 l&#8217;autre pendant l&#8217;entra\u00eenement et de garder la zone d&#8217;entra\u00eenement ordonn\u00e9e et organis\u00e9e.<\/p>\n<p>03. S\u00c9CURIT\u00c9 MAXIMALE : Des rails de s\u00e9curit\u00e9 fixes assurent une protection suppl\u00e9mentaire pendant l&#8217;entra\u00eenement en fournissant un support s\u00fbr pour la barre d&#8217;halt\u00e8res. Cette caract\u00e9ristique de s\u00e9curit\u00e9 importante permet \u00e0 l&#8217;utilisateur de repousser ses limites en toute confiance, sans augmenter le risque de blessure.<\/p>\n","protected":false},"excerpt":{"rendered":"<p>Cet appareil de haute qualit\u00e9 combine une construction robuste et un design bien pens\u00e9 pour une meilleure qualit\u00e9 d&#8217;entra\u00eenement. Avec 5 positions de levage fixes et 8 cornes de poids pour une grande vari\u00e9t\u00e9 d&#8217;exercices, ainsi que des rails de s\u00e9curit\u00e9 fixes pour une protection maximale, l&#8217;Olympic Squat Rack offre une base optimale pour des exercices de jambes intensifs. C&#8217;est la solution id\u00e9ale pour les athl\u00e8tes qui souhaitent faire passer leur entra\u00eenement au niveau sup\u00e9rieur tout en garantissant un d\u00e9roulement s\u00fbr et efficace de l&#8217;entra\u00eenement.<\/p>\n","protected":false},"featured_media":47936,"template":"","meta":{"inline_featured_image":false},"product_brand":[],"product_cat":[814,805,804,815],"product_tag":[808,816],"class_list":{"0":"post-48776","1":"product","2":"type-product","3":"status-publish","4":"has-post-thumbnail","6":"product_cat-appareils-de-musculation","7":"product_cat-drax-fr","8":"product_cat-fournisseur","9":"product_cat-station-de-musculation","10":"product_tag-drax-fr","11":"product_tag-station-de-musculation","12":"pa_breite-1755-mm-fr","13":"pa_gewicht-110-kg-fr","14":"pa_hoehe-1889-mm-fr","15":"pa_laenge-1724-mm-fr","17":"first","18":"instock","19":"product-type-simple"},"yoast_head":"<!-- This site is optimized with the Yoast SEO plugin v23.8 - https:\/\/yoast.com\/wordpress\/plugins\/seo\/ -->\n<title>OLYMPIC SQUAT RACK - BZ Solutions<\/title>\n<meta name=\"robots\" content=\"index, follow, max-snippet:-1, max-image-preview:large, max-video-preview:-1\" \/>\n<link rel=\"canonical\" href=\"https:\/\/www.bzsolutions.ch\/fr\/produkt\/olympic-squat-rack\/\" \/>\n<meta property=\"og:locale\" content=\"fr_FR\" \/>\n<meta property=\"og:type\" content=\"article\" \/>\n<meta property=\"og:title\" content=\"OLYMPIC SQUAT RACK - BZ Solutions\" \/>\n<meta property=\"og:description\" content=\"Cet appareil de haute qualit\u00e9 combine une construction robuste et un design bien pens\u00e9 pour une meilleure qualit\u00e9 d&#039;entra\u00eenement. Avec 5 positions de levage fixes et 8 cornes de poids pour une grande vari\u00e9t\u00e9 d&#039;exercices, ainsi que des rails de s\u00e9curit\u00e9 fixes pour une protection maximale, l&#039;Olympic Squat Rack offre une base optimale pour des exercices de jambes intensifs. C&#039;est la solution id\u00e9ale pour les athl\u00e8tes qui souhaitent faire passer leur entra\u00eenement au niveau sup\u00e9rieur tout en garantissant un d\u00e9roulement s\u00fbr et efficace de l&#039;entra\u00eenement.\" \/>\n<meta property=\"og:url\" content=\"https:\/\/www.bzsolutions.ch\/fr\/produkt\/olympic-squat-rack\/\" \/>\n<meta property=\"og:site_name\" content=\"BZ Solutions\" \/>\n<meta property=\"og:image\" content=\"https:\/\/www.bzsolutions.ch\/wp-content\/uploads\/2024\/04\/Drax_Olympic_Squat_Rack.png\" \/>\n\t<meta property=\"og:image:width\" content=\"1000\" \/>\n\t<meta property=\"og:image:height\" content=\"1000\" \/>\n\t<meta property=\"og:image:type\" content=\"image\/png\" \/>\n<meta name=\"twitter:card\" content=\"summary_large_image\" \/>\n<meta name=\"twitter:label1\" content=\"Dur\u00e9e de lecture estim\u00e9e\" \/>\n\t<meta name=\"twitter:data1\" content=\"1 minute\" \/>\n<script type=\"application\/ld+json\" class=\"yoast-schema-graph\">{\"@context\":\"https:\/\/schema.org\",\"@graph\":[{\"@type\":\"WebPage\",\"@id\":\"https:\/\/www.bzsolutions.ch\/fr\/produkt\/olympic-squat-rack\/\",\"url\":\"https:\/\/www.bzsolutions.ch\/fr\/produkt\/olympic-squat-rack\/\",\"name\":\"OLYMPIC SQUAT RACK - BZ Solutions\",\"isPartOf\":{\"@id\":\"https:\/\/www.bzsolutions.ch\/fr\/#website\"},\"primaryImageOfPage\":{\"@id\":\"https:\/\/www.bzsolutions.ch\/fr\/produkt\/olympic-squat-rack\/#primaryimage\"},\"image\":{\"@id\":\"https:\/\/www.bzsolutions.ch\/fr\/produkt\/olympic-squat-rack\/#primaryimage\"},\"thumbnailUrl\":\"https:\/\/www.bzsolutions.ch\/wp-content\/uploads\/2024\/04\/Drax_Olympic_Squat_Rack.png\",\"datePublished\":\"2024-04-03T15:10:01+00:00\",\"dateModified\":\"2024-04-03T15:10:01+00:00\",\"breadcrumb\":{\"@id\":\"https:\/\/www.bzsolutions.ch\/fr\/produkt\/olympic-squat-rack\/#breadcrumb\"},\"inLanguage\":\"fr-FR\",\"potentialAction\":[{\"@type\":\"ReadAction\",\"target\":[\"https:\/\/www.bzsolutions.ch\/fr\/produkt\/olympic-squat-rack\/\"]}]},{\"@type\":\"ImageObject\",\"inLanguage\":\"fr-FR\",\"@id\":\"https:\/\/www.bzsolutions.ch\/fr\/produkt\/olympic-squat-rack\/#primaryimage\",\"url\":\"https:\/\/www.bzsolutions.ch\/wp-content\/uploads\/2024\/04\/Drax_Olympic_Squat_Rack.png\",\"contentUrl\":\"https:\/\/www.bzsolutions.ch\/wp-content\/uploads\/2024\/04\/Drax_Olympic_Squat_Rack.png\",\"width\":1000,\"height\":1000},{\"@type\":\"BreadcrumbList\",\"@id\":\"https:\/\/www.bzsolutions.ch\/fr\/produkt\/olympic-squat-rack\/#breadcrumb\",\"itemListElement\":[{\"@type\":\"ListItem\",\"position\":1,\"name\":\"Startseite\",\"item\":\"https:\/\/www.bzsolutions.ch\/fr\/\"},{\"@type\":\"ListItem\",\"position\":2,\"name\":\"Shop\",\"item\":\"https:\/\/www.bzsolutions.ch\/shop\/\"},{\"@type\":\"ListItem\",\"position\":3,\"name\":\"OLYMPIC SQUAT RACK\"}]},{\"@type\":\"WebSite\",\"@id\":\"https:\/\/www.bzsolutions.ch\/fr\/#website\",\"url\":\"https:\/\/www.bzsolutions.ch\/fr\/\",\"name\":\"BZ Solutions\",\"description\":\"Total Fitness Solutions\",\"publisher\":{\"@id\":\"https:\/\/www.bzsolutions.ch\/fr\/#organization\"},\"potentialAction\":[{\"@type\":\"SearchAction\",\"target\":{\"@type\":\"EntryPoint\",\"urlTemplate\":\"https:\/\/www.bzsolutions.ch\/fr\/?s={search_term_string}\"},\"query-input\":{\"@type\":\"PropertyValueSpecification\",\"valueRequired\":true,\"valueName\":\"search_term_string\"}}],\"inLanguage\":\"fr-FR\"},{\"@type\":\"Organization\",\"@id\":\"https:\/\/www.bzsolutions.ch\/fr\/#organization\",\"name\":\"BZ Solutions\",\"url\":\"https:\/\/www.bzsolutions.ch\/fr\/\",\"logo\":{\"@type\":\"ImageObject\",\"inLanguage\":\"fr-FR\",\"@id\":\"https:\/\/www.bzsolutions.ch\/fr\/#\/schema\/logo\/image\/\",\"url\":\"https:\/\/www.bzsolutions.ch\/wp-content\/uploads\/2024\/03\/logo_bz-solutions.png\",\"contentUrl\":\"https:\/\/www.bzsolutions.ch\/wp-content\/uploads\/2024\/03\/logo_bz-solutions.png\",\"width\":600,\"height\":136,\"caption\":\"BZ Solutions\"},\"image\":{\"@id\":\"https:\/\/www.bzsolutions.ch\/fr\/#\/schema\/logo\/image\/\"}}]}<\/script>\n<!-- \/ Yoast SEO plugin. -->","yoast_head_json":{"title":"OLYMPIC SQUAT RACK - BZ Solutions","robots":{"index":"index","follow":"follow","max-snippet":"max-snippet:-1","max-image-preview":"max-image-preview:large","max-video-preview":"max-video-preview:-1"},"canonical":"https:\/\/www.bzsolutions.ch\/fr\/produkt\/olympic-squat-rack\/","og_locale":"fr_FR","og_type":"article","og_title":"OLYMPIC SQUAT RACK - BZ Solutions","og_description":"Cet appareil de haute qualit\u00e9 combine une construction robuste et un design bien pens\u00e9 pour une meilleure qualit\u00e9 d'entra\u00eenement. Avec 5 positions de levage fixes et 8 cornes de poids pour une grande vari\u00e9t\u00e9 d'exercices, ainsi que des rails de s\u00e9curit\u00e9 fixes pour une protection maximale, l'Olympic Squat Rack offre une base optimale pour des exercices de jambes intensifs. C'est la solution id\u00e9ale pour les athl\u00e8tes qui souhaitent faire passer leur entra\u00eenement au niveau sup\u00e9rieur tout en garantissant un d\u00e9roulement s\u00fbr et efficace de l'entra\u00eenement.","og_url":"https:\/\/www.bzsolutions.ch\/fr\/produkt\/olympic-squat-rack\/","og_site_name":"BZ Solutions","og_image":[{"width":1000,"height":1000,"url":"https:\/\/www.bzsolutions.ch\/wp-content\/uploads\/2024\/04\/Drax_Olympic_Squat_Rack.png","type":"image\/png"}],"twitter_card":"summary_large_image","twitter_misc":{"Dur\u00e9e de lecture estim\u00e9e":"1 minute"},"schema":{"@context":"https:\/\/schema.org","@graph":[{"@type":"WebPage","@id":"https:\/\/www.bzsolutions.ch\/fr\/produkt\/olympic-squat-rack\/","url":"https:\/\/www.bzsolutions.ch\/fr\/produkt\/olympic-squat-rack\/","name":"OLYMPIC SQUAT RACK - BZ Solutions","isPartOf":{"@id":"https:\/\/www.bzsolutions.ch\/fr\/#website"},"primaryImageOfPage":{"@id":"https:\/\/www.bzsolutions.ch\/fr\/produkt\/olympic-squat-rack\/#primaryimage"},"image":{"@id":"https:\/\/www.bzsolutions.ch\/fr\/produkt\/olympic-squat-rack\/#primaryimage"},"thumbnailUrl":"https:\/\/www.bzsolutions.ch\/wp-content\/uploads\/2024\/04\/Drax_Olympic_Squat_Rack.png","datePublished":"2024-04-03T15:10:01+00:00","dateModified":"2024-04-03T15:10:01+00:00","breadcrumb":{"@id":"https:\/\/www.bzsolutions.ch\/fr\/produkt\/olympic-squat-rack\/#breadcrumb"},"inLanguage":"fr-FR","potentialAction":[{"@type":"ReadAction","target":["https:\/\/www.bzsolutions.ch\/fr\/produkt\/olympic-squat-rack\/"]}]},{"@type":"ImageObject","inLanguage":"fr-FR","@id":"https:\/\/www.bzsolutions.ch\/fr\/produkt\/olympic-squat-rack\/#primaryimage","url":"https:\/\/www.bzsolutions.ch\/wp-content\/uploads\/2024\/04\/Drax_Olympic_Squat_Rack.png","contentUrl":"https:\/\/www.bzsolutions.ch\/wp-content\/uploads\/2024\/04\/Drax_Olympic_Squat_Rack.png","width":1000,"height":1000},{"@type":"BreadcrumbList","@id":"https:\/\/www.bzsolutions.ch\/fr\/produkt\/olympic-squat-rack\/#breadcrumb","itemListElement":[{"@type":"ListItem","position":1,"name":"Startseite","item":"https:\/\/www.bzsolutions.ch\/fr\/"},{"@type":"ListItem","position":2,"name":"Shop","item":"https:\/\/www.bzsolutions.ch\/shop\/"},{"@type":"ListItem","position":3,"name":"OLYMPIC SQUAT RACK"}]},{"@type":"WebSite","@id":"https:\/\/www.bzsolutions.ch\/fr\/#website","url":"https:\/\/www.bzsolutions.ch\/fr\/","name":"BZ Solutions","description":"Total Fitness Solutions","publisher":{"@id":"https:\/\/www.bzsolutions.ch\/fr\/#organization"},"potentialAction":[{"@type":"SearchAction","target":{"@type":"EntryPoint","urlTemplate":"https:\/\/www.bzsolutions.ch\/fr\/?s={search_term_string}"},"query-input":{"@type":"PropertyValueSpecification","valueRequired":true,"valueName":"search_term_string"}}],"inLanguage":"fr-FR"},{"@type":"Organization","@id":"https:\/\/www.bzsolutions.ch\/fr\/#organization","name":"BZ Solutions","url":"https:\/\/www.bzsolutions.ch\/fr\/","logo":{"@type":"ImageObject","inLanguage":"fr-FR","@id":"https:\/\/www.bzsolutions.ch\/fr\/#\/schema\/logo\/image\/","url":"https:\/\/www.bzsolutions.ch\/wp-content\/uploads\/2024\/03\/logo_bz-solutions.png","contentUrl":"https:\/\/www.bzsolutions.ch\/wp-content\/uploads\/2024\/03\/logo_bz-solutions.png","width":600,"height":136,"caption":"BZ Solutions"},"image":{"@id":"https:\/\/www.bzsolutions.ch\/fr\/#\/schema\/logo\/image\/"}}]}},"_links":{"self":[{"href":"https:\/\/www.bzsolutions.ch\/fr\/wp-json\/wp\/v2\/product\/48776","targetHints":{"allow":["GET"]}}],"collection":[{"href":"https:\/\/www.bzsolutions.ch\/fr\/wp-json\/wp\/v2\/product"}],"about":[{"href":"https:\/\/www.bzsolutions.ch\/fr\/wp-json\/wp\/v2\/types\/product"}],"wp:featuredmedia":[{"embeddable":true,"href":"https:\/\/www.bzsolutions.ch\/fr\/wp-json\/wp\/v2\/media\/47936"}],"wp:attachment":[{"href":"https:\/\/www.bzsolutions.ch\/fr\/wp-json\/wp\/v2\/media?parent=48776"}],"wp:term":[{"taxonomy":"product_brand","embeddable":true,"href":"https:\/\/www.bzsolutions.ch\/fr\/wp-json\/wp\/v2\/product_brand?post=48776"},{"taxonomy":"product_cat","embeddable":true,"href":"https:\/\/www.bzsolutions.ch\/fr\/wp-json\/wp\/v2\/product_cat?post=48776"},{"taxonomy":"product_tag","embeddable":true,"href":"https:\/\/www.bzsolutions.ch\/fr\/wp-json\/wp\/v2\/product_tag?post=48776"}],"curies":[{"name":"wp","href":"https:\/\/api.w.org\/{rel}","templated":true}]}}