{"id":48777,"date":"2024-04-03T17:11:47","date_gmt":"2024-04-03T15:11:47","guid":{"rendered":"https:\/\/www.bzsolutions.ch\/produkt\/power-legpress\/"},"modified":"2024-04-03T17:11:47","modified_gmt":"2024-04-03T15:11:47","slug":"power-legpress","status":"publish","type":"product","link":"https:\/\/www.bzsolutions.ch\/fr\/produkt\/power-legpress\/","title":{"rendered":"POWER LEGPRESS"},"content":{"rendered":"<p>01. AJUSTEMENT INDIVIDUEL : La presse \u00e0 jambes Power Leg Press se caract\u00e9rise par sa flexibilit\u00e9, car elle peut \u00eatre \u00e9quip\u00e9e de disques d&#8217;halt\u00e8res choisis individuellement. Cela permet d&#8217;adapter la r\u00e9sistance de mani\u00e8re cibl\u00e9e au niveau de performance personnel et aux objectifs d&#8217;entra\u00eenement, ce qui en fait un appareil id\u00e9al pour les d\u00e9butants et les utilisateurs avanc\u00e9s.<\/p>\n<p>02. CONFORT ET S\u00c9CURIT\u00c9 : Gr\u00e2ce \u00e0 sa conception robuste et \u00e0 la possibilit\u00e9 d&#8217;ajouter diff\u00e9rents poids \u00e0 l&#8217;appareil, la presse \u00e0 jambes Power Leg Press offre une exp\u00e9rience d&#8217;entra\u00eenement s\u00fbre et confortable. Les utilisateurs peuvent exercer intensivement les muscles de leurs jambes sans compromettre la s\u00e9curit\u00e9.<\/p>\n<p>03. LONGUE DURABILITE ET QUALITE : Fabriqu\u00e9e \u00e0 partir de mat\u00e9riaux de haute qualit\u00e9 et recouverte d&#8217;une peinture en poudre r\u00e9sistante, la presse \u00e0 jambes Power Leg Press garantit durabilit\u00e9 et stabilit\u00e9. La finition soign\u00e9e et le design bien pens\u00e9 garantissent une utilisation et une satisfaction \u00e0 long terme pendant l&#8217;entra\u00eenement.<\/p>\n","protected":false},"excerpt":{"rendered":"<p>Augmentez l&#8217;intensit\u00e9 de votre entra\u00eenement des jambes avec la presse \u00e0 jambes Power Leg Press, con\u00e7ue pour une adaptation maximale aux besoins d&#8217;entra\u00eenement individuels. Cette presse \u00e0 jambes de haute qualit\u00e9 permet de s&#8217;entra\u00eener avec des disques d&#8217;halt\u00e8res de diff\u00e9rents poids, ce qui permet de contr\u00f4ler pr\u00e9cis\u00e9ment le niveau de r\u00e9sistance et de renforcer efficacement les muscles de vos jambes.<\/p>\n","protected":false},"featured_media":47939,"template":"","meta":{"inline_featured_image":false},"product_brand":[],"product_cat":[814,805,804,815],"product_tag":[808,816],"class_list":{"0":"post-48777","1":"product","2":"type-product","3":"status-publish","4":"has-post-thumbnail","6":"product_cat-appareils-de-musculation","7":"product_cat-drax-fr","8":"product_cat-fournisseur","9":"product_cat-station-de-musculation","10":"product_tag-drax-fr","11":"product_tag-station-de-musculation","12":"pa_gewicht-250-kg-fr","14":"first","15":"instock","16":"product-type-simple"},"yoast_head":"<!-- This site is optimized with the Yoast SEO plugin v23.8 - https:\/\/yoast.com\/wordpress\/plugins\/seo\/ -->\n<title>POWER LEGPRESS - BZ Solutions<\/title>\n<meta name=\"robots\" content=\"index, follow, max-snippet:-1, max-image-preview:large, max-video-preview:-1\" \/>\n<link rel=\"canonical\" href=\"https:\/\/www.bzsolutions.ch\/fr\/produkt\/power-legpress\/\" \/>\n<meta property=\"og:locale\" content=\"fr_FR\" \/>\n<meta property=\"og:type\" content=\"article\" \/>\n<meta property=\"og:title\" content=\"POWER LEGPRESS - BZ Solutions\" \/>\n<meta property=\"og:description\" content=\"Augmentez l&#039;intensit\u00e9 de votre entra\u00eenement des jambes avec la presse \u00e0 jambes Power Leg Press, con\u00e7ue pour une adaptation maximale aux besoins d&#039;entra\u00eenement individuels. Cette presse \u00e0 jambes de haute qualit\u00e9 permet de s&#039;entra\u00eener avec des disques d&#039;halt\u00e8res de diff\u00e9rents poids, ce qui permet de contr\u00f4ler pr\u00e9cis\u00e9ment le niveau de r\u00e9sistance et de renforcer efficacement les muscles de vos jambes.\" \/>\n<meta property=\"og:url\" content=\"https:\/\/www.bzsolutions.ch\/fr\/produkt\/power-legpress\/\" \/>\n<meta property=\"og:site_name\" content=\"BZ Solutions\" \/>\n<meta property=\"og:image\" content=\"https:\/\/www.bzsolutions.ch\/wp-content\/uploads\/2024\/04\/Drax_Power_Legpress.png\" \/>\n\t<meta property=\"og:image:width\" content=\"1000\" \/>\n\t<meta property=\"og:image:height\" content=\"1000\" \/>\n\t<meta property=\"og:image:type\" content=\"image\/png\" \/>\n<meta name=\"twitter:card\" content=\"summary_large_image\" \/>\n<meta name=\"twitter:label1\" content=\"Dur\u00e9e de lecture estim\u00e9e\" \/>\n\t<meta name=\"twitter:data1\" content=\"1 minute\" \/>\n<script type=\"application\/ld+json\" class=\"yoast-schema-graph\">{\"@context\":\"https:\/\/schema.org\",\"@graph\":[{\"@type\":\"WebPage\",\"@id\":\"https:\/\/www.bzsolutions.ch\/fr\/produkt\/power-legpress\/\",\"url\":\"https:\/\/www.bzsolutions.ch\/fr\/produkt\/power-legpress\/\",\"name\":\"POWER LEGPRESS - BZ Solutions\",\"isPartOf\":{\"@id\":\"https:\/\/www.bzsolutions.ch\/fr\/#website\"},\"primaryImageOfPage\":{\"@id\":\"https:\/\/www.bzsolutions.ch\/fr\/produkt\/power-legpress\/#primaryimage\"},\"image\":{\"@id\":\"https:\/\/www.bzsolutions.ch\/fr\/produkt\/power-legpress\/#primaryimage\"},\"thumbnailUrl\":\"https:\/\/www.bzsolutions.ch\/wp-content\/uploads\/2024\/04\/Drax_Power_Legpress.png\",\"datePublished\":\"2024-04-03T15:11:47+00:00\",\"dateModified\":\"2024-04-03T15:11:47+00:00\",\"breadcrumb\":{\"@id\":\"https:\/\/www.bzsolutions.ch\/fr\/produkt\/power-legpress\/#breadcrumb\"},\"inLanguage\":\"fr-FR\",\"potentialAction\":[{\"@type\":\"ReadAction\",\"target\":[\"https:\/\/www.bzsolutions.ch\/fr\/produkt\/power-legpress\/\"]}]},{\"@type\":\"ImageObject\",\"inLanguage\":\"fr-FR\",\"@id\":\"https:\/\/www.bzsolutions.ch\/fr\/produkt\/power-legpress\/#primaryimage\",\"url\":\"https:\/\/www.bzsolutions.ch\/wp-content\/uploads\/2024\/04\/Drax_Power_Legpress.png\",\"contentUrl\":\"https:\/\/www.bzsolutions.ch\/wp-content\/uploads\/2024\/04\/Drax_Power_Legpress.png\",\"width\":1000,\"height\":1000},{\"@type\":\"BreadcrumbList\",\"@id\":\"https:\/\/www.bzsolutions.ch\/fr\/produkt\/power-legpress\/#breadcrumb\",\"itemListElement\":[{\"@type\":\"ListItem\",\"position\":1,\"name\":\"Startseite\",\"item\":\"https:\/\/www.bzsolutions.ch\/fr\/\"},{\"@type\":\"ListItem\",\"position\":2,\"name\":\"Shop\",\"item\":\"https:\/\/www.bzsolutions.ch\/shop\/\"},{\"@type\":\"ListItem\",\"position\":3,\"name\":\"POWER LEGPRESS\"}]},{\"@type\":\"WebSite\",\"@id\":\"https:\/\/www.bzsolutions.ch\/fr\/#website\",\"url\":\"https:\/\/www.bzsolutions.ch\/fr\/\",\"name\":\"BZ Solutions\",\"description\":\"Total Fitness Solutions\",\"publisher\":{\"@id\":\"https:\/\/www.bzsolutions.ch\/fr\/#organization\"},\"potentialAction\":[{\"@type\":\"SearchAction\",\"target\":{\"@type\":\"EntryPoint\",\"urlTemplate\":\"https:\/\/www.bzsolutions.ch\/fr\/?s={search_term_string}\"},\"query-input\":{\"@type\":\"PropertyValueSpecification\",\"valueRequired\":true,\"valueName\":\"search_term_string\"}}],\"inLanguage\":\"fr-FR\"},{\"@type\":\"Organization\",\"@id\":\"https:\/\/www.bzsolutions.ch\/fr\/#organization\",\"name\":\"BZ Solutions\",\"url\":\"https:\/\/www.bzsolutions.ch\/fr\/\",\"logo\":{\"@type\":\"ImageObject\",\"inLanguage\":\"fr-FR\",\"@id\":\"https:\/\/www.bzsolutions.ch\/fr\/#\/schema\/logo\/image\/\",\"url\":\"https:\/\/www.bzsolutions.ch\/wp-content\/uploads\/2024\/03\/logo_bz-solutions.png\",\"contentUrl\":\"https:\/\/www.bzsolutions.ch\/wp-content\/uploads\/2024\/03\/logo_bz-solutions.png\",\"width\":600,\"height\":136,\"caption\":\"BZ Solutions\"},\"image\":{\"@id\":\"https:\/\/www.bzsolutions.ch\/fr\/#\/schema\/logo\/image\/\"}}]}<\/script>\n<!-- \/ Yoast SEO plugin. -->","yoast_head_json":{"title":"POWER LEGPRESS - BZ Solutions","robots":{"index":"index","follow":"follow","max-snippet":"max-snippet:-1","max-image-preview":"max-image-preview:large","max-video-preview":"max-video-preview:-1"},"canonical":"https:\/\/www.bzsolutions.ch\/fr\/produkt\/power-legpress\/","og_locale":"fr_FR","og_type":"article","og_title":"POWER LEGPRESS - BZ Solutions","og_description":"Augmentez l'intensit\u00e9 de votre entra\u00eenement des jambes avec la presse \u00e0 jambes Power Leg Press, con\u00e7ue pour une adaptation maximale aux besoins d'entra\u00eenement individuels. Cette presse \u00e0 jambes de haute qualit\u00e9 permet de s'entra\u00eener avec des disques d'halt\u00e8res de diff\u00e9rents poids, ce qui permet de contr\u00f4ler pr\u00e9cis\u00e9ment le niveau de r\u00e9sistance et de renforcer efficacement les muscles de vos jambes.","og_url":"https:\/\/www.bzsolutions.ch\/fr\/produkt\/power-legpress\/","og_site_name":"BZ Solutions","og_image":[{"width":1000,"height":1000,"url":"https:\/\/www.bzsolutions.ch\/wp-content\/uploads\/2024\/04\/Drax_Power_Legpress.png","type":"image\/png"}],"twitter_card":"summary_large_image","twitter_misc":{"Dur\u00e9e de lecture estim\u00e9e":"1 minute"},"schema":{"@context":"https:\/\/schema.org","@graph":[{"@type":"WebPage","@id":"https:\/\/www.bzsolutions.ch\/fr\/produkt\/power-legpress\/","url":"https:\/\/www.bzsolutions.ch\/fr\/produkt\/power-legpress\/","name":"POWER LEGPRESS - BZ Solutions","isPartOf":{"@id":"https:\/\/www.bzsolutions.ch\/fr\/#website"},"primaryImageOfPage":{"@id":"https:\/\/www.bzsolutions.ch\/fr\/produkt\/power-legpress\/#primaryimage"},"image":{"@id":"https:\/\/www.bzsolutions.ch\/fr\/produkt\/power-legpress\/#primaryimage"},"thumbnailUrl":"https:\/\/www.bzsolutions.ch\/wp-content\/uploads\/2024\/04\/Drax_Power_Legpress.png","datePublished":"2024-04-03T15:11:47+00:00","dateModified":"2024-04-03T15:11:47+00:00","breadcrumb":{"@id":"https:\/\/www.bzsolutions.ch\/fr\/produkt\/power-legpress\/#breadcrumb"},"inLanguage":"fr-FR","potentialAction":[{"@type":"ReadAction","target":["https:\/\/www.bzsolutions.ch\/fr\/produkt\/power-legpress\/"]}]},{"@type":"ImageObject","inLanguage":"fr-FR","@id":"https:\/\/www.bzsolutions.ch\/fr\/produkt\/power-legpress\/#primaryimage","url":"https:\/\/www.bzsolutions.ch\/wp-content\/uploads\/2024\/04\/Drax_Power_Legpress.png","contentUrl":"https:\/\/www.bzsolutions.ch\/wp-content\/uploads\/2024\/04\/Drax_Power_Legpress.png","width":1000,"height":1000},{"@type":"BreadcrumbList","@id":"https:\/\/www.bzsolutions.ch\/fr\/produkt\/power-legpress\/#breadcrumb","itemListElement":[{"@type":"ListItem","position":1,"name":"Startseite","item":"https:\/\/www.bzsolutions.ch\/fr\/"},{"@type":"ListItem","position":2,"name":"Shop","item":"https:\/\/www.bzsolutions.ch\/shop\/"},{"@type":"ListItem","position":3,"name":"POWER LEGPRESS"}]},{"@type":"WebSite","@id":"https:\/\/www.bzsolutions.ch\/fr\/#website","url":"https:\/\/www.bzsolutions.ch\/fr\/","name":"BZ Solutions","description":"Total Fitness Solutions","publisher":{"@id":"https:\/\/www.bzsolutions.ch\/fr\/#organization"},"potentialAction":[{"@type":"SearchAction","target":{"@type":"EntryPoint","urlTemplate":"https:\/\/www.bzsolutions.ch\/fr\/?s={search_term_string}"},"query-input":{"@type":"PropertyValueSpecification","valueRequired":true,"valueName":"search_term_string"}}],"inLanguage":"fr-FR"},{"@type":"Organization","@id":"https:\/\/www.bzsolutions.ch\/fr\/#organization","name":"BZ Solutions","url":"https:\/\/www.bzsolutions.ch\/fr\/","logo":{"@type":"ImageObject","inLanguage":"fr-FR","@id":"https:\/\/www.bzsolutions.ch\/fr\/#\/schema\/logo\/image\/","url":"https:\/\/www.bzsolutions.ch\/wp-content\/uploads\/2024\/03\/logo_bz-solutions.png","contentUrl":"https:\/\/www.bzsolutions.ch\/wp-content\/uploads\/2024\/03\/logo_bz-solutions.png","width":600,"height":136,"caption":"BZ Solutions"},"image":{"@id":"https:\/\/www.bzsolutions.ch\/fr\/#\/schema\/logo\/image\/"}}]}},"_links":{"self":[{"href":"https:\/\/www.bzsolutions.ch\/fr\/wp-json\/wp\/v2\/product\/48777","targetHints":{"allow":["GET"]}}],"collection":[{"href":"https:\/\/www.bzsolutions.ch\/fr\/wp-json\/wp\/v2\/product"}],"about":[{"href":"https:\/\/www.bzsolutions.ch\/fr\/wp-json\/wp\/v2\/types\/product"}],"wp:featuredmedia":[{"embeddable":true,"href":"https:\/\/www.bzsolutions.ch\/fr\/wp-json\/wp\/v2\/media\/47939"}],"wp:attachment":[{"href":"https:\/\/www.bzsolutions.ch\/fr\/wp-json\/wp\/v2\/media?parent=48777"}],"wp:term":[{"taxonomy":"product_brand","embeddable":true,"href":"https:\/\/www.bzsolutions.ch\/fr\/wp-json\/wp\/v2\/product_brand?post=48777"},{"taxonomy":"product_cat","embeddable":true,"href":"https:\/\/www.bzsolutions.ch\/fr\/wp-json\/wp\/v2\/product_cat?post=48777"},{"taxonomy":"product_tag","embeddable":true,"href":"https:\/\/www.bzsolutions.ch\/fr\/wp-json\/wp\/v2\/product_tag?post=48777"}],"curies":[{"name":"wp","href":"https:\/\/api.w.org\/{rel}","templated":true}]}}