{"id":48779,"date":"2024-04-03T17:11:47","date_gmt":"2024-04-03T15:11:47","guid":{"rendered":"https:\/\/www.bzsolutions.ch\/produkt\/plated-loaded-incline-bench\/"},"modified":"2024-04-03T17:11:47","modified_gmt":"2024-04-03T15:11:47","slug":"plated-loaded-incline-bench","status":"publish","type":"product","link":"https:\/\/www.bzsolutions.ch\/fr\/produkt\/plated-loaded-incline-bench\/","title":{"rendered":"PLATED LOADED INCLINE BENCH"},"content":{"rendered":"<p>01. INCLINATION R\u00c9GLABLE : L&#8217;inclinaison r\u00e9glable du banc offre une vari\u00e9t\u00e9 d&#8217;angles d&#8217;entra\u00eenement pour un renforcement cibl\u00e9 des muscles sup\u00e9rieurs de la poitrine. Compl\u00e9t\u00e9 par une hauteur d&#8217;assise r\u00e9glable, l&#8217;appareil s&#8217;adapte parfaitement \u00e0 la taille de l&#8217;utilisateur, pour un alignement optimal et une efficacit\u00e9 maximale \u00e0 chaque exercice.<\/p>\n<p>02. LIBERT\u00c9 DE MOUVEMENT IND\u00c9PENDANTE : Gr\u00e2ce aux mouvements iso-lat\u00e9raux des bras, le banc Plated Loaded Incline Bench permet un entra\u00eenement sym\u00e9trique qui tient compte des forces et des faiblesses individuelles des deux c\u00f4t\u00e9s du corps. Cela favorise un d\u00e9veloppement musculaire harmonieux et \u00e9vite les d\u00e9s\u00e9quilibres musculaires.<\/p>\n<p>03. QUALIT\u00c9 ET CONFORT : Fabriqu\u00e9 \u00e0 partir d&#8217;un tube ovale robuste de 2&#8243; x 4&#8243; en acier de calibre 9 et d&#8217;une peinture en poudre de haute qualit\u00e9, ce banc garantit une utilisation durable. La combinaison d&#8217;un r\u00e9glage pr\u00e9cis, d&#8217;un design ergonomique et d&#8217;une grande qualit\u00e9 de mat\u00e9riaux fait du banc Plated Loaded Incline Bench un \u00e9quipement indispensable pour toute salle de sport, qui aide les athl\u00e8tes exigeants \u00e0 atteindre leurs objectifs d&#8217;entra\u00eenement.<\/p>\n","protected":false},"excerpt":{"rendered":"<p>Am\u00e9liorez votre entra\u00eenement du haut du corps avec le banc Plated Loaded Incline Bench, une station d&#8217;entra\u00eenement au design optimal, con\u00e7ue pour une efficacit\u00e9 et une adaptabilit\u00e9 maximales lors du d\u00e9velopp\u00e9 couch\u00e9 inclin\u00e9. Gr\u00e2ce \u00e0 des mouvements de bras iso-lat\u00e9raux ind\u00e9pendants, cet appareil permet un entra\u00eenement \u00e9quilibr\u00e9 en permettant une sollicitation individuelle des deux c\u00f4t\u00e9s du torse.<\/p>\n","protected":false},"featured_media":47935,"template":"","meta":{"inline_featured_image":false},"product_brand":[],"product_cat":[814,805,804,815],"product_tag":[808,816],"class_list":{"0":"post-48779","1":"product","2":"type-product","3":"status-publish","4":"has-post-thumbnail","6":"product_cat-appareils-de-musculation","7":"product_cat-drax-fr","8":"product_cat-fournisseur","9":"product_cat-station-de-musculation","10":"product_tag-drax-fr","11":"product_tag-station-de-musculation","12":"pa_breite-1330-mm-fr","13":"pa_gewicht-100-kg-fr","14":"pa_hoehe-1150-mm-fr","15":"pa_laenge-1605-mm-fr","17":"first","18":"instock","19":"product-type-simple"},"yoast_head":"<!-- This site is optimized with the Yoast SEO plugin v23.8 - https:\/\/yoast.com\/wordpress\/plugins\/seo\/ -->\n<title>PLATED LOADED INCLINE BENCH - BZ Solutions<\/title>\n<meta name=\"robots\" content=\"index, follow, max-snippet:-1, max-image-preview:large, max-video-preview:-1\" \/>\n<link rel=\"canonical\" href=\"https:\/\/www.bzsolutions.ch\/fr\/produkt\/plated-loaded-incline-bench\/\" \/>\n<meta property=\"og:locale\" content=\"fr_FR\" \/>\n<meta property=\"og:type\" content=\"article\" \/>\n<meta property=\"og:title\" content=\"PLATED LOADED INCLINE BENCH - BZ Solutions\" \/>\n<meta property=\"og:description\" content=\"Am\u00e9liorez votre entra\u00eenement du haut du corps avec le banc Plated Loaded Incline Bench, une station d&#039;entra\u00eenement au design optimal, con\u00e7ue pour une efficacit\u00e9 et une adaptabilit\u00e9 maximales lors du d\u00e9velopp\u00e9 couch\u00e9 inclin\u00e9. Gr\u00e2ce \u00e0 des mouvements de bras iso-lat\u00e9raux ind\u00e9pendants, cet appareil permet un entra\u00eenement \u00e9quilibr\u00e9 en permettant une sollicitation individuelle des deux c\u00f4t\u00e9s du torse.\" \/>\n<meta property=\"og:url\" content=\"https:\/\/www.bzsolutions.ch\/fr\/produkt\/plated-loaded-incline-bench\/\" \/>\n<meta property=\"og:site_name\" content=\"BZ Solutions\" \/>\n<meta property=\"og:image\" content=\"https:\/\/www.bzsolutions.ch\/wp-content\/uploads\/2024\/04\/Drax_Plated_Loaded_Incline_Bench.png\" \/>\n\t<meta property=\"og:image:width\" content=\"1000\" \/>\n\t<meta property=\"og:image:height\" content=\"1000\" \/>\n\t<meta property=\"og:image:type\" content=\"image\/png\" \/>\n<meta name=\"twitter:card\" content=\"summary_large_image\" \/>\n<meta name=\"twitter:label1\" content=\"Dur\u00e9e de lecture estim\u00e9e\" \/>\n\t<meta name=\"twitter:data1\" content=\"1 minute\" \/>\n<script type=\"application\/ld+json\" class=\"yoast-schema-graph\">{\"@context\":\"https:\/\/schema.org\",\"@graph\":[{\"@type\":\"WebPage\",\"@id\":\"https:\/\/www.bzsolutions.ch\/fr\/produkt\/plated-loaded-incline-bench\/\",\"url\":\"https:\/\/www.bzsolutions.ch\/fr\/produkt\/plated-loaded-incline-bench\/\",\"name\":\"PLATED LOADED INCLINE BENCH - BZ Solutions\",\"isPartOf\":{\"@id\":\"https:\/\/www.bzsolutions.ch\/fr\/#website\"},\"primaryImageOfPage\":{\"@id\":\"https:\/\/www.bzsolutions.ch\/fr\/produkt\/plated-loaded-incline-bench\/#primaryimage\"},\"image\":{\"@id\":\"https:\/\/www.bzsolutions.ch\/fr\/produkt\/plated-loaded-incline-bench\/#primaryimage\"},\"thumbnailUrl\":\"https:\/\/www.bzsolutions.ch\/wp-content\/uploads\/2024\/04\/Drax_Plated_Loaded_Incline_Bench.png\",\"datePublished\":\"2024-04-03T15:11:47+00:00\",\"dateModified\":\"2024-04-03T15:11:47+00:00\",\"breadcrumb\":{\"@id\":\"https:\/\/www.bzsolutions.ch\/fr\/produkt\/plated-loaded-incline-bench\/#breadcrumb\"},\"inLanguage\":\"fr-FR\",\"potentialAction\":[{\"@type\":\"ReadAction\",\"target\":[\"https:\/\/www.bzsolutions.ch\/fr\/produkt\/plated-loaded-incline-bench\/\"]}]},{\"@type\":\"ImageObject\",\"inLanguage\":\"fr-FR\",\"@id\":\"https:\/\/www.bzsolutions.ch\/fr\/produkt\/plated-loaded-incline-bench\/#primaryimage\",\"url\":\"https:\/\/www.bzsolutions.ch\/wp-content\/uploads\/2024\/04\/Drax_Plated_Loaded_Incline_Bench.png\",\"contentUrl\":\"https:\/\/www.bzsolutions.ch\/wp-content\/uploads\/2024\/04\/Drax_Plated_Loaded_Incline_Bench.png\",\"width\":1000,\"height\":1000},{\"@type\":\"BreadcrumbList\",\"@id\":\"https:\/\/www.bzsolutions.ch\/fr\/produkt\/plated-loaded-incline-bench\/#breadcrumb\",\"itemListElement\":[{\"@type\":\"ListItem\",\"position\":1,\"name\":\"Startseite\",\"item\":\"https:\/\/www.bzsolutions.ch\/fr\/\"},{\"@type\":\"ListItem\",\"position\":2,\"name\":\"Shop\",\"item\":\"https:\/\/www.bzsolutions.ch\/shop\/\"},{\"@type\":\"ListItem\",\"position\":3,\"name\":\"PLATED LOADED INCLINE BENCH\"}]},{\"@type\":\"WebSite\",\"@id\":\"https:\/\/www.bzsolutions.ch\/fr\/#website\",\"url\":\"https:\/\/www.bzsolutions.ch\/fr\/\",\"name\":\"BZ Solutions\",\"description\":\"Total Fitness Solutions\",\"publisher\":{\"@id\":\"https:\/\/www.bzsolutions.ch\/fr\/#organization\"},\"potentialAction\":[{\"@type\":\"SearchAction\",\"target\":{\"@type\":\"EntryPoint\",\"urlTemplate\":\"https:\/\/www.bzsolutions.ch\/fr\/?s={search_term_string}\"},\"query-input\":{\"@type\":\"PropertyValueSpecification\",\"valueRequired\":true,\"valueName\":\"search_term_string\"}}],\"inLanguage\":\"fr-FR\"},{\"@type\":\"Organization\",\"@id\":\"https:\/\/www.bzsolutions.ch\/fr\/#organization\",\"name\":\"BZ Solutions\",\"url\":\"https:\/\/www.bzsolutions.ch\/fr\/\",\"logo\":{\"@type\":\"ImageObject\",\"inLanguage\":\"fr-FR\",\"@id\":\"https:\/\/www.bzsolutions.ch\/fr\/#\/schema\/logo\/image\/\",\"url\":\"https:\/\/www.bzsolutions.ch\/wp-content\/uploads\/2024\/03\/logo_bz-solutions.png\",\"contentUrl\":\"https:\/\/www.bzsolutions.ch\/wp-content\/uploads\/2024\/03\/logo_bz-solutions.png\",\"width\":600,\"height\":136,\"caption\":\"BZ Solutions\"},\"image\":{\"@id\":\"https:\/\/www.bzsolutions.ch\/fr\/#\/schema\/logo\/image\/\"}}]}<\/script>\n<!-- \/ Yoast SEO plugin. -->","yoast_head_json":{"title":"PLATED LOADED INCLINE BENCH - BZ Solutions","robots":{"index":"index","follow":"follow","max-snippet":"max-snippet:-1","max-image-preview":"max-image-preview:large","max-video-preview":"max-video-preview:-1"},"canonical":"https:\/\/www.bzsolutions.ch\/fr\/produkt\/plated-loaded-incline-bench\/","og_locale":"fr_FR","og_type":"article","og_title":"PLATED LOADED INCLINE BENCH - BZ Solutions","og_description":"Am\u00e9liorez votre entra\u00eenement du haut du corps avec le banc Plated Loaded Incline Bench, une station d'entra\u00eenement au design optimal, con\u00e7ue pour une efficacit\u00e9 et une adaptabilit\u00e9 maximales lors du d\u00e9velopp\u00e9 couch\u00e9 inclin\u00e9. Gr\u00e2ce \u00e0 des mouvements de bras iso-lat\u00e9raux ind\u00e9pendants, cet appareil permet un entra\u00eenement \u00e9quilibr\u00e9 en permettant une sollicitation individuelle des deux c\u00f4t\u00e9s du torse.","og_url":"https:\/\/www.bzsolutions.ch\/fr\/produkt\/plated-loaded-incline-bench\/","og_site_name":"BZ Solutions","og_image":[{"width":1000,"height":1000,"url":"https:\/\/www.bzsolutions.ch\/wp-content\/uploads\/2024\/04\/Drax_Plated_Loaded_Incline_Bench.png","type":"image\/png"}],"twitter_card":"summary_large_image","twitter_misc":{"Dur\u00e9e de lecture estim\u00e9e":"1 minute"},"schema":{"@context":"https:\/\/schema.org","@graph":[{"@type":"WebPage","@id":"https:\/\/www.bzsolutions.ch\/fr\/produkt\/plated-loaded-incline-bench\/","url":"https:\/\/www.bzsolutions.ch\/fr\/produkt\/plated-loaded-incline-bench\/","name":"PLATED LOADED INCLINE BENCH - BZ Solutions","isPartOf":{"@id":"https:\/\/www.bzsolutions.ch\/fr\/#website"},"primaryImageOfPage":{"@id":"https:\/\/www.bzsolutions.ch\/fr\/produkt\/plated-loaded-incline-bench\/#primaryimage"},"image":{"@id":"https:\/\/www.bzsolutions.ch\/fr\/produkt\/plated-loaded-incline-bench\/#primaryimage"},"thumbnailUrl":"https:\/\/www.bzsolutions.ch\/wp-content\/uploads\/2024\/04\/Drax_Plated_Loaded_Incline_Bench.png","datePublished":"2024-04-03T15:11:47+00:00","dateModified":"2024-04-03T15:11:47+00:00","breadcrumb":{"@id":"https:\/\/www.bzsolutions.ch\/fr\/produkt\/plated-loaded-incline-bench\/#breadcrumb"},"inLanguage":"fr-FR","potentialAction":[{"@type":"ReadAction","target":["https:\/\/www.bzsolutions.ch\/fr\/produkt\/plated-loaded-incline-bench\/"]}]},{"@type":"ImageObject","inLanguage":"fr-FR","@id":"https:\/\/www.bzsolutions.ch\/fr\/produkt\/plated-loaded-incline-bench\/#primaryimage","url":"https:\/\/www.bzsolutions.ch\/wp-content\/uploads\/2024\/04\/Drax_Plated_Loaded_Incline_Bench.png","contentUrl":"https:\/\/www.bzsolutions.ch\/wp-content\/uploads\/2024\/04\/Drax_Plated_Loaded_Incline_Bench.png","width":1000,"height":1000},{"@type":"BreadcrumbList","@id":"https:\/\/www.bzsolutions.ch\/fr\/produkt\/plated-loaded-incline-bench\/#breadcrumb","itemListElement":[{"@type":"ListItem","position":1,"name":"Startseite","item":"https:\/\/www.bzsolutions.ch\/fr\/"},{"@type":"ListItem","position":2,"name":"Shop","item":"https:\/\/www.bzsolutions.ch\/shop\/"},{"@type":"ListItem","position":3,"name":"PLATED LOADED INCLINE BENCH"}]},{"@type":"WebSite","@id":"https:\/\/www.bzsolutions.ch\/fr\/#website","url":"https:\/\/www.bzsolutions.ch\/fr\/","name":"BZ Solutions","description":"Total Fitness Solutions","publisher":{"@id":"https:\/\/www.bzsolutions.ch\/fr\/#organization"},"potentialAction":[{"@type":"SearchAction","target":{"@type":"EntryPoint","urlTemplate":"https:\/\/www.bzsolutions.ch\/fr\/?s={search_term_string}"},"query-input":{"@type":"PropertyValueSpecification","valueRequired":true,"valueName":"search_term_string"}}],"inLanguage":"fr-FR"},{"@type":"Organization","@id":"https:\/\/www.bzsolutions.ch\/fr\/#organization","name":"BZ Solutions","url":"https:\/\/www.bzsolutions.ch\/fr\/","logo":{"@type":"ImageObject","inLanguage":"fr-FR","@id":"https:\/\/www.bzsolutions.ch\/fr\/#\/schema\/logo\/image\/","url":"https:\/\/www.bzsolutions.ch\/wp-content\/uploads\/2024\/03\/logo_bz-solutions.png","contentUrl":"https:\/\/www.bzsolutions.ch\/wp-content\/uploads\/2024\/03\/logo_bz-solutions.png","width":600,"height":136,"caption":"BZ Solutions"},"image":{"@id":"https:\/\/www.bzsolutions.ch\/fr\/#\/schema\/logo\/image\/"}}]}},"_links":{"self":[{"href":"https:\/\/www.bzsolutions.ch\/fr\/wp-json\/wp\/v2\/product\/48779","targetHints":{"allow":["GET"]}}],"collection":[{"href":"https:\/\/www.bzsolutions.ch\/fr\/wp-json\/wp\/v2\/product"}],"about":[{"href":"https:\/\/www.bzsolutions.ch\/fr\/wp-json\/wp\/v2\/types\/product"}],"wp:featuredmedia":[{"embeddable":true,"href":"https:\/\/www.bzsolutions.ch\/fr\/wp-json\/wp\/v2\/media\/47935"}],"wp:attachment":[{"href":"https:\/\/www.bzsolutions.ch\/fr\/wp-json\/wp\/v2\/media?parent=48779"}],"wp:term":[{"taxonomy":"product_brand","embeddable":true,"href":"https:\/\/www.bzsolutions.ch\/fr\/wp-json\/wp\/v2\/product_brand?post=48779"},{"taxonomy":"product_cat","embeddable":true,"href":"https:\/\/www.bzsolutions.ch\/fr\/wp-json\/wp\/v2\/product_cat?post=48779"},{"taxonomy":"product_tag","embeddable":true,"href":"https:\/\/www.bzsolutions.ch\/fr\/wp-json\/wp\/v2\/product_tag?post=48779"}],"curies":[{"name":"wp","href":"https:\/\/api.w.org\/{rel}","templated":true}]}}