{"id":48782,"date":"2024-04-03T17:10:01","date_gmt":"2024-04-03T15:10:01","guid":{"rendered":"https:\/\/www.bzsolutions.ch\/produkt\/leg-extension\/"},"modified":"2024-04-03T17:10:01","modified_gmt":"2024-04-03T15:10:01","slug":"leg-extension","status":"publish","type":"product","link":"https:\/\/www.bzsolutions.ch\/fr\/produkt\/leg-extension\/","title":{"rendered":"LEG EXTENSION"},"content":{"rendered":"<p>01. SP\u00c9CIAL POUR L&#8217;ENTRA\u00ceNEMENT DES JAMBES : Avec cinq positions r\u00e9glables, l&#8217;extenseur de jambes Leg Extension s&#8217;adapte parfaitement aux diff\u00e9rentes g\u00e9om\u00e9tries du corps, ce qui permet un entra\u00eenement cibl\u00e9 et efficace des jambes. Le syst\u00e8me de contrepoids r\u00e9duit la r\u00e9sistance initiale, ce qui facilite le d\u00e9marrage de l&#8217;entra\u00eenement, parfait pour une augmentation progressive de la force.<\/p>\n<p>02. CONFORT ET AJUSTEMENT : Les coussins ergonomiques pour les pieds et le dos en position assise sont r\u00e9glables individuellement pour offrir un maximum de confort et de soutien pendant l&#8217;entra\u00eenement. Le r\u00e9glage facile de l&#8217;assise gr\u00e2ce au m\u00e9canisme de verrouillage permet un ajustement rapide pour diff\u00e9rents utilisateurs, tandis que le rev\u00eatement en similicuir r\u00e9sistant promet une longue dur\u00e9e de vie.<\/p>\n<p>03. CONSTRUCTION ROBUSTE POUR UNE LONGUE DURABILITE : Fabriqu\u00e9 \u00e0 partir d&#8217;un tube d&#8217;acier \u00e9pais d\u00e9coup\u00e9 au plasma et recouvert d&#8217;un rev\u00eatement brillant \u00e0 deux couches, l&#8217;extenseur de jambes Leg Extension offre une durabilit\u00e9 exceptionnelle et un design esth\u00e9tiquement attrayant. Cette conception garantit une fiabilit\u00e9 \u00e0 long terme et est synonyme de qualit\u00e9 dans votre salle de formation.<\/p>\n","protected":false},"excerpt":{"rendered":"<p>Am\u00e9liorez la force de vos jambes avec l&#8217;extenseur de jambes Leg Extension, parfaitement adapt\u00e9 \u00e0 vos besoins. Cet appareil offre une exp\u00e9rience d&#8217;entra\u00eenement optimale et personnalis\u00e9e gr\u00e2ce \u00e0 ses cinq positions r\u00e9glables et \u00e0 son syst\u00e8me de contrepoids innovant. Des coussins ergonomiques et une construction robuste garantissent le confort et la durabilit\u00e9 pour des exercices de jambes efficaces et cibl\u00e9s.<\/p>\n","protected":false},"featured_media":48014,"template":"","meta":{"inline_featured_image":false},"product_brand":[],"product_cat":[814,805,804,815],"product_tag":[808,816],"class_list":{"0":"post-48782","1":"product","2":"type-product","3":"status-publish","4":"has-post-thumbnail","6":"product_cat-appareils-de-musculation","7":"product_cat-drax-fr","8":"product_cat-fournisseur","9":"product_cat-station-de-musculation","10":"product_tag-drax-fr","11":"product_tag-station-de-musculation","12":"pa_breite-1055-mm-fr","13":"pa_gewicht-200-kg-fr","14":"pa_hoehe-1552-mm-fr","15":"pa_laenge-1167-mm-fr","16":"pa_widerstand-100-kg-fr","18":"first","19":"instock","20":"product-type-simple"},"yoast_head":"<!-- This site is optimized with the Yoast SEO plugin v23.8 - https:\/\/yoast.com\/wordpress\/plugins\/seo\/ -->\n<title>LEG EXTENSION - BZ Solutions<\/title>\n<meta name=\"robots\" content=\"index, follow, max-snippet:-1, max-image-preview:large, max-video-preview:-1\" \/>\n<link rel=\"canonical\" href=\"https:\/\/www.bzsolutions.ch\/fr\/produkt\/leg-extension\/\" \/>\n<meta property=\"og:locale\" content=\"fr_FR\" \/>\n<meta property=\"og:type\" content=\"article\" \/>\n<meta property=\"og:title\" content=\"LEG EXTENSION - BZ Solutions\" \/>\n<meta property=\"og:description\" content=\"Am\u00e9liorez la force de vos jambes avec l&#039;extenseur de jambes Leg Extension, parfaitement adapt\u00e9 \u00e0 vos besoins. Cet appareil offre une exp\u00e9rience d&#039;entra\u00eenement optimale et personnalis\u00e9e gr\u00e2ce \u00e0 ses cinq positions r\u00e9glables et \u00e0 son syst\u00e8me de contrepoids innovant. Des coussins ergonomiques et une construction robuste garantissent le confort et la durabilit\u00e9 pour des exercices de jambes efficaces et cibl\u00e9s.\" \/>\n<meta property=\"og:url\" content=\"https:\/\/www.bzsolutions.ch\/fr\/produkt\/leg-extension\/\" \/>\n<meta property=\"og:site_name\" content=\"BZ Solutions\" \/>\n<meta property=\"og:image\" content=\"https:\/\/www.bzsolutions.ch\/wp-content\/uploads\/2024\/04\/Drax_TWMA_131_Leg_Extension_Leg-Curl_1.png\" \/>\n\t<meta property=\"og:image:width\" content=\"1000\" \/>\n\t<meta property=\"og:image:height\" content=\"1000\" \/>\n\t<meta property=\"og:image:type\" content=\"image\/png\" \/>\n<meta name=\"twitter:card\" content=\"summary_large_image\" \/>\n<meta name=\"twitter:label1\" content=\"Dur\u00e9e de lecture estim\u00e9e\" \/>\n\t<meta name=\"twitter:data1\" content=\"1 minute\" \/>\n<script type=\"application\/ld+json\" class=\"yoast-schema-graph\">{\"@context\":\"https:\/\/schema.org\",\"@graph\":[{\"@type\":\"WebPage\",\"@id\":\"https:\/\/www.bzsolutions.ch\/fr\/produkt\/leg-extension\/\",\"url\":\"https:\/\/www.bzsolutions.ch\/fr\/produkt\/leg-extension\/\",\"name\":\"LEG EXTENSION - BZ Solutions\",\"isPartOf\":{\"@id\":\"https:\/\/www.bzsolutions.ch\/fr\/#website\"},\"primaryImageOfPage\":{\"@id\":\"https:\/\/www.bzsolutions.ch\/fr\/produkt\/leg-extension\/#primaryimage\"},\"image\":{\"@id\":\"https:\/\/www.bzsolutions.ch\/fr\/produkt\/leg-extension\/#primaryimage\"},\"thumbnailUrl\":\"https:\/\/www.bzsolutions.ch\/wp-content\/uploads\/2024\/04\/Drax_TWMA_131_Leg_Extension_Leg-Curl_1.png\",\"datePublished\":\"2024-04-03T15:10:01+00:00\",\"dateModified\":\"2024-04-03T15:10:01+00:00\",\"breadcrumb\":{\"@id\":\"https:\/\/www.bzsolutions.ch\/fr\/produkt\/leg-extension\/#breadcrumb\"},\"inLanguage\":\"fr-FR\",\"potentialAction\":[{\"@type\":\"ReadAction\",\"target\":[\"https:\/\/www.bzsolutions.ch\/fr\/produkt\/leg-extension\/\"]}]},{\"@type\":\"ImageObject\",\"inLanguage\":\"fr-FR\",\"@id\":\"https:\/\/www.bzsolutions.ch\/fr\/produkt\/leg-extension\/#primaryimage\",\"url\":\"https:\/\/www.bzsolutions.ch\/wp-content\/uploads\/2024\/04\/Drax_TWMA_131_Leg_Extension_Leg-Curl_1.png\",\"contentUrl\":\"https:\/\/www.bzsolutions.ch\/wp-content\/uploads\/2024\/04\/Drax_TWMA_131_Leg_Extension_Leg-Curl_1.png\",\"width\":1000,\"height\":1000},{\"@type\":\"BreadcrumbList\",\"@id\":\"https:\/\/www.bzsolutions.ch\/fr\/produkt\/leg-extension\/#breadcrumb\",\"itemListElement\":[{\"@type\":\"ListItem\",\"position\":1,\"name\":\"Startseite\",\"item\":\"https:\/\/www.bzsolutions.ch\/fr\/\"},{\"@type\":\"ListItem\",\"position\":2,\"name\":\"Shop\",\"item\":\"https:\/\/www.bzsolutions.ch\/shop\/\"},{\"@type\":\"ListItem\",\"position\":3,\"name\":\"LEG EXTENSION\"}]},{\"@type\":\"WebSite\",\"@id\":\"https:\/\/www.bzsolutions.ch\/fr\/#website\",\"url\":\"https:\/\/www.bzsolutions.ch\/fr\/\",\"name\":\"BZ Solutions\",\"description\":\"Total Fitness Solutions\",\"publisher\":{\"@id\":\"https:\/\/www.bzsolutions.ch\/fr\/#organization\"},\"potentialAction\":[{\"@type\":\"SearchAction\",\"target\":{\"@type\":\"EntryPoint\",\"urlTemplate\":\"https:\/\/www.bzsolutions.ch\/fr\/?s={search_term_string}\"},\"query-input\":{\"@type\":\"PropertyValueSpecification\",\"valueRequired\":true,\"valueName\":\"search_term_string\"}}],\"inLanguage\":\"fr-FR\"},{\"@type\":\"Organization\",\"@id\":\"https:\/\/www.bzsolutions.ch\/fr\/#organization\",\"name\":\"BZ Solutions\",\"url\":\"https:\/\/www.bzsolutions.ch\/fr\/\",\"logo\":{\"@type\":\"ImageObject\",\"inLanguage\":\"fr-FR\",\"@id\":\"https:\/\/www.bzsolutions.ch\/fr\/#\/schema\/logo\/image\/\",\"url\":\"https:\/\/www.bzsolutions.ch\/wp-content\/uploads\/2024\/03\/logo_bz-solutions.png\",\"contentUrl\":\"https:\/\/www.bzsolutions.ch\/wp-content\/uploads\/2024\/03\/logo_bz-solutions.png\",\"width\":600,\"height\":136,\"caption\":\"BZ Solutions\"},\"image\":{\"@id\":\"https:\/\/www.bzsolutions.ch\/fr\/#\/schema\/logo\/image\/\"}}]}<\/script>\n<!-- \/ Yoast SEO plugin. -->","yoast_head_json":{"title":"LEG EXTENSION - BZ Solutions","robots":{"index":"index","follow":"follow","max-snippet":"max-snippet:-1","max-image-preview":"max-image-preview:large","max-video-preview":"max-video-preview:-1"},"canonical":"https:\/\/www.bzsolutions.ch\/fr\/produkt\/leg-extension\/","og_locale":"fr_FR","og_type":"article","og_title":"LEG EXTENSION - BZ Solutions","og_description":"Am\u00e9liorez la force de vos jambes avec l'extenseur de jambes Leg Extension, parfaitement adapt\u00e9 \u00e0 vos besoins. Cet appareil offre une exp\u00e9rience d'entra\u00eenement optimale et personnalis\u00e9e gr\u00e2ce \u00e0 ses cinq positions r\u00e9glables et \u00e0 son syst\u00e8me de contrepoids innovant. Des coussins ergonomiques et une construction robuste garantissent le confort et la durabilit\u00e9 pour des exercices de jambes efficaces et cibl\u00e9s.","og_url":"https:\/\/www.bzsolutions.ch\/fr\/produkt\/leg-extension\/","og_site_name":"BZ Solutions","og_image":[{"width":1000,"height":1000,"url":"https:\/\/www.bzsolutions.ch\/wp-content\/uploads\/2024\/04\/Drax_TWMA_131_Leg_Extension_Leg-Curl_1.png","type":"image\/png"}],"twitter_card":"summary_large_image","twitter_misc":{"Dur\u00e9e de lecture estim\u00e9e":"1 minute"},"schema":{"@context":"https:\/\/schema.org","@graph":[{"@type":"WebPage","@id":"https:\/\/www.bzsolutions.ch\/fr\/produkt\/leg-extension\/","url":"https:\/\/www.bzsolutions.ch\/fr\/produkt\/leg-extension\/","name":"LEG EXTENSION - BZ Solutions","isPartOf":{"@id":"https:\/\/www.bzsolutions.ch\/fr\/#website"},"primaryImageOfPage":{"@id":"https:\/\/www.bzsolutions.ch\/fr\/produkt\/leg-extension\/#primaryimage"},"image":{"@id":"https:\/\/www.bzsolutions.ch\/fr\/produkt\/leg-extension\/#primaryimage"},"thumbnailUrl":"https:\/\/www.bzsolutions.ch\/wp-content\/uploads\/2024\/04\/Drax_TWMA_131_Leg_Extension_Leg-Curl_1.png","datePublished":"2024-04-03T15:10:01+00:00","dateModified":"2024-04-03T15:10:01+00:00","breadcrumb":{"@id":"https:\/\/www.bzsolutions.ch\/fr\/produkt\/leg-extension\/#breadcrumb"},"inLanguage":"fr-FR","potentialAction":[{"@type":"ReadAction","target":["https:\/\/www.bzsolutions.ch\/fr\/produkt\/leg-extension\/"]}]},{"@type":"ImageObject","inLanguage":"fr-FR","@id":"https:\/\/www.bzsolutions.ch\/fr\/produkt\/leg-extension\/#primaryimage","url":"https:\/\/www.bzsolutions.ch\/wp-content\/uploads\/2024\/04\/Drax_TWMA_131_Leg_Extension_Leg-Curl_1.png","contentUrl":"https:\/\/www.bzsolutions.ch\/wp-content\/uploads\/2024\/04\/Drax_TWMA_131_Leg_Extension_Leg-Curl_1.png","width":1000,"height":1000},{"@type":"BreadcrumbList","@id":"https:\/\/www.bzsolutions.ch\/fr\/produkt\/leg-extension\/#breadcrumb","itemListElement":[{"@type":"ListItem","position":1,"name":"Startseite","item":"https:\/\/www.bzsolutions.ch\/fr\/"},{"@type":"ListItem","position":2,"name":"Shop","item":"https:\/\/www.bzsolutions.ch\/shop\/"},{"@type":"ListItem","position":3,"name":"LEG EXTENSION"}]},{"@type":"WebSite","@id":"https:\/\/www.bzsolutions.ch\/fr\/#website","url":"https:\/\/www.bzsolutions.ch\/fr\/","name":"BZ Solutions","description":"Total Fitness Solutions","publisher":{"@id":"https:\/\/www.bzsolutions.ch\/fr\/#organization"},"potentialAction":[{"@type":"SearchAction","target":{"@type":"EntryPoint","urlTemplate":"https:\/\/www.bzsolutions.ch\/fr\/?s={search_term_string}"},"query-input":{"@type":"PropertyValueSpecification","valueRequired":true,"valueName":"search_term_string"}}],"inLanguage":"fr-FR"},{"@type":"Organization","@id":"https:\/\/www.bzsolutions.ch\/fr\/#organization","name":"BZ Solutions","url":"https:\/\/www.bzsolutions.ch\/fr\/","logo":{"@type":"ImageObject","inLanguage":"fr-FR","@id":"https:\/\/www.bzsolutions.ch\/fr\/#\/schema\/logo\/image\/","url":"https:\/\/www.bzsolutions.ch\/wp-content\/uploads\/2024\/03\/logo_bz-solutions.png","contentUrl":"https:\/\/www.bzsolutions.ch\/wp-content\/uploads\/2024\/03\/logo_bz-solutions.png","width":600,"height":136,"caption":"BZ Solutions"},"image":{"@id":"https:\/\/www.bzsolutions.ch\/fr\/#\/schema\/logo\/image\/"}}]}},"_links":{"self":[{"href":"https:\/\/www.bzsolutions.ch\/fr\/wp-json\/wp\/v2\/product\/48782","targetHints":{"allow":["GET"]}}],"collection":[{"href":"https:\/\/www.bzsolutions.ch\/fr\/wp-json\/wp\/v2\/product"}],"about":[{"href":"https:\/\/www.bzsolutions.ch\/fr\/wp-json\/wp\/v2\/types\/product"}],"wp:featuredmedia":[{"embeddable":true,"href":"https:\/\/www.bzsolutions.ch\/fr\/wp-json\/wp\/v2\/media\/48014"}],"wp:attachment":[{"href":"https:\/\/www.bzsolutions.ch\/fr\/wp-json\/wp\/v2\/media?parent=48782"}],"wp:term":[{"taxonomy":"product_brand","embeddable":true,"href":"https:\/\/www.bzsolutions.ch\/fr\/wp-json\/wp\/v2\/product_brand?post=48782"},{"taxonomy":"product_cat","embeddable":true,"href":"https:\/\/www.bzsolutions.ch\/fr\/wp-json\/wp\/v2\/product_cat?post=48782"},{"taxonomy":"product_tag","embeddable":true,"href":"https:\/\/www.bzsolutions.ch\/fr\/wp-json\/wp\/v2\/product_tag?post=48782"}],"curies":[{"name":"wp","href":"https:\/\/api.w.org\/{rel}","templated":true}]}}