{"id":48785,"date":"2024-04-03T17:10:01","date_gmt":"2024-04-03T15:10:01","guid":{"rendered":"https:\/\/www.bzsolutions.ch\/produkt\/banc-multi-adjustable\/"},"modified":"2024-04-03T17:10:01","modified_gmt":"2024-04-03T15:10:01","slug":"banc-multi-adjustable","status":"publish","type":"product","link":"https:\/\/www.bzsolutions.ch\/fr\/produkt\/banc-multi-adjustable\/","title":{"rendered":"BANC MULTI-ADJUSTABLE"},"content":{"rendered":"<p>01. POLYVALENCE ET ADAPTATION:Le r\u00e9glage innovant en un seul point permet d&#8217;ajuster simultan\u00e9ment le dossier et le coussin d&#8217;assise de 0 \u00e0 80 degr\u00e9s afin de r\u00e9pondre aux besoins d&#8217;entra\u00eenement les plus divers.<\/p>\n<p>02. MOBILIT\u00c9 ET CONFORT : Gr\u00e2ce \u00e0 ses poign\u00e9es de transport et \u00e0 ses roues, le banc multi-r\u00e9glages est facile \u00e0 d\u00e9placer, ce qui permet d&#8217;am\u00e9nager l&#8217;espace d&#8217;entra\u00eenement de mani\u00e8re flexible. Ses dimensions compactes de 1347 x 780 x 454 mm (L x l x H) et son poids de 35 kg garantissent une manipulation et un stockage faciles, sans pour autant renoncer \u00e0 la stabilit\u00e9.<\/p>\n<p>03. DURABILIT\u00c9 ET QUALIT\u00c9 : Le banc allie une grande fonctionnalit\u00e9 \u00e0 une robustesse durable. Leur fabrication de qualit\u00e9 garantit une utilisation durable, m\u00eame en cas d&#8217;entra\u00eenement intensif. Cela en fait un compl\u00e9ment pr\u00e9cieux pour toute salle de sport qui met l&#8217;accent sur la qualit\u00e9, l&#8217;efficacit\u00e9 et la flexibilit\u00e9.<\/p>\n","protected":false},"excerpt":{"rendered":"<p>Le banc Multi-Adjustable r\u00e9volutionne votre entra\u00eenement de musculation gr\u00e2ce \u00e0 ses fonctionnalit\u00e9s exceptionnelles qui vous permettent de r\u00e9aliser une large gamme d&#8217;exercices \u00e0 diff\u00e9rents niveaux d&#8217;intensit\u00e9 et \u00e0 diff\u00e9rents angles. Le syst\u00e8me innovant de r\u00e9glage en un point modifie simultan\u00e9ment le dossier et le coussin d&#8217;assise, ce qui permet un ajustement rapide et en douceur de l&#8217;angle plat \u00e0 un angle de 80 degr\u00e9s. Cette flexibilit\u00e9 favorise un entra\u00eenement efficace de toute la partie sup\u00e9rieure du corps, y compris la poitrine, les \u00e9paules, le dos et les bras.<\/p>\n","protected":false},"featured_media":47934,"template":"","meta":{"inline_featured_image":false},"product_brand":[],"product_cat":[814,805,804,815],"product_tag":[808,816],"class_list":{"0":"post-48785","1":"product","2":"type-product","3":"status-publish","4":"has-post-thumbnail","6":"product_cat-appareils-de-musculation","7":"product_cat-drax-fr","8":"product_cat-fournisseur","9":"product_cat-station-de-musculation","10":"product_tag-drax-fr","11":"product_tag-station-de-musculation","12":"pa_breite-780-mm-fr","13":"pa_gewicht-35-kg-fr","14":"pa_hoehe-454-mm-fr","15":"pa_laenge-1347-mm-fr","17":"first","18":"instock","19":"product-type-simple"},"yoast_head":"<!-- This site is optimized with the Yoast SEO plugin v23.8 - https:\/\/yoast.com\/wordpress\/plugins\/seo\/ -->\n<title>BANC MULTI-ADJUSTABLE - BZ Solutions<\/title>\n<meta name=\"robots\" content=\"index, follow, max-snippet:-1, max-image-preview:large, max-video-preview:-1\" \/>\n<link rel=\"canonical\" href=\"https:\/\/www.bzsolutions.ch\/fr\/produkt\/banc-multi-adjustable\/\" \/>\n<meta property=\"og:locale\" content=\"fr_FR\" \/>\n<meta property=\"og:type\" content=\"article\" \/>\n<meta property=\"og:title\" content=\"BANC MULTI-ADJUSTABLE - BZ Solutions\" \/>\n<meta property=\"og:description\" content=\"Le banc Multi-Adjustable r\u00e9volutionne votre entra\u00eenement de musculation gr\u00e2ce \u00e0 ses fonctionnalit\u00e9s exceptionnelles qui vous permettent de r\u00e9aliser une large gamme d&#039;exercices \u00e0 diff\u00e9rents niveaux d&#039;intensit\u00e9 et \u00e0 diff\u00e9rents angles. Le syst\u00e8me innovant de r\u00e9glage en un point modifie simultan\u00e9ment le dossier et le coussin d&#039;assise, ce qui permet un ajustement rapide et en douceur de l&#039;angle plat \u00e0 un angle de 80 degr\u00e9s. Cette flexibilit\u00e9 favorise un entra\u00eenement efficace de toute la partie sup\u00e9rieure du corps, y compris la poitrine, les \u00e9paules, le dos et les bras.\" \/>\n<meta property=\"og:url\" content=\"https:\/\/www.bzsolutions.ch\/fr\/produkt\/banc-multi-adjustable\/\" \/>\n<meta property=\"og:site_name\" content=\"BZ Solutions\" \/>\n<meta property=\"og:image\" content=\"https:\/\/www.bzsolutions.ch\/wp-content\/uploads\/2024\/04\/Drax_Multi_Adjustable_Bench.png\" \/>\n\t<meta property=\"og:image:width\" content=\"1000\" \/>\n\t<meta property=\"og:image:height\" content=\"1000\" \/>\n\t<meta property=\"og:image:type\" content=\"image\/png\" \/>\n<meta name=\"twitter:card\" content=\"summary_large_image\" \/>\n<meta name=\"twitter:label1\" content=\"Dur\u00e9e de lecture estim\u00e9e\" \/>\n\t<meta name=\"twitter:data1\" content=\"1 minute\" \/>\n<script type=\"application\/ld+json\" class=\"yoast-schema-graph\">{\"@context\":\"https:\/\/schema.org\",\"@graph\":[{\"@type\":\"WebPage\",\"@id\":\"https:\/\/www.bzsolutions.ch\/fr\/produkt\/banc-multi-adjustable\/\",\"url\":\"https:\/\/www.bzsolutions.ch\/fr\/produkt\/banc-multi-adjustable\/\",\"name\":\"BANC MULTI-ADJUSTABLE - BZ Solutions\",\"isPartOf\":{\"@id\":\"https:\/\/www.bzsolutions.ch\/fr\/#website\"},\"primaryImageOfPage\":{\"@id\":\"https:\/\/www.bzsolutions.ch\/fr\/produkt\/banc-multi-adjustable\/#primaryimage\"},\"image\":{\"@id\":\"https:\/\/www.bzsolutions.ch\/fr\/produkt\/banc-multi-adjustable\/#primaryimage\"},\"thumbnailUrl\":\"https:\/\/www.bzsolutions.ch\/wp-content\/uploads\/2024\/04\/Drax_Multi_Adjustable_Bench.png\",\"datePublished\":\"2024-04-03T15:10:01+00:00\",\"dateModified\":\"2024-04-03T15:10:01+00:00\",\"breadcrumb\":{\"@id\":\"https:\/\/www.bzsolutions.ch\/fr\/produkt\/banc-multi-adjustable\/#breadcrumb\"},\"inLanguage\":\"fr-FR\",\"potentialAction\":[{\"@type\":\"ReadAction\",\"target\":[\"https:\/\/www.bzsolutions.ch\/fr\/produkt\/banc-multi-adjustable\/\"]}]},{\"@type\":\"ImageObject\",\"inLanguage\":\"fr-FR\",\"@id\":\"https:\/\/www.bzsolutions.ch\/fr\/produkt\/banc-multi-adjustable\/#primaryimage\",\"url\":\"https:\/\/www.bzsolutions.ch\/wp-content\/uploads\/2024\/04\/Drax_Multi_Adjustable_Bench.png\",\"contentUrl\":\"https:\/\/www.bzsolutions.ch\/wp-content\/uploads\/2024\/04\/Drax_Multi_Adjustable_Bench.png\",\"width\":1000,\"height\":1000},{\"@type\":\"BreadcrumbList\",\"@id\":\"https:\/\/www.bzsolutions.ch\/fr\/produkt\/banc-multi-adjustable\/#breadcrumb\",\"itemListElement\":[{\"@type\":\"ListItem\",\"position\":1,\"name\":\"Startseite\",\"item\":\"https:\/\/www.bzsolutions.ch\/fr\/\"},{\"@type\":\"ListItem\",\"position\":2,\"name\":\"Shop\",\"item\":\"https:\/\/www.bzsolutions.ch\/shop\/\"},{\"@type\":\"ListItem\",\"position\":3,\"name\":\"BANC MULTI-ADJUSTABLE\"}]},{\"@type\":\"WebSite\",\"@id\":\"https:\/\/www.bzsolutions.ch\/fr\/#website\",\"url\":\"https:\/\/www.bzsolutions.ch\/fr\/\",\"name\":\"BZ Solutions\",\"description\":\"Total Fitness Solutions\",\"publisher\":{\"@id\":\"https:\/\/www.bzsolutions.ch\/fr\/#organization\"},\"potentialAction\":[{\"@type\":\"SearchAction\",\"target\":{\"@type\":\"EntryPoint\",\"urlTemplate\":\"https:\/\/www.bzsolutions.ch\/fr\/?s={search_term_string}\"},\"query-input\":{\"@type\":\"PropertyValueSpecification\",\"valueRequired\":true,\"valueName\":\"search_term_string\"}}],\"inLanguage\":\"fr-FR\"},{\"@type\":\"Organization\",\"@id\":\"https:\/\/www.bzsolutions.ch\/fr\/#organization\",\"name\":\"BZ Solutions\",\"url\":\"https:\/\/www.bzsolutions.ch\/fr\/\",\"logo\":{\"@type\":\"ImageObject\",\"inLanguage\":\"fr-FR\",\"@id\":\"https:\/\/www.bzsolutions.ch\/fr\/#\/schema\/logo\/image\/\",\"url\":\"https:\/\/www.bzsolutions.ch\/wp-content\/uploads\/2024\/03\/logo_bz-solutions.png\",\"contentUrl\":\"https:\/\/www.bzsolutions.ch\/wp-content\/uploads\/2024\/03\/logo_bz-solutions.png\",\"width\":600,\"height\":136,\"caption\":\"BZ Solutions\"},\"image\":{\"@id\":\"https:\/\/www.bzsolutions.ch\/fr\/#\/schema\/logo\/image\/\"}}]}<\/script>\n<!-- \/ Yoast SEO plugin. -->","yoast_head_json":{"title":"BANC MULTI-ADJUSTABLE - BZ Solutions","robots":{"index":"index","follow":"follow","max-snippet":"max-snippet:-1","max-image-preview":"max-image-preview:large","max-video-preview":"max-video-preview:-1"},"canonical":"https:\/\/www.bzsolutions.ch\/fr\/produkt\/banc-multi-adjustable\/","og_locale":"fr_FR","og_type":"article","og_title":"BANC MULTI-ADJUSTABLE - BZ Solutions","og_description":"Le banc Multi-Adjustable r\u00e9volutionne votre entra\u00eenement de musculation gr\u00e2ce \u00e0 ses fonctionnalit\u00e9s exceptionnelles qui vous permettent de r\u00e9aliser une large gamme d'exercices \u00e0 diff\u00e9rents niveaux d'intensit\u00e9 et \u00e0 diff\u00e9rents angles. Le syst\u00e8me innovant de r\u00e9glage en un point modifie simultan\u00e9ment le dossier et le coussin d'assise, ce qui permet un ajustement rapide et en douceur de l'angle plat \u00e0 un angle de 80 degr\u00e9s. Cette flexibilit\u00e9 favorise un entra\u00eenement efficace de toute la partie sup\u00e9rieure du corps, y compris la poitrine, les \u00e9paules, le dos et les bras.","og_url":"https:\/\/www.bzsolutions.ch\/fr\/produkt\/banc-multi-adjustable\/","og_site_name":"BZ Solutions","og_image":[{"width":1000,"height":1000,"url":"https:\/\/www.bzsolutions.ch\/wp-content\/uploads\/2024\/04\/Drax_Multi_Adjustable_Bench.png","type":"image\/png"}],"twitter_card":"summary_large_image","twitter_misc":{"Dur\u00e9e de lecture estim\u00e9e":"1 minute"},"schema":{"@context":"https:\/\/schema.org","@graph":[{"@type":"WebPage","@id":"https:\/\/www.bzsolutions.ch\/fr\/produkt\/banc-multi-adjustable\/","url":"https:\/\/www.bzsolutions.ch\/fr\/produkt\/banc-multi-adjustable\/","name":"BANC MULTI-ADJUSTABLE - BZ Solutions","isPartOf":{"@id":"https:\/\/www.bzsolutions.ch\/fr\/#website"},"primaryImageOfPage":{"@id":"https:\/\/www.bzsolutions.ch\/fr\/produkt\/banc-multi-adjustable\/#primaryimage"},"image":{"@id":"https:\/\/www.bzsolutions.ch\/fr\/produkt\/banc-multi-adjustable\/#primaryimage"},"thumbnailUrl":"https:\/\/www.bzsolutions.ch\/wp-content\/uploads\/2024\/04\/Drax_Multi_Adjustable_Bench.png","datePublished":"2024-04-03T15:10:01+00:00","dateModified":"2024-04-03T15:10:01+00:00","breadcrumb":{"@id":"https:\/\/www.bzsolutions.ch\/fr\/produkt\/banc-multi-adjustable\/#breadcrumb"},"inLanguage":"fr-FR","potentialAction":[{"@type":"ReadAction","target":["https:\/\/www.bzsolutions.ch\/fr\/produkt\/banc-multi-adjustable\/"]}]},{"@type":"ImageObject","inLanguage":"fr-FR","@id":"https:\/\/www.bzsolutions.ch\/fr\/produkt\/banc-multi-adjustable\/#primaryimage","url":"https:\/\/www.bzsolutions.ch\/wp-content\/uploads\/2024\/04\/Drax_Multi_Adjustable_Bench.png","contentUrl":"https:\/\/www.bzsolutions.ch\/wp-content\/uploads\/2024\/04\/Drax_Multi_Adjustable_Bench.png","width":1000,"height":1000},{"@type":"BreadcrumbList","@id":"https:\/\/www.bzsolutions.ch\/fr\/produkt\/banc-multi-adjustable\/#breadcrumb","itemListElement":[{"@type":"ListItem","position":1,"name":"Startseite","item":"https:\/\/www.bzsolutions.ch\/fr\/"},{"@type":"ListItem","position":2,"name":"Shop","item":"https:\/\/www.bzsolutions.ch\/shop\/"},{"@type":"ListItem","position":3,"name":"BANC MULTI-ADJUSTABLE"}]},{"@type":"WebSite","@id":"https:\/\/www.bzsolutions.ch\/fr\/#website","url":"https:\/\/www.bzsolutions.ch\/fr\/","name":"BZ Solutions","description":"Total Fitness Solutions","publisher":{"@id":"https:\/\/www.bzsolutions.ch\/fr\/#organization"},"potentialAction":[{"@type":"SearchAction","target":{"@type":"EntryPoint","urlTemplate":"https:\/\/www.bzsolutions.ch\/fr\/?s={search_term_string}"},"query-input":{"@type":"PropertyValueSpecification","valueRequired":true,"valueName":"search_term_string"}}],"inLanguage":"fr-FR"},{"@type":"Organization","@id":"https:\/\/www.bzsolutions.ch\/fr\/#organization","name":"BZ Solutions","url":"https:\/\/www.bzsolutions.ch\/fr\/","logo":{"@type":"ImageObject","inLanguage":"fr-FR","@id":"https:\/\/www.bzsolutions.ch\/fr\/#\/schema\/logo\/image\/","url":"https:\/\/www.bzsolutions.ch\/wp-content\/uploads\/2024\/03\/logo_bz-solutions.png","contentUrl":"https:\/\/www.bzsolutions.ch\/wp-content\/uploads\/2024\/03\/logo_bz-solutions.png","width":600,"height":136,"caption":"BZ Solutions"},"image":{"@id":"https:\/\/www.bzsolutions.ch\/fr\/#\/schema\/logo\/image\/"}}]}},"_links":{"self":[{"href":"https:\/\/www.bzsolutions.ch\/fr\/wp-json\/wp\/v2\/product\/48785","targetHints":{"allow":["GET"]}}],"collection":[{"href":"https:\/\/www.bzsolutions.ch\/fr\/wp-json\/wp\/v2\/product"}],"about":[{"href":"https:\/\/www.bzsolutions.ch\/fr\/wp-json\/wp\/v2\/types\/product"}],"wp:featuredmedia":[{"embeddable":true,"href":"https:\/\/www.bzsolutions.ch\/fr\/wp-json\/wp\/v2\/media\/47934"}],"wp:attachment":[{"href":"https:\/\/www.bzsolutions.ch\/fr\/wp-json\/wp\/v2\/media?parent=48785"}],"wp:term":[{"taxonomy":"product_brand","embeddable":true,"href":"https:\/\/www.bzsolutions.ch\/fr\/wp-json\/wp\/v2\/product_brand?post=48785"},{"taxonomy":"product_cat","embeddable":true,"href":"https:\/\/www.bzsolutions.ch\/fr\/wp-json\/wp\/v2\/product_cat?post=48785"},{"taxonomy":"product_tag","embeddable":true,"href":"https:\/\/www.bzsolutions.ch\/fr\/wp-json\/wp\/v2\/product_tag?post=48785"}],"curies":[{"name":"wp","href":"https:\/\/api.w.org\/{rel}","templated":true}]}}