{"id":48789,"date":"2024-04-03T17:10:01","date_gmt":"2024-04-03T15:10:01","guid":{"rendered":"https:\/\/www.bzsolutions.ch\/produkt\/lying-leg-curl\/"},"modified":"2024-04-03T17:10:01","modified_gmt":"2024-04-03T15:10:01","slug":"lying-leg-curl","status":"publish","type":"product","link":"https:\/\/www.bzsolutions.ch\/fr\/produkt\/lying-leg-curl\/","title":{"rendered":"LYING LEG CURL"},"content":{"rendered":"<p>1. SP\u00c9CIALIS\u00c9 POUR LES HAMSTRINGS : Le Lying Leg Curl offre une base robuste pour un entra\u00eenement intensif des biceps des jambes. Les disques d&#8217;halt\u00e8res en acier massif et les barres de guidage en chrome dur garantissent une exp\u00e9rience d&#8217;exercice en douceur, sans charge inutile.<\/p>\n<p>2. DESIGN ERGONOMIQUE POUR PLUS DE CONFORT : Le coussinet de cheville r\u00e9glable et le design du pad inclin\u00e9 isolent efficacement les ischio-jambiers tout en minimisant la charge sur le bas du dos. Cela favorise une ex\u00e9cution biom\u00e9caniquement correcte des exercices tout en augmentant le confort d&#8217;entra\u00eenement.<\/p>\n<p>3. LONGUE DURABILIT\u00c9 ET FONCTIONNALIT\u00c9 \u00c9LEV\u00c9ES : Avec des dimensions de 980 x 1653 x 1552 mm et un poids d&#8217;\u00e9quipement de 200 kg, le Lying Leg Curl est con\u00e7u pour les s\u00e9ances d&#8217;entra\u00eenement les plus exigeantes. La pile de poids standard de 100 kg, extensible \u00e0 140 kg, offre des possibilit\u00e9s d&#8217;entra\u00eenement flexibles pour tous les niveaux de performance.<\/p>\n","protected":false},"excerpt":{"rendered":"<p>Augmentez l&#8217;efficacit\u00e9 de votre entra\u00eenement des jambes avec le Lying Leg Curl, un appareil de haute qualit\u00e9 pour le renforcement cibl\u00e9 des ischio-jambiers. Cet appareil de fitness sp\u00e9cialis\u00e9 combine une construction robuste et une innovation en mati\u00e8re de design ergonomique pour assurer une isolation optimale des muscles post\u00e9rieurs de la cuisse tout en r\u00e9duisant la charge sur le bas du dos.<\/p>\n","protected":false},"featured_media":47932,"template":"","meta":{"inline_featured_image":false},"product_brand":[],"product_cat":[814,805,804,815],"product_tag":[808,816],"class_list":{"0":"post-48789","1":"product","2":"type-product","3":"status-publish","4":"has-post-thumbnail","6":"product_cat-appareils-de-musculation","7":"product_cat-drax-fr","8":"product_cat-fournisseur","9":"product_cat-station-de-musculation","10":"product_tag-drax-fr","11":"product_tag-station-de-musculation","12":"pa_breite-1653-mm-fr","13":"pa_gewicht-200-kg-fr","14":"pa_hoehe-1552-mm-fr","15":"pa_laenge-980-mm-fr","17":"first","18":"instock","19":"product-type-simple"},"yoast_head":"<!-- This site is optimized with the Yoast SEO plugin v23.8 - https:\/\/yoast.com\/wordpress\/plugins\/seo\/ -->\n<title>LYING LEG CURL - BZ Solutions<\/title>\n<meta name=\"robots\" content=\"index, follow, max-snippet:-1, max-image-preview:large, max-video-preview:-1\" \/>\n<link rel=\"canonical\" href=\"https:\/\/www.bzsolutions.ch\/fr\/produkt\/lying-leg-curl\/\" \/>\n<meta property=\"og:locale\" content=\"fr_FR\" \/>\n<meta property=\"og:type\" content=\"article\" \/>\n<meta property=\"og:title\" content=\"LYING LEG CURL - BZ Solutions\" \/>\n<meta property=\"og:description\" content=\"Augmentez l&#039;efficacit\u00e9 de votre entra\u00eenement des jambes avec le Lying Leg Curl, un appareil de haute qualit\u00e9 pour le renforcement cibl\u00e9 des ischio-jambiers. Cet appareil de fitness sp\u00e9cialis\u00e9 combine une construction robuste et une innovation en mati\u00e8re de design ergonomique pour assurer une isolation optimale des muscles post\u00e9rieurs de la cuisse tout en r\u00e9duisant la charge sur le bas du dos.\" \/>\n<meta property=\"og:url\" content=\"https:\/\/www.bzsolutions.ch\/fr\/produkt\/lying-leg-curl\/\" \/>\n<meta property=\"og:site_name\" content=\"BZ Solutions\" \/>\n<meta property=\"og:image\" content=\"https:\/\/www.bzsolutions.ch\/wp-content\/uploads\/2024\/04\/Drax_Lying_Leg_Curl.png\" \/>\n\t<meta property=\"og:image:width\" content=\"1000\" \/>\n\t<meta property=\"og:image:height\" content=\"1000\" \/>\n\t<meta property=\"og:image:type\" content=\"image\/png\" \/>\n<meta name=\"twitter:card\" content=\"summary_large_image\" \/>\n<meta name=\"twitter:label1\" content=\"Dur\u00e9e de lecture estim\u00e9e\" \/>\n\t<meta name=\"twitter:data1\" content=\"1 minute\" \/>\n<script type=\"application\/ld+json\" class=\"yoast-schema-graph\">{\"@context\":\"https:\/\/schema.org\",\"@graph\":[{\"@type\":\"WebPage\",\"@id\":\"https:\/\/www.bzsolutions.ch\/fr\/produkt\/lying-leg-curl\/\",\"url\":\"https:\/\/www.bzsolutions.ch\/fr\/produkt\/lying-leg-curl\/\",\"name\":\"LYING LEG CURL - BZ Solutions\",\"isPartOf\":{\"@id\":\"https:\/\/www.bzsolutions.ch\/fr\/#website\"},\"primaryImageOfPage\":{\"@id\":\"https:\/\/www.bzsolutions.ch\/fr\/produkt\/lying-leg-curl\/#primaryimage\"},\"image\":{\"@id\":\"https:\/\/www.bzsolutions.ch\/fr\/produkt\/lying-leg-curl\/#primaryimage\"},\"thumbnailUrl\":\"https:\/\/www.bzsolutions.ch\/wp-content\/uploads\/2024\/04\/Drax_Lying_Leg_Curl.png\",\"datePublished\":\"2024-04-03T15:10:01+00:00\",\"dateModified\":\"2024-04-03T15:10:01+00:00\",\"breadcrumb\":{\"@id\":\"https:\/\/www.bzsolutions.ch\/fr\/produkt\/lying-leg-curl\/#breadcrumb\"},\"inLanguage\":\"fr-FR\",\"potentialAction\":[{\"@type\":\"ReadAction\",\"target\":[\"https:\/\/www.bzsolutions.ch\/fr\/produkt\/lying-leg-curl\/\"]}]},{\"@type\":\"ImageObject\",\"inLanguage\":\"fr-FR\",\"@id\":\"https:\/\/www.bzsolutions.ch\/fr\/produkt\/lying-leg-curl\/#primaryimage\",\"url\":\"https:\/\/www.bzsolutions.ch\/wp-content\/uploads\/2024\/04\/Drax_Lying_Leg_Curl.png\",\"contentUrl\":\"https:\/\/www.bzsolutions.ch\/wp-content\/uploads\/2024\/04\/Drax_Lying_Leg_Curl.png\",\"width\":1000,\"height\":1000},{\"@type\":\"BreadcrumbList\",\"@id\":\"https:\/\/www.bzsolutions.ch\/fr\/produkt\/lying-leg-curl\/#breadcrumb\",\"itemListElement\":[{\"@type\":\"ListItem\",\"position\":1,\"name\":\"Startseite\",\"item\":\"https:\/\/www.bzsolutions.ch\/fr\/\"},{\"@type\":\"ListItem\",\"position\":2,\"name\":\"Shop\",\"item\":\"https:\/\/www.bzsolutions.ch\/shop\/\"},{\"@type\":\"ListItem\",\"position\":3,\"name\":\"LYING LEG CURL\"}]},{\"@type\":\"WebSite\",\"@id\":\"https:\/\/www.bzsolutions.ch\/fr\/#website\",\"url\":\"https:\/\/www.bzsolutions.ch\/fr\/\",\"name\":\"BZ Solutions\",\"description\":\"Total Fitness Solutions\",\"publisher\":{\"@id\":\"https:\/\/www.bzsolutions.ch\/fr\/#organization\"},\"potentialAction\":[{\"@type\":\"SearchAction\",\"target\":{\"@type\":\"EntryPoint\",\"urlTemplate\":\"https:\/\/www.bzsolutions.ch\/fr\/?s={search_term_string}\"},\"query-input\":{\"@type\":\"PropertyValueSpecification\",\"valueRequired\":true,\"valueName\":\"search_term_string\"}}],\"inLanguage\":\"fr-FR\"},{\"@type\":\"Organization\",\"@id\":\"https:\/\/www.bzsolutions.ch\/fr\/#organization\",\"name\":\"BZ Solutions\",\"url\":\"https:\/\/www.bzsolutions.ch\/fr\/\",\"logo\":{\"@type\":\"ImageObject\",\"inLanguage\":\"fr-FR\",\"@id\":\"https:\/\/www.bzsolutions.ch\/fr\/#\/schema\/logo\/image\/\",\"url\":\"https:\/\/www.bzsolutions.ch\/wp-content\/uploads\/2024\/03\/logo_bz-solutions.png\",\"contentUrl\":\"https:\/\/www.bzsolutions.ch\/wp-content\/uploads\/2024\/03\/logo_bz-solutions.png\",\"width\":600,\"height\":136,\"caption\":\"BZ Solutions\"},\"image\":{\"@id\":\"https:\/\/www.bzsolutions.ch\/fr\/#\/schema\/logo\/image\/\"}}]}<\/script>\n<!-- \/ Yoast SEO plugin. -->","yoast_head_json":{"title":"LYING LEG CURL - BZ Solutions","robots":{"index":"index","follow":"follow","max-snippet":"max-snippet:-1","max-image-preview":"max-image-preview:large","max-video-preview":"max-video-preview:-1"},"canonical":"https:\/\/www.bzsolutions.ch\/fr\/produkt\/lying-leg-curl\/","og_locale":"fr_FR","og_type":"article","og_title":"LYING LEG CURL - BZ Solutions","og_description":"Augmentez l'efficacit\u00e9 de votre entra\u00eenement des jambes avec le Lying Leg Curl, un appareil de haute qualit\u00e9 pour le renforcement cibl\u00e9 des ischio-jambiers. Cet appareil de fitness sp\u00e9cialis\u00e9 combine une construction robuste et une innovation en mati\u00e8re de design ergonomique pour assurer une isolation optimale des muscles post\u00e9rieurs de la cuisse tout en r\u00e9duisant la charge sur le bas du dos.","og_url":"https:\/\/www.bzsolutions.ch\/fr\/produkt\/lying-leg-curl\/","og_site_name":"BZ Solutions","og_image":[{"width":1000,"height":1000,"url":"https:\/\/www.bzsolutions.ch\/wp-content\/uploads\/2024\/04\/Drax_Lying_Leg_Curl.png","type":"image\/png"}],"twitter_card":"summary_large_image","twitter_misc":{"Dur\u00e9e de lecture estim\u00e9e":"1 minute"},"schema":{"@context":"https:\/\/schema.org","@graph":[{"@type":"WebPage","@id":"https:\/\/www.bzsolutions.ch\/fr\/produkt\/lying-leg-curl\/","url":"https:\/\/www.bzsolutions.ch\/fr\/produkt\/lying-leg-curl\/","name":"LYING LEG CURL - BZ Solutions","isPartOf":{"@id":"https:\/\/www.bzsolutions.ch\/fr\/#website"},"primaryImageOfPage":{"@id":"https:\/\/www.bzsolutions.ch\/fr\/produkt\/lying-leg-curl\/#primaryimage"},"image":{"@id":"https:\/\/www.bzsolutions.ch\/fr\/produkt\/lying-leg-curl\/#primaryimage"},"thumbnailUrl":"https:\/\/www.bzsolutions.ch\/wp-content\/uploads\/2024\/04\/Drax_Lying_Leg_Curl.png","datePublished":"2024-04-03T15:10:01+00:00","dateModified":"2024-04-03T15:10:01+00:00","breadcrumb":{"@id":"https:\/\/www.bzsolutions.ch\/fr\/produkt\/lying-leg-curl\/#breadcrumb"},"inLanguage":"fr-FR","potentialAction":[{"@type":"ReadAction","target":["https:\/\/www.bzsolutions.ch\/fr\/produkt\/lying-leg-curl\/"]}]},{"@type":"ImageObject","inLanguage":"fr-FR","@id":"https:\/\/www.bzsolutions.ch\/fr\/produkt\/lying-leg-curl\/#primaryimage","url":"https:\/\/www.bzsolutions.ch\/wp-content\/uploads\/2024\/04\/Drax_Lying_Leg_Curl.png","contentUrl":"https:\/\/www.bzsolutions.ch\/wp-content\/uploads\/2024\/04\/Drax_Lying_Leg_Curl.png","width":1000,"height":1000},{"@type":"BreadcrumbList","@id":"https:\/\/www.bzsolutions.ch\/fr\/produkt\/lying-leg-curl\/#breadcrumb","itemListElement":[{"@type":"ListItem","position":1,"name":"Startseite","item":"https:\/\/www.bzsolutions.ch\/fr\/"},{"@type":"ListItem","position":2,"name":"Shop","item":"https:\/\/www.bzsolutions.ch\/shop\/"},{"@type":"ListItem","position":3,"name":"LYING LEG CURL"}]},{"@type":"WebSite","@id":"https:\/\/www.bzsolutions.ch\/fr\/#website","url":"https:\/\/www.bzsolutions.ch\/fr\/","name":"BZ Solutions","description":"Total Fitness Solutions","publisher":{"@id":"https:\/\/www.bzsolutions.ch\/fr\/#organization"},"potentialAction":[{"@type":"SearchAction","target":{"@type":"EntryPoint","urlTemplate":"https:\/\/www.bzsolutions.ch\/fr\/?s={search_term_string}"},"query-input":{"@type":"PropertyValueSpecification","valueRequired":true,"valueName":"search_term_string"}}],"inLanguage":"fr-FR"},{"@type":"Organization","@id":"https:\/\/www.bzsolutions.ch\/fr\/#organization","name":"BZ Solutions","url":"https:\/\/www.bzsolutions.ch\/fr\/","logo":{"@type":"ImageObject","inLanguage":"fr-FR","@id":"https:\/\/www.bzsolutions.ch\/fr\/#\/schema\/logo\/image\/","url":"https:\/\/www.bzsolutions.ch\/wp-content\/uploads\/2024\/03\/logo_bz-solutions.png","contentUrl":"https:\/\/www.bzsolutions.ch\/wp-content\/uploads\/2024\/03\/logo_bz-solutions.png","width":600,"height":136,"caption":"BZ Solutions"},"image":{"@id":"https:\/\/www.bzsolutions.ch\/fr\/#\/schema\/logo\/image\/"}}]}},"_links":{"self":[{"href":"https:\/\/www.bzsolutions.ch\/fr\/wp-json\/wp\/v2\/product\/48789","targetHints":{"allow":["GET"]}}],"collection":[{"href":"https:\/\/www.bzsolutions.ch\/fr\/wp-json\/wp\/v2\/product"}],"about":[{"href":"https:\/\/www.bzsolutions.ch\/fr\/wp-json\/wp\/v2\/types\/product"}],"wp:featuredmedia":[{"embeddable":true,"href":"https:\/\/www.bzsolutions.ch\/fr\/wp-json\/wp\/v2\/media\/47932"}],"wp:attachment":[{"href":"https:\/\/www.bzsolutions.ch\/fr\/wp-json\/wp\/v2\/media?parent=48789"}],"wp:term":[{"taxonomy":"product_brand","embeddable":true,"href":"https:\/\/www.bzsolutions.ch\/fr\/wp-json\/wp\/v2\/product_brand?post=48789"},{"taxonomy":"product_cat","embeddable":true,"href":"https:\/\/www.bzsolutions.ch\/fr\/wp-json\/wp\/v2\/product_cat?post=48789"},{"taxonomy":"product_tag","embeddable":true,"href":"https:\/\/www.bzsolutions.ch\/fr\/wp-json\/wp\/v2\/product_tag?post=48789"}],"curies":[{"name":"wp","href":"https:\/\/api.w.org\/{rel}","templated":true}]}}