{"id":48790,"date":"2024-04-03T17:10:01","date_gmt":"2024-04-03T15:10:01","guid":{"rendered":"https:\/\/www.bzsolutions.ch\/produkt\/half-rack\/"},"modified":"2024-04-03T17:10:01","modified_gmt":"2024-04-03T15:10:01","slug":"half-rack","status":"publish","type":"product","link":"https:\/\/www.bzsolutions.ch\/fr\/produkt\/half-rack\/","title":{"rendered":"HALF RACK"},"content":{"rendered":"<p>01. ENTRA\u00ceNEMENT DE FORCE COMPACT : Malgr\u00e9 sa taille r\u00e9duite, le Half Rack offre la m\u00eame polyvalence et fonctionnalit\u00e9 qu&#8217;un Power Rack. Il est id\u00e9al pour les salles de sport ou les zones d&#8217;entra\u00eenement \u00e0 domicile o\u00f9 l&#8217;espace est limit\u00e9, sans pour autant renoncer \u00e0 la possibilit\u00e9 d&#8217;effectuer un large \u00e9ventail d&#8217;exercices de musculation.<\/p>\n<p>02. EFFICACIT\u00c9 ET GAIN D&#8217;ESPACE : En renon\u00e7ant \u00e0 certaines options suppl\u00e9mentaires du Power Rack plus grand, cet appareil prend beaucoup moins de place. Malgr\u00e9 ses dimensions compactes, il offre une plateforme stable et robuste pour un entra\u00eenement intensif, des squats aux tractions.<\/p>\n<p>03. HAUTE QUALIT\u00c9 ET DURABILIT\u00c9 : Construit \u00e0 partir d&#8217;un tube d&#8217;acier de haute qualit\u00e9 d\u00e9coup\u00e9 au plasma et dot\u00e9 d&#8217;une double couche de finition brillante, le Half Rack garantit une longue dur\u00e9e de vie et une r\u00e9sistance \u00e0 l&#8217;usure. La construction est sp\u00e9cialement con\u00e7ue pour maximiser le confort et la s\u00e9curit\u00e9 pendant l&#8217;exercice, tout en offrant un ajustement facile pour une grande vari\u00e9t\u00e9 d&#8217;exercices.<\/p>\n","protected":false},"excerpt":{"rendered":"<p>LE PETIT FR\u00c8RE DU POWER RACK<br \/>\nLe Half Rack est une version plus petite du Power Rack. Avec cet appareil, vous pouvez faire les exercices standard que vous pouvez faire avec le Power Rack. Comme certaines options suppl\u00e9mentaires ont \u00e9t\u00e9 omises, cette machine prend beaucoup moins de place.<\/p>\n","protected":false},"featured_media":47927,"template":"","meta":{"inline_featured_image":false},"product_brand":[],"product_cat":[814,805,804,815],"product_tag":[808,816],"class_list":{"0":"post-48790","1":"product","2":"type-product","3":"status-publish","4":"has-post-thumbnail","6":"product_cat-appareils-de-musculation","7":"product_cat-drax-fr","8":"product_cat-fournisseur","9":"product_cat-station-de-musculation","10":"product_tag-drax-fr","11":"product_tag-station-de-musculation","12":"pa_breite-1854-mm-fr","13":"pa_gewicht-290-kg-fr","14":"pa_hoehe-2743-mm-fr","15":"pa_laenge-2362-mm-fr","16":"pa_widerstand-0-96-kg-fr","18":"first","19":"instock","20":"product-type-simple"},"yoast_head":"<!-- This site is optimized with the Yoast SEO plugin v23.8 - https:\/\/yoast.com\/wordpress\/plugins\/seo\/ -->\n<title>HALF RACK - BZ Solutions<\/title>\n<meta name=\"robots\" content=\"index, follow, max-snippet:-1, max-image-preview:large, max-video-preview:-1\" \/>\n<link rel=\"canonical\" href=\"https:\/\/www.bzsolutions.ch\/fr\/produkt\/half-rack\/\" \/>\n<meta property=\"og:locale\" content=\"fr_FR\" \/>\n<meta property=\"og:type\" content=\"article\" \/>\n<meta property=\"og:title\" content=\"HALF RACK - BZ Solutions\" \/>\n<meta property=\"og:description\" content=\"LE PETIT FR\u00c8RE DU POWER RACK Le Half Rack est une version plus petite du Power Rack. Avec cet appareil, vous pouvez faire les exercices standard que vous pouvez faire avec le Power Rack. Comme certaines options suppl\u00e9mentaires ont \u00e9t\u00e9 omises, cette machine prend beaucoup moins de place.\" \/>\n<meta property=\"og:url\" content=\"https:\/\/www.bzsolutions.ch\/fr\/produkt\/half-rack\/\" \/>\n<meta property=\"og:site_name\" content=\"BZ Solutions\" \/>\n<meta property=\"og:image\" content=\"https:\/\/www.bzsolutions.ch\/wp-content\/uploads\/2024\/04\/Drax_Half_Rack.png\" \/>\n\t<meta property=\"og:image:width\" content=\"1000\" \/>\n\t<meta property=\"og:image:height\" content=\"1000\" \/>\n\t<meta property=\"og:image:type\" content=\"image\/png\" \/>\n<meta name=\"twitter:card\" content=\"summary_large_image\" \/>\n<meta name=\"twitter:label1\" content=\"Dur\u00e9e de lecture estim\u00e9e\" \/>\n\t<meta name=\"twitter:data1\" content=\"1 minute\" \/>\n<script type=\"application\/ld+json\" class=\"yoast-schema-graph\">{\"@context\":\"https:\/\/schema.org\",\"@graph\":[{\"@type\":\"WebPage\",\"@id\":\"https:\/\/www.bzsolutions.ch\/fr\/produkt\/half-rack\/\",\"url\":\"https:\/\/www.bzsolutions.ch\/fr\/produkt\/half-rack\/\",\"name\":\"HALF RACK - BZ Solutions\",\"isPartOf\":{\"@id\":\"https:\/\/www.bzsolutions.ch\/fr\/#website\"},\"primaryImageOfPage\":{\"@id\":\"https:\/\/www.bzsolutions.ch\/fr\/produkt\/half-rack\/#primaryimage\"},\"image\":{\"@id\":\"https:\/\/www.bzsolutions.ch\/fr\/produkt\/half-rack\/#primaryimage\"},\"thumbnailUrl\":\"https:\/\/www.bzsolutions.ch\/wp-content\/uploads\/2024\/04\/Drax_Half_Rack.png\",\"datePublished\":\"2024-04-03T15:10:01+00:00\",\"dateModified\":\"2024-04-03T15:10:01+00:00\",\"breadcrumb\":{\"@id\":\"https:\/\/www.bzsolutions.ch\/fr\/produkt\/half-rack\/#breadcrumb\"},\"inLanguage\":\"fr-FR\",\"potentialAction\":[{\"@type\":\"ReadAction\",\"target\":[\"https:\/\/www.bzsolutions.ch\/fr\/produkt\/half-rack\/\"]}]},{\"@type\":\"ImageObject\",\"inLanguage\":\"fr-FR\",\"@id\":\"https:\/\/www.bzsolutions.ch\/fr\/produkt\/half-rack\/#primaryimage\",\"url\":\"https:\/\/www.bzsolutions.ch\/wp-content\/uploads\/2024\/04\/Drax_Half_Rack.png\",\"contentUrl\":\"https:\/\/www.bzsolutions.ch\/wp-content\/uploads\/2024\/04\/Drax_Half_Rack.png\",\"width\":1000,\"height\":1000},{\"@type\":\"BreadcrumbList\",\"@id\":\"https:\/\/www.bzsolutions.ch\/fr\/produkt\/half-rack\/#breadcrumb\",\"itemListElement\":[{\"@type\":\"ListItem\",\"position\":1,\"name\":\"Startseite\",\"item\":\"https:\/\/www.bzsolutions.ch\/fr\/\"},{\"@type\":\"ListItem\",\"position\":2,\"name\":\"Shop\",\"item\":\"https:\/\/www.bzsolutions.ch\/shop\/\"},{\"@type\":\"ListItem\",\"position\":3,\"name\":\"HALF RACK\"}]},{\"@type\":\"WebSite\",\"@id\":\"https:\/\/www.bzsolutions.ch\/fr\/#website\",\"url\":\"https:\/\/www.bzsolutions.ch\/fr\/\",\"name\":\"BZ Solutions\",\"description\":\"Total Fitness Solutions\",\"publisher\":{\"@id\":\"https:\/\/www.bzsolutions.ch\/fr\/#organization\"},\"potentialAction\":[{\"@type\":\"SearchAction\",\"target\":{\"@type\":\"EntryPoint\",\"urlTemplate\":\"https:\/\/www.bzsolutions.ch\/fr\/?s={search_term_string}\"},\"query-input\":{\"@type\":\"PropertyValueSpecification\",\"valueRequired\":true,\"valueName\":\"search_term_string\"}}],\"inLanguage\":\"fr-FR\"},{\"@type\":\"Organization\",\"@id\":\"https:\/\/www.bzsolutions.ch\/fr\/#organization\",\"name\":\"BZ Solutions\",\"url\":\"https:\/\/www.bzsolutions.ch\/fr\/\",\"logo\":{\"@type\":\"ImageObject\",\"inLanguage\":\"fr-FR\",\"@id\":\"https:\/\/www.bzsolutions.ch\/fr\/#\/schema\/logo\/image\/\",\"url\":\"https:\/\/www.bzsolutions.ch\/wp-content\/uploads\/2024\/03\/logo_bz-solutions.png\",\"contentUrl\":\"https:\/\/www.bzsolutions.ch\/wp-content\/uploads\/2024\/03\/logo_bz-solutions.png\",\"width\":600,\"height\":136,\"caption\":\"BZ Solutions\"},\"image\":{\"@id\":\"https:\/\/www.bzsolutions.ch\/fr\/#\/schema\/logo\/image\/\"}}]}<\/script>\n<!-- \/ Yoast SEO plugin. -->","yoast_head_json":{"title":"HALF RACK - BZ Solutions","robots":{"index":"index","follow":"follow","max-snippet":"max-snippet:-1","max-image-preview":"max-image-preview:large","max-video-preview":"max-video-preview:-1"},"canonical":"https:\/\/www.bzsolutions.ch\/fr\/produkt\/half-rack\/","og_locale":"fr_FR","og_type":"article","og_title":"HALF RACK - BZ Solutions","og_description":"LE PETIT FR\u00c8RE DU POWER RACK Le Half Rack est une version plus petite du Power Rack. Avec cet appareil, vous pouvez faire les exercices standard que vous pouvez faire avec le Power Rack. Comme certaines options suppl\u00e9mentaires ont \u00e9t\u00e9 omises, cette machine prend beaucoup moins de place.","og_url":"https:\/\/www.bzsolutions.ch\/fr\/produkt\/half-rack\/","og_site_name":"BZ Solutions","og_image":[{"width":1000,"height":1000,"url":"https:\/\/www.bzsolutions.ch\/wp-content\/uploads\/2024\/04\/Drax_Half_Rack.png","type":"image\/png"}],"twitter_card":"summary_large_image","twitter_misc":{"Dur\u00e9e de lecture estim\u00e9e":"1 minute"},"schema":{"@context":"https:\/\/schema.org","@graph":[{"@type":"WebPage","@id":"https:\/\/www.bzsolutions.ch\/fr\/produkt\/half-rack\/","url":"https:\/\/www.bzsolutions.ch\/fr\/produkt\/half-rack\/","name":"HALF RACK - BZ Solutions","isPartOf":{"@id":"https:\/\/www.bzsolutions.ch\/fr\/#website"},"primaryImageOfPage":{"@id":"https:\/\/www.bzsolutions.ch\/fr\/produkt\/half-rack\/#primaryimage"},"image":{"@id":"https:\/\/www.bzsolutions.ch\/fr\/produkt\/half-rack\/#primaryimage"},"thumbnailUrl":"https:\/\/www.bzsolutions.ch\/wp-content\/uploads\/2024\/04\/Drax_Half_Rack.png","datePublished":"2024-04-03T15:10:01+00:00","dateModified":"2024-04-03T15:10:01+00:00","breadcrumb":{"@id":"https:\/\/www.bzsolutions.ch\/fr\/produkt\/half-rack\/#breadcrumb"},"inLanguage":"fr-FR","potentialAction":[{"@type":"ReadAction","target":["https:\/\/www.bzsolutions.ch\/fr\/produkt\/half-rack\/"]}]},{"@type":"ImageObject","inLanguage":"fr-FR","@id":"https:\/\/www.bzsolutions.ch\/fr\/produkt\/half-rack\/#primaryimage","url":"https:\/\/www.bzsolutions.ch\/wp-content\/uploads\/2024\/04\/Drax_Half_Rack.png","contentUrl":"https:\/\/www.bzsolutions.ch\/wp-content\/uploads\/2024\/04\/Drax_Half_Rack.png","width":1000,"height":1000},{"@type":"BreadcrumbList","@id":"https:\/\/www.bzsolutions.ch\/fr\/produkt\/half-rack\/#breadcrumb","itemListElement":[{"@type":"ListItem","position":1,"name":"Startseite","item":"https:\/\/www.bzsolutions.ch\/fr\/"},{"@type":"ListItem","position":2,"name":"Shop","item":"https:\/\/www.bzsolutions.ch\/shop\/"},{"@type":"ListItem","position":3,"name":"HALF RACK"}]},{"@type":"WebSite","@id":"https:\/\/www.bzsolutions.ch\/fr\/#website","url":"https:\/\/www.bzsolutions.ch\/fr\/","name":"BZ Solutions","description":"Total Fitness Solutions","publisher":{"@id":"https:\/\/www.bzsolutions.ch\/fr\/#organization"},"potentialAction":[{"@type":"SearchAction","target":{"@type":"EntryPoint","urlTemplate":"https:\/\/www.bzsolutions.ch\/fr\/?s={search_term_string}"},"query-input":{"@type":"PropertyValueSpecification","valueRequired":true,"valueName":"search_term_string"}}],"inLanguage":"fr-FR"},{"@type":"Organization","@id":"https:\/\/www.bzsolutions.ch\/fr\/#organization","name":"BZ Solutions","url":"https:\/\/www.bzsolutions.ch\/fr\/","logo":{"@type":"ImageObject","inLanguage":"fr-FR","@id":"https:\/\/www.bzsolutions.ch\/fr\/#\/schema\/logo\/image\/","url":"https:\/\/www.bzsolutions.ch\/wp-content\/uploads\/2024\/03\/logo_bz-solutions.png","contentUrl":"https:\/\/www.bzsolutions.ch\/wp-content\/uploads\/2024\/03\/logo_bz-solutions.png","width":600,"height":136,"caption":"BZ Solutions"},"image":{"@id":"https:\/\/www.bzsolutions.ch\/fr\/#\/schema\/logo\/image\/"}}]}},"_links":{"self":[{"href":"https:\/\/www.bzsolutions.ch\/fr\/wp-json\/wp\/v2\/product\/48790","targetHints":{"allow":["GET"]}}],"collection":[{"href":"https:\/\/www.bzsolutions.ch\/fr\/wp-json\/wp\/v2\/product"}],"about":[{"href":"https:\/\/www.bzsolutions.ch\/fr\/wp-json\/wp\/v2\/types\/product"}],"wp:featuredmedia":[{"embeddable":true,"href":"https:\/\/www.bzsolutions.ch\/fr\/wp-json\/wp\/v2\/media\/47927"}],"wp:attachment":[{"href":"https:\/\/www.bzsolutions.ch\/fr\/wp-json\/wp\/v2\/media?parent=48790"}],"wp:term":[{"taxonomy":"product_brand","embeddable":true,"href":"https:\/\/www.bzsolutions.ch\/fr\/wp-json\/wp\/v2\/product_brand?post=48790"},{"taxonomy":"product_cat","embeddable":true,"href":"https:\/\/www.bzsolutions.ch\/fr\/wp-json\/wp\/v2\/product_cat?post=48790"},{"taxonomy":"product_tag","embeddable":true,"href":"https:\/\/www.bzsolutions.ch\/fr\/wp-json\/wp\/v2\/product_tag?post=48790"}],"curies":[{"name":"wp","href":"https:\/\/api.w.org\/{rel}","templated":true}]}}