{"id":48792,"date":"2024-04-03T17:10:01","date_gmt":"2024-04-03T15:10:01","guid":{"rendered":"https:\/\/www.bzsolutions.ch\/produkt\/cable-cross-over\/"},"modified":"2024-04-03T17:10:01","modified_gmt":"2024-04-03T15:10:01","slug":"cable-cross-over","status":"publish","type":"product","link":"https:\/\/www.bzsolutions.ch\/fr\/produkt\/cable-cross-over\/","title":{"rendered":"CABLE CROSS OVER"},"content":{"rendered":"<p>01. VARI\u00c9T\u00c9 D&#8217;ENTRA\u00ceNEMENT ILLIMIT\u00c9E : Le Cable Cross Over permet une grande vari\u00e9t\u00e9 d&#8217;exercices, y compris les tractions avec une barre centrale int\u00e9gr\u00e9e et une adaptation flexible aux diff\u00e9rents besoins d&#8217;entra\u00eenement gr\u00e2ce \u00e0 l&#8217;utilisation d&#8217;\u00e9quipements auxiliaires. La conception unique du corps de la poulie permet un r\u00e9glage facile et fluide des poids, ce qui vous permet d&#8217;organiser votre entra\u00eenement sans interruption.<\/p>\n<p>02. ERGONOMIE ET ADAPTATION : \u00c9quip\u00e9e de tubes d&#8217;acier carr\u00e9s de 2&#8243; x 4&#8243; et d&#8217;un rev\u00eatement en poudre de haute qualit\u00e9, cette machine offre non seulement durabilit\u00e9 et stabilit\u00e9, mais aussi un aspect esth\u00e9tique. Les poulies r\u00e9glables en hauteur avec un design \u00e0 une main et les poign\u00e9es de traction avec plusieurs possibilit\u00e9s de prise permettent un ajustement pr\u00e9cis \u00e0 votre taille et \u00e0 votre style d&#8217;entra\u00eenement pr\u00e9f\u00e9r\u00e9.<\/p>\n<p>03. S\u00c9CURIT\u00c9 ET CONFORT : Le Cable Cross Over est con\u00e7u pour donner la priorit\u00e9 \u00e0 la s\u00e9curit\u00e9 et au confort. Avec des plaques de poids en acier massif, des barres de guidage chrom\u00e9es dur et des douilles \u00e0 faible frottement, chaque d\u00e9tail est con\u00e7u pour offrir une exp\u00e9rience utilisateur optimale. Le couvercle arri\u00e8re de la pile de poids augmente la s\u00e9curit\u00e9, tandis que la poign\u00e9e s\u00fbre et simple avec levier de traction et disque rotatif permet de s&#8217;entra\u00eener sans effort.<\/p>\n","protected":false},"excerpt":{"rendered":"<p>D\u00e9couvrez la polyvalence ultime en mati\u00e8re de musculation avec le Cable Cross Over, la machine de musculation polyvalente con\u00e7ue pour un large \u00e9ventail d&#8217;exercices et l&#8217;utilisation de diff\u00e9rents \u00e9quipements auxiliaires. Cet appareil est une station centrale pour un entra\u00eenement complet qui am\u00e9liore la force, la flexibilit\u00e9 et la performance.<\/p>\n","protected":false},"featured_media":47921,"template":"","meta":{"inline_featured_image":false},"product_brand":[],"product_cat":[814,805,804,963],"product_tag":[808,964],"class_list":{"0":"post-48792","1":"product","2":"type-product","3":"status-publish","4":"has-post-thumbnail","6":"product_cat-appareils-de-musculation","7":"product_cat-drax-fr","8":"product_cat-fournisseur","9":"product_cat-machine-de-traction-de-cable","10":"product_tag-drax-fr","11":"product_tag-machine-de-traction-de-cable","12":"pa_breite-3475-mm-fr","13":"pa_gewicht-460-kg-fr","14":"pa_hoehe-2380-mm-fr","15":"pa_laenge-1171-mm-fr","16":"pa_widerstand-2x100-kg-fr","18":"first","19":"instock","20":"product-type-simple"},"yoast_head":"<!-- This site is optimized with the Yoast SEO plugin v23.8 - https:\/\/yoast.com\/wordpress\/plugins\/seo\/ -->\n<title>CABLE CROSS OVER - BZ Solutions<\/title>\n<meta name=\"robots\" content=\"index, follow, max-snippet:-1, max-image-preview:large, max-video-preview:-1\" \/>\n<link rel=\"canonical\" href=\"https:\/\/www.bzsolutions.ch\/fr\/produkt\/cable-cross-over\/\" \/>\n<meta property=\"og:locale\" content=\"fr_FR\" \/>\n<meta property=\"og:type\" content=\"article\" \/>\n<meta property=\"og:title\" content=\"CABLE CROSS OVER - BZ Solutions\" \/>\n<meta property=\"og:description\" content=\"D\u00e9couvrez la polyvalence ultime en mati\u00e8re de musculation avec le Cable Cross Over, la machine de musculation polyvalente con\u00e7ue pour un large \u00e9ventail d&#039;exercices et l&#039;utilisation de diff\u00e9rents \u00e9quipements auxiliaires. Cet appareil est une station centrale pour un entra\u00eenement complet qui am\u00e9liore la force, la flexibilit\u00e9 et la performance.\" \/>\n<meta property=\"og:url\" content=\"https:\/\/www.bzsolutions.ch\/fr\/produkt\/cable-cross-over\/\" \/>\n<meta property=\"og:site_name\" content=\"BZ Solutions\" \/>\n<meta property=\"og:image\" content=\"https:\/\/www.bzsolutions.ch\/wp-content\/uploads\/2024\/04\/Drax_Cable-Cross-Over.png\" \/>\n\t<meta property=\"og:image:width\" content=\"1000\" \/>\n\t<meta property=\"og:image:height\" content=\"1000\" \/>\n\t<meta property=\"og:image:type\" content=\"image\/png\" \/>\n<meta name=\"twitter:card\" content=\"summary_large_image\" \/>\n<meta name=\"twitter:label1\" content=\"Dur\u00e9e de lecture estim\u00e9e\" \/>\n\t<meta name=\"twitter:data1\" content=\"1 minute\" \/>\n<script type=\"application\/ld+json\" class=\"yoast-schema-graph\">{\"@context\":\"https:\/\/schema.org\",\"@graph\":[{\"@type\":\"WebPage\",\"@id\":\"https:\/\/www.bzsolutions.ch\/fr\/produkt\/cable-cross-over\/\",\"url\":\"https:\/\/www.bzsolutions.ch\/fr\/produkt\/cable-cross-over\/\",\"name\":\"CABLE CROSS OVER - BZ Solutions\",\"isPartOf\":{\"@id\":\"https:\/\/www.bzsolutions.ch\/fr\/#website\"},\"primaryImageOfPage\":{\"@id\":\"https:\/\/www.bzsolutions.ch\/fr\/produkt\/cable-cross-over\/#primaryimage\"},\"image\":{\"@id\":\"https:\/\/www.bzsolutions.ch\/fr\/produkt\/cable-cross-over\/#primaryimage\"},\"thumbnailUrl\":\"https:\/\/www.bzsolutions.ch\/wp-content\/uploads\/2024\/04\/Drax_Cable-Cross-Over.png\",\"datePublished\":\"2024-04-03T15:10:01+00:00\",\"dateModified\":\"2024-04-03T15:10:01+00:00\",\"breadcrumb\":{\"@id\":\"https:\/\/www.bzsolutions.ch\/fr\/produkt\/cable-cross-over\/#breadcrumb\"},\"inLanguage\":\"fr-FR\",\"potentialAction\":[{\"@type\":\"ReadAction\",\"target\":[\"https:\/\/www.bzsolutions.ch\/fr\/produkt\/cable-cross-over\/\"]}]},{\"@type\":\"ImageObject\",\"inLanguage\":\"fr-FR\",\"@id\":\"https:\/\/www.bzsolutions.ch\/fr\/produkt\/cable-cross-over\/#primaryimage\",\"url\":\"https:\/\/www.bzsolutions.ch\/wp-content\/uploads\/2024\/04\/Drax_Cable-Cross-Over.png\",\"contentUrl\":\"https:\/\/www.bzsolutions.ch\/wp-content\/uploads\/2024\/04\/Drax_Cable-Cross-Over.png\",\"width\":1000,\"height\":1000},{\"@type\":\"BreadcrumbList\",\"@id\":\"https:\/\/www.bzsolutions.ch\/fr\/produkt\/cable-cross-over\/#breadcrumb\",\"itemListElement\":[{\"@type\":\"ListItem\",\"position\":1,\"name\":\"Startseite\",\"item\":\"https:\/\/www.bzsolutions.ch\/fr\/\"},{\"@type\":\"ListItem\",\"position\":2,\"name\":\"Shop\",\"item\":\"https:\/\/www.bzsolutions.ch\/shop\/\"},{\"@type\":\"ListItem\",\"position\":3,\"name\":\"CABLE CROSS OVER\"}]},{\"@type\":\"WebSite\",\"@id\":\"https:\/\/www.bzsolutions.ch\/fr\/#website\",\"url\":\"https:\/\/www.bzsolutions.ch\/fr\/\",\"name\":\"BZ Solutions\",\"description\":\"Total Fitness Solutions\",\"publisher\":{\"@id\":\"https:\/\/www.bzsolutions.ch\/fr\/#organization\"},\"potentialAction\":[{\"@type\":\"SearchAction\",\"target\":{\"@type\":\"EntryPoint\",\"urlTemplate\":\"https:\/\/www.bzsolutions.ch\/fr\/?s={search_term_string}\"},\"query-input\":{\"@type\":\"PropertyValueSpecification\",\"valueRequired\":true,\"valueName\":\"search_term_string\"}}],\"inLanguage\":\"fr-FR\"},{\"@type\":\"Organization\",\"@id\":\"https:\/\/www.bzsolutions.ch\/fr\/#organization\",\"name\":\"BZ Solutions\",\"url\":\"https:\/\/www.bzsolutions.ch\/fr\/\",\"logo\":{\"@type\":\"ImageObject\",\"inLanguage\":\"fr-FR\",\"@id\":\"https:\/\/www.bzsolutions.ch\/fr\/#\/schema\/logo\/image\/\",\"url\":\"https:\/\/www.bzsolutions.ch\/wp-content\/uploads\/2024\/03\/logo_bz-solutions.png\",\"contentUrl\":\"https:\/\/www.bzsolutions.ch\/wp-content\/uploads\/2024\/03\/logo_bz-solutions.png\",\"width\":600,\"height\":136,\"caption\":\"BZ Solutions\"},\"image\":{\"@id\":\"https:\/\/www.bzsolutions.ch\/fr\/#\/schema\/logo\/image\/\"}}]}<\/script>\n<!-- \/ Yoast SEO plugin. -->","yoast_head_json":{"title":"CABLE CROSS OVER - BZ Solutions","robots":{"index":"index","follow":"follow","max-snippet":"max-snippet:-1","max-image-preview":"max-image-preview:large","max-video-preview":"max-video-preview:-1"},"canonical":"https:\/\/www.bzsolutions.ch\/fr\/produkt\/cable-cross-over\/","og_locale":"fr_FR","og_type":"article","og_title":"CABLE CROSS OVER - BZ Solutions","og_description":"D\u00e9couvrez la polyvalence ultime en mati\u00e8re de musculation avec le Cable Cross Over, la machine de musculation polyvalente con\u00e7ue pour un large \u00e9ventail d'exercices et l'utilisation de diff\u00e9rents \u00e9quipements auxiliaires. Cet appareil est une station centrale pour un entra\u00eenement complet qui am\u00e9liore la force, la flexibilit\u00e9 et la performance.","og_url":"https:\/\/www.bzsolutions.ch\/fr\/produkt\/cable-cross-over\/","og_site_name":"BZ Solutions","og_image":[{"width":1000,"height":1000,"url":"https:\/\/www.bzsolutions.ch\/wp-content\/uploads\/2024\/04\/Drax_Cable-Cross-Over.png","type":"image\/png"}],"twitter_card":"summary_large_image","twitter_misc":{"Dur\u00e9e de lecture estim\u00e9e":"1 minute"},"schema":{"@context":"https:\/\/schema.org","@graph":[{"@type":"WebPage","@id":"https:\/\/www.bzsolutions.ch\/fr\/produkt\/cable-cross-over\/","url":"https:\/\/www.bzsolutions.ch\/fr\/produkt\/cable-cross-over\/","name":"CABLE CROSS OVER - BZ Solutions","isPartOf":{"@id":"https:\/\/www.bzsolutions.ch\/fr\/#website"},"primaryImageOfPage":{"@id":"https:\/\/www.bzsolutions.ch\/fr\/produkt\/cable-cross-over\/#primaryimage"},"image":{"@id":"https:\/\/www.bzsolutions.ch\/fr\/produkt\/cable-cross-over\/#primaryimage"},"thumbnailUrl":"https:\/\/www.bzsolutions.ch\/wp-content\/uploads\/2024\/04\/Drax_Cable-Cross-Over.png","datePublished":"2024-04-03T15:10:01+00:00","dateModified":"2024-04-03T15:10:01+00:00","breadcrumb":{"@id":"https:\/\/www.bzsolutions.ch\/fr\/produkt\/cable-cross-over\/#breadcrumb"},"inLanguage":"fr-FR","potentialAction":[{"@type":"ReadAction","target":["https:\/\/www.bzsolutions.ch\/fr\/produkt\/cable-cross-over\/"]}]},{"@type":"ImageObject","inLanguage":"fr-FR","@id":"https:\/\/www.bzsolutions.ch\/fr\/produkt\/cable-cross-over\/#primaryimage","url":"https:\/\/www.bzsolutions.ch\/wp-content\/uploads\/2024\/04\/Drax_Cable-Cross-Over.png","contentUrl":"https:\/\/www.bzsolutions.ch\/wp-content\/uploads\/2024\/04\/Drax_Cable-Cross-Over.png","width":1000,"height":1000},{"@type":"BreadcrumbList","@id":"https:\/\/www.bzsolutions.ch\/fr\/produkt\/cable-cross-over\/#breadcrumb","itemListElement":[{"@type":"ListItem","position":1,"name":"Startseite","item":"https:\/\/www.bzsolutions.ch\/fr\/"},{"@type":"ListItem","position":2,"name":"Shop","item":"https:\/\/www.bzsolutions.ch\/shop\/"},{"@type":"ListItem","position":3,"name":"CABLE CROSS OVER"}]},{"@type":"WebSite","@id":"https:\/\/www.bzsolutions.ch\/fr\/#website","url":"https:\/\/www.bzsolutions.ch\/fr\/","name":"BZ Solutions","description":"Total Fitness Solutions","publisher":{"@id":"https:\/\/www.bzsolutions.ch\/fr\/#organization"},"potentialAction":[{"@type":"SearchAction","target":{"@type":"EntryPoint","urlTemplate":"https:\/\/www.bzsolutions.ch\/fr\/?s={search_term_string}"},"query-input":{"@type":"PropertyValueSpecification","valueRequired":true,"valueName":"search_term_string"}}],"inLanguage":"fr-FR"},{"@type":"Organization","@id":"https:\/\/www.bzsolutions.ch\/fr\/#organization","name":"BZ Solutions","url":"https:\/\/www.bzsolutions.ch\/fr\/","logo":{"@type":"ImageObject","inLanguage":"fr-FR","@id":"https:\/\/www.bzsolutions.ch\/fr\/#\/schema\/logo\/image\/","url":"https:\/\/www.bzsolutions.ch\/wp-content\/uploads\/2024\/03\/logo_bz-solutions.png","contentUrl":"https:\/\/www.bzsolutions.ch\/wp-content\/uploads\/2024\/03\/logo_bz-solutions.png","width":600,"height":136,"caption":"BZ Solutions"},"image":{"@id":"https:\/\/www.bzsolutions.ch\/fr\/#\/schema\/logo\/image\/"}}]}},"_links":{"self":[{"href":"https:\/\/www.bzsolutions.ch\/fr\/wp-json\/wp\/v2\/product\/48792","targetHints":{"allow":["GET"]}}],"collection":[{"href":"https:\/\/www.bzsolutions.ch\/fr\/wp-json\/wp\/v2\/product"}],"about":[{"href":"https:\/\/www.bzsolutions.ch\/fr\/wp-json\/wp\/v2\/types\/product"}],"wp:featuredmedia":[{"embeddable":true,"href":"https:\/\/www.bzsolutions.ch\/fr\/wp-json\/wp\/v2\/media\/47921"}],"wp:attachment":[{"href":"https:\/\/www.bzsolutions.ch\/fr\/wp-json\/wp\/v2\/media?parent=48792"}],"wp:term":[{"taxonomy":"product_brand","embeddable":true,"href":"https:\/\/www.bzsolutions.ch\/fr\/wp-json\/wp\/v2\/product_brand?post=48792"},{"taxonomy":"product_cat","embeddable":true,"href":"https:\/\/www.bzsolutions.ch\/fr\/wp-json\/wp\/v2\/product_cat?post=48792"},{"taxonomy":"product_tag","embeddable":true,"href":"https:\/\/www.bzsolutions.ch\/fr\/wp-json\/wp\/v2\/product_tag?post=48792"}],"curies":[{"name":"wp","href":"https:\/\/api.w.org\/{rel}","templated":true}]}}