{"id":48793,"date":"2024-04-03T17:11:47","date_gmt":"2024-04-03T15:11:47","guid":{"rendered":"https:\/\/www.bzsolutions.ch\/produkt\/plated-loaded-flat-bench\/"},"modified":"2024-04-03T17:11:47","modified_gmt":"2024-04-03T15:11:47","slug":"plated-loaded-flat-bench","status":"publish","type":"product","link":"https:\/\/www.bzsolutions.ch\/fr\/produkt\/plated-loaded-flat-bench\/","title":{"rendered":"PLATED LOADED FLAT BENCH"},"content":{"rendered":"<p>01. AJUSTEMENT INDIVIDUEL : L&#8217;assise longue du PLATED LOADED FLAT BENCH permet aux pratiquants de toutes tailles de s&#8217;entra\u00eener confortablement et efficacement. Les mouvements iso-lat\u00e9raux ind\u00e9pendants des bras favorisent un d\u00e9veloppement musculaire sym\u00e9trique et permettent de personnaliser la r\u00e9sistance pour chaque c\u00f4t\u00e9.<\/p>\n<p>02. FONCTIONNALIT\u00c9 ET POLYVALENCE : La conception horizontale du banc plat favorise une ex\u00e9cution correcte du d\u00e9velopp\u00e9 couch\u00e9 et des autres exercices de la poitrine. Gr\u00e2ce \u00e0 sa construction robuste et \u00e0 la possibilit\u00e9 d&#8217;adapter les exercices aux besoins individuels, ce banc constitue une excellente base pour un entra\u00eenement polyvalent du haut du corps.<\/p>\n<p>03. QUALIT\u00c9 ET DURABILIT\u00c9 : La PLATED LOADED FLAT BENCH se distingue par sa grande qualit\u00e9 et sa long\u00e9vit\u00e9. Fabriqu\u00e9 \u00e0 partir de tubes ovales de 2&#8243; x 4&#8243; en acier de calibre 9 et d&#8217;une peinture en poudre avec une finition claire et brillante, ce banc promet une utilisation durable sans usure.<\/p>\n","protected":false},"excerpt":{"rendered":"<p>Atteignez vos objectifs de musculation avec le PLATED LOADED FLAT BENCH, une station d&#8217;entra\u00eenement de haute qualit\u00e9 pour des exercices de d\u00e9velopp\u00e9 couch\u00e9 exigeants. Ce banc est parfaitement con\u00e7u pour les athl\u00e8tes de toutes tailles et favorise un entra\u00eenement efficace et \u00e9quilibr\u00e9 des muscles pectoraux gr\u00e2ce \u00e0 sa conception de banc plat horizontal et \u00e0 ses mouvements de bras iso-lat\u00e9raux ind\u00e9pendants.<\/p>\n","protected":false},"featured_media":47926,"template":"","meta":{"inline_featured_image":false},"product_brand":[],"product_cat":[814,805,804,815],"product_tag":[808,816],"class_list":{"0":"post-48793","1":"product","2":"type-product","3":"status-publish","4":"has-post-thumbnail","6":"product_cat-appareils-de-musculation","7":"product_cat-drax-fr","8":"product_cat-fournisseur","9":"product_cat-station-de-musculation","10":"product_tag-drax-fr","11":"product_tag-station-de-musculation","12":"pa_breite-1370-mm-fr","13":"pa_gewicht-90-kg-fr","14":"pa_hoehe-946-mm-fr","15":"pa_laenge-1615-mm-fr","17":"first","18":"instock","19":"product-type-simple"},"yoast_head":"<!-- This site is optimized with the Yoast SEO plugin v23.8 - https:\/\/yoast.com\/wordpress\/plugins\/seo\/ -->\n<title>PLATED LOADED FLAT BENCH - BZ Solutions<\/title>\n<meta name=\"robots\" content=\"index, follow, max-snippet:-1, max-image-preview:large, max-video-preview:-1\" \/>\n<link rel=\"canonical\" href=\"https:\/\/www.bzsolutions.ch\/fr\/produkt\/plated-loaded-flat-bench\/\" \/>\n<meta property=\"og:locale\" content=\"fr_FR\" \/>\n<meta property=\"og:type\" content=\"article\" \/>\n<meta property=\"og:title\" content=\"PLATED LOADED FLAT BENCH - BZ Solutions\" \/>\n<meta property=\"og:description\" content=\"Atteignez vos objectifs de musculation avec le PLATED LOADED FLAT BENCH, une station d&#039;entra\u00eenement de haute qualit\u00e9 pour des exercices de d\u00e9velopp\u00e9 couch\u00e9 exigeants. Ce banc est parfaitement con\u00e7u pour les athl\u00e8tes de toutes tailles et favorise un entra\u00eenement efficace et \u00e9quilibr\u00e9 des muscles pectoraux gr\u00e2ce \u00e0 sa conception de banc plat horizontal et \u00e0 ses mouvements de bras iso-lat\u00e9raux ind\u00e9pendants.\" \/>\n<meta property=\"og:url\" content=\"https:\/\/www.bzsolutions.ch\/fr\/produkt\/plated-loaded-flat-bench\/\" \/>\n<meta property=\"og:site_name\" content=\"BZ Solutions\" \/>\n<meta property=\"og:image\" content=\"https:\/\/www.bzsolutions.ch\/wp-content\/uploads\/2024\/04\/Drax_Plated_Loaded_Flat_Bench.png\" \/>\n\t<meta property=\"og:image:width\" content=\"1000\" \/>\n\t<meta property=\"og:image:height\" content=\"1000\" \/>\n\t<meta property=\"og:image:type\" content=\"image\/png\" \/>\n<meta name=\"twitter:card\" content=\"summary_large_image\" \/>\n<meta name=\"twitter:label1\" content=\"Dur\u00e9e de lecture estim\u00e9e\" \/>\n\t<meta name=\"twitter:data1\" content=\"1 minute\" \/>\n<script type=\"application\/ld+json\" class=\"yoast-schema-graph\">{\"@context\":\"https:\/\/schema.org\",\"@graph\":[{\"@type\":\"WebPage\",\"@id\":\"https:\/\/www.bzsolutions.ch\/fr\/produkt\/plated-loaded-flat-bench\/\",\"url\":\"https:\/\/www.bzsolutions.ch\/fr\/produkt\/plated-loaded-flat-bench\/\",\"name\":\"PLATED LOADED FLAT BENCH - BZ Solutions\",\"isPartOf\":{\"@id\":\"https:\/\/www.bzsolutions.ch\/fr\/#website\"},\"primaryImageOfPage\":{\"@id\":\"https:\/\/www.bzsolutions.ch\/fr\/produkt\/plated-loaded-flat-bench\/#primaryimage\"},\"image\":{\"@id\":\"https:\/\/www.bzsolutions.ch\/fr\/produkt\/plated-loaded-flat-bench\/#primaryimage\"},\"thumbnailUrl\":\"https:\/\/www.bzsolutions.ch\/wp-content\/uploads\/2024\/04\/Drax_Plated_Loaded_Flat_Bench.png\",\"datePublished\":\"2024-04-03T15:11:47+00:00\",\"dateModified\":\"2024-04-03T15:11:47+00:00\",\"breadcrumb\":{\"@id\":\"https:\/\/www.bzsolutions.ch\/fr\/produkt\/plated-loaded-flat-bench\/#breadcrumb\"},\"inLanguage\":\"fr-FR\",\"potentialAction\":[{\"@type\":\"ReadAction\",\"target\":[\"https:\/\/www.bzsolutions.ch\/fr\/produkt\/plated-loaded-flat-bench\/\"]}]},{\"@type\":\"ImageObject\",\"inLanguage\":\"fr-FR\",\"@id\":\"https:\/\/www.bzsolutions.ch\/fr\/produkt\/plated-loaded-flat-bench\/#primaryimage\",\"url\":\"https:\/\/www.bzsolutions.ch\/wp-content\/uploads\/2024\/04\/Drax_Plated_Loaded_Flat_Bench.png\",\"contentUrl\":\"https:\/\/www.bzsolutions.ch\/wp-content\/uploads\/2024\/04\/Drax_Plated_Loaded_Flat_Bench.png\",\"width\":1000,\"height\":1000},{\"@type\":\"BreadcrumbList\",\"@id\":\"https:\/\/www.bzsolutions.ch\/fr\/produkt\/plated-loaded-flat-bench\/#breadcrumb\",\"itemListElement\":[{\"@type\":\"ListItem\",\"position\":1,\"name\":\"Startseite\",\"item\":\"https:\/\/www.bzsolutions.ch\/fr\/\"},{\"@type\":\"ListItem\",\"position\":2,\"name\":\"Shop\",\"item\":\"https:\/\/www.bzsolutions.ch\/shop\/\"},{\"@type\":\"ListItem\",\"position\":3,\"name\":\"PLATED LOADED FLAT BENCH\"}]},{\"@type\":\"WebSite\",\"@id\":\"https:\/\/www.bzsolutions.ch\/fr\/#website\",\"url\":\"https:\/\/www.bzsolutions.ch\/fr\/\",\"name\":\"BZ Solutions\",\"description\":\"Total Fitness Solutions\",\"publisher\":{\"@id\":\"https:\/\/www.bzsolutions.ch\/fr\/#organization\"},\"potentialAction\":[{\"@type\":\"SearchAction\",\"target\":{\"@type\":\"EntryPoint\",\"urlTemplate\":\"https:\/\/www.bzsolutions.ch\/fr\/?s={search_term_string}\"},\"query-input\":{\"@type\":\"PropertyValueSpecification\",\"valueRequired\":true,\"valueName\":\"search_term_string\"}}],\"inLanguage\":\"fr-FR\"},{\"@type\":\"Organization\",\"@id\":\"https:\/\/www.bzsolutions.ch\/fr\/#organization\",\"name\":\"BZ Solutions\",\"url\":\"https:\/\/www.bzsolutions.ch\/fr\/\",\"logo\":{\"@type\":\"ImageObject\",\"inLanguage\":\"fr-FR\",\"@id\":\"https:\/\/www.bzsolutions.ch\/fr\/#\/schema\/logo\/image\/\",\"url\":\"https:\/\/www.bzsolutions.ch\/wp-content\/uploads\/2024\/03\/logo_bz-solutions.png\",\"contentUrl\":\"https:\/\/www.bzsolutions.ch\/wp-content\/uploads\/2024\/03\/logo_bz-solutions.png\",\"width\":600,\"height\":136,\"caption\":\"BZ Solutions\"},\"image\":{\"@id\":\"https:\/\/www.bzsolutions.ch\/fr\/#\/schema\/logo\/image\/\"}}]}<\/script>\n<!-- \/ Yoast SEO plugin. -->","yoast_head_json":{"title":"PLATED LOADED FLAT BENCH - BZ Solutions","robots":{"index":"index","follow":"follow","max-snippet":"max-snippet:-1","max-image-preview":"max-image-preview:large","max-video-preview":"max-video-preview:-1"},"canonical":"https:\/\/www.bzsolutions.ch\/fr\/produkt\/plated-loaded-flat-bench\/","og_locale":"fr_FR","og_type":"article","og_title":"PLATED LOADED FLAT BENCH - BZ Solutions","og_description":"Atteignez vos objectifs de musculation avec le PLATED LOADED FLAT BENCH, une station d'entra\u00eenement de haute qualit\u00e9 pour des exercices de d\u00e9velopp\u00e9 couch\u00e9 exigeants. Ce banc est parfaitement con\u00e7u pour les athl\u00e8tes de toutes tailles et favorise un entra\u00eenement efficace et \u00e9quilibr\u00e9 des muscles pectoraux gr\u00e2ce \u00e0 sa conception de banc plat horizontal et \u00e0 ses mouvements de bras iso-lat\u00e9raux ind\u00e9pendants.","og_url":"https:\/\/www.bzsolutions.ch\/fr\/produkt\/plated-loaded-flat-bench\/","og_site_name":"BZ Solutions","og_image":[{"width":1000,"height":1000,"url":"https:\/\/www.bzsolutions.ch\/wp-content\/uploads\/2024\/04\/Drax_Plated_Loaded_Flat_Bench.png","type":"image\/png"}],"twitter_card":"summary_large_image","twitter_misc":{"Dur\u00e9e de lecture estim\u00e9e":"1 minute"},"schema":{"@context":"https:\/\/schema.org","@graph":[{"@type":"WebPage","@id":"https:\/\/www.bzsolutions.ch\/fr\/produkt\/plated-loaded-flat-bench\/","url":"https:\/\/www.bzsolutions.ch\/fr\/produkt\/plated-loaded-flat-bench\/","name":"PLATED LOADED FLAT BENCH - BZ Solutions","isPartOf":{"@id":"https:\/\/www.bzsolutions.ch\/fr\/#website"},"primaryImageOfPage":{"@id":"https:\/\/www.bzsolutions.ch\/fr\/produkt\/plated-loaded-flat-bench\/#primaryimage"},"image":{"@id":"https:\/\/www.bzsolutions.ch\/fr\/produkt\/plated-loaded-flat-bench\/#primaryimage"},"thumbnailUrl":"https:\/\/www.bzsolutions.ch\/wp-content\/uploads\/2024\/04\/Drax_Plated_Loaded_Flat_Bench.png","datePublished":"2024-04-03T15:11:47+00:00","dateModified":"2024-04-03T15:11:47+00:00","breadcrumb":{"@id":"https:\/\/www.bzsolutions.ch\/fr\/produkt\/plated-loaded-flat-bench\/#breadcrumb"},"inLanguage":"fr-FR","potentialAction":[{"@type":"ReadAction","target":["https:\/\/www.bzsolutions.ch\/fr\/produkt\/plated-loaded-flat-bench\/"]}]},{"@type":"ImageObject","inLanguage":"fr-FR","@id":"https:\/\/www.bzsolutions.ch\/fr\/produkt\/plated-loaded-flat-bench\/#primaryimage","url":"https:\/\/www.bzsolutions.ch\/wp-content\/uploads\/2024\/04\/Drax_Plated_Loaded_Flat_Bench.png","contentUrl":"https:\/\/www.bzsolutions.ch\/wp-content\/uploads\/2024\/04\/Drax_Plated_Loaded_Flat_Bench.png","width":1000,"height":1000},{"@type":"BreadcrumbList","@id":"https:\/\/www.bzsolutions.ch\/fr\/produkt\/plated-loaded-flat-bench\/#breadcrumb","itemListElement":[{"@type":"ListItem","position":1,"name":"Startseite","item":"https:\/\/www.bzsolutions.ch\/fr\/"},{"@type":"ListItem","position":2,"name":"Shop","item":"https:\/\/www.bzsolutions.ch\/shop\/"},{"@type":"ListItem","position":3,"name":"PLATED LOADED FLAT BENCH"}]},{"@type":"WebSite","@id":"https:\/\/www.bzsolutions.ch\/fr\/#website","url":"https:\/\/www.bzsolutions.ch\/fr\/","name":"BZ Solutions","description":"Total Fitness Solutions","publisher":{"@id":"https:\/\/www.bzsolutions.ch\/fr\/#organization"},"potentialAction":[{"@type":"SearchAction","target":{"@type":"EntryPoint","urlTemplate":"https:\/\/www.bzsolutions.ch\/fr\/?s={search_term_string}"},"query-input":{"@type":"PropertyValueSpecification","valueRequired":true,"valueName":"search_term_string"}}],"inLanguage":"fr-FR"},{"@type":"Organization","@id":"https:\/\/www.bzsolutions.ch\/fr\/#organization","name":"BZ Solutions","url":"https:\/\/www.bzsolutions.ch\/fr\/","logo":{"@type":"ImageObject","inLanguage":"fr-FR","@id":"https:\/\/www.bzsolutions.ch\/fr\/#\/schema\/logo\/image\/","url":"https:\/\/www.bzsolutions.ch\/wp-content\/uploads\/2024\/03\/logo_bz-solutions.png","contentUrl":"https:\/\/www.bzsolutions.ch\/wp-content\/uploads\/2024\/03\/logo_bz-solutions.png","width":600,"height":136,"caption":"BZ Solutions"},"image":{"@id":"https:\/\/www.bzsolutions.ch\/fr\/#\/schema\/logo\/image\/"}}]}},"_links":{"self":[{"href":"https:\/\/www.bzsolutions.ch\/fr\/wp-json\/wp\/v2\/product\/48793","targetHints":{"allow":["GET"]}}],"collection":[{"href":"https:\/\/www.bzsolutions.ch\/fr\/wp-json\/wp\/v2\/product"}],"about":[{"href":"https:\/\/www.bzsolutions.ch\/fr\/wp-json\/wp\/v2\/types\/product"}],"wp:featuredmedia":[{"embeddable":true,"href":"https:\/\/www.bzsolutions.ch\/fr\/wp-json\/wp\/v2\/media\/47926"}],"wp:attachment":[{"href":"https:\/\/www.bzsolutions.ch\/fr\/wp-json\/wp\/v2\/media?parent=48793"}],"wp:term":[{"taxonomy":"product_brand","embeddable":true,"href":"https:\/\/www.bzsolutions.ch\/fr\/wp-json\/wp\/v2\/product_brand?post=48793"},{"taxonomy":"product_cat","embeddable":true,"href":"https:\/\/www.bzsolutions.ch\/fr\/wp-json\/wp\/v2\/product_cat?post=48793"},{"taxonomy":"product_tag","embeddable":true,"href":"https:\/\/www.bzsolutions.ch\/fr\/wp-json\/wp\/v2\/product_tag?post=48793"}],"curies":[{"name":"wp","href":"https:\/\/api.w.org\/{rel}","templated":true}]}}