{"id":48795,"date":"2024-04-03T17:10:01","date_gmt":"2024-04-03T15:10:01","guid":{"rendered":"https:\/\/www.bzsolutions.ch\/produkt\/butter-flypec-fly\/"},"modified":"2024-04-03T17:10:01","modified_gmt":"2024-04-03T15:10:01","slug":"butter-flypec-fly","status":"publish","type":"product","link":"https:\/\/www.bzsolutions.ch\/fr\/produkt\/butter-flypec-fly\/","title":{"rendered":"BUTTER FLY(PEC FLY)"},"content":{"rendered":"<p>01. SP\u00c9CIALEMENT POUR LA MUSCULATION DU POITRINE : Le Butter Fly (Pec Fly) se caract\u00e9rise par des tubes d&#8217;acier carr\u00e9s de 2&#8243; x 4&#8243; et un rev\u00eatement en poudre de haute qualit\u00e9 qui, associ\u00e9s \u00e0 des plaques de lestage en acier massif, des barres de guidage chrom\u00e9es dur et des douilles \u00e0 faible frottement, garantissent une longue dur\u00e9e de vie et un fonctionnement sans faille. La plage de d\u00e9part du mouvement r\u00e9glable permet une adaptation pr\u00e9cise \u00e0 vos objectifs d&#8217;entra\u00eenement individuels.<\/p>\n<p>02. CONFORT ET AJUSTEMENT : Le repose-bras et le guidon sont parfaitement adapt\u00e9s aux mouvements de l&#8217;utilisateur et offrent une ergonomie optimale pour un entra\u00eenement efficace de la poitrine. Un syst\u00e8me de cliquet simple permet \u00e9galement de r\u00e9gler le si\u00e8ge rapidement et facilement afin de maximiser le confort et la s\u00e9curit\u00e9 pendant l&#8217;entra\u00eenement.<\/p>\n<p>03. CONSTRUCTION PERFORMANTE : le recouvrement complet de la pile de poids garantit non seulement la s\u00e9curit\u00e9, mais aussi l&#8217;esth\u00e9tique de l&#8217;appareil. La combinaison d&#8217;un design ergonomique et de la construction robuste du Butter Fly (Pec Fly) assure un entra\u00eenement de la poitrine au plus haut niveau, soutenu par la stabilit\u00e9 et la fiabilit\u00e9 de la machine.<\/p>\n","protected":false},"excerpt":{"rendered":"<p>Optimisez votre entra\u00eenement de la poitrine avec l&#8217;appareil Butter Fly (Pec Fly) de haute qualit\u00e9, sp\u00e9cialement con\u00e7u pour renforcer et sculpter les muscles de la poitrine. Sa construction robuste et ses fonctionnalit\u00e9s bien pens\u00e9es en font un \u00e9l\u00e9ment indispensable de toute routine d&#8217;entra\u00eenement.<\/p>\n","protected":false},"featured_media":47920,"template":"","meta":{"inline_featured_image":false},"product_brand":[],"product_cat":[814,805,804,815],"product_tag":[808,816],"class_list":{"0":"post-48795","1":"product","2":"type-product","3":"status-publish","4":"has-post-thumbnail","6":"product_cat-appareils-de-musculation","7":"product_cat-drax-fr","8":"product_cat-fournisseur","9":"product_cat-station-de-musculation","10":"product_tag-drax-fr","11":"product_tag-station-de-musculation","12":"pa_breite-1364-mm-fr","13":"pa_gewicht-185-kg-fr","14":"pa_hoehe-2102-mm-fr","15":"pa_laenge-976-mm-fr","17":"first","18":"instock","19":"product-type-simple"},"yoast_head":"<!-- This site is optimized with the Yoast SEO plugin v23.8 - https:\/\/yoast.com\/wordpress\/plugins\/seo\/ -->\n<title>BUTTER FLY(PEC FLY) - BZ Solutions<\/title>\n<meta name=\"robots\" content=\"index, follow, max-snippet:-1, max-image-preview:large, max-video-preview:-1\" \/>\n<link rel=\"canonical\" href=\"https:\/\/www.bzsolutions.ch\/fr\/produkt\/butter-flypec-fly\/\" \/>\n<meta property=\"og:locale\" content=\"fr_FR\" \/>\n<meta property=\"og:type\" content=\"article\" \/>\n<meta property=\"og:title\" content=\"BUTTER FLY(PEC FLY) - BZ Solutions\" \/>\n<meta property=\"og:description\" content=\"Optimisez votre entra\u00eenement de la poitrine avec l&#039;appareil Butter Fly (Pec Fly) de haute qualit\u00e9, sp\u00e9cialement con\u00e7u pour renforcer et sculpter les muscles de la poitrine. Sa construction robuste et ses fonctionnalit\u00e9s bien pens\u00e9es en font un \u00e9l\u00e9ment indispensable de toute routine d&#039;entra\u00eenement.\" \/>\n<meta property=\"og:url\" content=\"https:\/\/www.bzsolutions.ch\/fr\/produkt\/butter-flypec-fly\/\" \/>\n<meta property=\"og:site_name\" content=\"BZ Solutions\" \/>\n<meta property=\"og:image\" content=\"https:\/\/www.bzsolutions.ch\/wp-content\/uploads\/2024\/04\/Drax_Butterfly.jpg\" \/>\n\t<meta property=\"og:image:width\" content=\"1280\" \/>\n\t<meta property=\"og:image:height\" content=\"1280\" \/>\n\t<meta property=\"og:image:type\" content=\"image\/jpeg\" \/>\n<meta name=\"twitter:card\" content=\"summary_large_image\" \/>\n<meta name=\"twitter:label1\" content=\"Dur\u00e9e de lecture estim\u00e9e\" \/>\n\t<meta name=\"twitter:data1\" content=\"1 minute\" \/>\n<script type=\"application\/ld+json\" class=\"yoast-schema-graph\">{\"@context\":\"https:\/\/schema.org\",\"@graph\":[{\"@type\":\"WebPage\",\"@id\":\"https:\/\/www.bzsolutions.ch\/fr\/produkt\/butter-flypec-fly\/\",\"url\":\"https:\/\/www.bzsolutions.ch\/fr\/produkt\/butter-flypec-fly\/\",\"name\":\"BUTTER FLY(PEC FLY) - BZ Solutions\",\"isPartOf\":{\"@id\":\"https:\/\/www.bzsolutions.ch\/fr\/#website\"},\"primaryImageOfPage\":{\"@id\":\"https:\/\/www.bzsolutions.ch\/fr\/produkt\/butter-flypec-fly\/#primaryimage\"},\"image\":{\"@id\":\"https:\/\/www.bzsolutions.ch\/fr\/produkt\/butter-flypec-fly\/#primaryimage\"},\"thumbnailUrl\":\"https:\/\/www.bzsolutions.ch\/wp-content\/uploads\/2024\/04\/Drax_Butterfly.jpg\",\"datePublished\":\"2024-04-03T15:10:01+00:00\",\"dateModified\":\"2024-04-03T15:10:01+00:00\",\"breadcrumb\":{\"@id\":\"https:\/\/www.bzsolutions.ch\/fr\/produkt\/butter-flypec-fly\/#breadcrumb\"},\"inLanguage\":\"fr-FR\",\"potentialAction\":[{\"@type\":\"ReadAction\",\"target\":[\"https:\/\/www.bzsolutions.ch\/fr\/produkt\/butter-flypec-fly\/\"]}]},{\"@type\":\"ImageObject\",\"inLanguage\":\"fr-FR\",\"@id\":\"https:\/\/www.bzsolutions.ch\/fr\/produkt\/butter-flypec-fly\/#primaryimage\",\"url\":\"https:\/\/www.bzsolutions.ch\/wp-content\/uploads\/2024\/04\/Drax_Butterfly.jpg\",\"contentUrl\":\"https:\/\/www.bzsolutions.ch\/wp-content\/uploads\/2024\/04\/Drax_Butterfly.jpg\",\"width\":1280,\"height\":1280},{\"@type\":\"BreadcrumbList\",\"@id\":\"https:\/\/www.bzsolutions.ch\/fr\/produkt\/butter-flypec-fly\/#breadcrumb\",\"itemListElement\":[{\"@type\":\"ListItem\",\"position\":1,\"name\":\"Startseite\",\"item\":\"https:\/\/www.bzsolutions.ch\/fr\/\"},{\"@type\":\"ListItem\",\"position\":2,\"name\":\"Shop\",\"item\":\"https:\/\/www.bzsolutions.ch\/shop\/\"},{\"@type\":\"ListItem\",\"position\":3,\"name\":\"BUTTER FLY(PEC FLY)\"}]},{\"@type\":\"WebSite\",\"@id\":\"https:\/\/www.bzsolutions.ch\/fr\/#website\",\"url\":\"https:\/\/www.bzsolutions.ch\/fr\/\",\"name\":\"BZ Solutions\",\"description\":\"Total Fitness Solutions\",\"publisher\":{\"@id\":\"https:\/\/www.bzsolutions.ch\/fr\/#organization\"},\"potentialAction\":[{\"@type\":\"SearchAction\",\"target\":{\"@type\":\"EntryPoint\",\"urlTemplate\":\"https:\/\/www.bzsolutions.ch\/fr\/?s={search_term_string}\"},\"query-input\":{\"@type\":\"PropertyValueSpecification\",\"valueRequired\":true,\"valueName\":\"search_term_string\"}}],\"inLanguage\":\"fr-FR\"},{\"@type\":\"Organization\",\"@id\":\"https:\/\/www.bzsolutions.ch\/fr\/#organization\",\"name\":\"BZ Solutions\",\"url\":\"https:\/\/www.bzsolutions.ch\/fr\/\",\"logo\":{\"@type\":\"ImageObject\",\"inLanguage\":\"fr-FR\",\"@id\":\"https:\/\/www.bzsolutions.ch\/fr\/#\/schema\/logo\/image\/\",\"url\":\"https:\/\/www.bzsolutions.ch\/wp-content\/uploads\/2024\/03\/logo_bz-solutions.png\",\"contentUrl\":\"https:\/\/www.bzsolutions.ch\/wp-content\/uploads\/2024\/03\/logo_bz-solutions.png\",\"width\":600,\"height\":136,\"caption\":\"BZ Solutions\"},\"image\":{\"@id\":\"https:\/\/www.bzsolutions.ch\/fr\/#\/schema\/logo\/image\/\"}}]}<\/script>\n<!-- \/ Yoast SEO plugin. -->","yoast_head_json":{"title":"BUTTER FLY(PEC FLY) - BZ Solutions","robots":{"index":"index","follow":"follow","max-snippet":"max-snippet:-1","max-image-preview":"max-image-preview:large","max-video-preview":"max-video-preview:-1"},"canonical":"https:\/\/www.bzsolutions.ch\/fr\/produkt\/butter-flypec-fly\/","og_locale":"fr_FR","og_type":"article","og_title":"BUTTER FLY(PEC FLY) - BZ Solutions","og_description":"Optimisez votre entra\u00eenement de la poitrine avec l'appareil Butter Fly (Pec Fly) de haute qualit\u00e9, sp\u00e9cialement con\u00e7u pour renforcer et sculpter les muscles de la poitrine. Sa construction robuste et ses fonctionnalit\u00e9s bien pens\u00e9es en font un \u00e9l\u00e9ment indispensable de toute routine d'entra\u00eenement.","og_url":"https:\/\/www.bzsolutions.ch\/fr\/produkt\/butter-flypec-fly\/","og_site_name":"BZ Solutions","og_image":[{"width":1280,"height":1280,"url":"https:\/\/www.bzsolutions.ch\/wp-content\/uploads\/2024\/04\/Drax_Butterfly.jpg","type":"image\/jpeg"}],"twitter_card":"summary_large_image","twitter_misc":{"Dur\u00e9e de lecture estim\u00e9e":"1 minute"},"schema":{"@context":"https:\/\/schema.org","@graph":[{"@type":"WebPage","@id":"https:\/\/www.bzsolutions.ch\/fr\/produkt\/butter-flypec-fly\/","url":"https:\/\/www.bzsolutions.ch\/fr\/produkt\/butter-flypec-fly\/","name":"BUTTER FLY(PEC FLY) - BZ Solutions","isPartOf":{"@id":"https:\/\/www.bzsolutions.ch\/fr\/#website"},"primaryImageOfPage":{"@id":"https:\/\/www.bzsolutions.ch\/fr\/produkt\/butter-flypec-fly\/#primaryimage"},"image":{"@id":"https:\/\/www.bzsolutions.ch\/fr\/produkt\/butter-flypec-fly\/#primaryimage"},"thumbnailUrl":"https:\/\/www.bzsolutions.ch\/wp-content\/uploads\/2024\/04\/Drax_Butterfly.jpg","datePublished":"2024-04-03T15:10:01+00:00","dateModified":"2024-04-03T15:10:01+00:00","breadcrumb":{"@id":"https:\/\/www.bzsolutions.ch\/fr\/produkt\/butter-flypec-fly\/#breadcrumb"},"inLanguage":"fr-FR","potentialAction":[{"@type":"ReadAction","target":["https:\/\/www.bzsolutions.ch\/fr\/produkt\/butter-flypec-fly\/"]}]},{"@type":"ImageObject","inLanguage":"fr-FR","@id":"https:\/\/www.bzsolutions.ch\/fr\/produkt\/butter-flypec-fly\/#primaryimage","url":"https:\/\/www.bzsolutions.ch\/wp-content\/uploads\/2024\/04\/Drax_Butterfly.jpg","contentUrl":"https:\/\/www.bzsolutions.ch\/wp-content\/uploads\/2024\/04\/Drax_Butterfly.jpg","width":1280,"height":1280},{"@type":"BreadcrumbList","@id":"https:\/\/www.bzsolutions.ch\/fr\/produkt\/butter-flypec-fly\/#breadcrumb","itemListElement":[{"@type":"ListItem","position":1,"name":"Startseite","item":"https:\/\/www.bzsolutions.ch\/fr\/"},{"@type":"ListItem","position":2,"name":"Shop","item":"https:\/\/www.bzsolutions.ch\/shop\/"},{"@type":"ListItem","position":3,"name":"BUTTER FLY(PEC FLY)"}]},{"@type":"WebSite","@id":"https:\/\/www.bzsolutions.ch\/fr\/#website","url":"https:\/\/www.bzsolutions.ch\/fr\/","name":"BZ Solutions","description":"Total Fitness Solutions","publisher":{"@id":"https:\/\/www.bzsolutions.ch\/fr\/#organization"},"potentialAction":[{"@type":"SearchAction","target":{"@type":"EntryPoint","urlTemplate":"https:\/\/www.bzsolutions.ch\/fr\/?s={search_term_string}"},"query-input":{"@type":"PropertyValueSpecification","valueRequired":true,"valueName":"search_term_string"}}],"inLanguage":"fr-FR"},{"@type":"Organization","@id":"https:\/\/www.bzsolutions.ch\/fr\/#organization","name":"BZ Solutions","url":"https:\/\/www.bzsolutions.ch\/fr\/","logo":{"@type":"ImageObject","inLanguage":"fr-FR","@id":"https:\/\/www.bzsolutions.ch\/fr\/#\/schema\/logo\/image\/","url":"https:\/\/www.bzsolutions.ch\/wp-content\/uploads\/2024\/03\/logo_bz-solutions.png","contentUrl":"https:\/\/www.bzsolutions.ch\/wp-content\/uploads\/2024\/03\/logo_bz-solutions.png","width":600,"height":136,"caption":"BZ Solutions"},"image":{"@id":"https:\/\/www.bzsolutions.ch\/fr\/#\/schema\/logo\/image\/"}}]}},"_links":{"self":[{"href":"https:\/\/www.bzsolutions.ch\/fr\/wp-json\/wp\/v2\/product\/48795","targetHints":{"allow":["GET"]}}],"collection":[{"href":"https:\/\/www.bzsolutions.ch\/fr\/wp-json\/wp\/v2\/product"}],"about":[{"href":"https:\/\/www.bzsolutions.ch\/fr\/wp-json\/wp\/v2\/types\/product"}],"wp:featuredmedia":[{"embeddable":true,"href":"https:\/\/www.bzsolutions.ch\/fr\/wp-json\/wp\/v2\/media\/47920"}],"wp:attachment":[{"href":"https:\/\/www.bzsolutions.ch\/fr\/wp-json\/wp\/v2\/media?parent=48795"}],"wp:term":[{"taxonomy":"product_brand","embeddable":true,"href":"https:\/\/www.bzsolutions.ch\/fr\/wp-json\/wp\/v2\/product_brand?post=48795"},{"taxonomy":"product_cat","embeddable":true,"href":"https:\/\/www.bzsolutions.ch\/fr\/wp-json\/wp\/v2\/product_cat?post=48795"},{"taxonomy":"product_tag","embeddable":true,"href":"https:\/\/www.bzsolutions.ch\/fr\/wp-json\/wp\/v2\/product_tag?post=48795"}],"curies":[{"name":"wp","href":"https:\/\/api.w.org\/{rel}","templated":true}]}}