{"id":48796,"date":"2024-04-03T17:10:01","date_gmt":"2024-04-03T15:10:01","guid":{"rendered":"https:\/\/www.bzsolutions.ch\/produkt\/dual-pulley\/"},"modified":"2024-04-03T17:10:01","modified_gmt":"2024-04-03T15:10:01","slug":"dual-pulley","status":"publish","type":"product","link":"https:\/\/www.bzsolutions.ch\/fr\/produkt\/dual-pulley\/","title":{"rendered":"DUAL PULLEY"},"content":{"rendered":"<p>01. PARFAIT POUR LA RAPIDITE ET L&#8217;EFFICACIT\u00c9 : Avec son rapport de 1:4, le DUAL PULLEY offre une r\u00e9sistance exceptionnellement faible au d\u00e9marrage ainsi que la possibilit\u00e9 d&#8217;effectuer des mouvements quatre fois plus rapidement, tout en conservant la m\u00eame r\u00e9sistance. Cela en fait un outil d&#8217;entra\u00eenement id\u00e9al pour les athl\u00e8tes de haut niveau qui souhaitent travailler leur vitesse et leur force explosive.<\/p>\n<p>02. FACILITE D&#8217;UTILISATION ET PR\u00c9CISION : La souplesse et la facilit\u00e9 de r\u00e9glage, associ\u00e9es \u00e0 19 niveaux de contr\u00f4le de position, garantissent une adaptation pr\u00e9cise aux diff\u00e9rents besoins d&#8217;entra\u00eenement et d&#8217;exercices. Une poign\u00e9e s\u00fbre et simple avec levier de traction et disque rotatif assure une utilisation et un ajustement sans effort, ce qui rend l&#8217;entra\u00eenement encore plus efficace.<\/p>\n<p>03. CONSTRUCTION ROBUSTE POUR UN ENTRA\u00ceNEMENT DE LONGUE DUREE : La construction solide du DUAL PULLEY, caract\u00e9ris\u00e9e par des tubes d&#8217;acier \u00e9pais d\u00e9coup\u00e9s au plasma et une surface brillante \u00e0 double rev\u00eatement, promet non seulement une excellente durabilit\u00e9, mais aussi une esth\u00e9tique agr\u00e9able. La combinaison d&#8217;un design robuste et d&#8217;une construction ergonomique favorise un programme d&#8217;entra\u00eenement confortable et de longue dur\u00e9e.<\/p>\n","protected":false},"excerpt":{"rendered":"<p>Le DUAL PULLEY optimise votre entra\u00eenement avec un rapport de transmission de 1:4 pour des mouvements rapides et puissants, id\u00e9al pour les athl\u00e8tes de haut niveau. La facilit\u00e9 de r\u00e9glage et les 19 contr\u00f4les de position garantissent une pr\u00e9cision conviviale. Sa construction robuste et durable et son design ergonomique promettent un confort d&#8217;entra\u00eenement et une efficacit\u00e9 durables.<\/p>\n","protected":false},"featured_media":47924,"template":"","meta":{"inline_featured_image":false},"product_brand":[],"product_cat":[814,978,805,804],"product_tag":[979,808],"class_list":{"0":"post-48796","1":"product","2":"type-product","3":"status-publish","4":"has-post-thumbnail","6":"product_cat-appareils-de-musculation","7":"product_cat-barre-de-traction","8":"product_cat-drax-fr","9":"product_cat-fournisseur","10":"product_tag-barre-de-traction","11":"product_tag-drax-fr","12":"pa_breite-1670-mm-fr","13":"pa_gewicht-500-kg-fr","14":"pa_hoehe-2370-mm-fr","15":"pa_laenge-1100-mm-fr","16":"pa_widerstand-2x140-kg-fr","18":"first","19":"instock","20":"product-type-simple"},"yoast_head":"<!-- This site is optimized with the Yoast SEO plugin v23.8 - https:\/\/yoast.com\/wordpress\/plugins\/seo\/ -->\n<title>DUAL PULLEY - BZ Solutions<\/title>\n<meta name=\"robots\" content=\"index, follow, max-snippet:-1, max-image-preview:large, max-video-preview:-1\" \/>\n<link rel=\"canonical\" href=\"https:\/\/www.bzsolutions.ch\/fr\/produkt\/dual-pulley\/\" \/>\n<meta property=\"og:locale\" content=\"fr_FR\" \/>\n<meta property=\"og:type\" content=\"article\" \/>\n<meta property=\"og:title\" content=\"DUAL PULLEY - BZ Solutions\" \/>\n<meta property=\"og:description\" content=\"Le DUAL PULLEY optimise votre entra\u00eenement avec un rapport de transmission de 1:4 pour des mouvements rapides et puissants, id\u00e9al pour les athl\u00e8tes de haut niveau. La facilit\u00e9 de r\u00e9glage et les 19 contr\u00f4les de position garantissent une pr\u00e9cision conviviale. Sa construction robuste et durable et son design ergonomique promettent un confort d&#039;entra\u00eenement et une efficacit\u00e9 durables.\" \/>\n<meta property=\"og:url\" content=\"https:\/\/www.bzsolutions.ch\/fr\/produkt\/dual-pulley\/\" \/>\n<meta property=\"og:site_name\" content=\"BZ Solutions\" \/>\n<meta property=\"og:image\" content=\"https:\/\/www.bzsolutions.ch\/wp-content\/uploads\/2024\/04\/Drax_Dual_Pulley.png\" \/>\n\t<meta property=\"og:image:width\" content=\"1000\" \/>\n\t<meta property=\"og:image:height\" content=\"1000\" \/>\n\t<meta property=\"og:image:type\" content=\"image\/png\" \/>\n<meta name=\"twitter:card\" content=\"summary_large_image\" \/>\n<meta name=\"twitter:label1\" content=\"Dur\u00e9e de lecture estim\u00e9e\" \/>\n\t<meta name=\"twitter:data1\" content=\"1 minute\" \/>\n<script type=\"application\/ld+json\" class=\"yoast-schema-graph\">{\"@context\":\"https:\/\/schema.org\",\"@graph\":[{\"@type\":\"WebPage\",\"@id\":\"https:\/\/www.bzsolutions.ch\/fr\/produkt\/dual-pulley\/\",\"url\":\"https:\/\/www.bzsolutions.ch\/fr\/produkt\/dual-pulley\/\",\"name\":\"DUAL PULLEY - BZ Solutions\",\"isPartOf\":{\"@id\":\"https:\/\/www.bzsolutions.ch\/fr\/#website\"},\"primaryImageOfPage\":{\"@id\":\"https:\/\/www.bzsolutions.ch\/fr\/produkt\/dual-pulley\/#primaryimage\"},\"image\":{\"@id\":\"https:\/\/www.bzsolutions.ch\/fr\/produkt\/dual-pulley\/#primaryimage\"},\"thumbnailUrl\":\"https:\/\/www.bzsolutions.ch\/wp-content\/uploads\/2024\/04\/Drax_Dual_Pulley.png\",\"datePublished\":\"2024-04-03T15:10:01+00:00\",\"dateModified\":\"2024-04-03T15:10:01+00:00\",\"breadcrumb\":{\"@id\":\"https:\/\/www.bzsolutions.ch\/fr\/produkt\/dual-pulley\/#breadcrumb\"},\"inLanguage\":\"fr-FR\",\"potentialAction\":[{\"@type\":\"ReadAction\",\"target\":[\"https:\/\/www.bzsolutions.ch\/fr\/produkt\/dual-pulley\/\"]}]},{\"@type\":\"ImageObject\",\"inLanguage\":\"fr-FR\",\"@id\":\"https:\/\/www.bzsolutions.ch\/fr\/produkt\/dual-pulley\/#primaryimage\",\"url\":\"https:\/\/www.bzsolutions.ch\/wp-content\/uploads\/2024\/04\/Drax_Dual_Pulley.png\",\"contentUrl\":\"https:\/\/www.bzsolutions.ch\/wp-content\/uploads\/2024\/04\/Drax_Dual_Pulley.png\",\"width\":1000,\"height\":1000},{\"@type\":\"BreadcrumbList\",\"@id\":\"https:\/\/www.bzsolutions.ch\/fr\/produkt\/dual-pulley\/#breadcrumb\",\"itemListElement\":[{\"@type\":\"ListItem\",\"position\":1,\"name\":\"Startseite\",\"item\":\"https:\/\/www.bzsolutions.ch\/fr\/\"},{\"@type\":\"ListItem\",\"position\":2,\"name\":\"Shop\",\"item\":\"https:\/\/www.bzsolutions.ch\/shop\/\"},{\"@type\":\"ListItem\",\"position\":3,\"name\":\"DUAL PULLEY\"}]},{\"@type\":\"WebSite\",\"@id\":\"https:\/\/www.bzsolutions.ch\/fr\/#website\",\"url\":\"https:\/\/www.bzsolutions.ch\/fr\/\",\"name\":\"BZ Solutions\",\"description\":\"Total Fitness Solutions\",\"publisher\":{\"@id\":\"https:\/\/www.bzsolutions.ch\/fr\/#organization\"},\"potentialAction\":[{\"@type\":\"SearchAction\",\"target\":{\"@type\":\"EntryPoint\",\"urlTemplate\":\"https:\/\/www.bzsolutions.ch\/fr\/?s={search_term_string}\"},\"query-input\":{\"@type\":\"PropertyValueSpecification\",\"valueRequired\":true,\"valueName\":\"search_term_string\"}}],\"inLanguage\":\"fr-FR\"},{\"@type\":\"Organization\",\"@id\":\"https:\/\/www.bzsolutions.ch\/fr\/#organization\",\"name\":\"BZ Solutions\",\"url\":\"https:\/\/www.bzsolutions.ch\/fr\/\",\"logo\":{\"@type\":\"ImageObject\",\"inLanguage\":\"fr-FR\",\"@id\":\"https:\/\/www.bzsolutions.ch\/fr\/#\/schema\/logo\/image\/\",\"url\":\"https:\/\/www.bzsolutions.ch\/wp-content\/uploads\/2024\/03\/logo_bz-solutions.png\",\"contentUrl\":\"https:\/\/www.bzsolutions.ch\/wp-content\/uploads\/2024\/03\/logo_bz-solutions.png\",\"width\":600,\"height\":136,\"caption\":\"BZ Solutions\"},\"image\":{\"@id\":\"https:\/\/www.bzsolutions.ch\/fr\/#\/schema\/logo\/image\/\"}}]}<\/script>\n<!-- \/ Yoast SEO plugin. -->","yoast_head_json":{"title":"DUAL PULLEY - BZ Solutions","robots":{"index":"index","follow":"follow","max-snippet":"max-snippet:-1","max-image-preview":"max-image-preview:large","max-video-preview":"max-video-preview:-1"},"canonical":"https:\/\/www.bzsolutions.ch\/fr\/produkt\/dual-pulley\/","og_locale":"fr_FR","og_type":"article","og_title":"DUAL PULLEY - BZ Solutions","og_description":"Le DUAL PULLEY optimise votre entra\u00eenement avec un rapport de transmission de 1:4 pour des mouvements rapides et puissants, id\u00e9al pour les athl\u00e8tes de haut niveau. La facilit\u00e9 de r\u00e9glage et les 19 contr\u00f4les de position garantissent une pr\u00e9cision conviviale. Sa construction robuste et durable et son design ergonomique promettent un confort d'entra\u00eenement et une efficacit\u00e9 durables.","og_url":"https:\/\/www.bzsolutions.ch\/fr\/produkt\/dual-pulley\/","og_site_name":"BZ Solutions","og_image":[{"width":1000,"height":1000,"url":"https:\/\/www.bzsolutions.ch\/wp-content\/uploads\/2024\/04\/Drax_Dual_Pulley.png","type":"image\/png"}],"twitter_card":"summary_large_image","twitter_misc":{"Dur\u00e9e de lecture estim\u00e9e":"1 minute"},"schema":{"@context":"https:\/\/schema.org","@graph":[{"@type":"WebPage","@id":"https:\/\/www.bzsolutions.ch\/fr\/produkt\/dual-pulley\/","url":"https:\/\/www.bzsolutions.ch\/fr\/produkt\/dual-pulley\/","name":"DUAL PULLEY - BZ Solutions","isPartOf":{"@id":"https:\/\/www.bzsolutions.ch\/fr\/#website"},"primaryImageOfPage":{"@id":"https:\/\/www.bzsolutions.ch\/fr\/produkt\/dual-pulley\/#primaryimage"},"image":{"@id":"https:\/\/www.bzsolutions.ch\/fr\/produkt\/dual-pulley\/#primaryimage"},"thumbnailUrl":"https:\/\/www.bzsolutions.ch\/wp-content\/uploads\/2024\/04\/Drax_Dual_Pulley.png","datePublished":"2024-04-03T15:10:01+00:00","dateModified":"2024-04-03T15:10:01+00:00","breadcrumb":{"@id":"https:\/\/www.bzsolutions.ch\/fr\/produkt\/dual-pulley\/#breadcrumb"},"inLanguage":"fr-FR","potentialAction":[{"@type":"ReadAction","target":["https:\/\/www.bzsolutions.ch\/fr\/produkt\/dual-pulley\/"]}]},{"@type":"ImageObject","inLanguage":"fr-FR","@id":"https:\/\/www.bzsolutions.ch\/fr\/produkt\/dual-pulley\/#primaryimage","url":"https:\/\/www.bzsolutions.ch\/wp-content\/uploads\/2024\/04\/Drax_Dual_Pulley.png","contentUrl":"https:\/\/www.bzsolutions.ch\/wp-content\/uploads\/2024\/04\/Drax_Dual_Pulley.png","width":1000,"height":1000},{"@type":"BreadcrumbList","@id":"https:\/\/www.bzsolutions.ch\/fr\/produkt\/dual-pulley\/#breadcrumb","itemListElement":[{"@type":"ListItem","position":1,"name":"Startseite","item":"https:\/\/www.bzsolutions.ch\/fr\/"},{"@type":"ListItem","position":2,"name":"Shop","item":"https:\/\/www.bzsolutions.ch\/shop\/"},{"@type":"ListItem","position":3,"name":"DUAL PULLEY"}]},{"@type":"WebSite","@id":"https:\/\/www.bzsolutions.ch\/fr\/#website","url":"https:\/\/www.bzsolutions.ch\/fr\/","name":"BZ Solutions","description":"Total Fitness Solutions","publisher":{"@id":"https:\/\/www.bzsolutions.ch\/fr\/#organization"},"potentialAction":[{"@type":"SearchAction","target":{"@type":"EntryPoint","urlTemplate":"https:\/\/www.bzsolutions.ch\/fr\/?s={search_term_string}"},"query-input":{"@type":"PropertyValueSpecification","valueRequired":true,"valueName":"search_term_string"}}],"inLanguage":"fr-FR"},{"@type":"Organization","@id":"https:\/\/www.bzsolutions.ch\/fr\/#organization","name":"BZ Solutions","url":"https:\/\/www.bzsolutions.ch\/fr\/","logo":{"@type":"ImageObject","inLanguage":"fr-FR","@id":"https:\/\/www.bzsolutions.ch\/fr\/#\/schema\/logo\/image\/","url":"https:\/\/www.bzsolutions.ch\/wp-content\/uploads\/2024\/03\/logo_bz-solutions.png","contentUrl":"https:\/\/www.bzsolutions.ch\/wp-content\/uploads\/2024\/03\/logo_bz-solutions.png","width":600,"height":136,"caption":"BZ Solutions"},"image":{"@id":"https:\/\/www.bzsolutions.ch\/fr\/#\/schema\/logo\/image\/"}}]}},"_links":{"self":[{"href":"https:\/\/www.bzsolutions.ch\/fr\/wp-json\/wp\/v2\/product\/48796","targetHints":{"allow":["GET"]}}],"collection":[{"href":"https:\/\/www.bzsolutions.ch\/fr\/wp-json\/wp\/v2\/product"}],"about":[{"href":"https:\/\/www.bzsolutions.ch\/fr\/wp-json\/wp\/v2\/types\/product"}],"wp:featuredmedia":[{"embeddable":true,"href":"https:\/\/www.bzsolutions.ch\/fr\/wp-json\/wp\/v2\/media\/47924"}],"wp:attachment":[{"href":"https:\/\/www.bzsolutions.ch\/fr\/wp-json\/wp\/v2\/media?parent=48796"}],"wp:term":[{"taxonomy":"product_brand","embeddable":true,"href":"https:\/\/www.bzsolutions.ch\/fr\/wp-json\/wp\/v2\/product_brand?post=48796"},{"taxonomy":"product_cat","embeddable":true,"href":"https:\/\/www.bzsolutions.ch\/fr\/wp-json\/wp\/v2\/product_cat?post=48796"},{"taxonomy":"product_tag","embeddable":true,"href":"https:\/\/www.bzsolutions.ch\/fr\/wp-json\/wp\/v2\/product_tag?post=48796"}],"curies":[{"name":"wp","href":"https:\/\/api.w.org\/{rel}","templated":true}]}}