{"id":48797,"date":"2024-04-03T17:09:03","date_gmt":"2024-04-03T15:09:03","guid":{"rendered":"https:\/\/www.bzsolutions.ch\/produkt\/back-hyper-extension-bench\/"},"modified":"2024-04-03T17:09:03","modified_gmt":"2024-04-03T15:09:03","slug":"back-hyper-extension-bench","status":"publish","type":"product","link":"https:\/\/www.bzsolutions.ch\/fr\/produkt\/back-hyper-extension-bench\/","title":{"rendered":"BACK HYPER EXTENSION BENCH"},"content":{"rendered":"<p>01. SP\u00c9CIAL POUR LE RENFORCEMENT DU DOS : Augmentez la force et la flexibilit\u00e9 de votre tronc avec le Back Hyper Extension Bench, sp\u00e9cialement con\u00e7u pour renforcer les muscles du dos. Cet appareil est \u00e9quip\u00e9 d&#8217;un angle r\u00e9glable qui vous permet de personnaliser le niveau de difficult\u00e9 de vos exercices, pour un entra\u00eenement qui \u00e9volue avec vous.<\/p>\n<p>ADAPTABILIT\u00c9 ET CONFORT :<br \/>\nGr\u00e2ce \u00e0 la hauteur r\u00e9glable des coussins, le Back Hyper Extension Bench s&#8217;adapte parfaitement aux diff\u00e9rentes tailles, pour un confort et une efficacit\u00e9 optimaux pendant l&#8217;entra\u00eenement. Cela permet de cr\u00e9er un environnement d&#8217;entra\u00eenement stable et s\u00fbr qui minimise les mouvements ind\u00e9sirables et favorise une ex\u00e9cution correcte.<\/p>\n<p>ROBUSTESSE ET DESIGN ERGONOMIQUE :<br \/>\nConstruit \u00e0 partir d&#8217;un tube ovale de 2&#8243; x 4&#8243; en acier de calibre 9, avec un rev\u00eatement en poudre et une finition brillante, ce banc est non seulement durable mais aussi esth\u00e9tique. La construction solide et le design bien pens\u00e9 font du Back Hyper Extension Bench un outil indispensable pour un entra\u00eenement efficace du dos, combin\u00e9 \u00e0 une longue dur\u00e9e de vie et \u00e0 un attrait visuel.<\/p>\n","protected":false},"excerpt":{"rendered":"<p>Le Back Hyper Extension Bench est sp\u00e9cialement con\u00e7u pour augmenter la force et la flexibilit\u00e9 du tronc. Avec son intensit\u00e9 d&#8217;entra\u00eenement ajustable gr\u00e2ce \u00e0 des angles r\u00e9glables, il s&#8217;adapte parfaitement \u00e0 vos besoins. La hauteur du rembourrage peut \u00eatre r\u00e9gl\u00e9e individuellement pour un confort optimal et est compl\u00e9t\u00e9e par une structure robuste en tube d&#8217;acier de calibre 9. Un appareil indispensable pour un entra\u00eenement efficace et confortable du dos.<\/p>\n","protected":false},"featured_media":47919,"template":"","meta":{"inline_featured_image":false},"product_brand":[],"product_cat":[814,805,974,804],"product_tag":[808,976],"class_list":{"0":"post-48797","1":"product","2":"type-product","3":"status-publish","4":"has-post-thumbnail","6":"product_cat-appareils-de-musculation","7":"product_cat-drax-fr","8":"product_cat-entraineur-de-dos","9":"product_cat-fournisseur","10":"product_tag-drax-fr","11":"product_tag-entraineur-de-dos","13":"first","14":"instock","15":"product-type-simple"},"yoast_head":"<!-- This site is optimized with the Yoast SEO plugin v23.8 - https:\/\/yoast.com\/wordpress\/plugins\/seo\/ -->\n<title>BACK HYPER EXTENSION BENCH - BZ Solutions<\/title>\n<meta name=\"robots\" content=\"index, follow, max-snippet:-1, max-image-preview:large, max-video-preview:-1\" \/>\n<link rel=\"canonical\" href=\"https:\/\/www.bzsolutions.ch\/fr\/produkt\/back-hyper-extension-bench\/\" \/>\n<meta property=\"og:locale\" content=\"fr_FR\" \/>\n<meta property=\"og:type\" content=\"article\" \/>\n<meta property=\"og:title\" content=\"BACK HYPER EXTENSION BENCH - BZ Solutions\" \/>\n<meta property=\"og:description\" content=\"Le Back Hyper Extension Bench est sp\u00e9cialement con\u00e7u pour augmenter la force et la flexibilit\u00e9 du tronc. Avec son intensit\u00e9 d&#039;entra\u00eenement ajustable gr\u00e2ce \u00e0 des angles r\u00e9glables, il s&#039;adapte parfaitement \u00e0 vos besoins. La hauteur du rembourrage peut \u00eatre r\u00e9gl\u00e9e individuellement pour un confort optimal et est compl\u00e9t\u00e9e par une structure robuste en tube d&#039;acier de calibre 9. Un appareil indispensable pour un entra\u00eenement efficace et confortable du dos.\" \/>\n<meta property=\"og:url\" content=\"https:\/\/www.bzsolutions.ch\/fr\/produkt\/back-hyper-extension-bench\/\" \/>\n<meta property=\"og:site_name\" content=\"BZ Solutions\" \/>\n<meta property=\"og:image\" content=\"https:\/\/www.bzsolutions.ch\/wp-content\/uploads\/2024\/04\/Drax_Back_Hyper_Extension_Bench.png\" \/>\n\t<meta property=\"og:image:width\" content=\"1000\" \/>\n\t<meta property=\"og:image:height\" content=\"1000\" \/>\n\t<meta property=\"og:image:type\" content=\"image\/png\" \/>\n<meta name=\"twitter:card\" content=\"summary_large_image\" \/>\n<meta name=\"twitter:label1\" content=\"Dur\u00e9e de lecture estim\u00e9e\" \/>\n\t<meta name=\"twitter:data1\" content=\"1 minute\" \/>\n<script type=\"application\/ld+json\" class=\"yoast-schema-graph\">{\"@context\":\"https:\/\/schema.org\",\"@graph\":[{\"@type\":\"WebPage\",\"@id\":\"https:\/\/www.bzsolutions.ch\/fr\/produkt\/back-hyper-extension-bench\/\",\"url\":\"https:\/\/www.bzsolutions.ch\/fr\/produkt\/back-hyper-extension-bench\/\",\"name\":\"BACK HYPER EXTENSION BENCH - BZ Solutions\",\"isPartOf\":{\"@id\":\"https:\/\/www.bzsolutions.ch\/fr\/#website\"},\"primaryImageOfPage\":{\"@id\":\"https:\/\/www.bzsolutions.ch\/fr\/produkt\/back-hyper-extension-bench\/#primaryimage\"},\"image\":{\"@id\":\"https:\/\/www.bzsolutions.ch\/fr\/produkt\/back-hyper-extension-bench\/#primaryimage\"},\"thumbnailUrl\":\"https:\/\/www.bzsolutions.ch\/wp-content\/uploads\/2024\/04\/Drax_Back_Hyper_Extension_Bench.png\",\"datePublished\":\"2024-04-03T15:09:03+00:00\",\"dateModified\":\"2024-04-03T15:09:03+00:00\",\"breadcrumb\":{\"@id\":\"https:\/\/www.bzsolutions.ch\/fr\/produkt\/back-hyper-extension-bench\/#breadcrumb\"},\"inLanguage\":\"fr-FR\",\"potentialAction\":[{\"@type\":\"ReadAction\",\"target\":[\"https:\/\/www.bzsolutions.ch\/fr\/produkt\/back-hyper-extension-bench\/\"]}]},{\"@type\":\"ImageObject\",\"inLanguage\":\"fr-FR\",\"@id\":\"https:\/\/www.bzsolutions.ch\/fr\/produkt\/back-hyper-extension-bench\/#primaryimage\",\"url\":\"https:\/\/www.bzsolutions.ch\/wp-content\/uploads\/2024\/04\/Drax_Back_Hyper_Extension_Bench.png\",\"contentUrl\":\"https:\/\/www.bzsolutions.ch\/wp-content\/uploads\/2024\/04\/Drax_Back_Hyper_Extension_Bench.png\",\"width\":1000,\"height\":1000},{\"@type\":\"BreadcrumbList\",\"@id\":\"https:\/\/www.bzsolutions.ch\/fr\/produkt\/back-hyper-extension-bench\/#breadcrumb\",\"itemListElement\":[{\"@type\":\"ListItem\",\"position\":1,\"name\":\"Startseite\",\"item\":\"https:\/\/www.bzsolutions.ch\/fr\/\"},{\"@type\":\"ListItem\",\"position\":2,\"name\":\"Shop\",\"item\":\"https:\/\/www.bzsolutions.ch\/shop\/\"},{\"@type\":\"ListItem\",\"position\":3,\"name\":\"BACK HYPER EXTENSION BENCH\"}]},{\"@type\":\"WebSite\",\"@id\":\"https:\/\/www.bzsolutions.ch\/fr\/#website\",\"url\":\"https:\/\/www.bzsolutions.ch\/fr\/\",\"name\":\"BZ Solutions\",\"description\":\"Total Fitness Solutions\",\"publisher\":{\"@id\":\"https:\/\/www.bzsolutions.ch\/fr\/#organization\"},\"potentialAction\":[{\"@type\":\"SearchAction\",\"target\":{\"@type\":\"EntryPoint\",\"urlTemplate\":\"https:\/\/www.bzsolutions.ch\/fr\/?s={search_term_string}\"},\"query-input\":{\"@type\":\"PropertyValueSpecification\",\"valueRequired\":true,\"valueName\":\"search_term_string\"}}],\"inLanguage\":\"fr-FR\"},{\"@type\":\"Organization\",\"@id\":\"https:\/\/www.bzsolutions.ch\/fr\/#organization\",\"name\":\"BZ Solutions\",\"url\":\"https:\/\/www.bzsolutions.ch\/fr\/\",\"logo\":{\"@type\":\"ImageObject\",\"inLanguage\":\"fr-FR\",\"@id\":\"https:\/\/www.bzsolutions.ch\/fr\/#\/schema\/logo\/image\/\",\"url\":\"https:\/\/www.bzsolutions.ch\/wp-content\/uploads\/2024\/03\/logo_bz-solutions.png\",\"contentUrl\":\"https:\/\/www.bzsolutions.ch\/wp-content\/uploads\/2024\/03\/logo_bz-solutions.png\",\"width\":600,\"height\":136,\"caption\":\"BZ Solutions\"},\"image\":{\"@id\":\"https:\/\/www.bzsolutions.ch\/fr\/#\/schema\/logo\/image\/\"}}]}<\/script>\n<!-- \/ Yoast SEO plugin. -->","yoast_head_json":{"title":"BACK HYPER EXTENSION BENCH - BZ Solutions","robots":{"index":"index","follow":"follow","max-snippet":"max-snippet:-1","max-image-preview":"max-image-preview:large","max-video-preview":"max-video-preview:-1"},"canonical":"https:\/\/www.bzsolutions.ch\/fr\/produkt\/back-hyper-extension-bench\/","og_locale":"fr_FR","og_type":"article","og_title":"BACK HYPER EXTENSION BENCH - BZ Solutions","og_description":"Le Back Hyper Extension Bench est sp\u00e9cialement con\u00e7u pour augmenter la force et la flexibilit\u00e9 du tronc. Avec son intensit\u00e9 d'entra\u00eenement ajustable gr\u00e2ce \u00e0 des angles r\u00e9glables, il s'adapte parfaitement \u00e0 vos besoins. La hauteur du rembourrage peut \u00eatre r\u00e9gl\u00e9e individuellement pour un confort optimal et est compl\u00e9t\u00e9e par une structure robuste en tube d'acier de calibre 9. Un appareil indispensable pour un entra\u00eenement efficace et confortable du dos.","og_url":"https:\/\/www.bzsolutions.ch\/fr\/produkt\/back-hyper-extension-bench\/","og_site_name":"BZ Solutions","og_image":[{"width":1000,"height":1000,"url":"https:\/\/www.bzsolutions.ch\/wp-content\/uploads\/2024\/04\/Drax_Back_Hyper_Extension_Bench.png","type":"image\/png"}],"twitter_card":"summary_large_image","twitter_misc":{"Dur\u00e9e de lecture estim\u00e9e":"1 minute"},"schema":{"@context":"https:\/\/schema.org","@graph":[{"@type":"WebPage","@id":"https:\/\/www.bzsolutions.ch\/fr\/produkt\/back-hyper-extension-bench\/","url":"https:\/\/www.bzsolutions.ch\/fr\/produkt\/back-hyper-extension-bench\/","name":"BACK HYPER EXTENSION BENCH - BZ Solutions","isPartOf":{"@id":"https:\/\/www.bzsolutions.ch\/fr\/#website"},"primaryImageOfPage":{"@id":"https:\/\/www.bzsolutions.ch\/fr\/produkt\/back-hyper-extension-bench\/#primaryimage"},"image":{"@id":"https:\/\/www.bzsolutions.ch\/fr\/produkt\/back-hyper-extension-bench\/#primaryimage"},"thumbnailUrl":"https:\/\/www.bzsolutions.ch\/wp-content\/uploads\/2024\/04\/Drax_Back_Hyper_Extension_Bench.png","datePublished":"2024-04-03T15:09:03+00:00","dateModified":"2024-04-03T15:09:03+00:00","breadcrumb":{"@id":"https:\/\/www.bzsolutions.ch\/fr\/produkt\/back-hyper-extension-bench\/#breadcrumb"},"inLanguage":"fr-FR","potentialAction":[{"@type":"ReadAction","target":["https:\/\/www.bzsolutions.ch\/fr\/produkt\/back-hyper-extension-bench\/"]}]},{"@type":"ImageObject","inLanguage":"fr-FR","@id":"https:\/\/www.bzsolutions.ch\/fr\/produkt\/back-hyper-extension-bench\/#primaryimage","url":"https:\/\/www.bzsolutions.ch\/wp-content\/uploads\/2024\/04\/Drax_Back_Hyper_Extension_Bench.png","contentUrl":"https:\/\/www.bzsolutions.ch\/wp-content\/uploads\/2024\/04\/Drax_Back_Hyper_Extension_Bench.png","width":1000,"height":1000},{"@type":"BreadcrumbList","@id":"https:\/\/www.bzsolutions.ch\/fr\/produkt\/back-hyper-extension-bench\/#breadcrumb","itemListElement":[{"@type":"ListItem","position":1,"name":"Startseite","item":"https:\/\/www.bzsolutions.ch\/fr\/"},{"@type":"ListItem","position":2,"name":"Shop","item":"https:\/\/www.bzsolutions.ch\/shop\/"},{"@type":"ListItem","position":3,"name":"BACK HYPER EXTENSION BENCH"}]},{"@type":"WebSite","@id":"https:\/\/www.bzsolutions.ch\/fr\/#website","url":"https:\/\/www.bzsolutions.ch\/fr\/","name":"BZ Solutions","description":"Total Fitness Solutions","publisher":{"@id":"https:\/\/www.bzsolutions.ch\/fr\/#organization"},"potentialAction":[{"@type":"SearchAction","target":{"@type":"EntryPoint","urlTemplate":"https:\/\/www.bzsolutions.ch\/fr\/?s={search_term_string}"},"query-input":{"@type":"PropertyValueSpecification","valueRequired":true,"valueName":"search_term_string"}}],"inLanguage":"fr-FR"},{"@type":"Organization","@id":"https:\/\/www.bzsolutions.ch\/fr\/#organization","name":"BZ Solutions","url":"https:\/\/www.bzsolutions.ch\/fr\/","logo":{"@type":"ImageObject","inLanguage":"fr-FR","@id":"https:\/\/www.bzsolutions.ch\/fr\/#\/schema\/logo\/image\/","url":"https:\/\/www.bzsolutions.ch\/wp-content\/uploads\/2024\/03\/logo_bz-solutions.png","contentUrl":"https:\/\/www.bzsolutions.ch\/wp-content\/uploads\/2024\/03\/logo_bz-solutions.png","width":600,"height":136,"caption":"BZ Solutions"},"image":{"@id":"https:\/\/www.bzsolutions.ch\/fr\/#\/schema\/logo\/image\/"}}]}},"_links":{"self":[{"href":"https:\/\/www.bzsolutions.ch\/fr\/wp-json\/wp\/v2\/product\/48797","targetHints":{"allow":["GET"]}}],"collection":[{"href":"https:\/\/www.bzsolutions.ch\/fr\/wp-json\/wp\/v2\/product"}],"about":[{"href":"https:\/\/www.bzsolutions.ch\/fr\/wp-json\/wp\/v2\/types\/product"}],"wp:featuredmedia":[{"embeddable":true,"href":"https:\/\/www.bzsolutions.ch\/fr\/wp-json\/wp\/v2\/media\/47919"}],"wp:attachment":[{"href":"https:\/\/www.bzsolutions.ch\/fr\/wp-json\/wp\/v2\/media?parent=48797"}],"wp:term":[{"taxonomy":"product_brand","embeddable":true,"href":"https:\/\/www.bzsolutions.ch\/fr\/wp-json\/wp\/v2\/product_brand?post=48797"},{"taxonomy":"product_cat","embeddable":true,"href":"https:\/\/www.bzsolutions.ch\/fr\/wp-json\/wp\/v2\/product_cat?post=48797"},{"taxonomy":"product_tag","embeddable":true,"href":"https:\/\/www.bzsolutions.ch\/fr\/wp-json\/wp\/v2\/product_tag?post=48797"}],"curies":[{"name":"wp","href":"https:\/\/api.w.org\/{rel}","templated":true}]}}