{"id":48798,"date":"2024-04-03T17:09:03","date_gmt":"2024-04-03T15:09:03","guid":{"rendered":"https:\/\/www.bzsolutions.ch\/produkt\/back-extension\/"},"modified":"2024-04-03T17:09:03","modified_gmt":"2024-04-03T15:09:03","slug":"back-extension","status":"publish","type":"product","link":"https:\/\/www.bzsolutions.ch\/fr\/produkt\/back-extension\/","title":{"rendered":"BACK EXTENSION"},"content":{"rendered":"<p>01. SP\u00c9CIALEMENT CON\u00c7U POUR LE RENFORCEMENT DU TRONC :<br \/>\nLe DRAX Back Extension a \u00e9t\u00e9 con\u00e7u dans le but de renforcer de mani\u00e8re cibl\u00e9e les muscles du bas du dos. Une position de d\u00e9part r\u00e9glable vous permet de personnaliser la zone de mouvement, ce qui vous permet d&#8217;adapter votre entra\u00eenement \u00e0 vos besoins pr\u00e9cis et de le rendre efficace d\u00e8s le d\u00e9but.<\/p>\n<p>02. STABILIT\u00c9 ET CONFORT :<br \/>\nTrois positions de pied r\u00e9glables assurent un ajustement parfait, quelle que soit votre taille, tandis que le design inclin\u00e9 et le coussin lombaire \u00e0 rouleaux garantissent un ajustement correct et confortable sans avoir besoin d&#8217;un dispositif de maintien. Cet ensemble de fonctionnalit\u00e9s minimise la charge sur vos articulations et favorise une ex\u00e9cution correcte des \u00e9tirements du dos.<\/p>\n<p>03. ROBUSTESSE ET DESIGN ERGONOMIQUE :<br \/>\nLe DRAX Back Extension est synonyme de durabilit\u00e9 et d&#8217;esth\u00e9tique. De solides plaques de poids en acier, des barres de guidage en chrome dur et des douilles de friction basses soulignent la qualit\u00e9 et le soin apport\u00e9s \u00e0 chaque d\u00e9tail de cet appareil pour vous offrir une exp\u00e9rience d&#8217;entra\u00eenement \u00e0 la fois efficace et confortable.<\/p>\n","protected":false},"excerpt":{"rendered":"<p>Augmentez efficacement la force de votre tronc avec le DRAX Back Extension. Ses positions de d\u00e9part ajustables permettent des exercices cibl\u00e9s pour le bas du dos, tandis que les positions r\u00e9glables des pieds et le coussin ergonomique \u00e0 roulettes lombaires assurent un confort et une stabilit\u00e9 optimaux. La construction robuste en acier et le design esth\u00e9tique garantissent la durabilit\u00e9 et une exp\u00e9rience d&#8217;entra\u00eenement de premier ordre.<\/p>\n","protected":false},"featured_media":48017,"template":"","meta":{"inline_featured_image":false},"product_brand":[],"product_cat":[814,805,974,804],"product_tag":[808,976],"class_list":{"0":"post-48798","1":"product","2":"type-product","3":"status-publish","4":"has-post-thumbnail","6":"product_cat-appareils-de-musculation","7":"product_cat-drax-fr","8":"product_cat-entraineur-de-dos","9":"product_cat-fournisseur","10":"product_tag-drax-fr","11":"product_tag-entraineur-de-dos","12":"pa_breite-1247-mm-fr","13":"pa_gewicht-190-kg-fr","14":"pa_hoehe-1565-mm-fr","15":"pa_laenge-962-mm-fr","16":"pa_widerstand-100-kg-fr","18":"first","19":"instock","20":"product-type-simple"},"yoast_head":"<!-- This site is optimized with the Yoast SEO plugin v23.8 - https:\/\/yoast.com\/wordpress\/plugins\/seo\/ -->\n<title>BACK EXTENSION - BZ Solutions<\/title>\n<meta name=\"robots\" content=\"index, follow, max-snippet:-1, max-image-preview:large, max-video-preview:-1\" \/>\n<link rel=\"canonical\" href=\"https:\/\/www.bzsolutions.ch\/fr\/produkt\/back-extension\/\" \/>\n<meta property=\"og:locale\" content=\"fr_FR\" \/>\n<meta property=\"og:type\" content=\"article\" \/>\n<meta property=\"og:title\" content=\"BACK EXTENSION - BZ Solutions\" \/>\n<meta property=\"og:description\" content=\"Augmentez efficacement la force de votre tronc avec le DRAX Back Extension. Ses positions de d\u00e9part ajustables permettent des exercices cibl\u00e9s pour le bas du dos, tandis que les positions r\u00e9glables des pieds et le coussin ergonomique \u00e0 roulettes lombaires assurent un confort et une stabilit\u00e9 optimaux. La construction robuste en acier et le design esth\u00e9tique garantissent la durabilit\u00e9 et une exp\u00e9rience d&#039;entra\u00eenement de premier ordre.\" \/>\n<meta property=\"og:url\" content=\"https:\/\/www.bzsolutions.ch\/fr\/produkt\/back-extension\/\" \/>\n<meta property=\"og:site_name\" content=\"BZ Solutions\" \/>\n<meta property=\"og:image\" content=\"https:\/\/www.bzsolutions.ch\/wp-content\/uploads\/2024\/04\/Drax_TWMA_202_Back_Extension_2.png\" \/>\n\t<meta property=\"og:image:width\" content=\"1000\" \/>\n\t<meta property=\"og:image:height\" content=\"1000\" \/>\n\t<meta property=\"og:image:type\" content=\"image\/png\" \/>\n<meta name=\"twitter:card\" content=\"summary_large_image\" \/>\n<meta name=\"twitter:label1\" content=\"Dur\u00e9e de lecture estim\u00e9e\" \/>\n\t<meta name=\"twitter:data1\" content=\"1 minute\" \/>\n<script type=\"application\/ld+json\" class=\"yoast-schema-graph\">{\"@context\":\"https:\/\/schema.org\",\"@graph\":[{\"@type\":\"WebPage\",\"@id\":\"https:\/\/www.bzsolutions.ch\/fr\/produkt\/back-extension\/\",\"url\":\"https:\/\/www.bzsolutions.ch\/fr\/produkt\/back-extension\/\",\"name\":\"BACK EXTENSION - BZ Solutions\",\"isPartOf\":{\"@id\":\"https:\/\/www.bzsolutions.ch\/fr\/#website\"},\"primaryImageOfPage\":{\"@id\":\"https:\/\/www.bzsolutions.ch\/fr\/produkt\/back-extension\/#primaryimage\"},\"image\":{\"@id\":\"https:\/\/www.bzsolutions.ch\/fr\/produkt\/back-extension\/#primaryimage\"},\"thumbnailUrl\":\"https:\/\/www.bzsolutions.ch\/wp-content\/uploads\/2024\/04\/Drax_TWMA_202_Back_Extension_2.png\",\"datePublished\":\"2024-04-03T15:09:03+00:00\",\"dateModified\":\"2024-04-03T15:09:03+00:00\",\"breadcrumb\":{\"@id\":\"https:\/\/www.bzsolutions.ch\/fr\/produkt\/back-extension\/#breadcrumb\"},\"inLanguage\":\"fr-FR\",\"potentialAction\":[{\"@type\":\"ReadAction\",\"target\":[\"https:\/\/www.bzsolutions.ch\/fr\/produkt\/back-extension\/\"]}]},{\"@type\":\"ImageObject\",\"inLanguage\":\"fr-FR\",\"@id\":\"https:\/\/www.bzsolutions.ch\/fr\/produkt\/back-extension\/#primaryimage\",\"url\":\"https:\/\/www.bzsolutions.ch\/wp-content\/uploads\/2024\/04\/Drax_TWMA_202_Back_Extension_2.png\",\"contentUrl\":\"https:\/\/www.bzsolutions.ch\/wp-content\/uploads\/2024\/04\/Drax_TWMA_202_Back_Extension_2.png\",\"width\":1000,\"height\":1000},{\"@type\":\"BreadcrumbList\",\"@id\":\"https:\/\/www.bzsolutions.ch\/fr\/produkt\/back-extension\/#breadcrumb\",\"itemListElement\":[{\"@type\":\"ListItem\",\"position\":1,\"name\":\"Startseite\",\"item\":\"https:\/\/www.bzsolutions.ch\/fr\/\"},{\"@type\":\"ListItem\",\"position\":2,\"name\":\"Shop\",\"item\":\"https:\/\/www.bzsolutions.ch\/shop\/\"},{\"@type\":\"ListItem\",\"position\":3,\"name\":\"BACK EXTENSION\"}]},{\"@type\":\"WebSite\",\"@id\":\"https:\/\/www.bzsolutions.ch\/fr\/#website\",\"url\":\"https:\/\/www.bzsolutions.ch\/fr\/\",\"name\":\"BZ Solutions\",\"description\":\"Total Fitness Solutions\",\"publisher\":{\"@id\":\"https:\/\/www.bzsolutions.ch\/fr\/#organization\"},\"potentialAction\":[{\"@type\":\"SearchAction\",\"target\":{\"@type\":\"EntryPoint\",\"urlTemplate\":\"https:\/\/www.bzsolutions.ch\/fr\/?s={search_term_string}\"},\"query-input\":{\"@type\":\"PropertyValueSpecification\",\"valueRequired\":true,\"valueName\":\"search_term_string\"}}],\"inLanguage\":\"fr-FR\"},{\"@type\":\"Organization\",\"@id\":\"https:\/\/www.bzsolutions.ch\/fr\/#organization\",\"name\":\"BZ Solutions\",\"url\":\"https:\/\/www.bzsolutions.ch\/fr\/\",\"logo\":{\"@type\":\"ImageObject\",\"inLanguage\":\"fr-FR\",\"@id\":\"https:\/\/www.bzsolutions.ch\/fr\/#\/schema\/logo\/image\/\",\"url\":\"https:\/\/www.bzsolutions.ch\/wp-content\/uploads\/2024\/03\/logo_bz-solutions.png\",\"contentUrl\":\"https:\/\/www.bzsolutions.ch\/wp-content\/uploads\/2024\/03\/logo_bz-solutions.png\",\"width\":600,\"height\":136,\"caption\":\"BZ Solutions\"},\"image\":{\"@id\":\"https:\/\/www.bzsolutions.ch\/fr\/#\/schema\/logo\/image\/\"}}]}<\/script>\n<!-- \/ Yoast SEO plugin. -->","yoast_head_json":{"title":"BACK EXTENSION - BZ Solutions","robots":{"index":"index","follow":"follow","max-snippet":"max-snippet:-1","max-image-preview":"max-image-preview:large","max-video-preview":"max-video-preview:-1"},"canonical":"https:\/\/www.bzsolutions.ch\/fr\/produkt\/back-extension\/","og_locale":"fr_FR","og_type":"article","og_title":"BACK EXTENSION - BZ Solutions","og_description":"Augmentez efficacement la force de votre tronc avec le DRAX Back Extension. Ses positions de d\u00e9part ajustables permettent des exercices cibl\u00e9s pour le bas du dos, tandis que les positions r\u00e9glables des pieds et le coussin ergonomique \u00e0 roulettes lombaires assurent un confort et une stabilit\u00e9 optimaux. La construction robuste en acier et le design esth\u00e9tique garantissent la durabilit\u00e9 et une exp\u00e9rience d'entra\u00eenement de premier ordre.","og_url":"https:\/\/www.bzsolutions.ch\/fr\/produkt\/back-extension\/","og_site_name":"BZ Solutions","og_image":[{"width":1000,"height":1000,"url":"https:\/\/www.bzsolutions.ch\/wp-content\/uploads\/2024\/04\/Drax_TWMA_202_Back_Extension_2.png","type":"image\/png"}],"twitter_card":"summary_large_image","twitter_misc":{"Dur\u00e9e de lecture estim\u00e9e":"1 minute"},"schema":{"@context":"https:\/\/schema.org","@graph":[{"@type":"WebPage","@id":"https:\/\/www.bzsolutions.ch\/fr\/produkt\/back-extension\/","url":"https:\/\/www.bzsolutions.ch\/fr\/produkt\/back-extension\/","name":"BACK EXTENSION - BZ Solutions","isPartOf":{"@id":"https:\/\/www.bzsolutions.ch\/fr\/#website"},"primaryImageOfPage":{"@id":"https:\/\/www.bzsolutions.ch\/fr\/produkt\/back-extension\/#primaryimage"},"image":{"@id":"https:\/\/www.bzsolutions.ch\/fr\/produkt\/back-extension\/#primaryimage"},"thumbnailUrl":"https:\/\/www.bzsolutions.ch\/wp-content\/uploads\/2024\/04\/Drax_TWMA_202_Back_Extension_2.png","datePublished":"2024-04-03T15:09:03+00:00","dateModified":"2024-04-03T15:09:03+00:00","breadcrumb":{"@id":"https:\/\/www.bzsolutions.ch\/fr\/produkt\/back-extension\/#breadcrumb"},"inLanguage":"fr-FR","potentialAction":[{"@type":"ReadAction","target":["https:\/\/www.bzsolutions.ch\/fr\/produkt\/back-extension\/"]}]},{"@type":"ImageObject","inLanguage":"fr-FR","@id":"https:\/\/www.bzsolutions.ch\/fr\/produkt\/back-extension\/#primaryimage","url":"https:\/\/www.bzsolutions.ch\/wp-content\/uploads\/2024\/04\/Drax_TWMA_202_Back_Extension_2.png","contentUrl":"https:\/\/www.bzsolutions.ch\/wp-content\/uploads\/2024\/04\/Drax_TWMA_202_Back_Extension_2.png","width":1000,"height":1000},{"@type":"BreadcrumbList","@id":"https:\/\/www.bzsolutions.ch\/fr\/produkt\/back-extension\/#breadcrumb","itemListElement":[{"@type":"ListItem","position":1,"name":"Startseite","item":"https:\/\/www.bzsolutions.ch\/fr\/"},{"@type":"ListItem","position":2,"name":"Shop","item":"https:\/\/www.bzsolutions.ch\/shop\/"},{"@type":"ListItem","position":3,"name":"BACK EXTENSION"}]},{"@type":"WebSite","@id":"https:\/\/www.bzsolutions.ch\/fr\/#website","url":"https:\/\/www.bzsolutions.ch\/fr\/","name":"BZ Solutions","description":"Total Fitness Solutions","publisher":{"@id":"https:\/\/www.bzsolutions.ch\/fr\/#organization"},"potentialAction":[{"@type":"SearchAction","target":{"@type":"EntryPoint","urlTemplate":"https:\/\/www.bzsolutions.ch\/fr\/?s={search_term_string}"},"query-input":{"@type":"PropertyValueSpecification","valueRequired":true,"valueName":"search_term_string"}}],"inLanguage":"fr-FR"},{"@type":"Organization","@id":"https:\/\/www.bzsolutions.ch\/fr\/#organization","name":"BZ Solutions","url":"https:\/\/www.bzsolutions.ch\/fr\/","logo":{"@type":"ImageObject","inLanguage":"fr-FR","@id":"https:\/\/www.bzsolutions.ch\/fr\/#\/schema\/logo\/image\/","url":"https:\/\/www.bzsolutions.ch\/wp-content\/uploads\/2024\/03\/logo_bz-solutions.png","contentUrl":"https:\/\/www.bzsolutions.ch\/wp-content\/uploads\/2024\/03\/logo_bz-solutions.png","width":600,"height":136,"caption":"BZ Solutions"},"image":{"@id":"https:\/\/www.bzsolutions.ch\/fr\/#\/schema\/logo\/image\/"}}]}},"_links":{"self":[{"href":"https:\/\/www.bzsolutions.ch\/fr\/wp-json\/wp\/v2\/product\/48798","targetHints":{"allow":["GET"]}}],"collection":[{"href":"https:\/\/www.bzsolutions.ch\/fr\/wp-json\/wp\/v2\/product"}],"about":[{"href":"https:\/\/www.bzsolutions.ch\/fr\/wp-json\/wp\/v2\/types\/product"}],"wp:featuredmedia":[{"embeddable":true,"href":"https:\/\/www.bzsolutions.ch\/fr\/wp-json\/wp\/v2\/media\/48017"}],"wp:attachment":[{"href":"https:\/\/www.bzsolutions.ch\/fr\/wp-json\/wp\/v2\/media?parent=48798"}],"wp:term":[{"taxonomy":"product_brand","embeddable":true,"href":"https:\/\/www.bzsolutions.ch\/fr\/wp-json\/wp\/v2\/product_brand?post=48798"},{"taxonomy":"product_cat","embeddable":true,"href":"https:\/\/www.bzsolutions.ch\/fr\/wp-json\/wp\/v2\/product_cat?post=48798"},{"taxonomy":"product_tag","embeddable":true,"href":"https:\/\/www.bzsolutions.ch\/fr\/wp-json\/wp\/v2\/product_tag?post=48798"}],"curies":[{"name":"wp","href":"https:\/\/api.w.org\/{rel}","templated":true}]}}