{"id":48799,"date":"2024-04-03T17:10:01","date_gmt":"2024-04-03T15:10:01","guid":{"rendered":"https:\/\/www.bzsolutions.ch\/produkt\/poids-du-corps-chest-weight\/"},"modified":"2024-04-03T17:10:01","modified_gmt":"2024-04-03T15:10:01","slug":"poids-du-corps-chest-weight","status":"publish","type":"product","link":"https:\/\/www.bzsolutions.ch\/fr\/produkt\/poids-du-corps-chest-weight\/","title":{"rendered":"POIDS DU CORPS (CHEST WEIGHT)"},"content":{"rendered":"<p>1. SP\u00c9CIALEMENT POUR L&#8217;ENTRA\u00ceNEMENT DE LA VITESSE : le rapport de transmission 1:4 est parfaitement adapt\u00e9 aux besoins des joueurs d&#8217;\u00e9lite qui souhaitent am\u00e9liorer leur vitesse et leur r\u00e9activit\u00e9. La possibilit\u00e9 d&#8217;effectuer des mouvements quatre fois plus rapidement, tout en conservant la m\u00eame r\u00e9sistance, fait de cet appareil un outil indispensable pour l&#8217;entra\u00eenement de la vitesse.<\/p>\n<p>2. CONFORT ET CONTR\u00d4LE PR\u00c9CIS : L&#8217;appareil se caract\u00e9rise par un r\u00e9glage doux et facile, avec 19 niveaux de contr\u00f4le de position qui permettent une adaptation pr\u00e9cise aux diff\u00e9rents exercices et besoins des utilisateurs. Le levier de traction s\u00fbr et facile \u00e0 utiliser et la poign\u00e9e rotative Pulley augmentent le confort et la s\u00e9curit\u00e9 pendant l&#8217;entra\u00eenement.<\/p>\n<p>3. CONSTRUCTION DISPONIBLE ET ROBUSTE : outre ses caract\u00e9ristiques fonctionnelles, l&#8217;appareil se distingue par une construction solide en tubes d&#8217;acier \u00e9pais d\u00e9coup\u00e9s au plasma et une surface brillante \u00e0 double rev\u00eatement. Ces mat\u00e9riaux garantissent la durabilit\u00e9 et un look \u00e9l\u00e9gant, tandis que le si\u00e8ge facilement r\u00e9glable avec m\u00e9canisme de verrouillage et le rev\u00eatement en similicuir r\u00e9sistant augmentent encore le confort de l&#8217;entra\u00eenement.<\/p>\n","protected":false},"excerpt":{"rendered":"<p>Augmentez votre entra\u00eenement de vitesse et de rapidit\u00e9 avec un appareil sp\u00e9cialement con\u00e7u pour r\u00e9pondre aux besoins des athl\u00e8tes d&#8217;\u00e9lite. Notre nouveau dispositif d&#8217;entra\u00eenement avec un rapport de transmission de 1:4 offre non seulement une r\u00e9sistance d&#8217;entr\u00e9e tr\u00e8s faible, mais permet \u00e9galement un mouvement quatre fois plus rapide avec une r\u00e9sistance constante &#8211; id\u00e9al pour un entra\u00eenement \u00e0 grande vitesse.<\/p>\n","protected":false},"featured_media":47923,"template":"","meta":{"inline_featured_image":false},"product_brand":[],"product_cat":[814,805,804,963],"product_tag":[808,964],"class_list":{"0":"post-48799","1":"product","2":"type-product","3":"status-publish","4":"has-post-thumbnail","6":"product_cat-appareils-de-musculation","7":"product_cat-drax-fr","8":"product_cat-fournisseur","9":"product_cat-machine-de-traction-de-cable","10":"product_tag-drax-fr","11":"product_tag-machine-de-traction-de-cable","12":"pa_breite-1670-mm-fr","13":"pa_gewicht-420-kg-fr","14":"pa_hoehe-2370-mm-fr","15":"pa_laenge-1100-mm-fr","16":"pa_widerstand-100-kg-fr","18":"first","19":"instock","20":"product-type-simple"},"yoast_head":"<!-- This site is optimized with the Yoast SEO plugin v23.8 - https:\/\/yoast.com\/wordpress\/plugins\/seo\/ -->\n<title>POIDS DU CORPS (CHEST WEIGHT) - BZ Solutions<\/title>\n<meta name=\"robots\" content=\"index, follow, max-snippet:-1, max-image-preview:large, max-video-preview:-1\" \/>\n<link rel=\"canonical\" href=\"https:\/\/www.bzsolutions.ch\/fr\/produkt\/poids-du-corps-chest-weight\/\" \/>\n<meta property=\"og:locale\" content=\"fr_FR\" \/>\n<meta property=\"og:type\" content=\"article\" \/>\n<meta property=\"og:title\" content=\"POIDS DU CORPS (CHEST WEIGHT) - BZ Solutions\" \/>\n<meta property=\"og:description\" content=\"Augmentez votre entra\u00eenement de vitesse et de rapidit\u00e9 avec un appareil sp\u00e9cialement con\u00e7u pour r\u00e9pondre aux besoins des athl\u00e8tes d&#039;\u00e9lite. Notre nouveau dispositif d&#039;entra\u00eenement avec un rapport de transmission de 1:4 offre non seulement une r\u00e9sistance d&#039;entr\u00e9e tr\u00e8s faible, mais permet \u00e9galement un mouvement quatre fois plus rapide avec une r\u00e9sistance constante - id\u00e9al pour un entra\u00eenement \u00e0 grande vitesse.\" \/>\n<meta property=\"og:url\" content=\"https:\/\/www.bzsolutions.ch\/fr\/produkt\/poids-du-corps-chest-weight\/\" \/>\n<meta property=\"og:site_name\" content=\"BZ Solutions\" \/>\n<meta property=\"og:image\" content=\"https:\/\/www.bzsolutions.ch\/wp-content\/uploads\/2024\/04\/Chest_Weight.png\" \/>\n\t<meta property=\"og:image:width\" content=\"1000\" \/>\n\t<meta property=\"og:image:height\" content=\"1000\" \/>\n\t<meta property=\"og:image:type\" content=\"image\/png\" \/>\n<meta name=\"twitter:card\" content=\"summary_large_image\" \/>\n<meta name=\"twitter:label1\" content=\"Dur\u00e9e de lecture estim\u00e9e\" \/>\n\t<meta name=\"twitter:data1\" content=\"1 minute\" \/>\n<script type=\"application\/ld+json\" class=\"yoast-schema-graph\">{\"@context\":\"https:\/\/schema.org\",\"@graph\":[{\"@type\":\"WebPage\",\"@id\":\"https:\/\/www.bzsolutions.ch\/fr\/produkt\/poids-du-corps-chest-weight\/\",\"url\":\"https:\/\/www.bzsolutions.ch\/fr\/produkt\/poids-du-corps-chest-weight\/\",\"name\":\"POIDS DU CORPS (CHEST WEIGHT) - BZ Solutions\",\"isPartOf\":{\"@id\":\"https:\/\/www.bzsolutions.ch\/fr\/#website\"},\"primaryImageOfPage\":{\"@id\":\"https:\/\/www.bzsolutions.ch\/fr\/produkt\/poids-du-corps-chest-weight\/#primaryimage\"},\"image\":{\"@id\":\"https:\/\/www.bzsolutions.ch\/fr\/produkt\/poids-du-corps-chest-weight\/#primaryimage\"},\"thumbnailUrl\":\"https:\/\/www.bzsolutions.ch\/wp-content\/uploads\/2024\/04\/Chest_Weight.png\",\"datePublished\":\"2024-04-03T15:10:01+00:00\",\"dateModified\":\"2024-04-03T15:10:01+00:00\",\"breadcrumb\":{\"@id\":\"https:\/\/www.bzsolutions.ch\/fr\/produkt\/poids-du-corps-chest-weight\/#breadcrumb\"},\"inLanguage\":\"fr-FR\",\"potentialAction\":[{\"@type\":\"ReadAction\",\"target\":[\"https:\/\/www.bzsolutions.ch\/fr\/produkt\/poids-du-corps-chest-weight\/\"]}]},{\"@type\":\"ImageObject\",\"inLanguage\":\"fr-FR\",\"@id\":\"https:\/\/www.bzsolutions.ch\/fr\/produkt\/poids-du-corps-chest-weight\/#primaryimage\",\"url\":\"https:\/\/www.bzsolutions.ch\/wp-content\/uploads\/2024\/04\/Chest_Weight.png\",\"contentUrl\":\"https:\/\/www.bzsolutions.ch\/wp-content\/uploads\/2024\/04\/Chest_Weight.png\",\"width\":1000,\"height\":1000},{\"@type\":\"BreadcrumbList\",\"@id\":\"https:\/\/www.bzsolutions.ch\/fr\/produkt\/poids-du-corps-chest-weight\/#breadcrumb\",\"itemListElement\":[{\"@type\":\"ListItem\",\"position\":1,\"name\":\"Startseite\",\"item\":\"https:\/\/www.bzsolutions.ch\/fr\/\"},{\"@type\":\"ListItem\",\"position\":2,\"name\":\"Shop\",\"item\":\"https:\/\/www.bzsolutions.ch\/shop\/\"},{\"@type\":\"ListItem\",\"position\":3,\"name\":\"POIDS DU CORPS (CHEST WEIGHT)\"}]},{\"@type\":\"WebSite\",\"@id\":\"https:\/\/www.bzsolutions.ch\/fr\/#website\",\"url\":\"https:\/\/www.bzsolutions.ch\/fr\/\",\"name\":\"BZ Solutions\",\"description\":\"Total Fitness Solutions\",\"publisher\":{\"@id\":\"https:\/\/www.bzsolutions.ch\/fr\/#organization\"},\"potentialAction\":[{\"@type\":\"SearchAction\",\"target\":{\"@type\":\"EntryPoint\",\"urlTemplate\":\"https:\/\/www.bzsolutions.ch\/fr\/?s={search_term_string}\"},\"query-input\":{\"@type\":\"PropertyValueSpecification\",\"valueRequired\":true,\"valueName\":\"search_term_string\"}}],\"inLanguage\":\"fr-FR\"},{\"@type\":\"Organization\",\"@id\":\"https:\/\/www.bzsolutions.ch\/fr\/#organization\",\"name\":\"BZ Solutions\",\"url\":\"https:\/\/www.bzsolutions.ch\/fr\/\",\"logo\":{\"@type\":\"ImageObject\",\"inLanguage\":\"fr-FR\",\"@id\":\"https:\/\/www.bzsolutions.ch\/fr\/#\/schema\/logo\/image\/\",\"url\":\"https:\/\/www.bzsolutions.ch\/wp-content\/uploads\/2024\/03\/logo_bz-solutions.png\",\"contentUrl\":\"https:\/\/www.bzsolutions.ch\/wp-content\/uploads\/2024\/03\/logo_bz-solutions.png\",\"width\":600,\"height\":136,\"caption\":\"BZ Solutions\"},\"image\":{\"@id\":\"https:\/\/www.bzsolutions.ch\/fr\/#\/schema\/logo\/image\/\"}}]}<\/script>\n<!-- \/ Yoast SEO plugin. -->","yoast_head_json":{"title":"POIDS DU CORPS (CHEST WEIGHT) - BZ Solutions","robots":{"index":"index","follow":"follow","max-snippet":"max-snippet:-1","max-image-preview":"max-image-preview:large","max-video-preview":"max-video-preview:-1"},"canonical":"https:\/\/www.bzsolutions.ch\/fr\/produkt\/poids-du-corps-chest-weight\/","og_locale":"fr_FR","og_type":"article","og_title":"POIDS DU CORPS (CHEST WEIGHT) - BZ Solutions","og_description":"Augmentez votre entra\u00eenement de vitesse et de rapidit\u00e9 avec un appareil sp\u00e9cialement con\u00e7u pour r\u00e9pondre aux besoins des athl\u00e8tes d'\u00e9lite. Notre nouveau dispositif d'entra\u00eenement avec un rapport de transmission de 1:4 offre non seulement une r\u00e9sistance d'entr\u00e9e tr\u00e8s faible, mais permet \u00e9galement un mouvement quatre fois plus rapide avec une r\u00e9sistance constante - id\u00e9al pour un entra\u00eenement \u00e0 grande vitesse.","og_url":"https:\/\/www.bzsolutions.ch\/fr\/produkt\/poids-du-corps-chest-weight\/","og_site_name":"BZ Solutions","og_image":[{"width":1000,"height":1000,"url":"https:\/\/www.bzsolutions.ch\/wp-content\/uploads\/2024\/04\/Chest_Weight.png","type":"image\/png"}],"twitter_card":"summary_large_image","twitter_misc":{"Dur\u00e9e de lecture estim\u00e9e":"1 minute"},"schema":{"@context":"https:\/\/schema.org","@graph":[{"@type":"WebPage","@id":"https:\/\/www.bzsolutions.ch\/fr\/produkt\/poids-du-corps-chest-weight\/","url":"https:\/\/www.bzsolutions.ch\/fr\/produkt\/poids-du-corps-chest-weight\/","name":"POIDS DU CORPS (CHEST WEIGHT) - BZ Solutions","isPartOf":{"@id":"https:\/\/www.bzsolutions.ch\/fr\/#website"},"primaryImageOfPage":{"@id":"https:\/\/www.bzsolutions.ch\/fr\/produkt\/poids-du-corps-chest-weight\/#primaryimage"},"image":{"@id":"https:\/\/www.bzsolutions.ch\/fr\/produkt\/poids-du-corps-chest-weight\/#primaryimage"},"thumbnailUrl":"https:\/\/www.bzsolutions.ch\/wp-content\/uploads\/2024\/04\/Chest_Weight.png","datePublished":"2024-04-03T15:10:01+00:00","dateModified":"2024-04-03T15:10:01+00:00","breadcrumb":{"@id":"https:\/\/www.bzsolutions.ch\/fr\/produkt\/poids-du-corps-chest-weight\/#breadcrumb"},"inLanguage":"fr-FR","potentialAction":[{"@type":"ReadAction","target":["https:\/\/www.bzsolutions.ch\/fr\/produkt\/poids-du-corps-chest-weight\/"]}]},{"@type":"ImageObject","inLanguage":"fr-FR","@id":"https:\/\/www.bzsolutions.ch\/fr\/produkt\/poids-du-corps-chest-weight\/#primaryimage","url":"https:\/\/www.bzsolutions.ch\/wp-content\/uploads\/2024\/04\/Chest_Weight.png","contentUrl":"https:\/\/www.bzsolutions.ch\/wp-content\/uploads\/2024\/04\/Chest_Weight.png","width":1000,"height":1000},{"@type":"BreadcrumbList","@id":"https:\/\/www.bzsolutions.ch\/fr\/produkt\/poids-du-corps-chest-weight\/#breadcrumb","itemListElement":[{"@type":"ListItem","position":1,"name":"Startseite","item":"https:\/\/www.bzsolutions.ch\/fr\/"},{"@type":"ListItem","position":2,"name":"Shop","item":"https:\/\/www.bzsolutions.ch\/shop\/"},{"@type":"ListItem","position":3,"name":"POIDS DU CORPS (CHEST WEIGHT)"}]},{"@type":"WebSite","@id":"https:\/\/www.bzsolutions.ch\/fr\/#website","url":"https:\/\/www.bzsolutions.ch\/fr\/","name":"BZ Solutions","description":"Total Fitness Solutions","publisher":{"@id":"https:\/\/www.bzsolutions.ch\/fr\/#organization"},"potentialAction":[{"@type":"SearchAction","target":{"@type":"EntryPoint","urlTemplate":"https:\/\/www.bzsolutions.ch\/fr\/?s={search_term_string}"},"query-input":{"@type":"PropertyValueSpecification","valueRequired":true,"valueName":"search_term_string"}}],"inLanguage":"fr-FR"},{"@type":"Organization","@id":"https:\/\/www.bzsolutions.ch\/fr\/#organization","name":"BZ Solutions","url":"https:\/\/www.bzsolutions.ch\/fr\/","logo":{"@type":"ImageObject","inLanguage":"fr-FR","@id":"https:\/\/www.bzsolutions.ch\/fr\/#\/schema\/logo\/image\/","url":"https:\/\/www.bzsolutions.ch\/wp-content\/uploads\/2024\/03\/logo_bz-solutions.png","contentUrl":"https:\/\/www.bzsolutions.ch\/wp-content\/uploads\/2024\/03\/logo_bz-solutions.png","width":600,"height":136,"caption":"BZ Solutions"},"image":{"@id":"https:\/\/www.bzsolutions.ch\/fr\/#\/schema\/logo\/image\/"}}]}},"_links":{"self":[{"href":"https:\/\/www.bzsolutions.ch\/fr\/wp-json\/wp\/v2\/product\/48799","targetHints":{"allow":["GET"]}}],"collection":[{"href":"https:\/\/www.bzsolutions.ch\/fr\/wp-json\/wp\/v2\/product"}],"about":[{"href":"https:\/\/www.bzsolutions.ch\/fr\/wp-json\/wp\/v2\/types\/product"}],"wp:featuredmedia":[{"embeddable":true,"href":"https:\/\/www.bzsolutions.ch\/fr\/wp-json\/wp\/v2\/media\/47923"}],"wp:attachment":[{"href":"https:\/\/www.bzsolutions.ch\/fr\/wp-json\/wp\/v2\/media?parent=48799"}],"wp:term":[{"taxonomy":"product_brand","embeddable":true,"href":"https:\/\/www.bzsolutions.ch\/fr\/wp-json\/wp\/v2\/product_brand?post=48799"},{"taxonomy":"product_cat","embeddable":true,"href":"https:\/\/www.bzsolutions.ch\/fr\/wp-json\/wp\/v2\/product_cat?post=48799"},{"taxonomy":"product_tag","embeddable":true,"href":"https:\/\/www.bzsolutions.ch\/fr\/wp-json\/wp\/v2\/product_tag?post=48799"}],"curies":[{"name":"wp","href":"https:\/\/api.w.org\/{rel}","templated":true}]}}