{"id":48801,"date":"2024-04-03T17:09:03","date_gmt":"2024-04-03T15:09:03","guid":{"rendered":"https:\/\/www.bzsolutions.ch\/produkt\/assist-chin-dip\/"},"modified":"2024-04-03T17:09:03","modified_gmt":"2024-04-03T15:09:03","slug":"assist-chin-dip","status":"publish","type":"product","link":"https:\/\/www.bzsolutions.ch\/fr\/produkt\/assist-chin-dip\/","title":{"rendered":"ASSIST CHIN\/DIP"},"content":{"rendered":"<p>01. SP\u00c9CIALEMENT POUR LE RENFORCEMENT DU POSTE : Cet appareil a \u00e9t\u00e9 con\u00e7u pour optimiser les tractions et les dips gr\u00e2ce \u00e0 un syst\u00e8me innovant de contrepoids qui r\u00e9duit la r\u00e9sistance initiale. Cela vous permet de commencer votre entra\u00eenement en douceur et de progresser efficacement. L&#8217;accent sp\u00e9cifique mis sur le renforcement du haut du corps, y compris le dos, les \u00e9paules et les triceps, promet une am\u00e9lioration cibl\u00e9e.<\/p>\n<p>02. STABILIT\u00c9 ET CONFORT : des coussinets plac\u00e9s de mani\u00e8re ergonomique soutiennent et stabilisent votre corps pendant l&#8217;entra\u00eenement, \u00e9vitant ainsi les mouvements ind\u00e9sirables. L&#8217;agencement bien pens\u00e9 des poign\u00e9es et des coussins minimise les contraintes sur les articulations et favorise une ex\u00e9cution correcte de l&#8217;exercice, tandis que le si\u00e8ge r\u00e9glable, dot\u00e9 d&#8217;un m\u00e9canisme de verrouillage et d&#8217;un rev\u00eatement en similicuir r\u00e9sistant, am\u00e9liore le confort.<\/p>\n<p>03. ROBUSTESSE ET DESIGN ERGONOMIQUE : La construction en tubes d&#8217;acier \u00e9pais d\u00e9coup\u00e9s au plasma promet non seulement une excellente durabilit\u00e9, mais aussi un design esth\u00e9tiquement agr\u00e9able. Un rev\u00eatement brillant double couche offre une protection suppl\u00e9mentaire contre l&#8217;usure, ce qui conf\u00e8re \u00e0 l&#8217;appareil un aspect durable et de qualit\u00e9. Le si\u00e8ge r\u00e9glable facile \u00e0 utiliser et le rev\u00eatement en similicuir robuste garantissent \u00e0 la fois la durabilit\u00e9 et un grand confort d&#8217;entra\u00eenement.<\/p>\n","protected":false},"excerpt":{"rendered":"<p>Augmentez la force du haut du corps avec l&#8217;Assist Chin\/Dip : un syst\u00e8me de contrepoids facilite l&#8217;initiation et favorise les progr\u00e8s continus, ciblant le dos, les \u00e9paules et les triceps. Les coussins et poign\u00e9es ergonomiques offrent stabilit\u00e9 et confort pendant l&#8217;entra\u00eenement, soutenus par un si\u00e8ge confortable et facilement ajustable. La construction robuste en acier d\u00e9coup\u00e9 au plasma avec double rev\u00eatement assure la durabilit\u00e9 et un design attrayant.<\/p>\n","protected":false},"featured_media":47918,"template":"","meta":{"inline_featured_image":false},"product_brand":[],"product_cat":[814,805,804,815],"product_tag":[808,816],"class_list":{"0":"post-48801","1":"product","2":"type-product","3":"status-publish","4":"has-post-thumbnail","6":"product_cat-appareils-de-musculation","7":"product_cat-drax-fr","8":"product_cat-fournisseur","9":"product_cat-station-de-musculation","10":"product_tag-drax-fr","11":"product_tag-station-de-musculation","12":"pa_breite-1284-mm-fr","13":"pa_gewicht-180-kg-fr","14":"pa_hoehe-2169-mm-fr","15":"pa_laenge-1138-mm-fr","16":"pa_widerstand-75-kg-fr","18":"first","19":"instock","20":"product-type-simple"},"yoast_head":"<!-- This site is optimized with the Yoast SEO plugin v23.8 - https:\/\/yoast.com\/wordpress\/plugins\/seo\/ -->\n<title>ASSIST CHIN\/DIP - BZ Solutions<\/title>\n<meta name=\"robots\" content=\"index, follow, max-snippet:-1, max-image-preview:large, max-video-preview:-1\" \/>\n<link rel=\"canonical\" href=\"https:\/\/www.bzsolutions.ch\/fr\/produkt\/assist-chin-dip\/\" \/>\n<meta property=\"og:locale\" content=\"fr_FR\" \/>\n<meta property=\"og:type\" content=\"article\" \/>\n<meta property=\"og:title\" content=\"ASSIST CHIN\/DIP - BZ Solutions\" \/>\n<meta property=\"og:description\" content=\"Augmentez la force du haut du corps avec l&#039;Assist Chin\/Dip : un syst\u00e8me de contrepoids facilite l&#039;initiation et favorise les progr\u00e8s continus, ciblant le dos, les \u00e9paules et les triceps. Les coussins et poign\u00e9es ergonomiques offrent stabilit\u00e9 et confort pendant l&#039;entra\u00eenement, soutenus par un si\u00e8ge confortable et facilement ajustable. La construction robuste en acier d\u00e9coup\u00e9 au plasma avec double rev\u00eatement assure la durabilit\u00e9 et un design attrayant.\" \/>\n<meta property=\"og:url\" content=\"https:\/\/www.bzsolutions.ch\/fr\/produkt\/assist-chin-dip\/\" \/>\n<meta property=\"og:site_name\" content=\"BZ Solutions\" \/>\n<meta property=\"og:image\" content=\"https:\/\/www.bzsolutions.ch\/wp-content\/uploads\/2024\/04\/Drax_Assist_Chin-Dip.png\" \/>\n\t<meta property=\"og:image:width\" content=\"1000\" \/>\n\t<meta property=\"og:image:height\" content=\"1000\" \/>\n\t<meta property=\"og:image:type\" content=\"image\/png\" \/>\n<meta name=\"twitter:card\" content=\"summary_large_image\" \/>\n<meta name=\"twitter:label1\" content=\"Dur\u00e9e de lecture estim\u00e9e\" \/>\n\t<meta name=\"twitter:data1\" content=\"1 minute\" \/>\n<script type=\"application\/ld+json\" class=\"yoast-schema-graph\">{\"@context\":\"https:\/\/schema.org\",\"@graph\":[{\"@type\":\"WebPage\",\"@id\":\"https:\/\/www.bzsolutions.ch\/fr\/produkt\/assist-chin-dip\/\",\"url\":\"https:\/\/www.bzsolutions.ch\/fr\/produkt\/assist-chin-dip\/\",\"name\":\"ASSIST CHIN\/DIP - BZ Solutions\",\"isPartOf\":{\"@id\":\"https:\/\/www.bzsolutions.ch\/fr\/#website\"},\"primaryImageOfPage\":{\"@id\":\"https:\/\/www.bzsolutions.ch\/fr\/produkt\/assist-chin-dip\/#primaryimage\"},\"image\":{\"@id\":\"https:\/\/www.bzsolutions.ch\/fr\/produkt\/assist-chin-dip\/#primaryimage\"},\"thumbnailUrl\":\"https:\/\/www.bzsolutions.ch\/wp-content\/uploads\/2024\/04\/Drax_Assist_Chin-Dip.png\",\"datePublished\":\"2024-04-03T15:09:03+00:00\",\"dateModified\":\"2024-04-03T15:09:03+00:00\",\"breadcrumb\":{\"@id\":\"https:\/\/www.bzsolutions.ch\/fr\/produkt\/assist-chin-dip\/#breadcrumb\"},\"inLanguage\":\"fr-FR\",\"potentialAction\":[{\"@type\":\"ReadAction\",\"target\":[\"https:\/\/www.bzsolutions.ch\/fr\/produkt\/assist-chin-dip\/\"]}]},{\"@type\":\"ImageObject\",\"inLanguage\":\"fr-FR\",\"@id\":\"https:\/\/www.bzsolutions.ch\/fr\/produkt\/assist-chin-dip\/#primaryimage\",\"url\":\"https:\/\/www.bzsolutions.ch\/wp-content\/uploads\/2024\/04\/Drax_Assist_Chin-Dip.png\",\"contentUrl\":\"https:\/\/www.bzsolutions.ch\/wp-content\/uploads\/2024\/04\/Drax_Assist_Chin-Dip.png\",\"width\":1000,\"height\":1000},{\"@type\":\"BreadcrumbList\",\"@id\":\"https:\/\/www.bzsolutions.ch\/fr\/produkt\/assist-chin-dip\/#breadcrumb\",\"itemListElement\":[{\"@type\":\"ListItem\",\"position\":1,\"name\":\"Startseite\",\"item\":\"https:\/\/www.bzsolutions.ch\/fr\/\"},{\"@type\":\"ListItem\",\"position\":2,\"name\":\"Shop\",\"item\":\"https:\/\/www.bzsolutions.ch\/shop\/\"},{\"@type\":\"ListItem\",\"position\":3,\"name\":\"ASSIST CHIN\/DIP\"}]},{\"@type\":\"WebSite\",\"@id\":\"https:\/\/www.bzsolutions.ch\/fr\/#website\",\"url\":\"https:\/\/www.bzsolutions.ch\/fr\/\",\"name\":\"BZ Solutions\",\"description\":\"Total Fitness Solutions\",\"publisher\":{\"@id\":\"https:\/\/www.bzsolutions.ch\/fr\/#organization\"},\"potentialAction\":[{\"@type\":\"SearchAction\",\"target\":{\"@type\":\"EntryPoint\",\"urlTemplate\":\"https:\/\/www.bzsolutions.ch\/fr\/?s={search_term_string}\"},\"query-input\":{\"@type\":\"PropertyValueSpecification\",\"valueRequired\":true,\"valueName\":\"search_term_string\"}}],\"inLanguage\":\"fr-FR\"},{\"@type\":\"Organization\",\"@id\":\"https:\/\/www.bzsolutions.ch\/fr\/#organization\",\"name\":\"BZ Solutions\",\"url\":\"https:\/\/www.bzsolutions.ch\/fr\/\",\"logo\":{\"@type\":\"ImageObject\",\"inLanguage\":\"fr-FR\",\"@id\":\"https:\/\/www.bzsolutions.ch\/fr\/#\/schema\/logo\/image\/\",\"url\":\"https:\/\/www.bzsolutions.ch\/wp-content\/uploads\/2024\/03\/logo_bz-solutions.png\",\"contentUrl\":\"https:\/\/www.bzsolutions.ch\/wp-content\/uploads\/2024\/03\/logo_bz-solutions.png\",\"width\":600,\"height\":136,\"caption\":\"BZ Solutions\"},\"image\":{\"@id\":\"https:\/\/www.bzsolutions.ch\/fr\/#\/schema\/logo\/image\/\"}}]}<\/script>\n<!-- \/ Yoast SEO plugin. -->","yoast_head_json":{"title":"ASSIST CHIN\/DIP - BZ Solutions","robots":{"index":"index","follow":"follow","max-snippet":"max-snippet:-1","max-image-preview":"max-image-preview:large","max-video-preview":"max-video-preview:-1"},"canonical":"https:\/\/www.bzsolutions.ch\/fr\/produkt\/assist-chin-dip\/","og_locale":"fr_FR","og_type":"article","og_title":"ASSIST CHIN\/DIP - BZ Solutions","og_description":"Augmentez la force du haut du corps avec l'Assist Chin\/Dip : un syst\u00e8me de contrepoids facilite l'initiation et favorise les progr\u00e8s continus, ciblant le dos, les \u00e9paules et les triceps. Les coussins et poign\u00e9es ergonomiques offrent stabilit\u00e9 et confort pendant l'entra\u00eenement, soutenus par un si\u00e8ge confortable et facilement ajustable. La construction robuste en acier d\u00e9coup\u00e9 au plasma avec double rev\u00eatement assure la durabilit\u00e9 et un design attrayant.","og_url":"https:\/\/www.bzsolutions.ch\/fr\/produkt\/assist-chin-dip\/","og_site_name":"BZ Solutions","og_image":[{"width":1000,"height":1000,"url":"https:\/\/www.bzsolutions.ch\/wp-content\/uploads\/2024\/04\/Drax_Assist_Chin-Dip.png","type":"image\/png"}],"twitter_card":"summary_large_image","twitter_misc":{"Dur\u00e9e de lecture estim\u00e9e":"1 minute"},"schema":{"@context":"https:\/\/schema.org","@graph":[{"@type":"WebPage","@id":"https:\/\/www.bzsolutions.ch\/fr\/produkt\/assist-chin-dip\/","url":"https:\/\/www.bzsolutions.ch\/fr\/produkt\/assist-chin-dip\/","name":"ASSIST CHIN\/DIP - BZ Solutions","isPartOf":{"@id":"https:\/\/www.bzsolutions.ch\/fr\/#website"},"primaryImageOfPage":{"@id":"https:\/\/www.bzsolutions.ch\/fr\/produkt\/assist-chin-dip\/#primaryimage"},"image":{"@id":"https:\/\/www.bzsolutions.ch\/fr\/produkt\/assist-chin-dip\/#primaryimage"},"thumbnailUrl":"https:\/\/www.bzsolutions.ch\/wp-content\/uploads\/2024\/04\/Drax_Assist_Chin-Dip.png","datePublished":"2024-04-03T15:09:03+00:00","dateModified":"2024-04-03T15:09:03+00:00","breadcrumb":{"@id":"https:\/\/www.bzsolutions.ch\/fr\/produkt\/assist-chin-dip\/#breadcrumb"},"inLanguage":"fr-FR","potentialAction":[{"@type":"ReadAction","target":["https:\/\/www.bzsolutions.ch\/fr\/produkt\/assist-chin-dip\/"]}]},{"@type":"ImageObject","inLanguage":"fr-FR","@id":"https:\/\/www.bzsolutions.ch\/fr\/produkt\/assist-chin-dip\/#primaryimage","url":"https:\/\/www.bzsolutions.ch\/wp-content\/uploads\/2024\/04\/Drax_Assist_Chin-Dip.png","contentUrl":"https:\/\/www.bzsolutions.ch\/wp-content\/uploads\/2024\/04\/Drax_Assist_Chin-Dip.png","width":1000,"height":1000},{"@type":"BreadcrumbList","@id":"https:\/\/www.bzsolutions.ch\/fr\/produkt\/assist-chin-dip\/#breadcrumb","itemListElement":[{"@type":"ListItem","position":1,"name":"Startseite","item":"https:\/\/www.bzsolutions.ch\/fr\/"},{"@type":"ListItem","position":2,"name":"Shop","item":"https:\/\/www.bzsolutions.ch\/shop\/"},{"@type":"ListItem","position":3,"name":"ASSIST CHIN\/DIP"}]},{"@type":"WebSite","@id":"https:\/\/www.bzsolutions.ch\/fr\/#website","url":"https:\/\/www.bzsolutions.ch\/fr\/","name":"BZ Solutions","description":"Total Fitness Solutions","publisher":{"@id":"https:\/\/www.bzsolutions.ch\/fr\/#organization"},"potentialAction":[{"@type":"SearchAction","target":{"@type":"EntryPoint","urlTemplate":"https:\/\/www.bzsolutions.ch\/fr\/?s={search_term_string}"},"query-input":{"@type":"PropertyValueSpecification","valueRequired":true,"valueName":"search_term_string"}}],"inLanguage":"fr-FR"},{"@type":"Organization","@id":"https:\/\/www.bzsolutions.ch\/fr\/#organization","name":"BZ Solutions","url":"https:\/\/www.bzsolutions.ch\/fr\/","logo":{"@type":"ImageObject","inLanguage":"fr-FR","@id":"https:\/\/www.bzsolutions.ch\/fr\/#\/schema\/logo\/image\/","url":"https:\/\/www.bzsolutions.ch\/wp-content\/uploads\/2024\/03\/logo_bz-solutions.png","contentUrl":"https:\/\/www.bzsolutions.ch\/wp-content\/uploads\/2024\/03\/logo_bz-solutions.png","width":600,"height":136,"caption":"BZ Solutions"},"image":{"@id":"https:\/\/www.bzsolutions.ch\/fr\/#\/schema\/logo\/image\/"}}]}},"_links":{"self":[{"href":"https:\/\/www.bzsolutions.ch\/fr\/wp-json\/wp\/v2\/product\/48801","targetHints":{"allow":["GET"]}}],"collection":[{"href":"https:\/\/www.bzsolutions.ch\/fr\/wp-json\/wp\/v2\/product"}],"about":[{"href":"https:\/\/www.bzsolutions.ch\/fr\/wp-json\/wp\/v2\/types\/product"}],"wp:featuredmedia":[{"embeddable":true,"href":"https:\/\/www.bzsolutions.ch\/fr\/wp-json\/wp\/v2\/media\/47918"}],"wp:attachment":[{"href":"https:\/\/www.bzsolutions.ch\/fr\/wp-json\/wp\/v2\/media?parent=48801"}],"wp:term":[{"taxonomy":"product_brand","embeddable":true,"href":"https:\/\/www.bzsolutions.ch\/fr\/wp-json\/wp\/v2\/product_brand?post=48801"},{"taxonomy":"product_cat","embeddable":true,"href":"https:\/\/www.bzsolutions.ch\/fr\/wp-json\/wp\/v2\/product_cat?post=48801"},{"taxonomy":"product_tag","embeddable":true,"href":"https:\/\/www.bzsolutions.ch\/fr\/wp-json\/wp\/v2\/product_tag?post=48801"}],"curies":[{"name":"wp","href":"https:\/\/api.w.org\/{rel}","templated":true}]}}