{"id":48803,"date":"2024-04-03T17:09:03","date_gmt":"2024-04-03T15:09:03","guid":{"rendered":"https:\/\/www.bzsolutions.ch\/produkt\/arm-curl\/"},"modified":"2024-04-03T17:09:03","modified_gmt":"2024-04-03T15:09:03","slug":"arm-curl","status":"publish","type":"product","link":"https:\/\/www.bzsolutions.ch\/fr\/produkt\/arm-curl\/","title":{"rendered":"ARM CURL"},"content":{"rendered":"<p>01. SP\u00c9CIALEMENT CON\u00c7U POUR LES BICEPS :<br \/>\nCon\u00e7u pour faire travailler vos biceps de mani\u00e8re optimale, le syst\u00e8me de contrepoids innovant r\u00e9duit la r\u00e9sistance initiale, ce qui vous permet de commencer votre entra\u00eenement en douceur et de l&#8217;augmenter progressivement. L&#8217;orientation sp\u00e9cifique vers les biceps garantit un renforcement cibl\u00e9.<\/p>\n<p>02. STABILIT\u00c9 ET CONFORT :<br \/>\nLes coudi\u00e8res stabilisent vos bras pendant l&#8217;entra\u00eenement et emp\u00eachent les mouvements ind\u00e9sirables des \u00e9paules. L&#8217;axe de rotation, align\u00e9 de mani\u00e8re coh\u00e9rente avec la base du coude, et les multiples possibilit\u00e9s de prise minimisent les contraintes sur les poignets et favorisent une ex\u00e9cution correcte des exercices.<\/p>\n<p>03. ROBUSTESSE ET DESIGN ERGONOMIQUE :<br \/>\nGr\u00e2ce \u00e0 l&#8217;utilisation d&#8217;un tube d&#8217;acier \u00e9pais d\u00e9coup\u00e9 au plasma, l&#8217;appareil se caract\u00e9rise par une excellente durabilit\u00e9 et un design attrayant. Un rev\u00eatement brillant \u00e0 deux couches prot\u00e8ge contre l&#8217;usure et donne \u00e0 l&#8217;appareil un aspect haut de gamme. Le si\u00e8ge facilement r\u00e9glable avec m\u00e9canisme de verrouillage et le rev\u00eatement en similicuir r\u00e9sistant augmentent le confort d&#8217;entra\u00eenement et la long\u00e9vit\u00e9 de l&#8217;appareil.<\/p>\n","protected":false},"excerpt":{"rendered":"<p>Optimisez votre entra\u00eenement des biceps avec le Arm Curl : Commencez en douceur gr\u00e2ce au syst\u00e8me de contrepoids et progressez de mani\u00e8re cibl\u00e9e. Les coudi\u00e8res et les diverses poign\u00e9es favorisent la stabilit\u00e9 et le confort, tandis que la construction robuste en acier d\u00e9coup\u00e9 au plasma et le si\u00e8ge r\u00e9glable garantissent la durabilit\u00e9 et l&#8217;ergonomie.<\/p>\n","protected":false},"featured_media":47917,"template":"","meta":{"inline_featured_image":false},"product_brand":[],"product_cat":[814,805,804,815],"product_tag":[808,816],"class_list":{"0":"post-48803","1":"product","2":"type-product","3":"status-publish","4":"has-post-thumbnail","6":"product_cat-appareils-de-musculation","7":"product_cat-drax-fr","8":"product_cat-fournisseur","9":"product_cat-station-de-musculation","10":"product_tag-drax-fr","11":"product_tag-station-de-musculation","12":"pa_breite-1063-mm-fr","13":"pa_gewicht-170kg-fr","14":"pa_hoehe-1552-mm-fr","15":"pa_laenge-1306-mm-fr","16":"pa_widerstand-75kg-fr","18":"first","19":"instock","20":"product-type-simple"},"yoast_head":"<!-- This site is optimized with the Yoast SEO plugin v23.8 - https:\/\/yoast.com\/wordpress\/plugins\/seo\/ -->\n<title>ARM CURL - BZ Solutions<\/title>\n<meta name=\"robots\" content=\"index, follow, max-snippet:-1, max-image-preview:large, max-video-preview:-1\" \/>\n<link rel=\"canonical\" href=\"https:\/\/www.bzsolutions.ch\/fr\/produkt\/arm-curl\/\" \/>\n<meta property=\"og:locale\" content=\"fr_FR\" \/>\n<meta property=\"og:type\" content=\"article\" \/>\n<meta property=\"og:title\" content=\"ARM CURL - BZ Solutions\" \/>\n<meta property=\"og:description\" content=\"Optimisez votre entra\u00eenement des biceps avec le Arm Curl : Commencez en douceur gr\u00e2ce au syst\u00e8me de contrepoids et progressez de mani\u00e8re cibl\u00e9e. Les coudi\u00e8res et les diverses poign\u00e9es favorisent la stabilit\u00e9 et le confort, tandis que la construction robuste en acier d\u00e9coup\u00e9 au plasma et le si\u00e8ge r\u00e9glable garantissent la durabilit\u00e9 et l&#039;ergonomie.\" \/>\n<meta property=\"og:url\" content=\"https:\/\/www.bzsolutions.ch\/fr\/produkt\/arm-curl\/\" \/>\n<meta property=\"og:site_name\" content=\"BZ Solutions\" \/>\n<meta property=\"og:image\" content=\"https:\/\/www.bzsolutions.ch\/wp-content\/uploads\/2024\/04\/Drax_Arm-Curl.png\" \/>\n\t<meta property=\"og:image:width\" content=\"1000\" \/>\n\t<meta property=\"og:image:height\" content=\"1000\" \/>\n\t<meta property=\"og:image:type\" content=\"image\/png\" \/>\n<meta name=\"twitter:card\" content=\"summary_large_image\" \/>\n<meta name=\"twitter:label1\" content=\"Dur\u00e9e de lecture estim\u00e9e\" \/>\n\t<meta name=\"twitter:data1\" content=\"1 minute\" \/>\n<script type=\"application\/ld+json\" class=\"yoast-schema-graph\">{\"@context\":\"https:\/\/schema.org\",\"@graph\":[{\"@type\":\"WebPage\",\"@id\":\"https:\/\/www.bzsolutions.ch\/fr\/produkt\/arm-curl\/\",\"url\":\"https:\/\/www.bzsolutions.ch\/fr\/produkt\/arm-curl\/\",\"name\":\"ARM CURL - BZ Solutions\",\"isPartOf\":{\"@id\":\"https:\/\/www.bzsolutions.ch\/fr\/#website\"},\"primaryImageOfPage\":{\"@id\":\"https:\/\/www.bzsolutions.ch\/fr\/produkt\/arm-curl\/#primaryimage\"},\"image\":{\"@id\":\"https:\/\/www.bzsolutions.ch\/fr\/produkt\/arm-curl\/#primaryimage\"},\"thumbnailUrl\":\"https:\/\/www.bzsolutions.ch\/wp-content\/uploads\/2024\/04\/Drax_Arm-Curl.png\",\"datePublished\":\"2024-04-03T15:09:03+00:00\",\"dateModified\":\"2024-04-03T15:09:03+00:00\",\"breadcrumb\":{\"@id\":\"https:\/\/www.bzsolutions.ch\/fr\/produkt\/arm-curl\/#breadcrumb\"},\"inLanguage\":\"fr-FR\",\"potentialAction\":[{\"@type\":\"ReadAction\",\"target\":[\"https:\/\/www.bzsolutions.ch\/fr\/produkt\/arm-curl\/\"]}]},{\"@type\":\"ImageObject\",\"inLanguage\":\"fr-FR\",\"@id\":\"https:\/\/www.bzsolutions.ch\/fr\/produkt\/arm-curl\/#primaryimage\",\"url\":\"https:\/\/www.bzsolutions.ch\/wp-content\/uploads\/2024\/04\/Drax_Arm-Curl.png\",\"contentUrl\":\"https:\/\/www.bzsolutions.ch\/wp-content\/uploads\/2024\/04\/Drax_Arm-Curl.png\",\"width\":1000,\"height\":1000},{\"@type\":\"BreadcrumbList\",\"@id\":\"https:\/\/www.bzsolutions.ch\/fr\/produkt\/arm-curl\/#breadcrumb\",\"itemListElement\":[{\"@type\":\"ListItem\",\"position\":1,\"name\":\"Startseite\",\"item\":\"https:\/\/www.bzsolutions.ch\/fr\/\"},{\"@type\":\"ListItem\",\"position\":2,\"name\":\"Shop\",\"item\":\"https:\/\/www.bzsolutions.ch\/shop\/\"},{\"@type\":\"ListItem\",\"position\":3,\"name\":\"ARM CURL\"}]},{\"@type\":\"WebSite\",\"@id\":\"https:\/\/www.bzsolutions.ch\/fr\/#website\",\"url\":\"https:\/\/www.bzsolutions.ch\/fr\/\",\"name\":\"BZ Solutions\",\"description\":\"Total Fitness Solutions\",\"publisher\":{\"@id\":\"https:\/\/www.bzsolutions.ch\/fr\/#organization\"},\"potentialAction\":[{\"@type\":\"SearchAction\",\"target\":{\"@type\":\"EntryPoint\",\"urlTemplate\":\"https:\/\/www.bzsolutions.ch\/fr\/?s={search_term_string}\"},\"query-input\":{\"@type\":\"PropertyValueSpecification\",\"valueRequired\":true,\"valueName\":\"search_term_string\"}}],\"inLanguage\":\"fr-FR\"},{\"@type\":\"Organization\",\"@id\":\"https:\/\/www.bzsolutions.ch\/fr\/#organization\",\"name\":\"BZ Solutions\",\"url\":\"https:\/\/www.bzsolutions.ch\/fr\/\",\"logo\":{\"@type\":\"ImageObject\",\"inLanguage\":\"fr-FR\",\"@id\":\"https:\/\/www.bzsolutions.ch\/fr\/#\/schema\/logo\/image\/\",\"url\":\"https:\/\/www.bzsolutions.ch\/wp-content\/uploads\/2024\/03\/logo_bz-solutions.png\",\"contentUrl\":\"https:\/\/www.bzsolutions.ch\/wp-content\/uploads\/2024\/03\/logo_bz-solutions.png\",\"width\":600,\"height\":136,\"caption\":\"BZ Solutions\"},\"image\":{\"@id\":\"https:\/\/www.bzsolutions.ch\/fr\/#\/schema\/logo\/image\/\"}}]}<\/script>\n<!-- \/ Yoast SEO plugin. -->","yoast_head_json":{"title":"ARM CURL - BZ Solutions","robots":{"index":"index","follow":"follow","max-snippet":"max-snippet:-1","max-image-preview":"max-image-preview:large","max-video-preview":"max-video-preview:-1"},"canonical":"https:\/\/www.bzsolutions.ch\/fr\/produkt\/arm-curl\/","og_locale":"fr_FR","og_type":"article","og_title":"ARM CURL - BZ Solutions","og_description":"Optimisez votre entra\u00eenement des biceps avec le Arm Curl : Commencez en douceur gr\u00e2ce au syst\u00e8me de contrepoids et progressez de mani\u00e8re cibl\u00e9e. Les coudi\u00e8res et les diverses poign\u00e9es favorisent la stabilit\u00e9 et le confort, tandis que la construction robuste en acier d\u00e9coup\u00e9 au plasma et le si\u00e8ge r\u00e9glable garantissent la durabilit\u00e9 et l'ergonomie.","og_url":"https:\/\/www.bzsolutions.ch\/fr\/produkt\/arm-curl\/","og_site_name":"BZ Solutions","og_image":[{"width":1000,"height":1000,"url":"https:\/\/www.bzsolutions.ch\/wp-content\/uploads\/2024\/04\/Drax_Arm-Curl.png","type":"image\/png"}],"twitter_card":"summary_large_image","twitter_misc":{"Dur\u00e9e de lecture estim\u00e9e":"1 minute"},"schema":{"@context":"https:\/\/schema.org","@graph":[{"@type":"WebPage","@id":"https:\/\/www.bzsolutions.ch\/fr\/produkt\/arm-curl\/","url":"https:\/\/www.bzsolutions.ch\/fr\/produkt\/arm-curl\/","name":"ARM CURL - BZ Solutions","isPartOf":{"@id":"https:\/\/www.bzsolutions.ch\/fr\/#website"},"primaryImageOfPage":{"@id":"https:\/\/www.bzsolutions.ch\/fr\/produkt\/arm-curl\/#primaryimage"},"image":{"@id":"https:\/\/www.bzsolutions.ch\/fr\/produkt\/arm-curl\/#primaryimage"},"thumbnailUrl":"https:\/\/www.bzsolutions.ch\/wp-content\/uploads\/2024\/04\/Drax_Arm-Curl.png","datePublished":"2024-04-03T15:09:03+00:00","dateModified":"2024-04-03T15:09:03+00:00","breadcrumb":{"@id":"https:\/\/www.bzsolutions.ch\/fr\/produkt\/arm-curl\/#breadcrumb"},"inLanguage":"fr-FR","potentialAction":[{"@type":"ReadAction","target":["https:\/\/www.bzsolutions.ch\/fr\/produkt\/arm-curl\/"]}]},{"@type":"ImageObject","inLanguage":"fr-FR","@id":"https:\/\/www.bzsolutions.ch\/fr\/produkt\/arm-curl\/#primaryimage","url":"https:\/\/www.bzsolutions.ch\/wp-content\/uploads\/2024\/04\/Drax_Arm-Curl.png","contentUrl":"https:\/\/www.bzsolutions.ch\/wp-content\/uploads\/2024\/04\/Drax_Arm-Curl.png","width":1000,"height":1000},{"@type":"BreadcrumbList","@id":"https:\/\/www.bzsolutions.ch\/fr\/produkt\/arm-curl\/#breadcrumb","itemListElement":[{"@type":"ListItem","position":1,"name":"Startseite","item":"https:\/\/www.bzsolutions.ch\/fr\/"},{"@type":"ListItem","position":2,"name":"Shop","item":"https:\/\/www.bzsolutions.ch\/shop\/"},{"@type":"ListItem","position":3,"name":"ARM CURL"}]},{"@type":"WebSite","@id":"https:\/\/www.bzsolutions.ch\/fr\/#website","url":"https:\/\/www.bzsolutions.ch\/fr\/","name":"BZ Solutions","description":"Total Fitness Solutions","publisher":{"@id":"https:\/\/www.bzsolutions.ch\/fr\/#organization"},"potentialAction":[{"@type":"SearchAction","target":{"@type":"EntryPoint","urlTemplate":"https:\/\/www.bzsolutions.ch\/fr\/?s={search_term_string}"},"query-input":{"@type":"PropertyValueSpecification","valueRequired":true,"valueName":"search_term_string"}}],"inLanguage":"fr-FR"},{"@type":"Organization","@id":"https:\/\/www.bzsolutions.ch\/fr\/#organization","name":"BZ Solutions","url":"https:\/\/www.bzsolutions.ch\/fr\/","logo":{"@type":"ImageObject","inLanguage":"fr-FR","@id":"https:\/\/www.bzsolutions.ch\/fr\/#\/schema\/logo\/image\/","url":"https:\/\/www.bzsolutions.ch\/wp-content\/uploads\/2024\/03\/logo_bz-solutions.png","contentUrl":"https:\/\/www.bzsolutions.ch\/wp-content\/uploads\/2024\/03\/logo_bz-solutions.png","width":600,"height":136,"caption":"BZ Solutions"},"image":{"@id":"https:\/\/www.bzsolutions.ch\/fr\/#\/schema\/logo\/image\/"}}]}},"_links":{"self":[{"href":"https:\/\/www.bzsolutions.ch\/fr\/wp-json\/wp\/v2\/product\/48803","targetHints":{"allow":["GET"]}}],"collection":[{"href":"https:\/\/www.bzsolutions.ch\/fr\/wp-json\/wp\/v2\/product"}],"about":[{"href":"https:\/\/www.bzsolutions.ch\/fr\/wp-json\/wp\/v2\/types\/product"}],"wp:featuredmedia":[{"embeddable":true,"href":"https:\/\/www.bzsolutions.ch\/fr\/wp-json\/wp\/v2\/media\/47917"}],"wp:attachment":[{"href":"https:\/\/www.bzsolutions.ch\/fr\/wp-json\/wp\/v2\/media?parent=48803"}],"wp:term":[{"taxonomy":"product_brand","embeddable":true,"href":"https:\/\/www.bzsolutions.ch\/fr\/wp-json\/wp\/v2\/product_brand?post=48803"},{"taxonomy":"product_cat","embeddable":true,"href":"https:\/\/www.bzsolutions.ch\/fr\/wp-json\/wp\/v2\/product_cat?post=48803"},{"taxonomy":"product_tag","embeddable":true,"href":"https:\/\/www.bzsolutions.ch\/fr\/wp-json\/wp\/v2\/product_tag?post=48803"}],"curies":[{"name":"wp","href":"https:\/\/api.w.org\/{rel}","templated":true}]}}