{"id":48804,"date":"2024-03-15T07:28:30","date_gmt":"2024-03-15T06:28:30","guid":{"rendered":"https:\/\/www.bzsolutions.ch\/produkt\/tapis-de-course-incurve-draxfit\/"},"modified":"2024-03-15T07:28:30","modified_gmt":"2024-03-15T06:28:30","slug":"tapis-de-course-incurve-draxfit","status":"publish","type":"product","link":"https:\/\/www.bzsolutions.ch\/fr\/produkt\/tapis-de-course-incurve-draxfit\/","title":{"rendered":"Tapis de course incurv\u00e9 DRAXFIT"},"content":{"rendered":"<p><strong>01. DESIGN INCURV\u00c9<\/strong><br \/>\nConception incurv\u00e9e avec des rouleaux avant et arri\u00e8re plus hauts et un centre plus bas<br \/>\nposition le fait de telle sorte que lorsque l&#8217;utilisateur fait des pas plus grands la vitesse<br \/>\naugmente, avec des pas plus petits, la vitesse diminue, et si la<br \/>\nl&#8217;utilisateur est au centre, le tapis roulant ralentit jusqu&#8217;\u00e0 la but\u00e9e.<\/p>\n<p>&nbsp;<\/p>\n<p><strong>02. CONCEPTION DE LA BANDE \u00c0 LAMELLES<\/strong><br \/>\nContrairement \u00e0 un tapis roulant traditionnel, il utilise une chenille \u00e9paisse et solide<br \/>\ntype de lamelles. Il n&#8217;y a pas de marchepied sous la ceinture, donc pas de<br \/>\nne sont pas concern\u00e9s par un choc pour le corps humain lors de la course.<\/p>\n<p>&nbsp;<\/p>\n<p><strong>03. COURIR SUR LA NATURE<\/strong><br \/>\nLorsque l&#8217;utilisateur fait des pas sur la courbe, cela stimule le corps \u00e0 d\u00e9marrer<br \/>\nappliquer une pression sur le gros orteil pour reproduire la stimulation de la marche<br \/>\n\u00e0 l&#8217;ext\u00e9rieur. Plus de 20-30% d&#8217;efficacit\u00e9 suppl\u00e9mentaire garantie.<\/p>\n<p>&nbsp;<\/p>\n<p><strong>04. COMMUNICATION BLUETOOTH<\/strong><br \/>\nGr\u00e2ce \u00e0 la communication Bluetooth (BLE4.0) et \u00e0 la technologie DRAX<br \/>\nsmartphone APP, vous pouvez afficher toutes sortes d&#8217;informations d&#8217;entra\u00eenement<br \/>\nsur votre smartphone ou votre \u00e9cran LCD. Vous pouvez m\u00eame g\u00e9rer des exercices<br \/>\nd&#8217;informations avec la technologie IoT.<\/p>\n","protected":false},"excerpt":{"rendered":"<p>La nouvelle fa\u00e7on de courir de Drax vous aide \u00e0 br\u00fbler les graisses et les calories plus rapidement et plus efficacement que tout autre concept de fitness existant \u00e0 ce jour.<\/p>\n<p><iframe title=\"Lecteur vid\u00e9o YouTube\" src=\"https:\/\/www.youtube.com\/embed\/6bzNIkGiy-c?si=mGeKAuGkMViEQMI6\" width=\"560\" height=\"315\" frameborder=\"0\" allowfullscreen=\"allowfullscreen\"><\/iframe><\/p>\n","protected":false},"featured_media":47851,"template":"","meta":{"inline_featured_image":false},"product_brand":[],"product_cat":[806,805,804,996],"product_tag":[],"class_list":{"0":"post-48804","1":"product","2":"type-product","3":"status-publish","4":"has-post-thumbnail","6":"product_cat-appareils-dendurance","7":"product_cat-drax-fr","8":"product_cat-fournisseur","9":"product_cat-tapis-de-course","11":"first","12":"instock","13":"shipping-taxable","14":"product-type-simple"},"yoast_head":"<!-- This site is optimized with the Yoast SEO plugin v23.8 - https:\/\/yoast.com\/wordpress\/plugins\/seo\/ -->\n<title>Tapis de course incurv\u00e9 DRAXFIT - BZ Solutions<\/title>\n<meta name=\"robots\" content=\"index, follow, max-snippet:-1, max-image-preview:large, max-video-preview:-1\" \/>\n<link rel=\"canonical\" href=\"https:\/\/www.bzsolutions.ch\/fr\/produkt\/tapis-de-course-incurve-draxfit\/\" \/>\n<meta property=\"og:locale\" content=\"fr_FR\" \/>\n<meta property=\"og:type\" content=\"article\" \/>\n<meta property=\"og:title\" content=\"Tapis de course incurv\u00e9 DRAXFIT - BZ Solutions\" \/>\n<meta property=\"og:description\" content=\"La nouvelle fa\u00e7on de courir de Drax vous aide \u00e0 br\u00fbler les graisses et les calories plus rapidement et plus efficacement que tout autre concept de fitness existant \u00e0 ce jour.\" \/>\n<meta property=\"og:url\" content=\"https:\/\/www.bzsolutions.ch\/fr\/produkt\/tapis-de-course-incurve-draxfit\/\" \/>\n<meta property=\"og:site_name\" content=\"BZ Solutions\" \/>\n<meta property=\"og:image\" content=\"https:\/\/www.bzsolutions.ch\/wp-content\/uploads\/2024\/03\/draxfit-curved-treadmill.png\" \/>\n\t<meta property=\"og:image:width\" content=\"1000\" \/>\n\t<meta property=\"og:image:height\" content=\"1000\" \/>\n\t<meta property=\"og:image:type\" content=\"image\/png\" \/>\n<meta name=\"twitter:card\" content=\"summary_large_image\" \/>\n<meta name=\"twitter:label1\" content=\"Dur\u00e9e de lecture estim\u00e9e\" \/>\n\t<meta name=\"twitter:data1\" content=\"1 minute\" \/>\n<script type=\"application\/ld+json\" class=\"yoast-schema-graph\">{\"@context\":\"https:\/\/schema.org\",\"@graph\":[{\"@type\":\"WebPage\",\"@id\":\"https:\/\/www.bzsolutions.ch\/fr\/produkt\/tapis-de-course-incurve-draxfit\/\",\"url\":\"https:\/\/www.bzsolutions.ch\/fr\/produkt\/tapis-de-course-incurve-draxfit\/\",\"name\":\"Tapis de course incurv\u00e9 DRAXFIT - BZ Solutions\",\"isPartOf\":{\"@id\":\"https:\/\/www.bzsolutions.ch\/fr\/#website\"},\"primaryImageOfPage\":{\"@id\":\"https:\/\/www.bzsolutions.ch\/fr\/produkt\/tapis-de-course-incurve-draxfit\/#primaryimage\"},\"image\":{\"@id\":\"https:\/\/www.bzsolutions.ch\/fr\/produkt\/tapis-de-course-incurve-draxfit\/#primaryimage\"},\"thumbnailUrl\":\"https:\/\/www.bzsolutions.ch\/wp-content\/uploads\/2024\/03\/draxfit-curved-treadmill.png\",\"datePublished\":\"2024-03-15T06:28:30+00:00\",\"dateModified\":\"2024-03-15T06:28:30+00:00\",\"breadcrumb\":{\"@id\":\"https:\/\/www.bzsolutions.ch\/fr\/produkt\/tapis-de-course-incurve-draxfit\/#breadcrumb\"},\"inLanguage\":\"fr-FR\",\"potentialAction\":[{\"@type\":\"ReadAction\",\"target\":[\"https:\/\/www.bzsolutions.ch\/fr\/produkt\/tapis-de-course-incurve-draxfit\/\"]}]},{\"@type\":\"ImageObject\",\"inLanguage\":\"fr-FR\",\"@id\":\"https:\/\/www.bzsolutions.ch\/fr\/produkt\/tapis-de-course-incurve-draxfit\/#primaryimage\",\"url\":\"https:\/\/www.bzsolutions.ch\/wp-content\/uploads\/2024\/03\/draxfit-curved-treadmill.png\",\"contentUrl\":\"https:\/\/www.bzsolutions.ch\/wp-content\/uploads\/2024\/03\/draxfit-curved-treadmill.png\",\"width\":1000,\"height\":1000},{\"@type\":\"BreadcrumbList\",\"@id\":\"https:\/\/www.bzsolutions.ch\/fr\/produkt\/tapis-de-course-incurve-draxfit\/#breadcrumb\",\"itemListElement\":[{\"@type\":\"ListItem\",\"position\":1,\"name\":\"Startseite\",\"item\":\"https:\/\/www.bzsolutions.ch\/fr\/\"},{\"@type\":\"ListItem\",\"position\":2,\"name\":\"Shop\",\"item\":\"https:\/\/www.bzsolutions.ch\/shop\/\"},{\"@type\":\"ListItem\",\"position\":3,\"name\":\"Tapis de course incurv\u00e9 DRAXFIT\"}]},{\"@type\":\"WebSite\",\"@id\":\"https:\/\/www.bzsolutions.ch\/fr\/#website\",\"url\":\"https:\/\/www.bzsolutions.ch\/fr\/\",\"name\":\"BZ Solutions\",\"description\":\"Total Fitness Solutions\",\"publisher\":{\"@id\":\"https:\/\/www.bzsolutions.ch\/fr\/#organization\"},\"potentialAction\":[{\"@type\":\"SearchAction\",\"target\":{\"@type\":\"EntryPoint\",\"urlTemplate\":\"https:\/\/www.bzsolutions.ch\/fr\/?s={search_term_string}\"},\"query-input\":{\"@type\":\"PropertyValueSpecification\",\"valueRequired\":true,\"valueName\":\"search_term_string\"}}],\"inLanguage\":\"fr-FR\"},{\"@type\":\"Organization\",\"@id\":\"https:\/\/www.bzsolutions.ch\/fr\/#organization\",\"name\":\"BZ Solutions\",\"url\":\"https:\/\/www.bzsolutions.ch\/fr\/\",\"logo\":{\"@type\":\"ImageObject\",\"inLanguage\":\"fr-FR\",\"@id\":\"https:\/\/www.bzsolutions.ch\/fr\/#\/schema\/logo\/image\/\",\"url\":\"https:\/\/www.bzsolutions.ch\/wp-content\/uploads\/2024\/03\/logo_bz-solutions.png\",\"contentUrl\":\"https:\/\/www.bzsolutions.ch\/wp-content\/uploads\/2024\/03\/logo_bz-solutions.png\",\"width\":600,\"height\":136,\"caption\":\"BZ Solutions\"},\"image\":{\"@id\":\"https:\/\/www.bzsolutions.ch\/fr\/#\/schema\/logo\/image\/\"}}]}<\/script>\n<!-- \/ Yoast SEO plugin. -->","yoast_head_json":{"title":"Tapis de course incurv\u00e9 DRAXFIT - BZ Solutions","robots":{"index":"index","follow":"follow","max-snippet":"max-snippet:-1","max-image-preview":"max-image-preview:large","max-video-preview":"max-video-preview:-1"},"canonical":"https:\/\/www.bzsolutions.ch\/fr\/produkt\/tapis-de-course-incurve-draxfit\/","og_locale":"fr_FR","og_type":"article","og_title":"Tapis de course incurv\u00e9 DRAXFIT - BZ Solutions","og_description":"La nouvelle fa\u00e7on de courir de Drax vous aide \u00e0 br\u00fbler les graisses et les calories plus rapidement et plus efficacement que tout autre concept de fitness existant \u00e0 ce jour.","og_url":"https:\/\/www.bzsolutions.ch\/fr\/produkt\/tapis-de-course-incurve-draxfit\/","og_site_name":"BZ Solutions","og_image":[{"width":1000,"height":1000,"url":"https:\/\/www.bzsolutions.ch\/wp-content\/uploads\/2024\/03\/draxfit-curved-treadmill.png","type":"image\/png"}],"twitter_card":"summary_large_image","twitter_misc":{"Dur\u00e9e de lecture estim\u00e9e":"1 minute"},"schema":{"@context":"https:\/\/schema.org","@graph":[{"@type":"WebPage","@id":"https:\/\/www.bzsolutions.ch\/fr\/produkt\/tapis-de-course-incurve-draxfit\/","url":"https:\/\/www.bzsolutions.ch\/fr\/produkt\/tapis-de-course-incurve-draxfit\/","name":"Tapis de course incurv\u00e9 DRAXFIT - BZ Solutions","isPartOf":{"@id":"https:\/\/www.bzsolutions.ch\/fr\/#website"},"primaryImageOfPage":{"@id":"https:\/\/www.bzsolutions.ch\/fr\/produkt\/tapis-de-course-incurve-draxfit\/#primaryimage"},"image":{"@id":"https:\/\/www.bzsolutions.ch\/fr\/produkt\/tapis-de-course-incurve-draxfit\/#primaryimage"},"thumbnailUrl":"https:\/\/www.bzsolutions.ch\/wp-content\/uploads\/2024\/03\/draxfit-curved-treadmill.png","datePublished":"2024-03-15T06:28:30+00:00","dateModified":"2024-03-15T06:28:30+00:00","breadcrumb":{"@id":"https:\/\/www.bzsolutions.ch\/fr\/produkt\/tapis-de-course-incurve-draxfit\/#breadcrumb"},"inLanguage":"fr-FR","potentialAction":[{"@type":"ReadAction","target":["https:\/\/www.bzsolutions.ch\/fr\/produkt\/tapis-de-course-incurve-draxfit\/"]}]},{"@type":"ImageObject","inLanguage":"fr-FR","@id":"https:\/\/www.bzsolutions.ch\/fr\/produkt\/tapis-de-course-incurve-draxfit\/#primaryimage","url":"https:\/\/www.bzsolutions.ch\/wp-content\/uploads\/2024\/03\/draxfit-curved-treadmill.png","contentUrl":"https:\/\/www.bzsolutions.ch\/wp-content\/uploads\/2024\/03\/draxfit-curved-treadmill.png","width":1000,"height":1000},{"@type":"BreadcrumbList","@id":"https:\/\/www.bzsolutions.ch\/fr\/produkt\/tapis-de-course-incurve-draxfit\/#breadcrumb","itemListElement":[{"@type":"ListItem","position":1,"name":"Startseite","item":"https:\/\/www.bzsolutions.ch\/fr\/"},{"@type":"ListItem","position":2,"name":"Shop","item":"https:\/\/www.bzsolutions.ch\/shop\/"},{"@type":"ListItem","position":3,"name":"Tapis de course incurv\u00e9 DRAXFIT"}]},{"@type":"WebSite","@id":"https:\/\/www.bzsolutions.ch\/fr\/#website","url":"https:\/\/www.bzsolutions.ch\/fr\/","name":"BZ Solutions","description":"Total Fitness Solutions","publisher":{"@id":"https:\/\/www.bzsolutions.ch\/fr\/#organization"},"potentialAction":[{"@type":"SearchAction","target":{"@type":"EntryPoint","urlTemplate":"https:\/\/www.bzsolutions.ch\/fr\/?s={search_term_string}"},"query-input":{"@type":"PropertyValueSpecification","valueRequired":true,"valueName":"search_term_string"}}],"inLanguage":"fr-FR"},{"@type":"Organization","@id":"https:\/\/www.bzsolutions.ch\/fr\/#organization","name":"BZ Solutions","url":"https:\/\/www.bzsolutions.ch\/fr\/","logo":{"@type":"ImageObject","inLanguage":"fr-FR","@id":"https:\/\/www.bzsolutions.ch\/fr\/#\/schema\/logo\/image\/","url":"https:\/\/www.bzsolutions.ch\/wp-content\/uploads\/2024\/03\/logo_bz-solutions.png","contentUrl":"https:\/\/www.bzsolutions.ch\/wp-content\/uploads\/2024\/03\/logo_bz-solutions.png","width":600,"height":136,"caption":"BZ Solutions"},"image":{"@id":"https:\/\/www.bzsolutions.ch\/fr\/#\/schema\/logo\/image\/"}}]}},"_links":{"self":[{"href":"https:\/\/www.bzsolutions.ch\/fr\/wp-json\/wp\/v2\/product\/48804","targetHints":{"allow":["GET"]}}],"collection":[{"href":"https:\/\/www.bzsolutions.ch\/fr\/wp-json\/wp\/v2\/product"}],"about":[{"href":"https:\/\/www.bzsolutions.ch\/fr\/wp-json\/wp\/v2\/types\/product"}],"wp:featuredmedia":[{"embeddable":true,"href":"https:\/\/www.bzsolutions.ch\/fr\/wp-json\/wp\/v2\/media\/47851"}],"wp:attachment":[{"href":"https:\/\/www.bzsolutions.ch\/fr\/wp-json\/wp\/v2\/media?parent=48804"}],"wp:term":[{"taxonomy":"product_brand","embeddable":true,"href":"https:\/\/www.bzsolutions.ch\/fr\/wp-json\/wp\/v2\/product_brand?post=48804"},{"taxonomy":"product_cat","embeddable":true,"href":"https:\/\/www.bzsolutions.ch\/fr\/wp-json\/wp\/v2\/product_cat?post=48804"},{"taxonomy":"product_tag","embeddable":true,"href":"https:\/\/www.bzsolutions.ch\/fr\/wp-json\/wp\/v2\/product_tag?post=48804"}],"curies":[{"name":"wp","href":"https:\/\/api.w.org\/{rel}","templated":true}]}}