{"id":48806,"date":"2024-04-03T17:09:03","date_gmt":"2024-04-03T15:09:03","guid":{"rendered":"https:\/\/www.bzsolutions.ch\/produkt\/crunch-abdominal\/"},"modified":"2024-04-03T17:09:03","modified_gmt":"2024-04-03T15:09:03","slug":"crunch-abdominal","status":"publish","type":"product","link":"https:\/\/www.bzsolutions.ch\/fr\/produkt\/crunch-abdominal\/","title":{"rendered":"CRUNCH ABDOMINAL"},"content":{"rendered":"<p>01. GUIDAGE PR\u00c9CIS DU MOUVEMENT :<br \/>\nGr\u00e2ce \u00e0 l&#8217;axe Varis, le TWMA 201 Abdominal Crunch guide vos mouvements de mani\u00e8re pr\u00e9cise et efficace. Un syst\u00e8me de contrepoids sophistiqu\u00e9 r\u00e9duit la r\u00e9sistance initiale, ce qui vous permet de d\u00e9marrer en douceur et d&#8217;augmenter progressivement votre niveau.<\/p>\n<p>02. CONSTRUCTION ET CONCEPTION ROBUSTES :<br \/>\nFabriqu\u00e9 \u00e0 partir d&#8217;un tube d&#8217;acier \u00e9pais d\u00e9coup\u00e9 au plasma, cet appareil garantit non seulement une excellente durabilit\u00e9, mais se distingue \u00e9galement par son design avec une surface brillante \u00e0 double rev\u00eatement.<\/p>\n<p>03. CONFORT ET ADAPTABILIT\u00c9 :<br \/>\nUn si\u00e8ge facilement r\u00e9glable avec m\u00e9canisme de verrouillage et un rev\u00eatement en similicuir r\u00e9sistant offrent un confort maximal pendant votre entra\u00eenement.<\/p>\n<p>04. ERGONOMIE ET EFFICACIT\u00c9 :<br \/>\nLa conception ergonomique garantit que chaque s\u00e9ance d&#8217;entra\u00eenement est non seulement efficace, mais aussi extr\u00eamement confortable, ce qui porte votre exp\u00e9rience d&#8217;entra\u00eenement \u00e0 un niveau sup\u00e9rieur.<\/p>\n","protected":false},"excerpt":{"rendered":"<p>L&#8217;Abdominal Crunch r\u00e9volutionne l&#8217;entra\u00eenement abdominal : moins de r\u00e9sistance au d\u00e9part, des exercices plus efficaces gr\u00e2ce \u00e0 l&#8217;axe Varis et un design qui promet la long\u00e9vit\u00e9. Faites l&#8217;exp\u00e9rience du confort et du style \u00e0 un niveau sup\u00e9rieur.<\/p>\n","protected":false},"featured_media":47915,"template":"","meta":{"inline_featured_image":false},"product_brand":[],"product_cat":[814,998,805,804],"product_tag":[821,808],"class_list":{"0":"post-48806","1":"product","2":"type-product","3":"status-publish","4":"has-post-thumbnail","6":"product_cat-appareils-de-musculation","7":"product_cat-appareils-pour-abdominaux","8":"product_cat-drax-fr","9":"product_cat-fournisseur","10":"product_tag-appareils-pour-abdominaux","11":"product_tag-drax-fr","12":"pa_breite-922-mm-fr","13":"pa_gewicht-190-kg-fr","14":"pa_hoehe-1524-mm-fr","15":"pa_laenge-1565-mm-fr","16":"pa_widerstand-75-kg-fr","18":"first","19":"instock","20":"product-type-simple"},"yoast_head":"<!-- This site is optimized with the Yoast SEO plugin v23.8 - https:\/\/yoast.com\/wordpress\/plugins\/seo\/ -->\n<title>CRUNCH ABDOMINAL - BZ Solutions<\/title>\n<meta name=\"robots\" content=\"index, follow, max-snippet:-1, max-image-preview:large, max-video-preview:-1\" \/>\n<link rel=\"canonical\" href=\"https:\/\/www.bzsolutions.ch\/fr\/produkt\/crunch-abdominal\/\" \/>\n<meta property=\"og:locale\" content=\"fr_FR\" \/>\n<meta property=\"og:type\" content=\"article\" \/>\n<meta property=\"og:title\" content=\"CRUNCH ABDOMINAL - BZ Solutions\" \/>\n<meta property=\"og:description\" content=\"L&#039;Abdominal Crunch r\u00e9volutionne l&#039;entra\u00eenement abdominal : moins de r\u00e9sistance au d\u00e9part, des exercices plus efficaces gr\u00e2ce \u00e0 l&#039;axe Varis et un design qui promet la long\u00e9vit\u00e9. Faites l&#039;exp\u00e9rience du confort et du style \u00e0 un niveau sup\u00e9rieur.\" \/>\n<meta property=\"og:url\" content=\"https:\/\/www.bzsolutions.ch\/fr\/produkt\/crunch-abdominal\/\" \/>\n<meta property=\"og:site_name\" content=\"BZ Solutions\" \/>\n<meta property=\"og:image\" content=\"https:\/\/www.bzsolutions.ch\/wp-content\/uploads\/2024\/04\/Drax_Abdominal_Crunch.png\" \/>\n\t<meta property=\"og:image:width\" content=\"1000\" \/>\n\t<meta property=\"og:image:height\" content=\"1000\" \/>\n\t<meta property=\"og:image:type\" content=\"image\/png\" \/>\n<meta name=\"twitter:card\" content=\"summary_large_image\" \/>\n<meta name=\"twitter:label1\" content=\"Dur\u00e9e de lecture estim\u00e9e\" \/>\n\t<meta name=\"twitter:data1\" content=\"1 minute\" \/>\n<script type=\"application\/ld+json\" class=\"yoast-schema-graph\">{\"@context\":\"https:\/\/schema.org\",\"@graph\":[{\"@type\":\"WebPage\",\"@id\":\"https:\/\/www.bzsolutions.ch\/fr\/produkt\/crunch-abdominal\/\",\"url\":\"https:\/\/www.bzsolutions.ch\/fr\/produkt\/crunch-abdominal\/\",\"name\":\"CRUNCH ABDOMINAL - BZ Solutions\",\"isPartOf\":{\"@id\":\"https:\/\/www.bzsolutions.ch\/fr\/#website\"},\"primaryImageOfPage\":{\"@id\":\"https:\/\/www.bzsolutions.ch\/fr\/produkt\/crunch-abdominal\/#primaryimage\"},\"image\":{\"@id\":\"https:\/\/www.bzsolutions.ch\/fr\/produkt\/crunch-abdominal\/#primaryimage\"},\"thumbnailUrl\":\"https:\/\/www.bzsolutions.ch\/wp-content\/uploads\/2024\/04\/Drax_Abdominal_Crunch.png\",\"datePublished\":\"2024-04-03T15:09:03+00:00\",\"dateModified\":\"2024-04-03T15:09:03+00:00\",\"breadcrumb\":{\"@id\":\"https:\/\/www.bzsolutions.ch\/fr\/produkt\/crunch-abdominal\/#breadcrumb\"},\"inLanguage\":\"fr-FR\",\"potentialAction\":[{\"@type\":\"ReadAction\",\"target\":[\"https:\/\/www.bzsolutions.ch\/fr\/produkt\/crunch-abdominal\/\"]}]},{\"@type\":\"ImageObject\",\"inLanguage\":\"fr-FR\",\"@id\":\"https:\/\/www.bzsolutions.ch\/fr\/produkt\/crunch-abdominal\/#primaryimage\",\"url\":\"https:\/\/www.bzsolutions.ch\/wp-content\/uploads\/2024\/04\/Drax_Abdominal_Crunch.png\",\"contentUrl\":\"https:\/\/www.bzsolutions.ch\/wp-content\/uploads\/2024\/04\/Drax_Abdominal_Crunch.png\",\"width\":1000,\"height\":1000},{\"@type\":\"BreadcrumbList\",\"@id\":\"https:\/\/www.bzsolutions.ch\/fr\/produkt\/crunch-abdominal\/#breadcrumb\",\"itemListElement\":[{\"@type\":\"ListItem\",\"position\":1,\"name\":\"Startseite\",\"item\":\"https:\/\/www.bzsolutions.ch\/fr\/\"},{\"@type\":\"ListItem\",\"position\":2,\"name\":\"Shop\",\"item\":\"https:\/\/www.bzsolutions.ch\/shop\/\"},{\"@type\":\"ListItem\",\"position\":3,\"name\":\"CRUNCH ABDOMINAL\"}]},{\"@type\":\"WebSite\",\"@id\":\"https:\/\/www.bzsolutions.ch\/fr\/#website\",\"url\":\"https:\/\/www.bzsolutions.ch\/fr\/\",\"name\":\"BZ Solutions\",\"description\":\"Total Fitness Solutions\",\"publisher\":{\"@id\":\"https:\/\/www.bzsolutions.ch\/fr\/#organization\"},\"potentialAction\":[{\"@type\":\"SearchAction\",\"target\":{\"@type\":\"EntryPoint\",\"urlTemplate\":\"https:\/\/www.bzsolutions.ch\/fr\/?s={search_term_string}\"},\"query-input\":{\"@type\":\"PropertyValueSpecification\",\"valueRequired\":true,\"valueName\":\"search_term_string\"}}],\"inLanguage\":\"fr-FR\"},{\"@type\":\"Organization\",\"@id\":\"https:\/\/www.bzsolutions.ch\/fr\/#organization\",\"name\":\"BZ Solutions\",\"url\":\"https:\/\/www.bzsolutions.ch\/fr\/\",\"logo\":{\"@type\":\"ImageObject\",\"inLanguage\":\"fr-FR\",\"@id\":\"https:\/\/www.bzsolutions.ch\/fr\/#\/schema\/logo\/image\/\",\"url\":\"https:\/\/www.bzsolutions.ch\/wp-content\/uploads\/2024\/03\/logo_bz-solutions.png\",\"contentUrl\":\"https:\/\/www.bzsolutions.ch\/wp-content\/uploads\/2024\/03\/logo_bz-solutions.png\",\"width\":600,\"height\":136,\"caption\":\"BZ Solutions\"},\"image\":{\"@id\":\"https:\/\/www.bzsolutions.ch\/fr\/#\/schema\/logo\/image\/\"}}]}<\/script>\n<!-- \/ Yoast SEO plugin. -->","yoast_head_json":{"title":"CRUNCH ABDOMINAL - BZ Solutions","robots":{"index":"index","follow":"follow","max-snippet":"max-snippet:-1","max-image-preview":"max-image-preview:large","max-video-preview":"max-video-preview:-1"},"canonical":"https:\/\/www.bzsolutions.ch\/fr\/produkt\/crunch-abdominal\/","og_locale":"fr_FR","og_type":"article","og_title":"CRUNCH ABDOMINAL - BZ Solutions","og_description":"L'Abdominal Crunch r\u00e9volutionne l'entra\u00eenement abdominal : moins de r\u00e9sistance au d\u00e9part, des exercices plus efficaces gr\u00e2ce \u00e0 l'axe Varis et un design qui promet la long\u00e9vit\u00e9. Faites l'exp\u00e9rience du confort et du style \u00e0 un niveau sup\u00e9rieur.","og_url":"https:\/\/www.bzsolutions.ch\/fr\/produkt\/crunch-abdominal\/","og_site_name":"BZ Solutions","og_image":[{"width":1000,"height":1000,"url":"https:\/\/www.bzsolutions.ch\/wp-content\/uploads\/2024\/04\/Drax_Abdominal_Crunch.png","type":"image\/png"}],"twitter_card":"summary_large_image","twitter_misc":{"Dur\u00e9e de lecture estim\u00e9e":"1 minute"},"schema":{"@context":"https:\/\/schema.org","@graph":[{"@type":"WebPage","@id":"https:\/\/www.bzsolutions.ch\/fr\/produkt\/crunch-abdominal\/","url":"https:\/\/www.bzsolutions.ch\/fr\/produkt\/crunch-abdominal\/","name":"CRUNCH ABDOMINAL - BZ Solutions","isPartOf":{"@id":"https:\/\/www.bzsolutions.ch\/fr\/#website"},"primaryImageOfPage":{"@id":"https:\/\/www.bzsolutions.ch\/fr\/produkt\/crunch-abdominal\/#primaryimage"},"image":{"@id":"https:\/\/www.bzsolutions.ch\/fr\/produkt\/crunch-abdominal\/#primaryimage"},"thumbnailUrl":"https:\/\/www.bzsolutions.ch\/wp-content\/uploads\/2024\/04\/Drax_Abdominal_Crunch.png","datePublished":"2024-04-03T15:09:03+00:00","dateModified":"2024-04-03T15:09:03+00:00","breadcrumb":{"@id":"https:\/\/www.bzsolutions.ch\/fr\/produkt\/crunch-abdominal\/#breadcrumb"},"inLanguage":"fr-FR","potentialAction":[{"@type":"ReadAction","target":["https:\/\/www.bzsolutions.ch\/fr\/produkt\/crunch-abdominal\/"]}]},{"@type":"ImageObject","inLanguage":"fr-FR","@id":"https:\/\/www.bzsolutions.ch\/fr\/produkt\/crunch-abdominal\/#primaryimage","url":"https:\/\/www.bzsolutions.ch\/wp-content\/uploads\/2024\/04\/Drax_Abdominal_Crunch.png","contentUrl":"https:\/\/www.bzsolutions.ch\/wp-content\/uploads\/2024\/04\/Drax_Abdominal_Crunch.png","width":1000,"height":1000},{"@type":"BreadcrumbList","@id":"https:\/\/www.bzsolutions.ch\/fr\/produkt\/crunch-abdominal\/#breadcrumb","itemListElement":[{"@type":"ListItem","position":1,"name":"Startseite","item":"https:\/\/www.bzsolutions.ch\/fr\/"},{"@type":"ListItem","position":2,"name":"Shop","item":"https:\/\/www.bzsolutions.ch\/shop\/"},{"@type":"ListItem","position":3,"name":"CRUNCH ABDOMINAL"}]},{"@type":"WebSite","@id":"https:\/\/www.bzsolutions.ch\/fr\/#website","url":"https:\/\/www.bzsolutions.ch\/fr\/","name":"BZ Solutions","description":"Total Fitness Solutions","publisher":{"@id":"https:\/\/www.bzsolutions.ch\/fr\/#organization"},"potentialAction":[{"@type":"SearchAction","target":{"@type":"EntryPoint","urlTemplate":"https:\/\/www.bzsolutions.ch\/fr\/?s={search_term_string}"},"query-input":{"@type":"PropertyValueSpecification","valueRequired":true,"valueName":"search_term_string"}}],"inLanguage":"fr-FR"},{"@type":"Organization","@id":"https:\/\/www.bzsolutions.ch\/fr\/#organization","name":"BZ Solutions","url":"https:\/\/www.bzsolutions.ch\/fr\/","logo":{"@type":"ImageObject","inLanguage":"fr-FR","@id":"https:\/\/www.bzsolutions.ch\/fr\/#\/schema\/logo\/image\/","url":"https:\/\/www.bzsolutions.ch\/wp-content\/uploads\/2024\/03\/logo_bz-solutions.png","contentUrl":"https:\/\/www.bzsolutions.ch\/wp-content\/uploads\/2024\/03\/logo_bz-solutions.png","width":600,"height":136,"caption":"BZ Solutions"},"image":{"@id":"https:\/\/www.bzsolutions.ch\/fr\/#\/schema\/logo\/image\/"}}]}},"_links":{"self":[{"href":"https:\/\/www.bzsolutions.ch\/fr\/wp-json\/wp\/v2\/product\/48806","targetHints":{"allow":["GET"]}}],"collection":[{"href":"https:\/\/www.bzsolutions.ch\/fr\/wp-json\/wp\/v2\/product"}],"about":[{"href":"https:\/\/www.bzsolutions.ch\/fr\/wp-json\/wp\/v2\/types\/product"}],"wp:featuredmedia":[{"embeddable":true,"href":"https:\/\/www.bzsolutions.ch\/fr\/wp-json\/wp\/v2\/media\/47915"}],"wp:attachment":[{"href":"https:\/\/www.bzsolutions.ch\/fr\/wp-json\/wp\/v2\/media?parent=48806"}],"wp:term":[{"taxonomy":"product_brand","embeddable":true,"href":"https:\/\/www.bzsolutions.ch\/fr\/wp-json\/wp\/v2\/product_brand?post=48806"},{"taxonomy":"product_cat","embeddable":true,"href":"https:\/\/www.bzsolutions.ch\/fr\/wp-json\/wp\/v2\/product_cat?post=48806"},{"taxonomy":"product_tag","embeddable":true,"href":"https:\/\/www.bzsolutions.ch\/fr\/wp-json\/wp\/v2\/product_tag?post=48806"}],"curies":[{"name":"wp","href":"https:\/\/api.w.org\/{rel}","templated":true}]}}