{"id":48809,"date":"2024-04-03T17:34:52","date_gmt":"2024-04-03T15:34:52","guid":{"rendered":"https:\/\/www.bzsolutions.ch\/produkt\/elliptique-de6x\/"},"modified":"2024-04-03T17:34:52","modified_gmt":"2024-04-03T15:34:52","slug":"elliptique-de6x","status":"publish","type":"product","link":"https:\/\/www.bzsolutions.ch\/fr\/produkt\/elliptique-de6x\/","title":{"rendered":"ELLIPTIQUE DE6X"},"content":{"rendered":"<p>01. TECHNOLOGIE INNOVANTE POUR VOTRE ENTRA\u00ceNEMENT : Le Smart Device Mirroring, vous permet de refl\u00e9ter votre appareil intelligent directement sur le grand \u00e9cran de 15,6 pouces. Vous pouvez ainsi acc\u00e9der \u00e0 vos applications, donn\u00e9es d&#8217;entra\u00eenement et divertissements pr\u00e9f\u00e9r\u00e9s pendant votre entra\u00eenement.<\/p>\n<p>ACCESSIBILIT\u00c9 ET CONFORT : Une faible hauteur d&#8217;acc\u00e8s garantit une accessibilit\u00e9 facile pour tous les pratiquants. De grands repose-pieds \u00e9troitement espac\u00e9s garantissent une sensation d&#8217;entra\u00eenement naturelle et confortable. \u00c9quip\u00e9 de bras mobiles et de barres fixes, il permet de travailler l&#8217;ensemble du corps ainsi que le bas du corps sp\u00e9cifique, en fonction de vos besoins et de vos objectifs.<\/p>\n<p>03. D\u00c9TAILS FINIS POUR UNE FONCTIONNALIT\u00c9 MAXIMALE : En plus de sa construction robuste, le DE6X offre des fonctionnalit\u00e9s pratiques telles qu&#8217;une \u00e9tag\u00e8re \u00e0 accessoires et un porte-bouteille pour garder tout ce dont vous avez besoin \u00e0 port\u00e9e de main. Les roues de transport facilitent \u00e9galement la mobilit\u00e9 et l&#8217;adaptabilit\u00e9 de l&#8217;appareil dans votre zone d&#8217;entra\u00eenement.<\/p>\n","protected":false},"excerpt":{"rendered":"<p>D\u00e9couvrez une toute nouvelle dimension de l&#8217;entra\u00eenement avec le DE6X, l&#8217;appareil de fitness ultime qui allie technologie et confort au plus haut niveau.<\/p>\n","protected":false},"featured_media":47969,"template":"","meta":{"inline_featured_image":false},"product_brand":[],"product_cat":[806,805,804,807],"product_tag":[808,809],"class_list":{"0":"post-48809","1":"product","2":"type-product","3":"status-publish","4":"has-post-thumbnail","6":"product_cat-appareils-dendurance","7":"product_cat-drax-fr","8":"product_cat-fournisseur","9":"product_cat-velo-elliptique","10":"product_tag-drax-fr","11":"product_tag-velo-elliptique","12":"pa_antriebssystem-systeme-de-generateur-hybride-fr","13":"pa_breite-610-mm-fr","14":"pa_display-ecran-lcd-de-156-pouces","15":"pa_gewicht-120-kg-fr","16":"pa_herzfrequenz-frequence-cardiaque-sans-fil-compatible-avec-polar-capteur-manuel-contacts-de-frequence-cardiaque","17":"pa_hoehe-1730-mm-fr","18":"pa_konsoledisplay-temps-distance-calories-frequence-cardiaque-fr","19":"pa_laenge-2120-mm-fr","20":"pa_max-belastung-180-kg-fr","21":"pa_schrittlaenge-510-mm-fr","22":"pa_stromversorgung-220v-50-60hz-ecran-lcd","23":"pa_traningslevel-25-niveaux-de-formation","25":"first","26":"instock","27":"product-type-simple"},"yoast_head":"<!-- This site is optimized with the Yoast SEO plugin v23.8 - https:\/\/yoast.com\/wordpress\/plugins\/seo\/ -->\n<title>ELLIPTIQUE DE6X - BZ Solutions<\/title>\n<meta name=\"robots\" content=\"index, follow, max-snippet:-1, max-image-preview:large, max-video-preview:-1\" \/>\n<link rel=\"canonical\" href=\"https:\/\/www.bzsolutions.ch\/fr\/produkt\/elliptique-de6x\/\" \/>\n<meta property=\"og:locale\" content=\"fr_FR\" \/>\n<meta property=\"og:type\" content=\"article\" \/>\n<meta property=\"og:title\" content=\"ELLIPTIQUE DE6X - BZ Solutions\" \/>\n<meta property=\"og:description\" content=\"D\u00e9couvrez une toute nouvelle dimension de l&#039;entra\u00eenement avec le DE6X, l&#039;appareil de fitness ultime qui allie technologie et confort au plus haut niveau.\" \/>\n<meta property=\"og:url\" content=\"https:\/\/www.bzsolutions.ch\/fr\/produkt\/elliptique-de6x\/\" \/>\n<meta property=\"og:site_name\" content=\"BZ Solutions\" \/>\n<meta property=\"og:image\" content=\"https:\/\/www.bzsolutions.ch\/wp-content\/uploads\/2024\/04\/Drax_DE6XA.png\" \/>\n\t<meta property=\"og:image:width\" content=\"1000\" \/>\n\t<meta property=\"og:image:height\" content=\"1000\" \/>\n\t<meta property=\"og:image:type\" content=\"image\/png\" \/>\n<meta name=\"twitter:card\" content=\"summary_large_image\" \/>\n<meta name=\"twitter:label1\" content=\"Dur\u00e9e de lecture estim\u00e9e\" \/>\n\t<meta name=\"twitter:data1\" content=\"1 minute\" \/>\n<script type=\"application\/ld+json\" class=\"yoast-schema-graph\">{\"@context\":\"https:\/\/schema.org\",\"@graph\":[{\"@type\":\"WebPage\",\"@id\":\"https:\/\/www.bzsolutions.ch\/fr\/produkt\/elliptique-de6x\/\",\"url\":\"https:\/\/www.bzsolutions.ch\/fr\/produkt\/elliptique-de6x\/\",\"name\":\"ELLIPTIQUE DE6X - BZ Solutions\",\"isPartOf\":{\"@id\":\"https:\/\/www.bzsolutions.ch\/fr\/#website\"},\"primaryImageOfPage\":{\"@id\":\"https:\/\/www.bzsolutions.ch\/fr\/produkt\/elliptique-de6x\/#primaryimage\"},\"image\":{\"@id\":\"https:\/\/www.bzsolutions.ch\/fr\/produkt\/elliptique-de6x\/#primaryimage\"},\"thumbnailUrl\":\"https:\/\/www.bzsolutions.ch\/wp-content\/uploads\/2024\/04\/Drax_DE6XA.png\",\"datePublished\":\"2024-04-03T15:34:52+00:00\",\"dateModified\":\"2024-04-03T15:34:52+00:00\",\"breadcrumb\":{\"@id\":\"https:\/\/www.bzsolutions.ch\/fr\/produkt\/elliptique-de6x\/#breadcrumb\"},\"inLanguage\":\"fr-FR\",\"potentialAction\":[{\"@type\":\"ReadAction\",\"target\":[\"https:\/\/www.bzsolutions.ch\/fr\/produkt\/elliptique-de6x\/\"]}]},{\"@type\":\"ImageObject\",\"inLanguage\":\"fr-FR\",\"@id\":\"https:\/\/www.bzsolutions.ch\/fr\/produkt\/elliptique-de6x\/#primaryimage\",\"url\":\"https:\/\/www.bzsolutions.ch\/wp-content\/uploads\/2024\/04\/Drax_DE6XA.png\",\"contentUrl\":\"https:\/\/www.bzsolutions.ch\/wp-content\/uploads\/2024\/04\/Drax_DE6XA.png\",\"width\":1000,\"height\":1000},{\"@type\":\"BreadcrumbList\",\"@id\":\"https:\/\/www.bzsolutions.ch\/fr\/produkt\/elliptique-de6x\/#breadcrumb\",\"itemListElement\":[{\"@type\":\"ListItem\",\"position\":1,\"name\":\"Startseite\",\"item\":\"https:\/\/www.bzsolutions.ch\/fr\/\"},{\"@type\":\"ListItem\",\"position\":2,\"name\":\"Shop\",\"item\":\"https:\/\/www.bzsolutions.ch\/shop\/\"},{\"@type\":\"ListItem\",\"position\":3,\"name\":\"ELLIPTIQUE DE6X\"}]},{\"@type\":\"WebSite\",\"@id\":\"https:\/\/www.bzsolutions.ch\/fr\/#website\",\"url\":\"https:\/\/www.bzsolutions.ch\/fr\/\",\"name\":\"BZ Solutions\",\"description\":\"Total Fitness Solutions\",\"publisher\":{\"@id\":\"https:\/\/www.bzsolutions.ch\/fr\/#organization\"},\"potentialAction\":[{\"@type\":\"SearchAction\",\"target\":{\"@type\":\"EntryPoint\",\"urlTemplate\":\"https:\/\/www.bzsolutions.ch\/fr\/?s={search_term_string}\"},\"query-input\":{\"@type\":\"PropertyValueSpecification\",\"valueRequired\":true,\"valueName\":\"search_term_string\"}}],\"inLanguage\":\"fr-FR\"},{\"@type\":\"Organization\",\"@id\":\"https:\/\/www.bzsolutions.ch\/fr\/#organization\",\"name\":\"BZ Solutions\",\"url\":\"https:\/\/www.bzsolutions.ch\/fr\/\",\"logo\":{\"@type\":\"ImageObject\",\"inLanguage\":\"fr-FR\",\"@id\":\"https:\/\/www.bzsolutions.ch\/fr\/#\/schema\/logo\/image\/\",\"url\":\"https:\/\/www.bzsolutions.ch\/wp-content\/uploads\/2024\/03\/logo_bz-solutions.png\",\"contentUrl\":\"https:\/\/www.bzsolutions.ch\/wp-content\/uploads\/2024\/03\/logo_bz-solutions.png\",\"width\":600,\"height\":136,\"caption\":\"BZ Solutions\"},\"image\":{\"@id\":\"https:\/\/www.bzsolutions.ch\/fr\/#\/schema\/logo\/image\/\"}}]}<\/script>\n<!-- \/ Yoast SEO plugin. -->","yoast_head_json":{"title":"ELLIPTIQUE DE6X - BZ Solutions","robots":{"index":"index","follow":"follow","max-snippet":"max-snippet:-1","max-image-preview":"max-image-preview:large","max-video-preview":"max-video-preview:-1"},"canonical":"https:\/\/www.bzsolutions.ch\/fr\/produkt\/elliptique-de6x\/","og_locale":"fr_FR","og_type":"article","og_title":"ELLIPTIQUE DE6X - BZ Solutions","og_description":"D\u00e9couvrez une toute nouvelle dimension de l'entra\u00eenement avec le DE6X, l'appareil de fitness ultime qui allie technologie et confort au plus haut niveau.","og_url":"https:\/\/www.bzsolutions.ch\/fr\/produkt\/elliptique-de6x\/","og_site_name":"BZ Solutions","og_image":[{"width":1000,"height":1000,"url":"https:\/\/www.bzsolutions.ch\/wp-content\/uploads\/2024\/04\/Drax_DE6XA.png","type":"image\/png"}],"twitter_card":"summary_large_image","twitter_misc":{"Dur\u00e9e de lecture estim\u00e9e":"1 minute"},"schema":{"@context":"https:\/\/schema.org","@graph":[{"@type":"WebPage","@id":"https:\/\/www.bzsolutions.ch\/fr\/produkt\/elliptique-de6x\/","url":"https:\/\/www.bzsolutions.ch\/fr\/produkt\/elliptique-de6x\/","name":"ELLIPTIQUE DE6X - BZ Solutions","isPartOf":{"@id":"https:\/\/www.bzsolutions.ch\/fr\/#website"},"primaryImageOfPage":{"@id":"https:\/\/www.bzsolutions.ch\/fr\/produkt\/elliptique-de6x\/#primaryimage"},"image":{"@id":"https:\/\/www.bzsolutions.ch\/fr\/produkt\/elliptique-de6x\/#primaryimage"},"thumbnailUrl":"https:\/\/www.bzsolutions.ch\/wp-content\/uploads\/2024\/04\/Drax_DE6XA.png","datePublished":"2024-04-03T15:34:52+00:00","dateModified":"2024-04-03T15:34:52+00:00","breadcrumb":{"@id":"https:\/\/www.bzsolutions.ch\/fr\/produkt\/elliptique-de6x\/#breadcrumb"},"inLanguage":"fr-FR","potentialAction":[{"@type":"ReadAction","target":["https:\/\/www.bzsolutions.ch\/fr\/produkt\/elliptique-de6x\/"]}]},{"@type":"ImageObject","inLanguage":"fr-FR","@id":"https:\/\/www.bzsolutions.ch\/fr\/produkt\/elliptique-de6x\/#primaryimage","url":"https:\/\/www.bzsolutions.ch\/wp-content\/uploads\/2024\/04\/Drax_DE6XA.png","contentUrl":"https:\/\/www.bzsolutions.ch\/wp-content\/uploads\/2024\/04\/Drax_DE6XA.png","width":1000,"height":1000},{"@type":"BreadcrumbList","@id":"https:\/\/www.bzsolutions.ch\/fr\/produkt\/elliptique-de6x\/#breadcrumb","itemListElement":[{"@type":"ListItem","position":1,"name":"Startseite","item":"https:\/\/www.bzsolutions.ch\/fr\/"},{"@type":"ListItem","position":2,"name":"Shop","item":"https:\/\/www.bzsolutions.ch\/shop\/"},{"@type":"ListItem","position":3,"name":"ELLIPTIQUE DE6X"}]},{"@type":"WebSite","@id":"https:\/\/www.bzsolutions.ch\/fr\/#website","url":"https:\/\/www.bzsolutions.ch\/fr\/","name":"BZ Solutions","description":"Total Fitness Solutions","publisher":{"@id":"https:\/\/www.bzsolutions.ch\/fr\/#organization"},"potentialAction":[{"@type":"SearchAction","target":{"@type":"EntryPoint","urlTemplate":"https:\/\/www.bzsolutions.ch\/fr\/?s={search_term_string}"},"query-input":{"@type":"PropertyValueSpecification","valueRequired":true,"valueName":"search_term_string"}}],"inLanguage":"fr-FR"},{"@type":"Organization","@id":"https:\/\/www.bzsolutions.ch\/fr\/#organization","name":"BZ Solutions","url":"https:\/\/www.bzsolutions.ch\/fr\/","logo":{"@type":"ImageObject","inLanguage":"fr-FR","@id":"https:\/\/www.bzsolutions.ch\/fr\/#\/schema\/logo\/image\/","url":"https:\/\/www.bzsolutions.ch\/wp-content\/uploads\/2024\/03\/logo_bz-solutions.png","contentUrl":"https:\/\/www.bzsolutions.ch\/wp-content\/uploads\/2024\/03\/logo_bz-solutions.png","width":600,"height":136,"caption":"BZ Solutions"},"image":{"@id":"https:\/\/www.bzsolutions.ch\/fr\/#\/schema\/logo\/image\/"}}]}},"_links":{"self":[{"href":"https:\/\/www.bzsolutions.ch\/fr\/wp-json\/wp\/v2\/product\/48809","targetHints":{"allow":["GET"]}}],"collection":[{"href":"https:\/\/www.bzsolutions.ch\/fr\/wp-json\/wp\/v2\/product"}],"about":[{"href":"https:\/\/www.bzsolutions.ch\/fr\/wp-json\/wp\/v2\/types\/product"}],"wp:featuredmedia":[{"embeddable":true,"href":"https:\/\/www.bzsolutions.ch\/fr\/wp-json\/wp\/v2\/media\/47969"}],"wp:attachment":[{"href":"https:\/\/www.bzsolutions.ch\/fr\/wp-json\/wp\/v2\/media?parent=48809"}],"wp:term":[{"taxonomy":"product_brand","embeddable":true,"href":"https:\/\/www.bzsolutions.ch\/fr\/wp-json\/wp\/v2\/product_brand?post=48809"},{"taxonomy":"product_cat","embeddable":true,"href":"https:\/\/www.bzsolutions.ch\/fr\/wp-json\/wp\/v2\/product_cat?post=48809"},{"taxonomy":"product_tag","embeddable":true,"href":"https:\/\/www.bzsolutions.ch\/fr\/wp-json\/wp\/v2\/product_tag?post=48809"}],"curies":[{"name":"wp","href":"https:\/\/api.w.org\/{rel}","templated":true}]}}