{"id":48810,"date":"2024-04-03T17:34:52","date_gmt":"2024-04-03T15:34:52","guid":{"rendered":"https:\/\/www.bzsolutions.ch\/produkt\/tapis-de-course-non-motorise-draxfit\/"},"modified":"2024-04-03T17:34:52","modified_gmt":"2024-04-03T15:34:52","slug":"tapis-de-course-non-motorise-draxfit","status":"publish","type":"product","link":"https:\/\/www.bzsolutions.ch\/fr\/produkt\/tapis-de-course-non-motorise-draxfit\/","title":{"rendered":"TAPIS DE COURSE NON MOTORIS\u00c9 DRAXFIT"},"content":{"rendered":"<p>01. POUR UN ENTRA\u00ceNEMENT DYNAMIQUE ET INTENSIF : contrairement aux tapis de course traditionnels, le DRAXFIT+ vous permet de changer de vitesse instantan\u00e9ment, sans le retard d\u00fb aux ajustements motoris\u00e9s. Vous contr\u00f4lez le rythme par vos propres mouvements, ce qui le rend parfait pour la marche ou l&#8217;entra\u00eenement par intervalles de haute intensit\u00e9 (HIIT) et permet une exp\u00e9rience d&#8217;entra\u00eenement hautement r\u00e9active et personnelle.<\/p>\n<p>02. \u00c9COLOGIQUE ET \u00c9CONOMIQUE : Cet appareil aliment\u00e9 par l&#8217;utilisateur n&#8217;a pas besoin d&#8217;\u00e9lectricit\u00e9, ce qui en fait un choix \u00e9cologique qui permet \u00e9galement de r\u00e9duire les co\u00fbts de fonctionnement. Con\u00e7u pour la polyvalence, il est \u00e9quip\u00e9 d&#8217;une barre de mouvement et de roues int\u00e9gr\u00e9es, ce qui permet de le d\u00e9placer pour des s\u00e9ances d&#8217;entra\u00eenement \u00e0 l&#8217;int\u00e9rieur ou \u00e0 l&#8217;ext\u00e9rieur et d&#8217;ajouter une couche de confort \u00e0 votre r\u00e9gime de remise en forme.<\/p>\n<p>03. augmentation de la combustion des calories : une \u00e9tude publi\u00e9e par le Journal of Science and Medicine in Sport en 2018 a r\u00e9v\u00e9l\u00e9 que les tapis de course non motoris\u00e9s peuvent augmenter la combustion des calories jusqu&#8217;\u00e0 30% par rapport \u00e0 leurs homologues motoris\u00e9s. Cette efficacit\u00e9 fait du DRAXFIT+ un outil exceptionnel pour ceux qui souhaitent maximiser l&#8217;impact de leurs s\u00e9ances d&#8217;entra\u00eenement.<\/p>\n<p>4. DESIGN ERGONOMIQUE ET NETTOYANT : La bande de roulement confortable et incurv\u00e9e est con\u00e7ue avec une bande de lamelles caoutchout\u00e9es qui r\u00e9duit la pression sur les articulations et favorise une foul\u00e9e plus naturelle \u00e0 l&#8217;avant-pied. Cette conception favorise une meilleure forme de course et r\u00e9duit le risque de blessure, ce qui rend vos s\u00e9ances d&#8217;entra\u00eenement plus s\u00fbres et plus efficaces.<\/p>\n","protected":false},"excerpt":{"rendered":"<p>Augmentez votre programme de remise en forme avec le tapis de course non motoris\u00e9 DRAXFIT+, un appareil d&#8217;entra\u00eenement r\u00e9volutionnaire qui met le contr\u00f4le de votre entra\u00eenement enti\u00e8rement dans vos pas.<\/p>\n","protected":false},"featured_media":47972,"template":"","meta":{"inline_featured_image":false},"product_brand":[],"product_cat":[806,805,804,996],"product_tag":[808,1019],"class_list":{"0":"post-48810","1":"product","2":"type-product","3":"status-publish","4":"has-post-thumbnail","6":"product_cat-appareils-dendurance","7":"product_cat-drax-fr","8":"product_cat-fournisseur","9":"product_cat-tapis-de-course","10":"product_tag-drax-fr","11":"product_tag-tapis-de-course","12":"pa_breite-560-mm-fr","13":"pa_gewicht-125-kg-fr","14":"pa_hoehe-560-mm-fr","15":"pa_konsoledisplay-vitesse-temps-distance-calories-frequence-cardiaque","16":"pa_laenge-1880-mm-fr","17":"pa_max-belastung-180-kg-fr","18":"pa_max-geschwindigkeit-autopropulsion","20":"first","21":"instock","22":"product-type-simple"},"yoast_head":"<!-- This site is optimized with the Yoast SEO plugin v23.8 - https:\/\/yoast.com\/wordpress\/plugins\/seo\/ -->\n<title>TAPIS DE COURSE NON MOTORIS\u00c9 DRAXFIT - BZ Solutions<\/title>\n<meta name=\"robots\" content=\"index, follow, max-snippet:-1, max-image-preview:large, max-video-preview:-1\" \/>\n<link rel=\"canonical\" href=\"https:\/\/www.bzsolutions.ch\/fr\/produkt\/tapis-de-course-non-motorise-draxfit\/\" \/>\n<meta property=\"og:locale\" content=\"fr_FR\" \/>\n<meta property=\"og:type\" content=\"article\" \/>\n<meta property=\"og:title\" content=\"TAPIS DE COURSE NON MOTORIS\u00c9 DRAXFIT - BZ Solutions\" \/>\n<meta property=\"og:description\" content=\"Augmentez votre programme de remise en forme avec le tapis de course non motoris\u00e9 DRAXFIT+, un appareil d&#039;entra\u00eenement r\u00e9volutionnaire qui met le contr\u00f4le de votre entra\u00eenement enti\u00e8rement dans vos pas.\" \/>\n<meta property=\"og:url\" content=\"https:\/\/www.bzsolutions.ch\/fr\/produkt\/tapis-de-course-non-motorise-draxfit\/\" \/>\n<meta property=\"og:site_name\" content=\"BZ Solutions\" \/>\n<meta property=\"og:image\" content=\"https:\/\/www.bzsolutions.ch\/wp-content\/uploads\/2024\/04\/Draxfit.png\" \/>\n\t<meta property=\"og:image:width\" content=\"1000\" \/>\n\t<meta property=\"og:image:height\" content=\"1000\" \/>\n\t<meta property=\"og:image:type\" content=\"image\/png\" \/>\n<meta name=\"twitter:card\" content=\"summary_large_image\" \/>\n<meta name=\"twitter:label1\" content=\"Dur\u00e9e de lecture estim\u00e9e\" \/>\n\t<meta name=\"twitter:data1\" content=\"1 minute\" \/>\n<script type=\"application\/ld+json\" class=\"yoast-schema-graph\">{\"@context\":\"https:\/\/schema.org\",\"@graph\":[{\"@type\":\"WebPage\",\"@id\":\"https:\/\/www.bzsolutions.ch\/fr\/produkt\/tapis-de-course-non-motorise-draxfit\/\",\"url\":\"https:\/\/www.bzsolutions.ch\/fr\/produkt\/tapis-de-course-non-motorise-draxfit\/\",\"name\":\"TAPIS DE COURSE NON MOTORIS\u00c9 DRAXFIT - BZ Solutions\",\"isPartOf\":{\"@id\":\"https:\/\/www.bzsolutions.ch\/fr\/#website\"},\"primaryImageOfPage\":{\"@id\":\"https:\/\/www.bzsolutions.ch\/fr\/produkt\/tapis-de-course-non-motorise-draxfit\/#primaryimage\"},\"image\":{\"@id\":\"https:\/\/www.bzsolutions.ch\/fr\/produkt\/tapis-de-course-non-motorise-draxfit\/#primaryimage\"},\"thumbnailUrl\":\"https:\/\/www.bzsolutions.ch\/wp-content\/uploads\/2024\/04\/Draxfit.png\",\"datePublished\":\"2024-04-03T15:34:52+00:00\",\"dateModified\":\"2024-04-03T15:34:52+00:00\",\"breadcrumb\":{\"@id\":\"https:\/\/www.bzsolutions.ch\/fr\/produkt\/tapis-de-course-non-motorise-draxfit\/#breadcrumb\"},\"inLanguage\":\"fr-FR\",\"potentialAction\":[{\"@type\":\"ReadAction\",\"target\":[\"https:\/\/www.bzsolutions.ch\/fr\/produkt\/tapis-de-course-non-motorise-draxfit\/\"]}]},{\"@type\":\"ImageObject\",\"inLanguage\":\"fr-FR\",\"@id\":\"https:\/\/www.bzsolutions.ch\/fr\/produkt\/tapis-de-course-non-motorise-draxfit\/#primaryimage\",\"url\":\"https:\/\/www.bzsolutions.ch\/wp-content\/uploads\/2024\/04\/Draxfit.png\",\"contentUrl\":\"https:\/\/www.bzsolutions.ch\/wp-content\/uploads\/2024\/04\/Draxfit.png\",\"width\":1000,\"height\":1000},{\"@type\":\"BreadcrumbList\",\"@id\":\"https:\/\/www.bzsolutions.ch\/fr\/produkt\/tapis-de-course-non-motorise-draxfit\/#breadcrumb\",\"itemListElement\":[{\"@type\":\"ListItem\",\"position\":1,\"name\":\"Startseite\",\"item\":\"https:\/\/www.bzsolutions.ch\/fr\/\"},{\"@type\":\"ListItem\",\"position\":2,\"name\":\"Shop\",\"item\":\"https:\/\/www.bzsolutions.ch\/shop\/\"},{\"@type\":\"ListItem\",\"position\":3,\"name\":\"TAPIS DE COURSE NON MOTORIS\u00c9 DRAXFIT\"}]},{\"@type\":\"WebSite\",\"@id\":\"https:\/\/www.bzsolutions.ch\/fr\/#website\",\"url\":\"https:\/\/www.bzsolutions.ch\/fr\/\",\"name\":\"BZ Solutions\",\"description\":\"Total Fitness Solutions\",\"publisher\":{\"@id\":\"https:\/\/www.bzsolutions.ch\/fr\/#organization\"},\"potentialAction\":[{\"@type\":\"SearchAction\",\"target\":{\"@type\":\"EntryPoint\",\"urlTemplate\":\"https:\/\/www.bzsolutions.ch\/fr\/?s={search_term_string}\"},\"query-input\":{\"@type\":\"PropertyValueSpecification\",\"valueRequired\":true,\"valueName\":\"search_term_string\"}}],\"inLanguage\":\"fr-FR\"},{\"@type\":\"Organization\",\"@id\":\"https:\/\/www.bzsolutions.ch\/fr\/#organization\",\"name\":\"BZ Solutions\",\"url\":\"https:\/\/www.bzsolutions.ch\/fr\/\",\"logo\":{\"@type\":\"ImageObject\",\"inLanguage\":\"fr-FR\",\"@id\":\"https:\/\/www.bzsolutions.ch\/fr\/#\/schema\/logo\/image\/\",\"url\":\"https:\/\/www.bzsolutions.ch\/wp-content\/uploads\/2024\/03\/logo_bz-solutions.png\",\"contentUrl\":\"https:\/\/www.bzsolutions.ch\/wp-content\/uploads\/2024\/03\/logo_bz-solutions.png\",\"width\":600,\"height\":136,\"caption\":\"BZ Solutions\"},\"image\":{\"@id\":\"https:\/\/www.bzsolutions.ch\/fr\/#\/schema\/logo\/image\/\"}}]}<\/script>\n<!-- \/ Yoast SEO plugin. -->","yoast_head_json":{"title":"TAPIS DE COURSE NON MOTORIS\u00c9 DRAXFIT - BZ Solutions","robots":{"index":"index","follow":"follow","max-snippet":"max-snippet:-1","max-image-preview":"max-image-preview:large","max-video-preview":"max-video-preview:-1"},"canonical":"https:\/\/www.bzsolutions.ch\/fr\/produkt\/tapis-de-course-non-motorise-draxfit\/","og_locale":"fr_FR","og_type":"article","og_title":"TAPIS DE COURSE NON MOTORIS\u00c9 DRAXFIT - BZ Solutions","og_description":"Augmentez votre programme de remise en forme avec le tapis de course non motoris\u00e9 DRAXFIT+, un appareil d'entra\u00eenement r\u00e9volutionnaire qui met le contr\u00f4le de votre entra\u00eenement enti\u00e8rement dans vos pas.","og_url":"https:\/\/www.bzsolutions.ch\/fr\/produkt\/tapis-de-course-non-motorise-draxfit\/","og_site_name":"BZ Solutions","og_image":[{"width":1000,"height":1000,"url":"https:\/\/www.bzsolutions.ch\/wp-content\/uploads\/2024\/04\/Draxfit.png","type":"image\/png"}],"twitter_card":"summary_large_image","twitter_misc":{"Dur\u00e9e de lecture estim\u00e9e":"1 minute"},"schema":{"@context":"https:\/\/schema.org","@graph":[{"@type":"WebPage","@id":"https:\/\/www.bzsolutions.ch\/fr\/produkt\/tapis-de-course-non-motorise-draxfit\/","url":"https:\/\/www.bzsolutions.ch\/fr\/produkt\/tapis-de-course-non-motorise-draxfit\/","name":"TAPIS DE COURSE NON MOTORIS\u00c9 DRAXFIT - BZ Solutions","isPartOf":{"@id":"https:\/\/www.bzsolutions.ch\/fr\/#website"},"primaryImageOfPage":{"@id":"https:\/\/www.bzsolutions.ch\/fr\/produkt\/tapis-de-course-non-motorise-draxfit\/#primaryimage"},"image":{"@id":"https:\/\/www.bzsolutions.ch\/fr\/produkt\/tapis-de-course-non-motorise-draxfit\/#primaryimage"},"thumbnailUrl":"https:\/\/www.bzsolutions.ch\/wp-content\/uploads\/2024\/04\/Draxfit.png","datePublished":"2024-04-03T15:34:52+00:00","dateModified":"2024-04-03T15:34:52+00:00","breadcrumb":{"@id":"https:\/\/www.bzsolutions.ch\/fr\/produkt\/tapis-de-course-non-motorise-draxfit\/#breadcrumb"},"inLanguage":"fr-FR","potentialAction":[{"@type":"ReadAction","target":["https:\/\/www.bzsolutions.ch\/fr\/produkt\/tapis-de-course-non-motorise-draxfit\/"]}]},{"@type":"ImageObject","inLanguage":"fr-FR","@id":"https:\/\/www.bzsolutions.ch\/fr\/produkt\/tapis-de-course-non-motorise-draxfit\/#primaryimage","url":"https:\/\/www.bzsolutions.ch\/wp-content\/uploads\/2024\/04\/Draxfit.png","contentUrl":"https:\/\/www.bzsolutions.ch\/wp-content\/uploads\/2024\/04\/Draxfit.png","width":1000,"height":1000},{"@type":"BreadcrumbList","@id":"https:\/\/www.bzsolutions.ch\/fr\/produkt\/tapis-de-course-non-motorise-draxfit\/#breadcrumb","itemListElement":[{"@type":"ListItem","position":1,"name":"Startseite","item":"https:\/\/www.bzsolutions.ch\/fr\/"},{"@type":"ListItem","position":2,"name":"Shop","item":"https:\/\/www.bzsolutions.ch\/shop\/"},{"@type":"ListItem","position":3,"name":"TAPIS DE COURSE NON MOTORIS\u00c9 DRAXFIT"}]},{"@type":"WebSite","@id":"https:\/\/www.bzsolutions.ch\/fr\/#website","url":"https:\/\/www.bzsolutions.ch\/fr\/","name":"BZ Solutions","description":"Total Fitness Solutions","publisher":{"@id":"https:\/\/www.bzsolutions.ch\/fr\/#organization"},"potentialAction":[{"@type":"SearchAction","target":{"@type":"EntryPoint","urlTemplate":"https:\/\/www.bzsolutions.ch\/fr\/?s={search_term_string}"},"query-input":{"@type":"PropertyValueSpecification","valueRequired":true,"valueName":"search_term_string"}}],"inLanguage":"fr-FR"},{"@type":"Organization","@id":"https:\/\/www.bzsolutions.ch\/fr\/#organization","name":"BZ Solutions","url":"https:\/\/www.bzsolutions.ch\/fr\/","logo":{"@type":"ImageObject","inLanguage":"fr-FR","@id":"https:\/\/www.bzsolutions.ch\/fr\/#\/schema\/logo\/image\/","url":"https:\/\/www.bzsolutions.ch\/wp-content\/uploads\/2024\/03\/logo_bz-solutions.png","contentUrl":"https:\/\/www.bzsolutions.ch\/wp-content\/uploads\/2024\/03\/logo_bz-solutions.png","width":600,"height":136,"caption":"BZ Solutions"},"image":{"@id":"https:\/\/www.bzsolutions.ch\/fr\/#\/schema\/logo\/image\/"}}]}},"_links":{"self":[{"href":"https:\/\/www.bzsolutions.ch\/fr\/wp-json\/wp\/v2\/product\/48810","targetHints":{"allow":["GET"]}}],"collection":[{"href":"https:\/\/www.bzsolutions.ch\/fr\/wp-json\/wp\/v2\/product"}],"about":[{"href":"https:\/\/www.bzsolutions.ch\/fr\/wp-json\/wp\/v2\/types\/product"}],"wp:featuredmedia":[{"embeddable":true,"href":"https:\/\/www.bzsolutions.ch\/fr\/wp-json\/wp\/v2\/media\/47972"}],"wp:attachment":[{"href":"https:\/\/www.bzsolutions.ch\/fr\/wp-json\/wp\/v2\/media?parent=48810"}],"wp:term":[{"taxonomy":"product_brand","embeddable":true,"href":"https:\/\/www.bzsolutions.ch\/fr\/wp-json\/wp\/v2\/product_brand?post=48810"},{"taxonomy":"product_cat","embeddable":true,"href":"https:\/\/www.bzsolutions.ch\/fr\/wp-json\/wp\/v2\/product_cat?post=48810"},{"taxonomy":"product_tag","embeddable":true,"href":"https:\/\/www.bzsolutions.ch\/fr\/wp-json\/wp\/v2\/product_tag?post=48810"}],"curies":[{"name":"wp","href":"https:\/\/api.w.org\/{rel}","templated":true}]}}