{"id":48811,"date":"2024-04-03T17:25:18","date_gmt":"2024-04-03T15:25:18","guid":{"rendered":"https:\/\/www.bzsolutions.ch\/produkt\/booty-builder-v8-generation-2-0\/"},"modified":"2024-04-03T17:25:18","modified_gmt":"2024-04-03T15:25:18","slug":"booty-builder-v8-generation-2-0","status":"publish","type":"product","link":"https:\/\/www.bzsolutions.ch\/fr\/produkt\/booty-builder-v8-generation-2-0\/","title":{"rendered":"BOOTY BUILDER\u00ae V8 &#8211; G\u00e9n\u00e9ration 2.0"},"content":{"rendered":"<p>01. SP\u00c9CIALEMENT POUR LES MUSCULES FONCTIONNELS : Le Booty Builder\u00ae V8 est sp\u00e9cialement con\u00e7u pour rendre le balancement des hanches non seulement plus s\u00fbr et plus rapide, mais aussi plus efficace que jamais. La conception brevet\u00e9e avec les pieds sur\u00e9lev\u00e9s vous positionne id\u00e9alement pour isoler et entra\u00eener au maximum vos muscles fessiers sans avoir besoin d&#8217;espace suppl\u00e9mentaire pour les bancs ou les disques d&#8217;halt\u00e8res.<\/p>\n<p>02. R\u00c9GLAGE FACILE ET MISE EN PLACE RAPIDE : La pile de poids s\u00e9lectionnable de 160KG vous permet de choisir sans effort le poids que vous souhaitez et de commencer votre entra\u00eenement plus rapidement. Sa conception compacte permet de le placer pr\u00e8s d&#8217;un mur ou dans un coin, ce qui fait du Booty Builder\u00ae V8 l&#8217;appareil parfait pour tout environnement d&#8217;entra\u00eenement, des salles de sport aux \u00e9tablissements m\u00e9dicaux en passant par les \u00e9quipes sportives professionnelles.<\/p>\n<p>03. CONFORT ET POLYVALENCE : Une sangle rembourr\u00e9e r\u00e9glable offre un confort maximal pendant l&#8217;entra\u00eenement, tandis que des bandes Booty Builder en option peuvent \u00eatre ajout\u00e9es pour une r\u00e9sistance suppl\u00e9mentaire et des mouvements explosifs, essentiels \u00e0 la performance sportive. Il convient \u00e0 un large \u00e9ventail d&#8217;utilisateurs et favorise l&#8217;activation essentielle des muscles fessiers pour la fonction physique, la force et la performance.<\/p>\n","protected":false},"excerpt":{"rendered":"<p>Le Booty Builder\u00ae V8 combine toutes les connaissances et exp\u00e9riences des sept mod\u00e8les pr\u00e9c\u00e9dents et se pr\u00e9sente sous un tout nouveau design peu encombrant. Il \u00e9tablit de nouvelles normes en mati\u00e8re d&#8217;efficacit\u00e9 et d&#8217;efficience de l&#8217;entra\u00eenement des fessiers, en combinant des solutions innovantes et un design convivial.<\/p>\n","protected":false},"featured_media":48012,"template":"","meta":{"inline_featured_image":false},"product_brand":[],"product_cat":[],"product_tag":[],"class_list":{"0":"post-48811","1":"product","2":"type-product","3":"status-publish","4":"has-post-thumbnail","7":"first","8":"instock","9":"product-type-simple"},"yoast_head":"<!-- This site is optimized with the Yoast SEO plugin v23.8 - https:\/\/yoast.com\/wordpress\/plugins\/seo\/ -->\n<title>BOOTY BUILDER\u00ae V8 - G\u00e9n\u00e9ration 2.0 - BZ Solutions<\/title>\n<meta name=\"robots\" content=\"index, follow, max-snippet:-1, max-image-preview:large, max-video-preview:-1\" \/>\n<link rel=\"canonical\" href=\"https:\/\/www.bzsolutions.ch\/fr\/produkt\/booty-builder-v8-generation-2-0\/\" \/>\n<meta property=\"og:locale\" content=\"fr_FR\" \/>\n<meta property=\"og:type\" content=\"article\" \/>\n<meta property=\"og:title\" content=\"BOOTY BUILDER\u00ae V8 - G\u00e9n\u00e9ration 2.0 - BZ Solutions\" \/>\n<meta property=\"og:description\" content=\"Le Booty Builder\u00ae V8 combine toutes les connaissances et exp\u00e9riences des sept mod\u00e8les pr\u00e9c\u00e9dents et se pr\u00e9sente sous un tout nouveau design peu encombrant. Il \u00e9tablit de nouvelles normes en mati\u00e8re d&#039;efficacit\u00e9 et d&#039;efficience de l&#039;entra\u00eenement des fessiers, en combinant des solutions innovantes et un design convivial.\" \/>\n<meta property=\"og:url\" content=\"https:\/\/www.bzsolutions.ch\/fr\/produkt\/booty-builder-v8-generation-2-0\/\" \/>\n<meta property=\"og:site_name\" content=\"BZ Solutions\" \/>\n<meta property=\"og:image\" content=\"https:\/\/www.bzsolutions.ch\/wp-content\/uploads\/2024\/04\/Booty_Builder_Platinum_v8_2.jpg\" \/>\n\t<meta property=\"og:image:width\" content=\"1000\" \/>\n\t<meta property=\"og:image:height\" content=\"1000\" \/>\n\t<meta property=\"og:image:type\" content=\"image\/jpeg\" \/>\n<meta name=\"twitter:card\" content=\"summary_large_image\" \/>\n<meta name=\"twitter:label1\" content=\"Dur\u00e9e de lecture estim\u00e9e\" \/>\n\t<meta name=\"twitter:data1\" content=\"1 minute\" \/>\n<script type=\"application\/ld+json\" class=\"yoast-schema-graph\">{\"@context\":\"https:\/\/schema.org\",\"@graph\":[{\"@type\":\"WebPage\",\"@id\":\"https:\/\/www.bzsolutions.ch\/fr\/produkt\/booty-builder-v8-generation-2-0\/\",\"url\":\"https:\/\/www.bzsolutions.ch\/fr\/produkt\/booty-builder-v8-generation-2-0\/\",\"name\":\"BOOTY BUILDER\u00ae V8 - G\u00e9n\u00e9ration 2.0 - BZ Solutions\",\"isPartOf\":{\"@id\":\"https:\/\/www.bzsolutions.ch\/fr\/#website\"},\"primaryImageOfPage\":{\"@id\":\"https:\/\/www.bzsolutions.ch\/fr\/produkt\/booty-builder-v8-generation-2-0\/#primaryimage\"},\"image\":{\"@id\":\"https:\/\/www.bzsolutions.ch\/fr\/produkt\/booty-builder-v8-generation-2-0\/#primaryimage\"},\"thumbnailUrl\":\"https:\/\/www.bzsolutions.ch\/wp-content\/uploads\/2024\/04\/Booty_Builder_Platinum_v8_2.jpg\",\"datePublished\":\"2024-04-03T15:25:18+00:00\",\"dateModified\":\"2024-04-03T15:25:18+00:00\",\"breadcrumb\":{\"@id\":\"https:\/\/www.bzsolutions.ch\/fr\/produkt\/booty-builder-v8-generation-2-0\/#breadcrumb\"},\"inLanguage\":\"fr-FR\",\"potentialAction\":[{\"@type\":\"ReadAction\",\"target\":[\"https:\/\/www.bzsolutions.ch\/fr\/produkt\/booty-builder-v8-generation-2-0\/\"]}]},{\"@type\":\"ImageObject\",\"inLanguage\":\"fr-FR\",\"@id\":\"https:\/\/www.bzsolutions.ch\/fr\/produkt\/booty-builder-v8-generation-2-0\/#primaryimage\",\"url\":\"https:\/\/www.bzsolutions.ch\/wp-content\/uploads\/2024\/04\/Booty_Builder_Platinum_v8_2.jpg\",\"contentUrl\":\"https:\/\/www.bzsolutions.ch\/wp-content\/uploads\/2024\/04\/Booty_Builder_Platinum_v8_2.jpg\",\"width\":1000,\"height\":1000},{\"@type\":\"BreadcrumbList\",\"@id\":\"https:\/\/www.bzsolutions.ch\/fr\/produkt\/booty-builder-v8-generation-2-0\/#breadcrumb\",\"itemListElement\":[{\"@type\":\"ListItem\",\"position\":1,\"name\":\"Startseite\",\"item\":\"https:\/\/www.bzsolutions.ch\/fr\/\"},{\"@type\":\"ListItem\",\"position\":2,\"name\":\"Shop\",\"item\":\"https:\/\/www.bzsolutions.ch\/shop\/\"},{\"@type\":\"ListItem\",\"position\":3,\"name\":\"BOOTY BUILDER\u00ae V8 &#8211; G\u00e9n\u00e9ration 2.0\"}]},{\"@type\":\"WebSite\",\"@id\":\"https:\/\/www.bzsolutions.ch\/fr\/#website\",\"url\":\"https:\/\/www.bzsolutions.ch\/fr\/\",\"name\":\"BZ Solutions\",\"description\":\"Total Fitness Solutions\",\"publisher\":{\"@id\":\"https:\/\/www.bzsolutions.ch\/fr\/#organization\"},\"potentialAction\":[{\"@type\":\"SearchAction\",\"target\":{\"@type\":\"EntryPoint\",\"urlTemplate\":\"https:\/\/www.bzsolutions.ch\/fr\/?s={search_term_string}\"},\"query-input\":{\"@type\":\"PropertyValueSpecification\",\"valueRequired\":true,\"valueName\":\"search_term_string\"}}],\"inLanguage\":\"fr-FR\"},{\"@type\":\"Organization\",\"@id\":\"https:\/\/www.bzsolutions.ch\/fr\/#organization\",\"name\":\"BZ Solutions\",\"url\":\"https:\/\/www.bzsolutions.ch\/fr\/\",\"logo\":{\"@type\":\"ImageObject\",\"inLanguage\":\"fr-FR\",\"@id\":\"https:\/\/www.bzsolutions.ch\/fr\/#\/schema\/logo\/image\/\",\"url\":\"https:\/\/www.bzsolutions.ch\/wp-content\/uploads\/2024\/03\/logo_bz-solutions.png\",\"contentUrl\":\"https:\/\/www.bzsolutions.ch\/wp-content\/uploads\/2024\/03\/logo_bz-solutions.png\",\"width\":600,\"height\":136,\"caption\":\"BZ Solutions\"},\"image\":{\"@id\":\"https:\/\/www.bzsolutions.ch\/fr\/#\/schema\/logo\/image\/\"}}]}<\/script>\n<!-- \/ Yoast SEO plugin. -->","yoast_head_json":{"title":"BOOTY BUILDER\u00ae V8 - G\u00e9n\u00e9ration 2.0 - BZ Solutions","robots":{"index":"index","follow":"follow","max-snippet":"max-snippet:-1","max-image-preview":"max-image-preview:large","max-video-preview":"max-video-preview:-1"},"canonical":"https:\/\/www.bzsolutions.ch\/fr\/produkt\/booty-builder-v8-generation-2-0\/","og_locale":"fr_FR","og_type":"article","og_title":"BOOTY BUILDER\u00ae V8 - G\u00e9n\u00e9ration 2.0 - BZ Solutions","og_description":"Le Booty Builder\u00ae V8 combine toutes les connaissances et exp\u00e9riences des sept mod\u00e8les pr\u00e9c\u00e9dents et se pr\u00e9sente sous un tout nouveau design peu encombrant. Il \u00e9tablit de nouvelles normes en mati\u00e8re d'efficacit\u00e9 et d'efficience de l'entra\u00eenement des fessiers, en combinant des solutions innovantes et un design convivial.","og_url":"https:\/\/www.bzsolutions.ch\/fr\/produkt\/booty-builder-v8-generation-2-0\/","og_site_name":"BZ Solutions","og_image":[{"width":1000,"height":1000,"url":"https:\/\/www.bzsolutions.ch\/wp-content\/uploads\/2024\/04\/Booty_Builder_Platinum_v8_2.jpg","type":"image\/jpeg"}],"twitter_card":"summary_large_image","twitter_misc":{"Dur\u00e9e de lecture estim\u00e9e":"1 minute"},"schema":{"@context":"https:\/\/schema.org","@graph":[{"@type":"WebPage","@id":"https:\/\/www.bzsolutions.ch\/fr\/produkt\/booty-builder-v8-generation-2-0\/","url":"https:\/\/www.bzsolutions.ch\/fr\/produkt\/booty-builder-v8-generation-2-0\/","name":"BOOTY BUILDER\u00ae V8 - G\u00e9n\u00e9ration 2.0 - BZ Solutions","isPartOf":{"@id":"https:\/\/www.bzsolutions.ch\/fr\/#website"},"primaryImageOfPage":{"@id":"https:\/\/www.bzsolutions.ch\/fr\/produkt\/booty-builder-v8-generation-2-0\/#primaryimage"},"image":{"@id":"https:\/\/www.bzsolutions.ch\/fr\/produkt\/booty-builder-v8-generation-2-0\/#primaryimage"},"thumbnailUrl":"https:\/\/www.bzsolutions.ch\/wp-content\/uploads\/2024\/04\/Booty_Builder_Platinum_v8_2.jpg","datePublished":"2024-04-03T15:25:18+00:00","dateModified":"2024-04-03T15:25:18+00:00","breadcrumb":{"@id":"https:\/\/www.bzsolutions.ch\/fr\/produkt\/booty-builder-v8-generation-2-0\/#breadcrumb"},"inLanguage":"fr-FR","potentialAction":[{"@type":"ReadAction","target":["https:\/\/www.bzsolutions.ch\/fr\/produkt\/booty-builder-v8-generation-2-0\/"]}]},{"@type":"ImageObject","inLanguage":"fr-FR","@id":"https:\/\/www.bzsolutions.ch\/fr\/produkt\/booty-builder-v8-generation-2-0\/#primaryimage","url":"https:\/\/www.bzsolutions.ch\/wp-content\/uploads\/2024\/04\/Booty_Builder_Platinum_v8_2.jpg","contentUrl":"https:\/\/www.bzsolutions.ch\/wp-content\/uploads\/2024\/04\/Booty_Builder_Platinum_v8_2.jpg","width":1000,"height":1000},{"@type":"BreadcrumbList","@id":"https:\/\/www.bzsolutions.ch\/fr\/produkt\/booty-builder-v8-generation-2-0\/#breadcrumb","itemListElement":[{"@type":"ListItem","position":1,"name":"Startseite","item":"https:\/\/www.bzsolutions.ch\/fr\/"},{"@type":"ListItem","position":2,"name":"Shop","item":"https:\/\/www.bzsolutions.ch\/shop\/"},{"@type":"ListItem","position":3,"name":"BOOTY BUILDER\u00ae V8 &#8211; G\u00e9n\u00e9ration 2.0"}]},{"@type":"WebSite","@id":"https:\/\/www.bzsolutions.ch\/fr\/#website","url":"https:\/\/www.bzsolutions.ch\/fr\/","name":"BZ Solutions","description":"Total Fitness Solutions","publisher":{"@id":"https:\/\/www.bzsolutions.ch\/fr\/#organization"},"potentialAction":[{"@type":"SearchAction","target":{"@type":"EntryPoint","urlTemplate":"https:\/\/www.bzsolutions.ch\/fr\/?s={search_term_string}"},"query-input":{"@type":"PropertyValueSpecification","valueRequired":true,"valueName":"search_term_string"}}],"inLanguage":"fr-FR"},{"@type":"Organization","@id":"https:\/\/www.bzsolutions.ch\/fr\/#organization","name":"BZ Solutions","url":"https:\/\/www.bzsolutions.ch\/fr\/","logo":{"@type":"ImageObject","inLanguage":"fr-FR","@id":"https:\/\/www.bzsolutions.ch\/fr\/#\/schema\/logo\/image\/","url":"https:\/\/www.bzsolutions.ch\/wp-content\/uploads\/2024\/03\/logo_bz-solutions.png","contentUrl":"https:\/\/www.bzsolutions.ch\/wp-content\/uploads\/2024\/03\/logo_bz-solutions.png","width":600,"height":136,"caption":"BZ Solutions"},"image":{"@id":"https:\/\/www.bzsolutions.ch\/fr\/#\/schema\/logo\/image\/"}}]}},"_links":{"self":[{"href":"https:\/\/www.bzsolutions.ch\/fr\/wp-json\/wp\/v2\/product\/48811","targetHints":{"allow":["GET"]}}],"collection":[{"href":"https:\/\/www.bzsolutions.ch\/fr\/wp-json\/wp\/v2\/product"}],"about":[{"href":"https:\/\/www.bzsolutions.ch\/fr\/wp-json\/wp\/v2\/types\/product"}],"wp:featuredmedia":[{"embeddable":true,"href":"https:\/\/www.bzsolutions.ch\/fr\/wp-json\/wp\/v2\/media\/48012"}],"wp:attachment":[{"href":"https:\/\/www.bzsolutions.ch\/fr\/wp-json\/wp\/v2\/media?parent=48811"}],"wp:term":[{"taxonomy":"product_brand","embeddable":true,"href":"https:\/\/www.bzsolutions.ch\/fr\/wp-json\/wp\/v2\/product_brand?post=48811"},{"taxonomy":"product_cat","embeddable":true,"href":"https:\/\/www.bzsolutions.ch\/fr\/wp-json\/wp\/v2\/product_cat?post=48811"},{"taxonomy":"product_tag","embeddable":true,"href":"https:\/\/www.bzsolutions.ch\/fr\/wp-json\/wp\/v2\/product_tag?post=48811"}],"curies":[{"name":"wp","href":"https:\/\/api.w.org\/{rel}","templated":true}]}}