{"id":48812,"date":"2024-04-03T17:34:52","date_gmt":"2024-04-03T15:34:52","guid":{"rendered":"https:\/\/www.bzsolutions.ch\/produkt\/my-mountain\/"},"modified":"2024-04-03T17:34:52","modified_gmt":"2024-04-03T15:34:52","slug":"my-mountain","status":"publish","type":"product","link":"https:\/\/www.bzsolutions.ch\/fr\/produkt\/my-mountain\/","title":{"rendered":"MY MOUNTAIN"},"content":{"rendered":"<p>1. POUR UN ENTRA\u00ceNEMENT EN COURS INTENSIF : My Mountain r\u00e9volutionne votre entra\u00eenement cardio gr\u00e2ce \u00e0 des vitesses personnalisables de 0,3 \u00e0 8 km\/h, combin\u00e9es \u00e0 une impressionnante plage d&#8217;inclinaison de -5% \u00e0 50%. Cette fonction unique vous permet de simuler de mani\u00e8re r\u00e9aliste la marche, la randonn\u00e9e et l&#8217;escalade, ce qui vous permet de br\u00fbler jusqu&#8217;\u00e0 1,5 fois plus de calories que sur un terrain plat, parfait pour ceux qui souhaitent intensifier leur routine de fitness.<\/p>\n<p>2. POLYVALENT ET GENTIL : De la r\u00e9\u00e9ducation douce avec une l\u00e9g\u00e8re inclinaison aux entra\u00eenements exigeants en mont\u00e9e, My Mountain offre un large \u00e9ventail d&#8217;intensit\u00e9s d&#8217;entra\u00eenement, ce qui en fait un appareil extr\u00eamement polyvalent pour les utilisateurs de tous niveaux de fitness. La possibilit\u00e9 de marcher exclusivement s&#8217;adresse aussi bien aux utilisateurs sportifs qu&#8217;aux adultes plus \u00e2g\u00e9s qui recherchent une charge faible mais une intensit\u00e9 d&#8217;entra\u00eenement \u00e9lev\u00e9e.<\/p>\n<p>3. COMPACT ET EFFICACE : Malgr\u00e9 ses fonctionnalit\u00e9s avanc\u00e9es, My Mountain prend un minimum de place, avec une taille totale compacte de seulement 42&#8243; de long et 20&#8243; de large. Cette solution peu encombrante le rend id\u00e9al pour les salles de sport \u00e0 domicile ou les \u00e9tablissements commerciaux qui recherchent un \u00e9quipement d&#8217;entra\u00eenement de qualit\u00e9 sans avoir besoin de beaucoup d&#8217;espace.<\/p>\n","protected":false},"excerpt":{"rendered":"<p>Atteignez de nouveaux sommets dans votre entra\u00eenement avec MyMountain, le tapis de course ultime pour les simulations exigeantes de mont\u00e9e et de descente. MyMountain est le choix id\u00e9al pour les passionn\u00e9s de fitness \u00e0 la recherche d&#8217;un tapis de course polyvalent et peu encombrant, qui permet de r\u00e9aliser des entra\u00eenements intensifs en c\u00f4te tout en exer\u00e7ant une faible pression sur les articulations.<\/p>\n","protected":false},"featured_media":47971,"template":"","meta":{"inline_featured_image":false},"product_brand":[],"product_cat":[806,805,804,996],"product_tag":[808,1019],"class_list":{"0":"post-48812","1":"product","2":"type-product","3":"status-publish","4":"has-post-thumbnail","6":"product_cat-appareils-dendurance","7":"product_cat-drax-fr","8":"product_cat-fournisseur","9":"product_cat-tapis-de-course","10":"product_tag-drax-fr","11":"product_tag-tapis-de-course","12":"pa_breite-1049-mm-fr","13":"pa_display-matrice-de-points-en-3-couleurs","14":"pa_gewicht-135-kg-fr","15":"pa_hoehe-1629-mm-fr","16":"pa_konsoledisplay-vitesse-inclinaison-temps-distance-calories-frequence-cardiaque","17":"pa_laenge-1245-mm-fr","18":"pa_max-belastung-130-kg-fr","19":"pa_max-geschwindigkeit-vitesse-03-8-km-h-increments-de-01-km-h-018-5-mph-pente-5-50-resolution-de-1","20":"pa_stromversorgung-electricite-220v-50-60hz","21":"pa_traningslevel-12-programmes-predefinis","23":"first","24":"instock","25":"product-type-simple"},"yoast_head":"<!-- This site is optimized with the Yoast SEO plugin v23.8 - https:\/\/yoast.com\/wordpress\/plugins\/seo\/ -->\n<title>MY MOUNTAIN - BZ Solutions<\/title>\n<meta name=\"robots\" content=\"index, follow, max-snippet:-1, max-image-preview:large, max-video-preview:-1\" \/>\n<link rel=\"canonical\" href=\"https:\/\/www.bzsolutions.ch\/fr\/produkt\/my-mountain\/\" \/>\n<meta property=\"og:locale\" content=\"fr_FR\" \/>\n<meta property=\"og:type\" content=\"article\" \/>\n<meta property=\"og:title\" content=\"MY MOUNTAIN - BZ Solutions\" \/>\n<meta property=\"og:description\" content=\"Atteignez de nouveaux sommets dans votre entra\u00eenement avec MyMountain, le tapis de course ultime pour les simulations exigeantes de mont\u00e9e et de descente. MyMountain est le choix id\u00e9al pour les passionn\u00e9s de fitness \u00e0 la recherche d&#039;un tapis de course polyvalent et peu encombrant, qui permet de r\u00e9aliser des entra\u00eenements intensifs en c\u00f4te tout en exer\u00e7ant une faible pression sur les articulations.\" \/>\n<meta property=\"og:url\" content=\"https:\/\/www.bzsolutions.ch\/fr\/produkt\/my-mountain\/\" \/>\n<meta property=\"og:site_name\" content=\"BZ Solutions\" \/>\n<meta property=\"og:image\" content=\"https:\/\/www.bzsolutions.ch\/wp-content\/uploads\/2024\/04\/Drax_MyMountain_MM5050SE-1.png\" \/>\n\t<meta property=\"og:image:width\" content=\"1000\" \/>\n\t<meta property=\"og:image:height\" content=\"1000\" \/>\n\t<meta property=\"og:image:type\" content=\"image\/png\" \/>\n<meta name=\"twitter:card\" content=\"summary_large_image\" \/>\n<meta name=\"twitter:label1\" content=\"Dur\u00e9e de lecture estim\u00e9e\" \/>\n\t<meta name=\"twitter:data1\" content=\"1 minute\" \/>\n<script type=\"application\/ld+json\" class=\"yoast-schema-graph\">{\"@context\":\"https:\/\/schema.org\",\"@graph\":[{\"@type\":\"WebPage\",\"@id\":\"https:\/\/www.bzsolutions.ch\/fr\/produkt\/my-mountain\/\",\"url\":\"https:\/\/www.bzsolutions.ch\/fr\/produkt\/my-mountain\/\",\"name\":\"MY MOUNTAIN - BZ Solutions\",\"isPartOf\":{\"@id\":\"https:\/\/www.bzsolutions.ch\/fr\/#website\"},\"primaryImageOfPage\":{\"@id\":\"https:\/\/www.bzsolutions.ch\/fr\/produkt\/my-mountain\/#primaryimage\"},\"image\":{\"@id\":\"https:\/\/www.bzsolutions.ch\/fr\/produkt\/my-mountain\/#primaryimage\"},\"thumbnailUrl\":\"https:\/\/www.bzsolutions.ch\/wp-content\/uploads\/2024\/04\/Drax_MyMountain_MM5050SE-1.png\",\"datePublished\":\"2024-04-03T15:34:52+00:00\",\"dateModified\":\"2024-04-03T15:34:52+00:00\",\"breadcrumb\":{\"@id\":\"https:\/\/www.bzsolutions.ch\/fr\/produkt\/my-mountain\/#breadcrumb\"},\"inLanguage\":\"fr-FR\",\"potentialAction\":[{\"@type\":\"ReadAction\",\"target\":[\"https:\/\/www.bzsolutions.ch\/fr\/produkt\/my-mountain\/\"]}]},{\"@type\":\"ImageObject\",\"inLanguage\":\"fr-FR\",\"@id\":\"https:\/\/www.bzsolutions.ch\/fr\/produkt\/my-mountain\/#primaryimage\",\"url\":\"https:\/\/www.bzsolutions.ch\/wp-content\/uploads\/2024\/04\/Drax_MyMountain_MM5050SE-1.png\",\"contentUrl\":\"https:\/\/www.bzsolutions.ch\/wp-content\/uploads\/2024\/04\/Drax_MyMountain_MM5050SE-1.png\",\"width\":1000,\"height\":1000},{\"@type\":\"BreadcrumbList\",\"@id\":\"https:\/\/www.bzsolutions.ch\/fr\/produkt\/my-mountain\/#breadcrumb\",\"itemListElement\":[{\"@type\":\"ListItem\",\"position\":1,\"name\":\"Startseite\",\"item\":\"https:\/\/www.bzsolutions.ch\/fr\/\"},{\"@type\":\"ListItem\",\"position\":2,\"name\":\"Shop\",\"item\":\"https:\/\/www.bzsolutions.ch\/shop\/\"},{\"@type\":\"ListItem\",\"position\":3,\"name\":\"MY MOUNTAIN\"}]},{\"@type\":\"WebSite\",\"@id\":\"https:\/\/www.bzsolutions.ch\/fr\/#website\",\"url\":\"https:\/\/www.bzsolutions.ch\/fr\/\",\"name\":\"BZ Solutions\",\"description\":\"Total Fitness Solutions\",\"publisher\":{\"@id\":\"https:\/\/www.bzsolutions.ch\/fr\/#organization\"},\"potentialAction\":[{\"@type\":\"SearchAction\",\"target\":{\"@type\":\"EntryPoint\",\"urlTemplate\":\"https:\/\/www.bzsolutions.ch\/fr\/?s={search_term_string}\"},\"query-input\":{\"@type\":\"PropertyValueSpecification\",\"valueRequired\":true,\"valueName\":\"search_term_string\"}}],\"inLanguage\":\"fr-FR\"},{\"@type\":\"Organization\",\"@id\":\"https:\/\/www.bzsolutions.ch\/fr\/#organization\",\"name\":\"BZ Solutions\",\"url\":\"https:\/\/www.bzsolutions.ch\/fr\/\",\"logo\":{\"@type\":\"ImageObject\",\"inLanguage\":\"fr-FR\",\"@id\":\"https:\/\/www.bzsolutions.ch\/fr\/#\/schema\/logo\/image\/\",\"url\":\"https:\/\/www.bzsolutions.ch\/wp-content\/uploads\/2024\/03\/logo_bz-solutions.png\",\"contentUrl\":\"https:\/\/www.bzsolutions.ch\/wp-content\/uploads\/2024\/03\/logo_bz-solutions.png\",\"width\":600,\"height\":136,\"caption\":\"BZ Solutions\"},\"image\":{\"@id\":\"https:\/\/www.bzsolutions.ch\/fr\/#\/schema\/logo\/image\/\"}}]}<\/script>\n<!-- \/ Yoast SEO plugin. -->","yoast_head_json":{"title":"MY MOUNTAIN - BZ Solutions","robots":{"index":"index","follow":"follow","max-snippet":"max-snippet:-1","max-image-preview":"max-image-preview:large","max-video-preview":"max-video-preview:-1"},"canonical":"https:\/\/www.bzsolutions.ch\/fr\/produkt\/my-mountain\/","og_locale":"fr_FR","og_type":"article","og_title":"MY MOUNTAIN - BZ Solutions","og_description":"Atteignez de nouveaux sommets dans votre entra\u00eenement avec MyMountain, le tapis de course ultime pour les simulations exigeantes de mont\u00e9e et de descente. MyMountain est le choix id\u00e9al pour les passionn\u00e9s de fitness \u00e0 la recherche d'un tapis de course polyvalent et peu encombrant, qui permet de r\u00e9aliser des entra\u00eenements intensifs en c\u00f4te tout en exer\u00e7ant une faible pression sur les articulations.","og_url":"https:\/\/www.bzsolutions.ch\/fr\/produkt\/my-mountain\/","og_site_name":"BZ Solutions","og_image":[{"width":1000,"height":1000,"url":"https:\/\/www.bzsolutions.ch\/wp-content\/uploads\/2024\/04\/Drax_MyMountain_MM5050SE-1.png","type":"image\/png"}],"twitter_card":"summary_large_image","twitter_misc":{"Dur\u00e9e de lecture estim\u00e9e":"1 minute"},"schema":{"@context":"https:\/\/schema.org","@graph":[{"@type":"WebPage","@id":"https:\/\/www.bzsolutions.ch\/fr\/produkt\/my-mountain\/","url":"https:\/\/www.bzsolutions.ch\/fr\/produkt\/my-mountain\/","name":"MY MOUNTAIN - BZ Solutions","isPartOf":{"@id":"https:\/\/www.bzsolutions.ch\/fr\/#website"},"primaryImageOfPage":{"@id":"https:\/\/www.bzsolutions.ch\/fr\/produkt\/my-mountain\/#primaryimage"},"image":{"@id":"https:\/\/www.bzsolutions.ch\/fr\/produkt\/my-mountain\/#primaryimage"},"thumbnailUrl":"https:\/\/www.bzsolutions.ch\/wp-content\/uploads\/2024\/04\/Drax_MyMountain_MM5050SE-1.png","datePublished":"2024-04-03T15:34:52+00:00","dateModified":"2024-04-03T15:34:52+00:00","breadcrumb":{"@id":"https:\/\/www.bzsolutions.ch\/fr\/produkt\/my-mountain\/#breadcrumb"},"inLanguage":"fr-FR","potentialAction":[{"@type":"ReadAction","target":["https:\/\/www.bzsolutions.ch\/fr\/produkt\/my-mountain\/"]}]},{"@type":"ImageObject","inLanguage":"fr-FR","@id":"https:\/\/www.bzsolutions.ch\/fr\/produkt\/my-mountain\/#primaryimage","url":"https:\/\/www.bzsolutions.ch\/wp-content\/uploads\/2024\/04\/Drax_MyMountain_MM5050SE-1.png","contentUrl":"https:\/\/www.bzsolutions.ch\/wp-content\/uploads\/2024\/04\/Drax_MyMountain_MM5050SE-1.png","width":1000,"height":1000},{"@type":"BreadcrumbList","@id":"https:\/\/www.bzsolutions.ch\/fr\/produkt\/my-mountain\/#breadcrumb","itemListElement":[{"@type":"ListItem","position":1,"name":"Startseite","item":"https:\/\/www.bzsolutions.ch\/fr\/"},{"@type":"ListItem","position":2,"name":"Shop","item":"https:\/\/www.bzsolutions.ch\/shop\/"},{"@type":"ListItem","position":3,"name":"MY MOUNTAIN"}]},{"@type":"WebSite","@id":"https:\/\/www.bzsolutions.ch\/fr\/#website","url":"https:\/\/www.bzsolutions.ch\/fr\/","name":"BZ Solutions","description":"Total Fitness Solutions","publisher":{"@id":"https:\/\/www.bzsolutions.ch\/fr\/#organization"},"potentialAction":[{"@type":"SearchAction","target":{"@type":"EntryPoint","urlTemplate":"https:\/\/www.bzsolutions.ch\/fr\/?s={search_term_string}"},"query-input":{"@type":"PropertyValueSpecification","valueRequired":true,"valueName":"search_term_string"}}],"inLanguage":"fr-FR"},{"@type":"Organization","@id":"https:\/\/www.bzsolutions.ch\/fr\/#organization","name":"BZ Solutions","url":"https:\/\/www.bzsolutions.ch\/fr\/","logo":{"@type":"ImageObject","inLanguage":"fr-FR","@id":"https:\/\/www.bzsolutions.ch\/fr\/#\/schema\/logo\/image\/","url":"https:\/\/www.bzsolutions.ch\/wp-content\/uploads\/2024\/03\/logo_bz-solutions.png","contentUrl":"https:\/\/www.bzsolutions.ch\/wp-content\/uploads\/2024\/03\/logo_bz-solutions.png","width":600,"height":136,"caption":"BZ Solutions"},"image":{"@id":"https:\/\/www.bzsolutions.ch\/fr\/#\/schema\/logo\/image\/"}}]}},"_links":{"self":[{"href":"https:\/\/www.bzsolutions.ch\/fr\/wp-json\/wp\/v2\/product\/48812","targetHints":{"allow":["GET"]}}],"collection":[{"href":"https:\/\/www.bzsolutions.ch\/fr\/wp-json\/wp\/v2\/product"}],"about":[{"href":"https:\/\/www.bzsolutions.ch\/fr\/wp-json\/wp\/v2\/types\/product"}],"wp:featuredmedia":[{"embeddable":true,"href":"https:\/\/www.bzsolutions.ch\/fr\/wp-json\/wp\/v2\/media\/47971"}],"wp:attachment":[{"href":"https:\/\/www.bzsolutions.ch\/fr\/wp-json\/wp\/v2\/media?parent=48812"}],"wp:term":[{"taxonomy":"product_brand","embeddable":true,"href":"https:\/\/www.bzsolutions.ch\/fr\/wp-json\/wp\/v2\/product_brand?post=48812"},{"taxonomy":"product_cat","embeddable":true,"href":"https:\/\/www.bzsolutions.ch\/fr\/wp-json\/wp\/v2\/product_cat?post=48812"},{"taxonomy":"product_tag","embeddable":true,"href":"https:\/\/www.bzsolutions.ch\/fr\/wp-json\/wp\/v2\/product_tag?post=48812"}],"curies":[{"name":"wp","href":"https:\/\/api.w.org\/{rel}","templated":true}]}}