{"id":48813,"date":"2024-04-03T17:25:18","date_gmt":"2024-04-03T15:25:18","guid":{"rendered":"https:\/\/www.bzsolutions.ch\/produkt\/booty-builder-v-squat-hack-squat-machine-a-faire-des-squats\/"},"modified":"2024-04-03T17:25:18","modified_gmt":"2024-04-03T15:25:18","slug":"booty-builder-v-squat-hack-squat-machine-a-faire-des-squats","status":"publish","type":"product","link":"https:\/\/www.bzsolutions.ch\/fr\/produkt\/booty-builder-v-squat-hack-squat-machine-a-faire-des-squats\/","title":{"rendered":"BOOTY BUILDER\u00ae V-Squat \/ Hack Squat &#8211; Machine \u00e0 faire des squats"},"content":{"rendered":"<p>01. R\u00c9VOLUTION DE L&#8217;ENTRA\u00ceNEMENT AU BOUTON : La Booty Builder Station 2.0 allie design innovant et fonctionnalit\u00e9 pour vous offrir le meilleur des deux mondes. Les pieds sur\u00e9lev\u00e9s vous permettent d&#8217;effectuer le mouvement directement vers le haut afin d&#8217;isoler efficacement les muscles fessiers et les cuisses, tout en obtenant une amplitude de mouvement plus basse. La possibilit\u00e9 de d\u00e9placer la plate-forme pour les pieds ouvre \u00e9galement la voie \u00e0 des pouss\u00e9es traditionnelles des hanches avec les halt\u00e8res pour une activation musculaire compl\u00e8te.<\/p>\n<p>02. ACTIVATION MUSCULAIRE CIBL\u00c9E &amp; MOINS DE CHARGE : En plus de renforcer les muscles fessiers de mani\u00e8re cibl\u00e9e, la Booty Builder Station 2.0 permet de r\u00e9duire la charge sur le bas du dos par rapport aux squats traditionnels, ce qui en fait une option s\u00fbre pour tous les niveaux de fitness. La station offre une stabilit\u00e9 et un contr\u00f4le accrus du mouvement, id\u00e9al pour les d\u00e9butants comme pour les utilisateurs avanc\u00e9s.<\/p>\n<p>03. ERGONOMIQUE ET ROBUSTE : La Booty Builder Station 2.0 se distingue par son design ergonomique et sa construction robuste, qui promettent une durabilit\u00e9 et un confort \u00e0 long terme pendant l&#8217;entra\u00eenement. Avec ses broches de bande coulissantes, elle est \u00e9galement id\u00e9ale pour une vari\u00e9t\u00e9 d&#8217;exercices de bande de r\u00e9sistance afin de diversifier et d&#8217;intensifier davantage votre entra\u00eenement.<\/p>\n","protected":false},"excerpt":{"rendered":"<p>D\u00e9couvrez la nouvelle g\u00e9n\u00e9ration d&#8217;entra\u00eenement des fessiers avec la Booty Builder Station 2.0, sp\u00e9cialement con\u00e7ue pour r\u00e9volutionner l&#8217;entra\u00eenement classique de la pouss\u00e9e des hanches. Cette station multifonctionnelle est un \u00e9l\u00e9ment indispensable de toute salle de sport et offre une solution innovante pour l&#8217;un des exercices les plus efficaces pour renforcer les muscles fessiers.<\/p>\n","protected":false},"featured_media":48162,"template":"","meta":{"inline_featured_image":false},"product_brand":[],"product_cat":[],"product_tag":[],"class_list":{"0":"post-48813","1":"product","2":"type-product","3":"status-publish","4":"has-post-thumbnail","7":"first","8":"instock","9":"product-type-simple"},"yoast_head":"<!-- This site is optimized with the Yoast SEO plugin v23.8 - https:\/\/yoast.com\/wordpress\/plugins\/seo\/ -->\n<title>BOOTY BUILDER\u00ae V-Squat \/ Hack Squat - Machine \u00e0 faire des squats - BZ Solutions<\/title>\n<meta name=\"robots\" content=\"index, follow, max-snippet:-1, max-image-preview:large, max-video-preview:-1\" \/>\n<link rel=\"canonical\" href=\"https:\/\/www.bzsolutions.ch\/fr\/produkt\/booty-builder-v-squat-hack-squat-machine-a-faire-des-squats\/\" \/>\n<meta property=\"og:locale\" content=\"fr_FR\" \/>\n<meta property=\"og:type\" content=\"article\" \/>\n<meta property=\"og:title\" content=\"BOOTY BUILDER\u00ae V-Squat \/ Hack Squat - Machine \u00e0 faire des squats - BZ Solutions\" \/>\n<meta property=\"og:description\" content=\"D\u00e9couvrez la nouvelle g\u00e9n\u00e9ration d&#039;entra\u00eenement des fessiers avec la Booty Builder Station 2.0, sp\u00e9cialement con\u00e7ue pour r\u00e9volutionner l&#039;entra\u00eenement classique de la pouss\u00e9e des hanches. Cette station multifonctionnelle est un \u00e9l\u00e9ment indispensable de toute salle de sport et offre une solution innovante pour l&#039;un des exercices les plus efficaces pour renforcer les muscles fessiers.\" \/>\n<meta property=\"og:url\" content=\"https:\/\/www.bzsolutions.ch\/fr\/produkt\/booty-builder-v-squat-hack-squat-machine-a-faire-des-squats\/\" \/>\n<meta property=\"og:site_name\" content=\"BZ Solutions\" \/>\n<meta property=\"og:image\" content=\"https:\/\/www.bzsolutions.ch\/wp-content\/uploads\/2024\/04\/BB_Squat_1SQ.jpg\" \/>\n\t<meta property=\"og:image:width\" content=\"1080\" \/>\n\t<meta property=\"og:image:height\" content=\"1080\" \/>\n\t<meta property=\"og:image:type\" content=\"image\/jpeg\" \/>\n<meta name=\"twitter:card\" content=\"summary_large_image\" \/>\n<meta name=\"twitter:label1\" content=\"Dur\u00e9e de lecture estim\u00e9e\" \/>\n\t<meta name=\"twitter:data1\" content=\"1 minute\" \/>\n<script type=\"application\/ld+json\" class=\"yoast-schema-graph\">{\"@context\":\"https:\/\/schema.org\",\"@graph\":[{\"@type\":\"WebPage\",\"@id\":\"https:\/\/www.bzsolutions.ch\/fr\/produkt\/booty-builder-v-squat-hack-squat-machine-a-faire-des-squats\/\",\"url\":\"https:\/\/www.bzsolutions.ch\/fr\/produkt\/booty-builder-v-squat-hack-squat-machine-a-faire-des-squats\/\",\"name\":\"BOOTY BUILDER\u00ae V-Squat \/ Hack Squat - Machine \u00e0 faire des squats - BZ Solutions\",\"isPartOf\":{\"@id\":\"https:\/\/www.bzsolutions.ch\/fr\/#website\"},\"primaryImageOfPage\":{\"@id\":\"https:\/\/www.bzsolutions.ch\/fr\/produkt\/booty-builder-v-squat-hack-squat-machine-a-faire-des-squats\/#primaryimage\"},\"image\":{\"@id\":\"https:\/\/www.bzsolutions.ch\/fr\/produkt\/booty-builder-v-squat-hack-squat-machine-a-faire-des-squats\/#primaryimage\"},\"thumbnailUrl\":\"https:\/\/www.bzsolutions.ch\/wp-content\/uploads\/2024\/04\/BB_Squat_1SQ.jpg\",\"datePublished\":\"2024-04-03T15:25:18+00:00\",\"dateModified\":\"2024-04-03T15:25:18+00:00\",\"breadcrumb\":{\"@id\":\"https:\/\/www.bzsolutions.ch\/fr\/produkt\/booty-builder-v-squat-hack-squat-machine-a-faire-des-squats\/#breadcrumb\"},\"inLanguage\":\"fr-FR\",\"potentialAction\":[{\"@type\":\"ReadAction\",\"target\":[\"https:\/\/www.bzsolutions.ch\/fr\/produkt\/booty-builder-v-squat-hack-squat-machine-a-faire-des-squats\/\"]}]},{\"@type\":\"ImageObject\",\"inLanguage\":\"fr-FR\",\"@id\":\"https:\/\/www.bzsolutions.ch\/fr\/produkt\/booty-builder-v-squat-hack-squat-machine-a-faire-des-squats\/#primaryimage\",\"url\":\"https:\/\/www.bzsolutions.ch\/wp-content\/uploads\/2024\/04\/BB_Squat_1SQ.jpg\",\"contentUrl\":\"https:\/\/www.bzsolutions.ch\/wp-content\/uploads\/2024\/04\/BB_Squat_1SQ.jpg\",\"width\":1080,\"height\":1080},{\"@type\":\"BreadcrumbList\",\"@id\":\"https:\/\/www.bzsolutions.ch\/fr\/produkt\/booty-builder-v-squat-hack-squat-machine-a-faire-des-squats\/#breadcrumb\",\"itemListElement\":[{\"@type\":\"ListItem\",\"position\":1,\"name\":\"Startseite\",\"item\":\"https:\/\/www.bzsolutions.ch\/fr\/\"},{\"@type\":\"ListItem\",\"position\":2,\"name\":\"Shop\",\"item\":\"https:\/\/www.bzsolutions.ch\/shop\/\"},{\"@type\":\"ListItem\",\"position\":3,\"name\":\"BOOTY BUILDER\u00ae V-Squat \/ Hack Squat &#8211; Machine \u00e0 faire des squats\"}]},{\"@type\":\"WebSite\",\"@id\":\"https:\/\/www.bzsolutions.ch\/fr\/#website\",\"url\":\"https:\/\/www.bzsolutions.ch\/fr\/\",\"name\":\"BZ Solutions\",\"description\":\"Total Fitness Solutions\",\"publisher\":{\"@id\":\"https:\/\/www.bzsolutions.ch\/fr\/#organization\"},\"potentialAction\":[{\"@type\":\"SearchAction\",\"target\":{\"@type\":\"EntryPoint\",\"urlTemplate\":\"https:\/\/www.bzsolutions.ch\/fr\/?s={search_term_string}\"},\"query-input\":{\"@type\":\"PropertyValueSpecification\",\"valueRequired\":true,\"valueName\":\"search_term_string\"}}],\"inLanguage\":\"fr-FR\"},{\"@type\":\"Organization\",\"@id\":\"https:\/\/www.bzsolutions.ch\/fr\/#organization\",\"name\":\"BZ Solutions\",\"url\":\"https:\/\/www.bzsolutions.ch\/fr\/\",\"logo\":{\"@type\":\"ImageObject\",\"inLanguage\":\"fr-FR\",\"@id\":\"https:\/\/www.bzsolutions.ch\/fr\/#\/schema\/logo\/image\/\",\"url\":\"https:\/\/www.bzsolutions.ch\/wp-content\/uploads\/2024\/03\/logo_bz-solutions.png\",\"contentUrl\":\"https:\/\/www.bzsolutions.ch\/wp-content\/uploads\/2024\/03\/logo_bz-solutions.png\",\"width\":600,\"height\":136,\"caption\":\"BZ Solutions\"},\"image\":{\"@id\":\"https:\/\/www.bzsolutions.ch\/fr\/#\/schema\/logo\/image\/\"}}]}<\/script>\n<!-- \/ Yoast SEO plugin. -->","yoast_head_json":{"title":"BOOTY BUILDER\u00ae V-Squat \/ Hack Squat - Machine \u00e0 faire des squats - BZ Solutions","robots":{"index":"index","follow":"follow","max-snippet":"max-snippet:-1","max-image-preview":"max-image-preview:large","max-video-preview":"max-video-preview:-1"},"canonical":"https:\/\/www.bzsolutions.ch\/fr\/produkt\/booty-builder-v-squat-hack-squat-machine-a-faire-des-squats\/","og_locale":"fr_FR","og_type":"article","og_title":"BOOTY BUILDER\u00ae V-Squat \/ Hack Squat - Machine \u00e0 faire des squats - BZ Solutions","og_description":"D\u00e9couvrez la nouvelle g\u00e9n\u00e9ration d'entra\u00eenement des fessiers avec la Booty Builder Station 2.0, sp\u00e9cialement con\u00e7ue pour r\u00e9volutionner l'entra\u00eenement classique de la pouss\u00e9e des hanches. Cette station multifonctionnelle est un \u00e9l\u00e9ment indispensable de toute salle de sport et offre une solution innovante pour l'un des exercices les plus efficaces pour renforcer les muscles fessiers.","og_url":"https:\/\/www.bzsolutions.ch\/fr\/produkt\/booty-builder-v-squat-hack-squat-machine-a-faire-des-squats\/","og_site_name":"BZ Solutions","og_image":[{"width":1080,"height":1080,"url":"https:\/\/www.bzsolutions.ch\/wp-content\/uploads\/2024\/04\/BB_Squat_1SQ.jpg","type":"image\/jpeg"}],"twitter_card":"summary_large_image","twitter_misc":{"Dur\u00e9e de lecture estim\u00e9e":"1 minute"},"schema":{"@context":"https:\/\/schema.org","@graph":[{"@type":"WebPage","@id":"https:\/\/www.bzsolutions.ch\/fr\/produkt\/booty-builder-v-squat-hack-squat-machine-a-faire-des-squats\/","url":"https:\/\/www.bzsolutions.ch\/fr\/produkt\/booty-builder-v-squat-hack-squat-machine-a-faire-des-squats\/","name":"BOOTY BUILDER\u00ae V-Squat \/ Hack Squat - Machine \u00e0 faire des squats - BZ Solutions","isPartOf":{"@id":"https:\/\/www.bzsolutions.ch\/fr\/#website"},"primaryImageOfPage":{"@id":"https:\/\/www.bzsolutions.ch\/fr\/produkt\/booty-builder-v-squat-hack-squat-machine-a-faire-des-squats\/#primaryimage"},"image":{"@id":"https:\/\/www.bzsolutions.ch\/fr\/produkt\/booty-builder-v-squat-hack-squat-machine-a-faire-des-squats\/#primaryimage"},"thumbnailUrl":"https:\/\/www.bzsolutions.ch\/wp-content\/uploads\/2024\/04\/BB_Squat_1SQ.jpg","datePublished":"2024-04-03T15:25:18+00:00","dateModified":"2024-04-03T15:25:18+00:00","breadcrumb":{"@id":"https:\/\/www.bzsolutions.ch\/fr\/produkt\/booty-builder-v-squat-hack-squat-machine-a-faire-des-squats\/#breadcrumb"},"inLanguage":"fr-FR","potentialAction":[{"@type":"ReadAction","target":["https:\/\/www.bzsolutions.ch\/fr\/produkt\/booty-builder-v-squat-hack-squat-machine-a-faire-des-squats\/"]}]},{"@type":"ImageObject","inLanguage":"fr-FR","@id":"https:\/\/www.bzsolutions.ch\/fr\/produkt\/booty-builder-v-squat-hack-squat-machine-a-faire-des-squats\/#primaryimage","url":"https:\/\/www.bzsolutions.ch\/wp-content\/uploads\/2024\/04\/BB_Squat_1SQ.jpg","contentUrl":"https:\/\/www.bzsolutions.ch\/wp-content\/uploads\/2024\/04\/BB_Squat_1SQ.jpg","width":1080,"height":1080},{"@type":"BreadcrumbList","@id":"https:\/\/www.bzsolutions.ch\/fr\/produkt\/booty-builder-v-squat-hack-squat-machine-a-faire-des-squats\/#breadcrumb","itemListElement":[{"@type":"ListItem","position":1,"name":"Startseite","item":"https:\/\/www.bzsolutions.ch\/fr\/"},{"@type":"ListItem","position":2,"name":"Shop","item":"https:\/\/www.bzsolutions.ch\/shop\/"},{"@type":"ListItem","position":3,"name":"BOOTY BUILDER\u00ae V-Squat \/ Hack Squat &#8211; Machine \u00e0 faire des squats"}]},{"@type":"WebSite","@id":"https:\/\/www.bzsolutions.ch\/fr\/#website","url":"https:\/\/www.bzsolutions.ch\/fr\/","name":"BZ Solutions","description":"Total Fitness Solutions","publisher":{"@id":"https:\/\/www.bzsolutions.ch\/fr\/#organization"},"potentialAction":[{"@type":"SearchAction","target":{"@type":"EntryPoint","urlTemplate":"https:\/\/www.bzsolutions.ch\/fr\/?s={search_term_string}"},"query-input":{"@type":"PropertyValueSpecification","valueRequired":true,"valueName":"search_term_string"}}],"inLanguage":"fr-FR"},{"@type":"Organization","@id":"https:\/\/www.bzsolutions.ch\/fr\/#organization","name":"BZ Solutions","url":"https:\/\/www.bzsolutions.ch\/fr\/","logo":{"@type":"ImageObject","inLanguage":"fr-FR","@id":"https:\/\/www.bzsolutions.ch\/fr\/#\/schema\/logo\/image\/","url":"https:\/\/www.bzsolutions.ch\/wp-content\/uploads\/2024\/03\/logo_bz-solutions.png","contentUrl":"https:\/\/www.bzsolutions.ch\/wp-content\/uploads\/2024\/03\/logo_bz-solutions.png","width":600,"height":136,"caption":"BZ Solutions"},"image":{"@id":"https:\/\/www.bzsolutions.ch\/fr\/#\/schema\/logo\/image\/"}}]}},"_links":{"self":[{"href":"https:\/\/www.bzsolutions.ch\/fr\/wp-json\/wp\/v2\/product\/48813","targetHints":{"allow":["GET"]}}],"collection":[{"href":"https:\/\/www.bzsolutions.ch\/fr\/wp-json\/wp\/v2\/product"}],"about":[{"href":"https:\/\/www.bzsolutions.ch\/fr\/wp-json\/wp\/v2\/types\/product"}],"wp:featuredmedia":[{"embeddable":true,"href":"https:\/\/www.bzsolutions.ch\/fr\/wp-json\/wp\/v2\/media\/48162"}],"wp:attachment":[{"href":"https:\/\/www.bzsolutions.ch\/fr\/wp-json\/wp\/v2\/media?parent=48813"}],"wp:term":[{"taxonomy":"product_brand","embeddable":true,"href":"https:\/\/www.bzsolutions.ch\/fr\/wp-json\/wp\/v2\/product_brand?post=48813"},{"taxonomy":"product_cat","embeddable":true,"href":"https:\/\/www.bzsolutions.ch\/fr\/wp-json\/wp\/v2\/product_cat?post=48813"},{"taxonomy":"product_tag","embeddable":true,"href":"https:\/\/www.bzsolutions.ch\/fr\/wp-json\/wp\/v2\/product_tag?post=48813"}],"curies":[{"name":"wp","href":"https:\/\/api.w.org\/{rel}","templated":true}]}}