{"id":48814,"date":"2024-04-03T17:34:52","date_gmt":"2024-04-03T15:34:52","guid":{"rendered":"https:\/\/www.bzsolutions.ch\/produkt\/elliptique-de6a\/"},"modified":"2024-04-03T17:34:52","modified_gmt":"2024-04-03T15:34:52","slug":"elliptique-de6a","status":"publish","type":"product","link":"https:\/\/www.bzsolutions.ch\/fr\/produkt\/elliptique-de6a\/","title":{"rendered":"ELLIPTIQUE DE6A"},"content":{"rendered":"<p>01. ERGONOMIE<br \/>\nLa conception ergonomique des poign\u00e9es minimise les diff\u00e9rences de taille et offre une exp\u00e9rience d&#8217;entra\u00eenement plus confortable.<\/p>\n<p>02. MONITEUR DE FR\u00c9QUENCE CARDIAQUE ET INDICATEUR D&#8217;ENTRA\u00ceNEMENT<br \/>\nLe cardiofr\u00e9quencem\u00e8tre int\u00e9gr\u00e9 transmet la fr\u00e9quence cardiaque en temps r\u00e9el \u00e0 l&#8217;\u00e9cran, ce qui permet aux utilisateurs de garder un \u0153il sur leurs donn\u00e9es d&#8217;exercice et d&#8217;utiliser des programmes d&#8217;entra\u00eenement bas\u00e9s sur la fr\u00e9quence cardiaque.<\/p>\n<p>03. DESIGN \u00c9L\u00c9GANT &amp; SENSATION DE MARCHE NATURELLE<br \/>\nUn design \u00e9l\u00e9gant et une conception ergonomique garantissent une exp\u00e9rience de course et d&#8217;entra\u00eenement naturelle et stable.<\/p>\n","protected":false},"excerpt":{"rendered":"<p>Le mod\u00e8le de base dispose d&#8217;un \u00e9cran LED avec des fonctions de base et constitue le mod\u00e8le d&#8217;entr\u00e9e de gamme de la s\u00e9rie elliptique de DRAX. D\u00e9pourvu de fonctionnalit\u00e9s interactives comme le DE6A, il est particuli\u00e8rement adapt\u00e9 aux \u00e9tablissements ax\u00e9s sur l&#8217;entra\u00eenement m\u00e9dical ou aux clubs qui tiennent \u00e0 ce que leurs membres ne soient pas distraits par des \u00e9l\u00e9ments interactifs pendant l&#8217;entra\u00eenement.<\/p>\n","protected":false},"featured_media":47970,"template":"","meta":{"inline_featured_image":false},"product_brand":[],"product_cat":[806,805,804,807],"product_tag":[808,809],"class_list":{"0":"post-48814","1":"product","2":"type-product","3":"status-publish","4":"has-post-thumbnail","6":"product_cat-appareils-dendurance","7":"product_cat-drax-fr","8":"product_cat-fournisseur","9":"product_cat-velo-elliptique","10":"product_tag-drax-fr","11":"product_tag-velo-elliptique","12":"pa_antriebssystem-systeme-dentrainement-systeme-de-generateur-hybride","13":"pa_breite-610-mm-fr","14":"pa_display-affichage-de-la-console-dot-matrix-temps-distance-calories-frequence-cardiaque","15":"pa_garantie-pieces-2-ans-panneau-tv-1-an-pieces-dusure-90-jours","16":"pa_gewicht-120-kg-264-lbs-fr","17":"pa_herzfrequenz-frequence-cardiaque-sans-fil-compatible-avec-polar","18":"pa_hoehe-1730-mm-fr","19":"pa_konsoledisplay-frequence-cardiaque-frequence-cardiaque-sans-fil-compatible-avec-polar-capteur-manuel-contacts-de-frequence-cardiaque","20":"pa_laenge-2120-mm-fr","21":"pa_max-belastung-180-kg-397-lbs-fr","22":"pa_schrittlaenge-510-mm-20-15-cm","23":"pa_stromversorgung-220v-50-60hz-ecran-lcd","24":"pa_traningslevel-niveau-de-formation-25-niveau-de-formation","26":"first","27":"instock","28":"product-type-simple"},"yoast_head":"<!-- This site is optimized with the Yoast SEO plugin v23.8 - https:\/\/yoast.com\/wordpress\/plugins\/seo\/ -->\n<title>ELLIPTIQUE DE6A - BZ Solutions<\/title>\n<meta name=\"robots\" content=\"index, follow, max-snippet:-1, max-image-preview:large, max-video-preview:-1\" \/>\n<link rel=\"canonical\" href=\"https:\/\/www.bzsolutions.ch\/fr\/produkt\/elliptique-de6a\/\" \/>\n<meta property=\"og:locale\" content=\"fr_FR\" \/>\n<meta property=\"og:type\" content=\"article\" \/>\n<meta property=\"og:title\" content=\"ELLIPTIQUE DE6A - BZ Solutions\" \/>\n<meta property=\"og:description\" content=\"Le mod\u00e8le de base dispose d&#039;un \u00e9cran LED avec des fonctions de base et constitue le mod\u00e8le d&#039;entr\u00e9e de gamme de la s\u00e9rie elliptique de DRAX. D\u00e9pourvu de fonctionnalit\u00e9s interactives comme le DE6A, il est particuli\u00e8rement adapt\u00e9 aux \u00e9tablissements ax\u00e9s sur l&#039;entra\u00eenement m\u00e9dical ou aux clubs qui tiennent \u00e0 ce que leurs membres ne soient pas distraits par des \u00e9l\u00e9ments interactifs pendant l&#039;entra\u00eenement.\" \/>\n<meta property=\"og:url\" content=\"https:\/\/www.bzsolutions.ch\/fr\/produkt\/elliptique-de6a\/\" \/>\n<meta property=\"og:site_name\" content=\"BZ Solutions\" \/>\n<meta property=\"og:image\" content=\"https:\/\/www.bzsolutions.ch\/wp-content\/uploads\/2024\/04\/Drax_Elliptical_DE6.png\" \/>\n\t<meta property=\"og:image:width\" content=\"1000\" \/>\n\t<meta property=\"og:image:height\" content=\"1000\" \/>\n\t<meta property=\"og:image:type\" content=\"image\/png\" \/>\n<meta name=\"twitter:card\" content=\"summary_large_image\" \/>\n<meta name=\"twitter:label1\" content=\"Dur\u00e9e de lecture estim\u00e9e\" \/>\n\t<meta name=\"twitter:data1\" content=\"1 minute\" \/>\n<script type=\"application\/ld+json\" class=\"yoast-schema-graph\">{\"@context\":\"https:\/\/schema.org\",\"@graph\":[{\"@type\":\"WebPage\",\"@id\":\"https:\/\/www.bzsolutions.ch\/fr\/produkt\/elliptique-de6a\/\",\"url\":\"https:\/\/www.bzsolutions.ch\/fr\/produkt\/elliptique-de6a\/\",\"name\":\"ELLIPTIQUE DE6A - BZ Solutions\",\"isPartOf\":{\"@id\":\"https:\/\/www.bzsolutions.ch\/fr\/#website\"},\"primaryImageOfPage\":{\"@id\":\"https:\/\/www.bzsolutions.ch\/fr\/produkt\/elliptique-de6a\/#primaryimage\"},\"image\":{\"@id\":\"https:\/\/www.bzsolutions.ch\/fr\/produkt\/elliptique-de6a\/#primaryimage\"},\"thumbnailUrl\":\"https:\/\/www.bzsolutions.ch\/wp-content\/uploads\/2024\/04\/Drax_Elliptical_DE6.png\",\"datePublished\":\"2024-04-03T15:34:52+00:00\",\"dateModified\":\"2024-04-03T15:34:52+00:00\",\"breadcrumb\":{\"@id\":\"https:\/\/www.bzsolutions.ch\/fr\/produkt\/elliptique-de6a\/#breadcrumb\"},\"inLanguage\":\"fr-FR\",\"potentialAction\":[{\"@type\":\"ReadAction\",\"target\":[\"https:\/\/www.bzsolutions.ch\/fr\/produkt\/elliptique-de6a\/\"]}]},{\"@type\":\"ImageObject\",\"inLanguage\":\"fr-FR\",\"@id\":\"https:\/\/www.bzsolutions.ch\/fr\/produkt\/elliptique-de6a\/#primaryimage\",\"url\":\"https:\/\/www.bzsolutions.ch\/wp-content\/uploads\/2024\/04\/Drax_Elliptical_DE6.png\",\"contentUrl\":\"https:\/\/www.bzsolutions.ch\/wp-content\/uploads\/2024\/04\/Drax_Elliptical_DE6.png\",\"width\":1000,\"height\":1000},{\"@type\":\"BreadcrumbList\",\"@id\":\"https:\/\/www.bzsolutions.ch\/fr\/produkt\/elliptique-de6a\/#breadcrumb\",\"itemListElement\":[{\"@type\":\"ListItem\",\"position\":1,\"name\":\"Startseite\",\"item\":\"https:\/\/www.bzsolutions.ch\/fr\/\"},{\"@type\":\"ListItem\",\"position\":2,\"name\":\"Shop\",\"item\":\"https:\/\/www.bzsolutions.ch\/shop\/\"},{\"@type\":\"ListItem\",\"position\":3,\"name\":\"ELLIPTIQUE DE6A\"}]},{\"@type\":\"WebSite\",\"@id\":\"https:\/\/www.bzsolutions.ch\/fr\/#website\",\"url\":\"https:\/\/www.bzsolutions.ch\/fr\/\",\"name\":\"BZ Solutions\",\"description\":\"Total Fitness Solutions\",\"publisher\":{\"@id\":\"https:\/\/www.bzsolutions.ch\/fr\/#organization\"},\"potentialAction\":[{\"@type\":\"SearchAction\",\"target\":{\"@type\":\"EntryPoint\",\"urlTemplate\":\"https:\/\/www.bzsolutions.ch\/fr\/?s={search_term_string}\"},\"query-input\":{\"@type\":\"PropertyValueSpecification\",\"valueRequired\":true,\"valueName\":\"search_term_string\"}}],\"inLanguage\":\"fr-FR\"},{\"@type\":\"Organization\",\"@id\":\"https:\/\/www.bzsolutions.ch\/fr\/#organization\",\"name\":\"BZ Solutions\",\"url\":\"https:\/\/www.bzsolutions.ch\/fr\/\",\"logo\":{\"@type\":\"ImageObject\",\"inLanguage\":\"fr-FR\",\"@id\":\"https:\/\/www.bzsolutions.ch\/fr\/#\/schema\/logo\/image\/\",\"url\":\"https:\/\/www.bzsolutions.ch\/wp-content\/uploads\/2024\/03\/logo_bz-solutions.png\",\"contentUrl\":\"https:\/\/www.bzsolutions.ch\/wp-content\/uploads\/2024\/03\/logo_bz-solutions.png\",\"width\":600,\"height\":136,\"caption\":\"BZ Solutions\"},\"image\":{\"@id\":\"https:\/\/www.bzsolutions.ch\/fr\/#\/schema\/logo\/image\/\"}}]}<\/script>\n<!-- \/ Yoast SEO plugin. -->","yoast_head_json":{"title":"ELLIPTIQUE DE6A - BZ Solutions","robots":{"index":"index","follow":"follow","max-snippet":"max-snippet:-1","max-image-preview":"max-image-preview:large","max-video-preview":"max-video-preview:-1"},"canonical":"https:\/\/www.bzsolutions.ch\/fr\/produkt\/elliptique-de6a\/","og_locale":"fr_FR","og_type":"article","og_title":"ELLIPTIQUE DE6A - BZ Solutions","og_description":"Le mod\u00e8le de base dispose d'un \u00e9cran LED avec des fonctions de base et constitue le mod\u00e8le d'entr\u00e9e de gamme de la s\u00e9rie elliptique de DRAX. D\u00e9pourvu de fonctionnalit\u00e9s interactives comme le DE6A, il est particuli\u00e8rement adapt\u00e9 aux \u00e9tablissements ax\u00e9s sur l'entra\u00eenement m\u00e9dical ou aux clubs qui tiennent \u00e0 ce que leurs membres ne soient pas distraits par des \u00e9l\u00e9ments interactifs pendant l'entra\u00eenement.","og_url":"https:\/\/www.bzsolutions.ch\/fr\/produkt\/elliptique-de6a\/","og_site_name":"BZ Solutions","og_image":[{"width":1000,"height":1000,"url":"https:\/\/www.bzsolutions.ch\/wp-content\/uploads\/2024\/04\/Drax_Elliptical_DE6.png","type":"image\/png"}],"twitter_card":"summary_large_image","twitter_misc":{"Dur\u00e9e de lecture estim\u00e9e":"1 minute"},"schema":{"@context":"https:\/\/schema.org","@graph":[{"@type":"WebPage","@id":"https:\/\/www.bzsolutions.ch\/fr\/produkt\/elliptique-de6a\/","url":"https:\/\/www.bzsolutions.ch\/fr\/produkt\/elliptique-de6a\/","name":"ELLIPTIQUE DE6A - BZ Solutions","isPartOf":{"@id":"https:\/\/www.bzsolutions.ch\/fr\/#website"},"primaryImageOfPage":{"@id":"https:\/\/www.bzsolutions.ch\/fr\/produkt\/elliptique-de6a\/#primaryimage"},"image":{"@id":"https:\/\/www.bzsolutions.ch\/fr\/produkt\/elliptique-de6a\/#primaryimage"},"thumbnailUrl":"https:\/\/www.bzsolutions.ch\/wp-content\/uploads\/2024\/04\/Drax_Elliptical_DE6.png","datePublished":"2024-04-03T15:34:52+00:00","dateModified":"2024-04-03T15:34:52+00:00","breadcrumb":{"@id":"https:\/\/www.bzsolutions.ch\/fr\/produkt\/elliptique-de6a\/#breadcrumb"},"inLanguage":"fr-FR","potentialAction":[{"@type":"ReadAction","target":["https:\/\/www.bzsolutions.ch\/fr\/produkt\/elliptique-de6a\/"]}]},{"@type":"ImageObject","inLanguage":"fr-FR","@id":"https:\/\/www.bzsolutions.ch\/fr\/produkt\/elliptique-de6a\/#primaryimage","url":"https:\/\/www.bzsolutions.ch\/wp-content\/uploads\/2024\/04\/Drax_Elliptical_DE6.png","contentUrl":"https:\/\/www.bzsolutions.ch\/wp-content\/uploads\/2024\/04\/Drax_Elliptical_DE6.png","width":1000,"height":1000},{"@type":"BreadcrumbList","@id":"https:\/\/www.bzsolutions.ch\/fr\/produkt\/elliptique-de6a\/#breadcrumb","itemListElement":[{"@type":"ListItem","position":1,"name":"Startseite","item":"https:\/\/www.bzsolutions.ch\/fr\/"},{"@type":"ListItem","position":2,"name":"Shop","item":"https:\/\/www.bzsolutions.ch\/shop\/"},{"@type":"ListItem","position":3,"name":"ELLIPTIQUE DE6A"}]},{"@type":"WebSite","@id":"https:\/\/www.bzsolutions.ch\/fr\/#website","url":"https:\/\/www.bzsolutions.ch\/fr\/","name":"BZ Solutions","description":"Total Fitness Solutions","publisher":{"@id":"https:\/\/www.bzsolutions.ch\/fr\/#organization"},"potentialAction":[{"@type":"SearchAction","target":{"@type":"EntryPoint","urlTemplate":"https:\/\/www.bzsolutions.ch\/fr\/?s={search_term_string}"},"query-input":{"@type":"PropertyValueSpecification","valueRequired":true,"valueName":"search_term_string"}}],"inLanguage":"fr-FR"},{"@type":"Organization","@id":"https:\/\/www.bzsolutions.ch\/fr\/#organization","name":"BZ Solutions","url":"https:\/\/www.bzsolutions.ch\/fr\/","logo":{"@type":"ImageObject","inLanguage":"fr-FR","@id":"https:\/\/www.bzsolutions.ch\/fr\/#\/schema\/logo\/image\/","url":"https:\/\/www.bzsolutions.ch\/wp-content\/uploads\/2024\/03\/logo_bz-solutions.png","contentUrl":"https:\/\/www.bzsolutions.ch\/wp-content\/uploads\/2024\/03\/logo_bz-solutions.png","width":600,"height":136,"caption":"BZ Solutions"},"image":{"@id":"https:\/\/www.bzsolutions.ch\/fr\/#\/schema\/logo\/image\/"}}]}},"_links":{"self":[{"href":"https:\/\/www.bzsolutions.ch\/fr\/wp-json\/wp\/v2\/product\/48814","targetHints":{"allow":["GET"]}}],"collection":[{"href":"https:\/\/www.bzsolutions.ch\/fr\/wp-json\/wp\/v2\/product"}],"about":[{"href":"https:\/\/www.bzsolutions.ch\/fr\/wp-json\/wp\/v2\/types\/product"}],"wp:featuredmedia":[{"embeddable":true,"href":"https:\/\/www.bzsolutions.ch\/fr\/wp-json\/wp\/v2\/media\/47970"}],"wp:attachment":[{"href":"https:\/\/www.bzsolutions.ch\/fr\/wp-json\/wp\/v2\/media?parent=48814"}],"wp:term":[{"taxonomy":"product_brand","embeddable":true,"href":"https:\/\/www.bzsolutions.ch\/fr\/wp-json\/wp\/v2\/product_brand?post=48814"},{"taxonomy":"product_cat","embeddable":true,"href":"https:\/\/www.bzsolutions.ch\/fr\/wp-json\/wp\/v2\/product_cat?post=48814"},{"taxonomy":"product_tag","embeddable":true,"href":"https:\/\/www.bzsolutions.ch\/fr\/wp-json\/wp\/v2\/product_tag?post=48814"}],"curies":[{"name":"wp","href":"https:\/\/api.w.org\/{rel}","templated":true}]}}