{"id":48815,"date":"2024-04-03T17:25:18","date_gmt":"2024-04-03T15:25:18","guid":{"rendered":"https:\/\/www.bzsolutions.ch\/produkt\/booty-builder-station-2-0\/"},"modified":"2024-04-03T17:25:18","modified_gmt":"2024-04-03T15:25:18","slug":"booty-builder-station-2-0","status":"publish","type":"product","link":"https:\/\/www.bzsolutions.ch\/fr\/produkt\/booty-builder-station-2-0\/","title":{"rendered":"BOOTY BUILDER\u00ae STATION 2.0"},"content":{"rendered":"<p>01. SP\u00c9CIALEMENT POUR L&#8217;ENTRA\u00ceNEMENT DES GLUTEUS : La Booty Builder Station 2.0 est parfaitement con\u00e7ue pour cibler les muscles fessiers et les cuisses gr\u00e2ce \u00e0 sa conception brevet\u00e9e avec pieds sur\u00e9lev\u00e9s. Elle vous permet d&#8217;\u00e9liminer les muscles quadriceps dominants et d&#8217;obtenir une amplitude de mouvement plus profonde pour un maximum de r\u00e9sultats. Pour varier les plaisirs, l&#8217;option permet de reculer la plate-forme pour les pieds pour des pouss\u00e9es traditionnelles des hanches avec l&#8217;halt\u00e8re.<\/p>\n<p>02. POLYVALENCE ET ADAPTATION : En plus de sa fonction principale, la Station 2.0 offre la possibilit\u00e9 d&#8217;effectuer des centaines d&#8217;exercices avec des bandes de r\u00e9sistance, aussi bien pour le haut que pour le bas du corps, gr\u00e2ce \u00e0 des broches de bande coulissantes. L&#8217;utilisation de bandes de r\u00e9sistance pour le balancement des hanches promet non seulement un confort, mais aussi une exp\u00e9rience d&#8217;entra\u00eenement intense.<\/p>\n<p>03. COMPACT ET ROBUSTE : Malgr\u00e9 ses nombreuses possibilit\u00e9s d&#8217;entra\u00eenement, la Booty Builder Station 2.0 reste compacte et s&#8217;int\u00e8gre donc parfaitement dans n&#8217;importe quelle salle de sport. Leur construction robuste garantit non seulement leur long\u00e9vit\u00e9, mais aussi leur s\u00e9curit\u00e9 et leur confort \u00e0 chaque entra\u00eenement.<\/p>\n","protected":false},"excerpt":{"rendered":"<p>La Booty Builder Station 2.0 est plus qu&#8217;un simple appareil d&#8217;entra\u00eenement &#8211; c&#8217;est une solution d&#8217;entra\u00eenement compl\u00e8te, sp\u00e9cialement con\u00e7ue pour optimiser et diversifier votre entra\u00eenement des fessiers. Faites-en le centre de votre salle de sport et d\u00e9couvrez comment elle transforme votre entra\u00eenement.<\/p>\n","protected":false},"featured_media":48178,"template":"","meta":{"inline_featured_image":false},"product_brand":[],"product_cat":[],"product_tag":[],"class_list":{"0":"post-48815","1":"product","2":"type-product","3":"status-publish","4":"has-post-thumbnail","7":"first","8":"instock","9":"product-type-simple"},"yoast_head":"<!-- This site is optimized with the Yoast SEO plugin v23.8 - https:\/\/yoast.com\/wordpress\/plugins\/seo\/ -->\n<title>BOOTY BUILDER\u00ae STATION 2.0 - BZ Solutions<\/title>\n<meta name=\"robots\" content=\"index, follow, max-snippet:-1, max-image-preview:large, max-video-preview:-1\" \/>\n<link rel=\"canonical\" href=\"https:\/\/www.bzsolutions.ch\/fr\/produkt\/booty-builder-station-2-0\/\" \/>\n<meta property=\"og:locale\" content=\"fr_FR\" \/>\n<meta property=\"og:type\" content=\"article\" \/>\n<meta property=\"og:title\" content=\"BOOTY BUILDER\u00ae STATION 2.0 - BZ Solutions\" \/>\n<meta property=\"og:description\" content=\"La Booty Builder Station 2.0 est plus qu&#039;un simple appareil d&#039;entra\u00eenement - c&#039;est une solution d&#039;entra\u00eenement compl\u00e8te, sp\u00e9cialement con\u00e7ue pour optimiser et diversifier votre entra\u00eenement des fessiers. Faites-en le centre de votre salle de sport et d\u00e9couvrez comment elle transforme votre entra\u00eenement.\" \/>\n<meta property=\"og:url\" content=\"https:\/\/www.bzsolutions.ch\/fr\/produkt\/booty-builder-station-2-0\/\" \/>\n<meta property=\"og:site_name\" content=\"BZ Solutions\" \/>\n<meta property=\"og:image\" content=\"https:\/\/www.bzsolutions.ch\/wp-content\/uploads\/2024\/04\/BB-STATION-03-scaled-1.jpg\" \/>\n\t<meta property=\"og:image:width\" content=\"2560\" \/>\n\t<meta property=\"og:image:height\" content=\"2560\" \/>\n\t<meta property=\"og:image:type\" content=\"image\/jpeg\" \/>\n<meta name=\"twitter:card\" content=\"summary_large_image\" \/>\n<meta name=\"twitter:label1\" content=\"Dur\u00e9e de lecture estim\u00e9e\" \/>\n\t<meta name=\"twitter:data1\" content=\"1 minute\" \/>\n<script type=\"application\/ld+json\" class=\"yoast-schema-graph\">{\"@context\":\"https:\/\/schema.org\",\"@graph\":[{\"@type\":\"WebPage\",\"@id\":\"https:\/\/www.bzsolutions.ch\/fr\/produkt\/booty-builder-station-2-0\/\",\"url\":\"https:\/\/www.bzsolutions.ch\/fr\/produkt\/booty-builder-station-2-0\/\",\"name\":\"BOOTY BUILDER\u00ae STATION 2.0 - BZ Solutions\",\"isPartOf\":{\"@id\":\"https:\/\/www.bzsolutions.ch\/fr\/#website\"},\"primaryImageOfPage\":{\"@id\":\"https:\/\/www.bzsolutions.ch\/fr\/produkt\/booty-builder-station-2-0\/#primaryimage\"},\"image\":{\"@id\":\"https:\/\/www.bzsolutions.ch\/fr\/produkt\/booty-builder-station-2-0\/#primaryimage\"},\"thumbnailUrl\":\"https:\/\/www.bzsolutions.ch\/wp-content\/uploads\/2024\/04\/BB-STATION-03-scaled-1.jpg\",\"datePublished\":\"2024-04-03T15:25:18+00:00\",\"dateModified\":\"2024-04-03T15:25:18+00:00\",\"breadcrumb\":{\"@id\":\"https:\/\/www.bzsolutions.ch\/fr\/produkt\/booty-builder-station-2-0\/#breadcrumb\"},\"inLanguage\":\"fr-FR\",\"potentialAction\":[{\"@type\":\"ReadAction\",\"target\":[\"https:\/\/www.bzsolutions.ch\/fr\/produkt\/booty-builder-station-2-0\/\"]}]},{\"@type\":\"ImageObject\",\"inLanguage\":\"fr-FR\",\"@id\":\"https:\/\/www.bzsolutions.ch\/fr\/produkt\/booty-builder-station-2-0\/#primaryimage\",\"url\":\"https:\/\/www.bzsolutions.ch\/wp-content\/uploads\/2024\/04\/BB-STATION-03-scaled-1.jpg\",\"contentUrl\":\"https:\/\/www.bzsolutions.ch\/wp-content\/uploads\/2024\/04\/BB-STATION-03-scaled-1.jpg\",\"width\":2560,\"height\":2560},{\"@type\":\"BreadcrumbList\",\"@id\":\"https:\/\/www.bzsolutions.ch\/fr\/produkt\/booty-builder-station-2-0\/#breadcrumb\",\"itemListElement\":[{\"@type\":\"ListItem\",\"position\":1,\"name\":\"Startseite\",\"item\":\"https:\/\/www.bzsolutions.ch\/fr\/\"},{\"@type\":\"ListItem\",\"position\":2,\"name\":\"Shop\",\"item\":\"https:\/\/www.bzsolutions.ch\/shop\/\"},{\"@type\":\"ListItem\",\"position\":3,\"name\":\"BOOTY BUILDER\u00ae STATION 2.0\"}]},{\"@type\":\"WebSite\",\"@id\":\"https:\/\/www.bzsolutions.ch\/fr\/#website\",\"url\":\"https:\/\/www.bzsolutions.ch\/fr\/\",\"name\":\"BZ Solutions\",\"description\":\"Total Fitness Solutions\",\"publisher\":{\"@id\":\"https:\/\/www.bzsolutions.ch\/fr\/#organization\"},\"potentialAction\":[{\"@type\":\"SearchAction\",\"target\":{\"@type\":\"EntryPoint\",\"urlTemplate\":\"https:\/\/www.bzsolutions.ch\/fr\/?s={search_term_string}\"},\"query-input\":{\"@type\":\"PropertyValueSpecification\",\"valueRequired\":true,\"valueName\":\"search_term_string\"}}],\"inLanguage\":\"fr-FR\"},{\"@type\":\"Organization\",\"@id\":\"https:\/\/www.bzsolutions.ch\/fr\/#organization\",\"name\":\"BZ Solutions\",\"url\":\"https:\/\/www.bzsolutions.ch\/fr\/\",\"logo\":{\"@type\":\"ImageObject\",\"inLanguage\":\"fr-FR\",\"@id\":\"https:\/\/www.bzsolutions.ch\/fr\/#\/schema\/logo\/image\/\",\"url\":\"https:\/\/www.bzsolutions.ch\/wp-content\/uploads\/2024\/03\/logo_bz-solutions.png\",\"contentUrl\":\"https:\/\/www.bzsolutions.ch\/wp-content\/uploads\/2024\/03\/logo_bz-solutions.png\",\"width\":600,\"height\":136,\"caption\":\"BZ Solutions\"},\"image\":{\"@id\":\"https:\/\/www.bzsolutions.ch\/fr\/#\/schema\/logo\/image\/\"}}]}<\/script>\n<!-- \/ Yoast SEO plugin. -->","yoast_head_json":{"title":"BOOTY BUILDER\u00ae STATION 2.0 - BZ Solutions","robots":{"index":"index","follow":"follow","max-snippet":"max-snippet:-1","max-image-preview":"max-image-preview:large","max-video-preview":"max-video-preview:-1"},"canonical":"https:\/\/www.bzsolutions.ch\/fr\/produkt\/booty-builder-station-2-0\/","og_locale":"fr_FR","og_type":"article","og_title":"BOOTY BUILDER\u00ae STATION 2.0 - BZ Solutions","og_description":"La Booty Builder Station 2.0 est plus qu'un simple appareil d'entra\u00eenement - c'est une solution d'entra\u00eenement compl\u00e8te, sp\u00e9cialement con\u00e7ue pour optimiser et diversifier votre entra\u00eenement des fessiers. Faites-en le centre de votre salle de sport et d\u00e9couvrez comment elle transforme votre entra\u00eenement.","og_url":"https:\/\/www.bzsolutions.ch\/fr\/produkt\/booty-builder-station-2-0\/","og_site_name":"BZ Solutions","og_image":[{"width":2560,"height":2560,"url":"https:\/\/www.bzsolutions.ch\/wp-content\/uploads\/2024\/04\/BB-STATION-03-scaled-1.jpg","type":"image\/jpeg"}],"twitter_card":"summary_large_image","twitter_misc":{"Dur\u00e9e de lecture estim\u00e9e":"1 minute"},"schema":{"@context":"https:\/\/schema.org","@graph":[{"@type":"WebPage","@id":"https:\/\/www.bzsolutions.ch\/fr\/produkt\/booty-builder-station-2-0\/","url":"https:\/\/www.bzsolutions.ch\/fr\/produkt\/booty-builder-station-2-0\/","name":"BOOTY BUILDER\u00ae STATION 2.0 - BZ Solutions","isPartOf":{"@id":"https:\/\/www.bzsolutions.ch\/fr\/#website"},"primaryImageOfPage":{"@id":"https:\/\/www.bzsolutions.ch\/fr\/produkt\/booty-builder-station-2-0\/#primaryimage"},"image":{"@id":"https:\/\/www.bzsolutions.ch\/fr\/produkt\/booty-builder-station-2-0\/#primaryimage"},"thumbnailUrl":"https:\/\/www.bzsolutions.ch\/wp-content\/uploads\/2024\/04\/BB-STATION-03-scaled-1.jpg","datePublished":"2024-04-03T15:25:18+00:00","dateModified":"2024-04-03T15:25:18+00:00","breadcrumb":{"@id":"https:\/\/www.bzsolutions.ch\/fr\/produkt\/booty-builder-station-2-0\/#breadcrumb"},"inLanguage":"fr-FR","potentialAction":[{"@type":"ReadAction","target":["https:\/\/www.bzsolutions.ch\/fr\/produkt\/booty-builder-station-2-0\/"]}]},{"@type":"ImageObject","inLanguage":"fr-FR","@id":"https:\/\/www.bzsolutions.ch\/fr\/produkt\/booty-builder-station-2-0\/#primaryimage","url":"https:\/\/www.bzsolutions.ch\/wp-content\/uploads\/2024\/04\/BB-STATION-03-scaled-1.jpg","contentUrl":"https:\/\/www.bzsolutions.ch\/wp-content\/uploads\/2024\/04\/BB-STATION-03-scaled-1.jpg","width":2560,"height":2560},{"@type":"BreadcrumbList","@id":"https:\/\/www.bzsolutions.ch\/fr\/produkt\/booty-builder-station-2-0\/#breadcrumb","itemListElement":[{"@type":"ListItem","position":1,"name":"Startseite","item":"https:\/\/www.bzsolutions.ch\/fr\/"},{"@type":"ListItem","position":2,"name":"Shop","item":"https:\/\/www.bzsolutions.ch\/shop\/"},{"@type":"ListItem","position":3,"name":"BOOTY BUILDER\u00ae STATION 2.0"}]},{"@type":"WebSite","@id":"https:\/\/www.bzsolutions.ch\/fr\/#website","url":"https:\/\/www.bzsolutions.ch\/fr\/","name":"BZ Solutions","description":"Total Fitness Solutions","publisher":{"@id":"https:\/\/www.bzsolutions.ch\/fr\/#organization"},"potentialAction":[{"@type":"SearchAction","target":{"@type":"EntryPoint","urlTemplate":"https:\/\/www.bzsolutions.ch\/fr\/?s={search_term_string}"},"query-input":{"@type":"PropertyValueSpecification","valueRequired":true,"valueName":"search_term_string"}}],"inLanguage":"fr-FR"},{"@type":"Organization","@id":"https:\/\/www.bzsolutions.ch\/fr\/#organization","name":"BZ Solutions","url":"https:\/\/www.bzsolutions.ch\/fr\/","logo":{"@type":"ImageObject","inLanguage":"fr-FR","@id":"https:\/\/www.bzsolutions.ch\/fr\/#\/schema\/logo\/image\/","url":"https:\/\/www.bzsolutions.ch\/wp-content\/uploads\/2024\/03\/logo_bz-solutions.png","contentUrl":"https:\/\/www.bzsolutions.ch\/wp-content\/uploads\/2024\/03\/logo_bz-solutions.png","width":600,"height":136,"caption":"BZ Solutions"},"image":{"@id":"https:\/\/www.bzsolutions.ch\/fr\/#\/schema\/logo\/image\/"}}]}},"_links":{"self":[{"href":"https:\/\/www.bzsolutions.ch\/fr\/wp-json\/wp\/v2\/product\/48815","targetHints":{"allow":["GET"]}}],"collection":[{"href":"https:\/\/www.bzsolutions.ch\/fr\/wp-json\/wp\/v2\/product"}],"about":[{"href":"https:\/\/www.bzsolutions.ch\/fr\/wp-json\/wp\/v2\/types\/product"}],"wp:featuredmedia":[{"embeddable":true,"href":"https:\/\/www.bzsolutions.ch\/fr\/wp-json\/wp\/v2\/media\/48178"}],"wp:attachment":[{"href":"https:\/\/www.bzsolutions.ch\/fr\/wp-json\/wp\/v2\/media?parent=48815"}],"wp:term":[{"taxonomy":"product_brand","embeddable":true,"href":"https:\/\/www.bzsolutions.ch\/fr\/wp-json\/wp\/v2\/product_brand?post=48815"},{"taxonomy":"product_cat","embeddable":true,"href":"https:\/\/www.bzsolutions.ch\/fr\/wp-json\/wp\/v2\/product_cat?post=48815"},{"taxonomy":"product_tag","embeddable":true,"href":"https:\/\/www.bzsolutions.ch\/fr\/wp-json\/wp\/v2\/product_tag?post=48815"}],"curies":[{"name":"wp","href":"https:\/\/api.w.org\/{rel}","templated":true}]}}