{"id":48816,"date":"2024-04-03T17:34:52","date_gmt":"2024-04-03T15:34:52","guid":{"rendered":"https:\/\/www.bzsolutions.ch\/produkt\/dsc6x-drax-escalier-de-service\/"},"modified":"2024-04-03T17:34:52","modified_gmt":"2024-04-03T15:34:52","slug":"dsc6x-drax-escalier-de-service","status":"publish","type":"product","link":"https:\/\/www.bzsolutions.ch\/fr\/produkt\/dsc6x-drax-escalier-de-service\/","title":{"rendered":"DSC6X DRAX Escalier de service"},"content":{"rendered":"<p>01. SP\u00c9CIAL POUR LE CARDIO ET LES JAMBES : Le DSC6A DRAX Stair Climber offre une s\u00e9ance d&#8217;entra\u00eenement stimulante, sp\u00e9cialement con\u00e7ue pour am\u00e9liorer votre sant\u00e9 cardiovasculaire tout en renfor\u00e7ant les cuisses et les fessiers. Profitez de la sensation d&#8217;une mont\u00e9e d&#8217;escalier continue sans la r\u00e9sistance initiale, ce qui permet un entra\u00eenement doux et efficace.<\/p>\n<p>CONFORT ET S\u00c9CURIT\u00c9 : Con\u00e7u pour votre confort et votre s\u00e9curit\u00e9, ce Stair Climber est dot\u00e9 de mains courantes robustes et d&#8217;une surface de mont\u00e9e ergonomique qui favorise une posture correcte pendant l&#8217;entra\u00eenement. Les mouvements fluides minimisent la charge sur les articulations et garantissent une exp\u00e9rience d&#8217;entra\u00eenement agr\u00e9able.<\/p>\n<p>DURABILIT\u00c9 ET DESIGN \u00c9L\u00c9GANT : Construit \u00e0 partir d&#8217;un tube d&#8217;acier \u00e9pais d\u00e9coup\u00e9 au plasma et recouvert d&#8217;un rev\u00eatement brillant \u00e0 double couche, le DSC6A DRAX Stair Climber offre non seulement une durabilit\u00e9 exceptionnelle, mais il s&#8217;int\u00e8gre \u00e9galement de mani\u00e8re \u00e9l\u00e9gante au design de votre salle de sport. Sa construction robuste garantit stabilit\u00e9 et fiabilit\u00e9 \u00e0 chaque utilisation.<\/p>\n","protected":false},"excerpt":{"rendered":"<p>Le DRAX Stair Climber est sp\u00e9cialement con\u00e7u pour vous offrir une exp\u00e9rience de mont\u00e9e d&#8217;escalier intense et efficace, qui non seulement augmente votre endurance, mais renforce \u00e9galement de mani\u00e8re cibl\u00e9e les muscles des jambes et des fesses. Ses fonctions conviviales et son design ergonomique vous permettent de tirer le meilleur parti de chaque s\u00e9ance d&#8217;entra\u00eenement, tandis que la simulation de la mont\u00e9e des marches vous permet d&#8217;am\u00e9liorer naturellement et efficacement votre condition physique.<\/p>\n","protected":false},"featured_media":48011,"template":"","meta":{"inline_featured_image":false},"product_brand":[],"product_cat":[806,805,1053,804],"product_tag":[808,1054],"class_list":{"0":"post-48816","1":"product","2":"type-product","3":"status-publish","4":"has-post-thumbnail","6":"product_cat-appareils-dendurance","7":"product_cat-drax-fr","8":"product_cat-escaladeur","9":"product_cat-fournisseur","10":"product_tag-drax-fr","11":"product_tag-escaladeur","12":"pa_antriebssystem-controle-ecb-avec-volant-dinertie","13":"pa_breite-1594-mm-fr","14":"pa_display-ecran-lcd-156-pouces-ecran-tactile-type-capacitif","15":"pa_gewicht-146-kg-fr","16":"pa_herzfrequenz-frequence-cardiaque-sans-fil-compatible-avec-polar-capteur-manuel-contacts-de-frequence-cardiaque","17":"pa_hoehe-2090-mm-fr","18":"pa_konsoledisplay-temps-distance-calories-frequence-cardiaque-fr","19":"pa_laenge-830-mm-fr","20":"pa_max-belastung-180-kg-fr","21":"pa_schrittlaenge-dimensions-des-marches-horizontales-301x457-verticales-226x457","22":"pa_stromversorgung-220v-50-60hz-ecran-lcd","23":"pa_traningslevel-25-niveaux-de-formation","25":"first","26":"instock","27":"product-type-simple"},"yoast_head":"<!-- This site is optimized with the Yoast SEO plugin v23.8 - https:\/\/yoast.com\/wordpress\/plugins\/seo\/ -->\n<title>DSC6X DRAX Escalier de service - BZ Solutions<\/title>\n<meta name=\"robots\" content=\"index, follow, max-snippet:-1, max-image-preview:large, max-video-preview:-1\" \/>\n<link rel=\"canonical\" href=\"https:\/\/www.bzsolutions.ch\/fr\/produkt\/dsc6x-drax-escalier-de-service\/\" \/>\n<meta property=\"og:locale\" content=\"fr_FR\" \/>\n<meta property=\"og:type\" content=\"article\" \/>\n<meta property=\"og:title\" content=\"DSC6X DRAX Escalier de service - BZ Solutions\" \/>\n<meta property=\"og:description\" content=\"Le DRAX Stair Climber est sp\u00e9cialement con\u00e7u pour vous offrir une exp\u00e9rience de mont\u00e9e d&#039;escalier intense et efficace, qui non seulement augmente votre endurance, mais renforce \u00e9galement de mani\u00e8re cibl\u00e9e les muscles des jambes et des fesses. Ses fonctions conviviales et son design ergonomique vous permettent de tirer le meilleur parti de chaque s\u00e9ance d&#039;entra\u00eenement, tandis que la simulation de la mont\u00e9e des marches vous permet d&#039;am\u00e9liorer naturellement et efficacement votre condition physique.\" \/>\n<meta property=\"og:url\" content=\"https:\/\/www.bzsolutions.ch\/fr\/produkt\/dsc6x-drax-escalier-de-service\/\" \/>\n<meta property=\"og:site_name\" content=\"BZ Solutions\" \/>\n<meta property=\"og:image\" content=\"https:\/\/www.bzsolutions.ch\/wp-content\/uploads\/2024\/04\/Drax_DSC6_Stair_Climber_1.png\" \/>\n\t<meta property=\"og:image:width\" content=\"1000\" \/>\n\t<meta property=\"og:image:height\" content=\"1000\" \/>\n\t<meta property=\"og:image:type\" content=\"image\/png\" \/>\n<meta name=\"twitter:card\" content=\"summary_large_image\" \/>\n<meta name=\"twitter:label1\" content=\"Dur\u00e9e de lecture estim\u00e9e\" \/>\n\t<meta name=\"twitter:data1\" content=\"1 minute\" \/>\n<script type=\"application\/ld+json\" class=\"yoast-schema-graph\">{\"@context\":\"https:\/\/schema.org\",\"@graph\":[{\"@type\":\"WebPage\",\"@id\":\"https:\/\/www.bzsolutions.ch\/fr\/produkt\/dsc6x-drax-escalier-de-service\/\",\"url\":\"https:\/\/www.bzsolutions.ch\/fr\/produkt\/dsc6x-drax-escalier-de-service\/\",\"name\":\"DSC6X DRAX Escalier de service - BZ Solutions\",\"isPartOf\":{\"@id\":\"https:\/\/www.bzsolutions.ch\/fr\/#website\"},\"primaryImageOfPage\":{\"@id\":\"https:\/\/www.bzsolutions.ch\/fr\/produkt\/dsc6x-drax-escalier-de-service\/#primaryimage\"},\"image\":{\"@id\":\"https:\/\/www.bzsolutions.ch\/fr\/produkt\/dsc6x-drax-escalier-de-service\/#primaryimage\"},\"thumbnailUrl\":\"https:\/\/www.bzsolutions.ch\/wp-content\/uploads\/2024\/04\/Drax_DSC6_Stair_Climber_1.png\",\"datePublished\":\"2024-04-03T15:34:52+00:00\",\"dateModified\":\"2024-04-03T15:34:52+00:00\",\"breadcrumb\":{\"@id\":\"https:\/\/www.bzsolutions.ch\/fr\/produkt\/dsc6x-drax-escalier-de-service\/#breadcrumb\"},\"inLanguage\":\"fr-FR\",\"potentialAction\":[{\"@type\":\"ReadAction\",\"target\":[\"https:\/\/www.bzsolutions.ch\/fr\/produkt\/dsc6x-drax-escalier-de-service\/\"]}]},{\"@type\":\"ImageObject\",\"inLanguage\":\"fr-FR\",\"@id\":\"https:\/\/www.bzsolutions.ch\/fr\/produkt\/dsc6x-drax-escalier-de-service\/#primaryimage\",\"url\":\"https:\/\/www.bzsolutions.ch\/wp-content\/uploads\/2024\/04\/Drax_DSC6_Stair_Climber_1.png\",\"contentUrl\":\"https:\/\/www.bzsolutions.ch\/wp-content\/uploads\/2024\/04\/Drax_DSC6_Stair_Climber_1.png\",\"width\":1000,\"height\":1000},{\"@type\":\"BreadcrumbList\",\"@id\":\"https:\/\/www.bzsolutions.ch\/fr\/produkt\/dsc6x-drax-escalier-de-service\/#breadcrumb\",\"itemListElement\":[{\"@type\":\"ListItem\",\"position\":1,\"name\":\"Startseite\",\"item\":\"https:\/\/www.bzsolutions.ch\/fr\/\"},{\"@type\":\"ListItem\",\"position\":2,\"name\":\"Shop\",\"item\":\"https:\/\/www.bzsolutions.ch\/shop\/\"},{\"@type\":\"ListItem\",\"position\":3,\"name\":\"DSC6X DRAX Escalier de service\"}]},{\"@type\":\"WebSite\",\"@id\":\"https:\/\/www.bzsolutions.ch\/fr\/#website\",\"url\":\"https:\/\/www.bzsolutions.ch\/fr\/\",\"name\":\"BZ Solutions\",\"description\":\"Total Fitness Solutions\",\"publisher\":{\"@id\":\"https:\/\/www.bzsolutions.ch\/fr\/#organization\"},\"potentialAction\":[{\"@type\":\"SearchAction\",\"target\":{\"@type\":\"EntryPoint\",\"urlTemplate\":\"https:\/\/www.bzsolutions.ch\/fr\/?s={search_term_string}\"},\"query-input\":{\"@type\":\"PropertyValueSpecification\",\"valueRequired\":true,\"valueName\":\"search_term_string\"}}],\"inLanguage\":\"fr-FR\"},{\"@type\":\"Organization\",\"@id\":\"https:\/\/www.bzsolutions.ch\/fr\/#organization\",\"name\":\"BZ Solutions\",\"url\":\"https:\/\/www.bzsolutions.ch\/fr\/\",\"logo\":{\"@type\":\"ImageObject\",\"inLanguage\":\"fr-FR\",\"@id\":\"https:\/\/www.bzsolutions.ch\/fr\/#\/schema\/logo\/image\/\",\"url\":\"https:\/\/www.bzsolutions.ch\/wp-content\/uploads\/2024\/03\/logo_bz-solutions.png\",\"contentUrl\":\"https:\/\/www.bzsolutions.ch\/wp-content\/uploads\/2024\/03\/logo_bz-solutions.png\",\"width\":600,\"height\":136,\"caption\":\"BZ Solutions\"},\"image\":{\"@id\":\"https:\/\/www.bzsolutions.ch\/fr\/#\/schema\/logo\/image\/\"}}]}<\/script>\n<!-- \/ Yoast SEO plugin. -->","yoast_head_json":{"title":"DSC6X DRAX Escalier de service - BZ Solutions","robots":{"index":"index","follow":"follow","max-snippet":"max-snippet:-1","max-image-preview":"max-image-preview:large","max-video-preview":"max-video-preview:-1"},"canonical":"https:\/\/www.bzsolutions.ch\/fr\/produkt\/dsc6x-drax-escalier-de-service\/","og_locale":"fr_FR","og_type":"article","og_title":"DSC6X DRAX Escalier de service - BZ Solutions","og_description":"Le DRAX Stair Climber est sp\u00e9cialement con\u00e7u pour vous offrir une exp\u00e9rience de mont\u00e9e d'escalier intense et efficace, qui non seulement augmente votre endurance, mais renforce \u00e9galement de mani\u00e8re cibl\u00e9e les muscles des jambes et des fesses. Ses fonctions conviviales et son design ergonomique vous permettent de tirer le meilleur parti de chaque s\u00e9ance d'entra\u00eenement, tandis que la simulation de la mont\u00e9e des marches vous permet d'am\u00e9liorer naturellement et efficacement votre condition physique.","og_url":"https:\/\/www.bzsolutions.ch\/fr\/produkt\/dsc6x-drax-escalier-de-service\/","og_site_name":"BZ Solutions","og_image":[{"width":1000,"height":1000,"url":"https:\/\/www.bzsolutions.ch\/wp-content\/uploads\/2024\/04\/Drax_DSC6_Stair_Climber_1.png","type":"image\/png"}],"twitter_card":"summary_large_image","twitter_misc":{"Dur\u00e9e de lecture estim\u00e9e":"1 minute"},"schema":{"@context":"https:\/\/schema.org","@graph":[{"@type":"WebPage","@id":"https:\/\/www.bzsolutions.ch\/fr\/produkt\/dsc6x-drax-escalier-de-service\/","url":"https:\/\/www.bzsolutions.ch\/fr\/produkt\/dsc6x-drax-escalier-de-service\/","name":"DSC6X DRAX Escalier de service - BZ Solutions","isPartOf":{"@id":"https:\/\/www.bzsolutions.ch\/fr\/#website"},"primaryImageOfPage":{"@id":"https:\/\/www.bzsolutions.ch\/fr\/produkt\/dsc6x-drax-escalier-de-service\/#primaryimage"},"image":{"@id":"https:\/\/www.bzsolutions.ch\/fr\/produkt\/dsc6x-drax-escalier-de-service\/#primaryimage"},"thumbnailUrl":"https:\/\/www.bzsolutions.ch\/wp-content\/uploads\/2024\/04\/Drax_DSC6_Stair_Climber_1.png","datePublished":"2024-04-03T15:34:52+00:00","dateModified":"2024-04-03T15:34:52+00:00","breadcrumb":{"@id":"https:\/\/www.bzsolutions.ch\/fr\/produkt\/dsc6x-drax-escalier-de-service\/#breadcrumb"},"inLanguage":"fr-FR","potentialAction":[{"@type":"ReadAction","target":["https:\/\/www.bzsolutions.ch\/fr\/produkt\/dsc6x-drax-escalier-de-service\/"]}]},{"@type":"ImageObject","inLanguage":"fr-FR","@id":"https:\/\/www.bzsolutions.ch\/fr\/produkt\/dsc6x-drax-escalier-de-service\/#primaryimage","url":"https:\/\/www.bzsolutions.ch\/wp-content\/uploads\/2024\/04\/Drax_DSC6_Stair_Climber_1.png","contentUrl":"https:\/\/www.bzsolutions.ch\/wp-content\/uploads\/2024\/04\/Drax_DSC6_Stair_Climber_1.png","width":1000,"height":1000},{"@type":"BreadcrumbList","@id":"https:\/\/www.bzsolutions.ch\/fr\/produkt\/dsc6x-drax-escalier-de-service\/#breadcrumb","itemListElement":[{"@type":"ListItem","position":1,"name":"Startseite","item":"https:\/\/www.bzsolutions.ch\/fr\/"},{"@type":"ListItem","position":2,"name":"Shop","item":"https:\/\/www.bzsolutions.ch\/shop\/"},{"@type":"ListItem","position":3,"name":"DSC6X DRAX Escalier de service"}]},{"@type":"WebSite","@id":"https:\/\/www.bzsolutions.ch\/fr\/#website","url":"https:\/\/www.bzsolutions.ch\/fr\/","name":"BZ Solutions","description":"Total Fitness Solutions","publisher":{"@id":"https:\/\/www.bzsolutions.ch\/fr\/#organization"},"potentialAction":[{"@type":"SearchAction","target":{"@type":"EntryPoint","urlTemplate":"https:\/\/www.bzsolutions.ch\/fr\/?s={search_term_string}"},"query-input":{"@type":"PropertyValueSpecification","valueRequired":true,"valueName":"search_term_string"}}],"inLanguage":"fr-FR"},{"@type":"Organization","@id":"https:\/\/www.bzsolutions.ch\/fr\/#organization","name":"BZ Solutions","url":"https:\/\/www.bzsolutions.ch\/fr\/","logo":{"@type":"ImageObject","inLanguage":"fr-FR","@id":"https:\/\/www.bzsolutions.ch\/fr\/#\/schema\/logo\/image\/","url":"https:\/\/www.bzsolutions.ch\/wp-content\/uploads\/2024\/03\/logo_bz-solutions.png","contentUrl":"https:\/\/www.bzsolutions.ch\/wp-content\/uploads\/2024\/03\/logo_bz-solutions.png","width":600,"height":136,"caption":"BZ Solutions"},"image":{"@id":"https:\/\/www.bzsolutions.ch\/fr\/#\/schema\/logo\/image\/"}}]}},"_links":{"self":[{"href":"https:\/\/www.bzsolutions.ch\/fr\/wp-json\/wp\/v2\/product\/48816","targetHints":{"allow":["GET"]}}],"collection":[{"href":"https:\/\/www.bzsolutions.ch\/fr\/wp-json\/wp\/v2\/product"}],"about":[{"href":"https:\/\/www.bzsolutions.ch\/fr\/wp-json\/wp\/v2\/types\/product"}],"wp:featuredmedia":[{"embeddable":true,"href":"https:\/\/www.bzsolutions.ch\/fr\/wp-json\/wp\/v2\/media\/48011"}],"wp:attachment":[{"href":"https:\/\/www.bzsolutions.ch\/fr\/wp-json\/wp\/v2\/media?parent=48816"}],"wp:term":[{"taxonomy":"product_brand","embeddable":true,"href":"https:\/\/www.bzsolutions.ch\/fr\/wp-json\/wp\/v2\/product_brand?post=48816"},{"taxonomy":"product_cat","embeddable":true,"href":"https:\/\/www.bzsolutions.ch\/fr\/wp-json\/wp\/v2\/product_cat?post=48816"},{"taxonomy":"product_tag","embeddable":true,"href":"https:\/\/www.bzsolutions.ch\/fr\/wp-json\/wp\/v2\/product_tag?post=48816"}],"curies":[{"name":"wp","href":"https:\/\/api.w.org\/{rel}","templated":true}]}}