{"id":48819,"date":"2024-04-03T17:25:18","date_gmt":"2024-04-03T15:25:18","guid":{"rendered":"https:\/\/www.bzsolutions.ch\/produkt\/booty-builder-selectorized-kick-back-kick-back-debout-avec-poids-enfichable\/"},"modified":"2024-04-03T17:25:18","modified_gmt":"2024-04-03T15:25:18","slug":"booty-builder-selectorized-kick-back-kick-back-debout-avec-poids-enfichable","status":"publish","type":"product","link":"https:\/\/www.bzsolutions.ch\/fr\/produkt\/booty-builder-selectorized-kick-back-kick-back-debout-avec-poids-enfichable\/","title":{"rendered":"BOOTY BUILDER\u00ae Selectorized Kick Back \/ kick back debout avec poids enfichable"},"content":{"rendered":"<p>01. SP\u00c9CIALEMENT POUR LES JAMBES ET LES FUSCULES : \u00c9quip\u00e9 d&#8217;une plateforme de pieds sur\u00e9lev\u00e9e, le Booty Builder Selectorized Kick Back permet un balancement intense des jambes sans contact avec le sol. Con\u00e7u pour les athl\u00e8tes de toutes tailles, cet appareil s&#8217;adapte \u00e0 chacun gr\u00e2ce \u00e0 ses multiples options de prise en main, pour une exp\u00e9rience d&#8217;entra\u00eenement personnalis\u00e9e et confortable.<\/p>\n<p>02. PERSONNALISABILIT\u00c9 ET ENTRA\u00ceNEMENT AVANC\u00c9 : En plus de la pile de poids de base, vous pouvez intensifier votre entra\u00eenement avec des bandes de r\u00e9sistance optionnelles pour cr\u00e9er une r\u00e9sistance de pointe suppl\u00e9mentaire. Cette fonction vous permet de varier vos exercices et de solliciter vos muscles encore plus efficacement.<\/p>\n<p>03. COMPACT ET LONGUE DUREE : Avec son design compact et robuste, le Booty Builder Selectorized Kick Back garantit non seulement une longue dur\u00e9e de vie, mais aussi une stabilit\u00e9 tout au long de l&#8217;entra\u00eenement. C&#8217;est le compl\u00e9ment id\u00e9al pour toute salle de sport qui privil\u00e9gie la qualit\u00e9, l&#8217;efficacit\u00e9 et la polyvalence.<\/p>\n","protected":false},"excerpt":{"rendered":"<p>Le Booty Builder Selectorized Kick Back est le choix parfait pour ceux qui souhaitent faire passer leur entra\u00eenement des jambes et des fessiers au niveau sup\u00e9rieur, avec la flexibilit\u00e9 d&#8217;un changement de poids rapide et la possibilit\u00e9 d&#8217;ajouter des r\u00e9sistances suppl\u00e9mentaires \u00e0 l&#8217;entra\u00eenement.<\/p>\n","protected":false},"featured_media":47963,"template":"","meta":{"inline_featured_image":false},"product_brand":[],"product_cat":[],"product_tag":[],"class_list":{"0":"post-48819","1":"product","2":"type-product","3":"status-publish","4":"has-post-thumbnail","7":"first","8":"instock","9":"product-type-simple"},"yoast_head":"<!-- This site is optimized with the Yoast SEO plugin v23.8 - https:\/\/yoast.com\/wordpress\/plugins\/seo\/ -->\n<title>BOOTY BUILDER\u00ae Selectorized Kick Back \/ kick back debout avec poids enfichable - BZ Solutions<\/title>\n<meta name=\"robots\" content=\"index, follow, max-snippet:-1, max-image-preview:large, max-video-preview:-1\" \/>\n<link rel=\"canonical\" href=\"https:\/\/www.bzsolutions.ch\/fr\/produkt\/booty-builder-selectorized-kick-back-kick-back-debout-avec-poids-enfichable\/\" \/>\n<meta property=\"og:locale\" content=\"fr_FR\" \/>\n<meta property=\"og:type\" content=\"article\" \/>\n<meta property=\"og:title\" content=\"BOOTY BUILDER\u00ae Selectorized Kick Back \/ kick back debout avec poids enfichable - BZ Solutions\" \/>\n<meta property=\"og:description\" content=\"Le Booty Builder Selectorized Kick Back est le choix parfait pour ceux qui souhaitent faire passer leur entra\u00eenement des jambes et des fessiers au niveau sup\u00e9rieur, avec la flexibilit\u00e9 d&#039;un changement de poids rapide et la possibilit\u00e9 d&#039;ajouter des r\u00e9sistances suppl\u00e9mentaires \u00e0 l&#039;entra\u00eenement.\" \/>\n<meta property=\"og:url\" content=\"https:\/\/www.bzsolutions.ch\/fr\/produkt\/booty-builder-selectorized-kick-back-kick-back-debout-avec-poids-enfichable\/\" \/>\n<meta property=\"og:site_name\" content=\"BZ Solutions\" \/>\n<meta property=\"og:image\" content=\"https:\/\/www.bzsolutions.ch\/wp-content\/uploads\/2024\/04\/BB-KickBack_1-1.jpg\" \/>\n\t<meta property=\"og:image:width\" content=\"2000\" \/>\n\t<meta property=\"og:image:height\" content=\"2000\" \/>\n\t<meta property=\"og:image:type\" content=\"image\/jpeg\" \/>\n<meta name=\"twitter:card\" content=\"summary_large_image\" \/>\n<meta name=\"twitter:label1\" content=\"Dur\u00e9e de lecture estim\u00e9e\" \/>\n\t<meta name=\"twitter:data1\" content=\"1 minute\" \/>\n<script type=\"application\/ld+json\" class=\"yoast-schema-graph\">{\"@context\":\"https:\/\/schema.org\",\"@graph\":[{\"@type\":\"WebPage\",\"@id\":\"https:\/\/www.bzsolutions.ch\/fr\/produkt\/booty-builder-selectorized-kick-back-kick-back-debout-avec-poids-enfichable\/\",\"url\":\"https:\/\/www.bzsolutions.ch\/fr\/produkt\/booty-builder-selectorized-kick-back-kick-back-debout-avec-poids-enfichable\/\",\"name\":\"BOOTY BUILDER\u00ae Selectorized Kick Back \/ kick back debout avec poids enfichable - BZ Solutions\",\"isPartOf\":{\"@id\":\"https:\/\/www.bzsolutions.ch\/fr\/#website\"},\"primaryImageOfPage\":{\"@id\":\"https:\/\/www.bzsolutions.ch\/fr\/produkt\/booty-builder-selectorized-kick-back-kick-back-debout-avec-poids-enfichable\/#primaryimage\"},\"image\":{\"@id\":\"https:\/\/www.bzsolutions.ch\/fr\/produkt\/booty-builder-selectorized-kick-back-kick-back-debout-avec-poids-enfichable\/#primaryimage\"},\"thumbnailUrl\":\"https:\/\/www.bzsolutions.ch\/wp-content\/uploads\/2024\/04\/BB-KickBack_1-1.jpg\",\"datePublished\":\"2024-04-03T15:25:18+00:00\",\"dateModified\":\"2024-04-03T15:25:18+00:00\",\"breadcrumb\":{\"@id\":\"https:\/\/www.bzsolutions.ch\/fr\/produkt\/booty-builder-selectorized-kick-back-kick-back-debout-avec-poids-enfichable\/#breadcrumb\"},\"inLanguage\":\"fr-FR\",\"potentialAction\":[{\"@type\":\"ReadAction\",\"target\":[\"https:\/\/www.bzsolutions.ch\/fr\/produkt\/booty-builder-selectorized-kick-back-kick-back-debout-avec-poids-enfichable\/\"]}]},{\"@type\":\"ImageObject\",\"inLanguage\":\"fr-FR\",\"@id\":\"https:\/\/www.bzsolutions.ch\/fr\/produkt\/booty-builder-selectorized-kick-back-kick-back-debout-avec-poids-enfichable\/#primaryimage\",\"url\":\"https:\/\/www.bzsolutions.ch\/wp-content\/uploads\/2024\/04\/BB-KickBack_1-1.jpg\",\"contentUrl\":\"https:\/\/www.bzsolutions.ch\/wp-content\/uploads\/2024\/04\/BB-KickBack_1-1.jpg\",\"width\":2000,\"height\":2000},{\"@type\":\"BreadcrumbList\",\"@id\":\"https:\/\/www.bzsolutions.ch\/fr\/produkt\/booty-builder-selectorized-kick-back-kick-back-debout-avec-poids-enfichable\/#breadcrumb\",\"itemListElement\":[{\"@type\":\"ListItem\",\"position\":1,\"name\":\"Startseite\",\"item\":\"https:\/\/www.bzsolutions.ch\/fr\/\"},{\"@type\":\"ListItem\",\"position\":2,\"name\":\"Shop\",\"item\":\"https:\/\/www.bzsolutions.ch\/shop\/\"},{\"@type\":\"ListItem\",\"position\":3,\"name\":\"BOOTY BUILDER\u00ae Selectorized Kick Back \/ kick back debout avec poids enfichable\"}]},{\"@type\":\"WebSite\",\"@id\":\"https:\/\/www.bzsolutions.ch\/fr\/#website\",\"url\":\"https:\/\/www.bzsolutions.ch\/fr\/\",\"name\":\"BZ Solutions\",\"description\":\"Total Fitness Solutions\",\"publisher\":{\"@id\":\"https:\/\/www.bzsolutions.ch\/fr\/#organization\"},\"potentialAction\":[{\"@type\":\"SearchAction\",\"target\":{\"@type\":\"EntryPoint\",\"urlTemplate\":\"https:\/\/www.bzsolutions.ch\/fr\/?s={search_term_string}\"},\"query-input\":{\"@type\":\"PropertyValueSpecification\",\"valueRequired\":true,\"valueName\":\"search_term_string\"}}],\"inLanguage\":\"fr-FR\"},{\"@type\":\"Organization\",\"@id\":\"https:\/\/www.bzsolutions.ch\/fr\/#organization\",\"name\":\"BZ Solutions\",\"url\":\"https:\/\/www.bzsolutions.ch\/fr\/\",\"logo\":{\"@type\":\"ImageObject\",\"inLanguage\":\"fr-FR\",\"@id\":\"https:\/\/www.bzsolutions.ch\/fr\/#\/schema\/logo\/image\/\",\"url\":\"https:\/\/www.bzsolutions.ch\/wp-content\/uploads\/2024\/03\/logo_bz-solutions.png\",\"contentUrl\":\"https:\/\/www.bzsolutions.ch\/wp-content\/uploads\/2024\/03\/logo_bz-solutions.png\",\"width\":600,\"height\":136,\"caption\":\"BZ Solutions\"},\"image\":{\"@id\":\"https:\/\/www.bzsolutions.ch\/fr\/#\/schema\/logo\/image\/\"}}]}<\/script>\n<!-- \/ Yoast SEO plugin. -->","yoast_head_json":{"title":"BOOTY BUILDER\u00ae Selectorized Kick Back \/ kick back debout avec poids enfichable - BZ Solutions","robots":{"index":"index","follow":"follow","max-snippet":"max-snippet:-1","max-image-preview":"max-image-preview:large","max-video-preview":"max-video-preview:-1"},"canonical":"https:\/\/www.bzsolutions.ch\/fr\/produkt\/booty-builder-selectorized-kick-back-kick-back-debout-avec-poids-enfichable\/","og_locale":"fr_FR","og_type":"article","og_title":"BOOTY BUILDER\u00ae Selectorized Kick Back \/ kick back debout avec poids enfichable - BZ Solutions","og_description":"Le Booty Builder Selectorized Kick Back est le choix parfait pour ceux qui souhaitent faire passer leur entra\u00eenement des jambes et des fessiers au niveau sup\u00e9rieur, avec la flexibilit\u00e9 d'un changement de poids rapide et la possibilit\u00e9 d'ajouter des r\u00e9sistances suppl\u00e9mentaires \u00e0 l'entra\u00eenement.","og_url":"https:\/\/www.bzsolutions.ch\/fr\/produkt\/booty-builder-selectorized-kick-back-kick-back-debout-avec-poids-enfichable\/","og_site_name":"BZ Solutions","og_image":[{"width":2000,"height":2000,"url":"https:\/\/www.bzsolutions.ch\/wp-content\/uploads\/2024\/04\/BB-KickBack_1-1.jpg","type":"image\/jpeg"}],"twitter_card":"summary_large_image","twitter_misc":{"Dur\u00e9e de lecture estim\u00e9e":"1 minute"},"schema":{"@context":"https:\/\/schema.org","@graph":[{"@type":"WebPage","@id":"https:\/\/www.bzsolutions.ch\/fr\/produkt\/booty-builder-selectorized-kick-back-kick-back-debout-avec-poids-enfichable\/","url":"https:\/\/www.bzsolutions.ch\/fr\/produkt\/booty-builder-selectorized-kick-back-kick-back-debout-avec-poids-enfichable\/","name":"BOOTY BUILDER\u00ae Selectorized Kick Back \/ kick back debout avec poids enfichable - BZ Solutions","isPartOf":{"@id":"https:\/\/www.bzsolutions.ch\/fr\/#website"},"primaryImageOfPage":{"@id":"https:\/\/www.bzsolutions.ch\/fr\/produkt\/booty-builder-selectorized-kick-back-kick-back-debout-avec-poids-enfichable\/#primaryimage"},"image":{"@id":"https:\/\/www.bzsolutions.ch\/fr\/produkt\/booty-builder-selectorized-kick-back-kick-back-debout-avec-poids-enfichable\/#primaryimage"},"thumbnailUrl":"https:\/\/www.bzsolutions.ch\/wp-content\/uploads\/2024\/04\/BB-KickBack_1-1.jpg","datePublished":"2024-04-03T15:25:18+00:00","dateModified":"2024-04-03T15:25:18+00:00","breadcrumb":{"@id":"https:\/\/www.bzsolutions.ch\/fr\/produkt\/booty-builder-selectorized-kick-back-kick-back-debout-avec-poids-enfichable\/#breadcrumb"},"inLanguage":"fr-FR","potentialAction":[{"@type":"ReadAction","target":["https:\/\/www.bzsolutions.ch\/fr\/produkt\/booty-builder-selectorized-kick-back-kick-back-debout-avec-poids-enfichable\/"]}]},{"@type":"ImageObject","inLanguage":"fr-FR","@id":"https:\/\/www.bzsolutions.ch\/fr\/produkt\/booty-builder-selectorized-kick-back-kick-back-debout-avec-poids-enfichable\/#primaryimage","url":"https:\/\/www.bzsolutions.ch\/wp-content\/uploads\/2024\/04\/BB-KickBack_1-1.jpg","contentUrl":"https:\/\/www.bzsolutions.ch\/wp-content\/uploads\/2024\/04\/BB-KickBack_1-1.jpg","width":2000,"height":2000},{"@type":"BreadcrumbList","@id":"https:\/\/www.bzsolutions.ch\/fr\/produkt\/booty-builder-selectorized-kick-back-kick-back-debout-avec-poids-enfichable\/#breadcrumb","itemListElement":[{"@type":"ListItem","position":1,"name":"Startseite","item":"https:\/\/www.bzsolutions.ch\/fr\/"},{"@type":"ListItem","position":2,"name":"Shop","item":"https:\/\/www.bzsolutions.ch\/shop\/"},{"@type":"ListItem","position":3,"name":"BOOTY BUILDER\u00ae Selectorized Kick Back \/ kick back debout avec poids enfichable"}]},{"@type":"WebSite","@id":"https:\/\/www.bzsolutions.ch\/fr\/#website","url":"https:\/\/www.bzsolutions.ch\/fr\/","name":"BZ Solutions","description":"Total Fitness Solutions","publisher":{"@id":"https:\/\/www.bzsolutions.ch\/fr\/#organization"},"potentialAction":[{"@type":"SearchAction","target":{"@type":"EntryPoint","urlTemplate":"https:\/\/www.bzsolutions.ch\/fr\/?s={search_term_string}"},"query-input":{"@type":"PropertyValueSpecification","valueRequired":true,"valueName":"search_term_string"}}],"inLanguage":"fr-FR"},{"@type":"Organization","@id":"https:\/\/www.bzsolutions.ch\/fr\/#organization","name":"BZ Solutions","url":"https:\/\/www.bzsolutions.ch\/fr\/","logo":{"@type":"ImageObject","inLanguage":"fr-FR","@id":"https:\/\/www.bzsolutions.ch\/fr\/#\/schema\/logo\/image\/","url":"https:\/\/www.bzsolutions.ch\/wp-content\/uploads\/2024\/03\/logo_bz-solutions.png","contentUrl":"https:\/\/www.bzsolutions.ch\/wp-content\/uploads\/2024\/03\/logo_bz-solutions.png","width":600,"height":136,"caption":"BZ Solutions"},"image":{"@id":"https:\/\/www.bzsolutions.ch\/fr\/#\/schema\/logo\/image\/"}}]}},"_links":{"self":[{"href":"https:\/\/www.bzsolutions.ch\/fr\/wp-json\/wp\/v2\/product\/48819","targetHints":{"allow":["GET"]}}],"collection":[{"href":"https:\/\/www.bzsolutions.ch\/fr\/wp-json\/wp\/v2\/product"}],"about":[{"href":"https:\/\/www.bzsolutions.ch\/fr\/wp-json\/wp\/v2\/types\/product"}],"wp:featuredmedia":[{"embeddable":true,"href":"https:\/\/www.bzsolutions.ch\/fr\/wp-json\/wp\/v2\/media\/47963"}],"wp:attachment":[{"href":"https:\/\/www.bzsolutions.ch\/fr\/wp-json\/wp\/v2\/media?parent=48819"}],"wp:term":[{"taxonomy":"product_brand","embeddable":true,"href":"https:\/\/www.bzsolutions.ch\/fr\/wp-json\/wp\/v2\/product_brand?post=48819"},{"taxonomy":"product_cat","embeddable":true,"href":"https:\/\/www.bzsolutions.ch\/fr\/wp-json\/wp\/v2\/product_cat?post=48819"},{"taxonomy":"product_tag","embeddable":true,"href":"https:\/\/www.bzsolutions.ch\/fr\/wp-json\/wp\/v2\/product_tag?post=48819"}],"curies":[{"name":"wp","href":"https:\/\/api.w.org\/{rel}","templated":true}]}}