{"id":48820,"date":"2024-04-03T17:25:18","date_gmt":"2024-04-03T15:25:18","guid":{"rendered":"https:\/\/www.bzsolutions.ch\/produkt\/booty-builder-extension-hyperextension-dorsale-selectionnee-avec-poids-enfichables\/"},"modified":"2024-04-03T17:25:18","modified_gmt":"2024-04-03T15:25:18","slug":"booty-builder-extension-hyperextension-dorsale-selectionnee-avec-poids-enfichables","status":"publish","type":"product","link":"https:\/\/www.bzsolutions.ch\/fr\/produkt\/booty-builder-extension-hyperextension-dorsale-selectionnee-avec-poids-enfichables\/","title":{"rendered":"BOOTY BUILDER\u00ae Extension \/ hyperextension dorsale s\u00e9lectionn\u00e9e avec poids enfichables"},"content":{"rendered":"<p>01. SP\u00c9CIAL POUR LE DOS ET LES JAMBES : Con\u00e7ue pour travailler efficacement le bas du dos, les ischio-jambiers et les fessiers, la machine Selectorized Back Extension permet de tenir confortablement un halt\u00e8re pour une r\u00e9sistance suppl\u00e9mentaire, sans risque de chute de poids au sol. L&#8217;appareil offre un r\u00e9glage multiple de la hauteur, ce qui permet \u00e0 chaque utilisateur d&#8217;obtenir un renforcement pr\u00e9cis et cibl\u00e9 de ces zones cl\u00e9s.<\/p>\n<p>02. POLYVALENCE ET CONFORT : La double fonction permet non seulement de faire des \u00e9tirements du dos, mais aussi des exercices de balancement des jambes avec fixation par sangles de cheville, les poign\u00e9es r\u00e9glables offrant une stabilit\u00e9 suppl\u00e9mentaire pendant l&#8217;entra\u00eenement. Le Booty Builder Selectorized Back Extension ne se limite donc pas aux exercices pour le dos, mais offre une solution d&#8217;entra\u00eenement compl\u00e8te pour le renforcement de la cha\u00eene post\u00e9rieure.<\/p>\n<p>03. S\u00c9CURIT\u00c9 ET EFFICACIT\u00c9 : Les \u00e9tirements du dos avec le Booty Builder maintiennent la tension sur toute l&#8217;amplitude du mouvement et favorisent la d\u00e9compression du bas de la colonne vert\u00e9brale, tandis que m\u00eame de petites quantit\u00e9s de poids permettent une charge significative. Cela favorise un entra\u00eenement sans blessure et assure des r\u00e9sultats optimaux pour le renforcement de la cha\u00eene post\u00e9rieure.<\/p>\n","protected":false},"excerpt":{"rendered":"<p>Transformez vos exercices d&#8217;hyperextension avec le Booty Builder Selectorized Back Extension, le game-changer pour votre entra\u00eenement du dos. Avec le Booty Builder Selectorized Back Extension, vous trouverez la combinaison parfaite entre courbe de r\u00e9sistance et entra\u00eenement en toute s\u00e9curit\u00e9.<\/p>\n","protected":false},"featured_media":48015,"template":"","meta":{"inline_featured_image":false},"product_brand":[],"product_cat":[],"product_tag":[],"class_list":{"0":"post-48820","1":"product","2":"type-product","3":"status-publish","4":"has-post-thumbnail","7":"first","8":"instock","9":"product-type-simple"},"yoast_head":"<!-- This site is optimized with the Yoast SEO plugin v23.8 - https:\/\/yoast.com\/wordpress\/plugins\/seo\/ -->\n<title>BOOTY BUILDER\u00ae Extension \/ hyperextension dorsale s\u00e9lectionn\u00e9e avec poids enfichables - BZ Solutions<\/title>\n<meta name=\"robots\" content=\"index, follow, max-snippet:-1, max-image-preview:large, max-video-preview:-1\" \/>\n<link rel=\"canonical\" href=\"https:\/\/www.bzsolutions.ch\/fr\/produkt\/booty-builder-extension-hyperextension-dorsale-selectionnee-avec-poids-enfichables\/\" \/>\n<meta property=\"og:locale\" content=\"fr_FR\" \/>\n<meta property=\"og:type\" content=\"article\" \/>\n<meta property=\"og:title\" content=\"BOOTY BUILDER\u00ae Extension \/ hyperextension dorsale s\u00e9lectionn\u00e9e avec poids enfichables - BZ Solutions\" \/>\n<meta property=\"og:description\" content=\"Transformez vos exercices d&#039;hyperextension avec le Booty Builder Selectorized Back Extension, le game-changer pour votre entra\u00eenement du dos. Avec le Booty Builder Selectorized Back Extension, vous trouverez la combinaison parfaite entre courbe de r\u00e9sistance et entra\u00eenement en toute s\u00e9curit\u00e9.\" \/>\n<meta property=\"og:url\" content=\"https:\/\/www.bzsolutions.ch\/fr\/produkt\/booty-builder-extension-hyperextension-dorsale-selectionnee-avec-poids-enfichables\/\" \/>\n<meta property=\"og:site_name\" content=\"BZ Solutions\" \/>\n<meta property=\"og:image\" content=\"https:\/\/www.bzsolutions.ch\/wp-content\/uploads\/2024\/04\/BB_Backextension_3.jpg\" \/>\n\t<meta property=\"og:image:width\" content=\"1000\" \/>\n\t<meta property=\"og:image:height\" content=\"1000\" \/>\n\t<meta property=\"og:image:type\" content=\"image\/jpeg\" \/>\n<meta name=\"twitter:card\" content=\"summary_large_image\" \/>\n<meta name=\"twitter:label1\" content=\"Dur\u00e9e de lecture estim\u00e9e\" \/>\n\t<meta name=\"twitter:data1\" content=\"1 minute\" \/>\n<script type=\"application\/ld+json\" class=\"yoast-schema-graph\">{\"@context\":\"https:\/\/schema.org\",\"@graph\":[{\"@type\":\"WebPage\",\"@id\":\"https:\/\/www.bzsolutions.ch\/fr\/produkt\/booty-builder-extension-hyperextension-dorsale-selectionnee-avec-poids-enfichables\/\",\"url\":\"https:\/\/www.bzsolutions.ch\/fr\/produkt\/booty-builder-extension-hyperextension-dorsale-selectionnee-avec-poids-enfichables\/\",\"name\":\"BOOTY BUILDER\u00ae Extension \/ hyperextension dorsale s\u00e9lectionn\u00e9e avec poids enfichables - BZ Solutions\",\"isPartOf\":{\"@id\":\"https:\/\/www.bzsolutions.ch\/fr\/#website\"},\"primaryImageOfPage\":{\"@id\":\"https:\/\/www.bzsolutions.ch\/fr\/produkt\/booty-builder-extension-hyperextension-dorsale-selectionnee-avec-poids-enfichables\/#primaryimage\"},\"image\":{\"@id\":\"https:\/\/www.bzsolutions.ch\/fr\/produkt\/booty-builder-extension-hyperextension-dorsale-selectionnee-avec-poids-enfichables\/#primaryimage\"},\"thumbnailUrl\":\"https:\/\/www.bzsolutions.ch\/wp-content\/uploads\/2024\/04\/BB_Backextension_3.jpg\",\"datePublished\":\"2024-04-03T15:25:18+00:00\",\"dateModified\":\"2024-04-03T15:25:18+00:00\",\"breadcrumb\":{\"@id\":\"https:\/\/www.bzsolutions.ch\/fr\/produkt\/booty-builder-extension-hyperextension-dorsale-selectionnee-avec-poids-enfichables\/#breadcrumb\"},\"inLanguage\":\"fr-FR\",\"potentialAction\":[{\"@type\":\"ReadAction\",\"target\":[\"https:\/\/www.bzsolutions.ch\/fr\/produkt\/booty-builder-extension-hyperextension-dorsale-selectionnee-avec-poids-enfichables\/\"]}]},{\"@type\":\"ImageObject\",\"inLanguage\":\"fr-FR\",\"@id\":\"https:\/\/www.bzsolutions.ch\/fr\/produkt\/booty-builder-extension-hyperextension-dorsale-selectionnee-avec-poids-enfichables\/#primaryimage\",\"url\":\"https:\/\/www.bzsolutions.ch\/wp-content\/uploads\/2024\/04\/BB_Backextension_3.jpg\",\"contentUrl\":\"https:\/\/www.bzsolutions.ch\/wp-content\/uploads\/2024\/04\/BB_Backextension_3.jpg\",\"width\":1000,\"height\":1000},{\"@type\":\"BreadcrumbList\",\"@id\":\"https:\/\/www.bzsolutions.ch\/fr\/produkt\/booty-builder-extension-hyperextension-dorsale-selectionnee-avec-poids-enfichables\/#breadcrumb\",\"itemListElement\":[{\"@type\":\"ListItem\",\"position\":1,\"name\":\"Startseite\",\"item\":\"https:\/\/www.bzsolutions.ch\/fr\/\"},{\"@type\":\"ListItem\",\"position\":2,\"name\":\"Shop\",\"item\":\"https:\/\/www.bzsolutions.ch\/shop\/\"},{\"@type\":\"ListItem\",\"position\":3,\"name\":\"BOOTY BUILDER\u00ae Extension \/ hyperextension dorsale s\u00e9lectionn\u00e9e avec poids enfichables\"}]},{\"@type\":\"WebSite\",\"@id\":\"https:\/\/www.bzsolutions.ch\/fr\/#website\",\"url\":\"https:\/\/www.bzsolutions.ch\/fr\/\",\"name\":\"BZ Solutions\",\"description\":\"Total Fitness Solutions\",\"publisher\":{\"@id\":\"https:\/\/www.bzsolutions.ch\/fr\/#organization\"},\"potentialAction\":[{\"@type\":\"SearchAction\",\"target\":{\"@type\":\"EntryPoint\",\"urlTemplate\":\"https:\/\/www.bzsolutions.ch\/fr\/?s={search_term_string}\"},\"query-input\":{\"@type\":\"PropertyValueSpecification\",\"valueRequired\":true,\"valueName\":\"search_term_string\"}}],\"inLanguage\":\"fr-FR\"},{\"@type\":\"Organization\",\"@id\":\"https:\/\/www.bzsolutions.ch\/fr\/#organization\",\"name\":\"BZ Solutions\",\"url\":\"https:\/\/www.bzsolutions.ch\/fr\/\",\"logo\":{\"@type\":\"ImageObject\",\"inLanguage\":\"fr-FR\",\"@id\":\"https:\/\/www.bzsolutions.ch\/fr\/#\/schema\/logo\/image\/\",\"url\":\"https:\/\/www.bzsolutions.ch\/wp-content\/uploads\/2024\/03\/logo_bz-solutions.png\",\"contentUrl\":\"https:\/\/www.bzsolutions.ch\/wp-content\/uploads\/2024\/03\/logo_bz-solutions.png\",\"width\":600,\"height\":136,\"caption\":\"BZ Solutions\"},\"image\":{\"@id\":\"https:\/\/www.bzsolutions.ch\/fr\/#\/schema\/logo\/image\/\"}}]}<\/script>\n<!-- \/ Yoast SEO plugin. -->","yoast_head_json":{"title":"BOOTY BUILDER\u00ae Extension \/ hyperextension dorsale s\u00e9lectionn\u00e9e avec poids enfichables - BZ Solutions","robots":{"index":"index","follow":"follow","max-snippet":"max-snippet:-1","max-image-preview":"max-image-preview:large","max-video-preview":"max-video-preview:-1"},"canonical":"https:\/\/www.bzsolutions.ch\/fr\/produkt\/booty-builder-extension-hyperextension-dorsale-selectionnee-avec-poids-enfichables\/","og_locale":"fr_FR","og_type":"article","og_title":"BOOTY BUILDER\u00ae Extension \/ hyperextension dorsale s\u00e9lectionn\u00e9e avec poids enfichables - BZ Solutions","og_description":"Transformez vos exercices d'hyperextension avec le Booty Builder Selectorized Back Extension, le game-changer pour votre entra\u00eenement du dos. Avec le Booty Builder Selectorized Back Extension, vous trouverez la combinaison parfaite entre courbe de r\u00e9sistance et entra\u00eenement en toute s\u00e9curit\u00e9.","og_url":"https:\/\/www.bzsolutions.ch\/fr\/produkt\/booty-builder-extension-hyperextension-dorsale-selectionnee-avec-poids-enfichables\/","og_site_name":"BZ Solutions","og_image":[{"width":1000,"height":1000,"url":"https:\/\/www.bzsolutions.ch\/wp-content\/uploads\/2024\/04\/BB_Backextension_3.jpg","type":"image\/jpeg"}],"twitter_card":"summary_large_image","twitter_misc":{"Dur\u00e9e de lecture estim\u00e9e":"1 minute"},"schema":{"@context":"https:\/\/schema.org","@graph":[{"@type":"WebPage","@id":"https:\/\/www.bzsolutions.ch\/fr\/produkt\/booty-builder-extension-hyperextension-dorsale-selectionnee-avec-poids-enfichables\/","url":"https:\/\/www.bzsolutions.ch\/fr\/produkt\/booty-builder-extension-hyperextension-dorsale-selectionnee-avec-poids-enfichables\/","name":"BOOTY BUILDER\u00ae Extension \/ hyperextension dorsale s\u00e9lectionn\u00e9e avec poids enfichables - BZ Solutions","isPartOf":{"@id":"https:\/\/www.bzsolutions.ch\/fr\/#website"},"primaryImageOfPage":{"@id":"https:\/\/www.bzsolutions.ch\/fr\/produkt\/booty-builder-extension-hyperextension-dorsale-selectionnee-avec-poids-enfichables\/#primaryimage"},"image":{"@id":"https:\/\/www.bzsolutions.ch\/fr\/produkt\/booty-builder-extension-hyperextension-dorsale-selectionnee-avec-poids-enfichables\/#primaryimage"},"thumbnailUrl":"https:\/\/www.bzsolutions.ch\/wp-content\/uploads\/2024\/04\/BB_Backextension_3.jpg","datePublished":"2024-04-03T15:25:18+00:00","dateModified":"2024-04-03T15:25:18+00:00","breadcrumb":{"@id":"https:\/\/www.bzsolutions.ch\/fr\/produkt\/booty-builder-extension-hyperextension-dorsale-selectionnee-avec-poids-enfichables\/#breadcrumb"},"inLanguage":"fr-FR","potentialAction":[{"@type":"ReadAction","target":["https:\/\/www.bzsolutions.ch\/fr\/produkt\/booty-builder-extension-hyperextension-dorsale-selectionnee-avec-poids-enfichables\/"]}]},{"@type":"ImageObject","inLanguage":"fr-FR","@id":"https:\/\/www.bzsolutions.ch\/fr\/produkt\/booty-builder-extension-hyperextension-dorsale-selectionnee-avec-poids-enfichables\/#primaryimage","url":"https:\/\/www.bzsolutions.ch\/wp-content\/uploads\/2024\/04\/BB_Backextension_3.jpg","contentUrl":"https:\/\/www.bzsolutions.ch\/wp-content\/uploads\/2024\/04\/BB_Backextension_3.jpg","width":1000,"height":1000},{"@type":"BreadcrumbList","@id":"https:\/\/www.bzsolutions.ch\/fr\/produkt\/booty-builder-extension-hyperextension-dorsale-selectionnee-avec-poids-enfichables\/#breadcrumb","itemListElement":[{"@type":"ListItem","position":1,"name":"Startseite","item":"https:\/\/www.bzsolutions.ch\/fr\/"},{"@type":"ListItem","position":2,"name":"Shop","item":"https:\/\/www.bzsolutions.ch\/shop\/"},{"@type":"ListItem","position":3,"name":"BOOTY BUILDER\u00ae Extension \/ hyperextension dorsale s\u00e9lectionn\u00e9e avec poids enfichables"}]},{"@type":"WebSite","@id":"https:\/\/www.bzsolutions.ch\/fr\/#website","url":"https:\/\/www.bzsolutions.ch\/fr\/","name":"BZ Solutions","description":"Total Fitness Solutions","publisher":{"@id":"https:\/\/www.bzsolutions.ch\/fr\/#organization"},"potentialAction":[{"@type":"SearchAction","target":{"@type":"EntryPoint","urlTemplate":"https:\/\/www.bzsolutions.ch\/fr\/?s={search_term_string}"},"query-input":{"@type":"PropertyValueSpecification","valueRequired":true,"valueName":"search_term_string"}}],"inLanguage":"fr-FR"},{"@type":"Organization","@id":"https:\/\/www.bzsolutions.ch\/fr\/#organization","name":"BZ Solutions","url":"https:\/\/www.bzsolutions.ch\/fr\/","logo":{"@type":"ImageObject","inLanguage":"fr-FR","@id":"https:\/\/www.bzsolutions.ch\/fr\/#\/schema\/logo\/image\/","url":"https:\/\/www.bzsolutions.ch\/wp-content\/uploads\/2024\/03\/logo_bz-solutions.png","contentUrl":"https:\/\/www.bzsolutions.ch\/wp-content\/uploads\/2024\/03\/logo_bz-solutions.png","width":600,"height":136,"caption":"BZ Solutions"},"image":{"@id":"https:\/\/www.bzsolutions.ch\/fr\/#\/schema\/logo\/image\/"}}]}},"_links":{"self":[{"href":"https:\/\/www.bzsolutions.ch\/fr\/wp-json\/wp\/v2\/product\/48820","targetHints":{"allow":["GET"]}}],"collection":[{"href":"https:\/\/www.bzsolutions.ch\/fr\/wp-json\/wp\/v2\/product"}],"about":[{"href":"https:\/\/www.bzsolutions.ch\/fr\/wp-json\/wp\/v2\/types\/product"}],"wp:featuredmedia":[{"embeddable":true,"href":"https:\/\/www.bzsolutions.ch\/fr\/wp-json\/wp\/v2\/media\/48015"}],"wp:attachment":[{"href":"https:\/\/www.bzsolutions.ch\/fr\/wp-json\/wp\/v2\/media?parent=48820"}],"wp:term":[{"taxonomy":"product_brand","embeddable":true,"href":"https:\/\/www.bzsolutions.ch\/fr\/wp-json\/wp\/v2\/product_brand?post=48820"},{"taxonomy":"product_cat","embeddable":true,"href":"https:\/\/www.bzsolutions.ch\/fr\/wp-json\/wp\/v2\/product_cat?post=48820"},{"taxonomy":"product_tag","embeddable":true,"href":"https:\/\/www.bzsolutions.ch\/fr\/wp-json\/wp\/v2\/product_tag?post=48820"}],"curies":[{"name":"wp","href":"https:\/\/api.w.org\/{rel}","templated":true}]}}