{"id":48822,"date":"2024-04-03T17:25:18","date_gmt":"2024-04-03T15:25:18","guid":{"rendered":"https:\/\/www.bzsolutions.ch\/produkt\/zone-booty-builder\/"},"modified":"2024-04-03T17:25:18","modified_gmt":"2024-04-03T15:25:18","slug":"zone-booty-builder","status":"publish","type":"product","link":"https:\/\/www.bzsolutions.ch\/fr\/produkt\/zone-booty-builder\/","title":{"rendered":"Zone BOOTY BUILDER"},"content":{"rendered":"<p>Am\u00e9liorez votre forme et votre sant\u00e9 avec la Booty Builder Zone &#8211; votre partenaire pour des fessiers solides.<\/p>\n<p>01. SP\u00c9CIALEMENT POUR LES MUSCULES FESCULAIRES : Con\u00e7ue pour cibler et renforcer vos muscles fessiers, la Booty Builder Zone offre une combinaison de r\u00e9sistance et de m\u00e9canismes de soutien. Cela permet un entra\u00eenement efficace qui minimise la r\u00e9sistance initiale et vous aide \u00e0 progresser continuellement. Le renforcement cibl\u00e9 de vos muscles fessiers am\u00e9liore non seulement votre apparence esth\u00e9tique, mais aussi vos performances sportives.<\/p>\n<p>STABILIT\u00c9 ET CONFORT : Gr\u00e2ce \u00e0 ses coussins ergonomiques et \u00e0 ses options de r\u00e9glage, la Booty Builder Zone favorise une posture correcte et minimise les contraintes sur les articulations et le dos. Cela permet une exp\u00e9rience d&#8217;entra\u00eenement s\u00fbre et confortable qui r\u00e9duit le risque de blessure et contribue \u00e0 la stabilisation du bassin et du bas du dos.<\/p>\n<p>03. ROBUSTESSE ET DESIGN ERGONOMIQUE : La construction solide en acier de haute qualit\u00e9 garantit la durabilit\u00e9 et la r\u00e9sistance aux exigences quotidiennes de l&#8217;entra\u00eenement. Des \u00e9l\u00e9ments de design bien pens\u00e9s, tels qu&#8217;un rev\u00eatement brillant \u00e0 double couche et des mat\u00e9riaux r\u00e9sistants, garantissent non seulement un attrait esth\u00e9tique, mais aussi une utilisation \u00e0 long terme.<\/p>\n","protected":false},"excerpt":{"rendered":"<p>La zone Booty Builder offre une exp\u00e9rience d&#8217;entra\u00eenement compl\u00e8te qui renforce les muscles fessiers, ce qui se traduit par une s\u00e9rie d&#8217;avantages pour la sant\u00e9, allant de l&#8217;am\u00e9lioration des performances sportives et de la r\u00e9duction du risque de blessure \u00e0 l&#8217;augmentation du taux m\u00e9tabolique et \u00e0 une meilleure sant\u00e9 g\u00e9n\u00e9rale.<\/p>\n","protected":false},"featured_media":48021,"template":"","meta":{"inline_featured_image":false},"product_brand":[],"product_cat":[],"product_tag":[],"class_list":{"0":"post-48822","1":"product","2":"type-product","3":"status-publish","4":"has-post-thumbnail","7":"first","8":"instock","9":"product-type-simple"},"yoast_head":"<!-- This site is optimized with the Yoast SEO plugin v23.8 - https:\/\/yoast.com\/wordpress\/plugins\/seo\/ -->\n<title>Zone BOOTY BUILDER - BZ Solutions<\/title>\n<meta name=\"robots\" content=\"index, follow, max-snippet:-1, max-image-preview:large, max-video-preview:-1\" \/>\n<link rel=\"canonical\" href=\"https:\/\/www.bzsolutions.ch\/fr\/produkt\/zone-booty-builder\/\" \/>\n<meta property=\"og:locale\" content=\"fr_FR\" \/>\n<meta property=\"og:type\" content=\"article\" \/>\n<meta property=\"og:title\" content=\"Zone BOOTY BUILDER - BZ Solutions\" \/>\n<meta property=\"og:description\" content=\"La zone Booty Builder offre une exp\u00e9rience d&#039;entra\u00eenement compl\u00e8te qui renforce les muscles fessiers, ce qui se traduit par une s\u00e9rie d&#039;avantages pour la sant\u00e9, allant de l&#039;am\u00e9lioration des performances sportives et de la r\u00e9duction du risque de blessure \u00e0 l&#039;augmentation du taux m\u00e9tabolique et \u00e0 une meilleure sant\u00e9 g\u00e9n\u00e9rale.\" \/>\n<meta property=\"og:url\" content=\"https:\/\/www.bzsolutions.ch\/fr\/produkt\/zone-booty-builder\/\" \/>\n<meta property=\"og:site_name\" content=\"BZ Solutions\" \/>\n<meta property=\"og:image\" content=\"https:\/\/www.bzsolutions.ch\/wp-content\/uploads\/2024\/04\/BB_Booty-Zone.jpg\" \/>\n\t<meta property=\"og:image:width\" content=\"998\" \/>\n\t<meta property=\"og:image:height\" content=\"998\" \/>\n\t<meta property=\"og:image:type\" content=\"image\/jpeg\" \/>\n<meta name=\"twitter:card\" content=\"summary_large_image\" \/>\n<meta name=\"twitter:label1\" content=\"Dur\u00e9e de lecture estim\u00e9e\" \/>\n\t<meta name=\"twitter:data1\" content=\"1 minute\" \/>\n<script type=\"application\/ld+json\" class=\"yoast-schema-graph\">{\"@context\":\"https:\/\/schema.org\",\"@graph\":[{\"@type\":\"WebPage\",\"@id\":\"https:\/\/www.bzsolutions.ch\/fr\/produkt\/zone-booty-builder\/\",\"url\":\"https:\/\/www.bzsolutions.ch\/fr\/produkt\/zone-booty-builder\/\",\"name\":\"Zone BOOTY BUILDER - BZ Solutions\",\"isPartOf\":{\"@id\":\"https:\/\/www.bzsolutions.ch\/fr\/#website\"},\"primaryImageOfPage\":{\"@id\":\"https:\/\/www.bzsolutions.ch\/fr\/produkt\/zone-booty-builder\/#primaryimage\"},\"image\":{\"@id\":\"https:\/\/www.bzsolutions.ch\/fr\/produkt\/zone-booty-builder\/#primaryimage\"},\"thumbnailUrl\":\"https:\/\/www.bzsolutions.ch\/wp-content\/uploads\/2024\/04\/BB_Booty-Zone.jpg\",\"datePublished\":\"2024-04-03T15:25:18+00:00\",\"dateModified\":\"2024-04-03T15:25:18+00:00\",\"breadcrumb\":{\"@id\":\"https:\/\/www.bzsolutions.ch\/fr\/produkt\/zone-booty-builder\/#breadcrumb\"},\"inLanguage\":\"fr-FR\",\"potentialAction\":[{\"@type\":\"ReadAction\",\"target\":[\"https:\/\/www.bzsolutions.ch\/fr\/produkt\/zone-booty-builder\/\"]}]},{\"@type\":\"ImageObject\",\"inLanguage\":\"fr-FR\",\"@id\":\"https:\/\/www.bzsolutions.ch\/fr\/produkt\/zone-booty-builder\/#primaryimage\",\"url\":\"https:\/\/www.bzsolutions.ch\/wp-content\/uploads\/2024\/04\/BB_Booty-Zone.jpg\",\"contentUrl\":\"https:\/\/www.bzsolutions.ch\/wp-content\/uploads\/2024\/04\/BB_Booty-Zone.jpg\",\"width\":998,\"height\":998},{\"@type\":\"BreadcrumbList\",\"@id\":\"https:\/\/www.bzsolutions.ch\/fr\/produkt\/zone-booty-builder\/#breadcrumb\",\"itemListElement\":[{\"@type\":\"ListItem\",\"position\":1,\"name\":\"Startseite\",\"item\":\"https:\/\/www.bzsolutions.ch\/fr\/\"},{\"@type\":\"ListItem\",\"position\":2,\"name\":\"Shop\",\"item\":\"https:\/\/www.bzsolutions.ch\/shop\/\"},{\"@type\":\"ListItem\",\"position\":3,\"name\":\"Zone BOOTY BUILDER\"}]},{\"@type\":\"WebSite\",\"@id\":\"https:\/\/www.bzsolutions.ch\/fr\/#website\",\"url\":\"https:\/\/www.bzsolutions.ch\/fr\/\",\"name\":\"BZ Solutions\",\"description\":\"Total Fitness Solutions\",\"publisher\":{\"@id\":\"https:\/\/www.bzsolutions.ch\/fr\/#organization\"},\"potentialAction\":[{\"@type\":\"SearchAction\",\"target\":{\"@type\":\"EntryPoint\",\"urlTemplate\":\"https:\/\/www.bzsolutions.ch\/fr\/?s={search_term_string}\"},\"query-input\":{\"@type\":\"PropertyValueSpecification\",\"valueRequired\":true,\"valueName\":\"search_term_string\"}}],\"inLanguage\":\"fr-FR\"},{\"@type\":\"Organization\",\"@id\":\"https:\/\/www.bzsolutions.ch\/fr\/#organization\",\"name\":\"BZ Solutions\",\"url\":\"https:\/\/www.bzsolutions.ch\/fr\/\",\"logo\":{\"@type\":\"ImageObject\",\"inLanguage\":\"fr-FR\",\"@id\":\"https:\/\/www.bzsolutions.ch\/fr\/#\/schema\/logo\/image\/\",\"url\":\"https:\/\/www.bzsolutions.ch\/wp-content\/uploads\/2024\/03\/logo_bz-solutions.png\",\"contentUrl\":\"https:\/\/www.bzsolutions.ch\/wp-content\/uploads\/2024\/03\/logo_bz-solutions.png\",\"width\":600,\"height\":136,\"caption\":\"BZ Solutions\"},\"image\":{\"@id\":\"https:\/\/www.bzsolutions.ch\/fr\/#\/schema\/logo\/image\/\"}}]}<\/script>\n<!-- \/ Yoast SEO plugin. -->","yoast_head_json":{"title":"Zone BOOTY BUILDER - BZ Solutions","robots":{"index":"index","follow":"follow","max-snippet":"max-snippet:-1","max-image-preview":"max-image-preview:large","max-video-preview":"max-video-preview:-1"},"canonical":"https:\/\/www.bzsolutions.ch\/fr\/produkt\/zone-booty-builder\/","og_locale":"fr_FR","og_type":"article","og_title":"Zone BOOTY BUILDER - BZ Solutions","og_description":"La zone Booty Builder offre une exp\u00e9rience d'entra\u00eenement compl\u00e8te qui renforce les muscles fessiers, ce qui se traduit par une s\u00e9rie d'avantages pour la sant\u00e9, allant de l'am\u00e9lioration des performances sportives et de la r\u00e9duction du risque de blessure \u00e0 l'augmentation du taux m\u00e9tabolique et \u00e0 une meilleure sant\u00e9 g\u00e9n\u00e9rale.","og_url":"https:\/\/www.bzsolutions.ch\/fr\/produkt\/zone-booty-builder\/","og_site_name":"BZ Solutions","og_image":[{"width":998,"height":998,"url":"https:\/\/www.bzsolutions.ch\/wp-content\/uploads\/2024\/04\/BB_Booty-Zone.jpg","type":"image\/jpeg"}],"twitter_card":"summary_large_image","twitter_misc":{"Dur\u00e9e de lecture estim\u00e9e":"1 minute"},"schema":{"@context":"https:\/\/schema.org","@graph":[{"@type":"WebPage","@id":"https:\/\/www.bzsolutions.ch\/fr\/produkt\/zone-booty-builder\/","url":"https:\/\/www.bzsolutions.ch\/fr\/produkt\/zone-booty-builder\/","name":"Zone BOOTY BUILDER - BZ Solutions","isPartOf":{"@id":"https:\/\/www.bzsolutions.ch\/fr\/#website"},"primaryImageOfPage":{"@id":"https:\/\/www.bzsolutions.ch\/fr\/produkt\/zone-booty-builder\/#primaryimage"},"image":{"@id":"https:\/\/www.bzsolutions.ch\/fr\/produkt\/zone-booty-builder\/#primaryimage"},"thumbnailUrl":"https:\/\/www.bzsolutions.ch\/wp-content\/uploads\/2024\/04\/BB_Booty-Zone.jpg","datePublished":"2024-04-03T15:25:18+00:00","dateModified":"2024-04-03T15:25:18+00:00","breadcrumb":{"@id":"https:\/\/www.bzsolutions.ch\/fr\/produkt\/zone-booty-builder\/#breadcrumb"},"inLanguage":"fr-FR","potentialAction":[{"@type":"ReadAction","target":["https:\/\/www.bzsolutions.ch\/fr\/produkt\/zone-booty-builder\/"]}]},{"@type":"ImageObject","inLanguage":"fr-FR","@id":"https:\/\/www.bzsolutions.ch\/fr\/produkt\/zone-booty-builder\/#primaryimage","url":"https:\/\/www.bzsolutions.ch\/wp-content\/uploads\/2024\/04\/BB_Booty-Zone.jpg","contentUrl":"https:\/\/www.bzsolutions.ch\/wp-content\/uploads\/2024\/04\/BB_Booty-Zone.jpg","width":998,"height":998},{"@type":"BreadcrumbList","@id":"https:\/\/www.bzsolutions.ch\/fr\/produkt\/zone-booty-builder\/#breadcrumb","itemListElement":[{"@type":"ListItem","position":1,"name":"Startseite","item":"https:\/\/www.bzsolutions.ch\/fr\/"},{"@type":"ListItem","position":2,"name":"Shop","item":"https:\/\/www.bzsolutions.ch\/shop\/"},{"@type":"ListItem","position":3,"name":"Zone BOOTY BUILDER"}]},{"@type":"WebSite","@id":"https:\/\/www.bzsolutions.ch\/fr\/#website","url":"https:\/\/www.bzsolutions.ch\/fr\/","name":"BZ Solutions","description":"Total Fitness Solutions","publisher":{"@id":"https:\/\/www.bzsolutions.ch\/fr\/#organization"},"potentialAction":[{"@type":"SearchAction","target":{"@type":"EntryPoint","urlTemplate":"https:\/\/www.bzsolutions.ch\/fr\/?s={search_term_string}"},"query-input":{"@type":"PropertyValueSpecification","valueRequired":true,"valueName":"search_term_string"}}],"inLanguage":"fr-FR"},{"@type":"Organization","@id":"https:\/\/www.bzsolutions.ch\/fr\/#organization","name":"BZ Solutions","url":"https:\/\/www.bzsolutions.ch\/fr\/","logo":{"@type":"ImageObject","inLanguage":"fr-FR","@id":"https:\/\/www.bzsolutions.ch\/fr\/#\/schema\/logo\/image\/","url":"https:\/\/www.bzsolutions.ch\/wp-content\/uploads\/2024\/03\/logo_bz-solutions.png","contentUrl":"https:\/\/www.bzsolutions.ch\/wp-content\/uploads\/2024\/03\/logo_bz-solutions.png","width":600,"height":136,"caption":"BZ Solutions"},"image":{"@id":"https:\/\/www.bzsolutions.ch\/fr\/#\/schema\/logo\/image\/"}}]}},"_links":{"self":[{"href":"https:\/\/www.bzsolutions.ch\/fr\/wp-json\/wp\/v2\/product\/48822","targetHints":{"allow":["GET"]}}],"collection":[{"href":"https:\/\/www.bzsolutions.ch\/fr\/wp-json\/wp\/v2\/product"}],"about":[{"href":"https:\/\/www.bzsolutions.ch\/fr\/wp-json\/wp\/v2\/types\/product"}],"wp:featuredmedia":[{"embeddable":true,"href":"https:\/\/www.bzsolutions.ch\/fr\/wp-json\/wp\/v2\/media\/48021"}],"wp:attachment":[{"href":"https:\/\/www.bzsolutions.ch\/fr\/wp-json\/wp\/v2\/media?parent=48822"}],"wp:term":[{"taxonomy":"product_brand","embeddable":true,"href":"https:\/\/www.bzsolutions.ch\/fr\/wp-json\/wp\/v2\/product_brand?post=48822"},{"taxonomy":"product_cat","embeddable":true,"href":"https:\/\/www.bzsolutions.ch\/fr\/wp-json\/wp\/v2\/product_cat?post=48822"},{"taxonomy":"product_tag","embeddable":true,"href":"https:\/\/www.bzsolutions.ch\/fr\/wp-json\/wp\/v2\/product_tag?post=48822"}],"curies":[{"name":"wp","href":"https:\/\/api.w.org\/{rel}","templated":true}]}}