{"id":48823,"date":"2024-04-03T17:25:18","date_gmt":"2024-04-03T15:25:18","guid":{"rendered":"https:\/\/www.bzsolutions.ch\/produkt\/booty-builder-belt-squat-ceinture-de-squat\/"},"modified":"2024-04-03T17:25:18","modified_gmt":"2024-04-03T15:25:18","slug":"booty-builder-belt-squat-ceinture-de-squat","status":"publish","type":"product","link":"https:\/\/www.bzsolutions.ch\/fr\/produkt\/booty-builder-belt-squat-ceinture-de-squat\/","title":{"rendered":"BOOTY BUILDER\u00ae Belt Squat \/ Ceinture de squat"},"content":{"rendered":"<p>01. SP\u00c9CIAL POUR LE BAS : cet appareil permet une grande libert\u00e9 de mouvement et est con\u00e7u pour s&#8217;adapter \u00e0 toutes les tailles gr\u00e2ce \u00e0 diff\u00e9rentes possibilit\u00e9s de rangement et de positionnement de la ceinture. L&#8217;int\u00e9gration d&#8217;un accessoire pour halt\u00e8res longs \u00e9largit ses fonctions pour les deadlifts, le rowing et d&#8217;autres exercices, ce qui permet un entra\u00eenement polyvalent du bas du corps sans les risques de surcharger les parties sup\u00e9rieures du corps.<\/p>\n<p>02. CONFORT ET POLYVALENCE : La ceinture rembourr\u00e9e offre un confort suppl\u00e9mentaire pendant l&#8217;entra\u00eenement, tandis que les roulettes de transport permettent de d\u00e9placer facilement l&#8217;appareil. Avec un grand compartiment de rangement pour les poids et l&#8217;option d&#8217;ajouter des bandes de r\u00e9sistance pour un entra\u00eenement encore plus intense, le Booty Builder Belt Squat offre une adaptabilit\u00e9 sans pr\u00e9c\u00e9dent \u00e0 votre niveau de forme physique individuel et \u00e0 vos pr\u00e9f\u00e9rences d&#8217;entra\u00eenement.<\/p>\n<p>03. CONSTRUCTION DOUCE : Le design compact fait du Booty Builder Belt Squat un ajout pratique \u00e0 toute salle de sport, sans pour autant renoncer \u00e0 la robustesse. Sa construction solide garantit une longue dur\u00e9e de vie et la haute qualit\u00e9 de l&#8217;appareil, ce qui en fait un outil indispensable pour tout amateur de fitness s\u00e9rieux qui ne veut pas renoncer \u00e0 la s\u00e9curit\u00e9, \u00e0 l&#8217;efficacit\u00e9 et au confort pour le renforcement du bas du corps.<\/p>\n","protected":false},"excerpt":{"rendered":"<p>Maximisez votre entra\u00eenement des jambes et des fessiers avec le Booty Builder Belt Squat &#8211; l&#8217;appareil ultime pour des exercices efficaces du bas du corps sans stress pour les \u00e9paules, la colonne vert\u00e9brale et le bas du dos.<\/p>\n","protected":false},"featured_media":48022,"template":"","meta":{"inline_featured_image":false},"product_brand":[],"product_cat":[],"product_tag":[],"class_list":{"0":"post-48823","1":"product","2":"type-product","3":"status-publish","4":"has-post-thumbnail","7":"first","8":"instock","9":"product-type-simple"},"yoast_head":"<!-- This site is optimized with the Yoast SEO plugin v23.8 - https:\/\/yoast.com\/wordpress\/plugins\/seo\/ -->\n<title>BOOTY BUILDER\u00ae Belt Squat \/ Ceinture de squat - BZ Solutions<\/title>\n<meta name=\"robots\" content=\"index, follow, max-snippet:-1, max-image-preview:large, max-video-preview:-1\" \/>\n<link rel=\"canonical\" href=\"https:\/\/www.bzsolutions.ch\/fr\/produkt\/booty-builder-belt-squat-ceinture-de-squat\/\" \/>\n<meta property=\"og:locale\" content=\"fr_FR\" \/>\n<meta property=\"og:type\" content=\"article\" \/>\n<meta property=\"og:title\" content=\"BOOTY BUILDER\u00ae Belt Squat \/ Ceinture de squat - BZ Solutions\" \/>\n<meta property=\"og:description\" content=\"Maximisez votre entra\u00eenement des jambes et des fessiers avec le Booty Builder Belt Squat - l&#039;appareil ultime pour des exercices efficaces du bas du corps sans stress pour les \u00e9paules, la colonne vert\u00e9brale et le bas du dos.\" \/>\n<meta property=\"og:url\" content=\"https:\/\/www.bzsolutions.ch\/fr\/produkt\/booty-builder-belt-squat-ceinture-de-squat\/\" \/>\n<meta property=\"og:site_name\" content=\"BZ Solutions\" \/>\n<meta property=\"og:image\" content=\"https:\/\/www.bzsolutions.ch\/wp-content\/uploads\/2024\/04\/Booty-Builder-Belt-Squat-00.jpeg\" \/>\n\t<meta property=\"og:image:width\" content=\"1286\" \/>\n\t<meta property=\"og:image:height\" content=\"1286\" \/>\n\t<meta property=\"og:image:type\" content=\"image\/jpeg\" \/>\n<meta name=\"twitter:card\" content=\"summary_large_image\" \/>\n<meta name=\"twitter:label1\" content=\"Dur\u00e9e de lecture estim\u00e9e\" \/>\n\t<meta name=\"twitter:data1\" content=\"1 minute\" \/>\n<script type=\"application\/ld+json\" class=\"yoast-schema-graph\">{\"@context\":\"https:\/\/schema.org\",\"@graph\":[{\"@type\":\"WebPage\",\"@id\":\"https:\/\/www.bzsolutions.ch\/fr\/produkt\/booty-builder-belt-squat-ceinture-de-squat\/\",\"url\":\"https:\/\/www.bzsolutions.ch\/fr\/produkt\/booty-builder-belt-squat-ceinture-de-squat\/\",\"name\":\"BOOTY BUILDER\u00ae Belt Squat \/ Ceinture de squat - BZ Solutions\",\"isPartOf\":{\"@id\":\"https:\/\/www.bzsolutions.ch\/fr\/#website\"},\"primaryImageOfPage\":{\"@id\":\"https:\/\/www.bzsolutions.ch\/fr\/produkt\/booty-builder-belt-squat-ceinture-de-squat\/#primaryimage\"},\"image\":{\"@id\":\"https:\/\/www.bzsolutions.ch\/fr\/produkt\/booty-builder-belt-squat-ceinture-de-squat\/#primaryimage\"},\"thumbnailUrl\":\"https:\/\/www.bzsolutions.ch\/wp-content\/uploads\/2024\/04\/Booty-Builder-Belt-Squat-00.jpeg\",\"datePublished\":\"2024-04-03T15:25:18+00:00\",\"dateModified\":\"2024-04-03T15:25:18+00:00\",\"breadcrumb\":{\"@id\":\"https:\/\/www.bzsolutions.ch\/fr\/produkt\/booty-builder-belt-squat-ceinture-de-squat\/#breadcrumb\"},\"inLanguage\":\"fr-FR\",\"potentialAction\":[{\"@type\":\"ReadAction\",\"target\":[\"https:\/\/www.bzsolutions.ch\/fr\/produkt\/booty-builder-belt-squat-ceinture-de-squat\/\"]}]},{\"@type\":\"ImageObject\",\"inLanguage\":\"fr-FR\",\"@id\":\"https:\/\/www.bzsolutions.ch\/fr\/produkt\/booty-builder-belt-squat-ceinture-de-squat\/#primaryimage\",\"url\":\"https:\/\/www.bzsolutions.ch\/wp-content\/uploads\/2024\/04\/Booty-Builder-Belt-Squat-00.jpeg\",\"contentUrl\":\"https:\/\/www.bzsolutions.ch\/wp-content\/uploads\/2024\/04\/Booty-Builder-Belt-Squat-00.jpeg\",\"width\":1286,\"height\":1286},{\"@type\":\"BreadcrumbList\",\"@id\":\"https:\/\/www.bzsolutions.ch\/fr\/produkt\/booty-builder-belt-squat-ceinture-de-squat\/#breadcrumb\",\"itemListElement\":[{\"@type\":\"ListItem\",\"position\":1,\"name\":\"Startseite\",\"item\":\"https:\/\/www.bzsolutions.ch\/fr\/\"},{\"@type\":\"ListItem\",\"position\":2,\"name\":\"Shop\",\"item\":\"https:\/\/www.bzsolutions.ch\/shop\/\"},{\"@type\":\"ListItem\",\"position\":3,\"name\":\"BOOTY BUILDER\u00ae Belt Squat \/ Ceinture de squat\"}]},{\"@type\":\"WebSite\",\"@id\":\"https:\/\/www.bzsolutions.ch\/fr\/#website\",\"url\":\"https:\/\/www.bzsolutions.ch\/fr\/\",\"name\":\"BZ Solutions\",\"description\":\"Total Fitness Solutions\",\"publisher\":{\"@id\":\"https:\/\/www.bzsolutions.ch\/fr\/#organization\"},\"potentialAction\":[{\"@type\":\"SearchAction\",\"target\":{\"@type\":\"EntryPoint\",\"urlTemplate\":\"https:\/\/www.bzsolutions.ch\/fr\/?s={search_term_string}\"},\"query-input\":{\"@type\":\"PropertyValueSpecification\",\"valueRequired\":true,\"valueName\":\"search_term_string\"}}],\"inLanguage\":\"fr-FR\"},{\"@type\":\"Organization\",\"@id\":\"https:\/\/www.bzsolutions.ch\/fr\/#organization\",\"name\":\"BZ Solutions\",\"url\":\"https:\/\/www.bzsolutions.ch\/fr\/\",\"logo\":{\"@type\":\"ImageObject\",\"inLanguage\":\"fr-FR\",\"@id\":\"https:\/\/www.bzsolutions.ch\/fr\/#\/schema\/logo\/image\/\",\"url\":\"https:\/\/www.bzsolutions.ch\/wp-content\/uploads\/2024\/03\/logo_bz-solutions.png\",\"contentUrl\":\"https:\/\/www.bzsolutions.ch\/wp-content\/uploads\/2024\/03\/logo_bz-solutions.png\",\"width\":600,\"height\":136,\"caption\":\"BZ Solutions\"},\"image\":{\"@id\":\"https:\/\/www.bzsolutions.ch\/fr\/#\/schema\/logo\/image\/\"}}]}<\/script>\n<!-- \/ Yoast SEO plugin. -->","yoast_head_json":{"title":"BOOTY BUILDER\u00ae Belt Squat \/ Ceinture de squat - BZ Solutions","robots":{"index":"index","follow":"follow","max-snippet":"max-snippet:-1","max-image-preview":"max-image-preview:large","max-video-preview":"max-video-preview:-1"},"canonical":"https:\/\/www.bzsolutions.ch\/fr\/produkt\/booty-builder-belt-squat-ceinture-de-squat\/","og_locale":"fr_FR","og_type":"article","og_title":"BOOTY BUILDER\u00ae Belt Squat \/ Ceinture de squat - BZ Solutions","og_description":"Maximisez votre entra\u00eenement des jambes et des fessiers avec le Booty Builder Belt Squat - l'appareil ultime pour des exercices efficaces du bas du corps sans stress pour les \u00e9paules, la colonne vert\u00e9brale et le bas du dos.","og_url":"https:\/\/www.bzsolutions.ch\/fr\/produkt\/booty-builder-belt-squat-ceinture-de-squat\/","og_site_name":"BZ Solutions","og_image":[{"width":1286,"height":1286,"url":"https:\/\/www.bzsolutions.ch\/wp-content\/uploads\/2024\/04\/Booty-Builder-Belt-Squat-00.jpeg","type":"image\/jpeg"}],"twitter_card":"summary_large_image","twitter_misc":{"Dur\u00e9e de lecture estim\u00e9e":"1 minute"},"schema":{"@context":"https:\/\/schema.org","@graph":[{"@type":"WebPage","@id":"https:\/\/www.bzsolutions.ch\/fr\/produkt\/booty-builder-belt-squat-ceinture-de-squat\/","url":"https:\/\/www.bzsolutions.ch\/fr\/produkt\/booty-builder-belt-squat-ceinture-de-squat\/","name":"BOOTY BUILDER\u00ae Belt Squat \/ Ceinture de squat - BZ Solutions","isPartOf":{"@id":"https:\/\/www.bzsolutions.ch\/fr\/#website"},"primaryImageOfPage":{"@id":"https:\/\/www.bzsolutions.ch\/fr\/produkt\/booty-builder-belt-squat-ceinture-de-squat\/#primaryimage"},"image":{"@id":"https:\/\/www.bzsolutions.ch\/fr\/produkt\/booty-builder-belt-squat-ceinture-de-squat\/#primaryimage"},"thumbnailUrl":"https:\/\/www.bzsolutions.ch\/wp-content\/uploads\/2024\/04\/Booty-Builder-Belt-Squat-00.jpeg","datePublished":"2024-04-03T15:25:18+00:00","dateModified":"2024-04-03T15:25:18+00:00","breadcrumb":{"@id":"https:\/\/www.bzsolutions.ch\/fr\/produkt\/booty-builder-belt-squat-ceinture-de-squat\/#breadcrumb"},"inLanguage":"fr-FR","potentialAction":[{"@type":"ReadAction","target":["https:\/\/www.bzsolutions.ch\/fr\/produkt\/booty-builder-belt-squat-ceinture-de-squat\/"]}]},{"@type":"ImageObject","inLanguage":"fr-FR","@id":"https:\/\/www.bzsolutions.ch\/fr\/produkt\/booty-builder-belt-squat-ceinture-de-squat\/#primaryimage","url":"https:\/\/www.bzsolutions.ch\/wp-content\/uploads\/2024\/04\/Booty-Builder-Belt-Squat-00.jpeg","contentUrl":"https:\/\/www.bzsolutions.ch\/wp-content\/uploads\/2024\/04\/Booty-Builder-Belt-Squat-00.jpeg","width":1286,"height":1286},{"@type":"BreadcrumbList","@id":"https:\/\/www.bzsolutions.ch\/fr\/produkt\/booty-builder-belt-squat-ceinture-de-squat\/#breadcrumb","itemListElement":[{"@type":"ListItem","position":1,"name":"Startseite","item":"https:\/\/www.bzsolutions.ch\/fr\/"},{"@type":"ListItem","position":2,"name":"Shop","item":"https:\/\/www.bzsolutions.ch\/shop\/"},{"@type":"ListItem","position":3,"name":"BOOTY BUILDER\u00ae Belt Squat \/ Ceinture de squat"}]},{"@type":"WebSite","@id":"https:\/\/www.bzsolutions.ch\/fr\/#website","url":"https:\/\/www.bzsolutions.ch\/fr\/","name":"BZ Solutions","description":"Total Fitness Solutions","publisher":{"@id":"https:\/\/www.bzsolutions.ch\/fr\/#organization"},"potentialAction":[{"@type":"SearchAction","target":{"@type":"EntryPoint","urlTemplate":"https:\/\/www.bzsolutions.ch\/fr\/?s={search_term_string}"},"query-input":{"@type":"PropertyValueSpecification","valueRequired":true,"valueName":"search_term_string"}}],"inLanguage":"fr-FR"},{"@type":"Organization","@id":"https:\/\/www.bzsolutions.ch\/fr\/#organization","name":"BZ Solutions","url":"https:\/\/www.bzsolutions.ch\/fr\/","logo":{"@type":"ImageObject","inLanguage":"fr-FR","@id":"https:\/\/www.bzsolutions.ch\/fr\/#\/schema\/logo\/image\/","url":"https:\/\/www.bzsolutions.ch\/wp-content\/uploads\/2024\/03\/logo_bz-solutions.png","contentUrl":"https:\/\/www.bzsolutions.ch\/wp-content\/uploads\/2024\/03\/logo_bz-solutions.png","width":600,"height":136,"caption":"BZ Solutions"},"image":{"@id":"https:\/\/www.bzsolutions.ch\/fr\/#\/schema\/logo\/image\/"}}]}},"_links":{"self":[{"href":"https:\/\/www.bzsolutions.ch\/fr\/wp-json\/wp\/v2\/product\/48823","targetHints":{"allow":["GET"]}}],"collection":[{"href":"https:\/\/www.bzsolutions.ch\/fr\/wp-json\/wp\/v2\/product"}],"about":[{"href":"https:\/\/www.bzsolutions.ch\/fr\/wp-json\/wp\/v2\/types\/product"}],"wp:featuredmedia":[{"embeddable":true,"href":"https:\/\/www.bzsolutions.ch\/fr\/wp-json\/wp\/v2\/media\/48022"}],"wp:attachment":[{"href":"https:\/\/www.bzsolutions.ch\/fr\/wp-json\/wp\/v2\/media?parent=48823"}],"wp:term":[{"taxonomy":"product_brand","embeddable":true,"href":"https:\/\/www.bzsolutions.ch\/fr\/wp-json\/wp\/v2\/product_brand?post=48823"},{"taxonomy":"product_cat","embeddable":true,"href":"https:\/\/www.bzsolutions.ch\/fr\/wp-json\/wp\/v2\/product_cat?post=48823"},{"taxonomy":"product_tag","embeddable":true,"href":"https:\/\/www.bzsolutions.ch\/fr\/wp-json\/wp\/v2\/product_tag?post=48823"}],"curies":[{"name":"wp","href":"https:\/\/api.w.org\/{rel}","templated":true}]}}