{"id":48835,"date":"2024-05-02T14:20:18","date_gmt":"2024-05-02T12:20:18","guid":{"rendered":"https:\/\/www.bzsolutions.ch\/produkt\/pro-1010-large-poitrine\/"},"modified":"2024-05-02T14:20:18","modified_gmt":"2024-05-02T12:20:18","slug":"pro-1010-large-poitrine","status":"publish","type":"product","link":"https:\/\/www.bzsolutions.ch\/fr\/produkt\/pro-1010-large-poitrine\/","title":{"rendered":"PRO-1010 LARGE POITRINE"},"content":{"rendered":"<p>Disque de si\u00e8ge<br \/>\nLe si\u00e8ge ergonomique et le dossier en deux parties ont une forme anatomique pour soutenir la colonne vert\u00e9brale et vous aider \u00e0 adopter la bonne position pendant l&#8217;entra\u00eenement. Sa forme large et confortable convient \u00e9galement aux personnes de grande taille.<\/p>\n<p>R\u00e9glage du coussin d&#8217;assise<br \/>\nR\u00e9glage pr\u00e9cis du coussin d&#8217;assise r\u00e9sistant et de qualit\u00e9 industrielle et du grand levier d&#8217;assise ergonomique.<\/p>\n<p>Entrep\u00f4t<br \/>\nRoulements : marque LYC, roulements \u00e0 billes, l&#8217;intensit\u00e9 est de 350kg<\/p>\n","protected":false},"excerpt":{"rendered":"<p>Notre ligne Premium Plate Loaded est unique en termes de conception et de mouvement d&#8217;entra\u00eenement.<br \/>\nL&#8217;utilisation d&#8217;amortisseurs suppl\u00e9mentaires permet un mouvement d&#8217;une douceur in\u00e9gal\u00e9e avec<br \/>\ncharge constante sur les muscles jusqu&#8217;au point final de l&#8217;exercice.<br \/>\nNotre ligne Premium est \u00e9quip\u00e9e de s\u00e9rie d&#8217;un r\u00e9glage hydraulique du si\u00e8ge, de coussins sp\u00e9cialement cousus et de notre palette de couleurs unique. HSPRO Line &#8211; l&#8217;innovation dans le domaine du Plate Loaded.<\/p>\n","protected":false},"featured_media":48464,"template":"","meta":{"inline_featured_image":false},"product_brand":[],"product_cat":[],"product_tag":[],"class_list":{"0":"post-48835","1":"product","2":"type-product","3":"status-publish","4":"has-post-thumbnail","7":"first","8":"instock","9":"product-type-simple"},"yoast_head":"<!-- This site is optimized with the Yoast SEO plugin v23.8 - https:\/\/yoast.com\/wordpress\/plugins\/seo\/ -->\n<title>PRO-1010 LARGE POITRINE - BZ Solutions<\/title>\n<meta name=\"description\" content=\"Wide Chest pour un aspect esth\u00e9tique du haut du corps. D\u00e9couvrez des exercices cibl\u00e9s pour renforcer efficacement vos pectoraux et obtenir une poitrine plus large.\" \/>\n<meta name=\"robots\" content=\"index, follow, max-snippet:-1, max-image-preview:large, max-video-preview:-1\" \/>\n<link rel=\"canonical\" href=\"https:\/\/www.bzsolutions.ch\/fr\/produkt\/pro-1010-large-poitrine\/\" \/>\n<meta property=\"og:locale\" content=\"fr_FR\" \/>\n<meta property=\"og:type\" content=\"article\" \/>\n<meta property=\"og:title\" content=\"PRO-1010 LARGE POITRINE - BZ Solutions\" \/>\n<meta property=\"og:description\" content=\"Wide Chest pour un aspect esth\u00e9tique du haut du corps. D\u00e9couvrez des exercices cibl\u00e9s pour renforcer efficacement vos pectoraux et obtenir une poitrine plus large.\" \/>\n<meta property=\"og:url\" content=\"https:\/\/www.bzsolutions.ch\/fr\/produkt\/pro-1010-large-poitrine\/\" \/>\n<meta property=\"og:site_name\" content=\"BZ Solutions\" \/>\n<meta property=\"og:image\" content=\"https:\/\/www.bzsolutions.ch\/wp-content\/uploads\/2024\/05\/HSPRO-1010.webp\" \/>\n\t<meta property=\"og:image:width\" content=\"1500\" \/>\n\t<meta property=\"og:image:height\" content=\"1500\" \/>\n\t<meta property=\"og:image:type\" content=\"image\/webp\" \/>\n<meta name=\"twitter:card\" content=\"summary_large_image\" \/>\n<script type=\"application\/ld+json\" class=\"yoast-schema-graph\">{\"@context\":\"https:\/\/schema.org\",\"@graph\":[{\"@type\":\"WebPage\",\"@id\":\"https:\/\/www.bzsolutions.ch\/fr\/produkt\/pro-1010-large-poitrine\/\",\"url\":\"https:\/\/www.bzsolutions.ch\/fr\/produkt\/pro-1010-large-poitrine\/\",\"name\":\"PRO-1010 LARGE POITRINE - BZ Solutions\",\"isPartOf\":{\"@id\":\"https:\/\/www.bzsolutions.ch\/fr\/#website\"},\"primaryImageOfPage\":{\"@id\":\"https:\/\/www.bzsolutions.ch\/fr\/produkt\/pro-1010-large-poitrine\/#primaryimage\"},\"image\":{\"@id\":\"https:\/\/www.bzsolutions.ch\/fr\/produkt\/pro-1010-large-poitrine\/#primaryimage\"},\"thumbnailUrl\":\"https:\/\/www.bzsolutions.ch\/wp-content\/uploads\/2024\/05\/HSPRO-1010.webp\",\"datePublished\":\"2024-05-02T12:20:18+00:00\",\"dateModified\":\"2024-05-02T12:20:18+00:00\",\"description\":\"Wide Chest pour un aspect esth\u00e9tique du haut du corps. D\u00e9couvrez des exercices cibl\u00e9s pour renforcer efficacement vos pectoraux et obtenir une poitrine plus large.\",\"breadcrumb\":{\"@id\":\"https:\/\/www.bzsolutions.ch\/fr\/produkt\/pro-1010-large-poitrine\/#breadcrumb\"},\"inLanguage\":\"fr-FR\",\"potentialAction\":[{\"@type\":\"ReadAction\",\"target\":[\"https:\/\/www.bzsolutions.ch\/fr\/produkt\/pro-1010-large-poitrine\/\"]}]},{\"@type\":\"ImageObject\",\"inLanguage\":\"fr-FR\",\"@id\":\"https:\/\/www.bzsolutions.ch\/fr\/produkt\/pro-1010-large-poitrine\/#primaryimage\",\"url\":\"https:\/\/www.bzsolutions.ch\/wp-content\/uploads\/2024\/05\/HSPRO-1010.webp\",\"contentUrl\":\"https:\/\/www.bzsolutions.ch\/wp-content\/uploads\/2024\/05\/HSPRO-1010.webp\",\"width\":1500,\"height\":1500},{\"@type\":\"BreadcrumbList\",\"@id\":\"https:\/\/www.bzsolutions.ch\/fr\/produkt\/pro-1010-large-poitrine\/#breadcrumb\",\"itemListElement\":[{\"@type\":\"ListItem\",\"position\":1,\"name\":\"Startseite\",\"item\":\"https:\/\/www.bzsolutions.ch\/fr\/\"},{\"@type\":\"ListItem\",\"position\":2,\"name\":\"Shop\",\"item\":\"https:\/\/www.bzsolutions.ch\/shop\/\"},{\"@type\":\"ListItem\",\"position\":3,\"name\":\"PRO-1010 LARGE POITRINE\"}]},{\"@type\":\"WebSite\",\"@id\":\"https:\/\/www.bzsolutions.ch\/fr\/#website\",\"url\":\"https:\/\/www.bzsolutions.ch\/fr\/\",\"name\":\"BZ Solutions\",\"description\":\"Total Fitness Solutions\",\"publisher\":{\"@id\":\"https:\/\/www.bzsolutions.ch\/fr\/#organization\"},\"potentialAction\":[{\"@type\":\"SearchAction\",\"target\":{\"@type\":\"EntryPoint\",\"urlTemplate\":\"https:\/\/www.bzsolutions.ch\/fr\/?s={search_term_string}\"},\"query-input\":{\"@type\":\"PropertyValueSpecification\",\"valueRequired\":true,\"valueName\":\"search_term_string\"}}],\"inLanguage\":\"fr-FR\"},{\"@type\":\"Organization\",\"@id\":\"https:\/\/www.bzsolutions.ch\/fr\/#organization\",\"name\":\"BZ Solutions\",\"url\":\"https:\/\/www.bzsolutions.ch\/fr\/\",\"logo\":{\"@type\":\"ImageObject\",\"inLanguage\":\"fr-FR\",\"@id\":\"https:\/\/www.bzsolutions.ch\/fr\/#\/schema\/logo\/image\/\",\"url\":\"https:\/\/www.bzsolutions.ch\/wp-content\/uploads\/2024\/03\/logo_bz-solutions.png\",\"contentUrl\":\"https:\/\/www.bzsolutions.ch\/wp-content\/uploads\/2024\/03\/logo_bz-solutions.png\",\"width\":600,\"height\":136,\"caption\":\"BZ Solutions\"},\"image\":{\"@id\":\"https:\/\/www.bzsolutions.ch\/fr\/#\/schema\/logo\/image\/\"}}]}<\/script>\n<!-- \/ Yoast SEO plugin. -->","yoast_head_json":{"title":"PRO-1010 LARGE POITRINE - BZ Solutions","description":"Wide Chest pour un aspect esth\u00e9tique du haut du corps. D\u00e9couvrez des exercices cibl\u00e9s pour renforcer efficacement vos pectoraux et obtenir une poitrine plus large.","robots":{"index":"index","follow":"follow","max-snippet":"max-snippet:-1","max-image-preview":"max-image-preview:large","max-video-preview":"max-video-preview:-1"},"canonical":"https:\/\/www.bzsolutions.ch\/fr\/produkt\/pro-1010-large-poitrine\/","og_locale":"fr_FR","og_type":"article","og_title":"PRO-1010 LARGE POITRINE - BZ Solutions","og_description":"Wide Chest pour un aspect esth\u00e9tique du haut du corps. D\u00e9couvrez des exercices cibl\u00e9s pour renforcer efficacement vos pectoraux et obtenir une poitrine plus large.","og_url":"https:\/\/www.bzsolutions.ch\/fr\/produkt\/pro-1010-large-poitrine\/","og_site_name":"BZ Solutions","og_image":[{"width":1500,"height":1500,"url":"https:\/\/www.bzsolutions.ch\/wp-content\/uploads\/2024\/05\/HSPRO-1010.webp","type":"image\/webp"}],"twitter_card":"summary_large_image","schema":{"@context":"https:\/\/schema.org","@graph":[{"@type":"WebPage","@id":"https:\/\/www.bzsolutions.ch\/fr\/produkt\/pro-1010-large-poitrine\/","url":"https:\/\/www.bzsolutions.ch\/fr\/produkt\/pro-1010-large-poitrine\/","name":"PRO-1010 LARGE POITRINE - BZ Solutions","isPartOf":{"@id":"https:\/\/www.bzsolutions.ch\/fr\/#website"},"primaryImageOfPage":{"@id":"https:\/\/www.bzsolutions.ch\/fr\/produkt\/pro-1010-large-poitrine\/#primaryimage"},"image":{"@id":"https:\/\/www.bzsolutions.ch\/fr\/produkt\/pro-1010-large-poitrine\/#primaryimage"},"thumbnailUrl":"https:\/\/www.bzsolutions.ch\/wp-content\/uploads\/2024\/05\/HSPRO-1010.webp","datePublished":"2024-05-02T12:20:18+00:00","dateModified":"2024-05-02T12:20:18+00:00","description":"Wide Chest pour un aspect esth\u00e9tique du haut du corps. D\u00e9couvrez des exercices cibl\u00e9s pour renforcer efficacement vos pectoraux et obtenir une poitrine plus large.","breadcrumb":{"@id":"https:\/\/www.bzsolutions.ch\/fr\/produkt\/pro-1010-large-poitrine\/#breadcrumb"},"inLanguage":"fr-FR","potentialAction":[{"@type":"ReadAction","target":["https:\/\/www.bzsolutions.ch\/fr\/produkt\/pro-1010-large-poitrine\/"]}]},{"@type":"ImageObject","inLanguage":"fr-FR","@id":"https:\/\/www.bzsolutions.ch\/fr\/produkt\/pro-1010-large-poitrine\/#primaryimage","url":"https:\/\/www.bzsolutions.ch\/wp-content\/uploads\/2024\/05\/HSPRO-1010.webp","contentUrl":"https:\/\/www.bzsolutions.ch\/wp-content\/uploads\/2024\/05\/HSPRO-1010.webp","width":1500,"height":1500},{"@type":"BreadcrumbList","@id":"https:\/\/www.bzsolutions.ch\/fr\/produkt\/pro-1010-large-poitrine\/#breadcrumb","itemListElement":[{"@type":"ListItem","position":1,"name":"Startseite","item":"https:\/\/www.bzsolutions.ch\/fr\/"},{"@type":"ListItem","position":2,"name":"Shop","item":"https:\/\/www.bzsolutions.ch\/shop\/"},{"@type":"ListItem","position":3,"name":"PRO-1010 LARGE POITRINE"}]},{"@type":"WebSite","@id":"https:\/\/www.bzsolutions.ch\/fr\/#website","url":"https:\/\/www.bzsolutions.ch\/fr\/","name":"BZ Solutions","description":"Total Fitness Solutions","publisher":{"@id":"https:\/\/www.bzsolutions.ch\/fr\/#organization"},"potentialAction":[{"@type":"SearchAction","target":{"@type":"EntryPoint","urlTemplate":"https:\/\/www.bzsolutions.ch\/fr\/?s={search_term_string}"},"query-input":{"@type":"PropertyValueSpecification","valueRequired":true,"valueName":"search_term_string"}}],"inLanguage":"fr-FR"},{"@type":"Organization","@id":"https:\/\/www.bzsolutions.ch\/fr\/#organization","name":"BZ Solutions","url":"https:\/\/www.bzsolutions.ch\/fr\/","logo":{"@type":"ImageObject","inLanguage":"fr-FR","@id":"https:\/\/www.bzsolutions.ch\/fr\/#\/schema\/logo\/image\/","url":"https:\/\/www.bzsolutions.ch\/wp-content\/uploads\/2024\/03\/logo_bz-solutions.png","contentUrl":"https:\/\/www.bzsolutions.ch\/wp-content\/uploads\/2024\/03\/logo_bz-solutions.png","width":600,"height":136,"caption":"BZ Solutions"},"image":{"@id":"https:\/\/www.bzsolutions.ch\/fr\/#\/schema\/logo\/image\/"}}]}},"_links":{"self":[{"href":"https:\/\/www.bzsolutions.ch\/fr\/wp-json\/wp\/v2\/product\/48835","targetHints":{"allow":["GET"]}}],"collection":[{"href":"https:\/\/www.bzsolutions.ch\/fr\/wp-json\/wp\/v2\/product"}],"about":[{"href":"https:\/\/www.bzsolutions.ch\/fr\/wp-json\/wp\/v2\/types\/product"}],"wp:featuredmedia":[{"embeddable":true,"href":"https:\/\/www.bzsolutions.ch\/fr\/wp-json\/wp\/v2\/media\/48464"}],"wp:attachment":[{"href":"https:\/\/www.bzsolutions.ch\/fr\/wp-json\/wp\/v2\/media?parent=48835"}],"wp:term":[{"taxonomy":"product_brand","embeddable":true,"href":"https:\/\/www.bzsolutions.ch\/fr\/wp-json\/wp\/v2\/product_brand?post=48835"},{"taxonomy":"product_cat","embeddable":true,"href":"https:\/\/www.bzsolutions.ch\/fr\/wp-json\/wp\/v2\/product_cat?post=48835"},{"taxonomy":"product_tag","embeddable":true,"href":"https:\/\/www.bzsolutions.ch\/fr\/wp-json\/wp\/v2\/product_tag?post=48835"}],"curies":[{"name":"wp","href":"https:\/\/api.w.org\/{rel}","templated":true}]}}