{"id":48852,"date":"2024-04-05T08:03:40","date_gmt":"2024-04-05T06:03:40","guid":{"rendered":"https:\/\/www.bzsolutions.ch\/produkt\/iron-neck-3-0-pro\/"},"modified":"2024-04-05T08:03:40","modified_gmt":"2024-04-05T06:03:40","slug":"iron-neck-3-0-pro","status":"publish","type":"product","link":"https:\/\/www.bzsolutions.ch\/fr\/produkt\/iron-neck-3-0-pro\/","title":{"rendered":"Iron Neck 3.0 Pro"},"content":{"rendered":"<p>D\u00e9couvrez le seul syst\u00e8me d&#8217;entra\u00eenement du cou offrant des avantages 4 en 1 pour la r\u00e9cup\u00e9ration, la pr\u00e9vention, la posture et la mobilit\u00e9.<\/p>\n<p>L&#8217;Iron Neck 3.0 pro est un appareil d&#8217;entra\u00eenement r\u00e9volutionnaire destin\u00e9 \u00e0 am\u00e9liorer la force et la stabilit\u00e9 du cou. Que vous soyez un sportif cherchant \u00e0 am\u00e9liorer ses performances ou que vous souhaitiez simplement am\u00e9liorer la sant\u00e9 g\u00e9n\u00e9rale de votre cou, l&#8217;Iron Neck 3.0 pro est fait pour vous.<\/p>\n<p>L&#8217;Iron Neck 3.0 pro est dot\u00e9 d&#8217;un design fin et robuste, capable de supporter les s\u00e9ances d&#8217;entra\u00eenement les plus intenses. Les niveaux de r\u00e9sistance r\u00e9glables vous permettent d&#8217;adapter votre entra\u00eenement \u00e0 vos besoins et objectifs sp\u00e9cifiques. Son design l\u00e9ger et portable vous permet de l&#8217;emporter partout avec vous.<\/p>\n<p>Mais ces avantages ne s&#8217;arr\u00eatent pas l\u00e0. Il a \u00e9t\u00e9 prouv\u00e9 que cet appareil d&#8217;entra\u00eenement innovant am\u00e9liore la stabilit\u00e9 du cou et r\u00e9duit le risque de blessure. Il peut \u00e9galement contribuer \u00e0 am\u00e9liorer la posture, \u00e0 soulager les maux de t\u00eate et les douleurs cervicales et \u00e0 am\u00e9liorer les performances sportives g\u00e9n\u00e9rales.<\/p>\n<p>La principale diff\u00e9rence avec le 3.0 r\u00e9gulier est que la version Pro dispose d&#8217;un syst\u00e8me de freinage dynamique par tension avec retour haptique, con\u00e7u pour r\u00e9sister aux rotations de la t\u00eate. Obtenez le soulagement des douleurs cervicales et la mobilit\u00e9 pour profiter \u00e0 nouveau pleinement de votre vie.<\/p>\n<p>Alors pourquoi attendre ? Faites le premier pas vers un cou plus fort et plus sain avec l&#8217;Iron Neck 3.0. Commandez-le d\u00e8s aujourd&#8217;hui et faites travailler votre cou !<\/p>\n","protected":false},"excerpt":{"rendered":"<p>L&#8217;Iron Neck 3.0 pro est un appareil d&#8217;entra\u00eenement r\u00e9volutionnaire destin\u00e9 \u00e0 am\u00e9liorer la force et la stabilit\u00e9 du cou. Que vous soyez un sportif cherchant \u00e0 am\u00e9liorer ses performances ou que vous souhaitiez simplement am\u00e9liorer la sant\u00e9 g\u00e9n\u00e9rale de votre cou, l&#8217;Iron Neck 3.0 pro est fait pour vous.<\/p>\n","protected":false},"featured_media":48059,"template":"","meta":{"inline_featured_image":false},"product_brand":[],"product_cat":[1133,804,1131],"product_tag":[1135,1134],"class_list":{"0":"post-48852","1":"product","2":"type-product","3":"status-publish","4":"has-post-thumbnail","6":"product_cat-accessoires-fr","7":"product_cat-fournisseur","8":"product_cat-keiser-fr","9":"product_tag-accessoires","10":"product_tag-entrainement-de-la-force","12":"first","13":"instock","14":"product-type-simple"},"yoast_head":"<!-- This site is optimized with the Yoast SEO plugin v23.8 - https:\/\/yoast.com\/wordpress\/plugins\/seo\/ -->\n<title>Iron Neck 3.0 Pro - BZ Solutions<\/title>\n<meta name=\"robots\" content=\"index, follow, max-snippet:-1, max-image-preview:large, max-video-preview:-1\" \/>\n<link rel=\"canonical\" href=\"https:\/\/www.bzsolutions.ch\/fr\/produkt\/iron-neck-3-0-pro\/\" \/>\n<meta property=\"og:locale\" content=\"fr_FR\" \/>\n<meta property=\"og:type\" content=\"article\" \/>\n<meta property=\"og:title\" content=\"Iron Neck 3.0 Pro - BZ Solutions\" \/>\n<meta property=\"og:description\" content=\"L&#039;Iron Neck 3.0 pro est un appareil d&#039;entra\u00eenement r\u00e9volutionnaire destin\u00e9 \u00e0 am\u00e9liorer la force et la stabilit\u00e9 du cou. Que vous soyez un sportif cherchant \u00e0 am\u00e9liorer ses performances ou que vous souhaitiez simplement am\u00e9liorer la sant\u00e9 g\u00e9n\u00e9rale de votre cou, l&#039;Iron Neck 3.0 pro est fait pour vous.\" \/>\n<meta property=\"og:url\" content=\"https:\/\/www.bzsolutions.ch\/fr\/produkt\/iron-neck-3-0-pro\/\" \/>\n<meta property=\"og:site_name\" content=\"BZ Solutions\" \/>\n<meta property=\"og:image\" content=\"https:\/\/www.bzsolutions.ch\/wp-content\/uploads\/2024\/04\/Iron-Neck-3.0.jpg\" \/>\n\t<meta property=\"og:image:width\" content=\"1000\" \/>\n\t<meta property=\"og:image:height\" content=\"1000\" \/>\n\t<meta property=\"og:image:type\" content=\"image\/webp\" \/>\n<meta name=\"twitter:card\" content=\"summary_large_image\" \/>\n<meta name=\"twitter:label1\" content=\"Dur\u00e9e de lecture estim\u00e9e\" \/>\n\t<meta name=\"twitter:data1\" content=\"1 minute\" \/>\n<script type=\"application\/ld+json\" class=\"yoast-schema-graph\">{\"@context\":\"https:\/\/schema.org\",\"@graph\":[{\"@type\":\"WebPage\",\"@id\":\"https:\/\/www.bzsolutions.ch\/fr\/produkt\/iron-neck-3-0-pro\/\",\"url\":\"https:\/\/www.bzsolutions.ch\/fr\/produkt\/iron-neck-3-0-pro\/\",\"name\":\"Iron Neck 3.0 Pro - BZ Solutions\",\"isPartOf\":{\"@id\":\"https:\/\/www.bzsolutions.ch\/fr\/#website\"},\"primaryImageOfPage\":{\"@id\":\"https:\/\/www.bzsolutions.ch\/fr\/produkt\/iron-neck-3-0-pro\/#primaryimage\"},\"image\":{\"@id\":\"https:\/\/www.bzsolutions.ch\/fr\/produkt\/iron-neck-3-0-pro\/#primaryimage\"},\"thumbnailUrl\":\"https:\/\/www.bzsolutions.ch\/wp-content\/uploads\/2024\/04\/Iron-Neck-3.0.jpg\",\"datePublished\":\"2024-04-05T06:03:40+00:00\",\"dateModified\":\"2024-04-05T06:03:40+00:00\",\"breadcrumb\":{\"@id\":\"https:\/\/www.bzsolutions.ch\/fr\/produkt\/iron-neck-3-0-pro\/#breadcrumb\"},\"inLanguage\":\"fr-FR\",\"potentialAction\":[{\"@type\":\"ReadAction\",\"target\":[\"https:\/\/www.bzsolutions.ch\/fr\/produkt\/iron-neck-3-0-pro\/\"]}]},{\"@type\":\"ImageObject\",\"inLanguage\":\"fr-FR\",\"@id\":\"https:\/\/www.bzsolutions.ch\/fr\/produkt\/iron-neck-3-0-pro\/#primaryimage\",\"url\":\"https:\/\/www.bzsolutions.ch\/wp-content\/uploads\/2024\/04\/Iron-Neck-3.0.jpg\",\"contentUrl\":\"https:\/\/www.bzsolutions.ch\/wp-content\/uploads\/2024\/04\/Iron-Neck-3.0.jpg\",\"width\":1000,\"height\":1000},{\"@type\":\"BreadcrumbList\",\"@id\":\"https:\/\/www.bzsolutions.ch\/fr\/produkt\/iron-neck-3-0-pro\/#breadcrumb\",\"itemListElement\":[{\"@type\":\"ListItem\",\"position\":1,\"name\":\"Startseite\",\"item\":\"https:\/\/www.bzsolutions.ch\/fr\/\"},{\"@type\":\"ListItem\",\"position\":2,\"name\":\"Shop\",\"item\":\"https:\/\/www.bzsolutions.ch\/shop\/\"},{\"@type\":\"ListItem\",\"position\":3,\"name\":\"Iron Neck 3.0 Pro\"}]},{\"@type\":\"WebSite\",\"@id\":\"https:\/\/www.bzsolutions.ch\/fr\/#website\",\"url\":\"https:\/\/www.bzsolutions.ch\/fr\/\",\"name\":\"BZ Solutions\",\"description\":\"Total Fitness Solutions\",\"publisher\":{\"@id\":\"https:\/\/www.bzsolutions.ch\/fr\/#organization\"},\"potentialAction\":[{\"@type\":\"SearchAction\",\"target\":{\"@type\":\"EntryPoint\",\"urlTemplate\":\"https:\/\/www.bzsolutions.ch\/fr\/?s={search_term_string}\"},\"query-input\":{\"@type\":\"PropertyValueSpecification\",\"valueRequired\":true,\"valueName\":\"search_term_string\"}}],\"inLanguage\":\"fr-FR\"},{\"@type\":\"Organization\",\"@id\":\"https:\/\/www.bzsolutions.ch\/fr\/#organization\",\"name\":\"BZ Solutions\",\"url\":\"https:\/\/www.bzsolutions.ch\/fr\/\",\"logo\":{\"@type\":\"ImageObject\",\"inLanguage\":\"fr-FR\",\"@id\":\"https:\/\/www.bzsolutions.ch\/fr\/#\/schema\/logo\/image\/\",\"url\":\"https:\/\/www.bzsolutions.ch\/wp-content\/uploads\/2024\/03\/logo_bz-solutions.png\",\"contentUrl\":\"https:\/\/www.bzsolutions.ch\/wp-content\/uploads\/2024\/03\/logo_bz-solutions.png\",\"width\":600,\"height\":136,\"caption\":\"BZ Solutions\"},\"image\":{\"@id\":\"https:\/\/www.bzsolutions.ch\/fr\/#\/schema\/logo\/image\/\"}}]}<\/script>\n<!-- \/ Yoast SEO plugin. -->","yoast_head_json":{"title":"Iron Neck 3.0 Pro - BZ Solutions","robots":{"index":"index","follow":"follow","max-snippet":"max-snippet:-1","max-image-preview":"max-image-preview:large","max-video-preview":"max-video-preview:-1"},"canonical":"https:\/\/www.bzsolutions.ch\/fr\/produkt\/iron-neck-3-0-pro\/","og_locale":"fr_FR","og_type":"article","og_title":"Iron Neck 3.0 Pro - BZ Solutions","og_description":"L'Iron Neck 3.0 pro est un appareil d'entra\u00eenement r\u00e9volutionnaire destin\u00e9 \u00e0 am\u00e9liorer la force et la stabilit\u00e9 du cou. Que vous soyez un sportif cherchant \u00e0 am\u00e9liorer ses performances ou que vous souhaitiez simplement am\u00e9liorer la sant\u00e9 g\u00e9n\u00e9rale de votre cou, l'Iron Neck 3.0 pro est fait pour vous.","og_url":"https:\/\/www.bzsolutions.ch\/fr\/produkt\/iron-neck-3-0-pro\/","og_site_name":"BZ Solutions","og_image":[{"width":1000,"height":1000,"url":"https:\/\/www.bzsolutions.ch\/wp-content\/uploads\/2024\/04\/Iron-Neck-3.0.jpg","type":"image\/webp"}],"twitter_card":"summary_large_image","twitter_misc":{"Dur\u00e9e de lecture estim\u00e9e":"1 minute"},"schema":{"@context":"https:\/\/schema.org","@graph":[{"@type":"WebPage","@id":"https:\/\/www.bzsolutions.ch\/fr\/produkt\/iron-neck-3-0-pro\/","url":"https:\/\/www.bzsolutions.ch\/fr\/produkt\/iron-neck-3-0-pro\/","name":"Iron Neck 3.0 Pro - BZ Solutions","isPartOf":{"@id":"https:\/\/www.bzsolutions.ch\/fr\/#website"},"primaryImageOfPage":{"@id":"https:\/\/www.bzsolutions.ch\/fr\/produkt\/iron-neck-3-0-pro\/#primaryimage"},"image":{"@id":"https:\/\/www.bzsolutions.ch\/fr\/produkt\/iron-neck-3-0-pro\/#primaryimage"},"thumbnailUrl":"https:\/\/www.bzsolutions.ch\/wp-content\/uploads\/2024\/04\/Iron-Neck-3.0.jpg","datePublished":"2024-04-05T06:03:40+00:00","dateModified":"2024-04-05T06:03:40+00:00","breadcrumb":{"@id":"https:\/\/www.bzsolutions.ch\/fr\/produkt\/iron-neck-3-0-pro\/#breadcrumb"},"inLanguage":"fr-FR","potentialAction":[{"@type":"ReadAction","target":["https:\/\/www.bzsolutions.ch\/fr\/produkt\/iron-neck-3-0-pro\/"]}]},{"@type":"ImageObject","inLanguage":"fr-FR","@id":"https:\/\/www.bzsolutions.ch\/fr\/produkt\/iron-neck-3-0-pro\/#primaryimage","url":"https:\/\/www.bzsolutions.ch\/wp-content\/uploads\/2024\/04\/Iron-Neck-3.0.jpg","contentUrl":"https:\/\/www.bzsolutions.ch\/wp-content\/uploads\/2024\/04\/Iron-Neck-3.0.jpg","width":1000,"height":1000},{"@type":"BreadcrumbList","@id":"https:\/\/www.bzsolutions.ch\/fr\/produkt\/iron-neck-3-0-pro\/#breadcrumb","itemListElement":[{"@type":"ListItem","position":1,"name":"Startseite","item":"https:\/\/www.bzsolutions.ch\/fr\/"},{"@type":"ListItem","position":2,"name":"Shop","item":"https:\/\/www.bzsolutions.ch\/shop\/"},{"@type":"ListItem","position":3,"name":"Iron Neck 3.0 Pro"}]},{"@type":"WebSite","@id":"https:\/\/www.bzsolutions.ch\/fr\/#website","url":"https:\/\/www.bzsolutions.ch\/fr\/","name":"BZ Solutions","description":"Total Fitness Solutions","publisher":{"@id":"https:\/\/www.bzsolutions.ch\/fr\/#organization"},"potentialAction":[{"@type":"SearchAction","target":{"@type":"EntryPoint","urlTemplate":"https:\/\/www.bzsolutions.ch\/fr\/?s={search_term_string}"},"query-input":{"@type":"PropertyValueSpecification","valueRequired":true,"valueName":"search_term_string"}}],"inLanguage":"fr-FR"},{"@type":"Organization","@id":"https:\/\/www.bzsolutions.ch\/fr\/#organization","name":"BZ Solutions","url":"https:\/\/www.bzsolutions.ch\/fr\/","logo":{"@type":"ImageObject","inLanguage":"fr-FR","@id":"https:\/\/www.bzsolutions.ch\/fr\/#\/schema\/logo\/image\/","url":"https:\/\/www.bzsolutions.ch\/wp-content\/uploads\/2024\/03\/logo_bz-solutions.png","contentUrl":"https:\/\/www.bzsolutions.ch\/wp-content\/uploads\/2024\/03\/logo_bz-solutions.png","width":600,"height":136,"caption":"BZ Solutions"},"image":{"@id":"https:\/\/www.bzsolutions.ch\/fr\/#\/schema\/logo\/image\/"}}]}},"_links":{"self":[{"href":"https:\/\/www.bzsolutions.ch\/fr\/wp-json\/wp\/v2\/product\/48852","targetHints":{"allow":["GET"]}}],"collection":[{"href":"https:\/\/www.bzsolutions.ch\/fr\/wp-json\/wp\/v2\/product"}],"about":[{"href":"https:\/\/www.bzsolutions.ch\/fr\/wp-json\/wp\/v2\/types\/product"}],"wp:featuredmedia":[{"embeddable":true,"href":"https:\/\/www.bzsolutions.ch\/fr\/wp-json\/wp\/v2\/media\/48059"}],"wp:attachment":[{"href":"https:\/\/www.bzsolutions.ch\/fr\/wp-json\/wp\/v2\/media?parent=48852"}],"wp:term":[{"taxonomy":"product_brand","embeddable":true,"href":"https:\/\/www.bzsolutions.ch\/fr\/wp-json\/wp\/v2\/product_brand?post=48852"},{"taxonomy":"product_cat","embeddable":true,"href":"https:\/\/www.bzsolutions.ch\/fr\/wp-json\/wp\/v2\/product_cat?post=48852"},{"taxonomy":"product_tag","embeddable":true,"href":"https:\/\/www.bzsolutions.ch\/fr\/wp-json\/wp\/v2\/product_tag?post=48852"}],"curies":[{"name":"wp","href":"https:\/\/api.w.org\/{rel}","templated":true}]}}