{"id":48854,"date":"2024-04-05T08:01:28","date_gmt":"2024-04-05T06:01:28","guid":{"rendered":"https:\/\/www.bzsolutions.ch\/produkt\/demi-rack\/"},"modified":"2024-04-05T08:01:28","modified_gmt":"2024-04-05T06:01:28","slug":"demi-rack","status":"publish","type":"product","link":"https:\/\/www.bzsolutions.ch\/fr\/produkt\/demi-rack\/","title":{"rendered":"Demi-rack"},"content":{"rendered":"<p>Ce rack int\u00e8gre \u00e9galement l&#8217;efficacit\u00e9 des poids libres et les possibilit\u00e9s d&#8217;entra\u00eenement illimit\u00e9es des appareils d&#8217;entra\u00eenement pneumatique Keiser. L&#8217;avantage est que vous pouvez augmenter vos performances, am\u00e9liorer votre stabilit\u00e9 et travailler la force sans affecter n\u00e9gativement les tendons et les tissus. En renon\u00e7ant \u00e0 des options suppl\u00e9mentaires, cet appareil prend beaucoup moins de place. Consultez les options de leasing ici.<\/p>\n","protected":false},"excerpt":{"rendered":"<p>Le Half Rack est une version plus petite du Power Rack. Cet appareil vous permet d&#8217;effectuer les exercices standard qui peuvent \u00e9galement \u00eatre r\u00e9alis\u00e9s avec le Power Rack.<\/p>\n","protected":false},"featured_media":48343,"template":"","meta":{"inline_featured_image":false},"product_brand":[],"product_cat":[814,804,1131,945],"product_tag":[1134,946],"class_list":{"0":"post-48854","1":"product","2":"type-product","3":"status-publish","4":"has-post-thumbnail","6":"product_cat-appareils-de-musculation","7":"product_cat-fournisseur","8":"product_cat-keiser-fr","9":"product_cat-racks-fr","10":"product_tag-entrainement-de-la-force","11":"product_tag-racks-fr","12":"pa_breite-73-1854-mm-fr","13":"pa_gewicht-640-lbs-290-kg-fr","14":"pa_hoehe-108-2743-mm-fr","15":"pa_laenge-93-2362-mm-fr","17":"first","18":"instock","19":"product-type-simple"},"yoast_head":"<!-- This site is optimized with the Yoast SEO plugin v23.8 - https:\/\/yoast.com\/wordpress\/plugins\/seo\/ -->\n<title>Demi-rack - BZ Solutions<\/title>\n<meta name=\"robots\" content=\"index, follow, max-snippet:-1, max-image-preview:large, max-video-preview:-1\" \/>\n<link rel=\"canonical\" href=\"https:\/\/www.bzsolutions.ch\/fr\/produkt\/demi-rack\/\" \/>\n<meta property=\"og:locale\" content=\"fr_FR\" \/>\n<meta property=\"og:type\" content=\"article\" \/>\n<meta property=\"og:title\" content=\"Demi-rack - BZ Solutions\" \/>\n<meta property=\"og:description\" content=\"Le Half Rack est une version plus petite du Power Rack. Cet appareil vous permet d&#039;effectuer les exercices standard qui peuvent \u00e9galement \u00eatre r\u00e9alis\u00e9s avec le Power Rack.\" \/>\n<meta property=\"og:url\" content=\"https:\/\/www.bzsolutions.ch\/fr\/produkt\/demi-rack\/\" \/>\n<meta property=\"og:site_name\" content=\"BZ Solutions\" \/>\n<meta property=\"og:image\" content=\"https:\/\/www.bzsolutions.ch\/wp-content\/uploads\/2024\/04\/3103_Half_Rack_Left_Three_Quarter-1024x1024.png\" \/>\n\t<meta property=\"og:image:width\" content=\"1024\" \/>\n\t<meta property=\"og:image:height\" content=\"1024\" \/>\n\t<meta property=\"og:image:type\" content=\"image\/png\" \/>\n<meta name=\"twitter:card\" content=\"summary_large_image\" \/>\n<script type=\"application\/ld+json\" class=\"yoast-schema-graph\">{\"@context\":\"https:\/\/schema.org\",\"@graph\":[{\"@type\":\"WebPage\",\"@id\":\"https:\/\/www.bzsolutions.ch\/fr\/produkt\/demi-rack\/\",\"url\":\"https:\/\/www.bzsolutions.ch\/fr\/produkt\/demi-rack\/\",\"name\":\"Demi-rack - BZ Solutions\",\"isPartOf\":{\"@id\":\"https:\/\/www.bzsolutions.ch\/fr\/#website\"},\"primaryImageOfPage\":{\"@id\":\"https:\/\/www.bzsolutions.ch\/fr\/produkt\/demi-rack\/#primaryimage\"},\"image\":{\"@id\":\"https:\/\/www.bzsolutions.ch\/fr\/produkt\/demi-rack\/#primaryimage\"},\"thumbnailUrl\":\"https:\/\/www.bzsolutions.ch\/wp-content\/uploads\/2024\/04\/3103_Half_Rack_Left_Three_Quarter.png\",\"datePublished\":\"2024-04-05T06:01:28+00:00\",\"dateModified\":\"2024-04-05T06:01:28+00:00\",\"breadcrumb\":{\"@id\":\"https:\/\/www.bzsolutions.ch\/fr\/produkt\/demi-rack\/#breadcrumb\"},\"inLanguage\":\"fr-FR\",\"potentialAction\":[{\"@type\":\"ReadAction\",\"target\":[\"https:\/\/www.bzsolutions.ch\/fr\/produkt\/demi-rack\/\"]}]},{\"@type\":\"ImageObject\",\"inLanguage\":\"fr-FR\",\"@id\":\"https:\/\/www.bzsolutions.ch\/fr\/produkt\/demi-rack\/#primaryimage\",\"url\":\"https:\/\/www.bzsolutions.ch\/wp-content\/uploads\/2024\/04\/3103_Half_Rack_Left_Three_Quarter.png\",\"contentUrl\":\"https:\/\/www.bzsolutions.ch\/wp-content\/uploads\/2024\/04\/3103_Half_Rack_Left_Three_Quarter.png\",\"width\":3072,\"height\":3072},{\"@type\":\"BreadcrumbList\",\"@id\":\"https:\/\/www.bzsolutions.ch\/fr\/produkt\/demi-rack\/#breadcrumb\",\"itemListElement\":[{\"@type\":\"ListItem\",\"position\":1,\"name\":\"Startseite\",\"item\":\"https:\/\/www.bzsolutions.ch\/fr\/\"},{\"@type\":\"ListItem\",\"position\":2,\"name\":\"Shop\",\"item\":\"https:\/\/www.bzsolutions.ch\/shop\/\"},{\"@type\":\"ListItem\",\"position\":3,\"name\":\"Demi-rack\"}]},{\"@type\":\"WebSite\",\"@id\":\"https:\/\/www.bzsolutions.ch\/fr\/#website\",\"url\":\"https:\/\/www.bzsolutions.ch\/fr\/\",\"name\":\"BZ Solutions\",\"description\":\"Total Fitness Solutions\",\"publisher\":{\"@id\":\"https:\/\/www.bzsolutions.ch\/fr\/#organization\"},\"potentialAction\":[{\"@type\":\"SearchAction\",\"target\":{\"@type\":\"EntryPoint\",\"urlTemplate\":\"https:\/\/www.bzsolutions.ch\/fr\/?s={search_term_string}\"},\"query-input\":{\"@type\":\"PropertyValueSpecification\",\"valueRequired\":true,\"valueName\":\"search_term_string\"}}],\"inLanguage\":\"fr-FR\"},{\"@type\":\"Organization\",\"@id\":\"https:\/\/www.bzsolutions.ch\/fr\/#organization\",\"name\":\"BZ Solutions\",\"url\":\"https:\/\/www.bzsolutions.ch\/fr\/\",\"logo\":{\"@type\":\"ImageObject\",\"inLanguage\":\"fr-FR\",\"@id\":\"https:\/\/www.bzsolutions.ch\/fr\/#\/schema\/logo\/image\/\",\"url\":\"https:\/\/www.bzsolutions.ch\/wp-content\/uploads\/2024\/03\/logo_bz-solutions.png\",\"contentUrl\":\"https:\/\/www.bzsolutions.ch\/wp-content\/uploads\/2024\/03\/logo_bz-solutions.png\",\"width\":600,\"height\":136,\"caption\":\"BZ Solutions\"},\"image\":{\"@id\":\"https:\/\/www.bzsolutions.ch\/fr\/#\/schema\/logo\/image\/\"}}]}<\/script>\n<!-- \/ Yoast SEO plugin. -->","yoast_head_json":{"title":"Demi-rack - BZ Solutions","robots":{"index":"index","follow":"follow","max-snippet":"max-snippet:-1","max-image-preview":"max-image-preview:large","max-video-preview":"max-video-preview:-1"},"canonical":"https:\/\/www.bzsolutions.ch\/fr\/produkt\/demi-rack\/","og_locale":"fr_FR","og_type":"article","og_title":"Demi-rack - BZ Solutions","og_description":"Le Half Rack est une version plus petite du Power Rack. Cet appareil vous permet d'effectuer les exercices standard qui peuvent \u00e9galement \u00eatre r\u00e9alis\u00e9s avec le Power Rack.","og_url":"https:\/\/www.bzsolutions.ch\/fr\/produkt\/demi-rack\/","og_site_name":"BZ Solutions","og_image":[{"width":1024,"height":1024,"url":"https:\/\/www.bzsolutions.ch\/wp-content\/uploads\/2024\/04\/3103_Half_Rack_Left_Three_Quarter-1024x1024.png","type":"image\/png"}],"twitter_card":"summary_large_image","schema":{"@context":"https:\/\/schema.org","@graph":[{"@type":"WebPage","@id":"https:\/\/www.bzsolutions.ch\/fr\/produkt\/demi-rack\/","url":"https:\/\/www.bzsolutions.ch\/fr\/produkt\/demi-rack\/","name":"Demi-rack - BZ Solutions","isPartOf":{"@id":"https:\/\/www.bzsolutions.ch\/fr\/#website"},"primaryImageOfPage":{"@id":"https:\/\/www.bzsolutions.ch\/fr\/produkt\/demi-rack\/#primaryimage"},"image":{"@id":"https:\/\/www.bzsolutions.ch\/fr\/produkt\/demi-rack\/#primaryimage"},"thumbnailUrl":"https:\/\/www.bzsolutions.ch\/wp-content\/uploads\/2024\/04\/3103_Half_Rack_Left_Three_Quarter.png","datePublished":"2024-04-05T06:01:28+00:00","dateModified":"2024-04-05T06:01:28+00:00","breadcrumb":{"@id":"https:\/\/www.bzsolutions.ch\/fr\/produkt\/demi-rack\/#breadcrumb"},"inLanguage":"fr-FR","potentialAction":[{"@type":"ReadAction","target":["https:\/\/www.bzsolutions.ch\/fr\/produkt\/demi-rack\/"]}]},{"@type":"ImageObject","inLanguage":"fr-FR","@id":"https:\/\/www.bzsolutions.ch\/fr\/produkt\/demi-rack\/#primaryimage","url":"https:\/\/www.bzsolutions.ch\/wp-content\/uploads\/2024\/04\/3103_Half_Rack_Left_Three_Quarter.png","contentUrl":"https:\/\/www.bzsolutions.ch\/wp-content\/uploads\/2024\/04\/3103_Half_Rack_Left_Three_Quarter.png","width":3072,"height":3072},{"@type":"BreadcrumbList","@id":"https:\/\/www.bzsolutions.ch\/fr\/produkt\/demi-rack\/#breadcrumb","itemListElement":[{"@type":"ListItem","position":1,"name":"Startseite","item":"https:\/\/www.bzsolutions.ch\/fr\/"},{"@type":"ListItem","position":2,"name":"Shop","item":"https:\/\/www.bzsolutions.ch\/shop\/"},{"@type":"ListItem","position":3,"name":"Demi-rack"}]},{"@type":"WebSite","@id":"https:\/\/www.bzsolutions.ch\/fr\/#website","url":"https:\/\/www.bzsolutions.ch\/fr\/","name":"BZ Solutions","description":"Total Fitness Solutions","publisher":{"@id":"https:\/\/www.bzsolutions.ch\/fr\/#organization"},"potentialAction":[{"@type":"SearchAction","target":{"@type":"EntryPoint","urlTemplate":"https:\/\/www.bzsolutions.ch\/fr\/?s={search_term_string}"},"query-input":{"@type":"PropertyValueSpecification","valueRequired":true,"valueName":"search_term_string"}}],"inLanguage":"fr-FR"},{"@type":"Organization","@id":"https:\/\/www.bzsolutions.ch\/fr\/#organization","name":"BZ Solutions","url":"https:\/\/www.bzsolutions.ch\/fr\/","logo":{"@type":"ImageObject","inLanguage":"fr-FR","@id":"https:\/\/www.bzsolutions.ch\/fr\/#\/schema\/logo\/image\/","url":"https:\/\/www.bzsolutions.ch\/wp-content\/uploads\/2024\/03\/logo_bz-solutions.png","contentUrl":"https:\/\/www.bzsolutions.ch\/wp-content\/uploads\/2024\/03\/logo_bz-solutions.png","width":600,"height":136,"caption":"BZ Solutions"},"image":{"@id":"https:\/\/www.bzsolutions.ch\/fr\/#\/schema\/logo\/image\/"}}]}},"_links":{"self":[{"href":"https:\/\/www.bzsolutions.ch\/fr\/wp-json\/wp\/v2\/product\/48854","targetHints":{"allow":["GET"]}}],"collection":[{"href":"https:\/\/www.bzsolutions.ch\/fr\/wp-json\/wp\/v2\/product"}],"about":[{"href":"https:\/\/www.bzsolutions.ch\/fr\/wp-json\/wp\/v2\/types\/product"}],"wp:featuredmedia":[{"embeddable":true,"href":"https:\/\/www.bzsolutions.ch\/fr\/wp-json\/wp\/v2\/media\/48343"}],"wp:attachment":[{"href":"https:\/\/www.bzsolutions.ch\/fr\/wp-json\/wp\/v2\/media?parent=48854"}],"wp:term":[{"taxonomy":"product_brand","embeddable":true,"href":"https:\/\/www.bzsolutions.ch\/fr\/wp-json\/wp\/v2\/product_brand?post=48854"},{"taxonomy":"product_cat","embeddable":true,"href":"https:\/\/www.bzsolutions.ch\/fr\/wp-json\/wp\/v2\/product_cat?post=48854"},{"taxonomy":"product_tag","embeddable":true,"href":"https:\/\/www.bzsolutions.ch\/fr\/wp-json\/wp\/v2\/product_tag?post=48854"}],"curies":[{"name":"wp","href":"https:\/\/api.w.org\/{rel}","templated":true}]}}