{"id":48859,"date":"2024-04-05T08:01:28","date_gmt":"2024-04-05T06:01:28","guid":{"rendered":"https:\/\/www.bzsolutions.ch\/produkt\/rack-de-puissance\/"},"modified":"2024-04-05T08:01:28","modified_gmt":"2024-04-05T06:01:28","slug":"rack-de-puissance","status":"publish","type":"product","link":"https:\/\/www.bzsolutions.ch\/fr\/produkt\/rack-de-puissance\/","title":{"rendered":"Rack de puissance"},"content":{"rendered":"<div class=\"flex flex-grow flex-col max-w-full\">\n<div class=\"min-h-[20px] text-message flex flex-col items-start whitespace-pre-wrap break-words [.text-message+&amp;]:mt-5 juice:w-full juice:items-end overflow-x-auto gap-3\" dir=\"auto\" data-message-author-role=\"assistant\" data-message-id=\"9cf9446f-5f6d-4438-b477-eee60520f394\">\n<div class=\"markdown prose w-full break-words dark:prose-invert light\">\n<p><strong>Maximisez votre exp\u00e9rience d&#8217;entra\u00eenement<\/strong><\/p>\n<p>Le Power Rack est le compl\u00e9ment ultime de tout gymnase \u00e0 domicile ou professionnel. Fabriqu\u00e9 en acier de haute qualit\u00e9, cet appareil d&#8217;entra\u00eenement robuste offre une s\u00e9curit\u00e9 et une polyvalence maximales pour un entra\u00eenement de musculation efficace.<\/p>\n<p>Avec ses J-Hooks r\u00e9glables et ses barres de s\u00e9curit\u00e9, le Power Rack permet de r\u00e9aliser une grande vari\u00e9t\u00e9 d&#8217;exercices, notamment des squats, des d\u00e9velopp\u00e9s couch\u00e9s, des d\u00e9velopp\u00e9s \u00e9paules, des tractions et bien plus encore. Que vous soyez un d\u00e9butant ou un athl\u00e8te exp\u00e9riment\u00e9, ce Power Rack est parfait pour atteindre vos objectifs de fitness et am\u00e9liorer vos performances.<\/p>\n<p>Son design peu encombrant le rend id\u00e9al pour tout environnement d&#8217;entra\u00eenement. Que vous disposiez d&#8217;un espace limit\u00e9 ou d&#8217;une salle de sport enti\u00e8rement \u00e9quip\u00e9e, ce Power Rack s&#8217;adapte parfaitement et vous permet de r\u00e9aliser un entra\u00eenement complet et efficace.<\/p>\n<p>D\u00e9couvrez les avantages d&#8217;un entra\u00eenement de musculation s\u00fbr et efficace. Augmentez votre force, am\u00e9liorez votre condition physique et atteignez facilement vos objectifs &#8211; avec le Power Rack comme \u00e9l\u00e9ment central de votre programme d&#8217;entra\u00eenement.<\/p>\n<p>L&#8217;avantage est que vous pouvez augmenter votre puissance, am\u00e9liorer votre stabilit\u00e9 et travailler votre force sans affecter n\u00e9gativement les tendons et les tissus mous.<\/p>\n<p>Elle combine des unit\u00e9s pneumatiques avec un halt\u00e8re olympique. Vous pouvez choisir de vous entra\u00eener avec de l&#8217;air comprim\u00e9, avec des poids ou avec une combinaison des deux. Cela permet une grande vari\u00e9t\u00e9 d&#8217;exercices qui permettent \u00e0 l&#8217;athl\u00e8te de travailler la force et la stabilit\u00e9. Des recherches ont montr\u00e9 que les athl\u00e8tes qui s&#8217;entra\u00eenaient avec ce produit augmentaient leur force g\u00e9n\u00e9rale, avaient plus de contr\u00f4le sur leur corps et plus d&#8217;explosivit\u00e9.<\/p>\n<p>\u00c9l\u00e9ment indispensable de toute salle de sport, cet appareil d&#8217;entra\u00eenement robuste en acier de haute qualit\u00e9 offre une plate-forme s\u00fbre et stable pour une grande vari\u00e9t\u00e9 d&#8217;exercices de musculation. Ses J-Hooks r\u00e9glables et ses barres de s\u00e9curit\u00e9 permettent de r\u00e9aliser un large \u00e9ventail d&#8217;exercices, du squat et du d\u00e9velopp\u00e9 couch\u00e9 de base aux port\u00e9s et aux tractions plus complexes.<\/p>\n<\/div>\n<\/div>\n<\/div>\n","protected":false},"excerpt":{"rendered":"<p>Un Power Rack est plus qu&#8217;un simple appareil d&#8217;entra\u00eenement &#8211; c&#8217;est l&#8217;essence m\u00eame d&#8217;un entra\u00eenement de musculation efficace et s\u00fbr. Con\u00e7u \u00e0 partir d&#8217;un acier robuste et d&#8217;une ing\u00e9nierie de pr\u00e9cision, notre Power Rack offre une plate-forme stable pour vos objectifs de fitness les plus ambitieux.<\/p>\n<p>L&#8217;<a href=\"https:\/\/keiserdeutschland.de\/\" target=\"_blank\" rel=\"noopener\">innovation Keiser<\/a> a encore cr\u00e9\u00e9 un nouveau standard. Le syst\u00e8me Rack int\u00e8gre l&#8217;efficacit\u00e9 des halt\u00e8res et les possibilit\u00e9s d&#8217;entra\u00eenement illimit\u00e9es des appareils d&#8217;entra\u00eenement pneumatiques Keiser.<\/p>\n","protected":false},"featured_media":48408,"template":"","meta":{"inline_featured_image":false},"product_brand":[],"product_cat":[804,1131,945],"product_tag":[1134,946],"class_list":{"0":"post-48859","1":"product","2":"type-product","3":"status-publish","4":"has-post-thumbnail","6":"product_cat-fournisseur","7":"product_cat-keiser-fr","8":"product_cat-racks-fr","9":"product_tag-entrainement-de-la-force","10":"product_tag-racks-fr","11":"pa_breite-73-1854-mm-fr","12":"pa_gewicht-892-lbs-405-kg-fr","13":"pa_hoehe-108-2743-mm-fr","14":"pa_laenge-103-2616-mm-fr","16":"first","17":"instock","18":"product-type-simple"},"yoast_head":"<!-- This site is optimized with the Yoast SEO plugin v23.8 - https:\/\/yoast.com\/wordpress\/plugins\/seo\/ -->\n<title>Rack de puissance - BZ Solutions<\/title>\n<meta name=\"description\" content=\"Le Power Rack combine des unit\u00e9s pneumatiques avec un halt\u00e8re olympique. Vous vous entra\u00eenez avec des poids a\u00e9riens, avec des poids ou les deux.\" \/>\n<meta name=\"robots\" content=\"index, follow, max-snippet:-1, max-image-preview:large, max-video-preview:-1\" \/>\n<link rel=\"canonical\" href=\"https:\/\/www.bzsolutions.ch\/fr\/produkt\/rack-de-puissance\/\" \/>\n<meta property=\"og:locale\" content=\"fr_FR\" \/>\n<meta property=\"og:type\" content=\"article\" \/>\n<meta property=\"og:title\" content=\"Rack de puissance - BZ Solutions\" \/>\n<meta property=\"og:description\" content=\"Le Power Rack combine des unit\u00e9s pneumatiques avec un halt\u00e8re olympique. Vous vous entra\u00eenez avec des poids a\u00e9riens, avec des poids ou les deux.\" \/>\n<meta property=\"og:url\" content=\"https:\/\/www.bzsolutions.ch\/fr\/produkt\/rack-de-puissance\/\" \/>\n<meta property=\"og:site_name\" content=\"BZ Solutions\" \/>\n<meta property=\"og:image\" content=\"https:\/\/www.bzsolutions.ch\/wp-content\/uploads\/2024\/04\/3110_Power_Rack_Left_Three_Quarter-1024x1024.png\" \/>\n\t<meta property=\"og:image:width\" content=\"1024\" \/>\n\t<meta property=\"og:image:height\" content=\"1024\" \/>\n\t<meta property=\"og:image:type\" content=\"image\/png\" \/>\n<meta name=\"twitter:card\" content=\"summary_large_image\" \/>\n<meta name=\"twitter:label1\" content=\"Dur\u00e9e de lecture estim\u00e9e\" \/>\n\t<meta name=\"twitter:data1\" content=\"2 minutes\" \/>\n<script type=\"application\/ld+json\" class=\"yoast-schema-graph\">{\"@context\":\"https:\/\/schema.org\",\"@graph\":[{\"@type\":\"WebPage\",\"@id\":\"https:\/\/www.bzsolutions.ch\/fr\/produkt\/rack-de-puissance\/\",\"url\":\"https:\/\/www.bzsolutions.ch\/fr\/produkt\/rack-de-puissance\/\",\"name\":\"Rack de puissance - BZ Solutions\",\"isPartOf\":{\"@id\":\"https:\/\/www.bzsolutions.ch\/fr\/#website\"},\"primaryImageOfPage\":{\"@id\":\"https:\/\/www.bzsolutions.ch\/fr\/produkt\/rack-de-puissance\/#primaryimage\"},\"image\":{\"@id\":\"https:\/\/www.bzsolutions.ch\/fr\/produkt\/rack-de-puissance\/#primaryimage\"},\"thumbnailUrl\":\"https:\/\/www.bzsolutions.ch\/wp-content\/uploads\/2024\/04\/3110_Power_Rack_Left_Three_Quarter.png\",\"datePublished\":\"2024-04-05T06:01:28+00:00\",\"dateModified\":\"2024-04-05T06:01:28+00:00\",\"description\":\"Le Power Rack combine des unit\u00e9s pneumatiques avec un halt\u00e8re olympique. Vous vous entra\u00eenez avec des poids a\u00e9riens, avec des poids ou les deux.\",\"breadcrumb\":{\"@id\":\"https:\/\/www.bzsolutions.ch\/fr\/produkt\/rack-de-puissance\/#breadcrumb\"},\"inLanguage\":\"fr-FR\",\"potentialAction\":[{\"@type\":\"ReadAction\",\"target\":[\"https:\/\/www.bzsolutions.ch\/fr\/produkt\/rack-de-puissance\/\"]}]},{\"@type\":\"ImageObject\",\"inLanguage\":\"fr-FR\",\"@id\":\"https:\/\/www.bzsolutions.ch\/fr\/produkt\/rack-de-puissance\/#primaryimage\",\"url\":\"https:\/\/www.bzsolutions.ch\/wp-content\/uploads\/2024\/04\/3110_Power_Rack_Left_Three_Quarter.png\",\"contentUrl\":\"https:\/\/www.bzsolutions.ch\/wp-content\/uploads\/2024\/04\/3110_Power_Rack_Left_Three_Quarter.png\",\"width\":3072,\"height\":3072},{\"@type\":\"BreadcrumbList\",\"@id\":\"https:\/\/www.bzsolutions.ch\/fr\/produkt\/rack-de-puissance\/#breadcrumb\",\"itemListElement\":[{\"@type\":\"ListItem\",\"position\":1,\"name\":\"Startseite\",\"item\":\"https:\/\/www.bzsolutions.ch\/fr\/\"},{\"@type\":\"ListItem\",\"position\":2,\"name\":\"Shop\",\"item\":\"https:\/\/www.bzsolutions.ch\/shop\/\"},{\"@type\":\"ListItem\",\"position\":3,\"name\":\"Rack de puissance\"}]},{\"@type\":\"WebSite\",\"@id\":\"https:\/\/www.bzsolutions.ch\/fr\/#website\",\"url\":\"https:\/\/www.bzsolutions.ch\/fr\/\",\"name\":\"BZ Solutions\",\"description\":\"Total Fitness Solutions\",\"publisher\":{\"@id\":\"https:\/\/www.bzsolutions.ch\/fr\/#organization\"},\"potentialAction\":[{\"@type\":\"SearchAction\",\"target\":{\"@type\":\"EntryPoint\",\"urlTemplate\":\"https:\/\/www.bzsolutions.ch\/fr\/?s={search_term_string}\"},\"query-input\":{\"@type\":\"PropertyValueSpecification\",\"valueRequired\":true,\"valueName\":\"search_term_string\"}}],\"inLanguage\":\"fr-FR\"},{\"@type\":\"Organization\",\"@id\":\"https:\/\/www.bzsolutions.ch\/fr\/#organization\",\"name\":\"BZ Solutions\",\"url\":\"https:\/\/www.bzsolutions.ch\/fr\/\",\"logo\":{\"@type\":\"ImageObject\",\"inLanguage\":\"fr-FR\",\"@id\":\"https:\/\/www.bzsolutions.ch\/fr\/#\/schema\/logo\/image\/\",\"url\":\"https:\/\/www.bzsolutions.ch\/wp-content\/uploads\/2024\/03\/logo_bz-solutions.png\",\"contentUrl\":\"https:\/\/www.bzsolutions.ch\/wp-content\/uploads\/2024\/03\/logo_bz-solutions.png\",\"width\":600,\"height\":136,\"caption\":\"BZ Solutions\"},\"image\":{\"@id\":\"https:\/\/www.bzsolutions.ch\/fr\/#\/schema\/logo\/image\/\"}}]}<\/script>\n<!-- \/ Yoast SEO plugin. -->","yoast_head_json":{"title":"Rack de puissance - BZ Solutions","description":"Le Power Rack combine des unit\u00e9s pneumatiques avec un halt\u00e8re olympique. Vous vous entra\u00eenez avec des poids a\u00e9riens, avec des poids ou les deux.","robots":{"index":"index","follow":"follow","max-snippet":"max-snippet:-1","max-image-preview":"max-image-preview:large","max-video-preview":"max-video-preview:-1"},"canonical":"https:\/\/www.bzsolutions.ch\/fr\/produkt\/rack-de-puissance\/","og_locale":"fr_FR","og_type":"article","og_title":"Rack de puissance - BZ Solutions","og_description":"Le Power Rack combine des unit\u00e9s pneumatiques avec un halt\u00e8re olympique. Vous vous entra\u00eenez avec des poids a\u00e9riens, avec des poids ou les deux.","og_url":"https:\/\/www.bzsolutions.ch\/fr\/produkt\/rack-de-puissance\/","og_site_name":"BZ Solutions","og_image":[{"width":1024,"height":1024,"url":"https:\/\/www.bzsolutions.ch\/wp-content\/uploads\/2024\/04\/3110_Power_Rack_Left_Three_Quarter-1024x1024.png","type":"image\/png"}],"twitter_card":"summary_large_image","twitter_misc":{"Dur\u00e9e de lecture estim\u00e9e":"2 minutes"},"schema":{"@context":"https:\/\/schema.org","@graph":[{"@type":"WebPage","@id":"https:\/\/www.bzsolutions.ch\/fr\/produkt\/rack-de-puissance\/","url":"https:\/\/www.bzsolutions.ch\/fr\/produkt\/rack-de-puissance\/","name":"Rack de puissance - BZ Solutions","isPartOf":{"@id":"https:\/\/www.bzsolutions.ch\/fr\/#website"},"primaryImageOfPage":{"@id":"https:\/\/www.bzsolutions.ch\/fr\/produkt\/rack-de-puissance\/#primaryimage"},"image":{"@id":"https:\/\/www.bzsolutions.ch\/fr\/produkt\/rack-de-puissance\/#primaryimage"},"thumbnailUrl":"https:\/\/www.bzsolutions.ch\/wp-content\/uploads\/2024\/04\/3110_Power_Rack_Left_Three_Quarter.png","datePublished":"2024-04-05T06:01:28+00:00","dateModified":"2024-04-05T06:01:28+00:00","description":"Le Power Rack combine des unit\u00e9s pneumatiques avec un halt\u00e8re olympique. Vous vous entra\u00eenez avec des poids a\u00e9riens, avec des poids ou les deux.","breadcrumb":{"@id":"https:\/\/www.bzsolutions.ch\/fr\/produkt\/rack-de-puissance\/#breadcrumb"},"inLanguage":"fr-FR","potentialAction":[{"@type":"ReadAction","target":["https:\/\/www.bzsolutions.ch\/fr\/produkt\/rack-de-puissance\/"]}]},{"@type":"ImageObject","inLanguage":"fr-FR","@id":"https:\/\/www.bzsolutions.ch\/fr\/produkt\/rack-de-puissance\/#primaryimage","url":"https:\/\/www.bzsolutions.ch\/wp-content\/uploads\/2024\/04\/3110_Power_Rack_Left_Three_Quarter.png","contentUrl":"https:\/\/www.bzsolutions.ch\/wp-content\/uploads\/2024\/04\/3110_Power_Rack_Left_Three_Quarter.png","width":3072,"height":3072},{"@type":"BreadcrumbList","@id":"https:\/\/www.bzsolutions.ch\/fr\/produkt\/rack-de-puissance\/#breadcrumb","itemListElement":[{"@type":"ListItem","position":1,"name":"Startseite","item":"https:\/\/www.bzsolutions.ch\/fr\/"},{"@type":"ListItem","position":2,"name":"Shop","item":"https:\/\/www.bzsolutions.ch\/shop\/"},{"@type":"ListItem","position":3,"name":"Rack de puissance"}]},{"@type":"WebSite","@id":"https:\/\/www.bzsolutions.ch\/fr\/#website","url":"https:\/\/www.bzsolutions.ch\/fr\/","name":"BZ Solutions","description":"Total Fitness Solutions","publisher":{"@id":"https:\/\/www.bzsolutions.ch\/fr\/#organization"},"potentialAction":[{"@type":"SearchAction","target":{"@type":"EntryPoint","urlTemplate":"https:\/\/www.bzsolutions.ch\/fr\/?s={search_term_string}"},"query-input":{"@type":"PropertyValueSpecification","valueRequired":true,"valueName":"search_term_string"}}],"inLanguage":"fr-FR"},{"@type":"Organization","@id":"https:\/\/www.bzsolutions.ch\/fr\/#organization","name":"BZ Solutions","url":"https:\/\/www.bzsolutions.ch\/fr\/","logo":{"@type":"ImageObject","inLanguage":"fr-FR","@id":"https:\/\/www.bzsolutions.ch\/fr\/#\/schema\/logo\/image\/","url":"https:\/\/www.bzsolutions.ch\/wp-content\/uploads\/2024\/03\/logo_bz-solutions.png","contentUrl":"https:\/\/www.bzsolutions.ch\/wp-content\/uploads\/2024\/03\/logo_bz-solutions.png","width":600,"height":136,"caption":"BZ Solutions"},"image":{"@id":"https:\/\/www.bzsolutions.ch\/fr\/#\/schema\/logo\/image\/"}}]}},"_links":{"self":[{"href":"https:\/\/www.bzsolutions.ch\/fr\/wp-json\/wp\/v2\/product\/48859","targetHints":{"allow":["GET"]}}],"collection":[{"href":"https:\/\/www.bzsolutions.ch\/fr\/wp-json\/wp\/v2\/product"}],"about":[{"href":"https:\/\/www.bzsolutions.ch\/fr\/wp-json\/wp\/v2\/types\/product"}],"wp:featuredmedia":[{"embeddable":true,"href":"https:\/\/www.bzsolutions.ch\/fr\/wp-json\/wp\/v2\/media\/48408"}],"wp:attachment":[{"href":"https:\/\/www.bzsolutions.ch\/fr\/wp-json\/wp\/v2\/media?parent=48859"}],"wp:term":[{"taxonomy":"product_brand","embeddable":true,"href":"https:\/\/www.bzsolutions.ch\/fr\/wp-json\/wp\/v2\/product_brand?post=48859"},{"taxonomy":"product_cat","embeddable":true,"href":"https:\/\/www.bzsolutions.ch\/fr\/wp-json\/wp\/v2\/product_cat?post=48859"},{"taxonomy":"product_tag","embeddable":true,"href":"https:\/\/www.bzsolutions.ch\/fr\/wp-json\/wp\/v2\/product_tag?post=48859"}],"curies":[{"name":"wp","href":"https:\/\/api.w.org\/{rel}","templated":true}]}}