{"id":48864,"date":"2024-04-05T08:01:28","date_gmt":"2024-04-05T06:01:28","guid":{"rendered":"https:\/\/www.bzsolutions.ch\/produkt\/air350-machine-de-pressage-de-poitrine-bi-axiale\/"},"modified":"2024-04-05T08:01:28","modified_gmt":"2024-04-05T06:01:28","slug":"air350-machine-de-pressage-de-poitrine-bi-axiale","status":"publish","type":"product","link":"https:\/\/www.bzsolutions.ch\/fr\/produkt\/air350-machine-de-pressage-de-poitrine-bi-axiale\/","title":{"rendered":"Air350 Machine de pressage de poitrine bi-axiale"},"content":{"rendered":"<p>Lorsque les bras sont tendus, les mains se rapprochent l&#8217;une de l&#8217;autre, ce qui fait travailler plus efficacement le muscle pectoral. Ce mouvement suppl\u00e9mentaire et la courbe de force naturelle assurent un d\u00e9veloppement maximal des muscles importants de la poitrine et des bras. Le mouvement s\u00e9par\u00e9 des bras permet de s&#8217;assurer que le bras fort aide le bras plus faible.<\/p>\n","protected":false},"excerpt":{"rendered":"<p>Le design cr\u00e9atif de cette machine combine deux mouvements en un seul exercice.<\/p>\n","protected":false},"featured_media":48219,"template":"","meta":{"inline_featured_image":false},"product_brand":[],"product_cat":[804,1131],"product_tag":[1134,816],"class_list":{"0":"post-48864","1":"product","2":"type-product","3":"status-publish","4":"has-post-thumbnail","6":"product_cat-fournisseur","7":"product_cat-keiser-fr","8":"product_tag-entrainement-de-la-force","9":"product_tag-station-de-musculation","10":"pa_breite-46-1168-mm-fr","11":"pa_gewicht-187-lbs-85-kg-fr","12":"pa_hoehe-76-1930-mm-fr","13":"pa_laenge-60-1524-mm-fr","15":"first","16":"instock","17":"product-type-simple"},"yoast_head":"<!-- This site is optimized with the Yoast SEO plugin v23.8 - https:\/\/yoast.com\/wordpress\/plugins\/seo\/ -->\n<title>Air350 Machine de pressage de poitrine bi-axiale - BZ Solutions<\/title>\n<meta name=\"robots\" content=\"index, follow, max-snippet:-1, max-image-preview:large, max-video-preview:-1\" \/>\n<link rel=\"canonical\" href=\"https:\/\/www.bzsolutions.ch\/fr\/produkt\/air350-machine-de-pressage-de-poitrine-bi-axiale\/\" \/>\n<meta property=\"og:locale\" content=\"fr_FR\" \/>\n<meta property=\"og:type\" content=\"article\" \/>\n<meta property=\"og:title\" content=\"Air350 Machine de pressage de poitrine bi-axiale - BZ Solutions\" \/>\n<meta property=\"og:description\" content=\"Le design cr\u00e9atif de cette machine combine deux mouvements en un seul exercice.\" \/>\n<meta property=\"og:url\" content=\"https:\/\/www.bzsolutions.ch\/fr\/produkt\/air350-machine-de-pressage-de-poitrine-bi-axiale\/\" \/>\n<meta property=\"og:site_name\" content=\"BZ Solutions\" \/>\n<meta property=\"og:image\" content=\"https:\/\/www.bzsolutions.ch\/wp-content\/uploads\/2024\/04\/1335_A350_Biaxial_Chest_Press_Left_Three_Quarter-1024x1024.png\" \/>\n\t<meta property=\"og:image:width\" content=\"1024\" \/>\n\t<meta property=\"og:image:height\" content=\"1024\" \/>\n\t<meta property=\"og:image:type\" content=\"image\/png\" \/>\n<meta name=\"twitter:card\" content=\"summary_large_image\" \/>\n<script type=\"application\/ld+json\" class=\"yoast-schema-graph\">{\"@context\":\"https:\/\/schema.org\",\"@graph\":[{\"@type\":\"WebPage\",\"@id\":\"https:\/\/www.bzsolutions.ch\/fr\/produkt\/air350-machine-de-pressage-de-poitrine-bi-axiale\/\",\"url\":\"https:\/\/www.bzsolutions.ch\/fr\/produkt\/air350-machine-de-pressage-de-poitrine-bi-axiale\/\",\"name\":\"Air350 Machine de pressage de poitrine bi-axiale - BZ Solutions\",\"isPartOf\":{\"@id\":\"https:\/\/www.bzsolutions.ch\/fr\/#website\"},\"primaryImageOfPage\":{\"@id\":\"https:\/\/www.bzsolutions.ch\/fr\/produkt\/air350-machine-de-pressage-de-poitrine-bi-axiale\/#primaryimage\"},\"image\":{\"@id\":\"https:\/\/www.bzsolutions.ch\/fr\/produkt\/air350-machine-de-pressage-de-poitrine-bi-axiale\/#primaryimage\"},\"thumbnailUrl\":\"https:\/\/www.bzsolutions.ch\/wp-content\/uploads\/2024\/04\/1335_A350_Biaxial_Chest_Press_Left_Three_Quarter.png\",\"datePublished\":\"2024-04-05T06:01:28+00:00\",\"dateModified\":\"2024-04-05T06:01:28+00:00\",\"breadcrumb\":{\"@id\":\"https:\/\/www.bzsolutions.ch\/fr\/produkt\/air350-machine-de-pressage-de-poitrine-bi-axiale\/#breadcrumb\"},\"inLanguage\":\"fr-FR\",\"potentialAction\":[{\"@type\":\"ReadAction\",\"target\":[\"https:\/\/www.bzsolutions.ch\/fr\/produkt\/air350-machine-de-pressage-de-poitrine-bi-axiale\/\"]}]},{\"@type\":\"ImageObject\",\"inLanguage\":\"fr-FR\",\"@id\":\"https:\/\/www.bzsolutions.ch\/fr\/produkt\/air350-machine-de-pressage-de-poitrine-bi-axiale\/#primaryimage\",\"url\":\"https:\/\/www.bzsolutions.ch\/wp-content\/uploads\/2024\/04\/1335_A350_Biaxial_Chest_Press_Left_Three_Quarter.png\",\"contentUrl\":\"https:\/\/www.bzsolutions.ch\/wp-content\/uploads\/2024\/04\/1335_A350_Biaxial_Chest_Press_Left_Three_Quarter.png\",\"width\":3072,\"height\":3072},{\"@type\":\"BreadcrumbList\",\"@id\":\"https:\/\/www.bzsolutions.ch\/fr\/produkt\/air350-machine-de-pressage-de-poitrine-bi-axiale\/#breadcrumb\",\"itemListElement\":[{\"@type\":\"ListItem\",\"position\":1,\"name\":\"Startseite\",\"item\":\"https:\/\/www.bzsolutions.ch\/fr\/\"},{\"@type\":\"ListItem\",\"position\":2,\"name\":\"Shop\",\"item\":\"https:\/\/www.bzsolutions.ch\/shop\/\"},{\"@type\":\"ListItem\",\"position\":3,\"name\":\"Air350 Machine de pressage de poitrine bi-axiale\"}]},{\"@type\":\"WebSite\",\"@id\":\"https:\/\/www.bzsolutions.ch\/fr\/#website\",\"url\":\"https:\/\/www.bzsolutions.ch\/fr\/\",\"name\":\"BZ Solutions\",\"description\":\"Total Fitness Solutions\",\"publisher\":{\"@id\":\"https:\/\/www.bzsolutions.ch\/fr\/#organization\"},\"potentialAction\":[{\"@type\":\"SearchAction\",\"target\":{\"@type\":\"EntryPoint\",\"urlTemplate\":\"https:\/\/www.bzsolutions.ch\/fr\/?s={search_term_string}\"},\"query-input\":{\"@type\":\"PropertyValueSpecification\",\"valueRequired\":true,\"valueName\":\"search_term_string\"}}],\"inLanguage\":\"fr-FR\"},{\"@type\":\"Organization\",\"@id\":\"https:\/\/www.bzsolutions.ch\/fr\/#organization\",\"name\":\"BZ Solutions\",\"url\":\"https:\/\/www.bzsolutions.ch\/fr\/\",\"logo\":{\"@type\":\"ImageObject\",\"inLanguage\":\"fr-FR\",\"@id\":\"https:\/\/www.bzsolutions.ch\/fr\/#\/schema\/logo\/image\/\",\"url\":\"https:\/\/www.bzsolutions.ch\/wp-content\/uploads\/2024\/03\/logo_bz-solutions.png\",\"contentUrl\":\"https:\/\/www.bzsolutions.ch\/wp-content\/uploads\/2024\/03\/logo_bz-solutions.png\",\"width\":600,\"height\":136,\"caption\":\"BZ Solutions\"},\"image\":{\"@id\":\"https:\/\/www.bzsolutions.ch\/fr\/#\/schema\/logo\/image\/\"}}]}<\/script>\n<!-- \/ Yoast SEO plugin. -->","yoast_head_json":{"title":"Air350 Machine de pressage de poitrine bi-axiale - BZ Solutions","robots":{"index":"index","follow":"follow","max-snippet":"max-snippet:-1","max-image-preview":"max-image-preview:large","max-video-preview":"max-video-preview:-1"},"canonical":"https:\/\/www.bzsolutions.ch\/fr\/produkt\/air350-machine-de-pressage-de-poitrine-bi-axiale\/","og_locale":"fr_FR","og_type":"article","og_title":"Air350 Machine de pressage de poitrine bi-axiale - BZ Solutions","og_description":"Le design cr\u00e9atif de cette machine combine deux mouvements en un seul exercice.","og_url":"https:\/\/www.bzsolutions.ch\/fr\/produkt\/air350-machine-de-pressage-de-poitrine-bi-axiale\/","og_site_name":"BZ Solutions","og_image":[{"width":1024,"height":1024,"url":"https:\/\/www.bzsolutions.ch\/wp-content\/uploads\/2024\/04\/1335_A350_Biaxial_Chest_Press_Left_Three_Quarter-1024x1024.png","type":"image\/png"}],"twitter_card":"summary_large_image","schema":{"@context":"https:\/\/schema.org","@graph":[{"@type":"WebPage","@id":"https:\/\/www.bzsolutions.ch\/fr\/produkt\/air350-machine-de-pressage-de-poitrine-bi-axiale\/","url":"https:\/\/www.bzsolutions.ch\/fr\/produkt\/air350-machine-de-pressage-de-poitrine-bi-axiale\/","name":"Air350 Machine de pressage de poitrine bi-axiale - BZ Solutions","isPartOf":{"@id":"https:\/\/www.bzsolutions.ch\/fr\/#website"},"primaryImageOfPage":{"@id":"https:\/\/www.bzsolutions.ch\/fr\/produkt\/air350-machine-de-pressage-de-poitrine-bi-axiale\/#primaryimage"},"image":{"@id":"https:\/\/www.bzsolutions.ch\/fr\/produkt\/air350-machine-de-pressage-de-poitrine-bi-axiale\/#primaryimage"},"thumbnailUrl":"https:\/\/www.bzsolutions.ch\/wp-content\/uploads\/2024\/04\/1335_A350_Biaxial_Chest_Press_Left_Three_Quarter.png","datePublished":"2024-04-05T06:01:28+00:00","dateModified":"2024-04-05T06:01:28+00:00","breadcrumb":{"@id":"https:\/\/www.bzsolutions.ch\/fr\/produkt\/air350-machine-de-pressage-de-poitrine-bi-axiale\/#breadcrumb"},"inLanguage":"fr-FR","potentialAction":[{"@type":"ReadAction","target":["https:\/\/www.bzsolutions.ch\/fr\/produkt\/air350-machine-de-pressage-de-poitrine-bi-axiale\/"]}]},{"@type":"ImageObject","inLanguage":"fr-FR","@id":"https:\/\/www.bzsolutions.ch\/fr\/produkt\/air350-machine-de-pressage-de-poitrine-bi-axiale\/#primaryimage","url":"https:\/\/www.bzsolutions.ch\/wp-content\/uploads\/2024\/04\/1335_A350_Biaxial_Chest_Press_Left_Three_Quarter.png","contentUrl":"https:\/\/www.bzsolutions.ch\/wp-content\/uploads\/2024\/04\/1335_A350_Biaxial_Chest_Press_Left_Three_Quarter.png","width":3072,"height":3072},{"@type":"BreadcrumbList","@id":"https:\/\/www.bzsolutions.ch\/fr\/produkt\/air350-machine-de-pressage-de-poitrine-bi-axiale\/#breadcrumb","itemListElement":[{"@type":"ListItem","position":1,"name":"Startseite","item":"https:\/\/www.bzsolutions.ch\/fr\/"},{"@type":"ListItem","position":2,"name":"Shop","item":"https:\/\/www.bzsolutions.ch\/shop\/"},{"@type":"ListItem","position":3,"name":"Air350 Machine de pressage de poitrine bi-axiale"}]},{"@type":"WebSite","@id":"https:\/\/www.bzsolutions.ch\/fr\/#website","url":"https:\/\/www.bzsolutions.ch\/fr\/","name":"BZ Solutions","description":"Total Fitness Solutions","publisher":{"@id":"https:\/\/www.bzsolutions.ch\/fr\/#organization"},"potentialAction":[{"@type":"SearchAction","target":{"@type":"EntryPoint","urlTemplate":"https:\/\/www.bzsolutions.ch\/fr\/?s={search_term_string}"},"query-input":{"@type":"PropertyValueSpecification","valueRequired":true,"valueName":"search_term_string"}}],"inLanguage":"fr-FR"},{"@type":"Organization","@id":"https:\/\/www.bzsolutions.ch\/fr\/#organization","name":"BZ Solutions","url":"https:\/\/www.bzsolutions.ch\/fr\/","logo":{"@type":"ImageObject","inLanguage":"fr-FR","@id":"https:\/\/www.bzsolutions.ch\/fr\/#\/schema\/logo\/image\/","url":"https:\/\/www.bzsolutions.ch\/wp-content\/uploads\/2024\/03\/logo_bz-solutions.png","contentUrl":"https:\/\/www.bzsolutions.ch\/wp-content\/uploads\/2024\/03\/logo_bz-solutions.png","width":600,"height":136,"caption":"BZ Solutions"},"image":{"@id":"https:\/\/www.bzsolutions.ch\/fr\/#\/schema\/logo\/image\/"}}]}},"_links":{"self":[{"href":"https:\/\/www.bzsolutions.ch\/fr\/wp-json\/wp\/v2\/product\/48864","targetHints":{"allow":["GET"]}}],"collection":[{"href":"https:\/\/www.bzsolutions.ch\/fr\/wp-json\/wp\/v2\/product"}],"about":[{"href":"https:\/\/www.bzsolutions.ch\/fr\/wp-json\/wp\/v2\/types\/product"}],"wp:featuredmedia":[{"embeddable":true,"href":"https:\/\/www.bzsolutions.ch\/fr\/wp-json\/wp\/v2\/media\/48219"}],"wp:attachment":[{"href":"https:\/\/www.bzsolutions.ch\/fr\/wp-json\/wp\/v2\/media?parent=48864"}],"wp:term":[{"taxonomy":"product_brand","embeddable":true,"href":"https:\/\/www.bzsolutions.ch\/fr\/wp-json\/wp\/v2\/product_brand?post=48864"},{"taxonomy":"product_cat","embeddable":true,"href":"https:\/\/www.bzsolutions.ch\/fr\/wp-json\/wp\/v2\/product_cat?post=48864"},{"taxonomy":"product_tag","embeddable":true,"href":"https:\/\/www.bzsolutions.ch\/fr\/wp-json\/wp\/v2\/product_tag?post=48864"}],"curies":[{"name":"wp","href":"https:\/\/api.w.org\/{rel}","templated":true}]}}