{"id":48873,"date":"2024-04-05T08:01:28","date_gmt":"2024-04-05T06:01:28","guid":{"rendered":"https:\/\/www.bzsolutions.ch\/produkt\/machine-a-presser-les-jambes-air300\/"},"modified":"2024-06-24T11:33:36","modified_gmt":"2024-06-24T09:33:36","slug":"machine-a-presser-les-jambes-air300","status":"publish","type":"product","link":"https:\/\/www.bzsolutions.ch\/fr\/produkt\/machine-a-presser-les-jambes-air300\/","title":{"rendered":"Machine \u00e0 presser les jambes Air300"},"content":{"rendered":"<p>La combinaison de mouvements unilat\u00e9raux et d&#8217;une technologie pneumatique douce en fait la presse \u00e0 jambes parfaite pour votre entra\u00eenement. La position assise r\u00e9glable prot\u00e8ge et stabilise le bas du dos et permet un meilleur pr\u00e9-\u00e9tirement des fessiers, ce qui les rend plus actifs pendant l&#8217;entra\u00eenement. Un acc\u00e8s facile et une grande amplitude de mouvement sont obtenus gr\u00e2ce \u00e0 une but\u00e9e mobile qui maintient les palettes repose-pieds en place lors de l&#8217;entr\u00e9e et de la sortie.<\/p>\n","protected":false},"excerpt":{"rendered":"<p>L&#8217;Air300 Leg Press est extr\u00eamement flexible et constitue le choix id\u00e9al pour les applications dans le domaine du sport et de la r\u00e9\u00e9ducation. Notre Keiser Leg Press fait partie du package KGG.<\/p>\n","protected":false},"featured_media":48296,"template":"","meta":{"inline_featured_image":false},"product_brand":[],"product_cat":[804,1131],"product_tag":[1134,816],"class_list":{"0":"post-48873","1":"product","2":"type-product","3":"status-publish","4":"has-post-thumbnail","6":"product_cat-fournisseur","7":"product_cat-keiser-fr","8":"product_tag-entrainement-de-la-force","9":"product_tag-station-de-musculation","10":"pa_breite-37-940-mm-fr","11":"pa_gewicht-350-lbs-159-kg-fr","12":"pa_hoehe-47-1194-mm-fr","13":"pa_laenge-69-1753-mm-fr","15":"first","16":"instock","17":"product-type-simple"},"yoast_head":"<!-- This site is optimized with the Yoast SEO plugin v23.8 - https:\/\/yoast.com\/wordpress\/plugins\/seo\/ -->\n<title>Machine \u00e0 presser les jambes Air300 - BZ Solutions<\/title>\n<meta name=\"robots\" content=\"index, follow, max-snippet:-1, max-image-preview:large, max-video-preview:-1\" \/>\n<link rel=\"canonical\" href=\"https:\/\/www.bzsolutions.ch\/fr\/produkt\/machine-a-presser-les-jambes-air300\/\" \/>\n<meta property=\"og:locale\" content=\"fr_FR\" \/>\n<meta property=\"og:type\" content=\"article\" \/>\n<meta property=\"og:title\" content=\"Machine \u00e0 presser les jambes Air300 - BZ Solutions\" \/>\n<meta property=\"og:description\" content=\"L&#039;Air300 Leg Press est extr\u00eamement flexible et constitue le choix id\u00e9al pour les applications dans le domaine du sport et de la r\u00e9\u00e9ducation. Notre Keiser Leg Press fait partie du package KGG.\" \/>\n<meta property=\"og:url\" content=\"https:\/\/www.bzsolutions.ch\/fr\/produkt\/machine-a-presser-les-jambes-air300\/\" \/>\n<meta property=\"og:site_name\" content=\"BZ Solutions\" \/>\n<meta property=\"article:modified_time\" content=\"2024-06-24T09:33:36+00:00\" \/>\n<meta property=\"og:image\" content=\"https:\/\/www.bzsolutions.ch\/wp-content\/uploads\/2024\/04\/2531_A300_Leg_Press_Left_Three_Quarter-1024x1024.png\" \/>\n\t<meta property=\"og:image:width\" content=\"1024\" \/>\n\t<meta property=\"og:image:height\" content=\"1024\" \/>\n\t<meta property=\"og:image:type\" content=\"image\/png\" \/>\n<meta name=\"twitter:card\" content=\"summary_large_image\" \/>\n<script type=\"application\/ld+json\" class=\"yoast-schema-graph\">{\"@context\":\"https:\/\/schema.org\",\"@graph\":[{\"@type\":\"WebPage\",\"@id\":\"https:\/\/www.bzsolutions.ch\/fr\/produkt\/machine-a-presser-les-jambes-air300\/\",\"url\":\"https:\/\/www.bzsolutions.ch\/fr\/produkt\/machine-a-presser-les-jambes-air300\/\",\"name\":\"Machine \u00e0 presser les jambes Air300 - BZ Solutions\",\"isPartOf\":{\"@id\":\"https:\/\/www.bzsolutions.ch\/fr\/#website\"},\"primaryImageOfPage\":{\"@id\":\"https:\/\/www.bzsolutions.ch\/fr\/produkt\/machine-a-presser-les-jambes-air300\/#primaryimage\"},\"image\":{\"@id\":\"https:\/\/www.bzsolutions.ch\/fr\/produkt\/machine-a-presser-les-jambes-air300\/#primaryimage\"},\"thumbnailUrl\":\"https:\/\/www.bzsolutions.ch\/wp-content\/uploads\/2024\/04\/2531_A300_Leg_Press_Left_Three_Quarter.png\",\"datePublished\":\"2024-04-05T06:01:28+00:00\",\"dateModified\":\"2024-06-24T09:33:36+00:00\",\"breadcrumb\":{\"@id\":\"https:\/\/www.bzsolutions.ch\/fr\/produkt\/machine-a-presser-les-jambes-air300\/#breadcrumb\"},\"inLanguage\":\"fr-FR\",\"potentialAction\":[{\"@type\":\"ReadAction\",\"target\":[\"https:\/\/www.bzsolutions.ch\/fr\/produkt\/machine-a-presser-les-jambes-air300\/\"]}]},{\"@type\":\"ImageObject\",\"inLanguage\":\"fr-FR\",\"@id\":\"https:\/\/www.bzsolutions.ch\/fr\/produkt\/machine-a-presser-les-jambes-air300\/#primaryimage\",\"url\":\"https:\/\/www.bzsolutions.ch\/wp-content\/uploads\/2024\/04\/2531_A300_Leg_Press_Left_Three_Quarter.png\",\"contentUrl\":\"https:\/\/www.bzsolutions.ch\/wp-content\/uploads\/2024\/04\/2531_A300_Leg_Press_Left_Three_Quarter.png\",\"width\":3072,\"height\":3072},{\"@type\":\"BreadcrumbList\",\"@id\":\"https:\/\/www.bzsolutions.ch\/fr\/produkt\/machine-a-presser-les-jambes-air300\/#breadcrumb\",\"itemListElement\":[{\"@type\":\"ListItem\",\"position\":1,\"name\":\"Startseite\",\"item\":\"https:\/\/www.bzsolutions.ch\/fr\/\"},{\"@type\":\"ListItem\",\"position\":2,\"name\":\"Shop\",\"item\":\"https:\/\/www.bzsolutions.ch\/shop\/\"},{\"@type\":\"ListItem\",\"position\":3,\"name\":\"Machine \u00e0 presser les jambes Air300\"}]},{\"@type\":\"WebSite\",\"@id\":\"https:\/\/www.bzsolutions.ch\/fr\/#website\",\"url\":\"https:\/\/www.bzsolutions.ch\/fr\/\",\"name\":\"BZ Solutions\",\"description\":\"Total Fitness Solutions\",\"publisher\":{\"@id\":\"https:\/\/www.bzsolutions.ch\/fr\/#organization\"},\"potentialAction\":[{\"@type\":\"SearchAction\",\"target\":{\"@type\":\"EntryPoint\",\"urlTemplate\":\"https:\/\/www.bzsolutions.ch\/fr\/?s={search_term_string}\"},\"query-input\":{\"@type\":\"PropertyValueSpecification\",\"valueRequired\":true,\"valueName\":\"search_term_string\"}}],\"inLanguage\":\"fr-FR\"},{\"@type\":\"Organization\",\"@id\":\"https:\/\/www.bzsolutions.ch\/fr\/#organization\",\"name\":\"BZ Solutions\",\"url\":\"https:\/\/www.bzsolutions.ch\/fr\/\",\"logo\":{\"@type\":\"ImageObject\",\"inLanguage\":\"fr-FR\",\"@id\":\"https:\/\/www.bzsolutions.ch\/fr\/#\/schema\/logo\/image\/\",\"url\":\"https:\/\/www.bzsolutions.ch\/wp-content\/uploads\/2024\/03\/logo_bz-solutions.png\",\"contentUrl\":\"https:\/\/www.bzsolutions.ch\/wp-content\/uploads\/2024\/03\/logo_bz-solutions.png\",\"width\":600,\"height\":136,\"caption\":\"BZ Solutions\"},\"image\":{\"@id\":\"https:\/\/www.bzsolutions.ch\/fr\/#\/schema\/logo\/image\/\"}}]}<\/script>\n<!-- \/ Yoast SEO plugin. -->","yoast_head_json":{"title":"Machine \u00e0 presser les jambes Air300 - BZ Solutions","robots":{"index":"index","follow":"follow","max-snippet":"max-snippet:-1","max-image-preview":"max-image-preview:large","max-video-preview":"max-video-preview:-1"},"canonical":"https:\/\/www.bzsolutions.ch\/fr\/produkt\/machine-a-presser-les-jambes-air300\/","og_locale":"fr_FR","og_type":"article","og_title":"Machine \u00e0 presser les jambes Air300 - BZ Solutions","og_description":"L'Air300 Leg Press est extr\u00eamement flexible et constitue le choix id\u00e9al pour les applications dans le domaine du sport et de la r\u00e9\u00e9ducation. Notre Keiser Leg Press fait partie du package KGG.","og_url":"https:\/\/www.bzsolutions.ch\/fr\/produkt\/machine-a-presser-les-jambes-air300\/","og_site_name":"BZ Solutions","article_modified_time":"2024-06-24T09:33:36+00:00","og_image":[{"width":1024,"height":1024,"url":"https:\/\/www.bzsolutions.ch\/wp-content\/uploads\/2024\/04\/2531_A300_Leg_Press_Left_Three_Quarter-1024x1024.png","type":"image\/png"}],"twitter_card":"summary_large_image","schema":{"@context":"https:\/\/schema.org","@graph":[{"@type":"WebPage","@id":"https:\/\/www.bzsolutions.ch\/fr\/produkt\/machine-a-presser-les-jambes-air300\/","url":"https:\/\/www.bzsolutions.ch\/fr\/produkt\/machine-a-presser-les-jambes-air300\/","name":"Machine \u00e0 presser les jambes Air300 - BZ Solutions","isPartOf":{"@id":"https:\/\/www.bzsolutions.ch\/fr\/#website"},"primaryImageOfPage":{"@id":"https:\/\/www.bzsolutions.ch\/fr\/produkt\/machine-a-presser-les-jambes-air300\/#primaryimage"},"image":{"@id":"https:\/\/www.bzsolutions.ch\/fr\/produkt\/machine-a-presser-les-jambes-air300\/#primaryimage"},"thumbnailUrl":"https:\/\/www.bzsolutions.ch\/wp-content\/uploads\/2024\/04\/2531_A300_Leg_Press_Left_Three_Quarter.png","datePublished":"2024-04-05T06:01:28+00:00","dateModified":"2024-06-24T09:33:36+00:00","breadcrumb":{"@id":"https:\/\/www.bzsolutions.ch\/fr\/produkt\/machine-a-presser-les-jambes-air300\/#breadcrumb"},"inLanguage":"fr-FR","potentialAction":[{"@type":"ReadAction","target":["https:\/\/www.bzsolutions.ch\/fr\/produkt\/machine-a-presser-les-jambes-air300\/"]}]},{"@type":"ImageObject","inLanguage":"fr-FR","@id":"https:\/\/www.bzsolutions.ch\/fr\/produkt\/machine-a-presser-les-jambes-air300\/#primaryimage","url":"https:\/\/www.bzsolutions.ch\/wp-content\/uploads\/2024\/04\/2531_A300_Leg_Press_Left_Three_Quarter.png","contentUrl":"https:\/\/www.bzsolutions.ch\/wp-content\/uploads\/2024\/04\/2531_A300_Leg_Press_Left_Three_Quarter.png","width":3072,"height":3072},{"@type":"BreadcrumbList","@id":"https:\/\/www.bzsolutions.ch\/fr\/produkt\/machine-a-presser-les-jambes-air300\/#breadcrumb","itemListElement":[{"@type":"ListItem","position":1,"name":"Startseite","item":"https:\/\/www.bzsolutions.ch\/fr\/"},{"@type":"ListItem","position":2,"name":"Shop","item":"https:\/\/www.bzsolutions.ch\/shop\/"},{"@type":"ListItem","position":3,"name":"Machine \u00e0 presser les jambes Air300"}]},{"@type":"WebSite","@id":"https:\/\/www.bzsolutions.ch\/fr\/#website","url":"https:\/\/www.bzsolutions.ch\/fr\/","name":"BZ Solutions","description":"Total Fitness Solutions","publisher":{"@id":"https:\/\/www.bzsolutions.ch\/fr\/#organization"},"potentialAction":[{"@type":"SearchAction","target":{"@type":"EntryPoint","urlTemplate":"https:\/\/www.bzsolutions.ch\/fr\/?s={search_term_string}"},"query-input":{"@type":"PropertyValueSpecification","valueRequired":true,"valueName":"search_term_string"}}],"inLanguage":"fr-FR"},{"@type":"Organization","@id":"https:\/\/www.bzsolutions.ch\/fr\/#organization","name":"BZ Solutions","url":"https:\/\/www.bzsolutions.ch\/fr\/","logo":{"@type":"ImageObject","inLanguage":"fr-FR","@id":"https:\/\/www.bzsolutions.ch\/fr\/#\/schema\/logo\/image\/","url":"https:\/\/www.bzsolutions.ch\/wp-content\/uploads\/2024\/03\/logo_bz-solutions.png","contentUrl":"https:\/\/www.bzsolutions.ch\/wp-content\/uploads\/2024\/03\/logo_bz-solutions.png","width":600,"height":136,"caption":"BZ Solutions"},"image":{"@id":"https:\/\/www.bzsolutions.ch\/fr\/#\/schema\/logo\/image\/"}}]}},"_links":{"self":[{"href":"https:\/\/www.bzsolutions.ch\/fr\/wp-json\/wp\/v2\/product\/48873","targetHints":{"allow":["GET"]}}],"collection":[{"href":"https:\/\/www.bzsolutions.ch\/fr\/wp-json\/wp\/v2\/product"}],"about":[{"href":"https:\/\/www.bzsolutions.ch\/fr\/wp-json\/wp\/v2\/types\/product"}],"wp:featuredmedia":[{"embeddable":true,"href":"https:\/\/www.bzsolutions.ch\/fr\/wp-json\/wp\/v2\/media\/48296"}],"wp:attachment":[{"href":"https:\/\/www.bzsolutions.ch\/fr\/wp-json\/wp\/v2\/media?parent=48873"}],"wp:term":[{"taxonomy":"product_brand","embeddable":true,"href":"https:\/\/www.bzsolutions.ch\/fr\/wp-json\/wp\/v2\/product_brand?post=48873"},{"taxonomy":"product_cat","embeddable":true,"href":"https:\/\/www.bzsolutions.ch\/fr\/wp-json\/wp\/v2\/product_cat?post=48873"},{"taxonomy":"product_tag","embeddable":true,"href":"https:\/\/www.bzsolutions.ch\/fr\/wp-json\/wp\/v2\/product_tag?post=48873"}],"curies":[{"name":"wp","href":"https:\/\/api.w.org\/{rel}","templated":true}]}}