{"id":48877,"date":"2024-04-05T07:59:56","date_gmt":"2024-04-05T05:59:56","guid":{"rendered":"https:\/\/www.bzsolutions.ch\/produkt\/curl-de-jambe-assis-air250\/"},"modified":"2024-04-05T07:59:56","modified_gmt":"2024-04-05T05:59:56","slug":"curl-de-jambe-assis-air250","status":"publish","type":"product","link":"https:\/\/www.bzsolutions.ch\/fr\/produkt\/curl-de-jambe-assis-air250\/","title":{"rendered":"Curl de jambe assis Air250"},"content":{"rendered":"<p>La position assise prot\u00e8ge \u00e9galement le bas du dos en emp\u00eachant les cuisses de faire basculer le bassin, ce qui entra\u00eenerait un \u00e9tirement excessif du bas du dos. Les coussins pour les jambes et le dossier sont facilement r\u00e9glables, ce qui permet \u00e0 presque tout le monde de s&#8217;entra\u00eener sur l&#8217;appareil. Un coussin r\u00e9glable maintient les cuisses dans une position confortable et stable pour un r\u00e9sultat maximal. Les boutons qui contr\u00f4lent la r\u00e9sistance sont situ\u00e9s sur les poign\u00e9es, ce qui les rend faciles \u00e0 utiliser.<\/p>\n","protected":false},"excerpt":{"rendered":"<p>Le Air250 Seated Leg Curl offre \u00e0 l&#8217;utilisateur une entr\u00e9e et une sortie faciles. Pour de nombreuses personnes, la position assise lors du leg curl est moins intimidante qu&#8217;une position allong\u00e9e.<\/p>\n","protected":false},"featured_media":48040,"template":"","meta":{"inline_featured_image":false},"product_brand":[],"product_cat":[814,804,1131,815],"product_tag":[1134,816],"class_list":{"0":"post-48877","1":"product","2":"type-product","3":"status-publish","4":"has-post-thumbnail","6":"product_cat-appareils-de-musculation","7":"product_cat-fournisseur","8":"product_cat-keiser-fr","9":"product_cat-station-de-musculation","10":"product_tag-entrainement-de-la-force","11":"product_tag-station-de-musculation","12":"pa_breite-45-1143-mm-fr","13":"pa_gewicht-195-lbs-88-kg-fr","14":"pa_hoehe-42-1067-mm-fr","15":"pa_laenge-56-1422-mm-fr","17":"first","18":"instock","19":"product-type-simple"},"yoast_head":"<!-- This site is optimized with the Yoast SEO plugin v23.8 - https:\/\/yoast.com\/wordpress\/plugins\/seo\/ -->\n<title>Curl de jambe assis Air250 - BZ Solutions<\/title>\n<meta name=\"robots\" content=\"index, follow, max-snippet:-1, max-image-preview:large, max-video-preview:-1\" \/>\n<link rel=\"canonical\" href=\"https:\/\/www.bzsolutions.ch\/fr\/produkt\/curl-de-jambe-assis-air250\/\" \/>\n<meta property=\"og:locale\" content=\"fr_FR\" \/>\n<meta property=\"og:type\" content=\"article\" \/>\n<meta property=\"og:title\" content=\"Curl de jambe assis Air250 - BZ Solutions\" \/>\n<meta property=\"og:description\" content=\"Le Air250 Seated Leg Curl offre \u00e0 l&#039;utilisateur une entr\u00e9e et une sortie faciles. Pour de nombreuses personnes, la position assise lors du leg curl est moins intimidante qu&#039;une position allong\u00e9e.\" \/>\n<meta property=\"og:url\" content=\"https:\/\/www.bzsolutions.ch\/fr\/produkt\/curl-de-jambe-assis-air250\/\" \/>\n<meta property=\"og:site_name\" content=\"BZ Solutions\" \/>\n<meta property=\"og:image\" content=\"https:\/\/www.bzsolutions.ch\/wp-content\/uploads\/2024\/04\/A250-Seated-Leg-Curl-met-witte-achtergrond.png\" \/>\n\t<meta property=\"og:image:width\" content=\"1000\" \/>\n\t<meta property=\"og:image:height\" content=\"1000\" \/>\n\t<meta property=\"og:image:type\" content=\"image\/png\" \/>\n<meta name=\"twitter:card\" content=\"summary_large_image\" \/>\n<script type=\"application\/ld+json\" class=\"yoast-schema-graph\">{\"@context\":\"https:\/\/schema.org\",\"@graph\":[{\"@type\":\"WebPage\",\"@id\":\"https:\/\/www.bzsolutions.ch\/fr\/produkt\/curl-de-jambe-assis-air250\/\",\"url\":\"https:\/\/www.bzsolutions.ch\/fr\/produkt\/curl-de-jambe-assis-air250\/\",\"name\":\"Curl de jambe assis Air250 - BZ Solutions\",\"isPartOf\":{\"@id\":\"https:\/\/www.bzsolutions.ch\/fr\/#website\"},\"primaryImageOfPage\":{\"@id\":\"https:\/\/www.bzsolutions.ch\/fr\/produkt\/curl-de-jambe-assis-air250\/#primaryimage\"},\"image\":{\"@id\":\"https:\/\/www.bzsolutions.ch\/fr\/produkt\/curl-de-jambe-assis-air250\/#primaryimage\"},\"thumbnailUrl\":\"https:\/\/www.bzsolutions.ch\/wp-content\/uploads\/2024\/04\/A250-Seated-Leg-Curl-met-witte-achtergrond.png\",\"datePublished\":\"2024-04-05T05:59:56+00:00\",\"dateModified\":\"2024-04-05T05:59:56+00:00\",\"breadcrumb\":{\"@id\":\"https:\/\/www.bzsolutions.ch\/fr\/produkt\/curl-de-jambe-assis-air250\/#breadcrumb\"},\"inLanguage\":\"fr-FR\",\"potentialAction\":[{\"@type\":\"ReadAction\",\"target\":[\"https:\/\/www.bzsolutions.ch\/fr\/produkt\/curl-de-jambe-assis-air250\/\"]}]},{\"@type\":\"ImageObject\",\"inLanguage\":\"fr-FR\",\"@id\":\"https:\/\/www.bzsolutions.ch\/fr\/produkt\/curl-de-jambe-assis-air250\/#primaryimage\",\"url\":\"https:\/\/www.bzsolutions.ch\/wp-content\/uploads\/2024\/04\/A250-Seated-Leg-Curl-met-witte-achtergrond.png\",\"contentUrl\":\"https:\/\/www.bzsolutions.ch\/wp-content\/uploads\/2024\/04\/A250-Seated-Leg-Curl-met-witte-achtergrond.png\",\"width\":1000,\"height\":1000},{\"@type\":\"BreadcrumbList\",\"@id\":\"https:\/\/www.bzsolutions.ch\/fr\/produkt\/curl-de-jambe-assis-air250\/#breadcrumb\",\"itemListElement\":[{\"@type\":\"ListItem\",\"position\":1,\"name\":\"Startseite\",\"item\":\"https:\/\/www.bzsolutions.ch\/fr\/\"},{\"@type\":\"ListItem\",\"position\":2,\"name\":\"Shop\",\"item\":\"https:\/\/www.bzsolutions.ch\/shop\/\"},{\"@type\":\"ListItem\",\"position\":3,\"name\":\"Curl de jambe assis Air250\"}]},{\"@type\":\"WebSite\",\"@id\":\"https:\/\/www.bzsolutions.ch\/fr\/#website\",\"url\":\"https:\/\/www.bzsolutions.ch\/fr\/\",\"name\":\"BZ Solutions\",\"description\":\"Total Fitness Solutions\",\"publisher\":{\"@id\":\"https:\/\/www.bzsolutions.ch\/fr\/#organization\"},\"potentialAction\":[{\"@type\":\"SearchAction\",\"target\":{\"@type\":\"EntryPoint\",\"urlTemplate\":\"https:\/\/www.bzsolutions.ch\/fr\/?s={search_term_string}\"},\"query-input\":{\"@type\":\"PropertyValueSpecification\",\"valueRequired\":true,\"valueName\":\"search_term_string\"}}],\"inLanguage\":\"fr-FR\"},{\"@type\":\"Organization\",\"@id\":\"https:\/\/www.bzsolutions.ch\/fr\/#organization\",\"name\":\"BZ Solutions\",\"url\":\"https:\/\/www.bzsolutions.ch\/fr\/\",\"logo\":{\"@type\":\"ImageObject\",\"inLanguage\":\"fr-FR\",\"@id\":\"https:\/\/www.bzsolutions.ch\/fr\/#\/schema\/logo\/image\/\",\"url\":\"https:\/\/www.bzsolutions.ch\/wp-content\/uploads\/2024\/03\/logo_bz-solutions.png\",\"contentUrl\":\"https:\/\/www.bzsolutions.ch\/wp-content\/uploads\/2024\/03\/logo_bz-solutions.png\",\"width\":600,\"height\":136,\"caption\":\"BZ Solutions\"},\"image\":{\"@id\":\"https:\/\/www.bzsolutions.ch\/fr\/#\/schema\/logo\/image\/\"}}]}<\/script>\n<!-- \/ Yoast SEO plugin. -->","yoast_head_json":{"title":"Curl de jambe assis Air250 - BZ Solutions","robots":{"index":"index","follow":"follow","max-snippet":"max-snippet:-1","max-image-preview":"max-image-preview:large","max-video-preview":"max-video-preview:-1"},"canonical":"https:\/\/www.bzsolutions.ch\/fr\/produkt\/curl-de-jambe-assis-air250\/","og_locale":"fr_FR","og_type":"article","og_title":"Curl de jambe assis Air250 - BZ Solutions","og_description":"Le Air250 Seated Leg Curl offre \u00e0 l'utilisateur une entr\u00e9e et une sortie faciles. Pour de nombreuses personnes, la position assise lors du leg curl est moins intimidante qu'une position allong\u00e9e.","og_url":"https:\/\/www.bzsolutions.ch\/fr\/produkt\/curl-de-jambe-assis-air250\/","og_site_name":"BZ Solutions","og_image":[{"width":1000,"height":1000,"url":"https:\/\/www.bzsolutions.ch\/wp-content\/uploads\/2024\/04\/A250-Seated-Leg-Curl-met-witte-achtergrond.png","type":"image\/png"}],"twitter_card":"summary_large_image","schema":{"@context":"https:\/\/schema.org","@graph":[{"@type":"WebPage","@id":"https:\/\/www.bzsolutions.ch\/fr\/produkt\/curl-de-jambe-assis-air250\/","url":"https:\/\/www.bzsolutions.ch\/fr\/produkt\/curl-de-jambe-assis-air250\/","name":"Curl de jambe assis Air250 - BZ Solutions","isPartOf":{"@id":"https:\/\/www.bzsolutions.ch\/fr\/#website"},"primaryImageOfPage":{"@id":"https:\/\/www.bzsolutions.ch\/fr\/produkt\/curl-de-jambe-assis-air250\/#primaryimage"},"image":{"@id":"https:\/\/www.bzsolutions.ch\/fr\/produkt\/curl-de-jambe-assis-air250\/#primaryimage"},"thumbnailUrl":"https:\/\/www.bzsolutions.ch\/wp-content\/uploads\/2024\/04\/A250-Seated-Leg-Curl-met-witte-achtergrond.png","datePublished":"2024-04-05T05:59:56+00:00","dateModified":"2024-04-05T05:59:56+00:00","breadcrumb":{"@id":"https:\/\/www.bzsolutions.ch\/fr\/produkt\/curl-de-jambe-assis-air250\/#breadcrumb"},"inLanguage":"fr-FR","potentialAction":[{"@type":"ReadAction","target":["https:\/\/www.bzsolutions.ch\/fr\/produkt\/curl-de-jambe-assis-air250\/"]}]},{"@type":"ImageObject","inLanguage":"fr-FR","@id":"https:\/\/www.bzsolutions.ch\/fr\/produkt\/curl-de-jambe-assis-air250\/#primaryimage","url":"https:\/\/www.bzsolutions.ch\/wp-content\/uploads\/2024\/04\/A250-Seated-Leg-Curl-met-witte-achtergrond.png","contentUrl":"https:\/\/www.bzsolutions.ch\/wp-content\/uploads\/2024\/04\/A250-Seated-Leg-Curl-met-witte-achtergrond.png","width":1000,"height":1000},{"@type":"BreadcrumbList","@id":"https:\/\/www.bzsolutions.ch\/fr\/produkt\/curl-de-jambe-assis-air250\/#breadcrumb","itemListElement":[{"@type":"ListItem","position":1,"name":"Startseite","item":"https:\/\/www.bzsolutions.ch\/fr\/"},{"@type":"ListItem","position":2,"name":"Shop","item":"https:\/\/www.bzsolutions.ch\/shop\/"},{"@type":"ListItem","position":3,"name":"Curl de jambe assis Air250"}]},{"@type":"WebSite","@id":"https:\/\/www.bzsolutions.ch\/fr\/#website","url":"https:\/\/www.bzsolutions.ch\/fr\/","name":"BZ Solutions","description":"Total Fitness Solutions","publisher":{"@id":"https:\/\/www.bzsolutions.ch\/fr\/#organization"},"potentialAction":[{"@type":"SearchAction","target":{"@type":"EntryPoint","urlTemplate":"https:\/\/www.bzsolutions.ch\/fr\/?s={search_term_string}"},"query-input":{"@type":"PropertyValueSpecification","valueRequired":true,"valueName":"search_term_string"}}],"inLanguage":"fr-FR"},{"@type":"Organization","@id":"https:\/\/www.bzsolutions.ch\/fr\/#organization","name":"BZ Solutions","url":"https:\/\/www.bzsolutions.ch\/fr\/","logo":{"@type":"ImageObject","inLanguage":"fr-FR","@id":"https:\/\/www.bzsolutions.ch\/fr\/#\/schema\/logo\/image\/","url":"https:\/\/www.bzsolutions.ch\/wp-content\/uploads\/2024\/03\/logo_bz-solutions.png","contentUrl":"https:\/\/www.bzsolutions.ch\/wp-content\/uploads\/2024\/03\/logo_bz-solutions.png","width":600,"height":136,"caption":"BZ Solutions"},"image":{"@id":"https:\/\/www.bzsolutions.ch\/fr\/#\/schema\/logo\/image\/"}}]}},"_links":{"self":[{"href":"https:\/\/www.bzsolutions.ch\/fr\/wp-json\/wp\/v2\/product\/48877","targetHints":{"allow":["GET"]}}],"collection":[{"href":"https:\/\/www.bzsolutions.ch\/fr\/wp-json\/wp\/v2\/product"}],"about":[{"href":"https:\/\/www.bzsolutions.ch\/fr\/wp-json\/wp\/v2\/types\/product"}],"wp:featuredmedia":[{"embeddable":true,"href":"https:\/\/www.bzsolutions.ch\/fr\/wp-json\/wp\/v2\/media\/48040"}],"wp:attachment":[{"href":"https:\/\/www.bzsolutions.ch\/fr\/wp-json\/wp\/v2\/media?parent=48877"}],"wp:term":[{"taxonomy":"product_brand","embeddable":true,"href":"https:\/\/www.bzsolutions.ch\/fr\/wp-json\/wp\/v2\/product_brand?post=48877"},{"taxonomy":"product_cat","embeddable":true,"href":"https:\/\/www.bzsolutions.ch\/fr\/wp-json\/wp\/v2\/product_cat?post=48877"},{"taxonomy":"product_tag","embeddable":true,"href":"https:\/\/www.bzsolutions.ch\/fr\/wp-json\/wp\/v2\/product_tag?post=48877"}],"curies":[{"name":"wp","href":"https:\/\/api.w.org\/{rel}","templated":true}]}}