{"id":48881,"date":"2024-04-05T07:59:56","date_gmt":"2024-04-05T05:59:56","guid":{"rendered":"https:\/\/www.bzsolutions.ch\/produkt\/air250-bras-curl\/"},"modified":"2024-04-05T07:59:56","modified_gmt":"2024-04-05T05:59:56","slug":"air250-bras-curl","status":"publish","type":"product","link":"https:\/\/www.bzsolutions.ch\/fr\/produkt\/air250-bras-curl\/","title":{"rendered":"Air250 Bras Curl"},"content":{"rendered":"<p>Les poign\u00e9es offrent la possibilit\u00e9 de faire du Hammer Curl, ce qui permet de travailler encore plus les avant-bras. Des coussins tr\u00e8s \u00e9pais aux points de pression et un si\u00e8ge enti\u00e8rement r\u00e9glable assurent le confort pendant l&#8217;entra\u00eenement. La r\u00e9sistance douce de la machine \u00e0 fl\u00e9chir les bras A250 vous permet de d\u00e9velopper vos biceps d&#8217;une mani\u00e8re plus s\u00fbre. Elle permet de positionner facilement le coude pour l&#8217;aligner avec le point de pivot du bras d&#8217;exercice, tandis que les poign\u00e9es s&#8217;adaptent automatiquement \u00e0 la longueur de votre avant-bras. Le contr\u00f4le de la r\u00e9sistance par bouton du pouce dans chaque poign\u00e9e vous donne un contr\u00f4le total sur votre r\u00e9sistance, ce qui vous permet de vous entra\u00eener de mani\u00e8re pyramidale et d&#8217;effectuer des surcharges excentriques. Elle est parfaite pour les personnes de tous niveaux de condition physique, des adultes plus \u00e2g\u00e9s aux athl\u00e8tes d&#8217;\u00e9lite.<\/p>\n","protected":false},"excerpt":{"rendered":"<p>Le Arm Curl 250 offre une prise simple et anatomiquement correcte sur les poign\u00e9es de maintien incurv\u00e9es. Cela permet de faire travailler les biceps tout en prot\u00e9geant les poignets et les coudes des blessures.<\/p>\n","protected":false},"featured_media":48034,"template":"","meta":{"inline_featured_image":false},"product_brand":[],"product_cat":[814,804,1131,815],"product_tag":[1134,816],"class_list":{"0":"post-48881","1":"product","2":"type-product","3":"status-publish","4":"has-post-thumbnail","6":"product_cat-appareils-de-musculation","7":"product_cat-fournisseur","8":"product_cat-keiser-fr","9":"product_cat-station-de-musculation","10":"product_tag-entrainement-de-la-force","11":"product_tag-station-de-musculation","12":"pa_breite-25-635-mm-fr","13":"pa_gewicht-110-lbs-50-kg-fr","14":"pa_hoehe-38-965-mm-fr","15":"pa_laenge-50-1270-mm-fr","17":"first","18":"instock","19":"product-type-simple"},"yoast_head":"<!-- This site is optimized with the Yoast SEO plugin v23.8 - https:\/\/yoast.com\/wordpress\/plugins\/seo\/ -->\n<title>Air250 Bras Curl - BZ Solutions<\/title>\n<meta name=\"robots\" content=\"index, follow, max-snippet:-1, max-image-preview:large, max-video-preview:-1\" \/>\n<link rel=\"canonical\" href=\"https:\/\/www.bzsolutions.ch\/fr\/produkt\/air250-bras-curl\/\" \/>\n<meta property=\"og:locale\" content=\"fr_FR\" \/>\n<meta property=\"og:type\" content=\"article\" \/>\n<meta property=\"og:title\" content=\"Air250 Bras Curl - BZ Solutions\" \/>\n<meta property=\"og:description\" content=\"Le Arm Curl 250 offre une prise simple et anatomiquement correcte sur les poign\u00e9es de maintien incurv\u00e9es. Cela permet de faire travailler les biceps tout en prot\u00e9geant les poignets et les coudes des blessures.\" \/>\n<meta property=\"og:url\" content=\"https:\/\/www.bzsolutions.ch\/fr\/produkt\/air250-bras-curl\/\" \/>\n<meta property=\"og:site_name\" content=\"BZ Solutions\" \/>\n<meta property=\"og:image\" content=\"https:\/\/www.bzsolutions.ch\/wp-content\/uploads\/2024\/04\/A250-Arm-Curl-met-witte-achtergrond.png\" \/>\n\t<meta property=\"og:image:width\" content=\"1000\" \/>\n\t<meta property=\"og:image:height\" content=\"1000\" \/>\n\t<meta property=\"og:image:type\" content=\"image\/png\" \/>\n<meta name=\"twitter:card\" content=\"summary_large_image\" \/>\n<meta name=\"twitter:label1\" content=\"Dur\u00e9e de lecture estim\u00e9e\" \/>\n\t<meta name=\"twitter:data1\" content=\"1 minute\" \/>\n<script type=\"application\/ld+json\" class=\"yoast-schema-graph\">{\"@context\":\"https:\/\/schema.org\",\"@graph\":[{\"@type\":\"WebPage\",\"@id\":\"https:\/\/www.bzsolutions.ch\/fr\/produkt\/air250-bras-curl\/\",\"url\":\"https:\/\/www.bzsolutions.ch\/fr\/produkt\/air250-bras-curl\/\",\"name\":\"Air250 Bras Curl - BZ Solutions\",\"isPartOf\":{\"@id\":\"https:\/\/www.bzsolutions.ch\/fr\/#website\"},\"primaryImageOfPage\":{\"@id\":\"https:\/\/www.bzsolutions.ch\/fr\/produkt\/air250-bras-curl\/#primaryimage\"},\"image\":{\"@id\":\"https:\/\/www.bzsolutions.ch\/fr\/produkt\/air250-bras-curl\/#primaryimage\"},\"thumbnailUrl\":\"https:\/\/www.bzsolutions.ch\/wp-content\/uploads\/2024\/04\/A250-Arm-Curl-met-witte-achtergrond.png\",\"datePublished\":\"2024-04-05T05:59:56+00:00\",\"dateModified\":\"2024-04-05T05:59:56+00:00\",\"breadcrumb\":{\"@id\":\"https:\/\/www.bzsolutions.ch\/fr\/produkt\/air250-bras-curl\/#breadcrumb\"},\"inLanguage\":\"fr-FR\",\"potentialAction\":[{\"@type\":\"ReadAction\",\"target\":[\"https:\/\/www.bzsolutions.ch\/fr\/produkt\/air250-bras-curl\/\"]}]},{\"@type\":\"ImageObject\",\"inLanguage\":\"fr-FR\",\"@id\":\"https:\/\/www.bzsolutions.ch\/fr\/produkt\/air250-bras-curl\/#primaryimage\",\"url\":\"https:\/\/www.bzsolutions.ch\/wp-content\/uploads\/2024\/04\/A250-Arm-Curl-met-witte-achtergrond.png\",\"contentUrl\":\"https:\/\/www.bzsolutions.ch\/wp-content\/uploads\/2024\/04\/A250-Arm-Curl-met-witte-achtergrond.png\",\"width\":1000,\"height\":1000},{\"@type\":\"BreadcrumbList\",\"@id\":\"https:\/\/www.bzsolutions.ch\/fr\/produkt\/air250-bras-curl\/#breadcrumb\",\"itemListElement\":[{\"@type\":\"ListItem\",\"position\":1,\"name\":\"Startseite\",\"item\":\"https:\/\/www.bzsolutions.ch\/fr\/\"},{\"@type\":\"ListItem\",\"position\":2,\"name\":\"Shop\",\"item\":\"https:\/\/www.bzsolutions.ch\/shop\/\"},{\"@type\":\"ListItem\",\"position\":3,\"name\":\"Air250 Bras Curl\"}]},{\"@type\":\"WebSite\",\"@id\":\"https:\/\/www.bzsolutions.ch\/fr\/#website\",\"url\":\"https:\/\/www.bzsolutions.ch\/fr\/\",\"name\":\"BZ Solutions\",\"description\":\"Total Fitness Solutions\",\"publisher\":{\"@id\":\"https:\/\/www.bzsolutions.ch\/fr\/#organization\"},\"potentialAction\":[{\"@type\":\"SearchAction\",\"target\":{\"@type\":\"EntryPoint\",\"urlTemplate\":\"https:\/\/www.bzsolutions.ch\/fr\/?s={search_term_string}\"},\"query-input\":{\"@type\":\"PropertyValueSpecification\",\"valueRequired\":true,\"valueName\":\"search_term_string\"}}],\"inLanguage\":\"fr-FR\"},{\"@type\":\"Organization\",\"@id\":\"https:\/\/www.bzsolutions.ch\/fr\/#organization\",\"name\":\"BZ Solutions\",\"url\":\"https:\/\/www.bzsolutions.ch\/fr\/\",\"logo\":{\"@type\":\"ImageObject\",\"inLanguage\":\"fr-FR\",\"@id\":\"https:\/\/www.bzsolutions.ch\/fr\/#\/schema\/logo\/image\/\",\"url\":\"https:\/\/www.bzsolutions.ch\/wp-content\/uploads\/2024\/03\/logo_bz-solutions.png\",\"contentUrl\":\"https:\/\/www.bzsolutions.ch\/wp-content\/uploads\/2024\/03\/logo_bz-solutions.png\",\"width\":600,\"height\":136,\"caption\":\"BZ Solutions\"},\"image\":{\"@id\":\"https:\/\/www.bzsolutions.ch\/fr\/#\/schema\/logo\/image\/\"}}]}<\/script>\n<!-- \/ Yoast SEO plugin. -->","yoast_head_json":{"title":"Air250 Bras Curl - BZ Solutions","robots":{"index":"index","follow":"follow","max-snippet":"max-snippet:-1","max-image-preview":"max-image-preview:large","max-video-preview":"max-video-preview:-1"},"canonical":"https:\/\/www.bzsolutions.ch\/fr\/produkt\/air250-bras-curl\/","og_locale":"fr_FR","og_type":"article","og_title":"Air250 Bras Curl - BZ Solutions","og_description":"Le Arm Curl 250 offre une prise simple et anatomiquement correcte sur les poign\u00e9es de maintien incurv\u00e9es. Cela permet de faire travailler les biceps tout en prot\u00e9geant les poignets et les coudes des blessures.","og_url":"https:\/\/www.bzsolutions.ch\/fr\/produkt\/air250-bras-curl\/","og_site_name":"BZ Solutions","og_image":[{"width":1000,"height":1000,"url":"https:\/\/www.bzsolutions.ch\/wp-content\/uploads\/2024\/04\/A250-Arm-Curl-met-witte-achtergrond.png","type":"image\/png"}],"twitter_card":"summary_large_image","twitter_misc":{"Dur\u00e9e de lecture estim\u00e9e":"1 minute"},"schema":{"@context":"https:\/\/schema.org","@graph":[{"@type":"WebPage","@id":"https:\/\/www.bzsolutions.ch\/fr\/produkt\/air250-bras-curl\/","url":"https:\/\/www.bzsolutions.ch\/fr\/produkt\/air250-bras-curl\/","name":"Air250 Bras Curl - BZ Solutions","isPartOf":{"@id":"https:\/\/www.bzsolutions.ch\/fr\/#website"},"primaryImageOfPage":{"@id":"https:\/\/www.bzsolutions.ch\/fr\/produkt\/air250-bras-curl\/#primaryimage"},"image":{"@id":"https:\/\/www.bzsolutions.ch\/fr\/produkt\/air250-bras-curl\/#primaryimage"},"thumbnailUrl":"https:\/\/www.bzsolutions.ch\/wp-content\/uploads\/2024\/04\/A250-Arm-Curl-met-witte-achtergrond.png","datePublished":"2024-04-05T05:59:56+00:00","dateModified":"2024-04-05T05:59:56+00:00","breadcrumb":{"@id":"https:\/\/www.bzsolutions.ch\/fr\/produkt\/air250-bras-curl\/#breadcrumb"},"inLanguage":"fr-FR","potentialAction":[{"@type":"ReadAction","target":["https:\/\/www.bzsolutions.ch\/fr\/produkt\/air250-bras-curl\/"]}]},{"@type":"ImageObject","inLanguage":"fr-FR","@id":"https:\/\/www.bzsolutions.ch\/fr\/produkt\/air250-bras-curl\/#primaryimage","url":"https:\/\/www.bzsolutions.ch\/wp-content\/uploads\/2024\/04\/A250-Arm-Curl-met-witte-achtergrond.png","contentUrl":"https:\/\/www.bzsolutions.ch\/wp-content\/uploads\/2024\/04\/A250-Arm-Curl-met-witte-achtergrond.png","width":1000,"height":1000},{"@type":"BreadcrumbList","@id":"https:\/\/www.bzsolutions.ch\/fr\/produkt\/air250-bras-curl\/#breadcrumb","itemListElement":[{"@type":"ListItem","position":1,"name":"Startseite","item":"https:\/\/www.bzsolutions.ch\/fr\/"},{"@type":"ListItem","position":2,"name":"Shop","item":"https:\/\/www.bzsolutions.ch\/shop\/"},{"@type":"ListItem","position":3,"name":"Air250 Bras Curl"}]},{"@type":"WebSite","@id":"https:\/\/www.bzsolutions.ch\/fr\/#website","url":"https:\/\/www.bzsolutions.ch\/fr\/","name":"BZ Solutions","description":"Total Fitness Solutions","publisher":{"@id":"https:\/\/www.bzsolutions.ch\/fr\/#organization"},"potentialAction":[{"@type":"SearchAction","target":{"@type":"EntryPoint","urlTemplate":"https:\/\/www.bzsolutions.ch\/fr\/?s={search_term_string}"},"query-input":{"@type":"PropertyValueSpecification","valueRequired":true,"valueName":"search_term_string"}}],"inLanguage":"fr-FR"},{"@type":"Organization","@id":"https:\/\/www.bzsolutions.ch\/fr\/#organization","name":"BZ Solutions","url":"https:\/\/www.bzsolutions.ch\/fr\/","logo":{"@type":"ImageObject","inLanguage":"fr-FR","@id":"https:\/\/www.bzsolutions.ch\/fr\/#\/schema\/logo\/image\/","url":"https:\/\/www.bzsolutions.ch\/wp-content\/uploads\/2024\/03\/logo_bz-solutions.png","contentUrl":"https:\/\/www.bzsolutions.ch\/wp-content\/uploads\/2024\/03\/logo_bz-solutions.png","width":600,"height":136,"caption":"BZ Solutions"},"image":{"@id":"https:\/\/www.bzsolutions.ch\/fr\/#\/schema\/logo\/image\/"}}]}},"_links":{"self":[{"href":"https:\/\/www.bzsolutions.ch\/fr\/wp-json\/wp\/v2\/product\/48881","targetHints":{"allow":["GET"]}}],"collection":[{"href":"https:\/\/www.bzsolutions.ch\/fr\/wp-json\/wp\/v2\/product"}],"about":[{"href":"https:\/\/www.bzsolutions.ch\/fr\/wp-json\/wp\/v2\/types\/product"}],"wp:featuredmedia":[{"embeddable":true,"href":"https:\/\/www.bzsolutions.ch\/fr\/wp-json\/wp\/v2\/media\/48034"}],"wp:attachment":[{"href":"https:\/\/www.bzsolutions.ch\/fr\/wp-json\/wp\/v2\/media?parent=48881"}],"wp:term":[{"taxonomy":"product_brand","embeddable":true,"href":"https:\/\/www.bzsolutions.ch\/fr\/wp-json\/wp\/v2\/product_brand?post=48881"},{"taxonomy":"product_cat","embeddable":true,"href":"https:\/\/www.bzsolutions.ch\/fr\/wp-json\/wp\/v2\/product_cat?post=48881"},{"taxonomy":"product_tag","embeddable":true,"href":"https:\/\/www.bzsolutions.ch\/fr\/wp-json\/wp\/v2\/product_tag?post=48881"}],"curies":[{"name":"wp","href":"https:\/\/api.w.org\/{rel}","templated":true}]}}