{"id":48884,"date":"2024-04-05T07:59:56","date_gmt":"2024-04-05T05:59:56","guid":{"rendered":"https:\/\/www.bzsolutions.ch\/produkt\/triple-entraineur\/"},"modified":"2024-04-05T07:59:56","modified_gmt":"2024-04-05T05:59:56","slug":"triple-entraineur","status":"publish","type":"product","link":"https:\/\/www.bzsolutions.ch\/fr\/produkt\/triple-entraineur\/","title":{"rendered":"Triple entra\u00eeneur"},"content":{"rendered":"<p>La s\u00e9rie Infinity de Keiser est le premier syst\u00e8me de palan au monde \u00e0 fonctionner avec de l&#8217;air comprim\u00e9. Cela vous permet de vous entra\u00eener \u00e0 la vitesse que vous souhaitez et sous presque tous les angles. L&#8217;entra\u00eenement en dehors d&#8217;un circuit ferm\u00e9 permet \u00e9galement d&#8217;am\u00e9liorer l&#8217;\u00e9quilibre et la stabilit\u00e9.Le Triple Trainer est une combinaison peu encombrante de 3 entra\u00eeneurs fonctionnels. Ainsi, un maximum de 3 personnes peuvent s&#8217;entra\u00eener simultan\u00e9ment sur une surface au sol extr\u00eamement r\u00e9duite. Les bras r\u00e9glables individuellement permettent d&#8217;effectuer presque autant d&#8217;exercices que vous le souhaitez pour l&#8217;ensemble du corps. La r\u00e9sistance peut \u00eatre modifi\u00e9e par 100 grammes ( !) en appuyant sur un bouton.<\/p>\n","protected":false},"excerpt":{"rendered":"<p>Le Triple Trainer est une combinaison peu encombrante de 3 entra\u00eeneurs fonctionnels. Ainsi, un maximum de 3 personnes peuvent s&#8217;entra\u00eener simultan\u00e9ment sur une surface au sol extr\u00eamement r\u00e9duite. Les bras r\u00e9glables individuellement permettent d&#8217;effectuer presque autant d&#8217;exercices que vous le souhaitez pour l&#8217;ensemble du corps.<\/p>\n","protected":false},"featured_media":48420,"template":"","meta":{"inline_featured_image":false},"product_brand":[],"product_cat":[814,804,1131,815],"product_tag":[1134,816],"class_list":{"0":"post-48884","1":"product","2":"type-product","3":"status-publish","4":"has-post-thumbnail","6":"product_cat-appareils-de-musculation","7":"product_cat-fournisseur","8":"product_cat-keiser-fr","9":"product_cat-station-de-musculation","10":"product_tag-entrainement-de-la-force","11":"product_tag-station-de-musculation","12":"pa_breite-104-2642-mm-fr","13":"pa_gewicht-400-lbs-181-kg-fr","14":"pa_hoehe-91-2311-mm-fr","15":"pa_laenge-57-1448-mm-fr","17":"first","18":"instock","19":"product-type-simple"},"yoast_head":"<!-- This site is optimized with the Yoast SEO plugin v23.8 - https:\/\/yoast.com\/wordpress\/plugins\/seo\/ -->\n<title>Triple entra\u00eeneur - BZ Solutions<\/title>\n<meta name=\"robots\" content=\"index, follow, max-snippet:-1, max-image-preview:large, max-video-preview:-1\" \/>\n<link rel=\"canonical\" href=\"https:\/\/www.bzsolutions.ch\/fr\/produkt\/triple-entraineur\/\" \/>\n<meta property=\"og:locale\" content=\"fr_FR\" \/>\n<meta property=\"og:type\" content=\"article\" \/>\n<meta property=\"og:title\" content=\"Triple entra\u00eeneur - BZ Solutions\" \/>\n<meta property=\"og:description\" content=\"Le Triple Trainer est une combinaison peu encombrante de 3 entra\u00eeneurs fonctionnels. Ainsi, un maximum de 3 personnes peuvent s&#039;entra\u00eener simultan\u00e9ment sur une surface au sol extr\u00eamement r\u00e9duite. Les bras r\u00e9glables individuellement permettent d&#039;effectuer presque autant d&#039;exercices que vous le souhaitez pour l&#039;ensemble du corps.\" \/>\n<meta property=\"og:url\" content=\"https:\/\/www.bzsolutions.ch\/fr\/produkt\/triple-entraineur\/\" \/>\n<meta property=\"og:site_name\" content=\"BZ Solutions\" \/>\n<meta property=\"og:image\" content=\"https:\/\/www.bzsolutions.ch\/wp-content\/uploads\/2024\/04\/3030_Triple_Trainer_Left_Three_Quarter-1024x1024.png\" \/>\n\t<meta property=\"og:image:width\" content=\"1024\" \/>\n\t<meta property=\"og:image:height\" content=\"1024\" \/>\n\t<meta property=\"og:image:type\" content=\"image\/png\" \/>\n<meta name=\"twitter:card\" content=\"summary_large_image\" \/>\n<meta name=\"twitter:label1\" content=\"Dur\u00e9e de lecture estim\u00e9e\" \/>\n\t<meta name=\"twitter:data1\" content=\"1 minute\" \/>\n<script type=\"application\/ld+json\" class=\"yoast-schema-graph\">{\"@context\":\"https:\/\/schema.org\",\"@graph\":[{\"@type\":\"WebPage\",\"@id\":\"https:\/\/www.bzsolutions.ch\/fr\/produkt\/triple-entraineur\/\",\"url\":\"https:\/\/www.bzsolutions.ch\/fr\/produkt\/triple-entraineur\/\",\"name\":\"Triple entra\u00eeneur - BZ Solutions\",\"isPartOf\":{\"@id\":\"https:\/\/www.bzsolutions.ch\/fr\/#website\"},\"primaryImageOfPage\":{\"@id\":\"https:\/\/www.bzsolutions.ch\/fr\/produkt\/triple-entraineur\/#primaryimage\"},\"image\":{\"@id\":\"https:\/\/www.bzsolutions.ch\/fr\/produkt\/triple-entraineur\/#primaryimage\"},\"thumbnailUrl\":\"https:\/\/www.bzsolutions.ch\/wp-content\/uploads\/2024\/04\/3030_Triple_Trainer_Left_Three_Quarter.png\",\"datePublished\":\"2024-04-05T05:59:56+00:00\",\"dateModified\":\"2024-04-05T05:59:56+00:00\",\"breadcrumb\":{\"@id\":\"https:\/\/www.bzsolutions.ch\/fr\/produkt\/triple-entraineur\/#breadcrumb\"},\"inLanguage\":\"fr-FR\",\"potentialAction\":[{\"@type\":\"ReadAction\",\"target\":[\"https:\/\/www.bzsolutions.ch\/fr\/produkt\/triple-entraineur\/\"]}]},{\"@type\":\"ImageObject\",\"inLanguage\":\"fr-FR\",\"@id\":\"https:\/\/www.bzsolutions.ch\/fr\/produkt\/triple-entraineur\/#primaryimage\",\"url\":\"https:\/\/www.bzsolutions.ch\/wp-content\/uploads\/2024\/04\/3030_Triple_Trainer_Left_Three_Quarter.png\",\"contentUrl\":\"https:\/\/www.bzsolutions.ch\/wp-content\/uploads\/2024\/04\/3030_Triple_Trainer_Left_Three_Quarter.png\",\"width\":3072,\"height\":3072},{\"@type\":\"BreadcrumbList\",\"@id\":\"https:\/\/www.bzsolutions.ch\/fr\/produkt\/triple-entraineur\/#breadcrumb\",\"itemListElement\":[{\"@type\":\"ListItem\",\"position\":1,\"name\":\"Startseite\",\"item\":\"https:\/\/www.bzsolutions.ch\/fr\/\"},{\"@type\":\"ListItem\",\"position\":2,\"name\":\"Shop\",\"item\":\"https:\/\/www.bzsolutions.ch\/shop\/\"},{\"@type\":\"ListItem\",\"position\":3,\"name\":\"Triple entra\u00eeneur\"}]},{\"@type\":\"WebSite\",\"@id\":\"https:\/\/www.bzsolutions.ch\/fr\/#website\",\"url\":\"https:\/\/www.bzsolutions.ch\/fr\/\",\"name\":\"BZ Solutions\",\"description\":\"Total Fitness Solutions\",\"publisher\":{\"@id\":\"https:\/\/www.bzsolutions.ch\/fr\/#organization\"},\"potentialAction\":[{\"@type\":\"SearchAction\",\"target\":{\"@type\":\"EntryPoint\",\"urlTemplate\":\"https:\/\/www.bzsolutions.ch\/fr\/?s={search_term_string}\"},\"query-input\":{\"@type\":\"PropertyValueSpecification\",\"valueRequired\":true,\"valueName\":\"search_term_string\"}}],\"inLanguage\":\"fr-FR\"},{\"@type\":\"Organization\",\"@id\":\"https:\/\/www.bzsolutions.ch\/fr\/#organization\",\"name\":\"BZ Solutions\",\"url\":\"https:\/\/www.bzsolutions.ch\/fr\/\",\"logo\":{\"@type\":\"ImageObject\",\"inLanguage\":\"fr-FR\",\"@id\":\"https:\/\/www.bzsolutions.ch\/fr\/#\/schema\/logo\/image\/\",\"url\":\"https:\/\/www.bzsolutions.ch\/wp-content\/uploads\/2024\/03\/logo_bz-solutions.png\",\"contentUrl\":\"https:\/\/www.bzsolutions.ch\/wp-content\/uploads\/2024\/03\/logo_bz-solutions.png\",\"width\":600,\"height\":136,\"caption\":\"BZ Solutions\"},\"image\":{\"@id\":\"https:\/\/www.bzsolutions.ch\/fr\/#\/schema\/logo\/image\/\"}}]}<\/script>\n<!-- \/ Yoast SEO plugin. -->","yoast_head_json":{"title":"Triple entra\u00eeneur - BZ Solutions","robots":{"index":"index","follow":"follow","max-snippet":"max-snippet:-1","max-image-preview":"max-image-preview:large","max-video-preview":"max-video-preview:-1"},"canonical":"https:\/\/www.bzsolutions.ch\/fr\/produkt\/triple-entraineur\/","og_locale":"fr_FR","og_type":"article","og_title":"Triple entra\u00eeneur - BZ Solutions","og_description":"Le Triple Trainer est une combinaison peu encombrante de 3 entra\u00eeneurs fonctionnels. Ainsi, un maximum de 3 personnes peuvent s'entra\u00eener simultan\u00e9ment sur une surface au sol extr\u00eamement r\u00e9duite. Les bras r\u00e9glables individuellement permettent d'effectuer presque autant d'exercices que vous le souhaitez pour l'ensemble du corps.","og_url":"https:\/\/www.bzsolutions.ch\/fr\/produkt\/triple-entraineur\/","og_site_name":"BZ Solutions","og_image":[{"width":1024,"height":1024,"url":"https:\/\/www.bzsolutions.ch\/wp-content\/uploads\/2024\/04\/3030_Triple_Trainer_Left_Three_Quarter-1024x1024.png","type":"image\/png"}],"twitter_card":"summary_large_image","twitter_misc":{"Dur\u00e9e de lecture estim\u00e9e":"1 minute"},"schema":{"@context":"https:\/\/schema.org","@graph":[{"@type":"WebPage","@id":"https:\/\/www.bzsolutions.ch\/fr\/produkt\/triple-entraineur\/","url":"https:\/\/www.bzsolutions.ch\/fr\/produkt\/triple-entraineur\/","name":"Triple entra\u00eeneur - BZ Solutions","isPartOf":{"@id":"https:\/\/www.bzsolutions.ch\/fr\/#website"},"primaryImageOfPage":{"@id":"https:\/\/www.bzsolutions.ch\/fr\/produkt\/triple-entraineur\/#primaryimage"},"image":{"@id":"https:\/\/www.bzsolutions.ch\/fr\/produkt\/triple-entraineur\/#primaryimage"},"thumbnailUrl":"https:\/\/www.bzsolutions.ch\/wp-content\/uploads\/2024\/04\/3030_Triple_Trainer_Left_Three_Quarter.png","datePublished":"2024-04-05T05:59:56+00:00","dateModified":"2024-04-05T05:59:56+00:00","breadcrumb":{"@id":"https:\/\/www.bzsolutions.ch\/fr\/produkt\/triple-entraineur\/#breadcrumb"},"inLanguage":"fr-FR","potentialAction":[{"@type":"ReadAction","target":["https:\/\/www.bzsolutions.ch\/fr\/produkt\/triple-entraineur\/"]}]},{"@type":"ImageObject","inLanguage":"fr-FR","@id":"https:\/\/www.bzsolutions.ch\/fr\/produkt\/triple-entraineur\/#primaryimage","url":"https:\/\/www.bzsolutions.ch\/wp-content\/uploads\/2024\/04\/3030_Triple_Trainer_Left_Three_Quarter.png","contentUrl":"https:\/\/www.bzsolutions.ch\/wp-content\/uploads\/2024\/04\/3030_Triple_Trainer_Left_Three_Quarter.png","width":3072,"height":3072},{"@type":"BreadcrumbList","@id":"https:\/\/www.bzsolutions.ch\/fr\/produkt\/triple-entraineur\/#breadcrumb","itemListElement":[{"@type":"ListItem","position":1,"name":"Startseite","item":"https:\/\/www.bzsolutions.ch\/fr\/"},{"@type":"ListItem","position":2,"name":"Shop","item":"https:\/\/www.bzsolutions.ch\/shop\/"},{"@type":"ListItem","position":3,"name":"Triple entra\u00eeneur"}]},{"@type":"WebSite","@id":"https:\/\/www.bzsolutions.ch\/fr\/#website","url":"https:\/\/www.bzsolutions.ch\/fr\/","name":"BZ Solutions","description":"Total Fitness Solutions","publisher":{"@id":"https:\/\/www.bzsolutions.ch\/fr\/#organization"},"potentialAction":[{"@type":"SearchAction","target":{"@type":"EntryPoint","urlTemplate":"https:\/\/www.bzsolutions.ch\/fr\/?s={search_term_string}"},"query-input":{"@type":"PropertyValueSpecification","valueRequired":true,"valueName":"search_term_string"}}],"inLanguage":"fr-FR"},{"@type":"Organization","@id":"https:\/\/www.bzsolutions.ch\/fr\/#organization","name":"BZ Solutions","url":"https:\/\/www.bzsolutions.ch\/fr\/","logo":{"@type":"ImageObject","inLanguage":"fr-FR","@id":"https:\/\/www.bzsolutions.ch\/fr\/#\/schema\/logo\/image\/","url":"https:\/\/www.bzsolutions.ch\/wp-content\/uploads\/2024\/03\/logo_bz-solutions.png","contentUrl":"https:\/\/www.bzsolutions.ch\/wp-content\/uploads\/2024\/03\/logo_bz-solutions.png","width":600,"height":136,"caption":"BZ Solutions"},"image":{"@id":"https:\/\/www.bzsolutions.ch\/fr\/#\/schema\/logo\/image\/"}}]}},"_links":{"self":[{"href":"https:\/\/www.bzsolutions.ch\/fr\/wp-json\/wp\/v2\/product\/48884","targetHints":{"allow":["GET"]}}],"collection":[{"href":"https:\/\/www.bzsolutions.ch\/fr\/wp-json\/wp\/v2\/product"}],"about":[{"href":"https:\/\/www.bzsolutions.ch\/fr\/wp-json\/wp\/v2\/types\/product"}],"wp:featuredmedia":[{"embeddable":true,"href":"https:\/\/www.bzsolutions.ch\/fr\/wp-json\/wp\/v2\/media\/48420"}],"wp:attachment":[{"href":"https:\/\/www.bzsolutions.ch\/fr\/wp-json\/wp\/v2\/media?parent=48884"}],"wp:term":[{"taxonomy":"product_brand","embeddable":true,"href":"https:\/\/www.bzsolutions.ch\/fr\/wp-json\/wp\/v2\/product_brand?post=48884"},{"taxonomy":"product_cat","embeddable":true,"href":"https:\/\/www.bzsolutions.ch\/fr\/wp-json\/wp\/v2\/product_cat?post=48884"},{"taxonomy":"product_tag","embeddable":true,"href":"https:\/\/www.bzsolutions.ch\/fr\/wp-json\/wp\/v2\/product_tag?post=48884"}],"curies":[{"name":"wp","href":"https:\/\/api.w.org\/{rel}","templated":true}]}}