{"id":48889,"date":"2024-04-05T07:59:56","date_gmt":"2024-04-05T05:59:56","guid":{"rendered":"https:\/\/www.bzsolutions.ch\/produkt\/keiser-m3i-studio-plus-velo-dinterieur\/"},"modified":"2024-04-05T07:59:56","modified_gmt":"2024-04-05T05:59:56","slug":"keiser-m3i-studio-plus-velo-dinterieur","status":"publish","type":"product","link":"https:\/\/www.bzsolutions.ch\/fr\/produkt\/keiser-m3i-studio-plus-velo-dinterieur\/","title":{"rendered":"KEISER M3i Studio Plus V\u00e9lo d&#8217;int\u00e9rieur"},"content":{"rendered":"<p><strong>Ride by Color\u2122<\/strong><br \/>\nRetour d&#8217;information en couleur pour le suivi des zones FTP et HF. Sur mesure pour cinq, six ou sept domaines de performance.<\/p>\n<p><strong>M\u00e9triques personnalis\u00e9es<\/strong><br \/>\nSaisissez vos donn\u00e9es pour obtenir des m\u00e9triques personnalis\u00e9es et de nouvelles fa\u00e7ons de mesurer l&#8217;intensit\u00e9.<\/p>\n<p><strong>72 all\u00e9es<\/strong><br \/>\nPlus de vitesses facilitent la recherche du niveau de r\u00e9sistance parfait.<\/p>\n<p><strong>Pas de c\u00e2bles, pas de piles<\/strong><br \/>\nLe g\u00e9n\u00e9rateur \u00e0 p\u00e9dale et le supercondensateur de Keiser fournissent du courant pendant toute une vie.<\/p>\n<p><strong>La derni\u00e8re connectivit\u00e9<\/strong><br \/>\nSe connecte aux applications et aux appareils via ANT+\u2122 et Bluetooth\u00ae CSCS, CPS et FTMS.<\/p>\n","protected":false},"excerpt":{"rendered":"<p>Le Keiser M3i Studio Bike et le M3i Studio Plus Bike sont les derniers v\u00e9los de notre gamme, avec encore plus de fonctionnalit\u00e9s que leurs pr\u00e9d\u00e9cesseurs.<\/p>\n<p>https:\/\/www.youtube.com\/watch?v=MEq7f9cMy5U<\/p>\n","protected":false},"featured_media":48026,"template":"","meta":{"inline_featured_image":false},"product_brand":[],"product_cat":[806,804,1224,1131],"product_tag":[1219,1225],"class_list":{"0":"post-48889","1":"product","2":"type-product","3":"status-publish","4":"has-post-thumbnail","6":"product_cat-appareils-dendurance","7":"product_cat-fournisseur","8":"product_cat-indoor-cycle-velo-de-vitesse","9":"product_cat-keiser-fr","10":"product_tag-entrainement-dendurance","11":"product_tag-indoor-cycle-velo-de-vitesse","13":"first","14":"instock","15":"product-type-simple"},"yoast_head":"<!-- This site is optimized with the Yoast SEO plugin v23.8 - https:\/\/yoast.com\/wordpress\/plugins\/seo\/ -->\n<title>KEISER M3i Studio Plus V\u00e9lo d&#039;int\u00e9rieur - BZ Solutions<\/title>\n<meta name=\"robots\" content=\"index, follow, max-snippet:-1, max-image-preview:large, max-video-preview:-1\" \/>\n<link rel=\"canonical\" href=\"https:\/\/www.bzsolutions.ch\/fr\/produkt\/keiser-m3i-studio-plus-velo-dinterieur\/\" \/>\n<meta property=\"og:locale\" content=\"fr_FR\" \/>\n<meta property=\"og:type\" content=\"article\" \/>\n<meta property=\"og:title\" content=\"KEISER M3i Studio Plus V\u00e9lo d&#039;int\u00e9rieur - BZ Solutions\" \/>\n<meta property=\"og:description\" content=\"Le Keiser M3i Studio Bike et le M3i Studio Plus Bike sont les derniers v\u00e9los de notre gamme, avec encore plus de fonctionnalit\u00e9s que leurs pr\u00e9d\u00e9cesseurs. https:\/\/www.youtube.com\/watch?v=MEq7f9cMy5U\" \/>\n<meta property=\"og:url\" content=\"https:\/\/www.bzsolutions.ch\/fr\/produkt\/keiser-m3i-studio-plus-velo-dinterieur\/\" \/>\n<meta property=\"og:site_name\" content=\"BZ Solutions\" \/>\n<meta property=\"og:image\" content=\"https:\/\/www.bzsolutions.ch\/wp-content\/uploads\/2024\/04\/Studio-Plus-met-scherm.jpg\" \/>\n\t<meta property=\"og:image:width\" content=\"1004\" \/>\n\t<meta property=\"og:image:height\" content=\"1004\" \/>\n\t<meta property=\"og:image:type\" content=\"image\/jpeg\" \/>\n<meta name=\"twitter:card\" content=\"summary_large_image\" \/>\n<meta name=\"twitter:label1\" content=\"Dur\u00e9e de lecture estim\u00e9e\" \/>\n\t<meta name=\"twitter:data1\" content=\"1 minute\" \/>\n<script type=\"application\/ld+json\" class=\"yoast-schema-graph\">{\"@context\":\"https:\/\/schema.org\",\"@graph\":[{\"@type\":\"WebPage\",\"@id\":\"https:\/\/www.bzsolutions.ch\/fr\/produkt\/keiser-m3i-studio-plus-velo-dinterieur\/\",\"url\":\"https:\/\/www.bzsolutions.ch\/fr\/produkt\/keiser-m3i-studio-plus-velo-dinterieur\/\",\"name\":\"KEISER M3i Studio Plus V\u00e9lo d'int\u00e9rieur - BZ Solutions\",\"isPartOf\":{\"@id\":\"https:\/\/www.bzsolutions.ch\/fr\/#website\"},\"primaryImageOfPage\":{\"@id\":\"https:\/\/www.bzsolutions.ch\/fr\/produkt\/keiser-m3i-studio-plus-velo-dinterieur\/#primaryimage\"},\"image\":{\"@id\":\"https:\/\/www.bzsolutions.ch\/fr\/produkt\/keiser-m3i-studio-plus-velo-dinterieur\/#primaryimage\"},\"thumbnailUrl\":\"https:\/\/www.bzsolutions.ch\/wp-content\/uploads\/2024\/04\/Studio-Plus-met-scherm.jpg\",\"datePublished\":\"2024-04-05T05:59:56+00:00\",\"dateModified\":\"2024-04-05T05:59:56+00:00\",\"breadcrumb\":{\"@id\":\"https:\/\/www.bzsolutions.ch\/fr\/produkt\/keiser-m3i-studio-plus-velo-dinterieur\/#breadcrumb\"},\"inLanguage\":\"fr-FR\",\"potentialAction\":[{\"@type\":\"ReadAction\",\"target\":[\"https:\/\/www.bzsolutions.ch\/fr\/produkt\/keiser-m3i-studio-plus-velo-dinterieur\/\"]}]},{\"@type\":\"ImageObject\",\"inLanguage\":\"fr-FR\",\"@id\":\"https:\/\/www.bzsolutions.ch\/fr\/produkt\/keiser-m3i-studio-plus-velo-dinterieur\/#primaryimage\",\"url\":\"https:\/\/www.bzsolutions.ch\/wp-content\/uploads\/2024\/04\/Studio-Plus-met-scherm.jpg\",\"contentUrl\":\"https:\/\/www.bzsolutions.ch\/wp-content\/uploads\/2024\/04\/Studio-Plus-met-scherm.jpg\",\"width\":1004,\"height\":1004},{\"@type\":\"BreadcrumbList\",\"@id\":\"https:\/\/www.bzsolutions.ch\/fr\/produkt\/keiser-m3i-studio-plus-velo-dinterieur\/#breadcrumb\",\"itemListElement\":[{\"@type\":\"ListItem\",\"position\":1,\"name\":\"Startseite\",\"item\":\"https:\/\/www.bzsolutions.ch\/fr\/\"},{\"@type\":\"ListItem\",\"position\":2,\"name\":\"Shop\",\"item\":\"https:\/\/www.bzsolutions.ch\/shop\/\"},{\"@type\":\"ListItem\",\"position\":3,\"name\":\"KEISER M3i Studio Plus V\u00e9lo d&#8217;int\u00e9rieur\"}]},{\"@type\":\"WebSite\",\"@id\":\"https:\/\/www.bzsolutions.ch\/fr\/#website\",\"url\":\"https:\/\/www.bzsolutions.ch\/fr\/\",\"name\":\"BZ Solutions\",\"description\":\"Total Fitness Solutions\",\"publisher\":{\"@id\":\"https:\/\/www.bzsolutions.ch\/fr\/#organization\"},\"potentialAction\":[{\"@type\":\"SearchAction\",\"target\":{\"@type\":\"EntryPoint\",\"urlTemplate\":\"https:\/\/www.bzsolutions.ch\/fr\/?s={search_term_string}\"},\"query-input\":{\"@type\":\"PropertyValueSpecification\",\"valueRequired\":true,\"valueName\":\"search_term_string\"}}],\"inLanguage\":\"fr-FR\"},{\"@type\":\"Organization\",\"@id\":\"https:\/\/www.bzsolutions.ch\/fr\/#organization\",\"name\":\"BZ Solutions\",\"url\":\"https:\/\/www.bzsolutions.ch\/fr\/\",\"logo\":{\"@type\":\"ImageObject\",\"inLanguage\":\"fr-FR\",\"@id\":\"https:\/\/www.bzsolutions.ch\/fr\/#\/schema\/logo\/image\/\",\"url\":\"https:\/\/www.bzsolutions.ch\/wp-content\/uploads\/2024\/03\/logo_bz-solutions.png\",\"contentUrl\":\"https:\/\/www.bzsolutions.ch\/wp-content\/uploads\/2024\/03\/logo_bz-solutions.png\",\"width\":600,\"height\":136,\"caption\":\"BZ Solutions\"},\"image\":{\"@id\":\"https:\/\/www.bzsolutions.ch\/fr\/#\/schema\/logo\/image\/\"}}]}<\/script>\n<!-- \/ Yoast SEO plugin. -->","yoast_head_json":{"title":"KEISER M3i Studio Plus V\u00e9lo d'int\u00e9rieur - BZ Solutions","robots":{"index":"index","follow":"follow","max-snippet":"max-snippet:-1","max-image-preview":"max-image-preview:large","max-video-preview":"max-video-preview:-1"},"canonical":"https:\/\/www.bzsolutions.ch\/fr\/produkt\/keiser-m3i-studio-plus-velo-dinterieur\/","og_locale":"fr_FR","og_type":"article","og_title":"KEISER M3i Studio Plus V\u00e9lo d'int\u00e9rieur - BZ Solutions","og_description":"Le Keiser M3i Studio Bike et le M3i Studio Plus Bike sont les derniers v\u00e9los de notre gamme, avec encore plus de fonctionnalit\u00e9s que leurs pr\u00e9d\u00e9cesseurs. https:\/\/www.youtube.com\/watch?v=MEq7f9cMy5U","og_url":"https:\/\/www.bzsolutions.ch\/fr\/produkt\/keiser-m3i-studio-plus-velo-dinterieur\/","og_site_name":"BZ Solutions","og_image":[{"width":1004,"height":1004,"url":"https:\/\/www.bzsolutions.ch\/wp-content\/uploads\/2024\/04\/Studio-Plus-met-scherm.jpg","type":"image\/jpeg"}],"twitter_card":"summary_large_image","twitter_misc":{"Dur\u00e9e de lecture estim\u00e9e":"1 minute"},"schema":{"@context":"https:\/\/schema.org","@graph":[{"@type":"WebPage","@id":"https:\/\/www.bzsolutions.ch\/fr\/produkt\/keiser-m3i-studio-plus-velo-dinterieur\/","url":"https:\/\/www.bzsolutions.ch\/fr\/produkt\/keiser-m3i-studio-plus-velo-dinterieur\/","name":"KEISER M3i Studio Plus V\u00e9lo d'int\u00e9rieur - BZ Solutions","isPartOf":{"@id":"https:\/\/www.bzsolutions.ch\/fr\/#website"},"primaryImageOfPage":{"@id":"https:\/\/www.bzsolutions.ch\/fr\/produkt\/keiser-m3i-studio-plus-velo-dinterieur\/#primaryimage"},"image":{"@id":"https:\/\/www.bzsolutions.ch\/fr\/produkt\/keiser-m3i-studio-plus-velo-dinterieur\/#primaryimage"},"thumbnailUrl":"https:\/\/www.bzsolutions.ch\/wp-content\/uploads\/2024\/04\/Studio-Plus-met-scherm.jpg","datePublished":"2024-04-05T05:59:56+00:00","dateModified":"2024-04-05T05:59:56+00:00","breadcrumb":{"@id":"https:\/\/www.bzsolutions.ch\/fr\/produkt\/keiser-m3i-studio-plus-velo-dinterieur\/#breadcrumb"},"inLanguage":"fr-FR","potentialAction":[{"@type":"ReadAction","target":["https:\/\/www.bzsolutions.ch\/fr\/produkt\/keiser-m3i-studio-plus-velo-dinterieur\/"]}]},{"@type":"ImageObject","inLanguage":"fr-FR","@id":"https:\/\/www.bzsolutions.ch\/fr\/produkt\/keiser-m3i-studio-plus-velo-dinterieur\/#primaryimage","url":"https:\/\/www.bzsolutions.ch\/wp-content\/uploads\/2024\/04\/Studio-Plus-met-scherm.jpg","contentUrl":"https:\/\/www.bzsolutions.ch\/wp-content\/uploads\/2024\/04\/Studio-Plus-met-scherm.jpg","width":1004,"height":1004},{"@type":"BreadcrumbList","@id":"https:\/\/www.bzsolutions.ch\/fr\/produkt\/keiser-m3i-studio-plus-velo-dinterieur\/#breadcrumb","itemListElement":[{"@type":"ListItem","position":1,"name":"Startseite","item":"https:\/\/www.bzsolutions.ch\/fr\/"},{"@type":"ListItem","position":2,"name":"Shop","item":"https:\/\/www.bzsolutions.ch\/shop\/"},{"@type":"ListItem","position":3,"name":"KEISER M3i Studio Plus V\u00e9lo d&#8217;int\u00e9rieur"}]},{"@type":"WebSite","@id":"https:\/\/www.bzsolutions.ch\/fr\/#website","url":"https:\/\/www.bzsolutions.ch\/fr\/","name":"BZ Solutions","description":"Total Fitness Solutions","publisher":{"@id":"https:\/\/www.bzsolutions.ch\/fr\/#organization"},"potentialAction":[{"@type":"SearchAction","target":{"@type":"EntryPoint","urlTemplate":"https:\/\/www.bzsolutions.ch\/fr\/?s={search_term_string}"},"query-input":{"@type":"PropertyValueSpecification","valueRequired":true,"valueName":"search_term_string"}}],"inLanguage":"fr-FR"},{"@type":"Organization","@id":"https:\/\/www.bzsolutions.ch\/fr\/#organization","name":"BZ Solutions","url":"https:\/\/www.bzsolutions.ch\/fr\/","logo":{"@type":"ImageObject","inLanguage":"fr-FR","@id":"https:\/\/www.bzsolutions.ch\/fr\/#\/schema\/logo\/image\/","url":"https:\/\/www.bzsolutions.ch\/wp-content\/uploads\/2024\/03\/logo_bz-solutions.png","contentUrl":"https:\/\/www.bzsolutions.ch\/wp-content\/uploads\/2024\/03\/logo_bz-solutions.png","width":600,"height":136,"caption":"BZ Solutions"},"image":{"@id":"https:\/\/www.bzsolutions.ch\/fr\/#\/schema\/logo\/image\/"}}]}},"_links":{"self":[{"href":"https:\/\/www.bzsolutions.ch\/fr\/wp-json\/wp\/v2\/product\/48889","targetHints":{"allow":["GET"]}}],"collection":[{"href":"https:\/\/www.bzsolutions.ch\/fr\/wp-json\/wp\/v2\/product"}],"about":[{"href":"https:\/\/www.bzsolutions.ch\/fr\/wp-json\/wp\/v2\/types\/product"}],"wp:featuredmedia":[{"embeddable":true,"href":"https:\/\/www.bzsolutions.ch\/fr\/wp-json\/wp\/v2\/media\/48026"}],"wp:attachment":[{"href":"https:\/\/www.bzsolutions.ch\/fr\/wp-json\/wp\/v2\/media?parent=48889"}],"wp:term":[{"taxonomy":"product_brand","embeddable":true,"href":"https:\/\/www.bzsolutions.ch\/fr\/wp-json\/wp\/v2\/product_brand?post=48889"},{"taxonomy":"product_cat","embeddable":true,"href":"https:\/\/www.bzsolutions.ch\/fr\/wp-json\/wp\/v2\/product_cat?post=48889"},{"taxonomy":"product_tag","embeddable":true,"href":"https:\/\/www.bzsolutions.ch\/fr\/wp-json\/wp\/v2\/product_tag?post=48889"}],"curies":[{"name":"wp","href":"https:\/\/api.w.org\/{rel}","templated":true}]}}