{"id":48892,"date":"2024-04-05T07:59:56","date_gmt":"2024-04-05T05:59:56","guid":{"rendered":"https:\/\/www.bzsolutions.ch\/produkt\/chaise-a-roulettes-m7i-accessible-total-body-trainer\/"},"modified":"2024-04-05T07:59:56","modified_gmt":"2024-04-05T05:59:56","slug":"chaise-a-roulettes-m7i-accessible-total-body-trainer","status":"publish","type":"product","link":"https:\/\/www.bzsolutions.ch\/fr\/produkt\/chaise-a-roulettes-m7i-accessible-total-body-trainer\/","title":{"rendered":"Chaise \u00e0 roulettes M7i-Accessible Total Body Trainer"},"content":{"rendered":"<p>Le Total Body Trainer est con\u00e7u pour \u00eatre utilis\u00e9 facilement avec n&#8217;importe quel appareil de mobilit\u00e9 ou si\u00e8ge standard. Cette inclusivit\u00e9 et cette polyvalence in\u00e9gal\u00e9es en font la machine id\u00e9ale pour r\u00e9pondre aux besoins de la physioth\u00e9rapie sp\u00e9cialis\u00e9e pour TOUS les utilisateurs, des patients en r\u00e9\u00e9ducation cardiaque aux personnes \u00e2g\u00e9es en passant par les personnes handicap\u00e9es. &#8211; Technologie sans fil Bluetooth : les informations affich\u00e9es \u00e0 l&#8217;\u00e9cran peuvent \u00eatre partag\u00e9es sans fil avec un smartphone, une tablette ou un ordinateur.<\/p>\n","protected":false},"excerpt":{"rendered":"<p>Comme le succ\u00e8s commence par l&#8217;acc\u00e8s, le Keiser M7i est accessible aux personnes en fauteuil roulant.<\/p>\n<p>https:\/\/www.youtube.com\/watch?v=KADKK6LfuoE<\/p>\n","protected":false},"featured_media":48401,"template":"","meta":{"inline_featured_image":false},"product_brand":[],"product_cat":[814,804,1131,815],"product_tag":[1220,1219],"class_list":{"0":"post-48892","1":"product","2":"type-product","3":"status-publish","4":"has-post-thumbnail","6":"product_cat-appareils-de-musculation","7":"product_cat-fournisseur","8":"product_cat-keiser-fr","9":"product_cat-station-de-musculation","10":"product_tag-body-trainer-fr","11":"product_tag-entrainement-dendurance","12":"pa_breite-27-75-704-85-mm-fr","13":"pa_gewicht-150-lbs-38-56-kg-fr","14":"pa_hoehe-44-75-113-60-mm-fr","15":"pa_laenge-48-5-1231-90-mm-fr","17":"first","18":"instock","19":"product-type-simple"},"yoast_head":"<!-- This site is optimized with the Yoast SEO plugin v23.8 - https:\/\/yoast.com\/wordpress\/plugins\/seo\/ -->\n<title>Chaise \u00e0 roulettes M7i-Accessible Total Body Trainer - BZ Solutions<\/title>\n<meta name=\"robots\" content=\"index, follow, max-snippet:-1, max-image-preview:large, max-video-preview:-1\" \/>\n<link rel=\"canonical\" href=\"https:\/\/www.bzsolutions.ch\/fr\/produkt\/chaise-a-roulettes-m7i-accessible-total-body-trainer\/\" \/>\n<meta property=\"og:locale\" content=\"fr_FR\" \/>\n<meta property=\"og:type\" content=\"article\" \/>\n<meta property=\"og:title\" content=\"Chaise \u00e0 roulettes M7i-Accessible Total Body Trainer - BZ Solutions\" \/>\n<meta property=\"og:description\" content=\"Comme le succ\u00e8s commence par l&#039;acc\u00e8s, le Keiser M7i est accessible aux personnes en fauteuil roulant. https:\/\/www.youtube.com\/watch?v=KADKK6LfuoE\" \/>\n<meta property=\"og:url\" content=\"https:\/\/www.bzsolutions.ch\/fr\/produkt\/chaise-a-roulettes-m7i-accessible-total-body-trainer\/\" \/>\n<meta property=\"og:site_name\" content=\"BZ Solutions\" \/>\n<meta property=\"og:image\" content=\"https:\/\/www.bzsolutions.ch\/wp-content\/uploads\/2024\/04\/5200_M7i_Tbws_Left_Three_Quarter-1024x1024.png\" \/>\n\t<meta property=\"og:image:width\" content=\"1024\" \/>\n\t<meta property=\"og:image:height\" content=\"1024\" \/>\n\t<meta property=\"og:image:type\" content=\"image\/png\" \/>\n<meta name=\"twitter:card\" content=\"summary_large_image\" \/>\n<script type=\"application\/ld+json\" class=\"yoast-schema-graph\">{\"@context\":\"https:\/\/schema.org\",\"@graph\":[{\"@type\":\"WebPage\",\"@id\":\"https:\/\/www.bzsolutions.ch\/fr\/produkt\/chaise-a-roulettes-m7i-accessible-total-body-trainer\/\",\"url\":\"https:\/\/www.bzsolutions.ch\/fr\/produkt\/chaise-a-roulettes-m7i-accessible-total-body-trainer\/\",\"name\":\"Chaise \u00e0 roulettes M7i-Accessible Total Body Trainer - BZ Solutions\",\"isPartOf\":{\"@id\":\"https:\/\/www.bzsolutions.ch\/fr\/#website\"},\"primaryImageOfPage\":{\"@id\":\"https:\/\/www.bzsolutions.ch\/fr\/produkt\/chaise-a-roulettes-m7i-accessible-total-body-trainer\/#primaryimage\"},\"image\":{\"@id\":\"https:\/\/www.bzsolutions.ch\/fr\/produkt\/chaise-a-roulettes-m7i-accessible-total-body-trainer\/#primaryimage\"},\"thumbnailUrl\":\"https:\/\/www.bzsolutions.ch\/wp-content\/uploads\/2024\/04\/5200_M7i_Tbws_Left_Three_Quarter.png\",\"datePublished\":\"2024-04-05T05:59:56+00:00\",\"dateModified\":\"2024-04-05T05:59:56+00:00\",\"breadcrumb\":{\"@id\":\"https:\/\/www.bzsolutions.ch\/fr\/produkt\/chaise-a-roulettes-m7i-accessible-total-body-trainer\/#breadcrumb\"},\"inLanguage\":\"fr-FR\",\"potentialAction\":[{\"@type\":\"ReadAction\",\"target\":[\"https:\/\/www.bzsolutions.ch\/fr\/produkt\/chaise-a-roulettes-m7i-accessible-total-body-trainer\/\"]}]},{\"@type\":\"ImageObject\",\"inLanguage\":\"fr-FR\",\"@id\":\"https:\/\/www.bzsolutions.ch\/fr\/produkt\/chaise-a-roulettes-m7i-accessible-total-body-trainer\/#primaryimage\",\"url\":\"https:\/\/www.bzsolutions.ch\/wp-content\/uploads\/2024\/04\/5200_M7i_Tbws_Left_Three_Quarter.png\",\"contentUrl\":\"https:\/\/www.bzsolutions.ch\/wp-content\/uploads\/2024\/04\/5200_M7i_Tbws_Left_Three_Quarter.png\",\"width\":3072,\"height\":3072},{\"@type\":\"BreadcrumbList\",\"@id\":\"https:\/\/www.bzsolutions.ch\/fr\/produkt\/chaise-a-roulettes-m7i-accessible-total-body-trainer\/#breadcrumb\",\"itemListElement\":[{\"@type\":\"ListItem\",\"position\":1,\"name\":\"Startseite\",\"item\":\"https:\/\/www.bzsolutions.ch\/fr\/\"},{\"@type\":\"ListItem\",\"position\":2,\"name\":\"Shop\",\"item\":\"https:\/\/www.bzsolutions.ch\/shop\/\"},{\"@type\":\"ListItem\",\"position\":3,\"name\":\"Chaise \u00e0 roulettes M7i-Accessible Total Body Trainer\"}]},{\"@type\":\"WebSite\",\"@id\":\"https:\/\/www.bzsolutions.ch\/fr\/#website\",\"url\":\"https:\/\/www.bzsolutions.ch\/fr\/\",\"name\":\"BZ Solutions\",\"description\":\"Total Fitness Solutions\",\"publisher\":{\"@id\":\"https:\/\/www.bzsolutions.ch\/fr\/#organization\"},\"potentialAction\":[{\"@type\":\"SearchAction\",\"target\":{\"@type\":\"EntryPoint\",\"urlTemplate\":\"https:\/\/www.bzsolutions.ch\/fr\/?s={search_term_string}\"},\"query-input\":{\"@type\":\"PropertyValueSpecification\",\"valueRequired\":true,\"valueName\":\"search_term_string\"}}],\"inLanguage\":\"fr-FR\"},{\"@type\":\"Organization\",\"@id\":\"https:\/\/www.bzsolutions.ch\/fr\/#organization\",\"name\":\"BZ Solutions\",\"url\":\"https:\/\/www.bzsolutions.ch\/fr\/\",\"logo\":{\"@type\":\"ImageObject\",\"inLanguage\":\"fr-FR\",\"@id\":\"https:\/\/www.bzsolutions.ch\/fr\/#\/schema\/logo\/image\/\",\"url\":\"https:\/\/www.bzsolutions.ch\/wp-content\/uploads\/2024\/03\/logo_bz-solutions.png\",\"contentUrl\":\"https:\/\/www.bzsolutions.ch\/wp-content\/uploads\/2024\/03\/logo_bz-solutions.png\",\"width\":600,\"height\":136,\"caption\":\"BZ Solutions\"},\"image\":{\"@id\":\"https:\/\/www.bzsolutions.ch\/fr\/#\/schema\/logo\/image\/\"}}]}<\/script>\n<!-- \/ Yoast SEO plugin. -->","yoast_head_json":{"title":"Chaise \u00e0 roulettes M7i-Accessible Total Body Trainer - BZ Solutions","robots":{"index":"index","follow":"follow","max-snippet":"max-snippet:-1","max-image-preview":"max-image-preview:large","max-video-preview":"max-video-preview:-1"},"canonical":"https:\/\/www.bzsolutions.ch\/fr\/produkt\/chaise-a-roulettes-m7i-accessible-total-body-trainer\/","og_locale":"fr_FR","og_type":"article","og_title":"Chaise \u00e0 roulettes M7i-Accessible Total Body Trainer - BZ Solutions","og_description":"Comme le succ\u00e8s commence par l'acc\u00e8s, le Keiser M7i est accessible aux personnes en fauteuil roulant. https:\/\/www.youtube.com\/watch?v=KADKK6LfuoE","og_url":"https:\/\/www.bzsolutions.ch\/fr\/produkt\/chaise-a-roulettes-m7i-accessible-total-body-trainer\/","og_site_name":"BZ Solutions","og_image":[{"width":1024,"height":1024,"url":"https:\/\/www.bzsolutions.ch\/wp-content\/uploads\/2024\/04\/5200_M7i_Tbws_Left_Three_Quarter-1024x1024.png","type":"image\/png"}],"twitter_card":"summary_large_image","schema":{"@context":"https:\/\/schema.org","@graph":[{"@type":"WebPage","@id":"https:\/\/www.bzsolutions.ch\/fr\/produkt\/chaise-a-roulettes-m7i-accessible-total-body-trainer\/","url":"https:\/\/www.bzsolutions.ch\/fr\/produkt\/chaise-a-roulettes-m7i-accessible-total-body-trainer\/","name":"Chaise \u00e0 roulettes M7i-Accessible Total Body Trainer - BZ Solutions","isPartOf":{"@id":"https:\/\/www.bzsolutions.ch\/fr\/#website"},"primaryImageOfPage":{"@id":"https:\/\/www.bzsolutions.ch\/fr\/produkt\/chaise-a-roulettes-m7i-accessible-total-body-trainer\/#primaryimage"},"image":{"@id":"https:\/\/www.bzsolutions.ch\/fr\/produkt\/chaise-a-roulettes-m7i-accessible-total-body-trainer\/#primaryimage"},"thumbnailUrl":"https:\/\/www.bzsolutions.ch\/wp-content\/uploads\/2024\/04\/5200_M7i_Tbws_Left_Three_Quarter.png","datePublished":"2024-04-05T05:59:56+00:00","dateModified":"2024-04-05T05:59:56+00:00","breadcrumb":{"@id":"https:\/\/www.bzsolutions.ch\/fr\/produkt\/chaise-a-roulettes-m7i-accessible-total-body-trainer\/#breadcrumb"},"inLanguage":"fr-FR","potentialAction":[{"@type":"ReadAction","target":["https:\/\/www.bzsolutions.ch\/fr\/produkt\/chaise-a-roulettes-m7i-accessible-total-body-trainer\/"]}]},{"@type":"ImageObject","inLanguage":"fr-FR","@id":"https:\/\/www.bzsolutions.ch\/fr\/produkt\/chaise-a-roulettes-m7i-accessible-total-body-trainer\/#primaryimage","url":"https:\/\/www.bzsolutions.ch\/wp-content\/uploads\/2024\/04\/5200_M7i_Tbws_Left_Three_Quarter.png","contentUrl":"https:\/\/www.bzsolutions.ch\/wp-content\/uploads\/2024\/04\/5200_M7i_Tbws_Left_Three_Quarter.png","width":3072,"height":3072},{"@type":"BreadcrumbList","@id":"https:\/\/www.bzsolutions.ch\/fr\/produkt\/chaise-a-roulettes-m7i-accessible-total-body-trainer\/#breadcrumb","itemListElement":[{"@type":"ListItem","position":1,"name":"Startseite","item":"https:\/\/www.bzsolutions.ch\/fr\/"},{"@type":"ListItem","position":2,"name":"Shop","item":"https:\/\/www.bzsolutions.ch\/shop\/"},{"@type":"ListItem","position":3,"name":"Chaise \u00e0 roulettes M7i-Accessible Total Body Trainer"}]},{"@type":"WebSite","@id":"https:\/\/www.bzsolutions.ch\/fr\/#website","url":"https:\/\/www.bzsolutions.ch\/fr\/","name":"BZ Solutions","description":"Total Fitness Solutions","publisher":{"@id":"https:\/\/www.bzsolutions.ch\/fr\/#organization"},"potentialAction":[{"@type":"SearchAction","target":{"@type":"EntryPoint","urlTemplate":"https:\/\/www.bzsolutions.ch\/fr\/?s={search_term_string}"},"query-input":{"@type":"PropertyValueSpecification","valueRequired":true,"valueName":"search_term_string"}}],"inLanguage":"fr-FR"},{"@type":"Organization","@id":"https:\/\/www.bzsolutions.ch\/fr\/#organization","name":"BZ Solutions","url":"https:\/\/www.bzsolutions.ch\/fr\/","logo":{"@type":"ImageObject","inLanguage":"fr-FR","@id":"https:\/\/www.bzsolutions.ch\/fr\/#\/schema\/logo\/image\/","url":"https:\/\/www.bzsolutions.ch\/wp-content\/uploads\/2024\/03\/logo_bz-solutions.png","contentUrl":"https:\/\/www.bzsolutions.ch\/wp-content\/uploads\/2024\/03\/logo_bz-solutions.png","width":600,"height":136,"caption":"BZ Solutions"},"image":{"@id":"https:\/\/www.bzsolutions.ch\/fr\/#\/schema\/logo\/image\/"}}]}},"_links":{"self":[{"href":"https:\/\/www.bzsolutions.ch\/fr\/wp-json\/wp\/v2\/product\/48892","targetHints":{"allow":["GET"]}}],"collection":[{"href":"https:\/\/www.bzsolutions.ch\/fr\/wp-json\/wp\/v2\/product"}],"about":[{"href":"https:\/\/www.bzsolutions.ch\/fr\/wp-json\/wp\/v2\/types\/product"}],"wp:featuredmedia":[{"embeddable":true,"href":"https:\/\/www.bzsolutions.ch\/fr\/wp-json\/wp\/v2\/media\/48401"}],"wp:attachment":[{"href":"https:\/\/www.bzsolutions.ch\/fr\/wp-json\/wp\/v2\/media?parent=48892"}],"wp:term":[{"taxonomy":"product_brand","embeddable":true,"href":"https:\/\/www.bzsolutions.ch\/fr\/wp-json\/wp\/v2\/product_brand?post=48892"},{"taxonomy":"product_cat","embeddable":true,"href":"https:\/\/www.bzsolutions.ch\/fr\/wp-json\/wp\/v2\/product_cat?post=48892"},{"taxonomy":"product_tag","embeddable":true,"href":"https:\/\/www.bzsolutions.ch\/fr\/wp-json\/wp\/v2\/product_tag?post=48892"}],"curies":[{"name":"wp","href":"https:\/\/api.w.org\/{rel}","templated":true}]}}